{"id":22525,"date":"2020-01-27T15:00:48","date_gmt":"2020-01-27T15:00:48","guid":{"rendered":"https:\/\/www.accuratereviews.com\/?page_id=22525"},"modified":"2021-05-10T14:15:42","modified_gmt":"2021-05-10T14:15:42","slug":"apprise-recensione","status":"publish","type":"page","link":"https:\/\/www.accuratereviews.com\/it\/software-erp-lista-software\/apprise-recensione\/","title":{"rendered":"Apprise"},"content":{"rendered":"<p><strong>Apprise<\/strong> \u00e8 un&#8217;affidabile <strong>soluzione ERP<\/strong> (Enterprise Resources Management) specifica per beni di consumo. Offre funzionalit\u00e0 pronte all&#8217;uso che consentono alle aziende di fare previsioni e DRP, acquisti specifici, gestione del ciclo di vita dei prodotti, organizzazione delle importazioni, tracciamento dei costi logistici, gestione dei chargeback e EDI. Elimina i noiosi compiti di processi manuali e fogli di calcolo. <strong>Apprise<\/strong> ha un&#8217;app mobile che ti aiuta a mostrare prodotti, inviare ordini e coinvolgere i tuoi clienti. Questa app nativa per <strong>Android e IOS<\/strong> semplifica il supporto e il processo di vendita. \u00c8 cos\u00ec intuitivo che l&#8217;utilizzo da parte degli utenti diventa un gioco da ragazzi. L&#8217;applicazione funziona anche in assenza di connessione Internet. Ti consente di sfruttare al meglio ogni opportunit\u00e0 di vendita e sincronizzare i dati quando la connessione Internet riprende.<\/p>\n<h2>APPRISE &#8211; TUTORIAL<\/h2>\n<p>Ecco un tutorial per capire le principali caratteristiche di questo <strong>software ERP:<\/strong><\/p>\n<div id=\"fluid-wrapper-counter-1\" class=\"g1-fluid-wrapper \" style=\"width:686px;\">\n<div style=\"padding-bottom:56.268221574344%;\"><iframe loading=\"lazy\" title=\"Apprise ERP Overview\" width=\"686\" height=\"386\" src=\"https:\/\/www.youtube.com\/embed\/videoseries?list=PLC3MWhKruq2atnZLIYz9LsPNbSZ8fCl6X\" frameborder=\"0\" allow=\"accelerometer; autoplay; encrypted-media; gyroscope; picture-in-picture\" allowfullscreen><\/iframe><\/div>\n<\/div>\n<h3>APPRISE &#8211; CARATTERISTICHE<\/h3>\n<ul>\n<li><strong>Monitoraggio di spedizioni e container<\/strong>: l&#8217;importazione di prodotti da fornitori esteri pu\u00f2 essere complessa. Ma il software pu\u00f2 aiutarti a raggiungere la perfetta evasione degli ordini per offrire ai tuoi clienti i prodotti, il prezzo e la quantit\u00e0 giusti al momento giusto<\/li>\n<li><strong>Costi logistici<\/strong>: determinare i costi logistici dei tuoi prodotti \u00e8 un passaggio fondamentale per comprendere la tua vera redditivit\u00e0<\/li>\n<li><strong>Multi-valuta:<\/strong> gestire un&#8217;azienda globale di beni di consumo ti porta attraverso pi\u00f9 continenti e valute. Il software include la funzionalit\u00e0 multi-valuta e di reporting di cui le esigenze aziendali globali. Quindi puoi specificare il tuo libro mastro in euro, yen, yuan, dollari o in qualunque valuta tu voglia<\/li>\n<li><strong>Gestione clienti<\/strong>: contiene strumenti di gestione dei clienti facili da usare per aiutarti a configurare, personalizzare e aggiornare le informazioni sui clienti<\/li>\n<li><strong>Customer Relationship Manager (CRM)<\/strong>: include strumenti di gestione delle relazioni con i clienti (CRM) completamente integrati per aiutarti a comprendere, anticipare e comunicare meglio con i clienti per ottimizzare i livelli di servizio<\/li>\n<\/ul>\n<h4>LE RECENSIONI DEGLI UTENTI<\/h4>\n<h4>Jeffrey S. &#8220;Utente interno di Apprise ERP&#8221;<\/h4>\n<p><strong>Commenti<\/strong>: grazie all&#8217;interfaccia moderna siamo in grado di inviare pi\u00f9 dati agli utenti che devono prendere decisioni aziendali basate sulle informazioni nell&#8217;ERP. In passato questo era qualcosa in cui l&#8217;IT doveva essere coinvolto, ora possiamo semplicemente indirizzare gli utenti alle informazioni e possono farlo da soli.<\/p>\n<p><strong>Vantaggi<\/strong>: ci \u00e8 piaciuta l&#8217;interfaccia moderna rispetto al nostro vecchio ERP. La capacit\u00e0 degli utenti di estrarre i dati da soli e il numero di funzioni \u00e8 eccezionale. Pu\u00f2 attraversare una WAN con velocit\u00e0.<\/p>\n<p><strong>Inconvenienti<\/strong>: il layout e la funzione del software sono deboli. La capacit\u00e0 di vedere il testo di aiuto pertinente e di dare l&#8217;esempio non esiste. Tanto \u00e8 ancora un processo manuale, dovrebbero avere la possibilit\u00e0 di attivare uno switch per molti processi che dovrebbero essere programmati o semplicemente automatici.<\/p>\n<h4>Darien B. &#8220;Potente ERP, pacchetto intuitivo&#8221;<\/h4>\n<p><strong>Vantaggi<\/strong>: Apprise ha tutto, dagli acquisti, alla logistica, alla produzione, alla gestione del magazzino e della contabilit\u00e0 e ha impacchettato il tutto in un&#8217;interfaccia facile da usare. Man mano che la nostra azienda \u00e8 cresciuta, abbiamo scoperto che le funzionalit\u00e0 di Apprise sono state in grado di tenere il passo e stiamo usando funzionalit\u00e0 ora che non avevamo mai pianificato di utilizzare quando \u00e8 nata la nostra attivit\u00e0. Apprise ha un processo per quasi tutto e se segui i passaggi, raccogli i frutti in termini di efficienza e visibilit\u00e0.<\/p>\n<p><strong>Inconvenienti<\/strong>: se la tua attivit\u00e0 \u00e8 principalmente B2C con un ampio elenco di clienti e una complessit\u00e0 operativa molto ridotta, questo prodotto potrebbe non essere adatto a te. I punti di forza di Apprise risiedono nella sua flessibilit\u00e0 nella gestione delle aree di operazioni in cui le cose in genere diventano oscure. Pensa alla produzione o all&#8217;importazione da sviluppatori stranieri.<\/p>\n<h4>Sean S. &#8220;Esperienza per lo pi\u00f9 positiva&#8221;<\/h4>\n<p><strong>Vantaggi<\/strong>: Per il nostro modello di business, DTC, con un elevato numero di prodotti offerti e un vasto elenco di clienti, avevamo bisogno di un sistema che collegasse tutta la nostra azienda insieme. I moduli di contabilit\u00e0, acquisti e magazzino si sincronizzano perfettamente permettendoci di gestire le nostre efficienze e concentrarci sui profitti. Complessivamente la nostra azienda \u00e8 notevolmente avanzata in termini di redditivit\u00e0 grazie alla nostra partnership con Apprise.<\/p>\n<p><strong>Inconvenienti<\/strong>: il merchandising, la gestione dei prodotti e i processi di produzione sono un po &#8216;pi\u00f9 ingombranti di quanto ci aspettassimo. Ci\u00f2 \u00e8 probabilmente dovuto al cambiamento del focus di Apprise mentre passano a un sistema pi\u00f9 compatibile con DTC. La nostra speranza \u00e8 che l&#8217;implementazione di 8.0 corregga questo e risolva questa critica minore di un grande sistema.<\/p>\n<p>&nbsp;<\/p>\n","protected":false},"excerpt":{"rendered":"<p>Apprise \u00e8 un&#8217;affidabile soluzione ERP (Enterprise Resources Management) specifica per beni di consumo. Offre funzionalit\u00e0 pronte all&#8217;uso che consentono alle aziende di fare previsioni e DRP, acquisti specifici, gestione del ciclo di vita dei prodotti, organizzazione delle importazioni, tracciamento dei costi logistici, gestione dei chargeback e EDI.<\/p>\n","protected":false},"author":19,"featured_media":22526,"parent":22029,"menu_order":0,"comment_status":"open","ping_status":"closed","template":"g1_template_page_review_new.php","meta":{"_acf_changed":false,"cwp_meta_box_check":"Yes","cwp_rev_product_name":"","cwp_rev_product_image":"","wppr_links":[],"cwp_rev_price":"","wppr_options":[],"wppr_pros":[],"wppr_cons":[],"_monsterinsights_skip_tracking":false,"_monsterinsights_sitenote_active":false,"_monsterinsights_sitenote_note":"","_monsterinsights_sitenote_category":0,"footnotes":""},"categories":[120,1654],"tags":[1705,1707,1706,1663,1671,923,1667],"features":[],"class_list":{"0":"post-22525","1":"page","2":"type-page","3":"status-publish","4":"has-post-thumbnail","6":"category-crm-it","7":"category-enterprise-resource-planning-software-erp","8":"tag-apprise","9":"tag-crm-integrato","10":"tag-enterprise-resources-management","11":"tag-erp","12":"tag-programma-erp","13":"tag-software-erp","14":"tag-soluzione-erp"},"wppr_data":{"cwp_meta_box_check":"Yes","cwp_rev_product_name":"","cwp_rev_product_image":"","cwp_image_link":"image","cwp_rev_price":"","wppr_rating":"0.00"},"acf":[],"yoast_head":"<!-- This site is optimized with the Yoast SEO plugin v27.4 - https:\/\/yoast.com\/product\/yoast-seo-wordpress\/ -->\n<title>Apprise: recensione software ERP - Accurate Reviews<\/title>\n<meta name=\"description\" content=\"Apprise: recensione software ERP (Enterprise Resources Management) di qualit\u00e0 necessario per semplificare il processo di distribuzione poliedrico.\" \/>\n<meta name=\"robots\" content=\"index, follow, max-snippet:-1, max-image-preview:large, max-video-preview:-1\" \/>\n<link rel=\"canonical\" href=\"https:\/\/www.accuratereviews.com\/it\/software-erp-lista-software\/apprise-recensione\/\" \/>\n<meta property=\"og:locale\" content=\"it_IT\" \/>\n<meta property=\"og:type\" content=\"article\" \/>\n<meta property=\"og:title\" content=\"Apprise: recensione software ERP - Accurate Reviews\" \/>\n<meta property=\"og:description\" content=\"Apprise: recensione software ERP (Enterprise Resources Management) di qualit\u00e0 necessario per semplificare il processo di distribuzione poliedrico.\" \/>\n<meta property=\"og:url\" content=\"https:\/\/www.accuratereviews.com\/it\/software-erp-lista-software\/apprise-recensione\/\" \/>\n<meta property=\"og:site_name\" content=\"Accurate Reviews\" \/>\n<meta property=\"article:modified_time\" content=\"2021-05-10T14:15:42+00:00\" \/>\n<meta property=\"og:image\" content=\"https:\/\/www.accuratereviews.com\/wp-content\/uploads\/2020\/01\/apprise_logo.png\" \/>\n\t<meta property=\"og:image:width\" content=\"200\" \/>\n\t<meta property=\"og:image:height\" content=\"200\" \/>\n\t<meta property=\"og:image:type\" content=\"image\/png\" \/>\n<meta name=\"twitter:card\" content=\"summary_large_image\" \/>\n<meta name=\"twitter:label1\" content=\"Tempo di lettura stimato\" \/>\n\t<meta name=\"twitter:data1\" content=\"4 minuti\" \/>\n<script type=\"application\/ld+json\" class=\"yoast-schema-graph\">{\"@context\":\"https:\\\/\\\/schema.org\",\"@graph\":[{\"@type\":\"WebPage\",\"@id\":\"https:\\\/\\\/www.accuratereviews.com\\\/it\\\/software-erp-lista-software\\\/apprise-recensione\\\/\",\"url\":\"https:\\\/\\\/www.accuratereviews.com\\\/it\\\/software-erp-lista-software\\\/apprise-recensione\\\/\",\"name\":\"Apprise: recensione software ERP - Accurate Reviews\",\"isPartOf\":{\"@id\":\"https:\\\/\\\/www.accuratereviews.com\\\/it\\\/#website\"},\"primaryImageOfPage\":{\"@id\":\"https:\\\/\\\/www.accuratereviews.com\\\/it\\\/software-erp-lista-software\\\/apprise-recensione\\\/#primaryimage\"},\"image\":{\"@id\":\"https:\\\/\\\/www.accuratereviews.com\\\/it\\\/software-erp-lista-software\\\/apprise-recensione\\\/#primaryimage\"},\"thumbnailUrl\":\"https:\\\/\\\/www.accuratereviews.com\\\/wp-content\\\/uploads\\\/2020\\\/01\\\/apprise_logo.png\",\"datePublished\":\"2020-01-27T15:00:48+00:00\",\"dateModified\":\"2021-05-10T14:15:42+00:00\",\"description\":\"Apprise: recensione software ERP (Enterprise Resources Management) di qualit\u00e0 necessario per semplificare il processo di distribuzione poliedrico.\",\"breadcrumb\":{\"@id\":\"https:\\\/\\\/www.accuratereviews.com\\\/it\\\/software-erp-lista-software\\\/apprise-recensione\\\/#breadcrumb\"},\"inLanguage\":\"it-IT\",\"potentialAction\":[{\"@type\":\"ReadAction\",\"target\":[\"https:\\\/\\\/www.accuratereviews.com\\\/it\\\/software-erp-lista-software\\\/apprise-recensione\\\/\"]}]},{\"@type\":\"ImageObject\",\"inLanguage\":\"it-IT\",\"@id\":\"https:\\\/\\\/www.accuratereviews.com\\\/it\\\/software-erp-lista-software\\\/apprise-recensione\\\/#primaryimage\",\"url\":\"https:\\\/\\\/www.accuratereviews.com\\\/wp-content\\\/uploads\\\/2020\\\/01\\\/apprise_logo.png\",\"contentUrl\":\"https:\\\/\\\/www.accuratereviews.com\\\/wp-content\\\/uploads\\\/2020\\\/01\\\/apprise_logo.png\",\"width\":200,\"height\":200},{\"@type\":\"BreadcrumbList\",\"@id\":\"https:\\\/\\\/www.accuratereviews.com\\\/it\\\/software-erp-lista-software\\\/apprise-recensione\\\/#breadcrumb\",\"itemListElement\":[{\"@type\":\"ListItem\",\"position\":1,\"name\":\"Home\",\"item\":\"https:\\\/\\\/www.accuratereviews.com\\\/it\\\/\"},{\"@type\":\"ListItem\",\"position\":2,\"name\":\"ERP Software\",\"item\":\"https:\\\/\\\/www.accuratereviews.com\\\/it\\\/software-erp-lista-software\\\/\"},{\"@type\":\"ListItem\",\"position\":3,\"name\":\"Apprise\"}]},{\"@type\":\"WebSite\",\"@id\":\"https:\\\/\\\/www.accuratereviews.com\\\/it\\\/#website\",\"url\":\"https:\\\/\\\/www.accuratereviews.com\\\/it\\\/\",\"name\":\"Accurate Reviews\",\"description\":\"\",\"potentialAction\":[{\"@type\":\"SearchAction\",\"target\":{\"@type\":\"EntryPoint\",\"urlTemplate\":\"https:\\\/\\\/www.accuratereviews.com\\\/it\\\/?s={search_term_string}\"},\"query-input\":{\"@type\":\"PropertyValueSpecification\",\"valueRequired\":true,\"valueName\":\"search_term_string\"}}],\"inLanguage\":\"it-IT\"}]}<\/script>\n<!-- \/ Yoast SEO plugin. -->","yoast_head_json":{"title":"Apprise: recensione software ERP - Accurate Reviews","description":"Apprise: recensione software ERP (Enterprise Resources Management) di qualit\u00e0 necessario per semplificare il processo di distribuzione poliedrico.","robots":{"index":"index","follow":"follow","max-snippet":"max-snippet:-1","max-image-preview":"max-image-preview:large","max-video-preview":"max-video-preview:-1"},"canonical":"https:\/\/www.accuratereviews.com\/it\/software-erp-lista-software\/apprise-recensione\/","og_locale":"it_IT","og_type":"article","og_title":"Apprise: recensione software ERP - Accurate Reviews","og_description":"Apprise: recensione software ERP (Enterprise Resources Management) di qualit\u00e0 necessario per semplificare il processo di distribuzione poliedrico.","og_url":"https:\/\/www.accuratereviews.com\/it\/software-erp-lista-software\/apprise-recensione\/","og_site_name":"Accurate Reviews","article_modified_time":"2021-05-10T14:15:42+00:00","og_image":[{"width":200,"height":200,"url":"https:\/\/www.accuratereviews.com\/wp-content\/uploads\/2020\/01\/apprise_logo.png","type":"image\/png"}],"twitter_card":"summary_large_image","twitter_misc":{"Tempo di lettura stimato":"4 minuti"},"schema":{"@context":"https:\/\/schema.org","@graph":[{"@type":"WebPage","@id":"https:\/\/www.accuratereviews.com\/it\/software-erp-lista-software\/apprise-recensione\/","url":"https:\/\/www.accuratereviews.com\/it\/software-erp-lista-software\/apprise-recensione\/","name":"Apprise: recensione software ERP - Accurate Reviews","isPartOf":{"@id":"https:\/\/www.accuratereviews.com\/it\/#website"},"primaryImageOfPage":{"@id":"https:\/\/www.accuratereviews.com\/it\/software-erp-lista-software\/apprise-recensione\/#primaryimage"},"image":{"@id":"https:\/\/www.accuratereviews.com\/it\/software-erp-lista-software\/apprise-recensione\/#primaryimage"},"thumbnailUrl":"https:\/\/www.accuratereviews.com\/wp-content\/uploads\/2020\/01\/apprise_logo.png","datePublished":"2020-01-27T15:00:48+00:00","dateModified":"2021-05-10T14:15:42+00:00","description":"Apprise: recensione software ERP (Enterprise Resources Management) di qualit\u00e0 necessario per semplificare il processo di distribuzione poliedrico.","breadcrumb":{"@id":"https:\/\/www.accuratereviews.com\/it\/software-erp-lista-software\/apprise-recensione\/#breadcrumb"},"inLanguage":"it-IT","potentialAction":[{"@type":"ReadAction","target":["https:\/\/www.accuratereviews.com\/it\/software-erp-lista-software\/apprise-recensione\/"]}]},{"@type":"ImageObject","inLanguage":"it-IT","@id":"https:\/\/www.accuratereviews.com\/it\/software-erp-lista-software\/apprise-recensione\/#primaryimage","url":"https:\/\/www.accuratereviews.com\/wp-content\/uploads\/2020\/01\/apprise_logo.png","contentUrl":"https:\/\/www.accuratereviews.com\/wp-content\/uploads\/2020\/01\/apprise_logo.png","width":200,"height":200},{"@type":"BreadcrumbList","@id":"https:\/\/www.accuratereviews.com\/it\/software-erp-lista-software\/apprise-recensione\/#breadcrumb","itemListElement":[{"@type":"ListItem","position":1,"name":"Home","item":"https:\/\/www.accuratereviews.com\/it\/"},{"@type":"ListItem","position":2,"name":"ERP Software","item":"https:\/\/www.accuratereviews.com\/it\/software-erp-lista-software\/"},{"@type":"ListItem","position":3,"name":"Apprise"}]},{"@type":"WebSite","@id":"https:\/\/www.accuratereviews.com\/it\/#website","url":"https:\/\/www.accuratereviews.com\/it\/","name":"Accurate Reviews","description":"","potentialAction":[{"@type":"SearchAction","target":{"@type":"EntryPoint","urlTemplate":"https:\/\/www.accuratereviews.com\/it\/?s={search_term_string}"},"query-input":{"@type":"PropertyValueSpecification","valueRequired":true,"valueName":"search_term_string"}}],"inLanguage":"it-IT"}]}},"_links":{"self":[{"href":"https:\/\/www.accuratereviews.com\/it\/wp-json\/wp\/v2\/pages\/22525","targetHints":{"allow":["GET"]}}],"collection":[{"href":"https:\/\/www.accuratereviews.com\/it\/wp-json\/wp\/v2\/pages"}],"about":[{"href":"https:\/\/www.accuratereviews.com\/it\/wp-json\/wp\/v2\/types\/page"}],"author":[{"embeddable":true,"href":"https:\/\/www.accuratereviews.com\/it\/wp-json\/wp\/v2\/users\/19"}],"replies":[{"embeddable":true,"href":"https:\/\/www.accuratereviews.com\/it\/wp-json\/wp\/v2\/comments?post=22525"}],"version-history":[{"count":10,"href":"https:\/\/www.accuratereviews.com\/it\/wp-json\/wp\/v2\/pages\/22525\/revisions"}],"predecessor-version":[{"id":42390,"href":"https:\/\/www.accuratereviews.com\/it\/wp-json\/wp\/v2\/pages\/22525\/revisions\/42390"}],"up":[{"embeddable":true,"href":"https:\/\/www.accuratereviews.com\/it\/wp-json\/wp\/v2\/pages\/22029"}],"wp:featuredmedia":[{"embeddable":true,"href":"https:\/\/www.accuratereviews.com\/it\/wp-json\/wp\/v2\/media\/22526"}],"wp:attachment":[{"href":"https:\/\/www.accuratereviews.com\/it\/wp-json\/wp\/v2\/media?parent=22525"}],"wp:term":[{"taxonomy":"category","embeddable":true,"href":"https:\/\/www.accuratereviews.com\/it\/wp-json\/wp\/v2\/categories?post=22525"},{"taxonomy":"post_tag","embeddable":true,"href":"https:\/\/www.accuratereviews.com\/it\/wp-json\/wp\/v2\/tags?post=22525"},{"taxonomy":"features","embeddable":true,"href":"https:\/\/www.accuratereviews.com\/it\/wp-json\/wp\/v2\/features?post=22525"}],"curies":[{"name":"wp","href":"https:\/\/api.w.org\/{rel}","templated":true}]}}