{"id":22535,"date":"2020-01-27T15:00:04","date_gmt":"2020-01-27T15:00:04","guid":{"rendered":"https:\/\/www.accuratereviews.com\/?page_id=22535"},"modified":"2023-02-10T14:14:52","modified_gmt":"2023-02-10T14:14:52","slug":"kechie-recensione","status":"publish","type":"page","link":"https:\/\/www.accuratereviews.com\/it\/software-erp-lista-software\/kechie-recensione\/","title":{"rendered":"Kechie"},"content":{"rendered":"<p><strong>Kechie<\/strong> \u00e8 un <strong>software ERP<\/strong> di nuova generazione <strong>basato su cloud<\/strong> al 100%. \u00c8 un programma completo e integrato che semplifica i processi aziendali, sia che si tratti di una piccola startup o di una societ\u00e0 consolidata. La piattaforma utilizza un proprio database che centralizza queste procedure in un unico posto. Pu\u00f2 sincronizzare e automatizzare molte operazioni aziendali come finanza, produzione, CRM, approvvigionamento, inventario e gestione del magazzino. <strong>Kechie ERP<\/strong> si integra senza problemi, con molte piattaforme di ecommerce e business. Quindi, se stai gi\u00e0 utilizzando applicazioni di terze parti come Shopify, Avalara, Quickbooks, Salesforce e altri, puoi facilmente includere il programma nel tuo flusso di lavoro. Inoltre, poich\u00e9 \u00e8 completamente in esecuzione sul cloud, \u00e8 possibile accedere al software aziendale utilizzando qualsiasi browser da qualsiasi dispositivo.<\/p>\n<h2>KECHIE &#8211; TUTORIAL<\/h2>\n<p>Ecco una breve presentazione di questo <strong>software ERP<\/strong> per capire quanto pu\u00f2 essere efficace per la tua azienda:<\/p>\n<div id=\"fluid-wrapper-counter-1\" class=\"g1-fluid-wrapper \" style=\"width:686px;\">\n<div style=\"padding-bottom:56.268221574344%;\"><iframe loading=\"lazy\" title=\"Kechie ERP - Next Generation Cloud ERP Software\" width=\"686\" height=\"386\" src=\"https:\/\/www.youtube.com\/embed\/MA5Uiqlzcps?feature=oembed&amp;wmode=transparent&amp;autohide=1&amp;autoplay=0&amp;disablekb=0&amp;fs=1&amp;loop=0&amp;enablejsapi=1&amp;rel=0&amp;controls=2&amp;showinfo=0&amp;wmode=transparent&amp;autohide=2&amp;autoplay=0&amp;disablekb=0&amp;fs=1&amp;loop=0&amp;enablejsapi=1&amp;rel=0&amp;controls=2&amp;showinfo=1\" frameborder=\"0\" allow=\"accelerometer; autoplay; clipboard-write; encrypted-media; gyroscope; picture-in-picture; web-share\" allowfullscreen><\/iframe><\/div>\n<\/div>\n<h3>KECHIE &#8211; CARATTERISTICHE<\/h3>\n<ul>\n<li><strong>Gestione degli ordini<\/strong>: fornisce un modo completo per gestire tutti i tuoi ordini, nonch\u00e9 un&#8217;analisi completa del profilo del cliente, degli ordini e della cronologia delle vendite<\/li>\n<li><strong>Scorte<\/strong>: progettata per tenere traccia dei livelli di inventario, ordini, vendite e consegne. Fornisce report completi su vari aspetti dello stato dell&#8217;inventario<\/li>\n<li><strong>CRM<\/strong>: aiuta le aziende ad analizzare le interazioni con i clienti, le pipeline di vendita e altri dati durante l&#8217;intero ciclo di vita del cliente<\/li>\n<li><strong>Catena di approvvigionamento<\/strong>: sviluppata per semplificare le connessioni attraverso l&#8217;intero processo consentendo agli utenti di prevedere, tracciare e determinare la migliore via per il ciclo di fornitura<\/li>\n<li><strong>Gestione multi-magazzino<\/strong>: tieni traccia e controlla lo spostamento e lo stoccaggio dei materiali, nonch\u00e9 la spedizione, all&#8217;interno di un magazzino o in pi\u00f9 magazzini<\/li>\n<li><strong>RMA:<\/strong> consente di organizzare la ricezione e la sostituzione dell&#8217;articolo restituito, la riparazione del prodotto, l&#8217;invio di un prodotto sostitutivo o il rimborso dell&#8217;importo dell&#8217;acquisto<\/li>\n<li><strong>Finanza:\u00a0<\/strong>gestisce tutto, dalla pianificazione finanziaria, alla contabilit\u00e0.<\/li>\n<\/ul>\n<h4>LE RECENSIONI DEGLI UTENTI<\/h4>\n<p><strong>Richard N. &#8220;Raddoppia l&#8217;attivit\u00e0 con lo stesso numero di persone &#8230;..&#8221;<br \/>\n<\/strong><strong>Commenti<\/strong>: Caitec \u00e8 un&#8217;azienda di piccole e medie dimensioni, che sta crescendo molto rapidamente verso una grande azienda. Avevamo bisogno di una soluzione per legare perfettamente tutti gli aspetti delle nostre operazioni e fermare la follia della &#8220;gestione per foglio di calcolo&#8221;. Perci\u00f2 abbiamo valutato numerose soluzioni al nostro problema e il nostro team di gestione ha deciso che Kechie \/ MyOfficeApps era il nostro partner. Abbiamo implementato Kechie e ci ha aiutato a raddoppiare la nostra attivit\u00e0, senza un numero di dipendenti aggiuntivo. Ci ha fornito uno strumento per sviluppare processi aziendali, che in passato erano altamente manuali e richiedevano tempo. Kechie ci ha dato il potere di pensare a come procedere aiutandoci nel percorso, man mano che cresciamo.<br \/>\n<strong>Pro<\/strong>: software basato su cloud con un&#8217;interfaccia comune e facilit\u00e0 d&#8217;uso, che lega tutti gli aspetti delle nostre operazioni, da un capo all&#8217;altro.<br \/>\n<strong>Contro<\/strong>: richiede una disciplina organizzativa da eseguire sull&#8217;implementazione e l&#8217;operazione.<\/p>\n<p><strong>Aubrie S. &#8220;Recensione di Kechie&#8221;<br \/>\nPro<\/strong>: il team di assistenza clienti \u00e8 fantastico, lavorano a stretto contatto con te su qualsiasi problema tu possa avere e possono personalizzare il sistema in modo che funzioni per la tua azienda.<br \/>\n<strong>Contro<\/strong>: \u00e8 difficile apportare modifiche o correggere eventuali errori nel sistema, non flessibile come vorrei, ma il team ha lavorato su questo con noi per risolverlo.<\/p>\n<p><strong>Gus L. &#8220;Ottimo sistema ERP&#8221;<br \/>\n<\/strong><strong>Commenti<\/strong>: Kechie \u00e8 servito a risolvere i nostri problemi di inventario, finanziari e della catena di fornitura. Ora disponiamo di un sistema solido che ci consente di tracciare correttamente la crescita del nostro business, gli utili finanziari e le spese. I nostri dipendenti si sono rapidamente adattati per usare Kechie. La parte migliore \u00e8 che Kechie si \u00e8 adattato al nostro sistema operativo e non ha cambiato il modo in cui gestiamo la nostra attivit\u00e0. Consiglio vivamente Kechie a qualsiasi azienda che cerchi un sistema MRP \/ ERP di facile utilizzo.<br \/>\n<strong>Vantaggi<\/strong>: molto facile da usare.\u00a0Copre la maggior parte delle operazioni, della contabilit\u00e0 e delle esigenze della catena di approvvigionamento.\u00a0Ottima interfaccia con altri programmi, siti Web e sistemi PLM.\u00a0Rapporti molto facili da eseguire per tenere traccia delle prestazioni.\u00a0Ottimo per l&#8217;integrazione ecommerce<br \/>\n<strong>Inconvenienti<\/strong>: Mi piacerebbe vedere questo programma integrare un forte sistema PLM per avere tutto in un unico posto.<\/p>\n","protected":false},"excerpt":{"rendered":"<p>Kechie \u00e8 un software ERP di nuova generazione basato su cloud al 100%. \u00c8 un programma completo e integrato che semplifica i processi aziendali, sia che si tratti di una piccola startup o di una societ\u00e0 consolidata. La piattaforma utilizza un proprio database che centralizza queste procedure in un unico posto.<\/p>\n","protected":false},"author":19,"featured_media":22536,"parent":22029,"menu_order":0,"comment_status":"open","ping_status":"closed","template":"g1_template_page_review_new.php","meta":{"_acf_changed":false,"cwp_meta_box_check":"Yes","cwp_rev_product_name":"","cwp_rev_product_image":"","wppr_links":[],"cwp_rev_price":"","wppr_options":[{"name":"Usability","value":"0"},{"name":"Speed","value":"0"},{"name":"Features","value":"0"},{"name":"Support","value":"0"},{"name":"Pricing","value":"0"}],"wppr_pros":["","","","",""],"wppr_cons":["","","","",""],"_monsterinsights_skip_tracking":false,"_monsterinsights_sitenote_active":false,"_monsterinsights_sitenote_note":"","_monsterinsights_sitenote_category":0,"footnotes":""},"categories":[120,1654],"tags":[396,1664,1663,1708,1671,923,1667],"features":[],"class_list":{"0":"post-22535","1":"page","2":"type-page","3":"status-publish","4":"has-post-thumbnail","6":"category-crm-it","7":"category-enterprise-resource-planning-software-erp","8":"tag-cloud","9":"tag-enterprise-resource-planning","10":"tag-erp","11":"tag-kechie","12":"tag-programma-erp","13":"tag-software-erp","14":"tag-soluzione-erp"},"wppr_data":{"cwp_meta_box_check":"Yes","cwp_rev_product_name":"","_wppr_review_template":"default","cwp_rev_product_image":"","cwp_image_link":"image","wppr_links":[],"cwp_rev_price":"","wppr_pros":["","","","",""],"wppr_cons":["","","","",""],"wppr_rating":"0.00","wppr_options":{"1":{"name":"Usability","value":"0"},"2":{"name":"Speed","value":"0"},"3":{"name":"Features","value":"0"},"4":{"name":"Support","value":"0"},"5":{"name":"Pricing","value":"0"}},"wppr_review_type":"Product","wppr_review_custom_fields":{"additionalProperty":"","additionalType":"","aggregateRating":"","alternateName":"","audience":"","award":"","awards":"","brand":"","color":"","depth":"","description":"","disambiguatingDescription":"","gtin12":"","gtin13":"","gtin14":"","gtin8":"","height":"","identifier":"","image":"","isAccessoryOrSparePartFor":"","isConsumableFor":"","isRelatedTo":"","isSimilarTo":"","itemCondition":"","logo":"","mainEntityOfPage":"","manufacturer":"","material":"","model":"","mpn":"","name":"","offers":"","potentialAction":"","productID":"","productionDate":"","purchaseDate":"","releaseDate":"","review":"","reviews":"","sameAs":"","sku":"","slogan":"","subjectOf":"","url":"","weight":"","width":""}},"acf":[],"yoast_head":"<!-- This site is optimized with the Yoast SEO plugin v27.4 - https:\/\/yoast.com\/product\/yoast-seo-wordpress\/ -->\n<title>Kechie: recensione software ERP - Accurate Reviews<\/title>\n<meta name=\"description\" content=\"Kechie: recensione software ERP di nuova generazione basato su cloud al 100%. \u00c8 un programma completo e integrato che semplifica i processi aziendali.\" \/>\n<meta name=\"robots\" content=\"index, follow, max-snippet:-1, max-image-preview:large, max-video-preview:-1\" \/>\n<link rel=\"canonical\" href=\"https:\/\/www.accuratereviews.com\/it\/software-erp-lista-software\/kechie-recensione\/\" \/>\n<meta property=\"og:locale\" content=\"it_IT\" \/>\n<meta property=\"og:type\" content=\"article\" \/>\n<meta property=\"og:title\" content=\"Kechie: recensione software ERP - Accurate Reviews\" \/>\n<meta property=\"og:description\" content=\"Kechie: recensione software ERP di nuova generazione basato su cloud al 100%. \u00c8 un programma completo e integrato che semplifica i processi aziendali.\" \/>\n<meta property=\"og:url\" content=\"https:\/\/www.accuratereviews.com\/it\/software-erp-lista-software\/kechie-recensione\/\" \/>\n<meta property=\"og:site_name\" content=\"Accurate Reviews\" \/>\n<meta property=\"article:modified_time\" content=\"2023-02-10T14:14:52+00:00\" \/>\n<meta property=\"og:image\" content=\"https:\/\/www.accuratereviews.com\/wp-content\/uploads\/2020\/01\/kechie.png\" \/>\n\t<meta property=\"og:image:width\" content=\"1052\" \/>\n\t<meta property=\"og:image:height\" content=\"1052\" \/>\n\t<meta property=\"og:image:type\" content=\"image\/png\" \/>\n<meta name=\"twitter:card\" content=\"summary_large_image\" \/>\n<meta name=\"twitter:label1\" content=\"Tempo di lettura stimato\" \/>\n\t<meta name=\"twitter:data1\" content=\"4 minuti\" \/>\n<script type=\"application\/ld+json\" class=\"yoast-schema-graph\">{\"@context\":\"https:\\\/\\\/schema.org\",\"@graph\":[{\"@type\":\"WebPage\",\"@id\":\"https:\\\/\\\/www.accuratereviews.com\\\/it\\\/software-erp-lista-software\\\/kechie-recensione\\\/\",\"url\":\"https:\\\/\\\/www.accuratereviews.com\\\/it\\\/software-erp-lista-software\\\/kechie-recensione\\\/\",\"name\":\"Kechie: recensione software ERP - Accurate Reviews\",\"isPartOf\":{\"@id\":\"https:\\\/\\\/www.accuratereviews.com\\\/it\\\/#website\"},\"primaryImageOfPage\":{\"@id\":\"https:\\\/\\\/www.accuratereviews.com\\\/it\\\/software-erp-lista-software\\\/kechie-recensione\\\/#primaryimage\"},\"image\":{\"@id\":\"https:\\\/\\\/www.accuratereviews.com\\\/it\\\/software-erp-lista-software\\\/kechie-recensione\\\/#primaryimage\"},\"thumbnailUrl\":\"https:\\\/\\\/www.accuratereviews.com\\\/wp-content\\\/uploads\\\/2020\\\/01\\\/kechie.png\",\"datePublished\":\"2020-01-27T15:00:04+00:00\",\"dateModified\":\"2023-02-10T14:14:52+00:00\",\"description\":\"Kechie: recensione software ERP di nuova generazione basato su cloud al 100%. \u00c8 un programma completo e integrato che semplifica i processi aziendali.\",\"breadcrumb\":{\"@id\":\"https:\\\/\\\/www.accuratereviews.com\\\/it\\\/software-erp-lista-software\\\/kechie-recensione\\\/#breadcrumb\"},\"inLanguage\":\"it-IT\",\"potentialAction\":[{\"@type\":\"ReadAction\",\"target\":[\"https:\\\/\\\/www.accuratereviews.com\\\/it\\\/software-erp-lista-software\\\/kechie-recensione\\\/\"]}]},{\"@type\":\"ImageObject\",\"inLanguage\":\"it-IT\",\"@id\":\"https:\\\/\\\/www.accuratereviews.com\\\/it\\\/software-erp-lista-software\\\/kechie-recensione\\\/#primaryimage\",\"url\":\"https:\\\/\\\/www.accuratereviews.com\\\/wp-content\\\/uploads\\\/2020\\\/01\\\/kechie.png\",\"contentUrl\":\"https:\\\/\\\/www.accuratereviews.com\\\/wp-content\\\/uploads\\\/2020\\\/01\\\/kechie.png\",\"width\":1052,\"height\":1052},{\"@type\":\"BreadcrumbList\",\"@id\":\"https:\\\/\\\/www.accuratereviews.com\\\/it\\\/software-erp-lista-software\\\/kechie-recensione\\\/#breadcrumb\",\"itemListElement\":[{\"@type\":\"ListItem\",\"position\":1,\"name\":\"Home\",\"item\":\"https:\\\/\\\/www.accuratereviews.com\\\/it\\\/\"},{\"@type\":\"ListItem\",\"position\":2,\"name\":\"ERP Software\",\"item\":\"https:\\\/\\\/www.accuratereviews.com\\\/it\\\/software-erp-lista-software\\\/\"},{\"@type\":\"ListItem\",\"position\":3,\"name\":\"Kechie\"}]},{\"@type\":\"WebSite\",\"@id\":\"https:\\\/\\\/www.accuratereviews.com\\\/it\\\/#website\",\"url\":\"https:\\\/\\\/www.accuratereviews.com\\\/it\\\/\",\"name\":\"Accurate Reviews\",\"description\":\"\",\"potentialAction\":[{\"@type\":\"SearchAction\",\"target\":{\"@type\":\"EntryPoint\",\"urlTemplate\":\"https:\\\/\\\/www.accuratereviews.com\\\/it\\\/?s={search_term_string}\"},\"query-input\":{\"@type\":\"PropertyValueSpecification\",\"valueRequired\":true,\"valueName\":\"search_term_string\"}}],\"inLanguage\":\"it-IT\"}]}<\/script>\n<!-- \/ Yoast SEO plugin. -->","yoast_head_json":{"title":"Kechie: recensione software ERP - Accurate Reviews","description":"Kechie: recensione software ERP di nuova generazione basato su cloud al 100%. \u00c8 un programma completo e integrato che semplifica i processi aziendali.","robots":{"index":"index","follow":"follow","max-snippet":"max-snippet:-1","max-image-preview":"max-image-preview:large","max-video-preview":"max-video-preview:-1"},"canonical":"https:\/\/www.accuratereviews.com\/it\/software-erp-lista-software\/kechie-recensione\/","og_locale":"it_IT","og_type":"article","og_title":"Kechie: recensione software ERP - Accurate Reviews","og_description":"Kechie: recensione software ERP di nuova generazione basato su cloud al 100%. \u00c8 un programma completo e integrato che semplifica i processi aziendali.","og_url":"https:\/\/www.accuratereviews.com\/it\/software-erp-lista-software\/kechie-recensione\/","og_site_name":"Accurate Reviews","article_modified_time":"2023-02-10T14:14:52+00:00","og_image":[{"width":1052,"height":1052,"url":"https:\/\/www.accuratereviews.com\/wp-content\/uploads\/2020\/01\/kechie.png","type":"image\/png"}],"twitter_card":"summary_large_image","twitter_misc":{"Tempo di lettura stimato":"4 minuti"},"schema":{"@context":"https:\/\/schema.org","@graph":[{"@type":"WebPage","@id":"https:\/\/www.accuratereviews.com\/it\/software-erp-lista-software\/kechie-recensione\/","url":"https:\/\/www.accuratereviews.com\/it\/software-erp-lista-software\/kechie-recensione\/","name":"Kechie: recensione software ERP - Accurate Reviews","isPartOf":{"@id":"https:\/\/www.accuratereviews.com\/it\/#website"},"primaryImageOfPage":{"@id":"https:\/\/www.accuratereviews.com\/it\/software-erp-lista-software\/kechie-recensione\/#primaryimage"},"image":{"@id":"https:\/\/www.accuratereviews.com\/it\/software-erp-lista-software\/kechie-recensione\/#primaryimage"},"thumbnailUrl":"https:\/\/www.accuratereviews.com\/wp-content\/uploads\/2020\/01\/kechie.png","datePublished":"2020-01-27T15:00:04+00:00","dateModified":"2023-02-10T14:14:52+00:00","description":"Kechie: recensione software ERP di nuova generazione basato su cloud al 100%. \u00c8 un programma completo e integrato che semplifica i processi aziendali.","breadcrumb":{"@id":"https:\/\/www.accuratereviews.com\/it\/software-erp-lista-software\/kechie-recensione\/#breadcrumb"},"inLanguage":"it-IT","potentialAction":[{"@type":"ReadAction","target":["https:\/\/www.accuratereviews.com\/it\/software-erp-lista-software\/kechie-recensione\/"]}]},{"@type":"ImageObject","inLanguage":"it-IT","@id":"https:\/\/www.accuratereviews.com\/it\/software-erp-lista-software\/kechie-recensione\/#primaryimage","url":"https:\/\/www.accuratereviews.com\/wp-content\/uploads\/2020\/01\/kechie.png","contentUrl":"https:\/\/www.accuratereviews.com\/wp-content\/uploads\/2020\/01\/kechie.png","width":1052,"height":1052},{"@type":"BreadcrumbList","@id":"https:\/\/www.accuratereviews.com\/it\/software-erp-lista-software\/kechie-recensione\/#breadcrumb","itemListElement":[{"@type":"ListItem","position":1,"name":"Home","item":"https:\/\/www.accuratereviews.com\/it\/"},{"@type":"ListItem","position":2,"name":"ERP Software","item":"https:\/\/www.accuratereviews.com\/it\/software-erp-lista-software\/"},{"@type":"ListItem","position":3,"name":"Kechie"}]},{"@type":"WebSite","@id":"https:\/\/www.accuratereviews.com\/it\/#website","url":"https:\/\/www.accuratereviews.com\/it\/","name":"Accurate Reviews","description":"","potentialAction":[{"@type":"SearchAction","target":{"@type":"EntryPoint","urlTemplate":"https:\/\/www.accuratereviews.com\/it\/?s={search_term_string}"},"query-input":{"@type":"PropertyValueSpecification","valueRequired":true,"valueName":"search_term_string"}}],"inLanguage":"it-IT"}]}},"_links":{"self":[{"href":"https:\/\/www.accuratereviews.com\/it\/wp-json\/wp\/v2\/pages\/22535","targetHints":{"allow":["GET"]}}],"collection":[{"href":"https:\/\/www.accuratereviews.com\/it\/wp-json\/wp\/v2\/pages"}],"about":[{"href":"https:\/\/www.accuratereviews.com\/it\/wp-json\/wp\/v2\/types\/page"}],"author":[{"embeddable":true,"href":"https:\/\/www.accuratereviews.com\/it\/wp-json\/wp\/v2\/users\/19"}],"replies":[{"embeddable":true,"href":"https:\/\/www.accuratereviews.com\/it\/wp-json\/wp\/v2\/comments?post=22535"}],"version-history":[{"count":11,"href":"https:\/\/www.accuratereviews.com\/it\/wp-json\/wp\/v2\/pages\/22535\/revisions"}],"predecessor-version":[{"id":67145,"href":"https:\/\/www.accuratereviews.com\/it\/wp-json\/wp\/v2\/pages\/22535\/revisions\/67145"}],"up":[{"embeddable":true,"href":"https:\/\/www.accuratereviews.com\/it\/wp-json\/wp\/v2\/pages\/22029"}],"wp:featuredmedia":[{"embeddable":true,"href":"https:\/\/www.accuratereviews.com\/it\/wp-json\/wp\/v2\/media\/22536"}],"wp:attachment":[{"href":"https:\/\/www.accuratereviews.com\/it\/wp-json\/wp\/v2\/media?parent=22535"}],"wp:term":[{"taxonomy":"category","embeddable":true,"href":"https:\/\/www.accuratereviews.com\/it\/wp-json\/wp\/v2\/categories?post=22535"},{"taxonomy":"post_tag","embeddable":true,"href":"https:\/\/www.accuratereviews.com\/it\/wp-json\/wp\/v2\/tags?post=22535"},{"taxonomy":"features","embeddable":true,"href":"https:\/\/www.accuratereviews.com\/it\/wp-json\/wp\/v2\/features?post=22535"}],"curies":[{"name":"wp","href":"https:\/\/api.w.org\/{rel}","templated":true}]}}