{"id":22548,"date":"2020-01-28T14:40:15","date_gmt":"2020-01-28T14:40:15","guid":{"rendered":"https:\/\/www.accuratereviews.com\/?page_id=22548"},"modified":"2021-05-04T15:02:59","modified_gmt":"2021-05-04T15:02:59","slug":"vienna-advantage-recensione","status":"publish","type":"page","link":"https:\/\/www.accuratereviews.com\/it\/software-erp-lista-software\/vienna-advantage-recensione\/","title":{"rendered":"Vienna Advantage"},"content":{"rendered":"<p><strong>Vienna Advantage<\/strong> offre alle aziende una<strong> soluzione aziendale integrata<\/strong> che combina strettamente Enterprise Resource Planning (<strong>ERP<\/strong>), Customer Relationship Management (<strong>CRM<\/strong>) e Secure Document Management System (<strong>DMS<\/strong>). La prima nel suo genere, questa piattaforma ERP \/ CRM<strong> basata sul Web e open source<\/strong> presenta un&#8217;interfaccia utente HTML5 che funziona senza problemi su tutti i display e dispositivi, inclusi smartphone e tablet. Indipendentemente dal fatto che la tua azienda sia basata su un&#8217;architettura semplice o su una struttura organizzativa complessa, Vienna Advantage allinea e unisce facilmente tutti gli aspetti delle tue attivit\u00e0 con i tuoi obiettivi aziendali tramite l&#8217;automazione dei processi aziendali e strumenti di produttivit\u00e0. Il software offre anche una visione completa della tua attivit\u00e0, integrata da una business intelligence istantanea in tempo reale.<\/p>\n<h2>VIENNA ADVANTAGE &#8211; TUTORIAL<\/h2>\n<p>Il video ti mostra i punti salienti di questo <strong>software ERP e CRM<\/strong> in breve tempo:<\/p>\n<div id=\"fluid-wrapper-counter-1\" class=\"g1-fluid-wrapper \" style=\"width:686px;\">\n<div style=\"padding-bottom:56.268221574344%;\"><iframe loading=\"lazy\" title=\"Quick Intro VIENNA Advantage open source ERP CRM (11 min)\" width=\"686\" height=\"386\" src=\"https:\/\/www.youtube.com\/embed\/y0rH6o47m6I?feature=oembed&amp;wmode=transparent&amp;autohide=1&amp;autoplay=0&amp;disablekb=0&amp;fs=1&amp;loop=0&amp;enablejsapi=1&amp;rel=0&amp;controls=2&amp;showinfo=0&amp;wmode=transparent&amp;autohide=2&amp;autoplay=0&amp;disablekb=0&amp;fs=1&amp;loop=0&amp;enablejsapi=1&amp;rel=0&amp;controls=2&amp;showinfo=1\" frameborder=\"0\" allow=\"accelerometer; autoplay; encrypted-media; gyroscope; picture-in-picture\" allowfullscreen><\/iframe><\/div>\n<\/div>\n<h3>VIENNA ADVANTAGE &#8211; CARATTERISTICHE<\/h3>\n<ul>\n<li><strong>Note sugli avvisi di approvazione<\/strong>: le dashboard di gestione autoconfigurabili forniscono figure aziendali specifiche dell&#8217;utente, necessarie per un rapido processo decisionale<\/li>\n<li><strong>Integrazione email \/SMS<\/strong>: la comunicazione interna ed esterna pu\u00f2 essere supervisionata dall&#8217;interno del sistema, tenendo traccia di tutte le comunicazioni relative a record e file<\/li>\n<li><strong>Gestione del calendario e del tempo<\/strong>: organizza il tuo tempo e le tue risorse utilizzando i calendari e le applicazioni di gestione del tempo integrati o personali del programma<\/li>\n<li><strong>Importazione ed esportazione file Excel<\/strong>: i dati in qualsiasi finestra possono essere importati da Excel e tutti i record e i report possono essere esportati in Excel<\/li>\n<li><strong>Gestione dei compiti<\/strong>: aumenta la produttivit\u00e0 e la visibilit\u00e0 gestendo le attivit\u00e0 collegate ai tuoi record aziendali<\/li>\n<li><strong>Chat:<\/strong> sono possibili conversazioni di chat interne tra utenti all&#8217;interno di una transazione. Le conversazioni vengono registrate e timestamp<\/li>\n<li><strong>BI e reportistica<\/strong>: genera report potenti, completamente personalizzabili ed estensibili di diversi tipi. I dati provenienti da origini diverse possono essere compilati in questi report BI<\/li>\n<li><strong>Multilingue<\/strong>: gestisci le operazioni internazionali con un&#8217;applicazione multilingue. Stampa i tuoi documenti nelle lingue dei tuoi clienti<\/li>\n<\/ul>\n<h4>LE RECENSIONI DEGLI UTENTI<\/h4>\n<h4>Felix F. &#8220;Ben progettato, \u00e8 una soluzione integrata e completa&#8221;<\/h4>\n<p><strong>Vantaggi<\/strong>: \u00e8 un software che ha la possibilit\u00e0 di essere utilizzato nel cloud o installato nel locale, senza la necessit\u00e0 di un&#8217;infrastruttura di grandi dimensioni, costosa o conforme, ben progettato, funziona molto flessibile con pi\u00f9 valute, pi\u00f9 organizzazioni, pi\u00f9 magazzini, \u00e8 ben organizzato .., elevate capacit\u00e0 di personalizzazione in pi\u00f9 lingue, tutti i moduli di questo ERP, sono molto ben integrati, fornendo una visione globale e rapida di tutte le attivit\u00e0 operative all&#8217;interno di una o pi\u00f9 organizzazioni, consentendo l&#8217;automazione dei processi, la possibilit\u00e0 di configurare questa soluzione a seconda delle esigenze individuali e individuali, \u00e8 ampia, scalabile e facile da usare.<\/p>\n<p><strong>Inconvenienti<\/strong>: &#8220;L&#8217;implementazione pu\u00f2 essere un po &#8216;complicata se sei nuovo (o \u00e8 la prima volta) nell&#8217;uso di ERP, ma una volta superata la curva di apprendimento (in base al team \/ risorse), il sistema ti aiuta, \u00e8 molto intuitivo &#8230;.<br \/>\nho bisogno di pi\u00f9 tutorial, video o documentazione, la progettazione del flusso di lavoro pu\u00f2 essere semplificata, penso che sia molto marcata per il mercato europeo, che manchi di pi\u00f9 per il mercato latinoamericano &#8220;.<\/p>\n<h4>Raju K. &#8220;ViennaAdvantage \u00e8 un sistema ERP \/ CRM \/ Document Management \/ POS versatile&#8221;<\/h4>\n<p><strong>Vantaggi<\/strong>: Il vantaggio di Vienna \u00e8 un sistema ERP completo con tutti i moduli integrati che qualsiasi settore sta cercando.<br \/>\nIl suo frontend HTML5 aiuta a utilizzare questo software in MAC e in qualsiasi dispositivo con funzionalit\u00e0 di navigazione.<br \/>\nLa personalizzazione di moduli e report non richiede alcuna conoscenza di programmazione.<br \/>\nBuon supporto all&#8217;implementazione da parte del fornitore.<br \/>\nA differenza di molti ERP open source, l&#8217;ERP open source ViennaAdvantage \u00e8 controllato dal fornitore che garantisce l&#8217;affidabilit\u00e0 della fonte pubblicata.<\/p>\n<p><strong>Inconvenienti<\/strong>: attualmente supporta solo database Oracle, in attesa del supporto del database PostgreSQL<\/p>\n<h4>Hariharan I. &#8220;Sto usando Vienna Advantage DMS per il nostro gruppo e questa \u00e8 la soluzione migliore rispetto ad altri prodotti&#8221;<\/h4>\n<p><strong>Commenti<\/strong>: Secondo me, Vienna Advantage \u00e8 il miglior sistema ERP open source di questo ERA. \u00c8 molto flessibile, facilmente personalizzabile per soddisfare le tue esigenze, molto intuitivo e copre tutti i moduli rilevanti che devo utilizzare nel mio settore. Nel complesso, il personale di supporto \u00e8 molto buono e collaborativo e non ho mai affrontato alcuna sfida con questo software. Soprattutto considerando che opero dall&#8217;Africa orientale. Consiglio vivamente questo software e dovresti provare una volta mentre lo usi GRATUITAMENTE per un mese come PROVA prima di decidere su qualsiasi altro sistema ERP.<\/p>\n","protected":false},"excerpt":{"rendered":"<p>Vienna Advantage offre alle aziende una soluzione aziendale integrata che combina strettamente Enterprise Resource Planning (ERP), Customer Relationship Management (CRM) e Secure Document Management System (DMS). La prima nel suo genere, questa piattaforma ERP \/ CRM basata sul Web e open source presenta un&#8217;interfaccia utente HTML5 che funziona senza problemi su tutti i display e dispositivi, inclusi smartphone e tablet.<\/p>\n","protected":false},"author":19,"featured_media":22550,"parent":22029,"menu_order":0,"comment_status":"open","ping_status":"closed","template":"g1_template_page_review_new.php","meta":{"_acf_changed":false,"cwp_meta_box_check":"Yes","cwp_rev_product_name":"","cwp_rev_product_image":"","wppr_links":[],"cwp_rev_price":"","wppr_options":[],"wppr_pros":[],"wppr_cons":[],"_monsterinsights_skip_tracking":false,"_monsterinsights_sitenote_active":false,"_monsterinsights_sitenote_note":"","_monsterinsights_sitenote_category":0,"footnotes":""},"categories":[120,1654],"tags":[396,1664,1663,246,427,1671,418,923,1239,1667],"features":[],"class_list":{"0":"post-22548","1":"page","2":"type-page","3":"status-publish","4":"has-post-thumbnail","6":"category-crm-it","7":"category-enterprise-resource-planning-software-erp","8":"tag-cloud","9":"tag-enterprise-resource-planning","10":"tag-erp","11":"tag-open-source","12":"tag-programma-crm","13":"tag-programma-erp","14":"tag-software-crm","15":"tag-software-erp","16":"tag-soluzione-crm","17":"tag-soluzione-erp"},"wppr_data":{"cwp_meta_box_check":"Yes","cwp_rev_product_name":"","cwp_rev_product_image":"","cwp_image_link":"image","cwp_rev_price":"","wppr_rating":"0.00"},"acf":[],"yoast_head":"<!-- This site is optimized with the Yoast SEO plugin v27.4 - https:\/\/yoast.com\/product\/yoast-seo-wordpress\/ -->\n<title>Vienna Advantage: recensione software ERP e CRM - Accurate Reviews<\/title>\n<meta name=\"description\" content=\"Vienna Advantage: recensione soluzione aziendale integrata open source che unisce software ERP, CRM e DMS in un unica piattaforma.\" \/>\n<meta name=\"robots\" content=\"index, follow, max-snippet:-1, max-image-preview:large, max-video-preview:-1\" \/>\n<link rel=\"canonical\" href=\"https:\/\/www.accuratereviews.com\/it\/software-erp-lista-software\/vienna-advantage-recensione\/\" \/>\n<meta property=\"og:locale\" content=\"it_IT\" \/>\n<meta property=\"og:type\" content=\"article\" \/>\n<meta property=\"og:title\" content=\"Vienna Advantage: recensione software ERP e CRM - Accurate Reviews\" \/>\n<meta property=\"og:description\" content=\"Vienna Advantage: recensione soluzione aziendale integrata open source che unisce software ERP, CRM e DMS in un unica piattaforma.\" \/>\n<meta property=\"og:url\" content=\"https:\/\/www.accuratereviews.com\/it\/software-erp-lista-software\/vienna-advantage-recensione\/\" \/>\n<meta property=\"og:site_name\" content=\"Accurate Reviews\" \/>\n<meta property=\"article:modified_time\" content=\"2021-05-04T15:02:59+00:00\" \/>\n<meta property=\"og:image\" content=\"https:\/\/www.accuratereviews.com\/wp-content\/uploads\/2020\/01\/VIENNA.jpg\" \/>\n\t<meta property=\"og:image:width\" content=\"200\" \/>\n\t<meta property=\"og:image:height\" content=\"200\" \/>\n\t<meta property=\"og:image:type\" content=\"image\/jpeg\" \/>\n<meta name=\"twitter:card\" content=\"summary_large_image\" \/>\n<meta name=\"twitter:label1\" content=\"Tempo di lettura stimato\" \/>\n\t<meta name=\"twitter:data1\" content=\"4 minuti\" \/>\n<script type=\"application\/ld+json\" class=\"yoast-schema-graph\">{\"@context\":\"https:\\\/\\\/schema.org\",\"@graph\":[{\"@type\":\"WebPage\",\"@id\":\"https:\\\/\\\/www.accuratereviews.com\\\/it\\\/software-erp-lista-software\\\/vienna-advantage-recensione\\\/\",\"url\":\"https:\\\/\\\/www.accuratereviews.com\\\/it\\\/software-erp-lista-software\\\/vienna-advantage-recensione\\\/\",\"name\":\"Vienna Advantage: recensione software ERP e CRM - Accurate Reviews\",\"isPartOf\":{\"@id\":\"https:\\\/\\\/www.accuratereviews.com\\\/it\\\/#website\"},\"primaryImageOfPage\":{\"@id\":\"https:\\\/\\\/www.accuratereviews.com\\\/it\\\/software-erp-lista-software\\\/vienna-advantage-recensione\\\/#primaryimage\"},\"image\":{\"@id\":\"https:\\\/\\\/www.accuratereviews.com\\\/it\\\/software-erp-lista-software\\\/vienna-advantage-recensione\\\/#primaryimage\"},\"thumbnailUrl\":\"https:\\\/\\\/www.accuratereviews.com\\\/wp-content\\\/uploads\\\/2020\\\/01\\\/VIENNA.jpg\",\"datePublished\":\"2020-01-28T14:40:15+00:00\",\"dateModified\":\"2021-05-04T15:02:59+00:00\",\"description\":\"Vienna Advantage: recensione soluzione aziendale integrata open source che unisce software ERP, CRM e DMS in un unica piattaforma.\",\"breadcrumb\":{\"@id\":\"https:\\\/\\\/www.accuratereviews.com\\\/it\\\/software-erp-lista-software\\\/vienna-advantage-recensione\\\/#breadcrumb\"},\"inLanguage\":\"it-IT\",\"potentialAction\":[{\"@type\":\"ReadAction\",\"target\":[\"https:\\\/\\\/www.accuratereviews.com\\\/it\\\/software-erp-lista-software\\\/vienna-advantage-recensione\\\/\"]}]},{\"@type\":\"ImageObject\",\"inLanguage\":\"it-IT\",\"@id\":\"https:\\\/\\\/www.accuratereviews.com\\\/it\\\/software-erp-lista-software\\\/vienna-advantage-recensione\\\/#primaryimage\",\"url\":\"https:\\\/\\\/www.accuratereviews.com\\\/wp-content\\\/uploads\\\/2020\\\/01\\\/VIENNA.jpg\",\"contentUrl\":\"https:\\\/\\\/www.accuratereviews.com\\\/wp-content\\\/uploads\\\/2020\\\/01\\\/VIENNA.jpg\",\"width\":200,\"height\":200},{\"@type\":\"BreadcrumbList\",\"@id\":\"https:\\\/\\\/www.accuratereviews.com\\\/it\\\/software-erp-lista-software\\\/vienna-advantage-recensione\\\/#breadcrumb\",\"itemListElement\":[{\"@type\":\"ListItem\",\"position\":1,\"name\":\"Home\",\"item\":\"https:\\\/\\\/www.accuratereviews.com\\\/it\\\/\"},{\"@type\":\"ListItem\",\"position\":2,\"name\":\"ERP Software\",\"item\":\"https:\\\/\\\/www.accuratereviews.com\\\/it\\\/software-erp-lista-software\\\/\"},{\"@type\":\"ListItem\",\"position\":3,\"name\":\"Vienna Advantage\"}]},{\"@type\":\"WebSite\",\"@id\":\"https:\\\/\\\/www.accuratereviews.com\\\/it\\\/#website\",\"url\":\"https:\\\/\\\/www.accuratereviews.com\\\/it\\\/\",\"name\":\"Accurate Reviews\",\"description\":\"\",\"potentialAction\":[{\"@type\":\"SearchAction\",\"target\":{\"@type\":\"EntryPoint\",\"urlTemplate\":\"https:\\\/\\\/www.accuratereviews.com\\\/it\\\/?s={search_term_string}\"},\"query-input\":{\"@type\":\"PropertyValueSpecification\",\"valueRequired\":true,\"valueName\":\"search_term_string\"}}],\"inLanguage\":\"it-IT\"}]}<\/script>\n<!-- \/ Yoast SEO plugin. -->","yoast_head_json":{"title":"Vienna Advantage: recensione software ERP e CRM - Accurate Reviews","description":"Vienna Advantage: recensione soluzione aziendale integrata open source che unisce software ERP, CRM e DMS in un unica piattaforma.","robots":{"index":"index","follow":"follow","max-snippet":"max-snippet:-1","max-image-preview":"max-image-preview:large","max-video-preview":"max-video-preview:-1"},"canonical":"https:\/\/www.accuratereviews.com\/it\/software-erp-lista-software\/vienna-advantage-recensione\/","og_locale":"it_IT","og_type":"article","og_title":"Vienna Advantage: recensione software ERP e CRM - Accurate Reviews","og_description":"Vienna Advantage: recensione soluzione aziendale integrata open source che unisce software ERP, CRM e DMS in un unica piattaforma.","og_url":"https:\/\/www.accuratereviews.com\/it\/software-erp-lista-software\/vienna-advantage-recensione\/","og_site_name":"Accurate Reviews","article_modified_time":"2021-05-04T15:02:59+00:00","og_image":[{"width":200,"height":200,"url":"https:\/\/www.accuratereviews.com\/wp-content\/uploads\/2020\/01\/VIENNA.jpg","type":"image\/jpeg"}],"twitter_card":"summary_large_image","twitter_misc":{"Tempo di lettura stimato":"4 minuti"},"schema":{"@context":"https:\/\/schema.org","@graph":[{"@type":"WebPage","@id":"https:\/\/www.accuratereviews.com\/it\/software-erp-lista-software\/vienna-advantage-recensione\/","url":"https:\/\/www.accuratereviews.com\/it\/software-erp-lista-software\/vienna-advantage-recensione\/","name":"Vienna Advantage: recensione software ERP e CRM - Accurate Reviews","isPartOf":{"@id":"https:\/\/www.accuratereviews.com\/it\/#website"},"primaryImageOfPage":{"@id":"https:\/\/www.accuratereviews.com\/it\/software-erp-lista-software\/vienna-advantage-recensione\/#primaryimage"},"image":{"@id":"https:\/\/www.accuratereviews.com\/it\/software-erp-lista-software\/vienna-advantage-recensione\/#primaryimage"},"thumbnailUrl":"https:\/\/www.accuratereviews.com\/wp-content\/uploads\/2020\/01\/VIENNA.jpg","datePublished":"2020-01-28T14:40:15+00:00","dateModified":"2021-05-04T15:02:59+00:00","description":"Vienna Advantage: recensione soluzione aziendale integrata open source che unisce software ERP, CRM e DMS in un unica piattaforma.","breadcrumb":{"@id":"https:\/\/www.accuratereviews.com\/it\/software-erp-lista-software\/vienna-advantage-recensione\/#breadcrumb"},"inLanguage":"it-IT","potentialAction":[{"@type":"ReadAction","target":["https:\/\/www.accuratereviews.com\/it\/software-erp-lista-software\/vienna-advantage-recensione\/"]}]},{"@type":"ImageObject","inLanguage":"it-IT","@id":"https:\/\/www.accuratereviews.com\/it\/software-erp-lista-software\/vienna-advantage-recensione\/#primaryimage","url":"https:\/\/www.accuratereviews.com\/wp-content\/uploads\/2020\/01\/VIENNA.jpg","contentUrl":"https:\/\/www.accuratereviews.com\/wp-content\/uploads\/2020\/01\/VIENNA.jpg","width":200,"height":200},{"@type":"BreadcrumbList","@id":"https:\/\/www.accuratereviews.com\/it\/software-erp-lista-software\/vienna-advantage-recensione\/#breadcrumb","itemListElement":[{"@type":"ListItem","position":1,"name":"Home","item":"https:\/\/www.accuratereviews.com\/it\/"},{"@type":"ListItem","position":2,"name":"ERP Software","item":"https:\/\/www.accuratereviews.com\/it\/software-erp-lista-software\/"},{"@type":"ListItem","position":3,"name":"Vienna Advantage"}]},{"@type":"WebSite","@id":"https:\/\/www.accuratereviews.com\/it\/#website","url":"https:\/\/www.accuratereviews.com\/it\/","name":"Accurate Reviews","description":"","potentialAction":[{"@type":"SearchAction","target":{"@type":"EntryPoint","urlTemplate":"https:\/\/www.accuratereviews.com\/it\/?s={search_term_string}"},"query-input":{"@type":"PropertyValueSpecification","valueRequired":true,"valueName":"search_term_string"}}],"inLanguage":"it-IT"}]}},"_links":{"self":[{"href":"https:\/\/www.accuratereviews.com\/it\/wp-json\/wp\/v2\/pages\/22548","targetHints":{"allow":["GET"]}}],"collection":[{"href":"https:\/\/www.accuratereviews.com\/it\/wp-json\/wp\/v2\/pages"}],"about":[{"href":"https:\/\/www.accuratereviews.com\/it\/wp-json\/wp\/v2\/types\/page"}],"author":[{"embeddable":true,"href":"https:\/\/www.accuratereviews.com\/it\/wp-json\/wp\/v2\/users\/19"}],"replies":[{"embeddable":true,"href":"https:\/\/www.accuratereviews.com\/it\/wp-json\/wp\/v2\/comments?post=22548"}],"version-history":[{"count":9,"href":"https:\/\/www.accuratereviews.com\/it\/wp-json\/wp\/v2\/pages\/22548\/revisions"}],"predecessor-version":[{"id":41858,"href":"https:\/\/www.accuratereviews.com\/it\/wp-json\/wp\/v2\/pages\/22548\/revisions\/41858"}],"up":[{"embeddable":true,"href":"https:\/\/www.accuratereviews.com\/it\/wp-json\/wp\/v2\/pages\/22029"}],"wp:featuredmedia":[{"embeddable":true,"href":"https:\/\/www.accuratereviews.com\/it\/wp-json\/wp\/v2\/media\/22550"}],"wp:attachment":[{"href":"https:\/\/www.accuratereviews.com\/it\/wp-json\/wp\/v2\/media?parent=22548"}],"wp:term":[{"taxonomy":"category","embeddable":true,"href":"https:\/\/www.accuratereviews.com\/it\/wp-json\/wp\/v2\/categories?post=22548"},{"taxonomy":"post_tag","embeddable":true,"href":"https:\/\/www.accuratereviews.com\/it\/wp-json\/wp\/v2\/tags?post=22548"},{"taxonomy":"features","embeddable":true,"href":"https:\/\/www.accuratereviews.com\/it\/wp-json\/wp\/v2\/features?post=22548"}],"curies":[{"name":"wp","href":"https:\/\/api.w.org\/{rel}","templated":true}]}}