{"id":22557,"date":"2020-01-27T20:33:09","date_gmt":"2020-01-27T20:33:09","guid":{"rendered":"https:\/\/www.accuratereviews.com\/?page_id=22557"},"modified":"2020-01-27T22:08:13","modified_gmt":"2020-01-27T22:08:13","slug":"profitkey-erp-recensione","status":"publish","type":"page","link":"https:\/\/www.accuratereviews.com\/it\/software-erp-lista-software\/profitkey-erp-recensione\/","title":{"rendered":"ProfitKey ERP"},"content":{"rendered":"<p class=\"seo-header\"><strong>ProfitKey ERP<\/strong> \u00e8 un <strong>software di Enterprise Resource Planning<\/strong> progettato principalmente per i produttori di piccole e medie dimensioni che vogliono migliorare l&#8217;intera gestione del processo di produzione. Infatti include numerose <strong>funzionalit\u00e0 MES avanzate<\/strong> che riguardano la contabilit\u00e0, la gestione degli ordini, la fatturazione, i report finanziari e tutto ci\u00f2 che concerne l&#8217;azienda. L&#8217;obiettivo di questo <strong>programma ERP<\/strong> \u00e8 quello di aiutare le imprese ad aumentare la loro efficienza utilizzando <strong>strumenti di business intelligence<\/strong> che permettano di migliorare la pianificazione dell&#8217;officina, delle comunicazioni, della gestione dell&#8217;inventario, della reportistica del lavoro, del monitoraggio dei costi e altro ancora.<\/p>\n<h2>COME FUNZIONA PROFITKEY ERP &#8211; TUTORIAL<\/h2>\n<p>Diamo uno sguardo a questo video per capire qualcosa di pi\u00f9:<\/p>\n<div id=\"fluid-wrapper-counter-1\" class=\"g1-fluid-wrapper \" style=\"width:686px;\">\n<div style=\"padding-bottom:56.268221574344%;\"><iframe loading=\"lazy\" title=\"ProfitKey - What is ERP?\" width=\"686\" height=\"386\" src=\"https:\/\/www.youtube.com\/embed\/GhgnwLdW5AE?feature=oembed&amp;wmode=transparent&amp;autohide=1&amp;autoplay=0&amp;disablekb=0&amp;fs=1&amp;loop=0&amp;enablejsapi=1&amp;rel=0&amp;controls=2&amp;showinfo=0&amp;wmode=transparent&amp;autohide=2&amp;autoplay=0&amp;disablekb=0&amp;fs=1&amp;loop=0&amp;enablejsapi=1&amp;rel=0&amp;controls=2&amp;showinfo=1\" frameborder=\"0\" allow=\"accelerometer; autoplay; encrypted-media; gyroscope; picture-in-picture\" allowfullscreen><\/iframe><\/div>\n<\/div>\n<h3>PROFITKEY ERP &#8211; CARATTERISTICHE<\/h3>\n<p>Di seguito l&#8217;elenco delle sue principali caratteristiche:<\/p>\n<ul>\n<li><strong>Ingegneria<\/strong>: facile da usare, l&#8217;interfaccia di ingegneria consente di copiare rotte e distinte materiali da altri articoli o revisioni, nonch\u00e9 ingegneria drag-and-drop<\/li>\n<li><strong>Gestione degli acquisti<\/strong>: completamente integrato nel Common Sense Scheduler, gli acquisti consentono non solo di acquistare articoli e materie prime da stoccare, ma anche di acquistare direttamente sul posto di lavoro, anche per un&#8217;operazione specifica<\/li>\n<li><strong>Gestione della produzione<\/strong>: visibilit\u00e0 in tempo reale dello stato del centro di lavoro o del reparto, inclusa la gestione dei colli di bottiglia, che consente di identificare i problemi che potrebbero influire negativamente sulla consegna &#8211; mentre \u00e8 ancora in corso<\/li>\n<li><strong>Gestione delle scorte<\/strong>: fornisce lo stato delle scorte in tempo reale, le allocazioni e la disponibilit\u00e0 a promettere. Posizioni di magazzino illimitate per articolo<\/li>\n<li><strong>Gestione della qualit\u00e0<\/strong>: \u00e8 un sistema completamente integrato di ispezione e controllo dei difetti<\/li>\n<li><strong>Gestione dei clienti<\/strong>: consente di semplificare l&#8217;inserimento e la gestione di preventivi e ordini. Copia le citazioni sui lavori in pochi secondi e gestisci l&#8217;ordine dalla vendita alla produzione in un&#8217;unica finestra<\/li>\n<li><strong>Pianificazione avanzata<\/strong>: ottimizza automaticamente l&#8217;utilizzo del centro di lavoro, dando la giusta priorit\u00e0 al lavoro per ottenere le maggiori possibilit\u00e0 di consegna puntuale<\/li>\n<li><strong>Pianificazione dei fabbisogni di materiali<\/strong>: utilizzando MRP, puoi facilmente programmare pianificazioni ripetitive combinate con assemblaggi make to order, ottimizzando al contempo la pianificazione e l&#8217;acquisto dei materiali<\/li>\n<li><strong>Sistema di esecuzione della produzione<\/strong>: fornisce la raccolta dei dati del codice a barre in tempo reale, aggiornando lo stato del lavoro e i costi all&#8217;istante<\/li>\n<li><strong>Contabilit\u00e0<\/strong>: semplifica l&#8217;elaborazione delle fatture in entrata e in uscita, estraendo le informazioni dalle transazioni di spedizione e ricezione per la corrispondenza elettronica.<\/li>\n<\/ul>\n<h3>LE RECENSIONI DEGLI UTENTI<\/h3>\n<p><strong>&#8220;Pu\u00f2 gestire sia la linea di prodotti sia l&#8217;officina di lavoro&#8221;<\/strong><br \/>\nIN GENERALE: Funziona bene con articoli programmati master e non master tramite distinta base. Fornisce date di scadenza precise dei componenti. La chiave di profitto gestisce tutto dal momento in cui un ordine viene effettuato, spedito, fatturato e pagato. Non sono necessari altri software, inclusi tempi e costi.<br \/>\nPRO: funziona alla grande per un&#8217;azienda che ha una linea di prodotti e un negozio di lavoro.<br \/>\nCONTRO: alcuni moduli sono lunghi quando potrebbero essere su una sola pagina.<\/p>\n<p><strong>&#8220;ProfitKey &#8211; Sistema davvero bello&#8221;<\/strong><br \/>\nIN GENERALE: ProfitKey \u00e8 un&#8217;ottima soluzione per un&#8217;azienda di tipo professionale. Otteniamo informazioni di pianificazione di eccellenza, che aiutano a guidare la nostra attivit\u00e0. Le informazioni sull&#8217;efficienza ci aiutano a gestire l&#8217;output dei nostri dipendenti e forniscono loro feedback sulle loro prestazioni. Sistema eccellente per gestire la tua attivit\u00e0.<br \/>\nPRO: il sistema di pianificazione \u00e8 molto robusto. Il monitoraggio dei costi \u00e8 molto dettagliato. Il monitoraggio del lavoro \u00e8 semplice grazie alla funzione di codice a barre. La citazione \u00e8 molto semplice. Il gruppo di supporto fa un buon lavoro rispondendo alle domande.<br \/>\nCONTRO: sono necessarie ulteriori informazioni sui costi nella funzione Dashboard<\/p>\n<p><strong>&#8220;La nostra azienda utilizza ProfitKey per controllare e gestire le attivit\u00e0 di negozio e generali&#8221;.<\/strong><br \/>\nIN GENERALE: l&#8217;efficienza ottenuta quando un lavoro si sposta all&#8217;interno dell&#8217;azienda.<br \/>\nPRO: funzionalit\u00e0 per la gestione dei clienti, acquisti, controllo dell&#8217;inventario, distinte base, ecc. Rende il nostro flusso di lavoro pi\u00f9 efficiente ed efficace.<br \/>\nCONTRO: la mancanza di funzionalit\u00e0 nella pianificazione, in particolare con i materiali che vengono contabilizzati all&#8217;inizio di un&#8217;operazione del centro di lavoro.<\/p>\n","protected":false},"excerpt":{"rendered":"<p>ProfitKey ERP \u00e8 un software di Enterprise Resource Planning progettato principalmente per i produttori di piccole e medie dimensioni che vogliono migliorare l&#8217;intera gestione del processo di produzione. Infatti include numerose funzionalit\u00e0 MES avanzate che riguardano la contabilit\u00e0, la gestione degli ordini, la fatturazione, i report finanziari e tutto ci\u00f2 che concerne l&#8217;azienda.<\/p>\n","protected":false},"author":17,"featured_media":22559,"parent":22029,"menu_order":0,"comment_status":"open","ping_status":"closed","template":"g1_template_page_review_new.php","meta":{"_acf_changed":false,"cwp_meta_box_check":"Yes","cwp_rev_product_name":"","cwp_rev_product_image":"","wppr_links":[],"cwp_rev_price":"","wppr_options":[],"wppr_pros":[],"wppr_cons":[],"_monsterinsights_skip_tracking":false,"_monsterinsights_sitenote_active":false,"_monsterinsights_sitenote_note":"","_monsterinsights_sitenote_category":0,"footnotes":""},"categories":[1654],"tags":[1664,1663,1669,923],"features":[],"class_list":{"0":"post-22557","1":"page","2":"type-page","3":"status-publish","4":"has-post-thumbnail","6":"category-enterprise-resource-planning-software-erp","7":"tag-enterprise-resource-planning","8":"tag-erp","9":"tag-piattaforma-erp","10":"tag-software-erp"},"wppr_data":{"cwp_meta_box_check":"Yes","cwp_rev_product_name":"","cwp_rev_product_image":"","cwp_image_link":"image","cwp_rev_price":"","wppr_rating":"0.00"},"acf":[],"yoast_head":"<!-- This site is optimized with the Yoast SEO plugin v27.4 - https:\/\/yoast.com\/product\/yoast-seo-wordpress\/ -->\n<title>ProfitKey ERP: recensione software - Accurate Reviews<\/title>\n<meta name=\"description\" content=\"ProfitKey ERP: recensione del software di Enterprise Resource Planning progettato principalmente per i produttori di piccole e medie dimensioni.\" \/>\n<meta name=\"robots\" content=\"index, follow, max-snippet:-1, max-image-preview:large, max-video-preview:-1\" \/>\n<link rel=\"canonical\" href=\"https:\/\/www.accuratereviews.com\/it\/software-erp-lista-software\/profitkey-erp-recensione\/\" \/>\n<meta property=\"og:locale\" content=\"it_IT\" \/>\n<meta property=\"og:type\" content=\"article\" \/>\n<meta property=\"og:title\" content=\"ProfitKey ERP: recensione software - Accurate Reviews\" \/>\n<meta property=\"og:description\" content=\"ProfitKey ERP: recensione del software di Enterprise Resource Planning progettato principalmente per i produttori di piccole e medie dimensioni.\" \/>\n<meta property=\"og:url\" content=\"https:\/\/www.accuratereviews.com\/it\/software-erp-lista-software\/profitkey-erp-recensione\/\" \/>\n<meta property=\"og:site_name\" content=\"Accurate Reviews\" \/>\n<meta property=\"article:modified_time\" content=\"2020-01-27T22:08:13+00:00\" \/>\n<meta property=\"og:image\" content=\"https:\/\/www.accuratereviews.com\/wp-content\/uploads\/2020\/01\/Schermata-2020-01-27-alle-15.18.22.png\" \/>\n\t<meta property=\"og:image:width\" content=\"716\" \/>\n\t<meta property=\"og:image:height\" content=\"158\" \/>\n\t<meta property=\"og:image:type\" content=\"image\/png\" \/>\n<meta name=\"twitter:card\" content=\"summary_large_image\" \/>\n<meta name=\"twitter:label1\" content=\"Tempo di lettura stimato\" \/>\n\t<meta name=\"twitter:data1\" content=\"3 minuti\" \/>\n<script type=\"application\/ld+json\" class=\"yoast-schema-graph\">{\"@context\":\"https:\\\/\\\/schema.org\",\"@graph\":[{\"@type\":\"WebPage\",\"@id\":\"https:\\\/\\\/www.accuratereviews.com\\\/it\\\/software-erp-lista-software\\\/profitkey-erp-recensione\\\/\",\"url\":\"https:\\\/\\\/www.accuratereviews.com\\\/it\\\/software-erp-lista-software\\\/profitkey-erp-recensione\\\/\",\"name\":\"ProfitKey ERP: recensione software - Accurate Reviews\",\"isPartOf\":{\"@id\":\"https:\\\/\\\/www.accuratereviews.com\\\/it\\\/#website\"},\"primaryImageOfPage\":{\"@id\":\"https:\\\/\\\/www.accuratereviews.com\\\/it\\\/software-erp-lista-software\\\/profitkey-erp-recensione\\\/#primaryimage\"},\"image\":{\"@id\":\"https:\\\/\\\/www.accuratereviews.com\\\/it\\\/software-erp-lista-software\\\/profitkey-erp-recensione\\\/#primaryimage\"},\"thumbnailUrl\":\"https:\\\/\\\/www.accuratereviews.com\\\/wp-content\\\/uploads\\\/2020\\\/01\\\/Schermata-2020-01-27-alle-15.18.22.png\",\"datePublished\":\"2020-01-27T20:33:09+00:00\",\"dateModified\":\"2020-01-27T22:08:13+00:00\",\"description\":\"ProfitKey ERP: recensione del software di Enterprise Resource Planning progettato principalmente per i produttori di piccole e medie dimensioni.\",\"breadcrumb\":{\"@id\":\"https:\\\/\\\/www.accuratereviews.com\\\/it\\\/software-erp-lista-software\\\/profitkey-erp-recensione\\\/#breadcrumb\"},\"inLanguage\":\"it-IT\",\"potentialAction\":[{\"@type\":\"ReadAction\",\"target\":[\"https:\\\/\\\/www.accuratereviews.com\\\/it\\\/software-erp-lista-software\\\/profitkey-erp-recensione\\\/\"]}]},{\"@type\":\"ImageObject\",\"inLanguage\":\"it-IT\",\"@id\":\"https:\\\/\\\/www.accuratereviews.com\\\/it\\\/software-erp-lista-software\\\/profitkey-erp-recensione\\\/#primaryimage\",\"url\":\"https:\\\/\\\/www.accuratereviews.com\\\/wp-content\\\/uploads\\\/2020\\\/01\\\/Schermata-2020-01-27-alle-15.18.22.png\",\"contentUrl\":\"https:\\\/\\\/www.accuratereviews.com\\\/wp-content\\\/uploads\\\/2020\\\/01\\\/Schermata-2020-01-27-alle-15.18.22.png\",\"width\":716,\"height\":158},{\"@type\":\"BreadcrumbList\",\"@id\":\"https:\\\/\\\/www.accuratereviews.com\\\/it\\\/software-erp-lista-software\\\/profitkey-erp-recensione\\\/#breadcrumb\",\"itemListElement\":[{\"@type\":\"ListItem\",\"position\":1,\"name\":\"Home\",\"item\":\"https:\\\/\\\/www.accuratereviews.com\\\/it\\\/\"},{\"@type\":\"ListItem\",\"position\":2,\"name\":\"ERP Software\",\"item\":\"https:\\\/\\\/www.accuratereviews.com\\\/it\\\/software-erp-lista-software\\\/\"},{\"@type\":\"ListItem\",\"position\":3,\"name\":\"ProfitKey ERP\"}]},{\"@type\":\"WebSite\",\"@id\":\"https:\\\/\\\/www.accuratereviews.com\\\/it\\\/#website\",\"url\":\"https:\\\/\\\/www.accuratereviews.com\\\/it\\\/\",\"name\":\"Accurate Reviews\",\"description\":\"\",\"potentialAction\":[{\"@type\":\"SearchAction\",\"target\":{\"@type\":\"EntryPoint\",\"urlTemplate\":\"https:\\\/\\\/www.accuratereviews.com\\\/it\\\/?s={search_term_string}\"},\"query-input\":{\"@type\":\"PropertyValueSpecification\",\"valueRequired\":true,\"valueName\":\"search_term_string\"}}],\"inLanguage\":\"it-IT\"}]}<\/script>\n<!-- \/ Yoast SEO plugin. -->","yoast_head_json":{"title":"ProfitKey ERP: recensione software - Accurate Reviews","description":"ProfitKey ERP: recensione del software di Enterprise Resource Planning progettato principalmente per i produttori di piccole e medie dimensioni.","robots":{"index":"index","follow":"follow","max-snippet":"max-snippet:-1","max-image-preview":"max-image-preview:large","max-video-preview":"max-video-preview:-1"},"canonical":"https:\/\/www.accuratereviews.com\/it\/software-erp-lista-software\/profitkey-erp-recensione\/","og_locale":"it_IT","og_type":"article","og_title":"ProfitKey ERP: recensione software - Accurate Reviews","og_description":"ProfitKey ERP: recensione del software di Enterprise Resource Planning progettato principalmente per i produttori di piccole e medie dimensioni.","og_url":"https:\/\/www.accuratereviews.com\/it\/software-erp-lista-software\/profitkey-erp-recensione\/","og_site_name":"Accurate Reviews","article_modified_time":"2020-01-27T22:08:13+00:00","og_image":[{"width":716,"height":158,"url":"https:\/\/www.accuratereviews.com\/wp-content\/uploads\/2020\/01\/Schermata-2020-01-27-alle-15.18.22.png","type":"image\/png"}],"twitter_card":"summary_large_image","twitter_misc":{"Tempo di lettura stimato":"3 minuti"},"schema":{"@context":"https:\/\/schema.org","@graph":[{"@type":"WebPage","@id":"https:\/\/www.accuratereviews.com\/it\/software-erp-lista-software\/profitkey-erp-recensione\/","url":"https:\/\/www.accuratereviews.com\/it\/software-erp-lista-software\/profitkey-erp-recensione\/","name":"ProfitKey ERP: recensione software - Accurate Reviews","isPartOf":{"@id":"https:\/\/www.accuratereviews.com\/it\/#website"},"primaryImageOfPage":{"@id":"https:\/\/www.accuratereviews.com\/it\/software-erp-lista-software\/profitkey-erp-recensione\/#primaryimage"},"image":{"@id":"https:\/\/www.accuratereviews.com\/it\/software-erp-lista-software\/profitkey-erp-recensione\/#primaryimage"},"thumbnailUrl":"https:\/\/www.accuratereviews.com\/wp-content\/uploads\/2020\/01\/Schermata-2020-01-27-alle-15.18.22.png","datePublished":"2020-01-27T20:33:09+00:00","dateModified":"2020-01-27T22:08:13+00:00","description":"ProfitKey ERP: recensione del software di Enterprise Resource Planning progettato principalmente per i produttori di piccole e medie dimensioni.","breadcrumb":{"@id":"https:\/\/www.accuratereviews.com\/it\/software-erp-lista-software\/profitkey-erp-recensione\/#breadcrumb"},"inLanguage":"it-IT","potentialAction":[{"@type":"ReadAction","target":["https:\/\/www.accuratereviews.com\/it\/software-erp-lista-software\/profitkey-erp-recensione\/"]}]},{"@type":"ImageObject","inLanguage":"it-IT","@id":"https:\/\/www.accuratereviews.com\/it\/software-erp-lista-software\/profitkey-erp-recensione\/#primaryimage","url":"https:\/\/www.accuratereviews.com\/wp-content\/uploads\/2020\/01\/Schermata-2020-01-27-alle-15.18.22.png","contentUrl":"https:\/\/www.accuratereviews.com\/wp-content\/uploads\/2020\/01\/Schermata-2020-01-27-alle-15.18.22.png","width":716,"height":158},{"@type":"BreadcrumbList","@id":"https:\/\/www.accuratereviews.com\/it\/software-erp-lista-software\/profitkey-erp-recensione\/#breadcrumb","itemListElement":[{"@type":"ListItem","position":1,"name":"Home","item":"https:\/\/www.accuratereviews.com\/it\/"},{"@type":"ListItem","position":2,"name":"ERP Software","item":"https:\/\/www.accuratereviews.com\/it\/software-erp-lista-software\/"},{"@type":"ListItem","position":3,"name":"ProfitKey ERP"}]},{"@type":"WebSite","@id":"https:\/\/www.accuratereviews.com\/it\/#website","url":"https:\/\/www.accuratereviews.com\/it\/","name":"Accurate Reviews","description":"","potentialAction":[{"@type":"SearchAction","target":{"@type":"EntryPoint","urlTemplate":"https:\/\/www.accuratereviews.com\/it\/?s={search_term_string}"},"query-input":{"@type":"PropertyValueSpecification","valueRequired":true,"valueName":"search_term_string"}}],"inLanguage":"it-IT"}]}},"_links":{"self":[{"href":"https:\/\/www.accuratereviews.com\/it\/wp-json\/wp\/v2\/pages\/22557","targetHints":{"allow":["GET"]}}],"collection":[{"href":"https:\/\/www.accuratereviews.com\/it\/wp-json\/wp\/v2\/pages"}],"about":[{"href":"https:\/\/www.accuratereviews.com\/it\/wp-json\/wp\/v2\/types\/page"}],"author":[{"embeddable":true,"href":"https:\/\/www.accuratereviews.com\/it\/wp-json\/wp\/v2\/users\/17"}],"replies":[{"embeddable":true,"href":"https:\/\/www.accuratereviews.com\/it\/wp-json\/wp\/v2\/comments?post=22557"}],"version-history":[{"count":5,"href":"https:\/\/www.accuratereviews.com\/it\/wp-json\/wp\/v2\/pages\/22557\/revisions"}],"predecessor-version":[{"id":22581,"href":"https:\/\/www.accuratereviews.com\/it\/wp-json\/wp\/v2\/pages\/22557\/revisions\/22581"}],"up":[{"embeddable":true,"href":"https:\/\/www.accuratereviews.com\/it\/wp-json\/wp\/v2\/pages\/22029"}],"wp:featuredmedia":[{"embeddable":true,"href":"https:\/\/www.accuratereviews.com\/it\/wp-json\/wp\/v2\/media\/22559"}],"wp:attachment":[{"href":"https:\/\/www.accuratereviews.com\/it\/wp-json\/wp\/v2\/media?parent=22557"}],"wp:term":[{"taxonomy":"category","embeddable":true,"href":"https:\/\/www.accuratereviews.com\/it\/wp-json\/wp\/v2\/categories?post=22557"},{"taxonomy":"post_tag","embeddable":true,"href":"https:\/\/www.accuratereviews.com\/it\/wp-json\/wp\/v2\/tags?post=22557"},{"taxonomy":"features","embeddable":true,"href":"https:\/\/www.accuratereviews.com\/it\/wp-json\/wp\/v2\/features?post=22557"}],"curies":[{"name":"wp","href":"https:\/\/api.w.org\/{rel}","templated":true}]}}