{"id":22571,"date":"2020-01-27T22:06:25","date_gmt":"2020-01-27T22:06:25","guid":{"rendered":"https:\/\/www.accuratereviews.com\/?page_id=22571"},"modified":"2020-05-28T09:07:20","modified_gmt":"2020-05-28T09:07:20","slug":"stone-profit-system-recensione","status":"publish","type":"page","link":"https:\/\/www.accuratereviews.com\/it\/software-erp-lista-software\/stone-profit-system-recensione\/","title":{"rendered":"Stone Profit Systems"},"content":{"rendered":"<p class=\"h2 mb-0\"><strong>Stone Profit Systems<\/strong> \u00e8 una piattaforma online che offre <strong>soluzioni ERP<\/strong> a tutte le aziende che necessitano migliorare la loro produttivit\u00e0 ed efficienza operativa. Si tratta di<strong> soluzioni end-to-end<\/strong> sviluppate unicamente per Windows che includono funzionalit\u00e0 di gestione finanziaria, della contabilit\u00e0, della distribuzione, del magazzino, degli ordini, delle scorte e di analisi. Oltre a questo, dispone di un sistema di reportistica davvero funzionale e di un sistema CRM integrato che permette di migliorare la gestione delle relazioni con i clienti. \u00c8 un <strong>software ERP<\/strong> user friendly, flessibile e personalizzabile a seconda delle proprie esigenze.<\/p>\n<h2>STONE PROFIT SYSTEMS &#8211; IMMAGINE<\/h2>\n<p><a href=\"https:\/\/www.accuratereviews.com\/wp-content\/uploads\/2020\/01\/Schermata-2020-01-27-alle-22.50.36.png\"><img loading=\"lazy\" decoding=\"async\" class=\"aligncenter wp-image-22575 size-full\" src=\"https:\/\/www.accuratereviews.com\/wp-content\/uploads\/2020\/01\/Schermata-2020-01-27-alle-22.50.36.png\" alt=\"\" width=\"2014\" height=\"808\" srcset=\"https:\/\/www.accuratereviews.com\/wp-content\/uploads\/2020\/01\/Schermata-2020-01-27-alle-22.50.36.png 2014w, https:\/\/www.accuratereviews.com\/wp-content\/uploads\/2020\/01\/Schermata-2020-01-27-alle-22.50.36-300x120.png 300w, https:\/\/www.accuratereviews.com\/wp-content\/uploads\/2020\/01\/Schermata-2020-01-27-alle-22.50.36-1024x411.png 1024w, https:\/\/www.accuratereviews.com\/wp-content\/uploads\/2020\/01\/Schermata-2020-01-27-alle-22.50.36-768x308.png 768w, https:\/\/www.accuratereviews.com\/wp-content\/uploads\/2020\/01\/Schermata-2020-01-27-alle-22.50.36-1536x616.png 1536w, https:\/\/www.accuratereviews.com\/wp-content\/uploads\/2020\/01\/Schermata-2020-01-27-alle-22.50.36-260x104.png 260w, https:\/\/www.accuratereviews.com\/wp-content\/uploads\/2020\/01\/Schermata-2020-01-27-alle-22.50.36-50x20.png 50w, https:\/\/www.accuratereviews.com\/wp-content\/uploads\/2020\/01\/Schermata-2020-01-27-alle-22.50.36-968x388.png 968w, https:\/\/www.accuratereviews.com\/wp-content\/uploads\/2020\/01\/Schermata-2020-01-27-alle-22.50.36-636x255.png 636w, https:\/\/www.accuratereviews.com\/wp-content\/uploads\/2020\/01\/Schermata-2020-01-27-alle-22.50.36-320x128.png 320w, https:\/\/www.accuratereviews.com\/wp-content\/uploads\/2020\/01\/Schermata-2020-01-27-alle-22.50.36-239x96.png 239w\" sizes=\"auto, (max-width: 2014px) 100vw, 2014px\" \/><\/a><\/p>\n<h3>STONE PROFIT SYSTEM &#8211; CARATTERISTICHE<\/h3>\n<p>Ecco le sue caratteristiche principali:<\/p>\n<ul>\n<li>Gestione finanziaria<\/li>\n<li>Gestione del progetto<\/li>\n<li>Gestione dell&#8217;inventario<\/li>\n<li>Gestione degli ordini<\/li>\n<li>Gestione delle relazioni con i clienti (CRM)<\/li>\n<li>Gestione della catena di fornitura<\/li>\n<li>Gestione del magazzino<\/li>\n<li>Gestione della distribuzione<\/li>\n<li>Gestione della contabilit\u00e0<\/li>\n<li>Sistema di analisi<\/li>\n<li>Sistema reportistico<\/li>\n<\/ul>\n<h3>LE RECENSIONI DEGLI UTENTI<\/h3>\n<p><strong>&#8220;Facile da usare&#8221;<\/strong><br \/>\nIN GENERALE: Gestiamo tutta la nostra attivit\u00e0 su questo software, non c&#8217;erano programmi &#8220;off the shelf&#8221; che potessero soddisfare le nostre esigenze di inventario. \u00c8 il miglior sistema di inventario del nostro settore.<br \/>\nPRO: Il software \u00e8 personalizzato per l&#8217;industria della pietra e ha caratteristiche uniche per le nostre esigenze. Molto facile da usare, facile da addestrare il nuovo personale, il sistema \u00e8 basato su cloud ed \u00e8 accessibile ai nostri venditori esterni. Sono in grado di accedere all&#8217;inventario, creare depositi e ordini di vendita su strada.<br \/>\nCONTRO: Difficile personalizzare i report, a volte \u00e8 difficile ottenere il servizio clienti al telefono, il codice a barre e il sistema di localizzazione non funzionano cos\u00ec bene come vorremmo. A volte il sistema \u00e8 un po&#8217; lento.<\/p>\n<p>&#8220;Nel complesso va bene. Sono molto esperti nel settore lapideo e hanno esperienza di programmatori esperti. &#8230;.&#8221;<br \/>\nIN GENERALE: Elaborare preventivi, ordini di vendita e fatturazione, mantenere l&#8217;inventario e gli acquisti sono eccellenti. L&#8217;unico punto debole \u00e8 il segmento della contabilit\u00e0. Presto useremo il loro segmento Home Depot.<br \/>\nPRO: Il software \u00e8 il miglior software del settore Stone per la fatturazione, gli acquisti e l&#8217;inventario.<br \/>\nI livelli di prezzo e le categorie sono molto facili da manipolare. Consiglierei questo software a un produttore, s\u00ec e l&#8217;abbiamo gi\u00e0 fatto.<br \/>\nCONTRO: NON \u00e8 amichevole con la contabilit\u00e0. Non si pu\u00f2 fare affidamento sul Conto Economico, sul Saldo e sui Crediti. Non pu\u00f2 gestire i depositi presi su lavori aperti che mostra come A\/R negativo. L&#8217;accesso al servizio clienti \u00e8 debole.<\/p>\n<p>&#8220;Utilizziamo il software da 4 anni e siamo molto soddisfatti&#8221;.<br \/>\nIN GENERALE: Prima dell&#8217;installazione, l&#8217;azienda non disponeva di un sistema di inventario perpetuo.<br \/>\nPRO: Il software \u00e8 molto intuitivo e facile da navigare. Occasionalmente, abbiamo avuto alcuni requisiti personalizzati e il team \u00e8 stato molto disponibile. Ogni volta che abbiamo avuto un problema, il team \u00e8 stato anche molto reattivo.<br \/>\nCONTRO: Di tanto in tanto abbiamo tempi di risposta lenti, ma potrebbe essere il nostro Internet &#8211; non il software. Sinceramente, al momento non mi viene in mente nessun contro.<\/p>\n","protected":false},"excerpt":{"rendered":"<p>Stone Profit System \u00e8 una piattaforma online che offre soluzioni ERP a tutte le aziende che necessitano migliorare la loro produttivit\u00e0 ed efficienza operativa. Si tratta di soluzioni end-to-end sviluppate unicamente per Windows che includono funzionalit\u00e0 di gestione finanziaria, della contabilit\u00e0, della distribuzione, del magazzino, degli ordini, delle scorte e di analisi.<\/p>\n","protected":false},"author":17,"featured_media":22572,"parent":22029,"menu_order":0,"comment_status":"open","ping_status":"closed","template":"g1_template_page_review_new.php","meta":{"_acf_changed":false,"cwp_meta_box_check":"Yes","cwp_rev_product_name":"","cwp_rev_product_image":"","wppr_links":[],"cwp_rev_price":"","wppr_options":[],"wppr_pros":[],"wppr_cons":[],"_monsterinsights_skip_tracking":false,"_monsterinsights_sitenote_active":false,"_monsterinsights_sitenote_note":"","_monsterinsights_sitenote_category":0,"footnotes":""},"categories":[1654],"tags":[1706,1663,1704,923],"features":[],"class_list":{"0":"post-22571","1":"page","2":"type-page","3":"status-publish","4":"has-post-thumbnail","6":"category-enterprise-resource-planning-software-erp","7":"tag-enterprise-resources-management","8":"tag-erp","9":"tag-sistema-erp","10":"tag-software-erp"},"wppr_data":{"cwp_meta_box_check":"Yes","cwp_rev_product_name":"","cwp_rev_product_image":"","cwp_image_link":"image","cwp_rev_price":"","wppr_rating":"0.00"},"acf":[],"yoast_head":"<!-- This site is optimized with the Yoast SEO plugin v27.4 - https:\/\/yoast.com\/product\/yoast-seo-wordpress\/ -->\n<title>Stone Profit Systems: recensione soluzione ERP - Accurate Reviews<\/title>\n<meta name=\"description\" content=\"Stone Profit System: recensione della piattaforma online che offre soluzioni ERP a tutte le aziende che necessitano migliorare la loro produttivit\u00e0.\" \/>\n<meta name=\"robots\" content=\"index, follow, max-snippet:-1, max-image-preview:large, max-video-preview:-1\" \/>\n<link rel=\"canonical\" href=\"https:\/\/www.accuratereviews.com\/it\/software-erp-lista-software\/stone-profit-system-recensione\/\" \/>\n<meta property=\"og:locale\" content=\"it_IT\" \/>\n<meta property=\"og:type\" content=\"article\" \/>\n<meta property=\"og:title\" content=\"Stone Profit Systems: recensione soluzione ERP - Accurate Reviews\" \/>\n<meta property=\"og:description\" content=\"Stone Profit System: recensione della piattaforma online che offre soluzioni ERP a tutte le aziende che necessitano migliorare la loro produttivit\u00e0.\" \/>\n<meta property=\"og:url\" content=\"https:\/\/www.accuratereviews.com\/it\/software-erp-lista-software\/stone-profit-system-recensione\/\" \/>\n<meta property=\"og:site_name\" content=\"Accurate Reviews\" \/>\n<meta property=\"article:modified_time\" content=\"2020-05-28T09:07:20+00:00\" \/>\n<meta property=\"og:image\" content=\"https:\/\/www.accuratereviews.com\/wp-content\/uploads\/2020\/01\/0.png\" \/>\n\t<meta property=\"og:image:width\" content=\"200\" \/>\n\t<meta property=\"og:image:height\" content=\"200\" \/>\n\t<meta property=\"og:image:type\" content=\"image\/png\" \/>\n<meta name=\"twitter:card\" content=\"summary_large_image\" \/>\n<meta name=\"twitter:label1\" content=\"Tempo di lettura stimato\" \/>\n\t<meta name=\"twitter:data1\" content=\"2 minuti\" \/>\n<script type=\"application\/ld+json\" class=\"yoast-schema-graph\">{\"@context\":\"https:\\\/\\\/schema.org\",\"@graph\":[{\"@type\":\"WebPage\",\"@id\":\"https:\\\/\\\/www.accuratereviews.com\\\/it\\\/software-erp-lista-software\\\/stone-profit-system-recensione\\\/\",\"url\":\"https:\\\/\\\/www.accuratereviews.com\\\/it\\\/software-erp-lista-software\\\/stone-profit-system-recensione\\\/\",\"name\":\"Stone Profit Systems: recensione soluzione ERP - Accurate Reviews\",\"isPartOf\":{\"@id\":\"https:\\\/\\\/www.accuratereviews.com\\\/it\\\/#website\"},\"primaryImageOfPage\":{\"@id\":\"https:\\\/\\\/www.accuratereviews.com\\\/it\\\/software-erp-lista-software\\\/stone-profit-system-recensione\\\/#primaryimage\"},\"image\":{\"@id\":\"https:\\\/\\\/www.accuratereviews.com\\\/it\\\/software-erp-lista-software\\\/stone-profit-system-recensione\\\/#primaryimage\"},\"thumbnailUrl\":\"https:\\\/\\\/www.accuratereviews.com\\\/wp-content\\\/uploads\\\/2020\\\/01\\\/0.png\",\"datePublished\":\"2020-01-27T22:06:25+00:00\",\"dateModified\":\"2020-05-28T09:07:20+00:00\",\"description\":\"Stone Profit System: recensione della piattaforma online che offre soluzioni ERP a tutte le aziende che necessitano migliorare la loro produttivit\u00e0.\",\"breadcrumb\":{\"@id\":\"https:\\\/\\\/www.accuratereviews.com\\\/it\\\/software-erp-lista-software\\\/stone-profit-system-recensione\\\/#breadcrumb\"},\"inLanguage\":\"it-IT\",\"potentialAction\":[{\"@type\":\"ReadAction\",\"target\":[\"https:\\\/\\\/www.accuratereviews.com\\\/it\\\/software-erp-lista-software\\\/stone-profit-system-recensione\\\/\"]}]},{\"@type\":\"ImageObject\",\"inLanguage\":\"it-IT\",\"@id\":\"https:\\\/\\\/www.accuratereviews.com\\\/it\\\/software-erp-lista-software\\\/stone-profit-system-recensione\\\/#primaryimage\",\"url\":\"https:\\\/\\\/www.accuratereviews.com\\\/wp-content\\\/uploads\\\/2020\\\/01\\\/0.png\",\"contentUrl\":\"https:\\\/\\\/www.accuratereviews.com\\\/wp-content\\\/uploads\\\/2020\\\/01\\\/0.png\",\"width\":200,\"height\":200},{\"@type\":\"BreadcrumbList\",\"@id\":\"https:\\\/\\\/www.accuratereviews.com\\\/it\\\/software-erp-lista-software\\\/stone-profit-system-recensione\\\/#breadcrumb\",\"itemListElement\":[{\"@type\":\"ListItem\",\"position\":1,\"name\":\"Home\",\"item\":\"https:\\\/\\\/www.accuratereviews.com\\\/it\\\/\"},{\"@type\":\"ListItem\",\"position\":2,\"name\":\"ERP Software\",\"item\":\"https:\\\/\\\/www.accuratereviews.com\\\/it\\\/software-erp-lista-software\\\/\"},{\"@type\":\"ListItem\",\"position\":3,\"name\":\"Stone Profit Systems\"}]},{\"@type\":\"WebSite\",\"@id\":\"https:\\\/\\\/www.accuratereviews.com\\\/it\\\/#website\",\"url\":\"https:\\\/\\\/www.accuratereviews.com\\\/it\\\/\",\"name\":\"Accurate Reviews\",\"description\":\"\",\"potentialAction\":[{\"@type\":\"SearchAction\",\"target\":{\"@type\":\"EntryPoint\",\"urlTemplate\":\"https:\\\/\\\/www.accuratereviews.com\\\/it\\\/?s={search_term_string}\"},\"query-input\":{\"@type\":\"PropertyValueSpecification\",\"valueRequired\":true,\"valueName\":\"search_term_string\"}}],\"inLanguage\":\"it-IT\"}]}<\/script>\n<!-- \/ Yoast SEO plugin. -->","yoast_head_json":{"title":"Stone Profit Systems: recensione soluzione ERP - Accurate Reviews","description":"Stone Profit System: recensione della piattaforma online che offre soluzioni ERP a tutte le aziende che necessitano migliorare la loro produttivit\u00e0.","robots":{"index":"index","follow":"follow","max-snippet":"max-snippet:-1","max-image-preview":"max-image-preview:large","max-video-preview":"max-video-preview:-1"},"canonical":"https:\/\/www.accuratereviews.com\/it\/software-erp-lista-software\/stone-profit-system-recensione\/","og_locale":"it_IT","og_type":"article","og_title":"Stone Profit Systems: recensione soluzione ERP - Accurate Reviews","og_description":"Stone Profit System: recensione della piattaforma online che offre soluzioni ERP a tutte le aziende che necessitano migliorare la loro produttivit\u00e0.","og_url":"https:\/\/www.accuratereviews.com\/it\/software-erp-lista-software\/stone-profit-system-recensione\/","og_site_name":"Accurate Reviews","article_modified_time":"2020-05-28T09:07:20+00:00","og_image":[{"width":200,"height":200,"url":"https:\/\/www.accuratereviews.com\/wp-content\/uploads\/2020\/01\/0.png","type":"image\/png"}],"twitter_card":"summary_large_image","twitter_misc":{"Tempo di lettura stimato":"2 minuti"},"schema":{"@context":"https:\/\/schema.org","@graph":[{"@type":"WebPage","@id":"https:\/\/www.accuratereviews.com\/it\/software-erp-lista-software\/stone-profit-system-recensione\/","url":"https:\/\/www.accuratereviews.com\/it\/software-erp-lista-software\/stone-profit-system-recensione\/","name":"Stone Profit Systems: recensione soluzione ERP - Accurate Reviews","isPartOf":{"@id":"https:\/\/www.accuratereviews.com\/it\/#website"},"primaryImageOfPage":{"@id":"https:\/\/www.accuratereviews.com\/it\/software-erp-lista-software\/stone-profit-system-recensione\/#primaryimage"},"image":{"@id":"https:\/\/www.accuratereviews.com\/it\/software-erp-lista-software\/stone-profit-system-recensione\/#primaryimage"},"thumbnailUrl":"https:\/\/www.accuratereviews.com\/wp-content\/uploads\/2020\/01\/0.png","datePublished":"2020-01-27T22:06:25+00:00","dateModified":"2020-05-28T09:07:20+00:00","description":"Stone Profit System: recensione della piattaforma online che offre soluzioni ERP a tutte le aziende che necessitano migliorare la loro produttivit\u00e0.","breadcrumb":{"@id":"https:\/\/www.accuratereviews.com\/it\/software-erp-lista-software\/stone-profit-system-recensione\/#breadcrumb"},"inLanguage":"it-IT","potentialAction":[{"@type":"ReadAction","target":["https:\/\/www.accuratereviews.com\/it\/software-erp-lista-software\/stone-profit-system-recensione\/"]}]},{"@type":"ImageObject","inLanguage":"it-IT","@id":"https:\/\/www.accuratereviews.com\/it\/software-erp-lista-software\/stone-profit-system-recensione\/#primaryimage","url":"https:\/\/www.accuratereviews.com\/wp-content\/uploads\/2020\/01\/0.png","contentUrl":"https:\/\/www.accuratereviews.com\/wp-content\/uploads\/2020\/01\/0.png","width":200,"height":200},{"@type":"BreadcrumbList","@id":"https:\/\/www.accuratereviews.com\/it\/software-erp-lista-software\/stone-profit-system-recensione\/#breadcrumb","itemListElement":[{"@type":"ListItem","position":1,"name":"Home","item":"https:\/\/www.accuratereviews.com\/it\/"},{"@type":"ListItem","position":2,"name":"ERP Software","item":"https:\/\/www.accuratereviews.com\/it\/software-erp-lista-software\/"},{"@type":"ListItem","position":3,"name":"Stone Profit Systems"}]},{"@type":"WebSite","@id":"https:\/\/www.accuratereviews.com\/it\/#website","url":"https:\/\/www.accuratereviews.com\/it\/","name":"Accurate Reviews","description":"","potentialAction":[{"@type":"SearchAction","target":{"@type":"EntryPoint","urlTemplate":"https:\/\/www.accuratereviews.com\/it\/?s={search_term_string}"},"query-input":{"@type":"PropertyValueSpecification","valueRequired":true,"valueName":"search_term_string"}}],"inLanguage":"it-IT"}]}},"_links":{"self":[{"href":"https:\/\/www.accuratereviews.com\/it\/wp-json\/wp\/v2\/pages\/22571","targetHints":{"allow":["GET"]}}],"collection":[{"href":"https:\/\/www.accuratereviews.com\/it\/wp-json\/wp\/v2\/pages"}],"about":[{"href":"https:\/\/www.accuratereviews.com\/it\/wp-json\/wp\/v2\/types\/page"}],"author":[{"embeddable":true,"href":"https:\/\/www.accuratereviews.com\/it\/wp-json\/wp\/v2\/users\/17"}],"replies":[{"embeddable":true,"href":"https:\/\/www.accuratereviews.com\/it\/wp-json\/wp\/v2\/comments?post=22571"}],"version-history":[{"count":4,"href":"https:\/\/www.accuratereviews.com\/it\/wp-json\/wp\/v2\/pages\/22571\/revisions"}],"predecessor-version":[{"id":26944,"href":"https:\/\/www.accuratereviews.com\/it\/wp-json\/wp\/v2\/pages\/22571\/revisions\/26944"}],"up":[{"embeddable":true,"href":"https:\/\/www.accuratereviews.com\/it\/wp-json\/wp\/v2\/pages\/22029"}],"wp:featuredmedia":[{"embeddable":true,"href":"https:\/\/www.accuratereviews.com\/it\/wp-json\/wp\/v2\/media\/22572"}],"wp:attachment":[{"href":"https:\/\/www.accuratereviews.com\/it\/wp-json\/wp\/v2\/media?parent=22571"}],"wp:term":[{"taxonomy":"category","embeddable":true,"href":"https:\/\/www.accuratereviews.com\/it\/wp-json\/wp\/v2\/categories?post=22571"},{"taxonomy":"post_tag","embeddable":true,"href":"https:\/\/www.accuratereviews.com\/it\/wp-json\/wp\/v2\/tags?post=22571"},{"taxonomy":"features","embeddable":true,"href":"https:\/\/www.accuratereviews.com\/it\/wp-json\/wp\/v2\/features?post=22571"}],"curies":[{"name":"wp","href":"https:\/\/api.w.org\/{rel}","templated":true}]}}