{"id":22582,"date":"2020-01-28T16:20:27","date_gmt":"2020-01-28T16:20:27","guid":{"rendered":"https:\/\/www.accuratereviews.com\/?page_id=22582"},"modified":"2020-05-28T12:33:47","modified_gmt":"2020-05-28T12:33:47","slug":"visual-estitrack-erp-recensione","status":"publish","type":"page","link":"https:\/\/www.accuratereviews.com\/it\/software-erp-lista-software\/visual-estitrack-erp-recensione\/","title":{"rendered":"Visual EstiTrack ERP"},"content":{"rendered":"<p><strong>Visual EstiTrack ERP<\/strong> \u00e8 un <strong>software di Enterprise Resource Planning<\/strong> progettato principalmente per produttori e officine di piccole e medie dimensioni. Lo scopo \u00e8 quello di <strong>ottimizzare tutti i processi aziendali<\/strong> che includono la pianificazione dei requisiti dei materiali, il ciclo di vita dei prodotti, le relazioni con i clienti, la gestione delle risorse umane, della produzione e di molto altro ancora. In questo modo, sarai in grado di pianificare e tenere traccia degli ordini del negozio, di produrre preventivi in modo semplice e veloce in modo tale da raggiungere una <strong>maggiore efficienza produttiva<\/strong>. Questo <strong>sistema ERP<\/strong> include anche il monitoraggio e il calcolo dei codici a barre, i grafici Gantt, un&#8217;officina visiva, la gestione dei materiali, gli acquisti, le spedizioni e la gestione della qualit\u00e0.<\/p>\n<h2>COME FUNZIONA VISUAL ESTITRACK ERP &#8211; TUTORIAL<\/h2>\n<p>Ecco un video che ci mostra qualcosa di pi\u00f9 al riguardo:<\/p>\n<div id=\"fluid-wrapper-counter-1\" class=\"g1-fluid-wrapper \" style=\"width:686px;\">\n<div style=\"padding-bottom:56.268221574344%;\"><iframe loading=\"lazy\" title=\"Visual EstiTrack Overview\" width=\"515\" height=\"386\" src=\"https:\/\/www.youtube.com\/embed\/u32I7pZDiQU?feature=oembed&amp;wmode=transparent&amp;autohide=1&amp;autoplay=0&amp;disablekb=0&amp;fs=1&amp;loop=0&amp;enablejsapi=1&amp;rel=0&amp;controls=2&amp;showinfo=0&amp;wmode=transparent&amp;autohide=2&amp;autoplay=0&amp;disablekb=0&amp;fs=1&amp;loop=0&amp;enablejsapi=1&amp;rel=0&amp;controls=2&amp;showinfo=1\" frameborder=\"0\" allow=\"accelerometer; autoplay; encrypted-media; gyroscope; picture-in-picture\" allowfullscreen><\/iframe><\/div>\n<\/div>\n<h3>VISUAL ESTITRACK &#8211; CARATTERISTICHE<\/h3>\n<p>Di seguito elenchiamo le sue caratteristiche principali:<\/p>\n<ul>\n<li>Gestione delle fatture<\/li>\n<li>Strumenti di Business Intelligence<\/li>\n<li>Strumenti di analisi<\/li>\n<li>Gestione della contabilit\u00e0<\/li>\n<li>Gestione delle risorse umane<\/li>\n<li>Gestione degli ordini<\/li>\n<li>Gestione dell&#8217;inventario<\/li>\n<li>Pianificazione e gestione dei progetti<\/li>\n<li>Gestione degli acquisti e delle vendite<\/li>\n<li>Gestione del magazzino<\/li>\n<li>Gestione delle relazioni con i clienti<\/li>\n<\/ul>\n<h3>LE RECENSIONI DEGLI UTENTI<\/h3>\n<p><strong>&#8220;Facile da usare&#8221;<\/strong><br \/>\nPRO: Quello che mi piace di pi\u00f9 di questo prodotto \u00e8 la sua facilit\u00e0 d&#8217;uso. Al primo avvio ero sopraffatto, ma dopo un paio di brevi ore di allenamento e di gioco in una base di dati di test, le persone di Henning si sono preparate per me e stavo usando il sistema come un professionista. Mi aiuta con il carico di lavoro quotidiano e compila tutte le operazioni di officina necessarie in una semplice soluzione software.<br \/>\nCONTRO: Non ho trovato nulla fino ad oggi, ma vorrei vedere un qualche tipo di soluzione di backup per i miei file, quindi posso cancellare le informazioni salvate dall&#8217;IFP e salvarle su un disco rigido per fare i miei ordini e preventivi.<\/p>\n<p><strong>&#8220;Ottimo software per aziende manifatturiere&#8221;<\/strong><br \/>\nIN GENERALE: il controllo dell&#8217;inventario dal tracciamento delle materie prime ai prodotti finiti \u00e8 notevolmente migliorato dall&#8217;acquisto di Esti-Track. Nel corso degli anni abbiamo aggiunto la personalizzazione per soddisfare le nostre esigenze individuali, il che \u00e8 stato estremamente utile.<br \/>\nPRO: pianificazione della produzione, monitoraggio dei livelli di inventario e monitoraggio accurato delle vendite<br \/>\nCONTRO: Sono disponibili molti report diversi con informazioni preziose. Difficile determinare quale sia la soluzione migliore.<\/p>\n<p><strong>&#8220;Aggiornamento software&#8221;<\/strong><br \/>\nPRO: Questo prodotto \u00e8 pi\u00f9 facile da usare di quanto inizialmente non mi sembrasse. Mi piace anche il fatto che questo fornitore e questo prodotto software esistano da anni, il che \u00e8 necessario per tenersi aggiornati con i tempi e il cambiamento delle pratiche commerciali.<br \/>\nCONTRO: Inizialmente, questo prodotto sembrava intimidatorio, poich\u00e9 ha cos\u00ec tante funzioni. Attualmente sto utilizzando preventivi, ordini di vendita e funzioni di spedizione, oltre a perfezionare queste funzioni in base alle esigenze della mia azienda.<\/p>\n","protected":false},"excerpt":{"rendered":"<p>Visual EstiTrack ERP \u00e8 un software di Enterprise Resource Planning progettato principalmente per produttori e officine di piccole e medie dimensioni. Lo scopo \u00e8 quello di ottimizzare tutti i processi aziendali che includono la pianificazione dei requisiti dei materiali, il ciclo di vita dei prodotti, le relazioni con i clienti, la gestione delle risorse umane, della produzione e di molto altro ancora.<\/p>\n","protected":false},"author":17,"featured_media":22584,"parent":22029,"menu_order":0,"comment_status":"open","ping_status":"closed","template":"g1_template_page_review_new.php","meta":{"_acf_changed":false,"cwp_meta_box_check":"Yes","cwp_rev_product_name":"","cwp_rev_product_image":"","wppr_links":[],"cwp_rev_price":"","wppr_options":[],"wppr_pros":[],"wppr_cons":[],"_monsterinsights_skip_tracking":false,"_monsterinsights_sitenote_active":false,"_monsterinsights_sitenote_note":"","_monsterinsights_sitenote_category":0,"footnotes":""},"categories":[1654],"tags":[1664,1663,1669,1671],"features":[],"class_list":{"0":"post-22582","1":"page","2":"type-page","3":"status-publish","4":"has-post-thumbnail","6":"category-enterprise-resource-planning-software-erp","7":"tag-enterprise-resource-planning","8":"tag-erp","9":"tag-piattaforma-erp","10":"tag-programma-erp"},"wppr_data":{"cwp_meta_box_check":"Yes","cwp_rev_product_name":"","cwp_rev_product_image":"","cwp_image_link":"image","cwp_rev_price":"","wppr_rating":"0.00"},"acf":[],"yoast_head":"<!-- This site is optimized with the Yoast SEO plugin v27.4 - https:\/\/yoast.com\/product\/yoast-seo-wordpress\/ -->\n<title>Visual EstiTrack ERP: recensione software - Accurate Reviews<\/title>\n<meta name=\"description\" content=\"Visual EstiTrack ERP: recensione del software di Enterprise Resource Planning progettato principalmente per aziende di piccole e medie dimensioni.\" \/>\n<meta name=\"robots\" content=\"index, follow, max-snippet:-1, max-image-preview:large, max-video-preview:-1\" \/>\n<link rel=\"canonical\" href=\"https:\/\/www.accuratereviews.com\/it\/software-erp-lista-software\/visual-estitrack-erp-recensione\/\" \/>\n<meta property=\"og:locale\" content=\"it_IT\" \/>\n<meta property=\"og:type\" content=\"article\" \/>\n<meta property=\"og:title\" content=\"Visual EstiTrack ERP: recensione software - Accurate Reviews\" \/>\n<meta property=\"og:description\" content=\"Visual EstiTrack ERP: recensione del software di Enterprise Resource Planning progettato principalmente per aziende di piccole e medie dimensioni.\" \/>\n<meta property=\"og:url\" content=\"https:\/\/www.accuratereviews.com\/it\/software-erp-lista-software\/visual-estitrack-erp-recensione\/\" \/>\n<meta property=\"og:site_name\" content=\"Accurate Reviews\" \/>\n<meta property=\"article:modified_time\" content=\"2020-05-28T12:33:47+00:00\" \/>\n<meta property=\"og:image\" content=\"https:\/\/www.accuratereviews.com\/wp-content\/uploads\/2020\/01\/Schermata-2020-01-28-alle-10.02.19.png\" \/>\n\t<meta property=\"og:image:width\" content=\"872\" \/>\n\t<meta property=\"og:image:height\" content=\"288\" \/>\n\t<meta property=\"og:image:type\" content=\"image\/png\" \/>\n<meta name=\"twitter:card\" content=\"summary_large_image\" \/>\n<meta name=\"twitter:label1\" content=\"Tempo di lettura stimato\" \/>\n\t<meta name=\"twitter:data1\" content=\"2 minuti\" \/>\n<script type=\"application\/ld+json\" class=\"yoast-schema-graph\">{\"@context\":\"https:\\\/\\\/schema.org\",\"@graph\":[{\"@type\":\"WebPage\",\"@id\":\"https:\\\/\\\/www.accuratereviews.com\\\/it\\\/software-erp-lista-software\\\/visual-estitrack-erp-recensione\\\/\",\"url\":\"https:\\\/\\\/www.accuratereviews.com\\\/it\\\/software-erp-lista-software\\\/visual-estitrack-erp-recensione\\\/\",\"name\":\"Visual EstiTrack ERP: recensione software - Accurate Reviews\",\"isPartOf\":{\"@id\":\"https:\\\/\\\/www.accuratereviews.com\\\/it\\\/#website\"},\"primaryImageOfPage\":{\"@id\":\"https:\\\/\\\/www.accuratereviews.com\\\/it\\\/software-erp-lista-software\\\/visual-estitrack-erp-recensione\\\/#primaryimage\"},\"image\":{\"@id\":\"https:\\\/\\\/www.accuratereviews.com\\\/it\\\/software-erp-lista-software\\\/visual-estitrack-erp-recensione\\\/#primaryimage\"},\"thumbnailUrl\":\"https:\\\/\\\/www.accuratereviews.com\\\/wp-content\\\/uploads\\\/2020\\\/01\\\/Schermata-2020-01-28-alle-10.02.19.png\",\"datePublished\":\"2020-01-28T16:20:27+00:00\",\"dateModified\":\"2020-05-28T12:33:47+00:00\",\"description\":\"Visual EstiTrack ERP: recensione del software di Enterprise Resource Planning progettato principalmente per aziende di piccole e medie dimensioni.\",\"breadcrumb\":{\"@id\":\"https:\\\/\\\/www.accuratereviews.com\\\/it\\\/software-erp-lista-software\\\/visual-estitrack-erp-recensione\\\/#breadcrumb\"},\"inLanguage\":\"it-IT\",\"potentialAction\":[{\"@type\":\"ReadAction\",\"target\":[\"https:\\\/\\\/www.accuratereviews.com\\\/it\\\/software-erp-lista-software\\\/visual-estitrack-erp-recensione\\\/\"]}]},{\"@type\":\"ImageObject\",\"inLanguage\":\"it-IT\",\"@id\":\"https:\\\/\\\/www.accuratereviews.com\\\/it\\\/software-erp-lista-software\\\/visual-estitrack-erp-recensione\\\/#primaryimage\",\"url\":\"https:\\\/\\\/www.accuratereviews.com\\\/wp-content\\\/uploads\\\/2020\\\/01\\\/Schermata-2020-01-28-alle-10.02.19.png\",\"contentUrl\":\"https:\\\/\\\/www.accuratereviews.com\\\/wp-content\\\/uploads\\\/2020\\\/01\\\/Schermata-2020-01-28-alle-10.02.19.png\",\"width\":872,\"height\":288},{\"@type\":\"BreadcrumbList\",\"@id\":\"https:\\\/\\\/www.accuratereviews.com\\\/it\\\/software-erp-lista-software\\\/visual-estitrack-erp-recensione\\\/#breadcrumb\",\"itemListElement\":[{\"@type\":\"ListItem\",\"position\":1,\"name\":\"Home\",\"item\":\"https:\\\/\\\/www.accuratereviews.com\\\/it\\\/\"},{\"@type\":\"ListItem\",\"position\":2,\"name\":\"ERP Software\",\"item\":\"https:\\\/\\\/www.accuratereviews.com\\\/it\\\/software-erp-lista-software\\\/\"},{\"@type\":\"ListItem\",\"position\":3,\"name\":\"Visual EstiTrack ERP\"}]},{\"@type\":\"WebSite\",\"@id\":\"https:\\\/\\\/www.accuratereviews.com\\\/it\\\/#website\",\"url\":\"https:\\\/\\\/www.accuratereviews.com\\\/it\\\/\",\"name\":\"Accurate Reviews\",\"description\":\"\",\"potentialAction\":[{\"@type\":\"SearchAction\",\"target\":{\"@type\":\"EntryPoint\",\"urlTemplate\":\"https:\\\/\\\/www.accuratereviews.com\\\/it\\\/?s={search_term_string}\"},\"query-input\":{\"@type\":\"PropertyValueSpecification\",\"valueRequired\":true,\"valueName\":\"search_term_string\"}}],\"inLanguage\":\"it-IT\"}]}<\/script>\n<!-- \/ Yoast SEO plugin. -->","yoast_head_json":{"title":"Visual EstiTrack ERP: recensione software - Accurate Reviews","description":"Visual EstiTrack ERP: recensione del software di Enterprise Resource Planning progettato principalmente per aziende di piccole e medie dimensioni.","robots":{"index":"index","follow":"follow","max-snippet":"max-snippet:-1","max-image-preview":"max-image-preview:large","max-video-preview":"max-video-preview:-1"},"canonical":"https:\/\/www.accuratereviews.com\/it\/software-erp-lista-software\/visual-estitrack-erp-recensione\/","og_locale":"it_IT","og_type":"article","og_title":"Visual EstiTrack ERP: recensione software - Accurate Reviews","og_description":"Visual EstiTrack ERP: recensione del software di Enterprise Resource Planning progettato principalmente per aziende di piccole e medie dimensioni.","og_url":"https:\/\/www.accuratereviews.com\/it\/software-erp-lista-software\/visual-estitrack-erp-recensione\/","og_site_name":"Accurate Reviews","article_modified_time":"2020-05-28T12:33:47+00:00","og_image":[{"width":872,"height":288,"url":"https:\/\/www.accuratereviews.com\/wp-content\/uploads\/2020\/01\/Schermata-2020-01-28-alle-10.02.19.png","type":"image\/png"}],"twitter_card":"summary_large_image","twitter_misc":{"Tempo di lettura stimato":"2 minuti"},"schema":{"@context":"https:\/\/schema.org","@graph":[{"@type":"WebPage","@id":"https:\/\/www.accuratereviews.com\/it\/software-erp-lista-software\/visual-estitrack-erp-recensione\/","url":"https:\/\/www.accuratereviews.com\/it\/software-erp-lista-software\/visual-estitrack-erp-recensione\/","name":"Visual EstiTrack ERP: recensione software - Accurate Reviews","isPartOf":{"@id":"https:\/\/www.accuratereviews.com\/it\/#website"},"primaryImageOfPage":{"@id":"https:\/\/www.accuratereviews.com\/it\/software-erp-lista-software\/visual-estitrack-erp-recensione\/#primaryimage"},"image":{"@id":"https:\/\/www.accuratereviews.com\/it\/software-erp-lista-software\/visual-estitrack-erp-recensione\/#primaryimage"},"thumbnailUrl":"https:\/\/www.accuratereviews.com\/wp-content\/uploads\/2020\/01\/Schermata-2020-01-28-alle-10.02.19.png","datePublished":"2020-01-28T16:20:27+00:00","dateModified":"2020-05-28T12:33:47+00:00","description":"Visual EstiTrack ERP: recensione del software di Enterprise Resource Planning progettato principalmente per aziende di piccole e medie dimensioni.","breadcrumb":{"@id":"https:\/\/www.accuratereviews.com\/it\/software-erp-lista-software\/visual-estitrack-erp-recensione\/#breadcrumb"},"inLanguage":"it-IT","potentialAction":[{"@type":"ReadAction","target":["https:\/\/www.accuratereviews.com\/it\/software-erp-lista-software\/visual-estitrack-erp-recensione\/"]}]},{"@type":"ImageObject","inLanguage":"it-IT","@id":"https:\/\/www.accuratereviews.com\/it\/software-erp-lista-software\/visual-estitrack-erp-recensione\/#primaryimage","url":"https:\/\/www.accuratereviews.com\/wp-content\/uploads\/2020\/01\/Schermata-2020-01-28-alle-10.02.19.png","contentUrl":"https:\/\/www.accuratereviews.com\/wp-content\/uploads\/2020\/01\/Schermata-2020-01-28-alle-10.02.19.png","width":872,"height":288},{"@type":"BreadcrumbList","@id":"https:\/\/www.accuratereviews.com\/it\/software-erp-lista-software\/visual-estitrack-erp-recensione\/#breadcrumb","itemListElement":[{"@type":"ListItem","position":1,"name":"Home","item":"https:\/\/www.accuratereviews.com\/it\/"},{"@type":"ListItem","position":2,"name":"ERP Software","item":"https:\/\/www.accuratereviews.com\/it\/software-erp-lista-software\/"},{"@type":"ListItem","position":3,"name":"Visual EstiTrack ERP"}]},{"@type":"WebSite","@id":"https:\/\/www.accuratereviews.com\/it\/#website","url":"https:\/\/www.accuratereviews.com\/it\/","name":"Accurate Reviews","description":"","potentialAction":[{"@type":"SearchAction","target":{"@type":"EntryPoint","urlTemplate":"https:\/\/www.accuratereviews.com\/it\/?s={search_term_string}"},"query-input":{"@type":"PropertyValueSpecification","valueRequired":true,"valueName":"search_term_string"}}],"inLanguage":"it-IT"}]}},"_links":{"self":[{"href":"https:\/\/www.accuratereviews.com\/it\/wp-json\/wp\/v2\/pages\/22582","targetHints":{"allow":["GET"]}}],"collection":[{"href":"https:\/\/www.accuratereviews.com\/it\/wp-json\/wp\/v2\/pages"}],"about":[{"href":"https:\/\/www.accuratereviews.com\/it\/wp-json\/wp\/v2\/types\/page"}],"author":[{"embeddable":true,"href":"https:\/\/www.accuratereviews.com\/it\/wp-json\/wp\/v2\/users\/17"}],"replies":[{"embeddable":true,"href":"https:\/\/www.accuratereviews.com\/it\/wp-json\/wp\/v2\/comments?post=22582"}],"version-history":[{"count":4,"href":"https:\/\/www.accuratereviews.com\/it\/wp-json\/wp\/v2\/pages\/22582\/revisions"}],"predecessor-version":[{"id":26962,"href":"https:\/\/www.accuratereviews.com\/it\/wp-json\/wp\/v2\/pages\/22582\/revisions\/26962"}],"up":[{"embeddable":true,"href":"https:\/\/www.accuratereviews.com\/it\/wp-json\/wp\/v2\/pages\/22029"}],"wp:featuredmedia":[{"embeddable":true,"href":"https:\/\/www.accuratereviews.com\/it\/wp-json\/wp\/v2\/media\/22584"}],"wp:attachment":[{"href":"https:\/\/www.accuratereviews.com\/it\/wp-json\/wp\/v2\/media?parent=22582"}],"wp:term":[{"taxonomy":"category","embeddable":true,"href":"https:\/\/www.accuratereviews.com\/it\/wp-json\/wp\/v2\/categories?post=22582"},{"taxonomy":"post_tag","embeddable":true,"href":"https:\/\/www.accuratereviews.com\/it\/wp-json\/wp\/v2\/tags?post=22582"},{"taxonomy":"features","embeddable":true,"href":"https:\/\/www.accuratereviews.com\/it\/wp-json\/wp\/v2\/features?post=22582"}],"curies":[{"name":"wp","href":"https:\/\/api.w.org\/{rel}","templated":true}]}}