{"id":22590,"date":"2020-01-28T14:40:07","date_gmt":"2020-01-28T14:40:07","guid":{"rendered":"https:\/\/www.accuratereviews.com\/?page_id=22590"},"modified":"2021-05-04T14:52:12","modified_gmt":"2021-05-04T14:52:12","slug":"clearview-infocus-recensione","status":"publish","type":"page","link":"https:\/\/www.accuratereviews.com\/it\/software-erp-lista-software\/clearview-infocus-recensione\/","title":{"rendered":"Clearview InFocus"},"content":{"rendered":"<p><strong>Clearview InFocus<\/strong> \u00e8 uno strumento che ti offre tutto ci\u00f2 di cui hai bisogno per i servizi di contabilit\u00e0, gestione delle scorte e molto altro. Un gran numero di studi di architettura e ingegneria ha preso utilizza i servizi di questo straordinario <strong>software ERP<\/strong>.\u00a0La dashboard ti fornisce le informazioni pi\u00f9 importanti che vorresti vedere in ogni momento. \u00c8 possibile aggiungere un qualsiasi dei widget disponibili. Le informazioni vengono aggiornate regolarmente in modo da non perdere nessuno dato importante. La creazione di report \u00e8 un lavoro piuttosto difficile ma con questo programma diventa solo questione di pochi minuti. Il software collega tutte le informazioni pertinenti al rapporto senza che tu debba fare molto. \u00c8 una delle funzionalit\u00e0 pi\u00f9 utili e utilizzate di questo software.<\/p>\n<h2>CLEARVIEW INFOCUS &#8211; TUTORIAL<\/h2>\n<p>Guardiamo insieme il tutorial per vedere le novit\u00e0 su questo <strong>software ERP<\/strong> completo e efficiente:<\/p>\n<div id=\"fluid-wrapper-counter-1\" class=\"g1-fluid-wrapper \" style=\"width:686px;\">\n<div style=\"padding-bottom:56.268221574344%;\"><iframe loading=\"lazy\" title=\"InFocus 2019: What&#039;s New? [Webinar Recording]\" width=\"686\" height=\"386\" src=\"https:\/\/www.youtube.com\/embed\/RTNKZ4EfV6s?feature=oembed&amp;wmode=transparent&amp;autohide=1&amp;autoplay=0&amp;disablekb=0&amp;fs=1&amp;loop=0&amp;enablejsapi=1&amp;rel=0&amp;controls=2&amp;showinfo=0&amp;wmode=transparent&amp;autohide=2&amp;autoplay=0&amp;disablekb=0&amp;fs=1&amp;loop=0&amp;enablejsapi=1&amp;rel=0&amp;controls=2&amp;showinfo=1\" frameborder=\"0\" allow=\"accelerometer; autoplay; encrypted-media; gyroscope; picture-in-picture\" allowfullscreen><\/iframe><\/div>\n<\/div>\n<h3>CLEARVIEW INFOCUS &#8211; CARATTERISTICHE<\/h3>\n<ul>\n<li>Project Central, che semplifica tutti gli aspetti di un particolare progetto in un&#8217;unica posizione, inclusi budget, ore lavorate, assegnazione di team, contratti e informazioni di contatto su fornitori e clienti<\/li>\n<li>Possibilit\u00e0 di creare e visualizzare grafici e diagrammi delle metriche del progetto tramite Project Central<\/li>\n<li>Funzionalit\u00e0 dell&#8217;ordine di lavoro che consente al manager di assegnare attivit\u00e0 ai dipendenti<\/li>\n<li>Un numero illimitato di layout di dashboard interattivi le metriche del progetto come entrate, clienti e tempo possono essere annotate da riquadri colorati che sono disponibili immediatamente o possono essere personalizzati dagli utenti<\/li>\n<li>Gridget, un nuovo widget di dashboard simile a una griglia per eseguire il drill down in un progetto per ulteriori dettagli<\/li>\n<li>Funzionalit\u00e0 di contabilit\u00e0 complete, come registrazioni effettuate in tempo reale o in lotti, contabilit\u00e0 conforme a DCAA, contabilit\u00e0 fornitori \/ crediti e rendiconti contabili generali e rendiconti finanziari<\/li>\n<li>Generatore di rapporti che consente agli utenti di personalizzare i rapporti in meno di cinque minuti<\/li>\n<li>Fogli presenze integrati accessibili da dispositivi desktop e mobili; gli amministratori possono designare un processo di approvazione multilivello<\/li>\n<li>Funzionalit\u00e0 di pianificazione e gestione del progetto, come la capacit\u00e0 di assegnare dipendenti a progetti specifici, il budget, la capacit\u00e0 di tenere traccia dei piani di lavoro, revisioni della fatturazione online e un numero illimitato di livelli di suddivisione del lavoro<\/li>\n<li>In calendario in stile Outlook per controllare i carichi di lavoro e le pianificazioni dei progetti<\/li>\n<li>Possibilit\u00e0 di inserire e mostrare pi\u00f9 valute<\/li>\n<li>Flussi di lavoro automatizzati per l&#8217;interazione con un sistema di terze parti o la creazione di regole aziendali<\/li>\n<li>Capacit\u00e0 per i reparti di marketing e vendita di tenere traccia di clienti e potenziali clienti (indirizzi, orari, ecc.) Senza la necessit\u00e0 di integrarsi con software CRM di terze parti<\/li>\n<\/ul>\n<h4>LE RECENSIONI DEGLI UTENTI<\/h4>\n<h4>Teresa K. &#8220;Ottimo software per le piccole e medie imprese&#8221;<\/h4>\n<p><strong>Commenti<\/strong>: Le schede attivit\u00e0 sono sincronizzate grazie alla possibilit\u00e0 di utilizzare l&#8217;app sui telefoni cellulari. Pu\u00f2 chiudere i conti in un giorno contro 3-5 giorni come in passato. Le fatture vengono inviate pi\u00f9 rapidamente di prima.<\/p>\n<p><strong>Vantaggi<\/strong>: facile da usare, molto intuitivo, il software \u00e8 sempre disponibile e non ha mai avuto problemi di connettivit\u00e0<\/p>\n<p><strong>Inconvenienti<\/strong>: Mi piacerebbe avere pi\u00f9 modelli di rapporti tra cui scegliere<\/p>\n<h4>Brian S. &#8220;Un must!&#8221;<\/h4>\n<p><strong>Commenti<\/strong>: I nostri dipendenti raccolgono dati con facilit\u00e0 con InFocus. \u00c8 anche bello che i dipendenti possano monitorare i propri ratei di PTO, vedendo tutto ci\u00f2 che hanno accumulato e utilizzato nel corso dell&#8217;anno. I dipendenti possono anche generare i propri report per vedere quante ore hanno lavorato su un progetto specifico. \u00c8 ottimo!<\/p>\n<p><strong>Vantaggi<\/strong>: \u00e8 cos\u00ec facile da usare, se hai familiarit\u00e0 con Excel, molte delle funzionalit\u00e0 di InFocus sono create allo stesso modo. Tempo di allenamento molto basso!<\/p>\n<p><strong>Inconvenienti<\/strong>: copiare le voci su fogli presenze o AP potrebbe essere migliorato, ma non \u00e8 poi cos\u00ec male.<\/p>\n<h4>Julie T. &#8220;Clearview \u00e8 per tutti!&#8221;<\/h4>\n<p><strong>Commenti<\/strong>: Uno dei vantaggi che ho realizzato \u00e8 la possibilit\u00e0 di apportare modifiche minori alle voci di contabilit\u00e0 senza dover tornare indietro per ripetere qualcosa. La flessibilit\u00e0 di questo software non ha eguali.<\/p>\n<p><strong>Vantaggi<\/strong>: Una cosa che mi piace di pi\u00f9 di Infocus sono i Gridgits sulle dashboard\u00a0che forniscono varie informazioni in un unico posto. Preferisco anche questo programma a causa della flessibilit\u00e0 nell&#8217;inserimento dei dati, quindi non \u00e8 pi\u00f9 necessario eliminare qualcosa perch\u00e9 \u00e8 necessario apportare una modifica minore. Infocus ha una variet\u00e0 di report di facile comprensione che forniscono una vasta gamma di dati. Apprezzo anche l&#8217;elaborazione degli assegni in Infocus per Contabilit\u00e0 fornitori e Rimborsi dei dipendenti perch\u00e9 \u00e8 molto facile da usare soprattutto con la scheda delle transazioni recenti. Le schede attivit\u00e0 sono molto facili da inserire e approvare in Infocus e le ore di benefici sono facili da vedere per ogni dipendente.<\/p>\n<p><strong>Inconvenienti<\/strong>: una cosa che mi piace di meno \u00e8 che alcune funzionalit\u00e0 di Infocus non sono facili da usare (cio\u00e8 dover usare F4 invece di Enter). Mi piacerebbe anche vedere il beneficio maturare in modo pi\u00f9 automatizzato e l&#8217;integrazione dei salari con software esterno (ad esempio Pensoft) reso pi\u00f9 semplice per le aziende che hanno pi\u00f9 dipendenti.<\/p>\n","protected":false},"excerpt":{"rendered":"<p>Clearview InFocus \u00e8 uno strumento che ti offre tutto ci\u00f2 di cui hai bisogno per i servizi di contabilit\u00e0, gestione delle scorte e molto altro. Un gran numero di studi di architettura e ingegneria ha preso utilizza i servizi di questo straordinario software ERP.\u00a0La dashboard ti fornisce le informazioni pi\u00f9 importanti che vorresti vedere in ogni momento.<\/p>\n","protected":false},"author":19,"featured_media":22592,"parent":22029,"menu_order":0,"comment_status":"open","ping_status":"closed","template":"g1_template_page_review_new.php","meta":{"_acf_changed":false,"cwp_meta_box_check":"Yes","cwp_rev_product_name":"","cwp_rev_product_image":"","wppr_links":[],"cwp_rev_price":"","wppr_options":[],"wppr_pros":[],"wppr_cons":[],"_monsterinsights_skip_tracking":false,"_monsterinsights_sitenote_active":false,"_monsterinsights_sitenote_note":"","_monsterinsights_sitenote_category":0,"footnotes":""},"categories":[120,1654],"tags":[1710,396,1664,1663,1671,923,1667],"features":[],"class_list":{"0":"post-22590","1":"page","2":"type-page","3":"status-publish","4":"has-post-thumbnail","6":"category-crm-it","7":"category-enterprise-resource-planning-software-erp","8":"tag-clearview-infocus","9":"tag-cloud","10":"tag-enterprise-resource-planning","11":"tag-erp","12":"tag-programma-erp","13":"tag-software-erp","14":"tag-soluzione-erp"},"wppr_data":{"cwp_meta_box_check":"Yes","cwp_rev_product_name":"","cwp_rev_product_image":"","cwp_image_link":"image","cwp_rev_price":"","wppr_rating":"0.00"},"acf":[],"yoast_head":"<!-- This site is optimized with the Yoast SEO plugin v27.4 - https:\/\/yoast.com\/product\/yoast-seo-wordpress\/ -->\n<title>Clearview InFocus: recensione software ERP - Accurate Reviews<\/title>\n<meta name=\"description\" content=\"Clearview InFocus: recensione soluzione ERP che offre i servizi di cui hai bisogno per contabilit\u00e0, gestione delle scorte e molto altro.\" \/>\n<meta name=\"robots\" content=\"index, follow, max-snippet:-1, max-image-preview:large, max-video-preview:-1\" \/>\n<link rel=\"canonical\" href=\"https:\/\/www.accuratereviews.com\/it\/software-erp-lista-software\/clearview-infocus-recensione\/\" \/>\n<meta property=\"og:locale\" content=\"it_IT\" \/>\n<meta property=\"og:type\" content=\"article\" \/>\n<meta property=\"og:title\" content=\"Clearview InFocus: recensione software ERP - Accurate Reviews\" \/>\n<meta property=\"og:description\" content=\"Clearview InFocus: recensione soluzione ERP che offre i servizi di cui hai bisogno per contabilit\u00e0, gestione delle scorte e molto altro.\" \/>\n<meta property=\"og:url\" content=\"https:\/\/www.accuratereviews.com\/it\/software-erp-lista-software\/clearview-infocus-recensione\/\" \/>\n<meta property=\"og:site_name\" content=\"Accurate Reviews\" \/>\n<meta property=\"article:modified_time\" content=\"2021-05-04T14:52:12+00:00\" \/>\n<meta property=\"og:image\" content=\"https:\/\/www.accuratereviews.com\/wp-content\/uploads\/2020\/01\/Clearview-InFocus-logo.png\" \/>\n\t<meta property=\"og:image:width\" content=\"900\" \/>\n\t<meta property=\"og:image:height\" content=\"600\" \/>\n\t<meta property=\"og:image:type\" content=\"image\/png\" \/>\n<meta name=\"twitter:card\" content=\"summary_large_image\" \/>\n<meta name=\"twitter:label1\" content=\"Tempo di lettura stimato\" \/>\n\t<meta name=\"twitter:data1\" content=\"4 minuti\" \/>\n<script type=\"application\/ld+json\" class=\"yoast-schema-graph\">{\"@context\":\"https:\\\/\\\/schema.org\",\"@graph\":[{\"@type\":\"WebPage\",\"@id\":\"https:\\\/\\\/www.accuratereviews.com\\\/it\\\/software-erp-lista-software\\\/clearview-infocus-recensione\\\/\",\"url\":\"https:\\\/\\\/www.accuratereviews.com\\\/it\\\/software-erp-lista-software\\\/clearview-infocus-recensione\\\/\",\"name\":\"Clearview InFocus: recensione software ERP - Accurate Reviews\",\"isPartOf\":{\"@id\":\"https:\\\/\\\/www.accuratereviews.com\\\/it\\\/#website\"},\"primaryImageOfPage\":{\"@id\":\"https:\\\/\\\/www.accuratereviews.com\\\/it\\\/software-erp-lista-software\\\/clearview-infocus-recensione\\\/#primaryimage\"},\"image\":{\"@id\":\"https:\\\/\\\/www.accuratereviews.com\\\/it\\\/software-erp-lista-software\\\/clearview-infocus-recensione\\\/#primaryimage\"},\"thumbnailUrl\":\"https:\\\/\\\/www.accuratereviews.com\\\/wp-content\\\/uploads\\\/2020\\\/01\\\/Clearview-InFocus-logo.png\",\"datePublished\":\"2020-01-28T14:40:07+00:00\",\"dateModified\":\"2021-05-04T14:52:12+00:00\",\"description\":\"Clearview InFocus: recensione soluzione ERP che offre i servizi di cui hai bisogno per contabilit\u00e0, gestione delle scorte e molto altro.\",\"breadcrumb\":{\"@id\":\"https:\\\/\\\/www.accuratereviews.com\\\/it\\\/software-erp-lista-software\\\/clearview-infocus-recensione\\\/#breadcrumb\"},\"inLanguage\":\"it-IT\",\"potentialAction\":[{\"@type\":\"ReadAction\",\"target\":[\"https:\\\/\\\/www.accuratereviews.com\\\/it\\\/software-erp-lista-software\\\/clearview-infocus-recensione\\\/\"]}]},{\"@type\":\"ImageObject\",\"inLanguage\":\"it-IT\",\"@id\":\"https:\\\/\\\/www.accuratereviews.com\\\/it\\\/software-erp-lista-software\\\/clearview-infocus-recensione\\\/#primaryimage\",\"url\":\"https:\\\/\\\/www.accuratereviews.com\\\/wp-content\\\/uploads\\\/2020\\\/01\\\/Clearview-InFocus-logo.png\",\"contentUrl\":\"https:\\\/\\\/www.accuratereviews.com\\\/wp-content\\\/uploads\\\/2020\\\/01\\\/Clearview-InFocus-logo.png\",\"width\":900,\"height\":600},{\"@type\":\"BreadcrumbList\",\"@id\":\"https:\\\/\\\/www.accuratereviews.com\\\/it\\\/software-erp-lista-software\\\/clearview-infocus-recensione\\\/#breadcrumb\",\"itemListElement\":[{\"@type\":\"ListItem\",\"position\":1,\"name\":\"Home\",\"item\":\"https:\\\/\\\/www.accuratereviews.com\\\/it\\\/\"},{\"@type\":\"ListItem\",\"position\":2,\"name\":\"ERP Software\",\"item\":\"https:\\\/\\\/www.accuratereviews.com\\\/it\\\/software-erp-lista-software\\\/\"},{\"@type\":\"ListItem\",\"position\":3,\"name\":\"Clearview InFocus\"}]},{\"@type\":\"WebSite\",\"@id\":\"https:\\\/\\\/www.accuratereviews.com\\\/it\\\/#website\",\"url\":\"https:\\\/\\\/www.accuratereviews.com\\\/it\\\/\",\"name\":\"Accurate Reviews\",\"description\":\"\",\"potentialAction\":[{\"@type\":\"SearchAction\",\"target\":{\"@type\":\"EntryPoint\",\"urlTemplate\":\"https:\\\/\\\/www.accuratereviews.com\\\/it\\\/?s={search_term_string}\"},\"query-input\":{\"@type\":\"PropertyValueSpecification\",\"valueRequired\":true,\"valueName\":\"search_term_string\"}}],\"inLanguage\":\"it-IT\"}]}<\/script>\n<!-- \/ Yoast SEO plugin. -->","yoast_head_json":{"title":"Clearview InFocus: recensione software ERP - Accurate Reviews","description":"Clearview InFocus: recensione soluzione ERP che offre i servizi di cui hai bisogno per contabilit\u00e0, gestione delle scorte e molto altro.","robots":{"index":"index","follow":"follow","max-snippet":"max-snippet:-1","max-image-preview":"max-image-preview:large","max-video-preview":"max-video-preview:-1"},"canonical":"https:\/\/www.accuratereviews.com\/it\/software-erp-lista-software\/clearview-infocus-recensione\/","og_locale":"it_IT","og_type":"article","og_title":"Clearview InFocus: recensione software ERP - Accurate Reviews","og_description":"Clearview InFocus: recensione soluzione ERP che offre i servizi di cui hai bisogno per contabilit\u00e0, gestione delle scorte e molto altro.","og_url":"https:\/\/www.accuratereviews.com\/it\/software-erp-lista-software\/clearview-infocus-recensione\/","og_site_name":"Accurate Reviews","article_modified_time":"2021-05-04T14:52:12+00:00","og_image":[{"width":900,"height":600,"url":"https:\/\/www.accuratereviews.com\/wp-content\/uploads\/2020\/01\/Clearview-InFocus-logo.png","type":"image\/png"}],"twitter_card":"summary_large_image","twitter_misc":{"Tempo di lettura stimato":"4 minuti"},"schema":{"@context":"https:\/\/schema.org","@graph":[{"@type":"WebPage","@id":"https:\/\/www.accuratereviews.com\/it\/software-erp-lista-software\/clearview-infocus-recensione\/","url":"https:\/\/www.accuratereviews.com\/it\/software-erp-lista-software\/clearview-infocus-recensione\/","name":"Clearview InFocus: recensione software ERP - Accurate Reviews","isPartOf":{"@id":"https:\/\/www.accuratereviews.com\/it\/#website"},"primaryImageOfPage":{"@id":"https:\/\/www.accuratereviews.com\/it\/software-erp-lista-software\/clearview-infocus-recensione\/#primaryimage"},"image":{"@id":"https:\/\/www.accuratereviews.com\/it\/software-erp-lista-software\/clearview-infocus-recensione\/#primaryimage"},"thumbnailUrl":"https:\/\/www.accuratereviews.com\/wp-content\/uploads\/2020\/01\/Clearview-InFocus-logo.png","datePublished":"2020-01-28T14:40:07+00:00","dateModified":"2021-05-04T14:52:12+00:00","description":"Clearview InFocus: recensione soluzione ERP che offre i servizi di cui hai bisogno per contabilit\u00e0, gestione delle scorte e molto altro.","breadcrumb":{"@id":"https:\/\/www.accuratereviews.com\/it\/software-erp-lista-software\/clearview-infocus-recensione\/#breadcrumb"},"inLanguage":"it-IT","potentialAction":[{"@type":"ReadAction","target":["https:\/\/www.accuratereviews.com\/it\/software-erp-lista-software\/clearview-infocus-recensione\/"]}]},{"@type":"ImageObject","inLanguage":"it-IT","@id":"https:\/\/www.accuratereviews.com\/it\/software-erp-lista-software\/clearview-infocus-recensione\/#primaryimage","url":"https:\/\/www.accuratereviews.com\/wp-content\/uploads\/2020\/01\/Clearview-InFocus-logo.png","contentUrl":"https:\/\/www.accuratereviews.com\/wp-content\/uploads\/2020\/01\/Clearview-InFocus-logo.png","width":900,"height":600},{"@type":"BreadcrumbList","@id":"https:\/\/www.accuratereviews.com\/it\/software-erp-lista-software\/clearview-infocus-recensione\/#breadcrumb","itemListElement":[{"@type":"ListItem","position":1,"name":"Home","item":"https:\/\/www.accuratereviews.com\/it\/"},{"@type":"ListItem","position":2,"name":"ERP Software","item":"https:\/\/www.accuratereviews.com\/it\/software-erp-lista-software\/"},{"@type":"ListItem","position":3,"name":"Clearview InFocus"}]},{"@type":"WebSite","@id":"https:\/\/www.accuratereviews.com\/it\/#website","url":"https:\/\/www.accuratereviews.com\/it\/","name":"Accurate Reviews","description":"","potentialAction":[{"@type":"SearchAction","target":{"@type":"EntryPoint","urlTemplate":"https:\/\/www.accuratereviews.com\/it\/?s={search_term_string}"},"query-input":{"@type":"PropertyValueSpecification","valueRequired":true,"valueName":"search_term_string"}}],"inLanguage":"it-IT"}]}},"_links":{"self":[{"href":"https:\/\/www.accuratereviews.com\/it\/wp-json\/wp\/v2\/pages\/22590","targetHints":{"allow":["GET"]}}],"collection":[{"href":"https:\/\/www.accuratereviews.com\/it\/wp-json\/wp\/v2\/pages"}],"about":[{"href":"https:\/\/www.accuratereviews.com\/it\/wp-json\/wp\/v2\/types\/page"}],"author":[{"embeddable":true,"href":"https:\/\/www.accuratereviews.com\/it\/wp-json\/wp\/v2\/users\/19"}],"replies":[{"embeddable":true,"href":"https:\/\/www.accuratereviews.com\/it\/wp-json\/wp\/v2\/comments?post=22590"}],"version-history":[{"count":9,"href":"https:\/\/www.accuratereviews.com\/it\/wp-json\/wp\/v2\/pages\/22590\/revisions"}],"predecessor-version":[{"id":41838,"href":"https:\/\/www.accuratereviews.com\/it\/wp-json\/wp\/v2\/pages\/22590\/revisions\/41838"}],"up":[{"embeddable":true,"href":"https:\/\/www.accuratereviews.com\/it\/wp-json\/wp\/v2\/pages\/22029"}],"wp:featuredmedia":[{"embeddable":true,"href":"https:\/\/www.accuratereviews.com\/it\/wp-json\/wp\/v2\/media\/22592"}],"wp:attachment":[{"href":"https:\/\/www.accuratereviews.com\/it\/wp-json\/wp\/v2\/media?parent=22590"}],"wp:term":[{"taxonomy":"category","embeddable":true,"href":"https:\/\/www.accuratereviews.com\/it\/wp-json\/wp\/v2\/categories?post=22590"},{"taxonomy":"post_tag","embeddable":true,"href":"https:\/\/www.accuratereviews.com\/it\/wp-json\/wp\/v2\/tags?post=22590"},{"taxonomy":"features","embeddable":true,"href":"https:\/\/www.accuratereviews.com\/it\/wp-json\/wp\/v2\/features?post=22590"}],"curies":[{"name":"wp","href":"https:\/\/api.w.org\/{rel}","templated":true}]}}