{"id":22604,"date":"2020-01-28T16:20:16","date_gmt":"2020-01-28T16:20:16","guid":{"rendered":"https:\/\/www.accuratereviews.com\/?page_id=22604"},"modified":"2020-05-28T12:32:36","modified_gmt":"2020-05-28T12:32:36","slug":"n41-apparel-erp-recensione","status":"publish","type":"page","link":"https:\/\/www.accuratereviews.com\/it\/software-erp-lista-software\/n41-apparel-erp-recensione\/","title":{"rendered":"N41 Apparel ERP"},"content":{"rendered":"<p><strong>N41 Apparel ERP<\/strong> \u00e8 una <strong>soluzione all-in-one<\/strong> per aziende di qualsiasi dimensione che puntano a una migliore gestione del flusso di lavoro per raggiungere una crescita e una maggiore efficienza operativa. Si tratta di un <strong>software di Enterprise Resource Planning<\/strong> organizzato in moduli, personalizzabile e scalabile in modo da andare in contro alle esigenze di tutti. Include funzionalit\u00e0 di integrazione contabile, di gestione delle risorse aziendali, degli ordini, dei progetti, delle scorte, delle vendite e degli acquisti,\u00a0 del magazzino e della catena di approvvigionamento. Dispone inoltre di un<strong> sistema di reportistica e di analisi<\/strong> dei dati in tempo reale cos\u00ec da rimanere sempre aggiornato su tutto ci\u00f2 che concerne la tua azienda.<\/p>\n<h2>COME FUNZIONA N41 APPAREL ERP &#8211; TUTORIAL<\/h2>\n<p>Diamo un&#8217;occhiata a questo video tutorial cos\u00ec da vedere come utilizzare al meglio questo programma ERP:<\/p>\n<div id=\"fluid-wrapper-counter-1\" class=\"g1-fluid-wrapper \" style=\"width:686px;\">\n<div style=\"padding-bottom:56.268221574344%;\"><iframe loading=\"lazy\" title=\"HOW TO CREATE A CUSTOMER\" width=\"686\" height=\"386\" src=\"https:\/\/www.youtube.com\/embed\/AzCQH5gqOcI?feature=oembed&amp;wmode=transparent&amp;autohide=1&amp;autoplay=0&amp;disablekb=0&amp;fs=1&amp;loop=0&amp;enablejsapi=1&amp;rel=0&amp;controls=2&amp;showinfo=0&amp;wmode=transparent&amp;autohide=2&amp;autoplay=0&amp;disablekb=0&amp;fs=1&amp;loop=0&amp;enablejsapi=1&amp;rel=0&amp;controls=2&amp;showinfo=1\" frameborder=\"0\" allow=\"accelerometer; autoplay; encrypted-media; gyroscope; picture-in-picture\" allowfullscreen><\/iframe><\/div>\n<\/div>\n<h3>N41 APPAREL ERP<\/h3>\n<p>Ecco le sue principali caratteristiche:<\/p>\n<ul>\n<li>Gestione della distribuzione<\/li>\n<li>Gestione della contabilit\u00e0<\/li>\n<li>Gestione dei progetti<\/li>\n<li>Gestione degli acquisti e delle vendite<\/li>\n<li>Gestione degli ordini<\/li>\n<li>Gestione delle risorse aziendali<\/li>\n<li>Gestione del magazzino<\/li>\n<li>Gestione delle risorse<\/li>\n<li>Gestione della catena di approvvigionamento<\/li>\n<li>Sistema reportistico<\/li>\n<li>Sistema di analisi dati<\/li>\n<\/ul>\n<h3>\u00a0LE RECENSIONI DEGLI UTENTI<\/h3>\n<p><strong>&#8220;Moderno software aggiornato per mantenere tutti i tuoi inventari in un unico posto&#8221;<\/strong><br \/>\nIN GENERALE: N41 Apparel ERP ti offre un servizio oltre il livello soddisfacente. Il prezzo potrebbe essere elevato, ma non ti deluder\u00e0. Comunque, le cose importanti non sono economiche.<br \/>\nPRO: N41 \u00e8 un software versatile che aiuta nella gestione di inventario, produzione, magazzini, spedizione, prezzi e acquisti e resi. Poteva da solo prendersi cura dell&#8217;intera linea di lavoro dell&#8217;abbigliamento del progetto. Il software \u00e8 accessibile da sistemi Windows\/Mac, nonch\u00e9 da Android e IOS. La personalizzazione \u00e8 semplice.<br \/>\nCONTRO: la scansione del codice a barre ha un leggero ritardo che fa attendere i clienti. A parte questo, questo \u00e8 un ottimo software con cui lavorare.<\/p>\n<p><strong>&#8220;N41 \u00e8 un punto di svolta&#8221;<\/strong><br \/>\nIN GENERALE: il processo di apprendimento iniziale richiede tempo, soprattutto quando si deve formare il personale. Assicurati se stai pianificando di integrare il sistema all&#8217;interno dell&#8217;infrastruttura dell&#8217;azienda, per farlo in un momento in cui l&#8217;attivit\u00e0 \u00e8 lenta. Ottimo sistema ERP!<br \/>\nPRO: Questo sistema ERP \u00e8 probabilmente il migliore l\u00e0 fuori se sei nel settore dell&#8217;abbigliamento. Ha davvero facilitato gran parte dell&#8217;aspetto di elaborazione dall&#8217;immissione\/trasferimento di ordini dal sito web della fiera\/online alla finalizzazione del processo di pagamento e spedizione attraverso la loro funzionalit\u00e0 di automazione. Anche l&#8217;integrazione con molti siti web di terzi \u00e8 vantaggiosa. Infine, sono entusiasta di vedere il futuro di N41 ora che hanno i fondi aggiuntivi per investire in grandi progetti che potrebbero davvero aiutare le aziende a risparmiare tonnellate di denaro.<br \/>\nCONTRO: \u00e8 costoso, ma la qualit\u00e0 non \u00e8 economica. Alcune funzionalit\u00e0 devono essere migliorate ma sono molto minori rispetto a tutte le altre funzionalit\u00e0 necessarie per gestire un&#8217;azienda in modo efficiente.<\/p>\n<p><strong>&#8220;Il miglior sistema l\u00e0 fuori per i grossisti&#8221;<\/strong><br \/>\nPRO: La cosa migliore dell&#8217;uso di N41 \u00e8 che tutto \u00e8 tutto in uno. Non \u00e8 necessario addebitare separatamente, effettuare l&#8217;UPS separatamente e fatturare separatamente. Fa tutto con un clic di un pulsante<br \/>\nCONTRO: Non ci sono svantaggi nell&#8217;utilizzo di N41. Se sei bloccato con qualcosa, sono disposti a ripararlo per te!<\/p>\n","protected":false},"excerpt":{"rendered":"<p>N41 Apparel ERP \u00e8 una soluzione all-in-one per aziende di qualsiasi dimensione che puntano a una migliore gestione del flusso di lavoro per raggiungere una crescita e una maggiore efficienza operativa. Si tratta di un software di Enterprise Resource Planning organizzato in moduli, personalizzabile e scalabile in modo da andare in contro alle esigenze di tutti.\u00a0<\/p>\n","protected":false},"author":17,"featured_media":22605,"parent":22029,"menu_order":0,"comment_status":"open","ping_status":"closed","template":"g1_template_page_review_new.php","meta":{"_acf_changed":false,"cwp_meta_box_check":"Yes","cwp_rev_product_name":"","cwp_rev_product_image":"","wppr_links":[],"cwp_rev_price":"","wppr_options":[],"wppr_pros":[],"wppr_cons":[],"_monsterinsights_skip_tracking":false,"_monsterinsights_sitenote_active":false,"_monsterinsights_sitenote_note":"","_monsterinsights_sitenote_category":0,"footnotes":""},"categories":[1654],"tags":[1664,1663,1669,1671],"features":[],"class_list":{"0":"post-22604","1":"page","2":"type-page","3":"status-publish","4":"has-post-thumbnail","6":"category-enterprise-resource-planning-software-erp","7":"tag-enterprise-resource-planning","8":"tag-erp","9":"tag-piattaforma-erp","10":"tag-programma-erp"},"wppr_data":{"cwp_meta_box_check":"Yes","cwp_rev_product_name":"","cwp_rev_product_image":"","cwp_image_link":"image","cwp_rev_price":"","wppr_rating":"0.00"},"acf":[],"yoast_head":"<!-- This site is optimized with the Yoast SEO plugin v27.4 - https:\/\/yoast.com\/product\/yoast-seo-wordpress\/ -->\n<title>N41 Apparel ERP: recensione software - Accurate Reviews<\/title>\n<meta name=\"description\" content=\"N41 Apparel ERP: recensione della soluzione all-in-one per aziende di qualsiasi dimensione che puntano a una migliore gestione del flusso di lavoro.\" \/>\n<meta name=\"robots\" content=\"index, follow, max-snippet:-1, max-image-preview:large, max-video-preview:-1\" \/>\n<link rel=\"canonical\" href=\"https:\/\/www.accuratereviews.com\/it\/software-erp-lista-software\/n41-apparel-erp-recensione\/\" \/>\n<meta property=\"og:locale\" content=\"it_IT\" \/>\n<meta property=\"og:type\" content=\"article\" \/>\n<meta property=\"og:title\" content=\"N41 Apparel ERP: recensione software - Accurate Reviews\" \/>\n<meta property=\"og:description\" content=\"N41 Apparel ERP: recensione della soluzione all-in-one per aziende di qualsiasi dimensione che puntano a una migliore gestione del flusso di lavoro.\" \/>\n<meta property=\"og:url\" content=\"https:\/\/www.accuratereviews.com\/it\/software-erp-lista-software\/n41-apparel-erp-recensione\/\" \/>\n<meta property=\"og:site_name\" content=\"Accurate Reviews\" \/>\n<meta property=\"article:modified_time\" content=\"2020-05-28T12:32:36+00:00\" \/>\n<meta property=\"og:image\" content=\"https:\/\/www.accuratereviews.com\/wp-content\/uploads\/2020\/01\/download-1.jpg\" \/>\n\t<meta property=\"og:image:width\" content=\"225\" \/>\n\t<meta property=\"og:image:height\" content=\"225\" \/>\n\t<meta property=\"og:image:type\" content=\"image\/jpeg\" \/>\n<meta name=\"twitter:card\" content=\"summary_large_image\" \/>\n<meta name=\"twitter:label1\" content=\"Tempo di lettura stimato\" \/>\n\t<meta name=\"twitter:data1\" content=\"3 minuti\" \/>\n<script type=\"application\/ld+json\" class=\"yoast-schema-graph\">{\"@context\":\"https:\\\/\\\/schema.org\",\"@graph\":[{\"@type\":\"WebPage\",\"@id\":\"https:\\\/\\\/www.accuratereviews.com\\\/it\\\/software-erp-lista-software\\\/n41-apparel-erp-recensione\\\/\",\"url\":\"https:\\\/\\\/www.accuratereviews.com\\\/it\\\/software-erp-lista-software\\\/n41-apparel-erp-recensione\\\/\",\"name\":\"N41 Apparel ERP: recensione software - Accurate Reviews\",\"isPartOf\":{\"@id\":\"https:\\\/\\\/www.accuratereviews.com\\\/it\\\/#website\"},\"primaryImageOfPage\":{\"@id\":\"https:\\\/\\\/www.accuratereviews.com\\\/it\\\/software-erp-lista-software\\\/n41-apparel-erp-recensione\\\/#primaryimage\"},\"image\":{\"@id\":\"https:\\\/\\\/www.accuratereviews.com\\\/it\\\/software-erp-lista-software\\\/n41-apparel-erp-recensione\\\/#primaryimage\"},\"thumbnailUrl\":\"https:\\\/\\\/www.accuratereviews.com\\\/wp-content\\\/uploads\\\/2020\\\/01\\\/download-1.jpg\",\"datePublished\":\"2020-01-28T16:20:16+00:00\",\"dateModified\":\"2020-05-28T12:32:36+00:00\",\"description\":\"N41 Apparel ERP: recensione della soluzione all-in-one per aziende di qualsiasi dimensione che puntano a una migliore gestione del flusso di lavoro.\",\"breadcrumb\":{\"@id\":\"https:\\\/\\\/www.accuratereviews.com\\\/it\\\/software-erp-lista-software\\\/n41-apparel-erp-recensione\\\/#breadcrumb\"},\"inLanguage\":\"it-IT\",\"potentialAction\":[{\"@type\":\"ReadAction\",\"target\":[\"https:\\\/\\\/www.accuratereviews.com\\\/it\\\/software-erp-lista-software\\\/n41-apparel-erp-recensione\\\/\"]}]},{\"@type\":\"ImageObject\",\"inLanguage\":\"it-IT\",\"@id\":\"https:\\\/\\\/www.accuratereviews.com\\\/it\\\/software-erp-lista-software\\\/n41-apparel-erp-recensione\\\/#primaryimage\",\"url\":\"https:\\\/\\\/www.accuratereviews.com\\\/wp-content\\\/uploads\\\/2020\\\/01\\\/download-1.jpg\",\"contentUrl\":\"https:\\\/\\\/www.accuratereviews.com\\\/wp-content\\\/uploads\\\/2020\\\/01\\\/download-1.jpg\",\"width\":225,\"height\":225},{\"@type\":\"BreadcrumbList\",\"@id\":\"https:\\\/\\\/www.accuratereviews.com\\\/it\\\/software-erp-lista-software\\\/n41-apparel-erp-recensione\\\/#breadcrumb\",\"itemListElement\":[{\"@type\":\"ListItem\",\"position\":1,\"name\":\"Home\",\"item\":\"https:\\\/\\\/www.accuratereviews.com\\\/it\\\/\"},{\"@type\":\"ListItem\",\"position\":2,\"name\":\"ERP Software\",\"item\":\"https:\\\/\\\/www.accuratereviews.com\\\/it\\\/software-erp-lista-software\\\/\"},{\"@type\":\"ListItem\",\"position\":3,\"name\":\"N41 Apparel ERP\"}]},{\"@type\":\"WebSite\",\"@id\":\"https:\\\/\\\/www.accuratereviews.com\\\/it\\\/#website\",\"url\":\"https:\\\/\\\/www.accuratereviews.com\\\/it\\\/\",\"name\":\"Accurate Reviews\",\"description\":\"\",\"potentialAction\":[{\"@type\":\"SearchAction\",\"target\":{\"@type\":\"EntryPoint\",\"urlTemplate\":\"https:\\\/\\\/www.accuratereviews.com\\\/it\\\/?s={search_term_string}\"},\"query-input\":{\"@type\":\"PropertyValueSpecification\",\"valueRequired\":true,\"valueName\":\"search_term_string\"}}],\"inLanguage\":\"it-IT\"}]}<\/script>\n<!-- \/ Yoast SEO plugin. -->","yoast_head_json":{"title":"N41 Apparel ERP: recensione software - Accurate Reviews","description":"N41 Apparel ERP: recensione della soluzione all-in-one per aziende di qualsiasi dimensione che puntano a una migliore gestione del flusso di lavoro.","robots":{"index":"index","follow":"follow","max-snippet":"max-snippet:-1","max-image-preview":"max-image-preview:large","max-video-preview":"max-video-preview:-1"},"canonical":"https:\/\/www.accuratereviews.com\/it\/software-erp-lista-software\/n41-apparel-erp-recensione\/","og_locale":"it_IT","og_type":"article","og_title":"N41 Apparel ERP: recensione software - Accurate Reviews","og_description":"N41 Apparel ERP: recensione della soluzione all-in-one per aziende di qualsiasi dimensione che puntano a una migliore gestione del flusso di lavoro.","og_url":"https:\/\/www.accuratereviews.com\/it\/software-erp-lista-software\/n41-apparel-erp-recensione\/","og_site_name":"Accurate Reviews","article_modified_time":"2020-05-28T12:32:36+00:00","og_image":[{"width":225,"height":225,"url":"https:\/\/www.accuratereviews.com\/wp-content\/uploads\/2020\/01\/download-1.jpg","type":"image\/jpeg"}],"twitter_card":"summary_large_image","twitter_misc":{"Tempo di lettura stimato":"3 minuti"},"schema":{"@context":"https:\/\/schema.org","@graph":[{"@type":"WebPage","@id":"https:\/\/www.accuratereviews.com\/it\/software-erp-lista-software\/n41-apparel-erp-recensione\/","url":"https:\/\/www.accuratereviews.com\/it\/software-erp-lista-software\/n41-apparel-erp-recensione\/","name":"N41 Apparel ERP: recensione software - Accurate Reviews","isPartOf":{"@id":"https:\/\/www.accuratereviews.com\/it\/#website"},"primaryImageOfPage":{"@id":"https:\/\/www.accuratereviews.com\/it\/software-erp-lista-software\/n41-apparel-erp-recensione\/#primaryimage"},"image":{"@id":"https:\/\/www.accuratereviews.com\/it\/software-erp-lista-software\/n41-apparel-erp-recensione\/#primaryimage"},"thumbnailUrl":"https:\/\/www.accuratereviews.com\/wp-content\/uploads\/2020\/01\/download-1.jpg","datePublished":"2020-01-28T16:20:16+00:00","dateModified":"2020-05-28T12:32:36+00:00","description":"N41 Apparel ERP: recensione della soluzione all-in-one per aziende di qualsiasi dimensione che puntano a una migliore gestione del flusso di lavoro.","breadcrumb":{"@id":"https:\/\/www.accuratereviews.com\/it\/software-erp-lista-software\/n41-apparel-erp-recensione\/#breadcrumb"},"inLanguage":"it-IT","potentialAction":[{"@type":"ReadAction","target":["https:\/\/www.accuratereviews.com\/it\/software-erp-lista-software\/n41-apparel-erp-recensione\/"]}]},{"@type":"ImageObject","inLanguage":"it-IT","@id":"https:\/\/www.accuratereviews.com\/it\/software-erp-lista-software\/n41-apparel-erp-recensione\/#primaryimage","url":"https:\/\/www.accuratereviews.com\/wp-content\/uploads\/2020\/01\/download-1.jpg","contentUrl":"https:\/\/www.accuratereviews.com\/wp-content\/uploads\/2020\/01\/download-1.jpg","width":225,"height":225},{"@type":"BreadcrumbList","@id":"https:\/\/www.accuratereviews.com\/it\/software-erp-lista-software\/n41-apparel-erp-recensione\/#breadcrumb","itemListElement":[{"@type":"ListItem","position":1,"name":"Home","item":"https:\/\/www.accuratereviews.com\/it\/"},{"@type":"ListItem","position":2,"name":"ERP Software","item":"https:\/\/www.accuratereviews.com\/it\/software-erp-lista-software\/"},{"@type":"ListItem","position":3,"name":"N41 Apparel ERP"}]},{"@type":"WebSite","@id":"https:\/\/www.accuratereviews.com\/it\/#website","url":"https:\/\/www.accuratereviews.com\/it\/","name":"Accurate Reviews","description":"","potentialAction":[{"@type":"SearchAction","target":{"@type":"EntryPoint","urlTemplate":"https:\/\/www.accuratereviews.com\/it\/?s={search_term_string}"},"query-input":{"@type":"PropertyValueSpecification","valueRequired":true,"valueName":"search_term_string"}}],"inLanguage":"it-IT"}]}},"_links":{"self":[{"href":"https:\/\/www.accuratereviews.com\/it\/wp-json\/wp\/v2\/pages\/22604","targetHints":{"allow":["GET"]}}],"collection":[{"href":"https:\/\/www.accuratereviews.com\/it\/wp-json\/wp\/v2\/pages"}],"about":[{"href":"https:\/\/www.accuratereviews.com\/it\/wp-json\/wp\/v2\/types\/page"}],"author":[{"embeddable":true,"href":"https:\/\/www.accuratereviews.com\/it\/wp-json\/wp\/v2\/users\/17"}],"replies":[{"embeddable":true,"href":"https:\/\/www.accuratereviews.com\/it\/wp-json\/wp\/v2\/comments?post=22604"}],"version-history":[{"count":5,"href":"https:\/\/www.accuratereviews.com\/it\/wp-json\/wp\/v2\/pages\/22604\/revisions"}],"predecessor-version":[{"id":26961,"href":"https:\/\/www.accuratereviews.com\/it\/wp-json\/wp\/v2\/pages\/22604\/revisions\/26961"}],"up":[{"embeddable":true,"href":"https:\/\/www.accuratereviews.com\/it\/wp-json\/wp\/v2\/pages\/22029"}],"wp:featuredmedia":[{"embeddable":true,"href":"https:\/\/www.accuratereviews.com\/it\/wp-json\/wp\/v2\/media\/22605"}],"wp:attachment":[{"href":"https:\/\/www.accuratereviews.com\/it\/wp-json\/wp\/v2\/media?parent=22604"}],"wp:term":[{"taxonomy":"category","embeddable":true,"href":"https:\/\/www.accuratereviews.com\/it\/wp-json\/wp\/v2\/categories?post=22604"},{"taxonomy":"post_tag","embeddable":true,"href":"https:\/\/www.accuratereviews.com\/it\/wp-json\/wp\/v2\/tags?post=22604"},{"taxonomy":"features","embeddable":true,"href":"https:\/\/www.accuratereviews.com\/it\/wp-json\/wp\/v2\/features?post=22604"}],"curies":[{"name":"wp","href":"https:\/\/api.w.org\/{rel}","templated":true}]}}