{"id":22611,"date":"2020-01-29T16:45:08","date_gmt":"2020-01-29T16:45:08","guid":{"rendered":"https:\/\/www.accuratereviews.com\/?page_id=22611"},"modified":"2021-05-04T15:00:28","modified_gmt":"2021-05-04T15:00:28","slug":"m1-recensione","status":"publish","type":"page","link":"https:\/\/www.accuratereviews.com\/it\/software-erp-lista-software\/m1-recensione\/","title":{"rendered":"M1"},"content":{"rendered":"<p><strong>M1<\/strong> \u00e8 una <strong>soluzione di pianificazione delle risorse aziendali<\/strong> (ERP), che offre totale integrazione e automazione del tuo lavoro dall&#8217;offerta alla fatturazione. La soluzione \u00e8 sviluppata con l&#8217;obiettivo di migliorare i processi. Ci\u00f2 porta a un risparmio di tempo, risorse e denaro. Tutte le informazioni sono in tempo reale. Strumenti di personalizzazione potenti ma facili da usare che consentono di creare griglie, moduli e report in base alle proprie esigenze. Ad esempio, la funzione Stampa unione ti consente di unire i campi <strong>M1<\/strong> in qualsiasi documento. Altre operazioni che pu\u00f2 svolgere questo programma sono: l&#8217;analisi e produttivit\u00e0 aziendale, grafici, calendari, procedure guidate, esplorazione dell&#8217;inventario e molto altro per aumentare l&#8217;efficienza della tua attivit\u00e0.<\/p>\n<h2>M1 &#8211; TUTORIAL<\/h2>\n<p>Guardiamo questo breve video per comprendere meglio le principali caratteristiche di questo <strong>software ERP<\/strong>:<\/p>\n<div id=\"fluid-wrapper-counter-1\" class=\"g1-fluid-wrapper \" style=\"width:686px;\">\n<div style=\"padding-bottom:56.268221574344%;\"><iframe loading=\"lazy\" title=\"ECi M1 ERP Software Overview video\" width=\"686\" height=\"386\" src=\"https:\/\/www.youtube.com\/embed\/LZiCULdS00w?feature=oembed&amp;wmode=transparent&amp;autohide=1&amp;autoplay=0&amp;disablekb=0&amp;fs=1&amp;loop=0&amp;enablejsapi=1&amp;rel=0&amp;controls=2&amp;showinfo=0&amp;wmode=transparent&amp;autohide=2&amp;autoplay=0&amp;disablekb=0&amp;fs=1&amp;loop=0&amp;enablejsapi=1&amp;rel=0&amp;controls=2&amp;showinfo=1\" frameborder=\"0\" allow=\"accelerometer; autoplay; encrypted-media; gyroscope; picture-in-picture\" allowfullscreen><\/iframe><\/div>\n<\/div>\n<h3>M1 &#8211; CARATTERISTICHE<\/h3>\n<ul>\n<li>Mantenimento dei contattI per clienti e fornitori<\/li>\n<li>Pianificazione della produzione per un uso efficiente delle risorse<\/li>\n<li>Gestione dei lavori di produzione attraverso il calcolo dei costi<\/li>\n<li>Controllo dell&#8217;inventario di materie prime, prodotti finiti ecc.<\/li>\n<li>Analisi delle attivit\u00e0 pre e post vendita<\/li>\n<li>Garantire la qualit\u00e0 e gestire le garanzie<\/li>\n<li>Documentare dettagli di contatto specifici per tutti i clienti e fornitori, inclusi indirizzi email e siti Internet<\/li>\n<li>Gestisci pi\u00f9 posizioni correlate e singoli contatti<\/li>\n<li>Crea attivit\u00e0 e appuntamenti per contatto<\/li>\n<li>Visualizza la disponibilit\u00e0 del prodotto per quantit\u00e0 disponibile, in produzione e in ordine<\/li>\n<li>Collegare societ\u00e0 finanziarie e \/ o rivenditori a un cliente<\/li>\n<\/ul>\n<h4>LE RECENSIONI DEGLI UTENTI<\/h4>\n<h4>Joseph F. &#8220;Revisione amministratore&#8221;<\/h4>\n<p><strong>Commenti<\/strong>: Come persona che non \u00e8 stata coinvolta nell&#8217;acquisto di M1, sono stata contenta della libert\u00e0 e flessibilit\u00e0 che il sistema mi offre come amministratore. La maggior parte dei reclami verrebbe dagli utenti finali che a volte hanno difficolt\u00e0 con l&#8217;interfaccia. Questi reclami sono spesso facilmente risolti con la formazione e il coinvolgimento di super utenti.<\/p>\n<p><strong>Vantaggi<\/strong>: questo software \u00e8 altamente personalizzabile e offre libert\u00e0 per le numerose integrazioni che implementiamo regolarmente.<\/p>\n<p><strong>Inconvenienti<\/strong>: questo software non \u00e8 il pi\u00f9 facile da usare per una parte considerevole dei nostri utenti finali. I clienti con esperienza informatica limitata hanno difficolt\u00e0 a utilizzare l&#8217;interfaccia al di fuori delle attivit\u00e0 che svolgono regolarmente. Questi problemi sono in gran parte facilmente risolti dall&#8217;attenzione regolare da parte degli amministratori del software o degli utenti.<\/p>\n<h4>Lauren B. &#8220;Recensione M1&#8221;<\/h4>\n<p><strong>Commenti<\/strong>: utilizzo quotidianamente il software. Come ho detto, \u00e8 molto facile da usare. Vorrei sapere di pi\u00f9 sulle capacit\u00e0 e su cosa possiamo usarlo nel nostro settore.<\/p>\n<p><strong>Vantaggi<\/strong>: una volta comprese le funzionalit\u00e0 e le modalit\u00e0 di navigazione, \u00e8 un software abbastanza semplice da usare. Le informazioni sono facili da trovare. \u00c8 anche facile richiedere informazioni.<\/p>\n<p><strong>Inconvenienti<\/strong>: non ci sono moduli disponibili che conosciamo che possano aiutare nella formazione per comprendere le funzionalit\u00e0 che M1 ha da offrire. Esistono diverse funzionalit\u00e0 che non utilizziamo. Le funzionalit\u00e0 che desideriamo conoscere meglio sono la pianificazione e la possibilit\u00e0 di integrare un sistema di scansione di codici a barre. Il nostro amministratore IT ha lavorato su questo con M1.<\/p>\n<h4>Benjamin B. &#8220;Buon \u00a0sistema ERP&#8221;<\/h4>\n<p><strong>Vantaggi<\/strong>: il software semplifica la ricerca di molti dati che possono essere esportati e utilizzati secondo necessit\u00e0<\/p>\n<p><strong>Inconvenienti<\/strong>: \u00e8 pi\u00f9 difficile impostare report e personalizzare i campi per gli utenti che non vogliono vedere tutti i dati in background e vogliono solo dettagli<\/p>\n","protected":false},"excerpt":{"rendered":"<p>M1 \u00e8 una soluzione di pianificazione delle risorse aziendali (ERP), che offre totale integrazione e automazione del tuo lavoro dall&#8217;offerta alla fatturazione. La soluzione \u00e8 sviluppata con l&#8217;obiettivo di migliorare i processi. Ci\u00f2 porta a un risparmio di tempo, risorse e denaro. Tutte le informazioni sono in tempo reale.<\/p>\n","protected":false},"author":19,"featured_media":22621,"parent":22029,"menu_order":0,"comment_status":"open","ping_status":"closed","template":"g1_template_page_review_new.php","meta":{"_acf_changed":false,"cwp_meta_box_check":"Yes","cwp_rev_product_name":"","cwp_rev_product_image":"","wppr_links":[],"cwp_rev_price":"","wppr_options":[],"wppr_pros":[],"wppr_cons":[],"_monsterinsights_skip_tracking":false,"_monsterinsights_sitenote_active":false,"_monsterinsights_sitenote_note":"","_monsterinsights_sitenote_category":0,"footnotes":""},"categories":[120,1654],"tags":[1664,1663,1711,1692,923,1667],"features":[],"class_list":{"0":"post-22611","1":"page","2":"type-page","3":"status-publish","4":"has-post-thumbnail","6":"category-crm-it","7":"category-enterprise-resource-planning-software-erp","8":"tag-enterprise-resource-planning","9":"tag-erp","10":"tag-m1","11":"tag-pianificazione-risorse-aziendali","12":"tag-software-erp","13":"tag-soluzione-erp"},"wppr_data":{"cwp_meta_box_check":"Yes","cwp_rev_product_name":"","cwp_rev_product_image":"","cwp_image_link":"image","cwp_rev_price":"","wppr_rating":"0.00"},"acf":[],"yoast_head":"<!-- This site is optimized with the Yoast SEO plugin v27.4 - https:\/\/yoast.com\/product\/yoast-seo-wordpress\/ -->\n<title>M1: recensione software ERP e CRM - Accurate Reviews<\/title>\n<meta name=\"description\" content=\"M1: recensione soluzione di pianificazione risorse aziendali (ERP) che offre integrazione e automazione del tuo lavoro dall&#039;offerta alla fatturazione.\" \/>\n<meta name=\"robots\" content=\"index, follow, max-snippet:-1, max-image-preview:large, max-video-preview:-1\" \/>\n<link rel=\"canonical\" href=\"https:\/\/www.accuratereviews.com\/it\/software-erp-lista-software\/m1-recensione\/\" \/>\n<meta property=\"og:locale\" content=\"it_IT\" \/>\n<meta property=\"og:type\" content=\"article\" \/>\n<meta property=\"og:title\" content=\"M1: recensione software ERP e CRM - Accurate Reviews\" \/>\n<meta property=\"og:description\" content=\"M1: recensione soluzione di pianificazione risorse aziendali (ERP) che offre integrazione e automazione del tuo lavoro dall&#039;offerta alla fatturazione.\" \/>\n<meta property=\"og:url\" content=\"https:\/\/www.accuratereviews.com\/it\/software-erp-lista-software\/m1-recensione\/\" \/>\n<meta property=\"og:site_name\" content=\"Accurate Reviews\" \/>\n<meta property=\"article:modified_time\" content=\"2021-05-04T15:00:28+00:00\" \/>\n<meta property=\"og:image\" content=\"https:\/\/www.accuratereviews.com\/wp-content\/uploads\/2020\/01\/ECI-M1-480.jpg\" \/>\n\t<meta property=\"og:image:width\" content=\"639\" \/>\n\t<meta property=\"og:image:height\" content=\"360\" \/>\n\t<meta property=\"og:image:type\" content=\"image\/jpeg\" \/>\n<meta name=\"twitter:card\" content=\"summary_large_image\" \/>\n<meta name=\"twitter:label1\" content=\"Tempo di lettura stimato\" \/>\n\t<meta name=\"twitter:data1\" content=\"3 minuti\" \/>\n<script type=\"application\/ld+json\" class=\"yoast-schema-graph\">{\"@context\":\"https:\\\/\\\/schema.org\",\"@graph\":[{\"@type\":\"WebPage\",\"@id\":\"https:\\\/\\\/www.accuratereviews.com\\\/it\\\/software-erp-lista-software\\\/m1-recensione\\\/\",\"url\":\"https:\\\/\\\/www.accuratereviews.com\\\/it\\\/software-erp-lista-software\\\/m1-recensione\\\/\",\"name\":\"M1: recensione software ERP e CRM - Accurate Reviews\",\"isPartOf\":{\"@id\":\"https:\\\/\\\/www.accuratereviews.com\\\/it\\\/#website\"},\"primaryImageOfPage\":{\"@id\":\"https:\\\/\\\/www.accuratereviews.com\\\/it\\\/software-erp-lista-software\\\/m1-recensione\\\/#primaryimage\"},\"image\":{\"@id\":\"https:\\\/\\\/www.accuratereviews.com\\\/it\\\/software-erp-lista-software\\\/m1-recensione\\\/#primaryimage\"},\"thumbnailUrl\":\"https:\\\/\\\/www.accuratereviews.com\\\/wp-content\\\/uploads\\\/2020\\\/01\\\/ECI-M1-480.jpg\",\"datePublished\":\"2020-01-29T16:45:08+00:00\",\"dateModified\":\"2021-05-04T15:00:28+00:00\",\"description\":\"M1: recensione soluzione di pianificazione risorse aziendali (ERP) che offre integrazione e automazione del tuo lavoro dall'offerta alla fatturazione.\",\"breadcrumb\":{\"@id\":\"https:\\\/\\\/www.accuratereviews.com\\\/it\\\/software-erp-lista-software\\\/m1-recensione\\\/#breadcrumb\"},\"inLanguage\":\"it-IT\",\"potentialAction\":[{\"@type\":\"ReadAction\",\"target\":[\"https:\\\/\\\/www.accuratereviews.com\\\/it\\\/software-erp-lista-software\\\/m1-recensione\\\/\"]}]},{\"@type\":\"ImageObject\",\"inLanguage\":\"it-IT\",\"@id\":\"https:\\\/\\\/www.accuratereviews.com\\\/it\\\/software-erp-lista-software\\\/m1-recensione\\\/#primaryimage\",\"url\":\"https:\\\/\\\/www.accuratereviews.com\\\/wp-content\\\/uploads\\\/2020\\\/01\\\/ECI-M1-480.jpg\",\"contentUrl\":\"https:\\\/\\\/www.accuratereviews.com\\\/wp-content\\\/uploads\\\/2020\\\/01\\\/ECI-M1-480.jpg\",\"width\":639,\"height\":360},{\"@type\":\"BreadcrumbList\",\"@id\":\"https:\\\/\\\/www.accuratereviews.com\\\/it\\\/software-erp-lista-software\\\/m1-recensione\\\/#breadcrumb\",\"itemListElement\":[{\"@type\":\"ListItem\",\"position\":1,\"name\":\"Home\",\"item\":\"https:\\\/\\\/www.accuratereviews.com\\\/it\\\/\"},{\"@type\":\"ListItem\",\"position\":2,\"name\":\"ERP Software\",\"item\":\"https:\\\/\\\/www.accuratereviews.com\\\/it\\\/software-erp-lista-software\\\/\"},{\"@type\":\"ListItem\",\"position\":3,\"name\":\"M1\"}]},{\"@type\":\"WebSite\",\"@id\":\"https:\\\/\\\/www.accuratereviews.com\\\/it\\\/#website\",\"url\":\"https:\\\/\\\/www.accuratereviews.com\\\/it\\\/\",\"name\":\"Accurate Reviews\",\"description\":\"\",\"potentialAction\":[{\"@type\":\"SearchAction\",\"target\":{\"@type\":\"EntryPoint\",\"urlTemplate\":\"https:\\\/\\\/www.accuratereviews.com\\\/it\\\/?s={search_term_string}\"},\"query-input\":{\"@type\":\"PropertyValueSpecification\",\"valueRequired\":true,\"valueName\":\"search_term_string\"}}],\"inLanguage\":\"it-IT\"}]}<\/script>\n<!-- \/ Yoast SEO plugin. -->","yoast_head_json":{"title":"M1: recensione software ERP e CRM - Accurate Reviews","description":"M1: recensione soluzione di pianificazione risorse aziendali (ERP) che offre integrazione e automazione del tuo lavoro dall'offerta alla fatturazione.","robots":{"index":"index","follow":"follow","max-snippet":"max-snippet:-1","max-image-preview":"max-image-preview:large","max-video-preview":"max-video-preview:-1"},"canonical":"https:\/\/www.accuratereviews.com\/it\/software-erp-lista-software\/m1-recensione\/","og_locale":"it_IT","og_type":"article","og_title":"M1: recensione software ERP e CRM - Accurate Reviews","og_description":"M1: recensione soluzione di pianificazione risorse aziendali (ERP) che offre integrazione e automazione del tuo lavoro dall'offerta alla fatturazione.","og_url":"https:\/\/www.accuratereviews.com\/it\/software-erp-lista-software\/m1-recensione\/","og_site_name":"Accurate Reviews","article_modified_time":"2021-05-04T15:00:28+00:00","og_image":[{"width":639,"height":360,"url":"https:\/\/www.accuratereviews.com\/wp-content\/uploads\/2020\/01\/ECI-M1-480.jpg","type":"image\/jpeg"}],"twitter_card":"summary_large_image","twitter_misc":{"Tempo di lettura stimato":"3 minuti"},"schema":{"@context":"https:\/\/schema.org","@graph":[{"@type":"WebPage","@id":"https:\/\/www.accuratereviews.com\/it\/software-erp-lista-software\/m1-recensione\/","url":"https:\/\/www.accuratereviews.com\/it\/software-erp-lista-software\/m1-recensione\/","name":"M1: recensione software ERP e CRM - Accurate Reviews","isPartOf":{"@id":"https:\/\/www.accuratereviews.com\/it\/#website"},"primaryImageOfPage":{"@id":"https:\/\/www.accuratereviews.com\/it\/software-erp-lista-software\/m1-recensione\/#primaryimage"},"image":{"@id":"https:\/\/www.accuratereviews.com\/it\/software-erp-lista-software\/m1-recensione\/#primaryimage"},"thumbnailUrl":"https:\/\/www.accuratereviews.com\/wp-content\/uploads\/2020\/01\/ECI-M1-480.jpg","datePublished":"2020-01-29T16:45:08+00:00","dateModified":"2021-05-04T15:00:28+00:00","description":"M1: recensione soluzione di pianificazione risorse aziendali (ERP) che offre integrazione e automazione del tuo lavoro dall'offerta alla fatturazione.","breadcrumb":{"@id":"https:\/\/www.accuratereviews.com\/it\/software-erp-lista-software\/m1-recensione\/#breadcrumb"},"inLanguage":"it-IT","potentialAction":[{"@type":"ReadAction","target":["https:\/\/www.accuratereviews.com\/it\/software-erp-lista-software\/m1-recensione\/"]}]},{"@type":"ImageObject","inLanguage":"it-IT","@id":"https:\/\/www.accuratereviews.com\/it\/software-erp-lista-software\/m1-recensione\/#primaryimage","url":"https:\/\/www.accuratereviews.com\/wp-content\/uploads\/2020\/01\/ECI-M1-480.jpg","contentUrl":"https:\/\/www.accuratereviews.com\/wp-content\/uploads\/2020\/01\/ECI-M1-480.jpg","width":639,"height":360},{"@type":"BreadcrumbList","@id":"https:\/\/www.accuratereviews.com\/it\/software-erp-lista-software\/m1-recensione\/#breadcrumb","itemListElement":[{"@type":"ListItem","position":1,"name":"Home","item":"https:\/\/www.accuratereviews.com\/it\/"},{"@type":"ListItem","position":2,"name":"ERP Software","item":"https:\/\/www.accuratereviews.com\/it\/software-erp-lista-software\/"},{"@type":"ListItem","position":3,"name":"M1"}]},{"@type":"WebSite","@id":"https:\/\/www.accuratereviews.com\/it\/#website","url":"https:\/\/www.accuratereviews.com\/it\/","name":"Accurate Reviews","description":"","potentialAction":[{"@type":"SearchAction","target":{"@type":"EntryPoint","urlTemplate":"https:\/\/www.accuratereviews.com\/it\/?s={search_term_string}"},"query-input":{"@type":"PropertyValueSpecification","valueRequired":true,"valueName":"search_term_string"}}],"inLanguage":"it-IT"}]}},"_links":{"self":[{"href":"https:\/\/www.accuratereviews.com\/it\/wp-json\/wp\/v2\/pages\/22611","targetHints":{"allow":["GET"]}}],"collection":[{"href":"https:\/\/www.accuratereviews.com\/it\/wp-json\/wp\/v2\/pages"}],"about":[{"href":"https:\/\/www.accuratereviews.com\/it\/wp-json\/wp\/v2\/types\/page"}],"author":[{"embeddable":true,"href":"https:\/\/www.accuratereviews.com\/it\/wp-json\/wp\/v2\/users\/19"}],"replies":[{"embeddable":true,"href":"https:\/\/www.accuratereviews.com\/it\/wp-json\/wp\/v2\/comments?post=22611"}],"version-history":[{"count":7,"href":"https:\/\/www.accuratereviews.com\/it\/wp-json\/wp\/v2\/pages\/22611\/revisions"}],"predecessor-version":[{"id":41854,"href":"https:\/\/www.accuratereviews.com\/it\/wp-json\/wp\/v2\/pages\/22611\/revisions\/41854"}],"up":[{"embeddable":true,"href":"https:\/\/www.accuratereviews.com\/it\/wp-json\/wp\/v2\/pages\/22029"}],"wp:featuredmedia":[{"embeddable":true,"href":"https:\/\/www.accuratereviews.com\/it\/wp-json\/wp\/v2\/media\/22621"}],"wp:attachment":[{"href":"https:\/\/www.accuratereviews.com\/it\/wp-json\/wp\/v2\/media?parent=22611"}],"wp:term":[{"taxonomy":"category","embeddable":true,"href":"https:\/\/www.accuratereviews.com\/it\/wp-json\/wp\/v2\/categories?post=22611"},{"taxonomy":"post_tag","embeddable":true,"href":"https:\/\/www.accuratereviews.com\/it\/wp-json\/wp\/v2\/tags?post=22611"},{"taxonomy":"features","embeddable":true,"href":"https:\/\/www.accuratereviews.com\/it\/wp-json\/wp\/v2\/features?post=22611"}],"curies":[{"name":"wp","href":"https:\/\/api.w.org\/{rel}","templated":true}]}}