{"id":22628,"date":"2020-01-29T16:46:05","date_gmt":"2020-01-29T16:46:05","guid":{"rendered":"https:\/\/www.accuratereviews.com\/?page_id=22628"},"modified":"2023-02-10T09:04:30","modified_gmt":"2023-02-10T09:04:30","slug":"aace-recensione","status":"publish","type":"page","link":"https:\/\/www.accuratereviews.com\/it\/software-erp-lista-software\/aace-recensione\/","title":{"rendered":"aACE"},"content":{"rendered":"<p><strong>aACE<\/strong> offre <strong>software di gestione aziendale<\/strong> on-premise basati su <strong>cloud<\/strong>. I moduli includono contabilit\u00e0, gestione delle relazioni con i clienti (<strong>CRM<\/strong>), pianificazione delle risorse aziendali (<strong>ERP<\/strong>), organizzazione delle scorte e degli ordini e gestione della produzione.\u00a0Altre caratteristiche comprendono la \u00a0spedizione, il calendario e la pianificazione. Il modulo di contabilit\u00e0 offre funzionalit\u00e0 di contabilit\u00e0 generale, tracciabilit\u00e0 dei lead e bilancio. Il <strong>CRM<\/strong> consente agli utenti di coordinare le relazioni con fornitori e partner, nonch\u00e9 di monitorare vendite, preventivi e prestazioni aziendali complessive. La soluzione <strong>ERP<\/strong> integra strumenti di vendita, operazioni e contabilit\u00e0. \u00c8\u00a0disponibile anche app per dispositivi mobili iOS.<\/p>\n<h2>AACE &#8211; TUTORIAL<\/h2>\n<p>Guarda il video che segue per scoprire l&#8217;efficacia di questo <strong>software ERP e CRM<\/strong>:<\/p>\n<div id=\"fluid-wrapper-counter-1\" class=\"g1-fluid-wrapper \" style=\"width:686px;\">\n<div style=\"padding-bottom:56.268221574344%;\"><iframe loading=\"lazy\" title=\"aACE Basics\" width=\"686\" height=\"386\" src=\"https:\/\/www.youtube.com\/embed\/Syc178_xwQc?list=PLqvmJpekZqg38CVTdXyceEnx0zcDneET6\" frameborder=\"0\" allow=\"accelerometer; autoplay; clipboard-write; encrypted-media; gyroscope; picture-in-picture; web-share\" allowfullscreen><\/iframe><\/div>\n<\/div>\n<h3>AACE &#8211; CARATTERISTICHE<\/h3>\n<ul>\n<li><strong>Contabilit\u00e0<\/strong>: \u00e8 una soluzione di contabilit\u00e0 completa. Integrata con le parti CRM ed ERP del software, consente ai tuoi manager di tenere traccia di una vendita dal lead al bilancio. Utilizzando le funzionalit\u00e0 di drill-down e drill-around, i controller possono facilmente passare da una singola voce nel GL a qualsiasi punto della catena di transazioni<\/li>\n<li><strong>Pianificazione delle risorse<\/strong>: integra perfettamente vendite, operazioni e contabilit\u00e0. Questa soluzione completa consente di aumentare la visibilit\u00e0, automatizzare molti flussi di lavoro, eliminare l&#8217;immissione di dati duplicati e ridurre gli errori. Aumenta la velocit\u00e0 e la precisione delle tue operazioni quotidiane<\/li>\n<li><strong>Gestione degli ordini<\/strong>: La gestione del processo di evasione degli ordini \u00e8 probabilmente l&#8217;aspetto pi\u00f9 difficile della tua attivit\u00e0. Autorizza i tuoi ordini con gli strumenti di cui hai bisogno per svolgere il tuo lavoro in modo rapido e preciso. Ridurre i tempi di transazione in pochi minuti, eliminare gli errori, garantire la conformit\u00e0, migliorare la supervisione e aumentare la soddisfazione dei clienti<\/li>\n<li><strong>Spedizione e ricevimento<\/strong>: padroneggia il tuo processo di prelievo, imballaggio e spedizione. Consente al team di pianificare correttamente le spedizioni, fatturare accuratamente i clienti, impedire la spedizione di merci non pagate e riconciliare le dichiarazioni del corriere. Colma il divario tra il tuo reparto spedizioni e il resto della tua squadra.<\/li>\n<li><strong>Gestione rapporti con i clienti:<\/strong>\u00a0offre una visione a 360 \u00b0 delle relazioni commerciali e offre una solida infrastruttura di vendita e quotazione<\/li>\n<li><strong>Produzione<\/strong>: ti aiuta a coordinare le molte parti mobili del processo di produzione, tra cui il monitoraggio del lavoro, la gestione delle attivit\u00e0, l&#8217;immissione dei tempi, l&#8217;applicazione di inventario, gli acquisti e le risorse digitali correlate. Elimina pi\u00f9 sistemi e fogli di calcolo e riduci i tempi di consegna con la soluzione completa<\/li>\n<li><strong>Calendario e programma<\/strong>: \u00a0il calendario aACE ti consente di assumere il controllo del programma della tua azienda. Compiti, ordini, spedizioni, lead di vendita e altro vengono visualizzati automaticamente nel calendario, garantendo la piena visibilit\u00e0 delle operazioni della tua azienda. Le opzioni di filtro avanzate ti consentono di focalizzare rapidamente la tua vista (ad esempio tutti gli eventi relativi a un particolare cliente).<\/li>\n<\/ul>\n<h4>LE RECENSIONI DEGLI UTENTI<\/h4>\n<h4>Lance C. &#8220;Software gestionale completo adattabile&#8221;<\/h4>\n<p><strong>Commenti<\/strong>: aACe ci ha aiutato a riunire tutte le funzioni dell&#8217;azienda in un unico sistema. Questo ci ha aiutato ad automatizzare i report ed evitare la necessit\u00e0 di ulteriori controlli incrociati tra i sistemi.<\/p>\n<p><strong>Vantaggi<\/strong>: aAce, \u00e8 stato per noi un ottimo strumento di gestione. Avevamo bisogno di una soluzione flessibile per adattarsi a un&#8217;attivit\u00e0 eccentrica, ma anche di una struttura che ci avrebbe aiutato a seguire GAAP e altri aspetti specifici delle migliori pratiche. Come per qualsiasi implementazione di sistemi di grandi dimensioni, ci\u00f2 ha richiesto tempo, denaro e adattamenti. Ora siamo molto contenti di dove siamo.<\/p>\n<p><strong>Inconvenienti<\/strong>: la mancanza di un manuale di istruzioni e limiti nel database &#8220;help&#8221; \u00e8 stata una sfida per gli utenti.<\/p>\n<h4>David H. &#8220;aACE per la vittoria&#8221;<\/h4>\n<p><strong>Vantaggi<\/strong>: i moduli di contabilit\u00e0 e inventario completamente integrati, le molteplici integrazioni integrate con i sistemi esterni e il fatto che si \u00e8 basato sulla piattaforma FileMaker ci hanno permesso di implementare un sistema ERP robusto e altamente personalizzato a una frazione del costo tipico. Siamo stati in grado di integrare aACE con i nostri sistemi preesistenti per consentire una transizione controllata e graduale dall&#8217;eredit\u00e0 alla nuova con interruzioni minime alle operazioni quotidiane.<\/p>\n<p><strong>Inconvenienti<\/strong>: non lo definirei di per s\u00e9 antipatia, ma la mia pi\u00f9 grande sfida consisteva semplicemente nell&#8217;adattarmi a un sistema le cui convenzioni di interfaccia non erano del mio progetto. Il paradigma di List View che aACE usa inizialmente mi era estraneo, ma col tempo ho riconosciuto i vantaggi che ne derivano.<\/p>\n<h4>Svetlana K. &#8220;aACE ha sostituito 3 software utilizzati per gestire la nostra attivit\u00e0&#8221;.<\/h4>\n<p><strong>Commenti<\/strong>: Abbiamo gestito la nostra attivit\u00e0 in aACE per quasi 4 anni. Siamo sicuramente cresciuti in competenza, capacit\u00e0 ed efficienza.<br \/>\nOgni anno esaminiamo come migliorare ulteriormente i nostri processi all&#8217;interno di AACE.<\/p>\n<p><strong>Vantaggi<\/strong>: aACE \u00e8 un software intuitivo e ha un&#8217;interfaccia piacevole. Pu\u00f2 fare molto allo stesso tempo: gestire i processi contabili, la gestione aziendale, i conti CRM, creare progetti, attivit\u00e0, lavori, gestire i registri dei dipendenti. La nostra azienda gestiva l&#8217;attivit\u00e0 utilizzando non solo File Maker ma anche QuickBooks, Word, Excel. Dopo aver implementato aACE, abbiamo smesso di utilizzare QB per la contabilit\u00e0, Word per proposte, Excel per report di grandi dimensioni. Ora tutto \u00e8 fatto in aACE.<br \/>\nQuello che mi piace di pi\u00f9 \u00e8 che i record sono collegati e puoi passare, ad esempio, da un ordine cliente a relativi ordini di acquisto, fatture, attivit\u00e0, spedizioni, ecc. Puoi tenere traccia di molte cose. \u00c8 possibile impostare le preferenze dell&#8217;utente e molti privilegi di accesso personalizzati.<br \/>\nC&#8217;\u00e8 anche una funzione interessante per ordinare i record e perfezionare la tua ricerca.<\/p>\n<p><strong>Inconvenienti<\/strong>: poich\u00e9 la nostra attivit\u00e0 \u00e8 piuttosto unica nelle operazioni, spesso abbiamo bisogno di creare campi personalizzati. Ci\u00f2 richiede tempo e pu\u00f2 essere costoso.<\/p>\n","protected":false},"excerpt":{"rendered":"<p>aACE offre software di gestione aziendale on-premise basati su cloud. I moduli includono contabilit\u00e0, gestione delle relazioni con i clienti (CRM), pianificazione delle risorse aziendali (ERP), organizzazione delle scorte e degli ordini e gestione della produzione.\u00a0Altre caratteristiche comprendono la \u00a0spedizione, il calendario e la pianificazione.<\/p>\n","protected":false},"author":19,"featured_media":22629,"parent":22029,"menu_order":0,"comment_status":"open","ping_status":"closed","template":"g1_template_page_review_new.php","meta":{"_acf_changed":false,"cwp_meta_box_check":"Yes","cwp_rev_product_name":"","cwp_rev_product_image":"","wppr_links":[],"cwp_rev_price":"","wppr_options":[{"name":"Usability","value":"0"},{"name":"Speed","value":"0"},{"name":"Features","value":"0"},{"name":"Support","value":"0"},{"name":"Pricing","value":"0"}],"wppr_pros":["","","","",""],"wppr_cons":["","","","",""],"_monsterinsights_skip_tracking":false,"_monsterinsights_sitenote_active":false,"_monsterinsights_sitenote_note":"","_monsterinsights_sitenote_category":0,"footnotes":""},"categories":[120,1654],"tags":[396,1837,923,1239,1667],"features":[],"class_list":{"0":"post-22628","1":"page","2":"type-page","3":"status-publish","4":"has-post-thumbnail","6":"category-crm-it","7":"category-enterprise-resource-planning-software-erp","8":"tag-cloud","9":"tag-software-crm-2-it","10":"tag-software-erp","11":"tag-soluzione-crm","12":"tag-soluzione-erp"},"wppr_data":{"cwp_meta_box_check":"Yes","cwp_rev_product_name":"","_wppr_review_template":"default","cwp_rev_product_image":"","cwp_image_link":"image","wppr_links":[],"cwp_rev_price":"","wppr_pros":["","","","",""],"wppr_cons":["","","","",""],"wppr_rating":"0.00","wppr_options":{"1":{"name":"Usability","value":"0"},"2":{"name":"Speed","value":"0"},"3":{"name":"Features","value":"0"},"4":{"name":"Support","value":"0"},"5":{"name":"Pricing","value":"0"}},"wppr_review_type":"Product","wppr_review_custom_fields":{"additionalProperty":"","additionalType":"","aggregateRating":"","alternateName":"","audience":"","award":"","awards":"","brand":"","color":"","depth":"","description":"","disambiguatingDescription":"","gtin12":"","gtin13":"","gtin14":"","gtin8":"","height":"","identifier":"","image":"","isAccessoryOrSparePartFor":"","isConsumableFor":"","isRelatedTo":"","isSimilarTo":"","itemCondition":"","logo":"","mainEntityOfPage":"","manufacturer":"","material":"","model":"","mpn":"","name":"","offers":"","potentialAction":"","productID":"","productionDate":"","purchaseDate":"","releaseDate":"","review":"","reviews":"","sameAs":"","sku":"","slogan":"","subjectOf":"","url":"","weight":"","width":""}},"acf":[],"yoast_head":"<!-- This site is optimized with the Yoast SEO plugin v27.4 - https:\/\/yoast.com\/product\/yoast-seo-wordpress\/ -->\n<title>aACE: recensione software ERP e CRM - Accurate Reviews<\/title>\n<meta name=\"description\" content=\"aACE: recensione software di gestione aziendale on-premise basato su cloud. Semplice e modulare questo programma aiuta la tua impresa a migliorare.\" \/>\n<meta name=\"robots\" content=\"index, follow, max-snippet:-1, max-image-preview:large, max-video-preview:-1\" \/>\n<link rel=\"canonical\" href=\"https:\/\/www.accuratereviews.com\/it\/software-erp-lista-software\/aace-recensione\/\" \/>\n<meta property=\"og:locale\" content=\"it_IT\" \/>\n<meta property=\"og:type\" content=\"article\" \/>\n<meta property=\"og:title\" content=\"aACE: recensione software ERP e CRM - Accurate Reviews\" \/>\n<meta property=\"og:description\" content=\"aACE: recensione software di gestione aziendale on-premise basato su cloud. Semplice e modulare questo programma aiuta la tua impresa a migliorare.\" \/>\n<meta property=\"og:url\" content=\"https:\/\/www.accuratereviews.com\/it\/software-erp-lista-software\/aace-recensione\/\" \/>\n<meta property=\"og:site_name\" content=\"Accurate Reviews\" \/>\n<meta property=\"article:modified_time\" content=\"2023-02-10T09:04:30+00:00\" \/>\n<meta property=\"og:image\" content=\"https:\/\/www.accuratereviews.com\/wp-content\/uploads\/2020\/01\/AACE.png\" \/>\n\t<meta property=\"og:image:width\" content=\"360\" \/>\n\t<meta property=\"og:image:height\" content=\"360\" \/>\n\t<meta property=\"og:image:type\" content=\"image\/png\" \/>\n<meta name=\"twitter:card\" content=\"summary_large_image\" \/>\n<meta name=\"twitter:label1\" content=\"Tempo di lettura stimato\" \/>\n\t<meta name=\"twitter:data1\" content=\"5 minuti\" \/>\n<script type=\"application\/ld+json\" class=\"yoast-schema-graph\">{\"@context\":\"https:\\\/\\\/schema.org\",\"@graph\":[{\"@type\":\"WebPage\",\"@id\":\"https:\\\/\\\/www.accuratereviews.com\\\/it\\\/software-erp-lista-software\\\/aace-recensione\\\/\",\"url\":\"https:\\\/\\\/www.accuratereviews.com\\\/it\\\/software-erp-lista-software\\\/aace-recensione\\\/\",\"name\":\"aACE: recensione software ERP e CRM - Accurate Reviews\",\"isPartOf\":{\"@id\":\"https:\\\/\\\/www.accuratereviews.com\\\/it\\\/#website\"},\"primaryImageOfPage\":{\"@id\":\"https:\\\/\\\/www.accuratereviews.com\\\/it\\\/software-erp-lista-software\\\/aace-recensione\\\/#primaryimage\"},\"image\":{\"@id\":\"https:\\\/\\\/www.accuratereviews.com\\\/it\\\/software-erp-lista-software\\\/aace-recensione\\\/#primaryimage\"},\"thumbnailUrl\":\"https:\\\/\\\/www.accuratereviews.com\\\/wp-content\\\/uploads\\\/2020\\\/01\\\/AACE.png\",\"datePublished\":\"2020-01-29T16:46:05+00:00\",\"dateModified\":\"2023-02-10T09:04:30+00:00\",\"description\":\"aACE: recensione software di gestione aziendale on-premise basato su cloud. Semplice e modulare questo programma aiuta la tua impresa a migliorare.\",\"breadcrumb\":{\"@id\":\"https:\\\/\\\/www.accuratereviews.com\\\/it\\\/software-erp-lista-software\\\/aace-recensione\\\/#breadcrumb\"},\"inLanguage\":\"it-IT\",\"potentialAction\":[{\"@type\":\"ReadAction\",\"target\":[\"https:\\\/\\\/www.accuratereviews.com\\\/it\\\/software-erp-lista-software\\\/aace-recensione\\\/\"]}]},{\"@type\":\"ImageObject\",\"inLanguage\":\"it-IT\",\"@id\":\"https:\\\/\\\/www.accuratereviews.com\\\/it\\\/software-erp-lista-software\\\/aace-recensione\\\/#primaryimage\",\"url\":\"https:\\\/\\\/www.accuratereviews.com\\\/wp-content\\\/uploads\\\/2020\\\/01\\\/AACE.png\",\"contentUrl\":\"https:\\\/\\\/www.accuratereviews.com\\\/wp-content\\\/uploads\\\/2020\\\/01\\\/AACE.png\",\"width\":360,\"height\":360},{\"@type\":\"BreadcrumbList\",\"@id\":\"https:\\\/\\\/www.accuratereviews.com\\\/it\\\/software-erp-lista-software\\\/aace-recensione\\\/#breadcrumb\",\"itemListElement\":[{\"@type\":\"ListItem\",\"position\":1,\"name\":\"Home\",\"item\":\"https:\\\/\\\/www.accuratereviews.com\\\/it\\\/\"},{\"@type\":\"ListItem\",\"position\":2,\"name\":\"ERP Software\",\"item\":\"https:\\\/\\\/www.accuratereviews.com\\\/it\\\/software-erp-lista-software\\\/\"},{\"@type\":\"ListItem\",\"position\":3,\"name\":\"aACE\"}]},{\"@type\":\"WebSite\",\"@id\":\"https:\\\/\\\/www.accuratereviews.com\\\/it\\\/#website\",\"url\":\"https:\\\/\\\/www.accuratereviews.com\\\/it\\\/\",\"name\":\"Accurate Reviews\",\"description\":\"\",\"potentialAction\":[{\"@type\":\"SearchAction\",\"target\":{\"@type\":\"EntryPoint\",\"urlTemplate\":\"https:\\\/\\\/www.accuratereviews.com\\\/it\\\/?s={search_term_string}\"},\"query-input\":{\"@type\":\"PropertyValueSpecification\",\"valueRequired\":true,\"valueName\":\"search_term_string\"}}],\"inLanguage\":\"it-IT\"}]}<\/script>\n<!-- \/ Yoast SEO plugin. -->","yoast_head_json":{"title":"aACE: recensione software ERP e CRM - Accurate Reviews","description":"aACE: recensione software di gestione aziendale on-premise basato su cloud. Semplice e modulare questo programma aiuta la tua impresa a migliorare.","robots":{"index":"index","follow":"follow","max-snippet":"max-snippet:-1","max-image-preview":"max-image-preview:large","max-video-preview":"max-video-preview:-1"},"canonical":"https:\/\/www.accuratereviews.com\/it\/software-erp-lista-software\/aace-recensione\/","og_locale":"it_IT","og_type":"article","og_title":"aACE: recensione software ERP e CRM - Accurate Reviews","og_description":"aACE: recensione software di gestione aziendale on-premise basato su cloud. Semplice e modulare questo programma aiuta la tua impresa a migliorare.","og_url":"https:\/\/www.accuratereviews.com\/it\/software-erp-lista-software\/aace-recensione\/","og_site_name":"Accurate Reviews","article_modified_time":"2023-02-10T09:04:30+00:00","og_image":[{"width":360,"height":360,"url":"https:\/\/www.accuratereviews.com\/wp-content\/uploads\/2020\/01\/AACE.png","type":"image\/png"}],"twitter_card":"summary_large_image","twitter_misc":{"Tempo di lettura stimato":"5 minuti"},"schema":{"@context":"https:\/\/schema.org","@graph":[{"@type":"WebPage","@id":"https:\/\/www.accuratereviews.com\/it\/software-erp-lista-software\/aace-recensione\/","url":"https:\/\/www.accuratereviews.com\/it\/software-erp-lista-software\/aace-recensione\/","name":"aACE: recensione software ERP e CRM - Accurate Reviews","isPartOf":{"@id":"https:\/\/www.accuratereviews.com\/it\/#website"},"primaryImageOfPage":{"@id":"https:\/\/www.accuratereviews.com\/it\/software-erp-lista-software\/aace-recensione\/#primaryimage"},"image":{"@id":"https:\/\/www.accuratereviews.com\/it\/software-erp-lista-software\/aace-recensione\/#primaryimage"},"thumbnailUrl":"https:\/\/www.accuratereviews.com\/wp-content\/uploads\/2020\/01\/AACE.png","datePublished":"2020-01-29T16:46:05+00:00","dateModified":"2023-02-10T09:04:30+00:00","description":"aACE: recensione software di gestione aziendale on-premise basato su cloud. Semplice e modulare questo programma aiuta la tua impresa a migliorare.","breadcrumb":{"@id":"https:\/\/www.accuratereviews.com\/it\/software-erp-lista-software\/aace-recensione\/#breadcrumb"},"inLanguage":"it-IT","potentialAction":[{"@type":"ReadAction","target":["https:\/\/www.accuratereviews.com\/it\/software-erp-lista-software\/aace-recensione\/"]}]},{"@type":"ImageObject","inLanguage":"it-IT","@id":"https:\/\/www.accuratereviews.com\/it\/software-erp-lista-software\/aace-recensione\/#primaryimage","url":"https:\/\/www.accuratereviews.com\/wp-content\/uploads\/2020\/01\/AACE.png","contentUrl":"https:\/\/www.accuratereviews.com\/wp-content\/uploads\/2020\/01\/AACE.png","width":360,"height":360},{"@type":"BreadcrumbList","@id":"https:\/\/www.accuratereviews.com\/it\/software-erp-lista-software\/aace-recensione\/#breadcrumb","itemListElement":[{"@type":"ListItem","position":1,"name":"Home","item":"https:\/\/www.accuratereviews.com\/it\/"},{"@type":"ListItem","position":2,"name":"ERP Software","item":"https:\/\/www.accuratereviews.com\/it\/software-erp-lista-software\/"},{"@type":"ListItem","position":3,"name":"aACE"}]},{"@type":"WebSite","@id":"https:\/\/www.accuratereviews.com\/it\/#website","url":"https:\/\/www.accuratereviews.com\/it\/","name":"Accurate Reviews","description":"","potentialAction":[{"@type":"SearchAction","target":{"@type":"EntryPoint","urlTemplate":"https:\/\/www.accuratereviews.com\/it\/?s={search_term_string}"},"query-input":{"@type":"PropertyValueSpecification","valueRequired":true,"valueName":"search_term_string"}}],"inLanguage":"it-IT"}]}},"_links":{"self":[{"href":"https:\/\/www.accuratereviews.com\/it\/wp-json\/wp\/v2\/pages\/22628","targetHints":{"allow":["GET"]}}],"collection":[{"href":"https:\/\/www.accuratereviews.com\/it\/wp-json\/wp\/v2\/pages"}],"about":[{"href":"https:\/\/www.accuratereviews.com\/it\/wp-json\/wp\/v2\/types\/page"}],"author":[{"embeddable":true,"href":"https:\/\/www.accuratereviews.com\/it\/wp-json\/wp\/v2\/users\/19"}],"replies":[{"embeddable":true,"href":"https:\/\/www.accuratereviews.com\/it\/wp-json\/wp\/v2\/comments?post=22628"}],"version-history":[{"count":10,"href":"https:\/\/www.accuratereviews.com\/it\/wp-json\/wp\/v2\/pages\/22628\/revisions"}],"predecessor-version":[{"id":67115,"href":"https:\/\/www.accuratereviews.com\/it\/wp-json\/wp\/v2\/pages\/22628\/revisions\/67115"}],"up":[{"embeddable":true,"href":"https:\/\/www.accuratereviews.com\/it\/wp-json\/wp\/v2\/pages\/22029"}],"wp:featuredmedia":[{"embeddable":true,"href":"https:\/\/www.accuratereviews.com\/it\/wp-json\/wp\/v2\/media\/22629"}],"wp:attachment":[{"href":"https:\/\/www.accuratereviews.com\/it\/wp-json\/wp\/v2\/media?parent=22628"}],"wp:term":[{"taxonomy":"category","embeddable":true,"href":"https:\/\/www.accuratereviews.com\/it\/wp-json\/wp\/v2\/categories?post=22628"},{"taxonomy":"post_tag","embeddable":true,"href":"https:\/\/www.accuratereviews.com\/it\/wp-json\/wp\/v2\/tags?post=22628"},{"taxonomy":"features","embeddable":true,"href":"https:\/\/www.accuratereviews.com\/it\/wp-json\/wp\/v2\/features?post=22628"}],"curies":[{"name":"wp","href":"https:\/\/api.w.org\/{rel}","templated":true}]}}