{"id":22637,"date":"2020-01-29T18:56:04","date_gmt":"2020-01-29T18:56:04","guid":{"rendered":"https:\/\/www.accuratereviews.com\/?page_id=22637"},"modified":"2021-05-10T14:16:37","modified_gmt":"2021-05-10T14:16:37","slug":"aptean-ross-erp-recensione","status":"publish","type":"page","link":"https:\/\/www.accuratereviews.com\/it\/software-erp-lista-software\/aptean-ross-erp-recensione\/","title":{"rendered":"Aptean Ross ERP"},"content":{"rendered":"<p><strong>Aptean Ross ERP<\/strong> \u00e8 un <strong>software di Enterprise Resource Planning<\/strong> che supporta i processi aziendali per la pianificazione, produzione, approvvigionamento, inventario, vendite e assistenza clienti, spedizioni, costi, contabilit\u00e0 e rendicontazione finanziaria con strumenti di <strong>business intelligence e di analisi<\/strong>. Si tratta di un programma di pianificazione delle risorse che permette di gestire la complessit\u00e0 dei prodotti o dei processi per i produttori (food &amp; beverage, specialit\u00e0 chimiche, scientifiche e industrie farmaceutiche). L&#8217;obiettivo di questo <strong>programma ERP<\/strong> \u00e8 di automatizzare tutte le operazioni dell&#8217;azienda in modo tale da portare sul mercato nuovi prodotti e aumentare la produzione senza per\u00f2 investire tempo, denaro ed energie.<\/p>\n<h2>COME FUNZIONA APTEAN ROSS ERP &#8211; TUTORIAL<\/h2>\n<p>Ecco un breve video che ci mostra di cosa si tratta:<\/p>\n<div id=\"fluid-wrapper-counter-1\" class=\"g1-fluid-wrapper \" style=\"width:686px;\">\n<div style=\"padding-bottom:56.268221574344%;\"><iframe loading=\"lazy\" title=\"Aptean Ross ERP\" width=\"686\" height=\"386\" src=\"https:\/\/www.youtube.com\/embed\/wRVTukeJLbI?feature=oembed&amp;wmode=transparent&amp;autohide=1&amp;autoplay=0&amp;disablekb=0&amp;fs=1&amp;loop=0&amp;enablejsapi=1&amp;rel=0&amp;controls=2&amp;showinfo=0&amp;wmode=transparent&amp;autohide=2&amp;autoplay=0&amp;disablekb=0&amp;fs=1&amp;loop=0&amp;enablejsapi=1&amp;rel=0&amp;controls=2&amp;showinfo=1\" frameborder=\"0\" allow=\"accelerometer; autoplay; encrypted-media; gyroscope; picture-in-picture\" allowfullscreen><\/iframe><\/div>\n<\/div>\n<h3>APTEAN ROSS ERP &#8211; CARATTERISTICHE<\/h3>\n<p>Di seguito elenchiamo le sue principali caratteristiche:<\/p>\n<ul>\n<li><strong>Funzionalit\u00e0 di tracciabilit\u00e0<\/strong>: ottieni una visibilit\u00e0 omnidirezionale (compresi ricevute dei fornitori, spedizioni dei clienti e fatture) lungo la catena di fornitura<\/li>\n<li><strong>Visibilit\u00e0 operativa<\/strong>: offre piena trasparenza in tutte le aree dell&#8217;azienda, inclusi acquisti, inventario, produzione e vendite, per consentire all&#8217;azienda di determinare in modo accurato e semplice i profitti e il cambiamento di impatto<\/li>\n<li><strong>Gestione dell&#8217;inventario e del magazzino<\/strong>: include il controllo completo dei lotti con date di scadenza che possono essere immesse con i requisiti dei clienti per una durata minima<\/li>\n<li><strong>Centro operativo<\/strong>: semplifica l&#8217;individuazione rapida delle informazioni chiave, quali ordini di vendita immessi, entrate di cassa in sospeso dovute o scadute, numero di resi e altro ancora<\/li>\n<li><strong>Controllo finanziario e rendicontazione<\/strong>: offre trasparenza, integrit\u00e0 dei dati e conformit\u00e0 normativa della posizione finanziaria della tua azienda con un unico magazzino centralizzato di dati finanziari, consentendo report integrati, pianificazione, budgeting, previsioni e analisi GL<\/li>\n<li><strong>Raccolta dati<\/strong>: con i dati in tempo reale che rappresentano in modo accurato i passaggi chiave del processo di produzione, sarai pi\u00f9 efficiente<\/li>\n<li><strong>App mobile<\/strong>: disponibile anche per dispositivi iOS e Android.<\/li>\n<\/ul>\n<h3>LE RECENSIONI DEGLI UTENTI<\/h3>\n<p><strong>&#8220;A + per un&#8217;azienda in crescita nel settore alimentare e delle bevande&#8221;<\/strong><br \/>\nIN GENERALE: la societ\u00e0 ascolta la comunit\u00e0 di utenti e integra le richieste significative nei futuri aggiornamenti del prodotto.<br \/>\nFantastica comunit\u00e0 di utenti! Questo da solo \u00e8 un grande valore per un&#8217;azienda che ascolta i suoi clienti!<br \/>\nPRO: facile da usare, personalizzabile, ottimo per un&#8217;azienda in crescita. ERP molto stabile e forte!<br \/>\nCONTRO: il linguaggio di sviluppo non \u00e8 il flusso principale ma offre frequentemente lezioni.<br \/>\nLa funzionalit\u00e0 EDI potrebbe usare un po &#8216;di lavoro oltre a rendere &#8220;EDI estesa&#8221; parte del pacchetto Standard incluso nel software anzich\u00e9 un &#8220;extra&#8221;.<\/p>\n<p><strong>&#8220;Programma decente. Facile da usare&#8221;<\/strong><br \/>\nPRO: la funzionalit\u00e0 \u00e8 molto intuitiva. Il servizio clienti \u00e8 utile.<br \/>\nCONTRO: sembra un po&#8217; obsoleto. Il prodotto potrebbe utilizzare alcuni aggiornamenti.<\/p>\n<p><strong>&#8220;Ross \u00e8 un eccellente sistema ERP per la produzione di processi. Flessibile e potente, ottima base di utenti.&#8221;<\/strong><br \/>\nIN GENERALE: Sistema unico di registrazione per dati finanziari, commerciali, di produzione e di qualit\u00e0 degli alimenti. Implementazione rapida di soluzioni a nuove sfide aziendali.<br \/>\nPRO: \u00e8 una base di utenti focalizzata sulla produzione di processo, molto flessibile, potente, fantastica per la condivisione di soluzioni e processi. stretta integrazione con pacchetti software aggiuntivi di Aptean.<br \/>\nCONTRO: Alcune aree sono un po&#8217; datate per quanto riguarda l&#8217;esperienza dell&#8217;utente. Stanno raggiungendo un ritmo rapido in base all&#8217;attuale tabella di marcia del prodotto.<\/p>\n","protected":false},"excerpt":{"rendered":"<p>Aptean Ross ERP \u00e8 un software di Enterprise Resource Planning che supporta i processi aziendali per la pianificazione, produzione, approvvigionamento, inventario, vendite e assistenza clienti, spedizioni, costi, contabilit\u00e0 e rendicontazione finanziaria con strumenti di business intelligence e di analisi.<\/p>\n","protected":false},"author":17,"featured_media":22640,"parent":22029,"menu_order":0,"comment_status":"open","ping_status":"closed","template":"g1_template_page_review_new.php","meta":{"_acf_changed":false,"cwp_meta_box_check":"Yes","cwp_rev_product_name":"","cwp_rev_product_image":"","wppr_links":[],"cwp_rev_price":"","wppr_options":[],"wppr_pros":[],"wppr_cons":[],"_monsterinsights_skip_tracking":false,"_monsterinsights_sitenote_active":false,"_monsterinsights_sitenote_note":"","_monsterinsights_sitenote_category":0,"footnotes":""},"categories":[1654],"tags":[1664,1663,1669,923],"features":[],"class_list":{"0":"post-22637","1":"page","2":"type-page","3":"status-publish","4":"has-post-thumbnail","6":"category-enterprise-resource-planning-software-erp","7":"tag-enterprise-resource-planning","8":"tag-erp","9":"tag-piattaforma-erp","10":"tag-software-erp"},"wppr_data":{"cwp_meta_box_check":"Yes","cwp_rev_product_name":"","cwp_rev_product_image":"","cwp_image_link":"image","cwp_rev_price":"","wppr_rating":"0.00"},"acf":[],"yoast_head":"<!-- This site is optimized with the Yoast SEO plugin v27.4 - https:\/\/yoast.com\/product\/yoast-seo-wordpress\/ -->\n<title>Aptean Ross ERP: recensione software - Accurate Reviews<\/title>\n<meta name=\"description\" content=\"Aptean Ross ERP: recensione del software di Enterprise Resource Planning che supporta i processi aziendali dei produttori.\" \/>\n<meta name=\"robots\" content=\"index, follow, max-snippet:-1, max-image-preview:large, max-video-preview:-1\" \/>\n<link rel=\"canonical\" href=\"https:\/\/www.accuratereviews.com\/it\/software-erp-lista-software\/aptean-ross-erp-recensione\/\" \/>\n<meta property=\"og:locale\" content=\"it_IT\" \/>\n<meta property=\"og:type\" content=\"article\" \/>\n<meta property=\"og:title\" content=\"Aptean Ross ERP: recensione software - Accurate Reviews\" \/>\n<meta property=\"og:description\" content=\"Aptean Ross ERP: recensione del software di Enterprise Resource Planning che supporta i processi aziendali dei produttori.\" \/>\n<meta property=\"og:url\" content=\"https:\/\/www.accuratereviews.com\/it\/software-erp-lista-software\/aptean-ross-erp-recensione\/\" \/>\n<meta property=\"og:site_name\" content=\"Accurate Reviews\" \/>\n<meta property=\"article:modified_time\" content=\"2021-05-10T14:16:37+00:00\" \/>\n<meta property=\"og:image\" content=\"https:\/\/www.accuratereviews.com\/wp-content\/uploads\/2020\/01\/maxresdefault.jpg\" \/>\n\t<meta property=\"og:image:width\" content=\"1280\" \/>\n\t<meta property=\"og:image:height\" content=\"720\" \/>\n\t<meta property=\"og:image:type\" content=\"image\/jpeg\" \/>\n<meta name=\"twitter:card\" content=\"summary_large_image\" \/>\n<meta name=\"twitter:label1\" content=\"Tempo di lettura stimato\" \/>\n\t<meta name=\"twitter:data1\" content=\"3 minuti\" \/>\n<script type=\"application\/ld+json\" class=\"yoast-schema-graph\">{\"@context\":\"https:\\\/\\\/schema.org\",\"@graph\":[{\"@type\":\"WebPage\",\"@id\":\"https:\\\/\\\/www.accuratereviews.com\\\/it\\\/software-erp-lista-software\\\/aptean-ross-erp-recensione\\\/\",\"url\":\"https:\\\/\\\/www.accuratereviews.com\\\/it\\\/software-erp-lista-software\\\/aptean-ross-erp-recensione\\\/\",\"name\":\"Aptean Ross ERP: recensione software - Accurate Reviews\",\"isPartOf\":{\"@id\":\"https:\\\/\\\/www.accuratereviews.com\\\/it\\\/#website\"},\"primaryImageOfPage\":{\"@id\":\"https:\\\/\\\/www.accuratereviews.com\\\/it\\\/software-erp-lista-software\\\/aptean-ross-erp-recensione\\\/#primaryimage\"},\"image\":{\"@id\":\"https:\\\/\\\/www.accuratereviews.com\\\/it\\\/software-erp-lista-software\\\/aptean-ross-erp-recensione\\\/#primaryimage\"},\"thumbnailUrl\":\"https:\\\/\\\/www.accuratereviews.com\\\/wp-content\\\/uploads\\\/2020\\\/01\\\/maxresdefault.jpg\",\"datePublished\":\"2020-01-29T18:56:04+00:00\",\"dateModified\":\"2021-05-10T14:16:37+00:00\",\"description\":\"Aptean Ross ERP: recensione del software di Enterprise Resource Planning che supporta i processi aziendali dei produttori.\",\"breadcrumb\":{\"@id\":\"https:\\\/\\\/www.accuratereviews.com\\\/it\\\/software-erp-lista-software\\\/aptean-ross-erp-recensione\\\/#breadcrumb\"},\"inLanguage\":\"it-IT\",\"potentialAction\":[{\"@type\":\"ReadAction\",\"target\":[\"https:\\\/\\\/www.accuratereviews.com\\\/it\\\/software-erp-lista-software\\\/aptean-ross-erp-recensione\\\/\"]}]},{\"@type\":\"ImageObject\",\"inLanguage\":\"it-IT\",\"@id\":\"https:\\\/\\\/www.accuratereviews.com\\\/it\\\/software-erp-lista-software\\\/aptean-ross-erp-recensione\\\/#primaryimage\",\"url\":\"https:\\\/\\\/www.accuratereviews.com\\\/wp-content\\\/uploads\\\/2020\\\/01\\\/maxresdefault.jpg\",\"contentUrl\":\"https:\\\/\\\/www.accuratereviews.com\\\/wp-content\\\/uploads\\\/2020\\\/01\\\/maxresdefault.jpg\",\"width\":1280,\"height\":720},{\"@type\":\"BreadcrumbList\",\"@id\":\"https:\\\/\\\/www.accuratereviews.com\\\/it\\\/software-erp-lista-software\\\/aptean-ross-erp-recensione\\\/#breadcrumb\",\"itemListElement\":[{\"@type\":\"ListItem\",\"position\":1,\"name\":\"Home\",\"item\":\"https:\\\/\\\/www.accuratereviews.com\\\/it\\\/\"},{\"@type\":\"ListItem\",\"position\":2,\"name\":\"ERP Software\",\"item\":\"https:\\\/\\\/www.accuratereviews.com\\\/it\\\/software-erp-lista-software\\\/\"},{\"@type\":\"ListItem\",\"position\":3,\"name\":\"Aptean Ross ERP\"}]},{\"@type\":\"WebSite\",\"@id\":\"https:\\\/\\\/www.accuratereviews.com\\\/it\\\/#website\",\"url\":\"https:\\\/\\\/www.accuratereviews.com\\\/it\\\/\",\"name\":\"Accurate Reviews\",\"description\":\"\",\"potentialAction\":[{\"@type\":\"SearchAction\",\"target\":{\"@type\":\"EntryPoint\",\"urlTemplate\":\"https:\\\/\\\/www.accuratereviews.com\\\/it\\\/?s={search_term_string}\"},\"query-input\":{\"@type\":\"PropertyValueSpecification\",\"valueRequired\":true,\"valueName\":\"search_term_string\"}}],\"inLanguage\":\"it-IT\"}]}<\/script>\n<!-- \/ Yoast SEO plugin. -->","yoast_head_json":{"title":"Aptean Ross ERP: recensione software - Accurate Reviews","description":"Aptean Ross ERP: recensione del software di Enterprise Resource Planning che supporta i processi aziendali dei produttori.","robots":{"index":"index","follow":"follow","max-snippet":"max-snippet:-1","max-image-preview":"max-image-preview:large","max-video-preview":"max-video-preview:-1"},"canonical":"https:\/\/www.accuratereviews.com\/it\/software-erp-lista-software\/aptean-ross-erp-recensione\/","og_locale":"it_IT","og_type":"article","og_title":"Aptean Ross ERP: recensione software - Accurate Reviews","og_description":"Aptean Ross ERP: recensione del software di Enterprise Resource Planning che supporta i processi aziendali dei produttori.","og_url":"https:\/\/www.accuratereviews.com\/it\/software-erp-lista-software\/aptean-ross-erp-recensione\/","og_site_name":"Accurate Reviews","article_modified_time":"2021-05-10T14:16:37+00:00","og_image":[{"width":1280,"height":720,"url":"https:\/\/www.accuratereviews.com\/wp-content\/uploads\/2020\/01\/maxresdefault.jpg","type":"image\/jpeg"}],"twitter_card":"summary_large_image","twitter_misc":{"Tempo di lettura stimato":"3 minuti"},"schema":{"@context":"https:\/\/schema.org","@graph":[{"@type":"WebPage","@id":"https:\/\/www.accuratereviews.com\/it\/software-erp-lista-software\/aptean-ross-erp-recensione\/","url":"https:\/\/www.accuratereviews.com\/it\/software-erp-lista-software\/aptean-ross-erp-recensione\/","name":"Aptean Ross ERP: recensione software - Accurate Reviews","isPartOf":{"@id":"https:\/\/www.accuratereviews.com\/it\/#website"},"primaryImageOfPage":{"@id":"https:\/\/www.accuratereviews.com\/it\/software-erp-lista-software\/aptean-ross-erp-recensione\/#primaryimage"},"image":{"@id":"https:\/\/www.accuratereviews.com\/it\/software-erp-lista-software\/aptean-ross-erp-recensione\/#primaryimage"},"thumbnailUrl":"https:\/\/www.accuratereviews.com\/wp-content\/uploads\/2020\/01\/maxresdefault.jpg","datePublished":"2020-01-29T18:56:04+00:00","dateModified":"2021-05-10T14:16:37+00:00","description":"Aptean Ross ERP: recensione del software di Enterprise Resource Planning che supporta i processi aziendali dei produttori.","breadcrumb":{"@id":"https:\/\/www.accuratereviews.com\/it\/software-erp-lista-software\/aptean-ross-erp-recensione\/#breadcrumb"},"inLanguage":"it-IT","potentialAction":[{"@type":"ReadAction","target":["https:\/\/www.accuratereviews.com\/it\/software-erp-lista-software\/aptean-ross-erp-recensione\/"]}]},{"@type":"ImageObject","inLanguage":"it-IT","@id":"https:\/\/www.accuratereviews.com\/it\/software-erp-lista-software\/aptean-ross-erp-recensione\/#primaryimage","url":"https:\/\/www.accuratereviews.com\/wp-content\/uploads\/2020\/01\/maxresdefault.jpg","contentUrl":"https:\/\/www.accuratereviews.com\/wp-content\/uploads\/2020\/01\/maxresdefault.jpg","width":1280,"height":720},{"@type":"BreadcrumbList","@id":"https:\/\/www.accuratereviews.com\/it\/software-erp-lista-software\/aptean-ross-erp-recensione\/#breadcrumb","itemListElement":[{"@type":"ListItem","position":1,"name":"Home","item":"https:\/\/www.accuratereviews.com\/it\/"},{"@type":"ListItem","position":2,"name":"ERP Software","item":"https:\/\/www.accuratereviews.com\/it\/software-erp-lista-software\/"},{"@type":"ListItem","position":3,"name":"Aptean Ross ERP"}]},{"@type":"WebSite","@id":"https:\/\/www.accuratereviews.com\/it\/#website","url":"https:\/\/www.accuratereviews.com\/it\/","name":"Accurate Reviews","description":"","potentialAction":[{"@type":"SearchAction","target":{"@type":"EntryPoint","urlTemplate":"https:\/\/www.accuratereviews.com\/it\/?s={search_term_string}"},"query-input":{"@type":"PropertyValueSpecification","valueRequired":true,"valueName":"search_term_string"}}],"inLanguage":"it-IT"}]}},"_links":{"self":[{"href":"https:\/\/www.accuratereviews.com\/it\/wp-json\/wp\/v2\/pages\/22637","targetHints":{"allow":["GET"]}}],"collection":[{"href":"https:\/\/www.accuratereviews.com\/it\/wp-json\/wp\/v2\/pages"}],"about":[{"href":"https:\/\/www.accuratereviews.com\/it\/wp-json\/wp\/v2\/types\/page"}],"author":[{"embeddable":true,"href":"https:\/\/www.accuratereviews.com\/it\/wp-json\/wp\/v2\/users\/17"}],"replies":[{"embeddable":true,"href":"https:\/\/www.accuratereviews.com\/it\/wp-json\/wp\/v2\/comments?post=22637"}],"version-history":[{"count":3,"href":"https:\/\/www.accuratereviews.com\/it\/wp-json\/wp\/v2\/pages\/22637\/revisions"}],"predecessor-version":[{"id":42392,"href":"https:\/\/www.accuratereviews.com\/it\/wp-json\/wp\/v2\/pages\/22637\/revisions\/42392"}],"up":[{"embeddable":true,"href":"https:\/\/www.accuratereviews.com\/it\/wp-json\/wp\/v2\/pages\/22029"}],"wp:featuredmedia":[{"embeddable":true,"href":"https:\/\/www.accuratereviews.com\/it\/wp-json\/wp\/v2\/media\/22640"}],"wp:attachment":[{"href":"https:\/\/www.accuratereviews.com\/it\/wp-json\/wp\/v2\/media?parent=22637"}],"wp:term":[{"taxonomy":"category","embeddable":true,"href":"https:\/\/www.accuratereviews.com\/it\/wp-json\/wp\/v2\/categories?post=22637"},{"taxonomy":"post_tag","embeddable":true,"href":"https:\/\/www.accuratereviews.com\/it\/wp-json\/wp\/v2\/tags?post=22637"},{"taxonomy":"features","embeddable":true,"href":"https:\/\/www.accuratereviews.com\/it\/wp-json\/wp\/v2\/features?post=22637"}],"curies":[{"name":"wp","href":"https:\/\/api.w.org\/{rel}","templated":true}]}}