{"id":22649,"date":"2020-01-29T18:53:42","date_gmt":"2020-01-29T18:53:42","guid":{"rendered":"https:\/\/www.accuratereviews.com\/?page_id=22649"},"modified":"2020-01-29T18:54:49","modified_gmt":"2020-01-29T18:54:49","slug":"justfood-erp-recensione","status":"publish","type":"page","link":"https:\/\/www.accuratereviews.com\/it\/software-erp-lista-software\/justfood-erp-recensione\/","title":{"rendered":"JustFood ERP"},"content":{"rendered":"<p><strong>JustFood ERP<\/strong> \u00e8 una <strong>soluzione di pianificazione delle risorse<\/strong> per produttori e distributori di alimenti al fine di migliorare la sicurezza alimentare, ottimizzare l&#8217;efficienza operativa e gestire la crescita aziendale. Si tratta di un software di <strong>Enterprise Resource Planning<\/strong> progettato per affrontare le sfide delle organizzazioni del settore alimentare e delle bevande. Offre una serie di funzionalit\u00e0 per gestire il magazzino, la distribuzione alimentare, le relazioni con i clienti, il ciclo di vita del prodotto, la contabilit\u00e0 e il sistema reportistico. Include anche la gestione delle scorte in tempo reale, nonch\u00e9 la gestione delle spedizioni e della logistica cos\u00ec da avere tutto sotto controllo.<\/p>\n<h2>COME FUNZIONA JUSTFOOD ERP &#8211; TUTORIAL<\/h2>\n<p>Diamo un&#8217;occhiata a questo breve video che ci mostra qualcosa di pi\u00f9 al riguardo:<\/p>\n<div id=\"fluid-wrapper-counter-1\" class=\"g1-fluid-wrapper \" style=\"width:686px;\">\n<div style=\"padding-bottom:56.268221574344%;\"><iframe loading=\"lazy\" title=\"2 min video on what JustFoodERP does!\" width=\"686\" height=\"386\" src=\"https:\/\/www.youtube.com\/embed\/SeAx4T9cbJk?feature=oembed&amp;wmode=transparent&amp;autohide=1&amp;autoplay=0&amp;disablekb=0&amp;fs=1&amp;loop=0&amp;enablejsapi=1&amp;rel=0&amp;controls=2&amp;showinfo=0&amp;wmode=transparent&amp;autohide=2&amp;autoplay=0&amp;disablekb=0&amp;fs=1&amp;loop=0&amp;enablejsapi=1&amp;rel=0&amp;controls=2&amp;showinfo=1\" frameborder=\"0\" allow=\"accelerometer; autoplay; encrypted-media; gyroscope; picture-in-picture\" allowfullscreen><\/iframe><\/div>\n<\/div>\n<h3>JUSTFOOD ERP &#8211;\u00a0 CARATTERISTICHE<\/h3>\n<p>Ecco le sue principali caratteristiche:<\/p>\n<div class=\"tlid-results-container results-container\">\n<div class=\"tlid-result result-dict-wrapper\">\n<div class=\"result tlid-copy-target\">\n<div class=\"text-wrap tlid-copy-target\">\n<ul>\n<li class=\"result-shield-container tlid-copy-target\" tabindex=\"0\"><span class=\"tlid-translation translation\" lang=\"it\"><span class=\"\" title=\"\">Sicurezza\/Conformit\u00e0 alimentare<\/span><\/span><\/li>\n<li class=\"result-shield-container tlid-copy-target\" tabindex=\"0\"><span class=\"tlid-translation translation\" lang=\"it\"><span class=\"\" title=\"\">Magazzino\/Inventario<\/span><\/span><\/li>\n<li class=\"result-shield-container tlid-copy-target\" tabindex=\"0\"><span class=\"tlid-translation translation\" lang=\"it\"><span class=\"\" title=\"\">Produzione a mano<\/span><\/span><\/li>\n<li class=\"result-shield-container tlid-copy-target\" tabindex=\"0\"><span class=\"tlid-translation translation\" lang=\"it\"><span class=\"\" title=\"\">R&amp;S\/Sviluppo prodotto<\/span><\/span><\/li>\n<li class=\"result-shield-container tlid-copy-target\" tabindex=\"0\"><span class=\"tlid-translation translation\" lang=\"it\"><span class=\"\" title=\"\">Sistema reportistico\/di analisi<\/span><\/span><\/li>\n<li class=\"result-shield-container tlid-copy-target\" tabindex=\"0\"><span class=\"tlid-translation translation\" lang=\"it\"><span title=\"\">Gestione degli acquisti<\/span><\/span><\/li>\n<li class=\"result-shield-container tlid-copy-target\" tabindex=\"0\"><span class=\"tlid-translation translation\" lang=\"it\"><span title=\"\">Gestione finanziaria<\/span><\/span><\/li>\n<li class=\"result-shield-container tlid-copy-target\" tabindex=\"0\"><span class=\"tlid-translation translation\" lang=\"it\"><span class=\"\" title=\"\">Impianto\/Manutenzione preventiva<\/span><br \/>\n<\/span><\/li>\n<\/ul>\n<h3>LE RECENSIONI DEGLI UTENTI<\/h3>\n<p><strong>&#8220;Navigazione facile da usare e intuitiva&#8221;<\/strong><br \/>\nIN GENERALE: Nel complesso, \u00e8 un ottimo prodotto e stiamo ancora scoprendo tutte le possibilit\u00e0 in questo ERP.<br \/>\nPRO: completamente integrato con Microsoft Office, Odata Connection. Tracciabilit\u00e0, modulo fisso. Ora siamo in grado di analizzare i nostri costi di produzione. Possiamo anche pianificare la nostra produzione con Scheduler e l&#8217;applicazione The Plant \u00e8 davvero facile da usare per le persone nell&#8217;officina.<br \/>\nCONTRO: il modulo QA non \u00e8 cos\u00ec facile da usare. Floor funziona bene per il dipendente del magazzino, ma alcuni schermi non si adattano molto bene al cellulare e dobbiamo ridimensionare lo schermo<\/p>\n<p><strong>&#8220;Just Foods \u00e8 una &#8220;A&#8221; per cibo e bevande&#8221;<\/strong><br \/>\nIN GENERALE: Poich\u00e9 Dynamics verr\u00e0 aggiornato nei prossimi anni, mi aspetto di vedere molte nuove funzionalit\u00e0 e risorse rese disponibili per l&#8217;industria alimentare attraverso questo software.<br \/>\nPRO: il software \u00e8 molto robusto essendo basato sulla piattaforma Microsoft. Offre un software ad alta intensit\u00e0 di operazioni che pu\u00f2 migliorare i processi delle strutture di produzione e l&#8217;acquisizione dei dati. Funzioner\u00e0 anche con i severi audit come BRC. Piattaforma di qualit\u00e0 pienamente capace integrata con controlli di audit che si estendono anche al magazzino. Un sistema robusto in grado di migliorare anche qualsiasi programma PM. MPS e MRP in esecuzione fianco a fianco sono un vantaggio con capacit\u00e0 di previsione.<br \/>\nCONTRO: Come con qualsiasi sistema ERP, il reporting \u00e8 sempre il contro. Man mano che Just Foods avanza, configurazioni come Analytics colmeranno questa lacuna e sostanzialmente negli anni a venire trasformeranno questo in un PRO avendo qualcosa con cui lavorare all&#8217;interno del software.<\/p>\n<p><strong>&#8220;Eccellente software ERP per l&#8217;industria alimentare!&#8221;<\/strong><br \/>\nIN GENERALE: JustFoodERP \u00e8 stato molto personalizzabile e facile da lavorare. Finora ha soddisfatto e superato le nostre aspettative. Una volta impostato tutto, il software si comporta in modo coerente senza problemi.<br \/>\nPRO: navigazione semplice ed eccellente funzionalit\u00e0 di ricerca.<br \/>\nCONTRO: mancanza di documentazione. L&#8217;aiuto integrato \u00e8 praticamente inutile.<\/p>\n<\/div>\n<\/div>\n<\/div>\n<\/div>\n","protected":false},"excerpt":{"rendered":"<p>JustFood ERP \u00e8 una soluzione di pianificazione delle risorse per produttori e distributori di alimenti al fine di migliorare la sicurezza alimentare, ottimizzare l&#8217;efficienza operativa e gestire la crescita aziendale. Si tratta di un software di Enterprise Resource Planning progettato per affrontare le sfide delle organizzazioni del settore alimentare e delle bevande.<\/p>\n","protected":false},"author":17,"featured_media":22651,"parent":22029,"menu_order":0,"comment_status":"open","ping_status":"closed","template":"g1_template_page_review_new.php","meta":{"_acf_changed":false,"cwp_meta_box_check":"Yes","cwp_rev_product_name":"","cwp_rev_product_image":"","wppr_links":[],"cwp_rev_price":"","wppr_options":[],"wppr_pros":[],"wppr_cons":[],"_monsterinsights_skip_tracking":false,"_monsterinsights_sitenote_active":false,"_monsterinsights_sitenote_note":"","_monsterinsights_sitenote_category":0,"footnotes":""},"categories":[1654],"tags":[1664,1663,1669,923],"features":[],"class_list":{"0":"post-22649","1":"page","2":"type-page","3":"status-publish","4":"has-post-thumbnail","6":"category-enterprise-resource-planning-software-erp","7":"tag-enterprise-resource-planning","8":"tag-erp","9":"tag-piattaforma-erp","10":"tag-software-erp"},"wppr_data":{"cwp_meta_box_check":"Yes","cwp_rev_product_name":"","cwp_rev_product_image":"","cwp_image_link":"image","cwp_rev_price":"","wppr_rating":"0.00"},"acf":[],"yoast_head":"<!-- This site is optimized with the Yoast SEO plugin v27.4 - https:\/\/yoast.com\/product\/yoast-seo-wordpress\/ -->\n<title>JustFood ERP: recensione software - Accurate Reviews<\/title>\n<meta name=\"description\" content=\"JustFood ERP: recensione della soluzione di pianificazione delle risorse per produttori e distributori di alimenti perr ottimizzare l&#039;efficienza operativa.\" \/>\n<meta name=\"robots\" content=\"index, follow, max-snippet:-1, max-image-preview:large, max-video-preview:-1\" \/>\n<link rel=\"canonical\" href=\"https:\/\/www.accuratereviews.com\/it\/software-erp-lista-software\/justfood-erp-recensione\/\" \/>\n<meta property=\"og:locale\" content=\"it_IT\" \/>\n<meta property=\"og:type\" content=\"article\" \/>\n<meta property=\"og:title\" content=\"JustFood ERP: recensione software - Accurate Reviews\" \/>\n<meta property=\"og:description\" content=\"JustFood ERP: recensione della soluzione di pianificazione delle risorse per produttori e distributori di alimenti perr ottimizzare l&#039;efficienza operativa.\" \/>\n<meta property=\"og:url\" content=\"https:\/\/www.accuratereviews.com\/it\/software-erp-lista-software\/justfood-erp-recensione\/\" \/>\n<meta property=\"og:site_name\" content=\"Accurate Reviews\" \/>\n<meta property=\"article:modified_time\" content=\"2020-01-29T18:54:49+00:00\" \/>\n<meta property=\"og:image\" content=\"https:\/\/www.accuratereviews.com\/wp-content\/uploads\/2020\/01\/DYu7u8zD_400x400.jpg\" \/>\n\t<meta property=\"og:image:width\" content=\"400\" \/>\n\t<meta property=\"og:image:height\" content=\"400\" \/>\n\t<meta property=\"og:image:type\" content=\"image\/jpeg\" \/>\n<meta name=\"twitter:card\" content=\"summary_large_image\" \/>\n<meta name=\"twitter:label1\" content=\"Tempo di lettura stimato\" \/>\n\t<meta name=\"twitter:data1\" content=\"2 minuti\" \/>\n<script type=\"application\/ld+json\" class=\"yoast-schema-graph\">{\"@context\":\"https:\\\/\\\/schema.org\",\"@graph\":[{\"@type\":\"WebPage\",\"@id\":\"https:\\\/\\\/www.accuratereviews.com\\\/it\\\/software-erp-lista-software\\\/justfood-erp-recensione\\\/\",\"url\":\"https:\\\/\\\/www.accuratereviews.com\\\/it\\\/software-erp-lista-software\\\/justfood-erp-recensione\\\/\",\"name\":\"JustFood ERP: recensione software - Accurate Reviews\",\"isPartOf\":{\"@id\":\"https:\\\/\\\/www.accuratereviews.com\\\/it\\\/#website\"},\"primaryImageOfPage\":{\"@id\":\"https:\\\/\\\/www.accuratereviews.com\\\/it\\\/software-erp-lista-software\\\/justfood-erp-recensione\\\/#primaryimage\"},\"image\":{\"@id\":\"https:\\\/\\\/www.accuratereviews.com\\\/it\\\/software-erp-lista-software\\\/justfood-erp-recensione\\\/#primaryimage\"},\"thumbnailUrl\":\"https:\\\/\\\/www.accuratereviews.com\\\/wp-content\\\/uploads\\\/2020\\\/01\\\/DYu7u8zD_400x400.jpg\",\"datePublished\":\"2020-01-29T18:53:42+00:00\",\"dateModified\":\"2020-01-29T18:54:49+00:00\",\"description\":\"JustFood ERP: recensione della soluzione di pianificazione delle risorse per produttori e distributori di alimenti perr ottimizzare l'efficienza operativa.\",\"breadcrumb\":{\"@id\":\"https:\\\/\\\/www.accuratereviews.com\\\/it\\\/software-erp-lista-software\\\/justfood-erp-recensione\\\/#breadcrumb\"},\"inLanguage\":\"it-IT\",\"potentialAction\":[{\"@type\":\"ReadAction\",\"target\":[\"https:\\\/\\\/www.accuratereviews.com\\\/it\\\/software-erp-lista-software\\\/justfood-erp-recensione\\\/\"]}]},{\"@type\":\"ImageObject\",\"inLanguage\":\"it-IT\",\"@id\":\"https:\\\/\\\/www.accuratereviews.com\\\/it\\\/software-erp-lista-software\\\/justfood-erp-recensione\\\/#primaryimage\",\"url\":\"https:\\\/\\\/www.accuratereviews.com\\\/wp-content\\\/uploads\\\/2020\\\/01\\\/DYu7u8zD_400x400.jpg\",\"contentUrl\":\"https:\\\/\\\/www.accuratereviews.com\\\/wp-content\\\/uploads\\\/2020\\\/01\\\/DYu7u8zD_400x400.jpg\",\"width\":400,\"height\":400},{\"@type\":\"BreadcrumbList\",\"@id\":\"https:\\\/\\\/www.accuratereviews.com\\\/it\\\/software-erp-lista-software\\\/justfood-erp-recensione\\\/#breadcrumb\",\"itemListElement\":[{\"@type\":\"ListItem\",\"position\":1,\"name\":\"Home\",\"item\":\"https:\\\/\\\/www.accuratereviews.com\\\/it\\\/\"},{\"@type\":\"ListItem\",\"position\":2,\"name\":\"ERP Software\",\"item\":\"https:\\\/\\\/www.accuratereviews.com\\\/it\\\/software-erp-lista-software\\\/\"},{\"@type\":\"ListItem\",\"position\":3,\"name\":\"JustFood ERP\"}]},{\"@type\":\"WebSite\",\"@id\":\"https:\\\/\\\/www.accuratereviews.com\\\/it\\\/#website\",\"url\":\"https:\\\/\\\/www.accuratereviews.com\\\/it\\\/\",\"name\":\"Accurate Reviews\",\"description\":\"\",\"potentialAction\":[{\"@type\":\"SearchAction\",\"target\":{\"@type\":\"EntryPoint\",\"urlTemplate\":\"https:\\\/\\\/www.accuratereviews.com\\\/it\\\/?s={search_term_string}\"},\"query-input\":{\"@type\":\"PropertyValueSpecification\",\"valueRequired\":true,\"valueName\":\"search_term_string\"}}],\"inLanguage\":\"it-IT\"}]}<\/script>\n<!-- \/ Yoast SEO plugin. -->","yoast_head_json":{"title":"JustFood ERP: recensione software - Accurate Reviews","description":"JustFood ERP: recensione della soluzione di pianificazione delle risorse per produttori e distributori di alimenti perr ottimizzare l'efficienza operativa.","robots":{"index":"index","follow":"follow","max-snippet":"max-snippet:-1","max-image-preview":"max-image-preview:large","max-video-preview":"max-video-preview:-1"},"canonical":"https:\/\/www.accuratereviews.com\/it\/software-erp-lista-software\/justfood-erp-recensione\/","og_locale":"it_IT","og_type":"article","og_title":"JustFood ERP: recensione software - Accurate Reviews","og_description":"JustFood ERP: recensione della soluzione di pianificazione delle risorse per produttori e distributori di alimenti perr ottimizzare l'efficienza operativa.","og_url":"https:\/\/www.accuratereviews.com\/it\/software-erp-lista-software\/justfood-erp-recensione\/","og_site_name":"Accurate Reviews","article_modified_time":"2020-01-29T18:54:49+00:00","og_image":[{"width":400,"height":400,"url":"https:\/\/www.accuratereviews.com\/wp-content\/uploads\/2020\/01\/DYu7u8zD_400x400.jpg","type":"image\/jpeg"}],"twitter_card":"summary_large_image","twitter_misc":{"Tempo di lettura stimato":"2 minuti"},"schema":{"@context":"https:\/\/schema.org","@graph":[{"@type":"WebPage","@id":"https:\/\/www.accuratereviews.com\/it\/software-erp-lista-software\/justfood-erp-recensione\/","url":"https:\/\/www.accuratereviews.com\/it\/software-erp-lista-software\/justfood-erp-recensione\/","name":"JustFood ERP: recensione software - Accurate Reviews","isPartOf":{"@id":"https:\/\/www.accuratereviews.com\/it\/#website"},"primaryImageOfPage":{"@id":"https:\/\/www.accuratereviews.com\/it\/software-erp-lista-software\/justfood-erp-recensione\/#primaryimage"},"image":{"@id":"https:\/\/www.accuratereviews.com\/it\/software-erp-lista-software\/justfood-erp-recensione\/#primaryimage"},"thumbnailUrl":"https:\/\/www.accuratereviews.com\/wp-content\/uploads\/2020\/01\/DYu7u8zD_400x400.jpg","datePublished":"2020-01-29T18:53:42+00:00","dateModified":"2020-01-29T18:54:49+00:00","description":"JustFood ERP: recensione della soluzione di pianificazione delle risorse per produttori e distributori di alimenti perr ottimizzare l'efficienza operativa.","breadcrumb":{"@id":"https:\/\/www.accuratereviews.com\/it\/software-erp-lista-software\/justfood-erp-recensione\/#breadcrumb"},"inLanguage":"it-IT","potentialAction":[{"@type":"ReadAction","target":["https:\/\/www.accuratereviews.com\/it\/software-erp-lista-software\/justfood-erp-recensione\/"]}]},{"@type":"ImageObject","inLanguage":"it-IT","@id":"https:\/\/www.accuratereviews.com\/it\/software-erp-lista-software\/justfood-erp-recensione\/#primaryimage","url":"https:\/\/www.accuratereviews.com\/wp-content\/uploads\/2020\/01\/DYu7u8zD_400x400.jpg","contentUrl":"https:\/\/www.accuratereviews.com\/wp-content\/uploads\/2020\/01\/DYu7u8zD_400x400.jpg","width":400,"height":400},{"@type":"BreadcrumbList","@id":"https:\/\/www.accuratereviews.com\/it\/software-erp-lista-software\/justfood-erp-recensione\/#breadcrumb","itemListElement":[{"@type":"ListItem","position":1,"name":"Home","item":"https:\/\/www.accuratereviews.com\/it\/"},{"@type":"ListItem","position":2,"name":"ERP Software","item":"https:\/\/www.accuratereviews.com\/it\/software-erp-lista-software\/"},{"@type":"ListItem","position":3,"name":"JustFood ERP"}]},{"@type":"WebSite","@id":"https:\/\/www.accuratereviews.com\/it\/#website","url":"https:\/\/www.accuratereviews.com\/it\/","name":"Accurate Reviews","description":"","potentialAction":[{"@type":"SearchAction","target":{"@type":"EntryPoint","urlTemplate":"https:\/\/www.accuratereviews.com\/it\/?s={search_term_string}"},"query-input":{"@type":"PropertyValueSpecification","valueRequired":true,"valueName":"search_term_string"}}],"inLanguage":"it-IT"}]}},"_links":{"self":[{"href":"https:\/\/www.accuratereviews.com\/it\/wp-json\/wp\/v2\/pages\/22649","targetHints":{"allow":["GET"]}}],"collection":[{"href":"https:\/\/www.accuratereviews.com\/it\/wp-json\/wp\/v2\/pages"}],"about":[{"href":"https:\/\/www.accuratereviews.com\/it\/wp-json\/wp\/v2\/types\/page"}],"author":[{"embeddable":true,"href":"https:\/\/www.accuratereviews.com\/it\/wp-json\/wp\/v2\/users\/17"}],"replies":[{"embeddable":true,"href":"https:\/\/www.accuratereviews.com\/it\/wp-json\/wp\/v2\/comments?post=22649"}],"version-history":[{"count":6,"href":"https:\/\/www.accuratereviews.com\/it\/wp-json\/wp\/v2\/pages\/22649\/revisions"}],"predecessor-version":[{"id":22659,"href":"https:\/\/www.accuratereviews.com\/it\/wp-json\/wp\/v2\/pages\/22649\/revisions\/22659"}],"up":[{"embeddable":true,"href":"https:\/\/www.accuratereviews.com\/it\/wp-json\/wp\/v2\/pages\/22029"}],"wp:featuredmedia":[{"embeddable":true,"href":"https:\/\/www.accuratereviews.com\/it\/wp-json\/wp\/v2\/media\/22651"}],"wp:attachment":[{"href":"https:\/\/www.accuratereviews.com\/it\/wp-json\/wp\/v2\/media?parent=22649"}],"wp:term":[{"taxonomy":"category","embeddable":true,"href":"https:\/\/www.accuratereviews.com\/it\/wp-json\/wp\/v2\/categories?post=22649"},{"taxonomy":"post_tag","embeddable":true,"href":"https:\/\/www.accuratereviews.com\/it\/wp-json\/wp\/v2\/tags?post=22649"},{"taxonomy":"features","embeddable":true,"href":"https:\/\/www.accuratereviews.com\/it\/wp-json\/wp\/v2\/features?post=22649"}],"curies":[{"name":"wp","href":"https:\/\/api.w.org\/{rel}","templated":true}]}}