{"id":22661,"date":"2020-01-30T14:34:53","date_gmt":"2020-01-30T14:34:53","guid":{"rendered":"https:\/\/www.accuratereviews.com\/?page_id=22661"},"modified":"2020-01-30T14:34:53","modified_gmt":"2020-01-30T14:34:53","slug":"sync-recensione","status":"publish","type":"page","link":"https:\/\/www.accuratereviews.com\/it\/software-erp-lista-software\/sync-recensione\/","title":{"rendered":"Sync"},"content":{"rendered":"<p><strong>Sync<\/strong> \u00e8 una soluzione di<strong> pianificazione delle risorse<\/strong>\u00a0(ERP) integrata e di gestione del ciclo di vita del prodotto (PLM) che si rivolge al settore dell&#8217;abbigliamento e delle calzature. La soluzione include vari moduli che aiutano le aziende a gestire costi, inventario, PLM, acquisti e altre attivit\u00e0.\u00a0La sincronizzazione aiuta ad automatizzare le operazioni coinvolte nel <strong>PLM<\/strong>, inclusi lo sviluppo del prodotto, i processi di approvvigionamento e produzione. La soluzione offre anche una funzionalit\u00e0 di percorso critico che consente agli utenti di stabilire le priorit\u00e0 delle attivit\u00e0 in sospeso e di ricevere notifiche in tempo reale di ritardi e problemi. Il programma offre oltre 80 report standard specifici del settore per la segnalazione delle vendite e delle prestazioni aziendali. <strong>Sync<\/strong> \u00e8 anche in grado di integrarsi con varie soluzioni contabili tra cui <strong>QuickBooks, Sage, SAP e Microsoft Dynamics.<\/strong><\/p>\n<h2><a href=\"https:\/\/www.accuratereviews.com\/wp-content\/uploads\/2020\/01\/Schermata-2020-01-30-alle-11.19.57.png\"><img loading=\"lazy\" decoding=\"async\" class=\"size-full wp-image-22667 aligncenter\" src=\"https:\/\/www.accuratereviews.com\/wp-content\/uploads\/2020\/01\/Schermata-2020-01-30-alle-11.19.57.png\" alt=\"\" width=\"2786\" height=\"1184\" srcset=\"https:\/\/www.accuratereviews.com\/wp-content\/uploads\/2020\/01\/Schermata-2020-01-30-alle-11.19.57.png 2786w, https:\/\/www.accuratereviews.com\/wp-content\/uploads\/2020\/01\/Schermata-2020-01-30-alle-11.19.57-300x127.png 300w, https:\/\/www.accuratereviews.com\/wp-content\/uploads\/2020\/01\/Schermata-2020-01-30-alle-11.19.57-1024x435.png 1024w, https:\/\/www.accuratereviews.com\/wp-content\/uploads\/2020\/01\/Schermata-2020-01-30-alle-11.19.57-768x326.png 768w, https:\/\/www.accuratereviews.com\/wp-content\/uploads\/2020\/01\/Schermata-2020-01-30-alle-11.19.57-1536x653.png 1536w, https:\/\/www.accuratereviews.com\/wp-content\/uploads\/2020\/01\/Schermata-2020-01-30-alle-11.19.57-2048x870.png 2048w, https:\/\/www.accuratereviews.com\/wp-content\/uploads\/2020\/01\/Schermata-2020-01-30-alle-11.19.57-260x110.png 260w, https:\/\/www.accuratereviews.com\/wp-content\/uploads\/2020\/01\/Schermata-2020-01-30-alle-11.19.57-50x21.png 50w, https:\/\/www.accuratereviews.com\/wp-content\/uploads\/2020\/01\/Schermata-2020-01-30-alle-11.19.57-968x411.png 968w, https:\/\/www.accuratereviews.com\/wp-content\/uploads\/2020\/01\/Schermata-2020-01-30-alle-11.19.57-636x270.png 636w, https:\/\/www.accuratereviews.com\/wp-content\/uploads\/2020\/01\/Schermata-2020-01-30-alle-11.19.57-320x136.png 320w, https:\/\/www.accuratereviews.com\/wp-content\/uploads\/2020\/01\/Schermata-2020-01-30-alle-11.19.57-239x102.png 239w\" sizes=\"auto, (max-width: 2786px) 100vw, 2786px\" \/><\/a><\/h2>\n<h2>SYNC &#8211; CARATTERISTICHE<\/h2>\n<ul>\n<li><strong>Inventario<\/strong>: gestione completa del magazzino per l&#8217;inventario dei prodotti finiti, compresa la funzionalit\u00e0 di scansione e imballaggio<\/li>\n<li><strong>Percorso critico<\/strong>: dai la priorit\u00e0 alle attivit\u00e0 in sospeso e ricevi una notifica avanzata di ritardi e problemi previsti<\/li>\n<li><strong>Scan &amp; Pack<\/strong>: utilizza gli scanner per completare le spedizioni e ridurre i chargeback dei clienti.<\/li>\n<li><strong>PLM:<\/strong> supportare lo sviluppo del prodotto, l&#8217;approvvigionamento e il processo di fabbricazione<\/li>\n<li><strong>Acquisto di materiali:<\/strong> gestisci in modo efficace l&#8217;acquisto di tessuti e ritagli di materiali e monitora lo stato degli ordini<\/li>\n<li><strong>Direzione vendite:<\/strong> acquisisci, elabora e gestisci in modo efficiente gli ordini dei clienti e semplifica le previsioni della domanda<\/li>\n<li><strong>Inventario dei materiali:<\/strong> coordinazione efficiente dell&#8217;inventario, stoccaggio e distribuzione di tessuti e pezzi speciali<\/li>\n<li><strong>Ordini del prodotto<\/strong>: generare ordini di acquisto per prodotti di provenienza \/ importati o creare ordini di taglio con dettagli completi sulla DBA<\/li>\n<li><strong>Business Intelligence:<\/strong> un pacchetto completo di oltre 80 report standard specifici del settore.<\/li>\n<li><strong>Dashboard mobili:<\/strong> dashboard e rapporti ottimizzati per il touch nelle app iOS, Android e Windows<\/li>\n<li><strong>Sincronizzazione Web:<\/strong> portale Web B2B per clienti e rappresentanti di vendita per creare ordini e tenere traccia delle consegne<\/li>\n<li><strong>Piano di produzione:<\/strong> capacit\u00e0 grafica e strumento di pianificazione degli scenari per la pianificazione delle linee di produzione.<\/li>\n<\/ul>\n<h3>LE RECENSIONI DEGLI UTENTI<\/h3>\n<h3>Lindy wilma S. &#8220;La sincronizzazione funziona per ogni azienda.&#8221;<\/h3>\n<p><strong>Commenti<\/strong>: Il team \u00e8 sempre stato estremamente utile e amichevole.\u00a0Se abbiamo un problema, questo viene risolto immediatamente.\u00a0I formatori e il team di supporto sono molto cordiali e competenti.<\/p>\n<p><strong>Vantaggi<\/strong>: Sync ha un fantastico team di supporto, che assiste i clienti nel far funzionare il software per ogni singola azienda, indipendentemente da quanto possano essere grandi o piccoli.<\/p>\n<p><strong>Inconvenienti<\/strong>: il fatto che siamo un&#8217;azienda pi\u00f9 piccola rende tutte le pubblicazioni che dobbiamo fare a volte difficili, ma in un&#8217;azienda pi\u00f9 grande questa \u00e8 una necessit\u00e0.<\/p>\n<h3>Dewald L. &#8220;Recensione di sincronizzazione&#8221;<\/h3>\n<p><strong>Commenti<\/strong>: Sistema operativo eccezionale con un ottimo supporto e sviluppo del prodotto. Molto soddisfatto del sistema e consigliamo vivamente l&#8217;uso nel settore.<\/p>\n<p><strong>Vantaggi<\/strong>: il software \u00e8 molto intuitivo e consente di vedere i dettagli e di avere una visione d&#8217;insieme delle attivit\u00e0 operative. Il supporto \u00e8 di altissima qualit\u00e0 e il team di sviluppo \u00e8 molto disponibile e capace con report personalizzati. L&#8217;intero processo operativo pu\u00f2 essere eseguito su una piattaforma in un settore con molte variabili e diverse distinte base. La piattaforma software \u00e8 molto coerente senza tempi di inattivit\u00e0 e praticamente senza errori nell&#8217;integrit\u00e0 dei dati. Sistema operativo estremamente funzionale e affidabile.<\/p>\n<p><strong>Inconvenienti<\/strong>: la terminologia nel settore \u00e8 un problema e quindi alcune descrizioni \/ terminologie sono inizialmente difficili da comprendere.<\/p>\n<h3>Felicity F. &#8220;La nostra azienda \u00e8 orientata alla produzione e al dettaglio.&#8221;<\/h3>\n<p><strong>Commenti<\/strong>: Il reporting e l&#8217;efficienza del sistema sono di altissima qualit\u00e0.\u00a0Il personale \u00e8 cordiale e ben informato.<\/p>\n<p><strong>Vantaggi<\/strong>: grazie alla natura della nostra attivit\u00e0, i sistemi Sync sono in grado di realizzare la produzione offshore con errori minimi. Parte della nostra produzione \u00e8 in paesi non di lingua inglese e stanno raggiungendo il risultato desiderato. I nostri requisiti sono soddisfatti al 100%.<br \/>\nI nostri processi sono facili da usare, efficienti e garantiscono sempre la massima capacit\u00e0 di tracciabilit\u00e0.<br \/>\nUsiamo Sync per tutta la nostra elaborazione delle materie prime, i processi di produzione completi, l&#8217;elaborazione dei prodotti finiti, la distribuzione, le vendite sul web (incluso online) per la nostra integrazione finanziaria.<\/p>\n<p><strong>Inconvenienti<\/strong>: come amministratore della sincronizzazione della societ\u00e0 non posso criticare il sistema in alcun modo.<br \/>\nAbbiamo il supporto di un servizio efficiente e professionale dall&#8217;ufficio locale, se necessario.<\/p>\n<p>&nbsp;<\/p>\n","protected":false},"excerpt":{"rendered":"<p>Sync \u00e8 una soluzione di pianificazione delle risorse\u00a0(ERP) integrata e di gestione del ciclo di vita del prodotto (PLM) che si rivolge al settore dell&#8217;abbigliamento e delle calzature. La soluzione include vari moduli che aiutano le aziende a gestire costi, inventario, PLM, acquisti e altre attivit\u00e0.\u00a0<\/p>\n","protected":false},"author":19,"featured_media":22663,"parent":22029,"menu_order":0,"comment_status":"open","ping_status":"closed","template":"g1_template_page_review_new.php","meta":{"_acf_changed":false,"cwp_meta_box_check":"Yes","cwp_rev_product_name":"","cwp_rev_product_image":"","wppr_links":[],"cwp_rev_price":"","wppr_options":[],"wppr_pros":[],"wppr_cons":[],"_monsterinsights_skip_tracking":false,"_monsterinsights_sitenote_active":false,"_monsterinsights_sitenote_note":"","_monsterinsights_sitenote_category":0,"footnotes":""},"categories":[1654],"tags":[1664,1663,1714,923,1713,1667,1712,1715],"features":[],"class_list":{"0":"post-22661","1":"page","2":"type-page","3":"status-publish","4":"has-post-thumbnail","6":"category-enterprise-resource-planning-software-erp","7":"tag-enterprise-resource-planning","8":"tag-erp","9":"tag-pianificazione-delle-risorse","10":"tag-software-erp","11":"tag-software-plm","12":"tag-soluzione-erp","13":"tag-soluzione-plm","14":"tag-sync"},"wppr_data":{"cwp_meta_box_check":"Yes","cwp_rev_product_name":"","cwp_rev_product_image":"","cwp_image_link":"image","cwp_rev_price":"","wppr_rating":"0.00"},"acf":[],"yoast_head":"<!-- This site is optimized with the Yoast SEO plugin v27.4 - https:\/\/yoast.com\/product\/yoast-seo-wordpress\/ -->\n<title>Sync: recensione software ERP - Accurate Reviews<\/title>\n<meta name=\"description\" content=\"Sync: recensione soluzione di pianificazione delle risorse\u00a0(ERP) integrata e di gestione del ciclo di vita del prodotto (PLM) per aziende di abbigliamento.\" \/>\n<meta name=\"robots\" content=\"index, follow, max-snippet:-1, max-image-preview:large, max-video-preview:-1\" \/>\n<link rel=\"canonical\" href=\"https:\/\/www.accuratereviews.com\/it\/software-erp-lista-software\/sync-recensione\/\" \/>\n<meta property=\"og:locale\" content=\"it_IT\" \/>\n<meta property=\"og:type\" content=\"article\" \/>\n<meta property=\"og:title\" content=\"Sync: recensione software ERP - Accurate Reviews\" \/>\n<meta property=\"og:description\" content=\"Sync: recensione soluzione di pianificazione delle risorse\u00a0(ERP) integrata e di gestione del ciclo di vita del prodotto (PLM) per aziende di abbigliamento.\" \/>\n<meta property=\"og:url\" content=\"https:\/\/www.accuratereviews.com\/it\/software-erp-lista-software\/sync-recensione\/\" \/>\n<meta property=\"og:site_name\" content=\"Accurate Reviews\" \/>\n<meta property=\"og:image\" content=\"https:\/\/www.accuratereviews.com\/wp-content\/uploads\/2020\/01\/Sync.png\" \/>\n\t<meta property=\"og:image:width\" content=\"460\" \/>\n\t<meta property=\"og:image:height\" content=\"300\" \/>\n\t<meta property=\"og:image:type\" content=\"image\/png\" \/>\n<meta name=\"twitter:card\" content=\"summary_large_image\" \/>\n<meta name=\"twitter:label1\" content=\"Tempo di lettura stimato\" \/>\n\t<meta name=\"twitter:data1\" content=\"4 minuti\" \/>\n<script type=\"application\/ld+json\" class=\"yoast-schema-graph\">{\"@context\":\"https:\\\/\\\/schema.org\",\"@graph\":[{\"@type\":\"WebPage\",\"@id\":\"https:\\\/\\\/www.accuratereviews.com\\\/it\\\/software-erp-lista-software\\\/sync-recensione\\\/\",\"url\":\"https:\\\/\\\/www.accuratereviews.com\\\/it\\\/software-erp-lista-software\\\/sync-recensione\\\/\",\"name\":\"Sync: recensione software ERP - Accurate Reviews\",\"isPartOf\":{\"@id\":\"https:\\\/\\\/www.accuratereviews.com\\\/it\\\/#website\"},\"primaryImageOfPage\":{\"@id\":\"https:\\\/\\\/www.accuratereviews.com\\\/it\\\/software-erp-lista-software\\\/sync-recensione\\\/#primaryimage\"},\"image\":{\"@id\":\"https:\\\/\\\/www.accuratereviews.com\\\/it\\\/software-erp-lista-software\\\/sync-recensione\\\/#primaryimage\"},\"thumbnailUrl\":\"https:\\\/\\\/www.accuratereviews.com\\\/wp-content\\\/uploads\\\/2020\\\/01\\\/Sync.png\",\"datePublished\":\"2020-01-30T14:34:53+00:00\",\"description\":\"Sync: recensione soluzione di pianificazione delle risorse\u00a0(ERP) integrata e di gestione del ciclo di vita del prodotto (PLM) per aziende di abbigliamento.\",\"breadcrumb\":{\"@id\":\"https:\\\/\\\/www.accuratereviews.com\\\/it\\\/software-erp-lista-software\\\/sync-recensione\\\/#breadcrumb\"},\"inLanguage\":\"it-IT\",\"potentialAction\":[{\"@type\":\"ReadAction\",\"target\":[\"https:\\\/\\\/www.accuratereviews.com\\\/it\\\/software-erp-lista-software\\\/sync-recensione\\\/\"]}]},{\"@type\":\"ImageObject\",\"inLanguage\":\"it-IT\",\"@id\":\"https:\\\/\\\/www.accuratereviews.com\\\/it\\\/software-erp-lista-software\\\/sync-recensione\\\/#primaryimage\",\"url\":\"https:\\\/\\\/www.accuratereviews.com\\\/wp-content\\\/uploads\\\/2020\\\/01\\\/Sync.png\",\"contentUrl\":\"https:\\\/\\\/www.accuratereviews.com\\\/wp-content\\\/uploads\\\/2020\\\/01\\\/Sync.png\",\"width\":460,\"height\":300},{\"@type\":\"BreadcrumbList\",\"@id\":\"https:\\\/\\\/www.accuratereviews.com\\\/it\\\/software-erp-lista-software\\\/sync-recensione\\\/#breadcrumb\",\"itemListElement\":[{\"@type\":\"ListItem\",\"position\":1,\"name\":\"Home\",\"item\":\"https:\\\/\\\/www.accuratereviews.com\\\/it\\\/\"},{\"@type\":\"ListItem\",\"position\":2,\"name\":\"ERP Software\",\"item\":\"https:\\\/\\\/www.accuratereviews.com\\\/it\\\/software-erp-lista-software\\\/\"},{\"@type\":\"ListItem\",\"position\":3,\"name\":\"Sync\"}]},{\"@type\":\"WebSite\",\"@id\":\"https:\\\/\\\/www.accuratereviews.com\\\/it\\\/#website\",\"url\":\"https:\\\/\\\/www.accuratereviews.com\\\/it\\\/\",\"name\":\"Accurate Reviews\",\"description\":\"\",\"potentialAction\":[{\"@type\":\"SearchAction\",\"target\":{\"@type\":\"EntryPoint\",\"urlTemplate\":\"https:\\\/\\\/www.accuratereviews.com\\\/it\\\/?s={search_term_string}\"},\"query-input\":{\"@type\":\"PropertyValueSpecification\",\"valueRequired\":true,\"valueName\":\"search_term_string\"}}],\"inLanguage\":\"it-IT\"}]}<\/script>\n<!-- \/ Yoast SEO plugin. -->","yoast_head_json":{"title":"Sync: recensione software ERP - Accurate Reviews","description":"Sync: recensione soluzione di pianificazione delle risorse\u00a0(ERP) integrata e di gestione del ciclo di vita del prodotto (PLM) per aziende di abbigliamento.","robots":{"index":"index","follow":"follow","max-snippet":"max-snippet:-1","max-image-preview":"max-image-preview:large","max-video-preview":"max-video-preview:-1"},"canonical":"https:\/\/www.accuratereviews.com\/it\/software-erp-lista-software\/sync-recensione\/","og_locale":"it_IT","og_type":"article","og_title":"Sync: recensione software ERP - Accurate Reviews","og_description":"Sync: recensione soluzione di pianificazione delle risorse\u00a0(ERP) integrata e di gestione del ciclo di vita del prodotto (PLM) per aziende di abbigliamento.","og_url":"https:\/\/www.accuratereviews.com\/it\/software-erp-lista-software\/sync-recensione\/","og_site_name":"Accurate Reviews","og_image":[{"width":460,"height":300,"url":"https:\/\/www.accuratereviews.com\/wp-content\/uploads\/2020\/01\/Sync.png","type":"image\/png"}],"twitter_card":"summary_large_image","twitter_misc":{"Tempo di lettura stimato":"4 minuti"},"schema":{"@context":"https:\/\/schema.org","@graph":[{"@type":"WebPage","@id":"https:\/\/www.accuratereviews.com\/it\/software-erp-lista-software\/sync-recensione\/","url":"https:\/\/www.accuratereviews.com\/it\/software-erp-lista-software\/sync-recensione\/","name":"Sync: recensione software ERP - Accurate Reviews","isPartOf":{"@id":"https:\/\/www.accuratereviews.com\/it\/#website"},"primaryImageOfPage":{"@id":"https:\/\/www.accuratereviews.com\/it\/software-erp-lista-software\/sync-recensione\/#primaryimage"},"image":{"@id":"https:\/\/www.accuratereviews.com\/it\/software-erp-lista-software\/sync-recensione\/#primaryimage"},"thumbnailUrl":"https:\/\/www.accuratereviews.com\/wp-content\/uploads\/2020\/01\/Sync.png","datePublished":"2020-01-30T14:34:53+00:00","description":"Sync: recensione soluzione di pianificazione delle risorse\u00a0(ERP) integrata e di gestione del ciclo di vita del prodotto (PLM) per aziende di abbigliamento.","breadcrumb":{"@id":"https:\/\/www.accuratereviews.com\/it\/software-erp-lista-software\/sync-recensione\/#breadcrumb"},"inLanguage":"it-IT","potentialAction":[{"@type":"ReadAction","target":["https:\/\/www.accuratereviews.com\/it\/software-erp-lista-software\/sync-recensione\/"]}]},{"@type":"ImageObject","inLanguage":"it-IT","@id":"https:\/\/www.accuratereviews.com\/it\/software-erp-lista-software\/sync-recensione\/#primaryimage","url":"https:\/\/www.accuratereviews.com\/wp-content\/uploads\/2020\/01\/Sync.png","contentUrl":"https:\/\/www.accuratereviews.com\/wp-content\/uploads\/2020\/01\/Sync.png","width":460,"height":300},{"@type":"BreadcrumbList","@id":"https:\/\/www.accuratereviews.com\/it\/software-erp-lista-software\/sync-recensione\/#breadcrumb","itemListElement":[{"@type":"ListItem","position":1,"name":"Home","item":"https:\/\/www.accuratereviews.com\/it\/"},{"@type":"ListItem","position":2,"name":"ERP Software","item":"https:\/\/www.accuratereviews.com\/it\/software-erp-lista-software\/"},{"@type":"ListItem","position":3,"name":"Sync"}]},{"@type":"WebSite","@id":"https:\/\/www.accuratereviews.com\/it\/#website","url":"https:\/\/www.accuratereviews.com\/it\/","name":"Accurate Reviews","description":"","potentialAction":[{"@type":"SearchAction","target":{"@type":"EntryPoint","urlTemplate":"https:\/\/www.accuratereviews.com\/it\/?s={search_term_string}"},"query-input":{"@type":"PropertyValueSpecification","valueRequired":true,"valueName":"search_term_string"}}],"inLanguage":"it-IT"}]}},"_links":{"self":[{"href":"https:\/\/www.accuratereviews.com\/it\/wp-json\/wp\/v2\/pages\/22661","targetHints":{"allow":["GET"]}}],"collection":[{"href":"https:\/\/www.accuratereviews.com\/it\/wp-json\/wp\/v2\/pages"}],"about":[{"href":"https:\/\/www.accuratereviews.com\/it\/wp-json\/wp\/v2\/types\/page"}],"author":[{"embeddable":true,"href":"https:\/\/www.accuratereviews.com\/it\/wp-json\/wp\/v2\/users\/19"}],"replies":[{"embeddable":true,"href":"https:\/\/www.accuratereviews.com\/it\/wp-json\/wp\/v2\/comments?post=22661"}],"version-history":[{"count":7,"href":"https:\/\/www.accuratereviews.com\/it\/wp-json\/wp\/v2\/pages\/22661\/revisions"}],"predecessor-version":[{"id":26660,"href":"https:\/\/www.accuratereviews.com\/it\/wp-json\/wp\/v2\/pages\/22661\/revisions\/26660"}],"up":[{"embeddable":true,"href":"https:\/\/www.accuratereviews.com\/it\/wp-json\/wp\/v2\/pages\/22029"}],"wp:featuredmedia":[{"embeddable":true,"href":"https:\/\/www.accuratereviews.com\/it\/wp-json\/wp\/v2\/media\/22663"}],"wp:attachment":[{"href":"https:\/\/www.accuratereviews.com\/it\/wp-json\/wp\/v2\/media?parent=22661"}],"wp:term":[{"taxonomy":"category","embeddable":true,"href":"https:\/\/www.accuratereviews.com\/it\/wp-json\/wp\/v2\/categories?post=22661"},{"taxonomy":"post_tag","embeddable":true,"href":"https:\/\/www.accuratereviews.com\/it\/wp-json\/wp\/v2\/tags?post=22661"},{"taxonomy":"features","embeddable":true,"href":"https:\/\/www.accuratereviews.com\/it\/wp-json\/wp\/v2\/features?post=22661"}],"curies":[{"name":"wp","href":"https:\/\/api.w.org\/{rel}","templated":true}]}}