{"id":22671,"date":"2020-01-30T14:34:16","date_gmt":"2020-01-30T14:34:16","guid":{"rendered":"https:\/\/www.accuratereviews.com\/?page_id=22671"},"modified":"2020-01-30T14:34:16","modified_gmt":"2020-01-30T14:34:16","slug":"expandable-recensione","status":"publish","type":"page","link":"https:\/\/www.accuratereviews.com\/it\/software-erp-lista-software\/expandable-recensione\/","title":{"rendered":"Expandable"},"content":{"rendered":"<p><strong>Expandable<\/strong> \u00e8 una <strong>soluzione di pianificazione delle risorse aziendali (ERP)<\/strong> progettata per produttori di ogni dimensione. Offre funzionalit\u00e0 di pianificazione dei materiali, programmazione della produzione, contabilit\u00e0, business intelligence e gestione della catena di approvvigionamento all&#8217;interno di una suite. Il prodotto viene eseguito su un server Microsoft SQL e pu\u00f2 essere installato on-premise o eseguito come applicazione basata su<strong> cloud sul web<\/strong>.\u00a0Il modulo di produzione consente agli utenti di gestire i lavori, i costi, i materiali, l&#8217;inventario e la pianificazione della produzione. Il prodotto offre anche un modulo di contabilit\u00e0, che consente agli utenti di gestire i conti attivi e passivi, creare libri contabili generali, calcolare le imposte ed elaborare transazioni multi-valuta. Il modulo di reporting offre report standard e ad hoc per la valutazione dei progressi.<\/p>\n<h2>EXPANDABLE &#8211; TUTORIAL<\/h2>\n<p>Guardiamo il tutorial che segue per utilizzare l&#8217;applicazione mobile di questo <strong>software ERP<\/strong>:<\/p>\n<div id=\"fluid-wrapper-counter-1\" class=\"g1-fluid-wrapper \" style=\"width:686px;\">\n<div style=\"padding-bottom:56.268221574344%;\"><iframe loading=\"lazy\" title=\"Expandable ERP Mobile Ops Demo\" width=\"686\" height=\"386\" src=\"https:\/\/www.youtube.com\/embed\/AKEfOLKkQpU?feature=oembed&amp;wmode=transparent&amp;autohide=1&amp;autoplay=0&amp;disablekb=0&amp;fs=1&amp;loop=0&amp;enablejsapi=1&amp;rel=0&amp;controls=2&amp;showinfo=0&amp;wmode=transparent&amp;autohide=2&amp;autoplay=0&amp;disablekb=0&amp;fs=1&amp;loop=0&amp;enablejsapi=1&amp;rel=0&amp;controls=2&amp;showinfo=1\" frameborder=\"0\" allow=\"accelerometer; autoplay; encrypted-media; gyroscope; picture-in-picture\" allowfullscreen><\/iframe><\/div>\n<\/div>\n<h3>EXPANDABLE &#8211; CARATTERISTICHE<\/h3>\n<ul>\n<li><strong>Produzione<\/strong>: i moduli di produzione espandibili applicano i principi APICS per ottimizzare la pianificazione della produzione, l&#8217;approvvigionamento e la gestione dell&#8217;inventario<\/li>\n<li><strong>Contabilit\u00e0<\/strong>: le regole aziendali conformi a GAAP assicurano che la tua attivit\u00e0 commerciale soddisfi tutti i requisiti con controlli e saldi verificabili<\/li>\n<li><strong>Gestione degli ordini<\/strong>: assicurati che tutti, compresi i clienti e i partner commerciali, mantengano la visibilit\u00e0 degli ordini durante l&#8217;intero ciclo di produzione<\/li>\n<li><strong>Ingegneria<\/strong>: con distinte base multi-livello l&#8217;ERP espandibile rende i costi di roll-up e roll-out un gioco da ragazzi<\/li>\n<li><strong>Strumenti di produttivit\u00e0<\/strong>: elimina il doppio lavoro con una vasta gamma di strumenti per risparmiare tempo che rimuovono i processi manuali e automatizzano le attivit\u00e0 ripetitive.<\/li>\n<li><strong>App mobile<\/strong>: usa i tuoi dispositivi mobili per eseguire transazioni commerciali ovunque sia pi\u00f9 conveniente, tempestivo ed efficiente<\/li>\n<li><strong>Estensibilit\u00e0<\/strong>: fai crescere la tua azienda raggiungendo un buon guadagno senza dover cambiare i sistemi aziendali lungo la strada.<\/li>\n<\/ul>\n<h4>LE RECENSIONI DEGLI UTENTI<\/h4>\n<h4>Zack F. &#8220;Expandable \u00e8 stato veloce da implementare, immensamente potente e conveniente per la mia piccola azienda!&#8221;<\/h4>\n<p><strong>Commenti<\/strong>: Questo software ci ha permesso di collegare la nostra produzione, il controllo dell&#8217;inventario, gli acquisti e la fatturazione in un&#8217;unica piattaforma. Abbiamo una grande capacit\u00e0 di tracciamento durante l&#8217;intero processo.<\/p>\n<p><strong>Vantaggi<\/strong>: Expandable offre un&#8217;installazione desktop remota, consentendo a qualsiasi utente di accedere all&#8217;applicazione con una connessione Internet. Chiunque nel mio team pu\u00f2 accedere e effettuare transazioni. Expandable offre lanci molto rapidi ed efficienti, con migrazione dei dati e formazione sul posto. Il software apprende i tuoi processi e i flussi di processo e poi ti insegna come il programma pu\u00f2 adattarsi al sistema. Expandable offre infinite funzionalit\u00e0 extra che puoi scegliere di implementare lungo la strada. I tempi di risposta del servizio clienti e la qualit\u00e0 della risposta sono di prim&#8217;ordine. E sono molto pi\u00f9 convenienti dei loro concorrenti, offrendo allo stesso tempo un prodotto standard.<\/p>\n<p><strong>Inconvenienti<\/strong>: c&#8217;\u00e8 una ripida curva di apprendimento, ma fortunatamente Expandable offre grandi risorse di formazione (tutorial online, guide, hotline di supporto, formazione in loco).<\/p>\n<h4>Bill M. &#8220;Implementazione molto rapida, ottimo servizio clienti, struttura dati organizzata, GUI intuitiva&#8221;<\/h4>\n<p><strong>Commenti<\/strong>: Per un investimento molto ragionevole, Expandable ti consente di portare ordine e coerenza alla tua attivit\u00e0. Se sei un produttore di prodotti complessi, Expandable rappresenta il meglio dei due mondi in termini di gestione delle complesse sfide di gestione dei dati ma in un pacchetto facile da gestire e controllare. Il ROI sul prodotto \u00e8 quasi immeidato.<\/p>\n<p><strong>Vantaggi<\/strong>: siamo stati in grado di implementare Expandable molto rapidamente. La societ\u00e0 ha il processo di implementazione fino a una scienza. Le opzioni relative alla distinta base e alla parte principale erano perfette per il nostro ambiente di produzione discreto. I processi MRP sono ben definiti e consentiti per una pianificazione significativa a lungo termine. GL e tutte le funzioni di subledger sono ben integrate e consentono un&#8217;analisi e un controllo significativi.<\/p>\n<p><strong>Inconvenienti<\/strong>: la mancanza di un generatore di rendiconto finanziario interno significa che fai affidamento su un plug-in di terze parti, che a volte abbiamo trovato ingombrante e confuso.<\/p>\n<h4>Laura W. &#8220;Espandibile \u00e8 stata una grande risorsa, per la nostra azienda nel corso degli anni.&#8221;<\/h4>\n<p><strong>Commenti<\/strong>: Il vantaggio principale per la nostra azienda \u00e8 il tracciamento dei lotti per il nostro inventario e l&#8217;inventario delle spedizioni.<\/p>\n<p><strong>Vantaggi<\/strong>: La parte pi\u00f9 preziosa di Expandable per noi \u00e8 l&#8217;uso del tracciamento dei lotti insieme all&#8217;inventario delle spedizioni. Nella nostra linea di business, dobbiamo sapere dove sono tutti i nostri prodotti in ogni momento. Ci piace anche perch\u00e9 funziona alla grande con Microsoft Excel.<\/p>\n<p><strong>Inconvenienti<\/strong>: per lo pi\u00f9 espandibile ha funzionato alla grande negli anni. Tuttavia, direi che ci\u00f2 che vorremmo di meno riguardo al software \u00e8 che a volte \u00e8 difficile produrre un rapporto che potrebbe far risparmiare tempo senza doverlo personalizzare.<\/p>\n","protected":false},"excerpt":{"rendered":"<p>Expandable \u00e8 una soluzione di pianificazione delle risorse aziendali (ERP) progettata per produttori di ogni dimensione. Offre funzionalit\u00e0 di pianificazione dei materiali, programmazione della produzione, contabilit\u00e0, business intelligence e gestione della catena di approvvigionamento all&#8217;interno di una suite.<\/p>\n","protected":false},"author":19,"featured_media":22674,"parent":22029,"menu_order":0,"comment_status":"open","ping_status":"closed","template":"g1_template_page_review_new.php","meta":{"_acf_changed":false,"cwp_meta_box_check":"Yes","cwp_rev_product_name":"","cwp_rev_product_image":"","wppr_links":[],"cwp_rev_price":"","wppr_options":[],"wppr_pros":[],"wppr_cons":[],"_monsterinsights_skip_tracking":false,"_monsterinsights_sitenote_active":false,"_monsterinsights_sitenote_note":"","_monsterinsights_sitenote_category":0,"footnotes":""},"categories":[1654],"tags":[396,1664,1663,1716,1696,1671,923,1667],"features":[],"class_list":{"0":"post-22671","1":"page","2":"type-page","3":"status-publish","4":"has-post-thumbnail","6":"category-enterprise-resource-planning-software-erp","7":"tag-cloud","8":"tag-enterprise-resource-planning","9":"tag-erp","10":"tag-expandable","11":"tag-pianificazione-delle-risorse-aziendali","12":"tag-programma-erp","13":"tag-software-erp","14":"tag-soluzione-erp"},"wppr_data":{"cwp_meta_box_check":"Yes","cwp_rev_product_name":"","cwp_rev_product_image":"","cwp_image_link":"image","cwp_rev_price":"","wppr_rating":"0.00"},"acf":[],"yoast_head":"<!-- This site is optimized with the Yoast SEO plugin v27.4 - https:\/\/yoast.com\/product\/yoast-seo-wordpress\/ -->\n<title>Expandable: recensione software ERP - Accurate Reviews<\/title>\n<meta name=\"description\" content=\"Expandable: recensione soluzione di pianificazione delle risorse aziendali (ERP) progettata per produttori di ogni dimensione.\" \/>\n<meta name=\"robots\" content=\"index, follow, max-snippet:-1, max-image-preview:large, max-video-preview:-1\" \/>\n<link rel=\"canonical\" href=\"https:\/\/www.accuratereviews.com\/it\/software-erp-lista-software\/expandable-recensione\/\" \/>\n<meta property=\"og:locale\" content=\"it_IT\" \/>\n<meta property=\"og:type\" content=\"article\" \/>\n<meta property=\"og:title\" content=\"Expandable: recensione software ERP - Accurate Reviews\" \/>\n<meta property=\"og:description\" content=\"Expandable: recensione soluzione di pianificazione delle risorse aziendali (ERP) progettata per produttori di ogni dimensione.\" \/>\n<meta property=\"og:url\" content=\"https:\/\/www.accuratereviews.com\/it\/software-erp-lista-software\/expandable-recensione\/\" \/>\n<meta property=\"og:site_name\" content=\"Accurate Reviews\" \/>\n<meta property=\"og:image\" content=\"https:\/\/www.accuratereviews.com\/wp-content\/uploads\/2020\/01\/expandable.png\" \/>\n\t<meta property=\"og:image:width\" content=\"300\" \/>\n\t<meta property=\"og:image:height\" content=\"300\" \/>\n\t<meta property=\"og:image:type\" content=\"image\/png\" \/>\n<meta name=\"twitter:card\" content=\"summary_large_image\" \/>\n<meta name=\"twitter:label1\" content=\"Tempo di lettura stimato\" \/>\n\t<meta name=\"twitter:data1\" content=\"4 minuti\" \/>\n<script type=\"application\/ld+json\" class=\"yoast-schema-graph\">{\"@context\":\"https:\\\/\\\/schema.org\",\"@graph\":[{\"@type\":\"WebPage\",\"@id\":\"https:\\\/\\\/www.accuratereviews.com\\\/it\\\/software-erp-lista-software\\\/expandable-recensione\\\/\",\"url\":\"https:\\\/\\\/www.accuratereviews.com\\\/it\\\/software-erp-lista-software\\\/expandable-recensione\\\/\",\"name\":\"Expandable: recensione software ERP - Accurate Reviews\",\"isPartOf\":{\"@id\":\"https:\\\/\\\/www.accuratereviews.com\\\/it\\\/#website\"},\"primaryImageOfPage\":{\"@id\":\"https:\\\/\\\/www.accuratereviews.com\\\/it\\\/software-erp-lista-software\\\/expandable-recensione\\\/#primaryimage\"},\"image\":{\"@id\":\"https:\\\/\\\/www.accuratereviews.com\\\/it\\\/software-erp-lista-software\\\/expandable-recensione\\\/#primaryimage\"},\"thumbnailUrl\":\"https:\\\/\\\/www.accuratereviews.com\\\/wp-content\\\/uploads\\\/2020\\\/01\\\/expandable.png\",\"datePublished\":\"2020-01-30T14:34:16+00:00\",\"description\":\"Expandable: recensione soluzione di pianificazione delle risorse aziendali (ERP) progettata per produttori di ogni dimensione.\",\"breadcrumb\":{\"@id\":\"https:\\\/\\\/www.accuratereviews.com\\\/it\\\/software-erp-lista-software\\\/expandable-recensione\\\/#breadcrumb\"},\"inLanguage\":\"it-IT\",\"potentialAction\":[{\"@type\":\"ReadAction\",\"target\":[\"https:\\\/\\\/www.accuratereviews.com\\\/it\\\/software-erp-lista-software\\\/expandable-recensione\\\/\"]}]},{\"@type\":\"ImageObject\",\"inLanguage\":\"it-IT\",\"@id\":\"https:\\\/\\\/www.accuratereviews.com\\\/it\\\/software-erp-lista-software\\\/expandable-recensione\\\/#primaryimage\",\"url\":\"https:\\\/\\\/www.accuratereviews.com\\\/wp-content\\\/uploads\\\/2020\\\/01\\\/expandable.png\",\"contentUrl\":\"https:\\\/\\\/www.accuratereviews.com\\\/wp-content\\\/uploads\\\/2020\\\/01\\\/expandable.png\",\"width\":300,\"height\":300},{\"@type\":\"BreadcrumbList\",\"@id\":\"https:\\\/\\\/www.accuratereviews.com\\\/it\\\/software-erp-lista-software\\\/expandable-recensione\\\/#breadcrumb\",\"itemListElement\":[{\"@type\":\"ListItem\",\"position\":1,\"name\":\"Home\",\"item\":\"https:\\\/\\\/www.accuratereviews.com\\\/it\\\/\"},{\"@type\":\"ListItem\",\"position\":2,\"name\":\"ERP Software\",\"item\":\"https:\\\/\\\/www.accuratereviews.com\\\/it\\\/software-erp-lista-software\\\/\"},{\"@type\":\"ListItem\",\"position\":3,\"name\":\"Expandable\"}]},{\"@type\":\"WebSite\",\"@id\":\"https:\\\/\\\/www.accuratereviews.com\\\/it\\\/#website\",\"url\":\"https:\\\/\\\/www.accuratereviews.com\\\/it\\\/\",\"name\":\"Accurate Reviews\",\"description\":\"\",\"potentialAction\":[{\"@type\":\"SearchAction\",\"target\":{\"@type\":\"EntryPoint\",\"urlTemplate\":\"https:\\\/\\\/www.accuratereviews.com\\\/it\\\/?s={search_term_string}\"},\"query-input\":{\"@type\":\"PropertyValueSpecification\",\"valueRequired\":true,\"valueName\":\"search_term_string\"}}],\"inLanguage\":\"it-IT\"}]}<\/script>\n<!-- \/ Yoast SEO plugin. -->","yoast_head_json":{"title":"Expandable: recensione software ERP - Accurate Reviews","description":"Expandable: recensione soluzione di pianificazione delle risorse aziendali (ERP) progettata per produttori di ogni dimensione.","robots":{"index":"index","follow":"follow","max-snippet":"max-snippet:-1","max-image-preview":"max-image-preview:large","max-video-preview":"max-video-preview:-1"},"canonical":"https:\/\/www.accuratereviews.com\/it\/software-erp-lista-software\/expandable-recensione\/","og_locale":"it_IT","og_type":"article","og_title":"Expandable: recensione software ERP - Accurate Reviews","og_description":"Expandable: recensione soluzione di pianificazione delle risorse aziendali (ERP) progettata per produttori di ogni dimensione.","og_url":"https:\/\/www.accuratereviews.com\/it\/software-erp-lista-software\/expandable-recensione\/","og_site_name":"Accurate Reviews","og_image":[{"width":300,"height":300,"url":"https:\/\/www.accuratereviews.com\/wp-content\/uploads\/2020\/01\/expandable.png","type":"image\/png"}],"twitter_card":"summary_large_image","twitter_misc":{"Tempo di lettura stimato":"4 minuti"},"schema":{"@context":"https:\/\/schema.org","@graph":[{"@type":"WebPage","@id":"https:\/\/www.accuratereviews.com\/it\/software-erp-lista-software\/expandable-recensione\/","url":"https:\/\/www.accuratereviews.com\/it\/software-erp-lista-software\/expandable-recensione\/","name":"Expandable: recensione software ERP - Accurate Reviews","isPartOf":{"@id":"https:\/\/www.accuratereviews.com\/it\/#website"},"primaryImageOfPage":{"@id":"https:\/\/www.accuratereviews.com\/it\/software-erp-lista-software\/expandable-recensione\/#primaryimage"},"image":{"@id":"https:\/\/www.accuratereviews.com\/it\/software-erp-lista-software\/expandable-recensione\/#primaryimage"},"thumbnailUrl":"https:\/\/www.accuratereviews.com\/wp-content\/uploads\/2020\/01\/expandable.png","datePublished":"2020-01-30T14:34:16+00:00","description":"Expandable: recensione soluzione di pianificazione delle risorse aziendali (ERP) progettata per produttori di ogni dimensione.","breadcrumb":{"@id":"https:\/\/www.accuratereviews.com\/it\/software-erp-lista-software\/expandable-recensione\/#breadcrumb"},"inLanguage":"it-IT","potentialAction":[{"@type":"ReadAction","target":["https:\/\/www.accuratereviews.com\/it\/software-erp-lista-software\/expandable-recensione\/"]}]},{"@type":"ImageObject","inLanguage":"it-IT","@id":"https:\/\/www.accuratereviews.com\/it\/software-erp-lista-software\/expandable-recensione\/#primaryimage","url":"https:\/\/www.accuratereviews.com\/wp-content\/uploads\/2020\/01\/expandable.png","contentUrl":"https:\/\/www.accuratereviews.com\/wp-content\/uploads\/2020\/01\/expandable.png","width":300,"height":300},{"@type":"BreadcrumbList","@id":"https:\/\/www.accuratereviews.com\/it\/software-erp-lista-software\/expandable-recensione\/#breadcrumb","itemListElement":[{"@type":"ListItem","position":1,"name":"Home","item":"https:\/\/www.accuratereviews.com\/it\/"},{"@type":"ListItem","position":2,"name":"ERP Software","item":"https:\/\/www.accuratereviews.com\/it\/software-erp-lista-software\/"},{"@type":"ListItem","position":3,"name":"Expandable"}]},{"@type":"WebSite","@id":"https:\/\/www.accuratereviews.com\/it\/#website","url":"https:\/\/www.accuratereviews.com\/it\/","name":"Accurate Reviews","description":"","potentialAction":[{"@type":"SearchAction","target":{"@type":"EntryPoint","urlTemplate":"https:\/\/www.accuratereviews.com\/it\/?s={search_term_string}"},"query-input":{"@type":"PropertyValueSpecification","valueRequired":true,"valueName":"search_term_string"}}],"inLanguage":"it-IT"}]}},"_links":{"self":[{"href":"https:\/\/www.accuratereviews.com\/it\/wp-json\/wp\/v2\/pages\/22671","targetHints":{"allow":["GET"]}}],"collection":[{"href":"https:\/\/www.accuratereviews.com\/it\/wp-json\/wp\/v2\/pages"}],"about":[{"href":"https:\/\/www.accuratereviews.com\/it\/wp-json\/wp\/v2\/types\/page"}],"author":[{"embeddable":true,"href":"https:\/\/www.accuratereviews.com\/it\/wp-json\/wp\/v2\/users\/19"}],"replies":[{"embeddable":true,"href":"https:\/\/www.accuratereviews.com\/it\/wp-json\/wp\/v2\/comments?post=22671"}],"version-history":[{"count":6,"href":"https:\/\/www.accuratereviews.com\/it\/wp-json\/wp\/v2\/pages\/22671\/revisions"}],"predecessor-version":[{"id":22686,"href":"https:\/\/www.accuratereviews.com\/it\/wp-json\/wp\/v2\/pages\/22671\/revisions\/22686"}],"up":[{"embeddable":true,"href":"https:\/\/www.accuratereviews.com\/it\/wp-json\/wp\/v2\/pages\/22029"}],"wp:featuredmedia":[{"embeddable":true,"href":"https:\/\/www.accuratereviews.com\/it\/wp-json\/wp\/v2\/media\/22674"}],"wp:attachment":[{"href":"https:\/\/www.accuratereviews.com\/it\/wp-json\/wp\/v2\/media?parent=22671"}],"wp:term":[{"taxonomy":"category","embeddable":true,"href":"https:\/\/www.accuratereviews.com\/it\/wp-json\/wp\/v2\/categories?post=22671"},{"taxonomy":"post_tag","embeddable":true,"href":"https:\/\/www.accuratereviews.com\/it\/wp-json\/wp\/v2\/tags?post=22671"},{"taxonomy":"features","embeddable":true,"href":"https:\/\/www.accuratereviews.com\/it\/wp-json\/wp\/v2\/features?post=22671"}],"curies":[{"name":"wp","href":"https:\/\/api.w.org\/{rel}","templated":true}]}}