{"id":22681,"date":"2020-01-30T16:53:49","date_gmt":"2020-01-30T16:53:49","guid":{"rendered":"https:\/\/www.accuratereviews.com\/?page_id=22681"},"modified":"2020-01-30T16:53:49","modified_gmt":"2020-01-30T16:53:49","slug":"quickeasy-bos-erp-recensione","status":"publish","type":"page","link":"https:\/\/www.accuratereviews.com\/it\/software-erp-lista-software\/quickeasy-bos-erp-recensione\/","title":{"rendered":"QuickEasy BOS ERP"},"content":{"rendered":"<p><strong>QuickEasy BOS ERP<\/strong> \u00e8 una soluzione di <strong>Enterprise Resource Planning (ERP)<\/strong> indirizzata principalmente alle piccole e medie imprese per migliorare la gestione aziendale. Si tratta di un <strong>sistema di pianificazione delle risorse aziendali<\/strong> che include diverse funzionalit\u00e0 legate alla gestione delle relazioni con i clienti (CRM), degli acquisti e delle vendite, delle scorte, della finanza, della contabilit\u00e0 e di molto altro ancora. In un&#8217;unica<strong> piattaforma ERP<\/strong>, potrai gestire le tue attivit\u00e0 aziendali in modo semplice e pi\u00f9 veloce, aumentando l&#8217;efficienza produttiva e riducendo gli sprechi. Ottieni l&#8217;accesso rapido alle informazioni dei tuoi clienti attuali e potenziali cos\u00ec da avere una visione completa del tutto.<\/p>\n<h2>COME FUNZIONA QUICKEASY BOS ERP &#8211; TUTORIAL<\/h2>\n<p>Diamo uno sguardo a questo video che ci mostra come funziona:<\/p>\n<div id=\"fluid-wrapper-counter-1\" class=\"g1-fluid-wrapper \" style=\"width:686px;\">\n<div style=\"padding-bottom:56.268221574344%;\"><iframe loading=\"lazy\" title=\"QuickEasy Point of Sale  POS\" width=\"686\" height=\"386\" src=\"https:\/\/www.youtube.com\/embed\/ZN8EN7TtXY4?feature=oembed&amp;wmode=transparent&amp;autohide=1&amp;autoplay=0&amp;disablekb=0&amp;fs=1&amp;loop=0&amp;enablejsapi=1&amp;rel=0&amp;controls=2&amp;showinfo=0&amp;wmode=transparent&amp;autohide=2&amp;autoplay=0&amp;disablekb=0&amp;fs=1&amp;loop=0&amp;enablejsapi=1&amp;rel=0&amp;controls=2&amp;showinfo=1\" frameborder=\"0\" allow=\"accelerometer; autoplay; encrypted-media; gyroscope; picture-in-picture\" allowfullscreen><\/iframe><\/div>\n<\/div>\n<h3>QUICKEASY BOS ERP &#8211; CARATTERISTICHE<\/h3>\n<p>Ecco le sue principali caratteristiche:<\/p>\n<ul>\n<li><strong>Gestione delle vendite<\/strong>: gestisci prospezione, contatti, marketing, richieste, preventivi e ordini, tutto in un unico sistema<\/li>\n<li><strong>Gestione delle relazioni con i clienti (CRM)<\/strong>: goditi un&#8217;unica verit\u00e0 per ogni cliente, con dettagli aggiornati e cronologia delle transazioni<\/li>\n<li><strong>Gestione dei materiali e dell&#8217;inventario<\/strong>: goditi una costante visualizzazione completa dei tuoi materiali e del tuo inventario, con ordini di vendita e ordini di acquisto sullo stesso flusso di lavoro<\/li>\n<li><strong>Piano di produzione<\/strong>: sfrutta la semplicit\u00e0 di una scheda di produzione manuale con la potenza di elaborazione di un computer con la scheda di pianificazione di BOS<\/li>\n<li><strong>Tracciamento del tempo<\/strong>: collega il cronometraggio ai codici di monitoraggio, inserisci le quantit\u00e0 e aggiungi note cos\u00ec da poter tenere sotto controllo la produttivit\u00e0 del personale<\/li>\n<li><strong>Gestione della contabilit\u00e0<\/strong>: ottieni tutto ci\u00f2 di cui hai bisogno per la contabilit\u00e0 aziendale (bilancio di verifica, conto economico, debitori, creditori, IVA &#8211; automatizzato e inclusivo)<\/li>\n<li><strong>Sistema reportistico<\/strong>: ottieni report immediati e in tempo reale per ogni aspetto della tua attivit\u00e0.<\/li>\n<\/ul>\n<h3>LE RECENSIONI DEGLI UTENTI<\/h3>\n<p><strong>&#8220;Buon prodotto, ottimo programma. Si adatta a molti requisiti ERP della nostra azienda&#8221;<\/strong><br \/>\nIN GENERALE: siamo in grado di gestire gli ordini dei nostri clienti, i call off, i preventivi, le fatture e i conti. Siamo inoltre in grado di utilizzare i dati insieme al nostro pacchetto di contabilit\u00e0 per presentare dichiarazioni fiscali. La connessione al database ci consente di estrarre report e fogli di calcolo per decisioni strategiche e tattiche.<br \/>\nPRO: facilit\u00e0 d&#8217;uso, facile da configurare e interrogare il database. I report sono abbastanza facili da scrivere per questo in quanto il linguaggio SQL \u00e8 abbastanza semplice.<br \/>\nCONTRO: si interrompe quando la connettivit\u00e0 di rete si interrompe con il server anche se questo \u00e8 per alcuni secondi, al punto che non \u00e8 possibile chiudere l&#8217;app senza passare attraverso Task Manager. Le transazioni a volte richiedono del tempo per essere completate, in particolare quando si sta effettuando un nuovo calcolo dei costi.<br \/>\n<strong>&#8220;\u00c8 stata una bella esperienza imparare a lavorare con questo programma&#8221;<\/strong><br \/>\nIN GENERALE: per capire ancora di pi\u00f9 il settore della stampa quando vedi come viene fatta la citazione.<br \/>\nPRO: estremamente facile da usare, \u00e8 facile da capire, il sistema di quotazione \u00e8 veloce e affidabile.<br \/>\nCONTRO: Stiamo lottando per cambiare i prezzi sul sistema e non esiste un manuale per vedere dove o come farlo, quindi ogni volta dobbiamo telefonare alla linea di assistenza. Non puoi nemmeno vedere su Internet come fare le cose se non capisci qualcosa.<br \/>\n<strong>&#8220;Il QE \u00e8 un programma straordinario, facile da usare e intuitivo e facile da esportare per eccellere&#8221;.<br \/>\n<\/strong>IN GENERALE: \u00e8 il miglior sistema di fatturazione in cui abbia mai lavorato. L&#8217;esportazione da Quick Easy a Pastel \u00e8 rapida e senza problemi<br \/>\nPRO: passare da una schermata all&#8217;altra e vedere la cronologia di un lavoro. Vedere in qualsiasi momento lo stato dei lavori dei clienti e il valore nel negozio. Creazione di una fattura da un ordine cliente. Il vecchio sistema aveva spazio per errori ma la copia della copia dall&#8217;ordine cliente elimina questo buco nel circuito<br \/>\nCONTRO: che non \u00e8 possibile visualizzare un numero di fattura nella schermata Preventivo. Quello comprensivo dell&#8217;importo dell&#8217;IVA appare anche nella schermata dell&#8217;ordine cliente. Ci\u00f2 consentirebbe di risparmiare tempo durante l&#8217;assegnazione di contanti ai clienti COD.<\/p>\n","protected":false},"excerpt":{"rendered":"<p>QuickEasy BOS ERP \u00e8 una soluzione di Enterprise Resource Planning indirizzata principalmente alle piccole e medie imprese per migliorare la gestione aziendale. Si tratta di un sistema di pianificazione delle risorse aziendali che include diverse funzionalit\u00e0 legate alla gestione delle relazioni con i clienti (CRM), degli acquisti e delle vendite, delle scorte, della finanza, della contabilit\u00e0 e di molto altro ancora.<\/p>\n","protected":false},"author":17,"featured_media":22682,"parent":22029,"menu_order":0,"comment_status":"open","ping_status":"closed","template":"g1_template_page_review_new.php","meta":{"_acf_changed":false,"cwp_meta_box_check":"Yes","cwp_rev_product_name":"","cwp_rev_product_image":"","wppr_links":[],"cwp_rev_price":"","wppr_options":[],"wppr_pros":[],"wppr_cons":[],"_monsterinsights_skip_tracking":false,"_monsterinsights_sitenote_active":false,"_monsterinsights_sitenote_note":"","_monsterinsights_sitenote_category":0,"footnotes":""},"categories":[1654],"tags":[1663,1669,1671,923],"features":[],"class_list":{"0":"post-22681","1":"page","2":"type-page","3":"status-publish","4":"has-post-thumbnail","6":"category-enterprise-resource-planning-software-erp","7":"tag-erp","8":"tag-piattaforma-erp","9":"tag-programma-erp","10":"tag-software-erp"},"wppr_data":{"cwp_meta_box_check":"Yes","cwp_rev_product_name":"","cwp_rev_product_image":"","cwp_image_link":"image","cwp_rev_price":"","wppr_rating":"0.00"},"acf":[],"yoast_head":"<!-- This site is optimized with the Yoast SEO plugin v27.4 - https:\/\/yoast.com\/product\/yoast-seo-wordpress\/ -->\n<title>QuickEasy BOS ERP: recensione - Accurate Reviews<\/title>\n<meta name=\"description\" content=\"QuickEasy BOS ERP: recensione della soluzione di Enterprise Resource Planning indirizzata principalmente alle piccole e medie imprese.\" \/>\n<meta name=\"robots\" content=\"index, follow, max-snippet:-1, max-image-preview:large, max-video-preview:-1\" \/>\n<link rel=\"canonical\" href=\"https:\/\/www.accuratereviews.com\/it\/software-erp-lista-software\/quickeasy-bos-erp-recensione\/\" \/>\n<meta property=\"og:locale\" content=\"it_IT\" \/>\n<meta property=\"og:type\" content=\"article\" \/>\n<meta property=\"og:title\" content=\"QuickEasy BOS ERP: recensione - Accurate Reviews\" \/>\n<meta property=\"og:description\" content=\"QuickEasy BOS ERP: recensione della soluzione di Enterprise Resource Planning indirizzata principalmente alle piccole e medie imprese.\" \/>\n<meta property=\"og:url\" content=\"https:\/\/www.accuratereviews.com\/it\/software-erp-lista-software\/quickeasy-bos-erp-recensione\/\" \/>\n<meta property=\"og:site_name\" content=\"Accurate Reviews\" \/>\n<meta property=\"og:image\" content=\"https:\/\/www.accuratereviews.com\/wp-content\/uploads\/2020\/01\/0-1.png\" \/>\n\t<meta property=\"og:image:width\" content=\"200\" \/>\n\t<meta property=\"og:image:height\" content=\"200\" \/>\n\t<meta property=\"og:image:type\" content=\"image\/png\" \/>\n<meta name=\"twitter:card\" content=\"summary_large_image\" \/>\n<meta name=\"twitter:label1\" content=\"Tempo di lettura stimato\" \/>\n\t<meta name=\"twitter:data1\" content=\"3 minuti\" \/>\n<script type=\"application\/ld+json\" class=\"yoast-schema-graph\">{\"@context\":\"https:\\\/\\\/schema.org\",\"@graph\":[{\"@type\":\"WebPage\",\"@id\":\"https:\\\/\\\/www.accuratereviews.com\\\/it\\\/software-erp-lista-software\\\/quickeasy-bos-erp-recensione\\\/\",\"url\":\"https:\\\/\\\/www.accuratereviews.com\\\/it\\\/software-erp-lista-software\\\/quickeasy-bos-erp-recensione\\\/\",\"name\":\"QuickEasy BOS ERP: recensione - Accurate Reviews\",\"isPartOf\":{\"@id\":\"https:\\\/\\\/www.accuratereviews.com\\\/it\\\/#website\"},\"primaryImageOfPage\":{\"@id\":\"https:\\\/\\\/www.accuratereviews.com\\\/it\\\/software-erp-lista-software\\\/quickeasy-bos-erp-recensione\\\/#primaryimage\"},\"image\":{\"@id\":\"https:\\\/\\\/www.accuratereviews.com\\\/it\\\/software-erp-lista-software\\\/quickeasy-bos-erp-recensione\\\/#primaryimage\"},\"thumbnailUrl\":\"https:\\\/\\\/www.accuratereviews.com\\\/wp-content\\\/uploads\\\/2020\\\/01\\\/0-1.png\",\"datePublished\":\"2020-01-30T16:53:49+00:00\",\"description\":\"QuickEasy BOS ERP: recensione della soluzione di Enterprise Resource Planning indirizzata principalmente alle piccole e medie imprese.\",\"breadcrumb\":{\"@id\":\"https:\\\/\\\/www.accuratereviews.com\\\/it\\\/software-erp-lista-software\\\/quickeasy-bos-erp-recensione\\\/#breadcrumb\"},\"inLanguage\":\"it-IT\",\"potentialAction\":[{\"@type\":\"ReadAction\",\"target\":[\"https:\\\/\\\/www.accuratereviews.com\\\/it\\\/software-erp-lista-software\\\/quickeasy-bos-erp-recensione\\\/\"]}]},{\"@type\":\"ImageObject\",\"inLanguage\":\"it-IT\",\"@id\":\"https:\\\/\\\/www.accuratereviews.com\\\/it\\\/software-erp-lista-software\\\/quickeasy-bos-erp-recensione\\\/#primaryimage\",\"url\":\"https:\\\/\\\/www.accuratereviews.com\\\/wp-content\\\/uploads\\\/2020\\\/01\\\/0-1.png\",\"contentUrl\":\"https:\\\/\\\/www.accuratereviews.com\\\/wp-content\\\/uploads\\\/2020\\\/01\\\/0-1.png\",\"width\":200,\"height\":200},{\"@type\":\"BreadcrumbList\",\"@id\":\"https:\\\/\\\/www.accuratereviews.com\\\/it\\\/software-erp-lista-software\\\/quickeasy-bos-erp-recensione\\\/#breadcrumb\",\"itemListElement\":[{\"@type\":\"ListItem\",\"position\":1,\"name\":\"Home\",\"item\":\"https:\\\/\\\/www.accuratereviews.com\\\/it\\\/\"},{\"@type\":\"ListItem\",\"position\":2,\"name\":\"ERP Software\",\"item\":\"https:\\\/\\\/www.accuratereviews.com\\\/it\\\/software-erp-lista-software\\\/\"},{\"@type\":\"ListItem\",\"position\":3,\"name\":\"QuickEasy BOS ERP\"}]},{\"@type\":\"WebSite\",\"@id\":\"https:\\\/\\\/www.accuratereviews.com\\\/it\\\/#website\",\"url\":\"https:\\\/\\\/www.accuratereviews.com\\\/it\\\/\",\"name\":\"Accurate Reviews\",\"description\":\"\",\"potentialAction\":[{\"@type\":\"SearchAction\",\"target\":{\"@type\":\"EntryPoint\",\"urlTemplate\":\"https:\\\/\\\/www.accuratereviews.com\\\/it\\\/?s={search_term_string}\"},\"query-input\":{\"@type\":\"PropertyValueSpecification\",\"valueRequired\":true,\"valueName\":\"search_term_string\"}}],\"inLanguage\":\"it-IT\"}]}<\/script>\n<!-- \/ Yoast SEO plugin. -->","yoast_head_json":{"title":"QuickEasy BOS ERP: recensione - Accurate Reviews","description":"QuickEasy BOS ERP: recensione della soluzione di Enterprise Resource Planning indirizzata principalmente alle piccole e medie imprese.","robots":{"index":"index","follow":"follow","max-snippet":"max-snippet:-1","max-image-preview":"max-image-preview:large","max-video-preview":"max-video-preview:-1"},"canonical":"https:\/\/www.accuratereviews.com\/it\/software-erp-lista-software\/quickeasy-bos-erp-recensione\/","og_locale":"it_IT","og_type":"article","og_title":"QuickEasy BOS ERP: recensione - Accurate Reviews","og_description":"QuickEasy BOS ERP: recensione della soluzione di Enterprise Resource Planning indirizzata principalmente alle piccole e medie imprese.","og_url":"https:\/\/www.accuratereviews.com\/it\/software-erp-lista-software\/quickeasy-bos-erp-recensione\/","og_site_name":"Accurate Reviews","og_image":[{"width":200,"height":200,"url":"https:\/\/www.accuratereviews.com\/wp-content\/uploads\/2020\/01\/0-1.png","type":"image\/png"}],"twitter_card":"summary_large_image","twitter_misc":{"Tempo di lettura stimato":"3 minuti"},"schema":{"@context":"https:\/\/schema.org","@graph":[{"@type":"WebPage","@id":"https:\/\/www.accuratereviews.com\/it\/software-erp-lista-software\/quickeasy-bos-erp-recensione\/","url":"https:\/\/www.accuratereviews.com\/it\/software-erp-lista-software\/quickeasy-bos-erp-recensione\/","name":"QuickEasy BOS ERP: recensione - Accurate Reviews","isPartOf":{"@id":"https:\/\/www.accuratereviews.com\/it\/#website"},"primaryImageOfPage":{"@id":"https:\/\/www.accuratereviews.com\/it\/software-erp-lista-software\/quickeasy-bos-erp-recensione\/#primaryimage"},"image":{"@id":"https:\/\/www.accuratereviews.com\/it\/software-erp-lista-software\/quickeasy-bos-erp-recensione\/#primaryimage"},"thumbnailUrl":"https:\/\/www.accuratereviews.com\/wp-content\/uploads\/2020\/01\/0-1.png","datePublished":"2020-01-30T16:53:49+00:00","description":"QuickEasy BOS ERP: recensione della soluzione di Enterprise Resource Planning indirizzata principalmente alle piccole e medie imprese.","breadcrumb":{"@id":"https:\/\/www.accuratereviews.com\/it\/software-erp-lista-software\/quickeasy-bos-erp-recensione\/#breadcrumb"},"inLanguage":"it-IT","potentialAction":[{"@type":"ReadAction","target":["https:\/\/www.accuratereviews.com\/it\/software-erp-lista-software\/quickeasy-bos-erp-recensione\/"]}]},{"@type":"ImageObject","inLanguage":"it-IT","@id":"https:\/\/www.accuratereviews.com\/it\/software-erp-lista-software\/quickeasy-bos-erp-recensione\/#primaryimage","url":"https:\/\/www.accuratereviews.com\/wp-content\/uploads\/2020\/01\/0-1.png","contentUrl":"https:\/\/www.accuratereviews.com\/wp-content\/uploads\/2020\/01\/0-1.png","width":200,"height":200},{"@type":"BreadcrumbList","@id":"https:\/\/www.accuratereviews.com\/it\/software-erp-lista-software\/quickeasy-bos-erp-recensione\/#breadcrumb","itemListElement":[{"@type":"ListItem","position":1,"name":"Home","item":"https:\/\/www.accuratereviews.com\/it\/"},{"@type":"ListItem","position":2,"name":"ERP Software","item":"https:\/\/www.accuratereviews.com\/it\/software-erp-lista-software\/"},{"@type":"ListItem","position":3,"name":"QuickEasy BOS ERP"}]},{"@type":"WebSite","@id":"https:\/\/www.accuratereviews.com\/it\/#website","url":"https:\/\/www.accuratereviews.com\/it\/","name":"Accurate Reviews","description":"","potentialAction":[{"@type":"SearchAction","target":{"@type":"EntryPoint","urlTemplate":"https:\/\/www.accuratereviews.com\/it\/?s={search_term_string}"},"query-input":{"@type":"PropertyValueSpecification","valueRequired":true,"valueName":"search_term_string"}}],"inLanguage":"it-IT"}]}},"_links":{"self":[{"href":"https:\/\/www.accuratereviews.com\/it\/wp-json\/wp\/v2\/pages\/22681","targetHints":{"allow":["GET"]}}],"collection":[{"href":"https:\/\/www.accuratereviews.com\/it\/wp-json\/wp\/v2\/pages"}],"about":[{"href":"https:\/\/www.accuratereviews.com\/it\/wp-json\/wp\/v2\/types\/page"}],"author":[{"embeddable":true,"href":"https:\/\/www.accuratereviews.com\/it\/wp-json\/wp\/v2\/users\/17"}],"replies":[{"embeddable":true,"href":"https:\/\/www.accuratereviews.com\/it\/wp-json\/wp\/v2\/comments?post=22681"}],"version-history":[{"count":4,"href":"https:\/\/www.accuratereviews.com\/it\/wp-json\/wp\/v2\/pages\/22681\/revisions"}],"predecessor-version":[{"id":22701,"href":"https:\/\/www.accuratereviews.com\/it\/wp-json\/wp\/v2\/pages\/22681\/revisions\/22701"}],"up":[{"embeddable":true,"href":"https:\/\/www.accuratereviews.com\/it\/wp-json\/wp\/v2\/pages\/22029"}],"wp:featuredmedia":[{"embeddable":true,"href":"https:\/\/www.accuratereviews.com\/it\/wp-json\/wp\/v2\/media\/22682"}],"wp:attachment":[{"href":"https:\/\/www.accuratereviews.com\/it\/wp-json\/wp\/v2\/media?parent=22681"}],"wp:term":[{"taxonomy":"category","embeddable":true,"href":"https:\/\/www.accuratereviews.com\/it\/wp-json\/wp\/v2\/categories?post=22681"},{"taxonomy":"post_tag","embeddable":true,"href":"https:\/\/www.accuratereviews.com\/it\/wp-json\/wp\/v2\/tags?post=22681"},{"taxonomy":"features","embeddable":true,"href":"https:\/\/www.accuratereviews.com\/it\/wp-json\/wp\/v2\/features?post=22681"}],"curies":[{"name":"wp","href":"https:\/\/api.w.org\/{rel}","templated":true}]}}