{"id":22692,"date":"2020-01-30T16:54:53","date_gmt":"2020-01-30T16:54:53","guid":{"rendered":"https:\/\/www.accuratereviews.com\/?page_id=22692"},"modified":"2020-01-30T16:54:53","modified_gmt":"2020-01-30T16:54:53","slug":"tryton-recensione","status":"publish","type":"page","link":"https:\/\/www.accuratereviews.com\/it\/software-erp-lista-software\/tryton-recensione\/","title":{"rendered":"Tryton"},"content":{"rendered":"<p><strong>Tryton<\/strong> \u00e8 un<strong> programma di Enterprise Resource Planning (ERP)<\/strong>, basato su cloud e sviluppato per supportare aziende di piccole, medie e grandi dimensioni. \u00c8 una piattaforma open source di <strong>pianificazione delle risorse aziendali\u00a0<\/strong>composta da numerosi moduli, scalabili che quindi ti danno modo di personalizzare al meglio la tua azienda cos\u00ec da soddisfare le tue esigenze. Questi moduli ci permettono di gestire meglio la contabilit\u00e0, le vendite, gli acquisti, l&#8217;inventario, le relazioni con i clienti (CRM), i report e la produzione in generale. In questo modo, potrai ottimizzare i processi aziendali e far crescere il tuo business.<\/p>\n<h2>COME FUNZIONA TRYTON -TUTORIAL<\/h2>\n<p>Ecco un video tutorial che ci spiega come installare questo programma:<\/p>\n<div id=\"fluid-wrapper-counter-1\" class=\"g1-fluid-wrapper \" style=\"width:686px;\">\n<div style=\"padding-bottom:56.268221574344%;\"><iframe loading=\"lazy\" title=\"Tryton ERP :  Installation et Configuration\" width=\"515\" height=\"386\" src=\"https:\/\/www.youtube.com\/embed\/i7cUAARohgA?feature=oembed&amp;wmode=transparent&amp;autohide=1&amp;autoplay=0&amp;disablekb=0&amp;fs=1&amp;loop=0&amp;enablejsapi=1&amp;rel=0&amp;controls=2&amp;showinfo=0&amp;wmode=transparent&amp;autohide=2&amp;autoplay=0&amp;disablekb=0&amp;fs=1&amp;loop=0&amp;enablejsapi=1&amp;rel=0&amp;controls=2&amp;showinfo=1\" frameborder=\"0\" allow=\"accelerometer; autoplay; encrypted-media; gyroscope; picture-in-picture\" allowfullscreen><\/iframe><\/div>\n<\/div>\n<h3>TRYTON &#8211; CARATTERISTICHE<\/h3>\n<p>Di seguito le sue caratteristiche:<\/p>\n<ul>\n<li><strong>Gestione della contabilit\u00e0<\/strong>: registra tutte le transazioni nel tuo piano contabile<\/li>\n<li><strong>Gestione delle vendite<\/strong>: segui gli ordini dall&#8217;offerta alla soddisfazione del cliente<\/li>\n<li><strong>Gestione dell&#8217;inventario e stock<\/strong>: traccia le merci nei tuoi magazzini dalla ricevuta alla consegna<\/li>\n<li><strong>Gestione delle relazioni con i clienti<\/strong>: converti i tuoi lead e le opportunit\u00e0 in vendite<\/li>\n<li><strong>Gestione degli acquisti<\/strong>: segui le tue richieste di preventivo e riduci i costi raggruppando gli ordini<\/li>\n<li><strong>Catena di fornitura<\/strong>: riempi i tuoi magazzini appena in tempo e trasforma le materie prime in prodotti finiti con distinta base e percorso<\/li>\n<li><strong>Gestione delle spedizioni<\/strong>: gestisci le spedizioni di pacchi per i tuoi corrieri<\/li>\n<li><strong>Gestione dei progetti<\/strong>: verifica la redditivit\u00e0 dei progetti e non dimenticare mai di fatturare i clienti.<\/li>\n<\/ul>\n<h3>LE RECENSIONI DEGLI UTENTI<\/h3>\n<p><strong>&#8220;Una scelta eccellente per convertire il tuo vecchio codice legacy nel mondo ERP open source&#8221;<\/strong><br \/>\nIN GENERALE: stiamo migrando tutti i nostri processi passo dopo passo su Tryton (stock, acquisti, vendite, produzione, &#8230;). Il nostro primo passo positivo \u00e8 stato la gestione delle scorte con alcune personalizzazioni: stampa di etichette su stampante Zebra, un&#8217;app Android nativa reattiva collegata a Tryton per una gestione pi\u00f9 semplice sul campo&#8230; Come ho gi\u00e0 detto, Tryton \u00e8 molto modulare e ti consente di personalizzare la maggior parte delle cose in base alle tue esigenze.<br \/>\nPRO: &#8211; Eccellente framework modulare<br \/>\n&#8211; Software libero gestito da una comunit\u00e0 in crescita attorno a una fondazione<br \/>\n&#8211; Aggiornamenti facili<br \/>\n&#8211; Client GTK \/ client Web<br \/>\nCONTRO: &#8211; Mancanza di documentazione\/tutorial per gli utenti<\/p>\n<p><strong>&#8220;Prodotto e filosofia eccellenti&#8221;<\/strong><br \/>\nIN GENERALE: Penso che Tryton sia sorprendente, il software ha la migliore filosofia sui loro cambiamenti e sviluppi.<br \/>\nPRO: Tryton \u00e8 stabile, ben costruito, molte funzioni utili, molto flessibile, il supporto \u00e8 davvero buono, una community straordinaria e soprattutto ogni mese vedi nuovi fantastici aggiornamenti.<br \/>\nCONTRO: All&#8217;inizio era difficile capire come funzionava il software e la documentazione non \u00e8 buona per i principianti. Ma quando sei pi\u00f9 in contatto, tutto diventa chiaro e perfetto.<\/p>\n<p><strong>&#8220;Veloce, estensibile e modulare.&#8221;<\/strong><br \/>\nIN GENERALE: Utilizziamo Tryton come o proprio ERP e sviluppiamo servizi basati sull&#8217;IT. L&#8217;esperienza complessiva \u00e8 buona e al momento stiamo pianificando di espandere questa linea di attivit\u00e0<br \/>\nPRO: ERP eccezionale e, soprattutto, \u00e8 un ottimo framework per lo sviluppo di applicazioni personalizzate.<br \/>\nDesktop e client web, facile da integrare e interfacciare.<br \/>\nMulticompany, multilingua<br \/>\nCONTRO: La curva di apprendimento per gli sviluppatori potrebbe essere un po&#8217; ripida. Consiglio di visitare http:\/\/tryton.org per un aiuto.<\/p>\n","protected":false},"excerpt":{"rendered":"<p>Tryton \u00e8 un programma di Enterprise Resource Planning, basato su cloud e sviluppato per supportare aziende di piccole, medie e grandi dimensioni. \u00c8 una piattaforma open source di pianificazione delle risorse aziendali\u00a0composta da numerosi moduli, scalabili che quindi ti danno modo di personalizzare al meglio la tua azienda cos\u00ec da soddisfare le tue esigenze.<\/p>\n","protected":false},"author":17,"featured_media":22693,"parent":22029,"menu_order":0,"comment_status":"open","ping_status":"closed","template":"g1_template_page_review_new.php","meta":{"_acf_changed":false,"cwp_meta_box_check":"Yes","cwp_rev_product_name":"","cwp_rev_product_image":"","wppr_links":[],"cwp_rev_price":"","wppr_options":[],"wppr_pros":[],"wppr_cons":[],"_monsterinsights_skip_tracking":false,"_monsterinsights_sitenote_active":false,"_monsterinsights_sitenote_note":"","_monsterinsights_sitenote_category":0,"footnotes":""},"categories":[1654],"tags":[1706,1663,1669,1671,923],"features":[],"class_list":{"0":"post-22692","1":"page","2":"type-page","3":"status-publish","4":"has-post-thumbnail","6":"category-enterprise-resource-planning-software-erp","7":"tag-enterprise-resources-management","8":"tag-erp","9":"tag-piattaforma-erp","10":"tag-programma-erp","11":"tag-software-erp"},"wppr_data":{"cwp_meta_box_check":"Yes","cwp_rev_product_name":"","cwp_rev_product_image":"","cwp_image_link":"image","cwp_rev_price":"","wppr_rating":"0.00"},"acf":[],"yoast_head":"<!-- This site is optimized with the Yoast SEO plugin v27.4 - https:\/\/yoast.com\/product\/yoast-seo-wordpress\/ -->\n<title>Tryton: recensione programma ERP - Accurate Reviews<\/title>\n<meta name=\"description\" content=\"Tryton: recensione del programma di Enterprise Resource Planning, basato su cloud e sviluppato per supportare aziende di piccole, medie e grandi dimensioni.\" \/>\n<meta name=\"robots\" content=\"index, follow, max-snippet:-1, max-image-preview:large, max-video-preview:-1\" \/>\n<link rel=\"canonical\" href=\"https:\/\/www.accuratereviews.com\/it\/software-erp-lista-software\/tryton-recensione\/\" \/>\n<meta property=\"og:locale\" content=\"it_IT\" \/>\n<meta property=\"og:type\" content=\"article\" \/>\n<meta property=\"og:title\" content=\"Tryton: recensione programma ERP - Accurate Reviews\" \/>\n<meta property=\"og:description\" content=\"Tryton: recensione del programma di Enterprise Resource Planning, basato su cloud e sviluppato per supportare aziende di piccole, medie e grandi dimensioni.\" \/>\n<meta property=\"og:url\" content=\"https:\/\/www.accuratereviews.com\/it\/software-erp-lista-software\/tryton-recensione\/\" \/>\n<meta property=\"og:site_name\" content=\"Accurate Reviews\" \/>\n<meta property=\"og:image\" content=\"https:\/\/www.accuratereviews.com\/wp-content\/uploads\/2020\/01\/image.png\" \/>\n\t<meta property=\"og:image:width\" content=\"348\" \/>\n\t<meta property=\"og:image:height\" content=\"111\" \/>\n\t<meta property=\"og:image:type\" content=\"image\/png\" \/>\n<meta name=\"twitter:card\" content=\"summary_large_image\" \/>\n<meta name=\"twitter:label1\" content=\"Tempo di lettura stimato\" \/>\n\t<meta name=\"twitter:data1\" content=\"3 minuti\" \/>\n<script type=\"application\/ld+json\" class=\"yoast-schema-graph\">{\"@context\":\"https:\\\/\\\/schema.org\",\"@graph\":[{\"@type\":\"WebPage\",\"@id\":\"https:\\\/\\\/www.accuratereviews.com\\\/it\\\/software-erp-lista-software\\\/tryton-recensione\\\/\",\"url\":\"https:\\\/\\\/www.accuratereviews.com\\\/it\\\/software-erp-lista-software\\\/tryton-recensione\\\/\",\"name\":\"Tryton: recensione programma ERP - Accurate Reviews\",\"isPartOf\":{\"@id\":\"https:\\\/\\\/www.accuratereviews.com\\\/it\\\/#website\"},\"primaryImageOfPage\":{\"@id\":\"https:\\\/\\\/www.accuratereviews.com\\\/it\\\/software-erp-lista-software\\\/tryton-recensione\\\/#primaryimage\"},\"image\":{\"@id\":\"https:\\\/\\\/www.accuratereviews.com\\\/it\\\/software-erp-lista-software\\\/tryton-recensione\\\/#primaryimage\"},\"thumbnailUrl\":\"https:\\\/\\\/www.accuratereviews.com\\\/wp-content\\\/uploads\\\/2020\\\/01\\\/image.png\",\"datePublished\":\"2020-01-30T16:54:53+00:00\",\"description\":\"Tryton: recensione del programma di Enterprise Resource Planning, basato su cloud e sviluppato per supportare aziende di piccole, medie e grandi dimensioni.\",\"breadcrumb\":{\"@id\":\"https:\\\/\\\/www.accuratereviews.com\\\/it\\\/software-erp-lista-software\\\/tryton-recensione\\\/#breadcrumb\"},\"inLanguage\":\"it-IT\",\"potentialAction\":[{\"@type\":\"ReadAction\",\"target\":[\"https:\\\/\\\/www.accuratereviews.com\\\/it\\\/software-erp-lista-software\\\/tryton-recensione\\\/\"]}]},{\"@type\":\"ImageObject\",\"inLanguage\":\"it-IT\",\"@id\":\"https:\\\/\\\/www.accuratereviews.com\\\/it\\\/software-erp-lista-software\\\/tryton-recensione\\\/#primaryimage\",\"url\":\"https:\\\/\\\/www.accuratereviews.com\\\/wp-content\\\/uploads\\\/2020\\\/01\\\/image.png\",\"contentUrl\":\"https:\\\/\\\/www.accuratereviews.com\\\/wp-content\\\/uploads\\\/2020\\\/01\\\/image.png\",\"width\":348,\"height\":111},{\"@type\":\"BreadcrumbList\",\"@id\":\"https:\\\/\\\/www.accuratereviews.com\\\/it\\\/software-erp-lista-software\\\/tryton-recensione\\\/#breadcrumb\",\"itemListElement\":[{\"@type\":\"ListItem\",\"position\":1,\"name\":\"Home\",\"item\":\"https:\\\/\\\/www.accuratereviews.com\\\/it\\\/\"},{\"@type\":\"ListItem\",\"position\":2,\"name\":\"ERP Software\",\"item\":\"https:\\\/\\\/www.accuratereviews.com\\\/it\\\/software-erp-lista-software\\\/\"},{\"@type\":\"ListItem\",\"position\":3,\"name\":\"Tryton\"}]},{\"@type\":\"WebSite\",\"@id\":\"https:\\\/\\\/www.accuratereviews.com\\\/it\\\/#website\",\"url\":\"https:\\\/\\\/www.accuratereviews.com\\\/it\\\/\",\"name\":\"Accurate Reviews\",\"description\":\"\",\"potentialAction\":[{\"@type\":\"SearchAction\",\"target\":{\"@type\":\"EntryPoint\",\"urlTemplate\":\"https:\\\/\\\/www.accuratereviews.com\\\/it\\\/?s={search_term_string}\"},\"query-input\":{\"@type\":\"PropertyValueSpecification\",\"valueRequired\":true,\"valueName\":\"search_term_string\"}}],\"inLanguage\":\"it-IT\"}]}<\/script>\n<!-- \/ Yoast SEO plugin. -->","yoast_head_json":{"title":"Tryton: recensione programma ERP - Accurate Reviews","description":"Tryton: recensione del programma di Enterprise Resource Planning, basato su cloud e sviluppato per supportare aziende di piccole, medie e grandi dimensioni.","robots":{"index":"index","follow":"follow","max-snippet":"max-snippet:-1","max-image-preview":"max-image-preview:large","max-video-preview":"max-video-preview:-1"},"canonical":"https:\/\/www.accuratereviews.com\/it\/software-erp-lista-software\/tryton-recensione\/","og_locale":"it_IT","og_type":"article","og_title":"Tryton: recensione programma ERP - Accurate Reviews","og_description":"Tryton: recensione del programma di Enterprise Resource Planning, basato su cloud e sviluppato per supportare aziende di piccole, medie e grandi dimensioni.","og_url":"https:\/\/www.accuratereviews.com\/it\/software-erp-lista-software\/tryton-recensione\/","og_site_name":"Accurate Reviews","og_image":[{"width":348,"height":111,"url":"https:\/\/www.accuratereviews.com\/wp-content\/uploads\/2020\/01\/image.png","type":"image\/png"}],"twitter_card":"summary_large_image","twitter_misc":{"Tempo di lettura stimato":"3 minuti"},"schema":{"@context":"https:\/\/schema.org","@graph":[{"@type":"WebPage","@id":"https:\/\/www.accuratereviews.com\/it\/software-erp-lista-software\/tryton-recensione\/","url":"https:\/\/www.accuratereviews.com\/it\/software-erp-lista-software\/tryton-recensione\/","name":"Tryton: recensione programma ERP - Accurate Reviews","isPartOf":{"@id":"https:\/\/www.accuratereviews.com\/it\/#website"},"primaryImageOfPage":{"@id":"https:\/\/www.accuratereviews.com\/it\/software-erp-lista-software\/tryton-recensione\/#primaryimage"},"image":{"@id":"https:\/\/www.accuratereviews.com\/it\/software-erp-lista-software\/tryton-recensione\/#primaryimage"},"thumbnailUrl":"https:\/\/www.accuratereviews.com\/wp-content\/uploads\/2020\/01\/image.png","datePublished":"2020-01-30T16:54:53+00:00","description":"Tryton: recensione del programma di Enterprise Resource Planning, basato su cloud e sviluppato per supportare aziende di piccole, medie e grandi dimensioni.","breadcrumb":{"@id":"https:\/\/www.accuratereviews.com\/it\/software-erp-lista-software\/tryton-recensione\/#breadcrumb"},"inLanguage":"it-IT","potentialAction":[{"@type":"ReadAction","target":["https:\/\/www.accuratereviews.com\/it\/software-erp-lista-software\/tryton-recensione\/"]}]},{"@type":"ImageObject","inLanguage":"it-IT","@id":"https:\/\/www.accuratereviews.com\/it\/software-erp-lista-software\/tryton-recensione\/#primaryimage","url":"https:\/\/www.accuratereviews.com\/wp-content\/uploads\/2020\/01\/image.png","contentUrl":"https:\/\/www.accuratereviews.com\/wp-content\/uploads\/2020\/01\/image.png","width":348,"height":111},{"@type":"BreadcrumbList","@id":"https:\/\/www.accuratereviews.com\/it\/software-erp-lista-software\/tryton-recensione\/#breadcrumb","itemListElement":[{"@type":"ListItem","position":1,"name":"Home","item":"https:\/\/www.accuratereviews.com\/it\/"},{"@type":"ListItem","position":2,"name":"ERP Software","item":"https:\/\/www.accuratereviews.com\/it\/software-erp-lista-software\/"},{"@type":"ListItem","position":3,"name":"Tryton"}]},{"@type":"WebSite","@id":"https:\/\/www.accuratereviews.com\/it\/#website","url":"https:\/\/www.accuratereviews.com\/it\/","name":"Accurate Reviews","description":"","potentialAction":[{"@type":"SearchAction","target":{"@type":"EntryPoint","urlTemplate":"https:\/\/www.accuratereviews.com\/it\/?s={search_term_string}"},"query-input":{"@type":"PropertyValueSpecification","valueRequired":true,"valueName":"search_term_string"}}],"inLanguage":"it-IT"}]}},"_links":{"self":[{"href":"https:\/\/www.accuratereviews.com\/it\/wp-json\/wp\/v2\/pages\/22692","targetHints":{"allow":["GET"]}}],"collection":[{"href":"https:\/\/www.accuratereviews.com\/it\/wp-json\/wp\/v2\/pages"}],"about":[{"href":"https:\/\/www.accuratereviews.com\/it\/wp-json\/wp\/v2\/types\/page"}],"author":[{"embeddable":true,"href":"https:\/\/www.accuratereviews.com\/it\/wp-json\/wp\/v2\/users\/17"}],"replies":[{"embeddable":true,"href":"https:\/\/www.accuratereviews.com\/it\/wp-json\/wp\/v2\/comments?post=22692"}],"version-history":[{"count":5,"href":"https:\/\/www.accuratereviews.com\/it\/wp-json\/wp\/v2\/pages\/22692\/revisions"}],"predecessor-version":[{"id":22703,"href":"https:\/\/www.accuratereviews.com\/it\/wp-json\/wp\/v2\/pages\/22692\/revisions\/22703"}],"up":[{"embeddable":true,"href":"https:\/\/www.accuratereviews.com\/it\/wp-json\/wp\/v2\/pages\/22029"}],"wp:featuredmedia":[{"embeddable":true,"href":"https:\/\/www.accuratereviews.com\/it\/wp-json\/wp\/v2\/media\/22693"}],"wp:attachment":[{"href":"https:\/\/www.accuratereviews.com\/it\/wp-json\/wp\/v2\/media?parent=22692"}],"wp:term":[{"taxonomy":"category","embeddable":true,"href":"https:\/\/www.accuratereviews.com\/it\/wp-json\/wp\/v2\/categories?post=22692"},{"taxonomy":"post_tag","embeddable":true,"href":"https:\/\/www.accuratereviews.com\/it\/wp-json\/wp\/v2\/tags?post=22692"},{"taxonomy":"features","embeddable":true,"href":"https:\/\/www.accuratereviews.com\/it\/wp-json\/wp\/v2\/features?post=22692"}],"curies":[{"name":"wp","href":"https:\/\/api.w.org\/{rel}","templated":true}]}}