{"id":22704,"date":"2020-01-31T14:26:54","date_gmt":"2020-01-31T14:26:54","guid":{"rendered":"https:\/\/www.accuratereviews.com\/?page_id=22704"},"modified":"2021-05-10T14:12:54","modified_gmt":"2021-05-10T14:12:54","slug":"alloyerp-recensione","status":"publish","type":"page","link":"https:\/\/www.accuratereviews.com\/it\/software-erp-lista-software\/alloyerp-recensione\/","title":{"rendered":"AlloyERP"},"content":{"rendered":"<p class=\"h2 mb-0\"><strong>AlloyERP<\/strong> \u00e8 un<strong> software di Enterprise Resource Planning<\/strong> che si occupa di gestire le operazioni di aziende di medie e grandi dimensioni basate su produzione, inventario e distribuzione. Si tratta di un<strong> sistema ERP<\/strong> modulare, configurabile e piuttosto intuitivo che va in contro alle esigenze di tutti consentendo di accedere solo a determinati moduli che ci interessano maggiormente. Include una serie di funzionalit\u00e0 che ti permettono di migliorare il tuo flusso di lavoro gestendo al meglio gli ordini, le vendite, l&#8217;inventario, i promemoria, i dipendenti, le risorse, i progetti, i follow-up con potenziali clienti e le relazioni con i clienti (<strong>sistema CRM<\/strong> integrato).<\/p>\n<h2>COME FUNZIONA IL CRM DI ALLOYERP &#8211; TUTORIAL<\/h2>\n<p>Grazie a questo video, potremo comprendere come utilizzare il modulo CRM di AlloyERP:<\/p>\n<div id=\"fluid-wrapper-counter-1\" class=\"g1-fluid-wrapper \" style=\"width:686px;\">\n<div style=\"padding-bottom:56.268221574344%;\"><iframe loading=\"lazy\" title=\"ERP - CRM\" width=\"686\" height=\"386\" src=\"https:\/\/www.youtube.com\/embed\/pLXauOlF-XM?feature=oembed&amp;wmode=transparent&amp;autohide=1&amp;autoplay=0&amp;disablekb=0&amp;fs=1&amp;loop=0&amp;enablejsapi=1&amp;rel=0&amp;controls=2&amp;showinfo=0&amp;wmode=transparent&amp;autohide=2&amp;autoplay=0&amp;disablekb=0&amp;fs=1&amp;loop=0&amp;enablejsapi=1&amp;rel=0&amp;controls=2&amp;showinfo=1\" frameborder=\"0\" allow=\"accelerometer; autoplay; encrypted-media; gyroscope; picture-in-picture\" allowfullscreen><\/iframe><\/div>\n<\/div>\n<h3>ALLOYERP &#8211; CARATTERISTICHE<\/h3>\n<p>Diamo un&#8217;occhiata anche agli altri moduli:<\/p>\n<ul>\n<li>Gestione degli acquisti<\/li>\n<li>Pannello di controllo<\/li>\n<li>Gestione della contabilit\u00e0<\/li>\n<li>Gestione CRM<\/li>\n<li>Gestione delle risorse<\/li>\n<li>Gestione finanziaria<\/li>\n<li>Gestione delle risorse umane<\/li>\n<li>Gestione delle vendite<\/li>\n<li>Gestione della catena di approvvigionamento<\/li>\n<li>Gestione del magazzino<\/li>\n<\/ul>\n<h3>LE RECENSIONI DEGLI UTENTI<\/h3>\n<p><strong>&#8220;Il team di AlloyERP \u00e8 stato estremamente utile nell&#8217;implementazione del nostro software. Facile da imparare.&#8221;<\/strong><br \/>\nIN GENERALE: un sistema che si collega al nostro stabilimento di produzione. Tutti i sistemi che lavorano insieme dal posizionamento degli ordini alla produzione, imballaggio, inventario, spedizione e tutti gli aspetti della contabilit\u00e0.<br \/>\nPRO: facile da usare &#8230; facile da insegnare ai dipendenti come usare il programma. Mi piace la funzione di fattura duplicata per le spedizioni ripetute che inviamo. Le funzioni di reporting sono molto migliori rispetto al nostro precedente programma di contabilit\u00e0 e possono essere personalizzate per le nostre esigenze. Quando creiamo un report che ci piace, possiamo salvarlo come preferito per essere riutilizzato e disponibile anche per altri utenti.<br \/>\nCONTRO: i titoli nella parte superiore della pagina non si bloccano. Quando scorri fino alla fine della pagina, i titoli scompaiono.<\/p>\n<p><strong>&#8220;Indolore. Semplificato. Completo.&#8221;<\/strong><br \/>\nIN GENERALE: razionalizzare le operazioni e le vendite quotidiane, nonch\u00e9 approfondire l&#8217;intera azienda.<br \/>\nPRO: Adoro che sia tutto compreso. Non abbiamo bisogno di far dialogare 5 sistemi diversi. Inoltre, \u00e8 un&#8217;unica fattura. Non stiamo gestendo 5 diversi fornitori e strutture di licenza. Immediatamente ha fatto circa il 95% di ci\u00f2 di cui avevamo bisogno e siamo stati in grado di alzarci e correre quasi immediatamente. Questo ci ha permesso di avere pi\u00f9 budget per ottenere l&#8217;ultimo 5% esattamente come lo volevamo. Il sistema \u00e8 completamente personalizzabile.<br \/>\nCONTRO: La curva di apprendimento per un pacchetto software cos\u00ec completo \u00e8 piuttosto ripida. Una volta compresi i processi, tuttavia, \u00e8 piuttosto semplice.<\/p>\n<p><strong>&#8220;Software eccellente. Facile da personalizzare in base alle nostre esigenze.&#8221;<\/strong><br \/>\nPRO: facilit\u00e0 di personalizzazione per soddisfare le nostre esigenze. Facile accesso attraverso pi\u00f9 dispositivi e da qualsiasi luogo.<br \/>\nCONTRO: adattamento all&#8217;alto tasso di crescita di sviluppo e rilascio della versione. Le versioni della comunit\u00e0 si sviluppano con funzionalit\u00e0 diverse rispetto alle versioni aziendali.<\/p>\n","protected":false},"excerpt":{"rendered":"<p>AlloyERP \u00e8 un software di Enterprise Resource Planning che si occupa di gestire le operazioni di aziende di medie e grandi dimensioni basate su produzione, inventario e distribuzione. Si tratta di un sistema ERP modulare, configurabile e piuttosto intuitivo che va in contro alle esigenze di tutti consentendo di accedere solo a determinati moduli che ci interessano maggiormente.<\/p>\n","protected":false},"author":17,"featured_media":22713,"parent":22029,"menu_order":0,"comment_status":"open","ping_status":"closed","template":"g1_template_page_review_new.php","meta":{"_acf_changed":false,"cwp_meta_box_check":"Yes","cwp_rev_product_name":"","cwp_rev_product_image":"","wppr_links":[],"cwp_rev_price":"","wppr_options":[],"wppr_pros":[],"wppr_cons":[],"_monsterinsights_skip_tracking":false,"_monsterinsights_sitenote_active":false,"_monsterinsights_sitenote_note":"","_monsterinsights_sitenote_category":0,"footnotes":""},"categories":[1654],"tags":[1664,1663,1669,923],"features":[],"class_list":{"0":"post-22704","1":"page","2":"type-page","3":"status-publish","4":"has-post-thumbnail","6":"category-enterprise-resource-planning-software-erp","7":"tag-enterprise-resource-planning","8":"tag-erp","9":"tag-piattaforma-erp","10":"tag-software-erp"},"wppr_data":{"cwp_meta_box_check":"Yes","cwp_rev_product_name":"","cwp_rev_product_image":"","cwp_image_link":"image","cwp_rev_price":"","wppr_rating":"0.00"},"acf":[],"yoast_head":"<!-- This site is optimized with the Yoast SEO plugin v27.4 - https:\/\/yoast.com\/product\/yoast-seo-wordpress\/ -->\n<title>AlloyERP: recensione software - Accurate Reviews<\/title>\n<meta name=\"description\" content=\"AlloyERP: recensione del software di Enterprise Resource Planning che si occupa di gestire le operazioni di aziende di medie e grandi dimensioni.\" \/>\n<meta name=\"robots\" content=\"index, follow, max-snippet:-1, max-image-preview:large, max-video-preview:-1\" \/>\n<link rel=\"canonical\" href=\"https:\/\/www.accuratereviews.com\/it\/software-erp-lista-software\/alloyerp-recensione\/\" \/>\n<meta property=\"og:locale\" content=\"it_IT\" \/>\n<meta property=\"og:type\" content=\"article\" \/>\n<meta property=\"og:title\" content=\"AlloyERP: recensione software - Accurate Reviews\" \/>\n<meta property=\"og:description\" content=\"AlloyERP: recensione del software di Enterprise Resource Planning che si occupa di gestire le operazioni di aziende di medie e grandi dimensioni.\" \/>\n<meta property=\"og:url\" content=\"https:\/\/www.accuratereviews.com\/it\/software-erp-lista-software\/alloyerp-recensione\/\" \/>\n<meta property=\"og:site_name\" content=\"Accurate Reviews\" \/>\n<meta property=\"article:modified_time\" content=\"2021-05-10T14:12:54+00:00\" \/>\n<meta property=\"og:image\" content=\"https:\/\/www.accuratereviews.com\/wp-content\/uploads\/2020\/01\/download-5.png\" \/>\n\t<meta property=\"og:image:width\" content=\"246\" \/>\n\t<meta property=\"og:image:height\" content=\"205\" \/>\n\t<meta property=\"og:image:type\" content=\"image\/png\" \/>\n<meta name=\"twitter:card\" content=\"summary_large_image\" \/>\n<meta name=\"twitter:label1\" content=\"Tempo di lettura stimato\" \/>\n\t<meta name=\"twitter:data1\" content=\"2 minuti\" \/>\n<script type=\"application\/ld+json\" class=\"yoast-schema-graph\">{\"@context\":\"https:\\\/\\\/schema.org\",\"@graph\":[{\"@type\":\"WebPage\",\"@id\":\"https:\\\/\\\/www.accuratereviews.com\\\/it\\\/software-erp-lista-software\\\/alloyerp-recensione\\\/\",\"url\":\"https:\\\/\\\/www.accuratereviews.com\\\/it\\\/software-erp-lista-software\\\/alloyerp-recensione\\\/\",\"name\":\"AlloyERP: recensione software - Accurate Reviews\",\"isPartOf\":{\"@id\":\"https:\\\/\\\/www.accuratereviews.com\\\/it\\\/#website\"},\"primaryImageOfPage\":{\"@id\":\"https:\\\/\\\/www.accuratereviews.com\\\/it\\\/software-erp-lista-software\\\/alloyerp-recensione\\\/#primaryimage\"},\"image\":{\"@id\":\"https:\\\/\\\/www.accuratereviews.com\\\/it\\\/software-erp-lista-software\\\/alloyerp-recensione\\\/#primaryimage\"},\"thumbnailUrl\":\"https:\\\/\\\/www.accuratereviews.com\\\/wp-content\\\/uploads\\\/2020\\\/01\\\/download-5.png\",\"datePublished\":\"2020-01-31T14:26:54+00:00\",\"dateModified\":\"2021-05-10T14:12:54+00:00\",\"description\":\"AlloyERP: recensione del software di Enterprise Resource Planning che si occupa di gestire le operazioni di aziende di medie e grandi dimensioni.\",\"breadcrumb\":{\"@id\":\"https:\\\/\\\/www.accuratereviews.com\\\/it\\\/software-erp-lista-software\\\/alloyerp-recensione\\\/#breadcrumb\"},\"inLanguage\":\"it-IT\",\"potentialAction\":[{\"@type\":\"ReadAction\",\"target\":[\"https:\\\/\\\/www.accuratereviews.com\\\/it\\\/software-erp-lista-software\\\/alloyerp-recensione\\\/\"]}]},{\"@type\":\"ImageObject\",\"inLanguage\":\"it-IT\",\"@id\":\"https:\\\/\\\/www.accuratereviews.com\\\/it\\\/software-erp-lista-software\\\/alloyerp-recensione\\\/#primaryimage\",\"url\":\"https:\\\/\\\/www.accuratereviews.com\\\/wp-content\\\/uploads\\\/2020\\\/01\\\/download-5.png\",\"contentUrl\":\"https:\\\/\\\/www.accuratereviews.com\\\/wp-content\\\/uploads\\\/2020\\\/01\\\/download-5.png\",\"width\":246,\"height\":205},{\"@type\":\"BreadcrumbList\",\"@id\":\"https:\\\/\\\/www.accuratereviews.com\\\/it\\\/software-erp-lista-software\\\/alloyerp-recensione\\\/#breadcrumb\",\"itemListElement\":[{\"@type\":\"ListItem\",\"position\":1,\"name\":\"Home\",\"item\":\"https:\\\/\\\/www.accuratereviews.com\\\/it\\\/\"},{\"@type\":\"ListItem\",\"position\":2,\"name\":\"ERP Software\",\"item\":\"https:\\\/\\\/www.accuratereviews.com\\\/it\\\/software-erp-lista-software\\\/\"},{\"@type\":\"ListItem\",\"position\":3,\"name\":\"AlloyERP\"}]},{\"@type\":\"WebSite\",\"@id\":\"https:\\\/\\\/www.accuratereviews.com\\\/it\\\/#website\",\"url\":\"https:\\\/\\\/www.accuratereviews.com\\\/it\\\/\",\"name\":\"Accurate Reviews\",\"description\":\"\",\"potentialAction\":[{\"@type\":\"SearchAction\",\"target\":{\"@type\":\"EntryPoint\",\"urlTemplate\":\"https:\\\/\\\/www.accuratereviews.com\\\/it\\\/?s={search_term_string}\"},\"query-input\":{\"@type\":\"PropertyValueSpecification\",\"valueRequired\":true,\"valueName\":\"search_term_string\"}}],\"inLanguage\":\"it-IT\"}]}<\/script>\n<!-- \/ Yoast SEO plugin. -->","yoast_head_json":{"title":"AlloyERP: recensione software - Accurate Reviews","description":"AlloyERP: recensione del software di Enterprise Resource Planning che si occupa di gestire le operazioni di aziende di medie e grandi dimensioni.","robots":{"index":"index","follow":"follow","max-snippet":"max-snippet:-1","max-image-preview":"max-image-preview:large","max-video-preview":"max-video-preview:-1"},"canonical":"https:\/\/www.accuratereviews.com\/it\/software-erp-lista-software\/alloyerp-recensione\/","og_locale":"it_IT","og_type":"article","og_title":"AlloyERP: recensione software - Accurate Reviews","og_description":"AlloyERP: recensione del software di Enterprise Resource Planning che si occupa di gestire le operazioni di aziende di medie e grandi dimensioni.","og_url":"https:\/\/www.accuratereviews.com\/it\/software-erp-lista-software\/alloyerp-recensione\/","og_site_name":"Accurate Reviews","article_modified_time":"2021-05-10T14:12:54+00:00","og_image":[{"width":246,"height":205,"url":"https:\/\/www.accuratereviews.com\/wp-content\/uploads\/2020\/01\/download-5.png","type":"image\/png"}],"twitter_card":"summary_large_image","twitter_misc":{"Tempo di lettura stimato":"2 minuti"},"schema":{"@context":"https:\/\/schema.org","@graph":[{"@type":"WebPage","@id":"https:\/\/www.accuratereviews.com\/it\/software-erp-lista-software\/alloyerp-recensione\/","url":"https:\/\/www.accuratereviews.com\/it\/software-erp-lista-software\/alloyerp-recensione\/","name":"AlloyERP: recensione software - Accurate Reviews","isPartOf":{"@id":"https:\/\/www.accuratereviews.com\/it\/#website"},"primaryImageOfPage":{"@id":"https:\/\/www.accuratereviews.com\/it\/software-erp-lista-software\/alloyerp-recensione\/#primaryimage"},"image":{"@id":"https:\/\/www.accuratereviews.com\/it\/software-erp-lista-software\/alloyerp-recensione\/#primaryimage"},"thumbnailUrl":"https:\/\/www.accuratereviews.com\/wp-content\/uploads\/2020\/01\/download-5.png","datePublished":"2020-01-31T14:26:54+00:00","dateModified":"2021-05-10T14:12:54+00:00","description":"AlloyERP: recensione del software di Enterprise Resource Planning che si occupa di gestire le operazioni di aziende di medie e grandi dimensioni.","breadcrumb":{"@id":"https:\/\/www.accuratereviews.com\/it\/software-erp-lista-software\/alloyerp-recensione\/#breadcrumb"},"inLanguage":"it-IT","potentialAction":[{"@type":"ReadAction","target":["https:\/\/www.accuratereviews.com\/it\/software-erp-lista-software\/alloyerp-recensione\/"]}]},{"@type":"ImageObject","inLanguage":"it-IT","@id":"https:\/\/www.accuratereviews.com\/it\/software-erp-lista-software\/alloyerp-recensione\/#primaryimage","url":"https:\/\/www.accuratereviews.com\/wp-content\/uploads\/2020\/01\/download-5.png","contentUrl":"https:\/\/www.accuratereviews.com\/wp-content\/uploads\/2020\/01\/download-5.png","width":246,"height":205},{"@type":"BreadcrumbList","@id":"https:\/\/www.accuratereviews.com\/it\/software-erp-lista-software\/alloyerp-recensione\/#breadcrumb","itemListElement":[{"@type":"ListItem","position":1,"name":"Home","item":"https:\/\/www.accuratereviews.com\/it\/"},{"@type":"ListItem","position":2,"name":"ERP Software","item":"https:\/\/www.accuratereviews.com\/it\/software-erp-lista-software\/"},{"@type":"ListItem","position":3,"name":"AlloyERP"}]},{"@type":"WebSite","@id":"https:\/\/www.accuratereviews.com\/it\/#website","url":"https:\/\/www.accuratereviews.com\/it\/","name":"Accurate Reviews","description":"","potentialAction":[{"@type":"SearchAction","target":{"@type":"EntryPoint","urlTemplate":"https:\/\/www.accuratereviews.com\/it\/?s={search_term_string}"},"query-input":{"@type":"PropertyValueSpecification","valueRequired":true,"valueName":"search_term_string"}}],"inLanguage":"it-IT"}]}},"_links":{"self":[{"href":"https:\/\/www.accuratereviews.com\/it\/wp-json\/wp\/v2\/pages\/22704","targetHints":{"allow":["GET"]}}],"collection":[{"href":"https:\/\/www.accuratereviews.com\/it\/wp-json\/wp\/v2\/pages"}],"about":[{"href":"https:\/\/www.accuratereviews.com\/it\/wp-json\/wp\/v2\/types\/page"}],"author":[{"embeddable":true,"href":"https:\/\/www.accuratereviews.com\/it\/wp-json\/wp\/v2\/users\/17"}],"replies":[{"embeddable":true,"href":"https:\/\/www.accuratereviews.com\/it\/wp-json\/wp\/v2\/comments?post=22704"}],"version-history":[{"count":7,"href":"https:\/\/www.accuratereviews.com\/it\/wp-json\/wp\/v2\/pages\/22704\/revisions"}],"predecessor-version":[{"id":42387,"href":"https:\/\/www.accuratereviews.com\/it\/wp-json\/wp\/v2\/pages\/22704\/revisions\/42387"}],"up":[{"embeddable":true,"href":"https:\/\/www.accuratereviews.com\/it\/wp-json\/wp\/v2\/pages\/22029"}],"wp:featuredmedia":[{"embeddable":true,"href":"https:\/\/www.accuratereviews.com\/it\/wp-json\/wp\/v2\/media\/22713"}],"wp:attachment":[{"href":"https:\/\/www.accuratereviews.com\/it\/wp-json\/wp\/v2\/media?parent=22704"}],"wp:term":[{"taxonomy":"category","embeddable":true,"href":"https:\/\/www.accuratereviews.com\/it\/wp-json\/wp\/v2\/categories?post=22704"},{"taxonomy":"post_tag","embeddable":true,"href":"https:\/\/www.accuratereviews.com\/it\/wp-json\/wp\/v2\/tags?post=22704"},{"taxonomy":"features","embeddable":true,"href":"https:\/\/www.accuratereviews.com\/it\/wp-json\/wp\/v2\/features?post=22704"}],"curies":[{"name":"wp","href":"https:\/\/api.w.org\/{rel}","templated":true}]}}