{"id":22705,"date":"2020-01-31T14:27:48","date_gmt":"2020-01-31T14:27:48","guid":{"rendered":"https:\/\/www.accuratereviews.com\/?page_id=22705"},"modified":"2023-02-10T14:10:52","modified_gmt":"2023-02-10T14:10:52","slug":"awery-recensione","status":"publish","type":"page","link":"https:\/\/www.accuratereviews.com\/it\/software-erp-lista-software\/awery-recensione\/","title":{"rendered":"Awery"},"content":{"rendered":"<p><strong>Awery<\/strong> \u00e8 un <strong>sistema di pianificazione delle risorse aziendali (ERP)<\/strong> costruito appositamente per l&#8217;industria aeronautica. Questa soluzione ERP molto versatile e personalizzabile assume il controllo assoluto sui principali processi aziendali, tra cui vendite, operazioni, finanza e risorse umane, migliorando in modo significativo efficienza, produttivit\u00e0 e affidabilit\u00e0.\u00a0Questa piattaforma ERP avanzata basata sul web consente di integrare sia i processi di gestione interni ed esterni che i flussi di dati operativi e finanziari. Le aziende hanno la possibilit\u00e0 di ospitare Awery sul cloud o installarlo sui propri server.<\/p>\n<h2>AWERY &#8211; TUTORIAL<\/h2>\n<p>Questo<strong> software ERP<\/strong> \u00a0fornisce tutti gli strumenti, i promemoria, i modelli e i report necessari in un unico posto integrando le operazioni commerciali e finanziarie, coprendo l&#8217;intero flusso di lavoro. Scopriamolo insieme guardando il tutorial:<\/p>\n<div id=\"fluid-wrapper-counter-1\" class=\"g1-fluid-wrapper \" style=\"width:686px;\">\n<div style=\"padding-bottom:56.268221574344%;\"><iframe loading=\"lazy\" title=\"1. Awery ERP. Acquaintance and setting\" width=\"686\" height=\"386\" src=\"https:\/\/www.youtube.com\/embed\/svnxB6IR_QE?feature=oembed&amp;wmode=transparent&amp;autohide=1&amp;autoplay=0&amp;disablekb=0&amp;fs=1&amp;loop=0&amp;enablejsapi=1&amp;rel=0&amp;controls=2&amp;showinfo=0&amp;wmode=transparent&amp;autohide=2&amp;autoplay=0&amp;disablekb=0&amp;fs=1&amp;loop=0&amp;enablejsapi=1&amp;rel=0&amp;controls=2&amp;showinfo=1\" frameborder=\"0\" allow=\"accelerometer; autoplay; clipboard-write; encrypted-media; gyroscope; picture-in-picture; web-share\" allowfullscreen><\/iframe><\/div>\n<\/div>\n<h3>AWERY &#8211; CARATTERISTICHE<\/h3>\n<ul>\n<li>Tutte le funzioni contabili e finanziarie standard con reportistica avanzata<\/li>\n<li>Soluzione completa e conforme a GAAP per la gestione della contabilit\u00e0<\/li>\n<li>COA personalizzato, multi-branch, multi-currency e supporto fiscale<\/li>\n<li>Integrazione di dati finanziari e operativi \/ di vendita<\/li>\n<li>Assegnazione dei centri di costi e ricavi<\/li>\n<li>Controllo crediti e debiti<\/li>\n<li>Banca e contanti, note di credito e debito, gestione di JV<\/li>\n<li>Controllo immobilizzazioni e pagamenti anticipati<\/li>\n<li>Bilancio di verifica, profitti e perdite, flusso di cassa e altri rapporti<\/li>\n<li>Gestione clienti \/ fornitori \/ lead con contatti multipli avanzati, tipi, gestione di campi extra<\/li>\n<li>Controllo attivit\u00e0 e cronologia attivit\u00e0 collegate, caricamento documenti<\/li>\n<li>Condizioni di credito<\/li>\n<li>Storia delle operazioni, integrazione contabile, rendicontazione<\/li>\n<\/ul>\n<h4>LE RECENSIONI DEGLI UTENTI<\/h4>\n<p><strong>Sami K. &#8220;Sono stato in Aviation per oltre 13 anni. Ho lavorato con molti prodotti. Ma Awery \u00e8 il migliore&#8221;<br \/>\n<\/strong><strong>Commenti<\/strong>: Organizzazione del lavoro ottima anche quando si \u00e8 in volo.<br \/>\n<strong>Pro<\/strong>: molte funzioni, facilit\u00e0 d&#8217;uso, contengono i nostri voli dalla A alla Z.\u00a0Dopo averlo utilizzato, non riesci pi\u00f9 a farne a meno. Ha tutte le funzioni e il supporto di cui potresti aver bisogno.<\/p>\n<p><strong>Ettiene D. &#8220;Abbiamo avuto un&#8217;ottima esperienza nell&#8217;introduzione di questo nuovo software nella nostra organizzazione.&#8221;<br \/>\n<\/strong><strong>Commenti<\/strong>: Risparmio di tempo nel sistema di lavoro che consente al mio team di fornire assistenza al cliente.<br \/>\n<strong>Pro<\/strong>: la capacit\u00e0 di personalizzare e perfezionare il processo per soddisfare le nostre esigenze. \u00c8 altamente adattabile. Facile da navigare e \u00a0da comprendere. In pi\u00f9 essendo basato sul cloud, consentire l&#8217;accesso in remoto dall&#8217;ufficio \u00e8 un enorme vantaggio per il nostro team di marketing che ci consente di fornire assistenza al cliente 24\/7.<br \/>\n<strong>Contro<\/strong>: non \u00e8 in alcun modo un contro anzi, siamo in fusi orari completamente opposti la capacit\u00e0 di discutere con il team di supporto o avere solidi manuali \u00e8 stata complicata ma sono stati molto disponibili.<\/p>\n<p><strong>Fredrik A. &#8220;Air Broker&#8221;<br \/>\n<\/strong><strong>Commenti<\/strong>: servizio a 5 stelle! Il team dietro il software \u00e8 impegnato nella sua attivit\u00e0 e lo dimostra a livello di servizio generale.<br \/>\n<strong>Pro<\/strong>: semplicit\u00e0 e funzionalit\u00e0. Inoltre, il programma consente di adattarlo alle proprie esigenze aziendali. Il supporto \u00e8 fantastico e si impegnano davvero per gestire tutte le domande rapidamente.<br \/>\n<strong>Contro<\/strong>: Nessun contro finora. Tutto \u00e8 andato bene fino ad oggi.<\/p>\n","protected":false},"excerpt":{"rendered":"<p>Awery \u00e8 un sistema di pianificazione delle risorse aziendali (ERP) costruito appositamente per l&#8217;industria aeronautica. Questa soluzione ERP molto versatile e personalizzabile assume il controllo assoluto sui principali processi aziendali, tra cui vendite, operazioni, finanza e risorse umane, migliorando in modo significativo efficienza, produttivit\u00e0 e affidabilit\u00e0.\u00a0<\/p>\n","protected":false},"author":19,"featured_media":22706,"parent":22029,"menu_order":0,"comment_status":"open","ping_status":"closed","template":"g1_template_page_review_new.php","meta":{"_acf_changed":false,"cwp_meta_box_check":"Yes","cwp_rev_product_name":"","cwp_rev_product_image":"","wppr_links":[],"cwp_rev_price":"","wppr_options":[{"name":"Usability","value":"0"},{"name":"Speed","value":"0"},{"name":"Features","value":"0"},{"name":"Support","value":"0"},{"name":"Pricing","value":"0"}],"wppr_pros":["","","","",""],"wppr_cons":["","","","",""],"_monsterinsights_skip_tracking":false,"_monsterinsights_sitenote_active":false,"_monsterinsights_sitenote_note":"","_monsterinsights_sitenote_category":0,"footnotes":""},"categories":[120,1654],"tags":[1718,1664,1663,1671,1717,923],"features":[],"class_list":{"0":"post-22705","1":"page","2":"type-page","3":"status-publish","4":"has-post-thumbnail","6":"category-crm-it","7":"category-enterprise-resource-planning-software-erp","8":"tag-awery","9":"tag-enterprise-resource-planning","10":"tag-erp","11":"tag-programma-erp","12":"tag-sistema-di-pianificazione-delle-risorse-aziendali","13":"tag-software-erp"},"wppr_data":{"cwp_meta_box_check":"Yes","cwp_rev_product_name":"","_wppr_review_template":"default","cwp_rev_product_image":"","cwp_image_link":"image","wppr_links":[],"cwp_rev_price":"","wppr_pros":["","","","",""],"wppr_cons":["","","","",""],"wppr_rating":"0.00","wppr_options":{"1":{"name":"Usability","value":"0"},"2":{"name":"Speed","value":"0"},"3":{"name":"Features","value":"0"},"4":{"name":"Support","value":"0"},"5":{"name":"Pricing","value":"0"}},"wppr_review_type":"Product","wppr_review_custom_fields":{"additionalProperty":"","additionalType":"","aggregateRating":"","alternateName":"","audience":"","award":"","awards":"","brand":"","color":"","depth":"","description":"","disambiguatingDescription":"","gtin12":"","gtin13":"","gtin14":"","gtin8":"","height":"","identifier":"","image":"","isAccessoryOrSparePartFor":"","isConsumableFor":"","isRelatedTo":"","isSimilarTo":"","itemCondition":"","logo":"","mainEntityOfPage":"","manufacturer":"","material":"","model":"","mpn":"","name":"","offers":"","potentialAction":"","productID":"","productionDate":"","purchaseDate":"","releaseDate":"","review":"","reviews":"","sameAs":"","sku":"","slogan":"","subjectOf":"","url":"","weight":"","width":""}},"acf":[],"yoast_head":"<!-- This site is optimized with the Yoast SEO plugin v27.4 - https:\/\/yoast.com\/product\/yoast-seo-wordpress\/ -->\n<title>Awey: recensione software ERP - Accurate Reviews<\/title>\n<meta name=\"description\" content=\"Awery: recensione sistema di pianificazione delle risorse aziendali (ERP) costruito appositamente per l&#039;industria aeronautica.\" \/>\n<meta name=\"robots\" content=\"index, follow, max-snippet:-1, max-image-preview:large, max-video-preview:-1\" \/>\n<link rel=\"canonical\" href=\"https:\/\/www.accuratereviews.com\/it\/software-erp-lista-software\/awery-recensione\/\" \/>\n<meta property=\"og:locale\" content=\"it_IT\" \/>\n<meta property=\"og:type\" content=\"article\" \/>\n<meta property=\"og:title\" content=\"Awey: recensione software ERP - Accurate Reviews\" \/>\n<meta property=\"og:description\" content=\"Awery: recensione sistema di pianificazione delle risorse aziendali (ERP) costruito appositamente per l&#039;industria aeronautica.\" \/>\n<meta property=\"og:url\" content=\"https:\/\/www.accuratereviews.com\/it\/software-erp-lista-software\/awery-recensione\/\" \/>\n<meta property=\"og:site_name\" content=\"Accurate Reviews\" \/>\n<meta property=\"article:modified_time\" content=\"2023-02-10T14:10:52+00:00\" \/>\n<meta property=\"og:image\" content=\"https:\/\/www.accuratereviews.com\/wp-content\/uploads\/2020\/01\/awery-logo.png\" \/>\n\t<meta property=\"og:image:width\" content=\"310\" \/>\n\t<meta property=\"og:image:height\" content=\"310\" \/>\n\t<meta property=\"og:image:type\" content=\"image\/png\" \/>\n<meta name=\"twitter:card\" content=\"summary_large_image\" \/>\n<meta name=\"twitter:label1\" content=\"Tempo di lettura stimato\" \/>\n\t<meta name=\"twitter:data1\" content=\"3 minuti\" \/>\n<script type=\"application\/ld+json\" class=\"yoast-schema-graph\">{\"@context\":\"https:\\\/\\\/schema.org\",\"@graph\":[{\"@type\":\"WebPage\",\"@id\":\"https:\\\/\\\/www.accuratereviews.com\\\/it\\\/software-erp-lista-software\\\/awery-recensione\\\/\",\"url\":\"https:\\\/\\\/www.accuratereviews.com\\\/it\\\/software-erp-lista-software\\\/awery-recensione\\\/\",\"name\":\"Awey: recensione software ERP - Accurate Reviews\",\"isPartOf\":{\"@id\":\"https:\\\/\\\/www.accuratereviews.com\\\/it\\\/#website\"},\"primaryImageOfPage\":{\"@id\":\"https:\\\/\\\/www.accuratereviews.com\\\/it\\\/software-erp-lista-software\\\/awery-recensione\\\/#primaryimage\"},\"image\":{\"@id\":\"https:\\\/\\\/www.accuratereviews.com\\\/it\\\/software-erp-lista-software\\\/awery-recensione\\\/#primaryimage\"},\"thumbnailUrl\":\"https:\\\/\\\/www.accuratereviews.com\\\/wp-content\\\/uploads\\\/2020\\\/01\\\/awery-logo.png\",\"datePublished\":\"2020-01-31T14:27:48+00:00\",\"dateModified\":\"2023-02-10T14:10:52+00:00\",\"description\":\"Awery: recensione sistema di pianificazione delle risorse aziendali (ERP) costruito appositamente per l'industria aeronautica.\",\"breadcrumb\":{\"@id\":\"https:\\\/\\\/www.accuratereviews.com\\\/it\\\/software-erp-lista-software\\\/awery-recensione\\\/#breadcrumb\"},\"inLanguage\":\"it-IT\",\"potentialAction\":[{\"@type\":\"ReadAction\",\"target\":[\"https:\\\/\\\/www.accuratereviews.com\\\/it\\\/software-erp-lista-software\\\/awery-recensione\\\/\"]}]},{\"@type\":\"ImageObject\",\"inLanguage\":\"it-IT\",\"@id\":\"https:\\\/\\\/www.accuratereviews.com\\\/it\\\/software-erp-lista-software\\\/awery-recensione\\\/#primaryimage\",\"url\":\"https:\\\/\\\/www.accuratereviews.com\\\/wp-content\\\/uploads\\\/2020\\\/01\\\/awery-logo.png\",\"contentUrl\":\"https:\\\/\\\/www.accuratereviews.com\\\/wp-content\\\/uploads\\\/2020\\\/01\\\/awery-logo.png\",\"width\":310,\"height\":310},{\"@type\":\"BreadcrumbList\",\"@id\":\"https:\\\/\\\/www.accuratereviews.com\\\/it\\\/software-erp-lista-software\\\/awery-recensione\\\/#breadcrumb\",\"itemListElement\":[{\"@type\":\"ListItem\",\"position\":1,\"name\":\"Home\",\"item\":\"https:\\\/\\\/www.accuratereviews.com\\\/it\\\/\"},{\"@type\":\"ListItem\",\"position\":2,\"name\":\"ERP Software\",\"item\":\"https:\\\/\\\/www.accuratereviews.com\\\/it\\\/software-erp-lista-software\\\/\"},{\"@type\":\"ListItem\",\"position\":3,\"name\":\"Awery\"}]},{\"@type\":\"WebSite\",\"@id\":\"https:\\\/\\\/www.accuratereviews.com\\\/it\\\/#website\",\"url\":\"https:\\\/\\\/www.accuratereviews.com\\\/it\\\/\",\"name\":\"Accurate Reviews\",\"description\":\"\",\"potentialAction\":[{\"@type\":\"SearchAction\",\"target\":{\"@type\":\"EntryPoint\",\"urlTemplate\":\"https:\\\/\\\/www.accuratereviews.com\\\/it\\\/?s={search_term_string}\"},\"query-input\":{\"@type\":\"PropertyValueSpecification\",\"valueRequired\":true,\"valueName\":\"search_term_string\"}}],\"inLanguage\":\"it-IT\"}]}<\/script>\n<!-- \/ Yoast SEO plugin. -->","yoast_head_json":{"title":"Awey: recensione software ERP - Accurate Reviews","description":"Awery: recensione sistema di pianificazione delle risorse aziendali (ERP) costruito appositamente per l'industria aeronautica.","robots":{"index":"index","follow":"follow","max-snippet":"max-snippet:-1","max-image-preview":"max-image-preview:large","max-video-preview":"max-video-preview:-1"},"canonical":"https:\/\/www.accuratereviews.com\/it\/software-erp-lista-software\/awery-recensione\/","og_locale":"it_IT","og_type":"article","og_title":"Awey: recensione software ERP - Accurate Reviews","og_description":"Awery: recensione sistema di pianificazione delle risorse aziendali (ERP) costruito appositamente per l'industria aeronautica.","og_url":"https:\/\/www.accuratereviews.com\/it\/software-erp-lista-software\/awery-recensione\/","og_site_name":"Accurate Reviews","article_modified_time":"2023-02-10T14:10:52+00:00","og_image":[{"width":310,"height":310,"url":"https:\/\/www.accuratereviews.com\/wp-content\/uploads\/2020\/01\/awery-logo.png","type":"image\/png"}],"twitter_card":"summary_large_image","twitter_misc":{"Tempo di lettura stimato":"3 minuti"},"schema":{"@context":"https:\/\/schema.org","@graph":[{"@type":"WebPage","@id":"https:\/\/www.accuratereviews.com\/it\/software-erp-lista-software\/awery-recensione\/","url":"https:\/\/www.accuratereviews.com\/it\/software-erp-lista-software\/awery-recensione\/","name":"Awey: recensione software ERP - Accurate Reviews","isPartOf":{"@id":"https:\/\/www.accuratereviews.com\/it\/#website"},"primaryImageOfPage":{"@id":"https:\/\/www.accuratereviews.com\/it\/software-erp-lista-software\/awery-recensione\/#primaryimage"},"image":{"@id":"https:\/\/www.accuratereviews.com\/it\/software-erp-lista-software\/awery-recensione\/#primaryimage"},"thumbnailUrl":"https:\/\/www.accuratereviews.com\/wp-content\/uploads\/2020\/01\/awery-logo.png","datePublished":"2020-01-31T14:27:48+00:00","dateModified":"2023-02-10T14:10:52+00:00","description":"Awery: recensione sistema di pianificazione delle risorse aziendali (ERP) costruito appositamente per l'industria aeronautica.","breadcrumb":{"@id":"https:\/\/www.accuratereviews.com\/it\/software-erp-lista-software\/awery-recensione\/#breadcrumb"},"inLanguage":"it-IT","potentialAction":[{"@type":"ReadAction","target":["https:\/\/www.accuratereviews.com\/it\/software-erp-lista-software\/awery-recensione\/"]}]},{"@type":"ImageObject","inLanguage":"it-IT","@id":"https:\/\/www.accuratereviews.com\/it\/software-erp-lista-software\/awery-recensione\/#primaryimage","url":"https:\/\/www.accuratereviews.com\/wp-content\/uploads\/2020\/01\/awery-logo.png","contentUrl":"https:\/\/www.accuratereviews.com\/wp-content\/uploads\/2020\/01\/awery-logo.png","width":310,"height":310},{"@type":"BreadcrumbList","@id":"https:\/\/www.accuratereviews.com\/it\/software-erp-lista-software\/awery-recensione\/#breadcrumb","itemListElement":[{"@type":"ListItem","position":1,"name":"Home","item":"https:\/\/www.accuratereviews.com\/it\/"},{"@type":"ListItem","position":2,"name":"ERP Software","item":"https:\/\/www.accuratereviews.com\/it\/software-erp-lista-software\/"},{"@type":"ListItem","position":3,"name":"Awery"}]},{"@type":"WebSite","@id":"https:\/\/www.accuratereviews.com\/it\/#website","url":"https:\/\/www.accuratereviews.com\/it\/","name":"Accurate Reviews","description":"","potentialAction":[{"@type":"SearchAction","target":{"@type":"EntryPoint","urlTemplate":"https:\/\/www.accuratereviews.com\/it\/?s={search_term_string}"},"query-input":{"@type":"PropertyValueSpecification","valueRequired":true,"valueName":"search_term_string"}}],"inLanguage":"it-IT"}]}},"_links":{"self":[{"href":"https:\/\/www.accuratereviews.com\/it\/wp-json\/wp\/v2\/pages\/22705","targetHints":{"allow":["GET"]}}],"collection":[{"href":"https:\/\/www.accuratereviews.com\/it\/wp-json\/wp\/v2\/pages"}],"about":[{"href":"https:\/\/www.accuratereviews.com\/it\/wp-json\/wp\/v2\/types\/page"}],"author":[{"embeddable":true,"href":"https:\/\/www.accuratereviews.com\/it\/wp-json\/wp\/v2\/users\/19"}],"replies":[{"embeddable":true,"href":"https:\/\/www.accuratereviews.com\/it\/wp-json\/wp\/v2\/comments?post=22705"}],"version-history":[{"count":13,"href":"https:\/\/www.accuratereviews.com\/it\/wp-json\/wp\/v2\/pages\/22705\/revisions"}],"predecessor-version":[{"id":67143,"href":"https:\/\/www.accuratereviews.com\/it\/wp-json\/wp\/v2\/pages\/22705\/revisions\/67143"}],"up":[{"embeddable":true,"href":"https:\/\/www.accuratereviews.com\/it\/wp-json\/wp\/v2\/pages\/22029"}],"wp:featuredmedia":[{"embeddable":true,"href":"https:\/\/www.accuratereviews.com\/it\/wp-json\/wp\/v2\/media\/22706"}],"wp:attachment":[{"href":"https:\/\/www.accuratereviews.com\/it\/wp-json\/wp\/v2\/media?parent=22705"}],"wp:term":[{"taxonomy":"category","embeddable":true,"href":"https:\/\/www.accuratereviews.com\/it\/wp-json\/wp\/v2\/categories?post=22705"},{"taxonomy":"post_tag","embeddable":true,"href":"https:\/\/www.accuratereviews.com\/it\/wp-json\/wp\/v2\/tags?post=22705"},{"taxonomy":"features","embeddable":true,"href":"https:\/\/www.accuratereviews.com\/it\/wp-json\/wp\/v2\/features?post=22705"}],"curies":[{"name":"wp","href":"https:\/\/api.w.org\/{rel}","templated":true}]}}