{"id":22719,"date":"2020-01-31T14:26:21","date_gmt":"2020-01-31T14:26:21","guid":{"rendered":"https:\/\/www.accuratereviews.com\/?page_id=22719"},"modified":"2020-01-31T14:26:21","modified_gmt":"2020-01-31T14:26:21","slug":"orax-sdi-recensione","status":"publish","type":"page","link":"https:\/\/www.accuratereviews.com\/it\/software-erp-lista-software\/orax-sdi-recensione\/","title":{"rendered":"Orax SDI"},"content":{"rendered":"<p><strong>Orax SDI<\/strong> \u00e8 un<strong> software ERP<\/strong> sviluppato per supportare le piccole e medie imprese nella gestione di tutte le attivit\u00e0 e i processi inerenti all&#8217;azienda. Questo <strong>sistema di Enterprise Resource Planning<\/strong> offre numerose funzionalit\u00e0 di gestione finanziaria, delle risorse umane, dei progetti, dei preventivi, del catalogo dei prodotti, delle relazioni con i clienti (CRM) e molto altro ancora. Si tratta di soluzioni end-to-end progettate per una piattaforma online, a cui possono accedere anche i <strong>dispositivi mobile iOS e Android<\/strong>. Orax SDI \u00e8 stata messa in commercio dalla societ\u00e0 di software, Orax Solutions, che ha sede in Sudafrica e pertanto non \u00e8 possibile provare la demo gratuita poich\u00e9 messa a disposizione unicamente alle entit\u00e0 Sudafricane.<\/p>\n<h2>COME FUNZIONA ORAX SDI- TUTORIAL<\/h2>\n<p>Ecco un video tutorial che ci mostra qualcosa di pi\u00f9 al riguardo:<\/p>\n<div id=\"fluid-wrapper-counter-1\" class=\"g1-fluid-wrapper \" style=\"width:686px;\">\n<div style=\"padding-bottom:56.268221574344%;\"><iframe loading=\"lazy\" title=\"Orax SDI Components\" width=\"686\" height=\"386\" src=\"https:\/\/www.youtube.com\/embed\/4a5OTVA3dhQ?feature=oembed&amp;wmode=transparent&amp;autohide=1&amp;autoplay=0&amp;disablekb=0&amp;fs=1&amp;loop=0&amp;enablejsapi=1&amp;rel=0&amp;controls=2&amp;showinfo=0&amp;wmode=transparent&amp;autohide=2&amp;autoplay=0&amp;disablekb=0&amp;fs=1&amp;loop=0&amp;enablejsapi=1&amp;rel=0&amp;controls=2&amp;showinfo=1\" frameborder=\"0\" allow=\"accelerometer; autoplay; encrypted-media; gyroscope; picture-in-picture\" allowfullscreen><\/iframe><\/div>\n<\/div>\n<h3>ORAX SDI &#8211; CARATTERISTICHE<\/h3>\n<p>Di seguito, elenchiamo le sue caratteristiche:<\/p>\n<ul>\n<li>Gestione finanziaria<\/li>\n<li>Gestione dei progetti<\/li>\n<li>Gestione delle scorte<\/li>\n<li>Gestione del territorio<\/li>\n<li>Gestione della compatibilit\u00e0<\/li>\n<li>Gestione degli ordini<\/li>\n<li>Gestione delle vendite e degli acquisti<\/li>\n<li>Gestione dei documenti<\/li>\n<li>Gestione dell&#8217;inventario<\/li>\n<li>Sistema reportistico e di analisi<\/li>\n<\/ul>\n<h3>LE RECENSIONI DEGLI UTENTI<\/h3>\n<p><strong>&#8220;Questo prodotto \u00e8 semplicemente fantastico! L&#8217;ho usato fin dall&#8217;infanzia nel 2010 e continuer\u00e0 a farlo.&#8221;<\/strong><br \/>\nIN GENERALE: Mi fa sembrare un mago! I miei clienti hanno sempre informazioni aggiornate e report aggiornati con grafici e statistiche dettagliate, e non devo fare 1 pagina di modifica &#8230; tutto \u00e8 fatto da SDI!<br \/>\nPRO: la scalabilit\u00e0 e il design logico. Ho il privilegio di conoscere personalmente il nostro rappresentante e il suo genio si riflette in questo prodotto. Le metriche, la solida affidabilit\u00e0 che fornisce ai miei clienti rapporti puntuali e informazioni accurate, mi fa sembrare un genio e motiva i miei clienti a rinnovare i loro contratti di supporto con me anno dopo anno.<br \/>\nCONTRO: Quando invio commenti via email, non riesco pi\u00f9 a registrare il tempo a loro contrario in seguito. Ho creato un&#8217;attivit\u00e0 in batch per questo.<\/p>\n<p><strong>&#8220;Orax \u00e8 uno strumento efficace per migliorare la produttivit\u00e0 e migliorare la comunicazione&#8221;<\/strong><br \/>\nIN GENERALE: sono in grado di comunicare con il mio team completo pi\u00f9 regolarmente.<br \/>\nPRO: Mi piace la possibilit\u00e0 di impostare promemoria e garantire il follow-up con i clienti. Il software \u00e8 facile da usare e ha buone caratteristiche.<br \/>\nCONTRO: Non mi piace non essere in grado di modificare gli orari di inizio degli appuntamenti o riprogrammare gli appuntamenti senza dover eliminare completamente l&#8217;appuntamento. Non mi piace la compatibilit\u00e0 mobile, \u00e8 difficile da usare.<\/p>\n<p><strong>&#8220;CMS molto facile da usare e veloce&#8221;<\/strong><br \/>\nIN GENERALE: buon sistema di gestione del service desk. Audit trail su tutte le nostre chiamate risalenti all&#8217;inizio del sistema reportistico da inviare ai clienti. Analisi statistica delle chiamate.<br \/>\nPRO: facilit\u00e0 d&#8217;uso e connettivit\u00e0 veloce.<br \/>\nI nostri clienti hanno bisogno di assistenza rapida e risposte rapide.<br \/>\nCONTRO: Quando gli sviluppatori cambiano le cose e non riesco a trovare i luoghi in cui facevo le cose. Ci\u00f2 non accade da un po&#8217; di tempo e il tempo di risposta \u00e8 buono quando registro il problema.<\/p>\n","protected":false},"excerpt":{"rendered":"<p>Orax SDI \u00e8 un software ERP sviluppato per supportare le piccole e medie imprese nella gestione di tutte le attivit\u00e0 e i processi inerenti all&#8217;azienda. Questo sistema di Enterprise Resource Planning offre numerose funzionalit\u00e0 di gestione finanziaria, delle risorse umane, dei progetti, dei preventivi, del catalogo dei prodotti, delle relazioni con i clienti (CRM) e molto altro ancora.<\/p>\n","protected":false},"author":17,"featured_media":22720,"parent":22029,"menu_order":0,"comment_status":"open","ping_status":"closed","template":"g1_template_page_review_new.php","meta":{"_acf_changed":false,"cwp_meta_box_check":"Yes","cwp_rev_product_name":"","cwp_rev_product_image":"","wppr_links":[],"cwp_rev_price":"","wppr_options":[],"wppr_pros":[],"wppr_cons":[],"_monsterinsights_skip_tracking":false,"_monsterinsights_sitenote_active":false,"_monsterinsights_sitenote_note":"","_monsterinsights_sitenote_category":0,"footnotes":""},"categories":[1654],"tags":[1664,1663,1669,1667],"features":[],"class_list":{"0":"post-22719","1":"page","2":"type-page","3":"status-publish","4":"has-post-thumbnail","6":"category-enterprise-resource-planning-software-erp","7":"tag-enterprise-resource-planning","8":"tag-erp","9":"tag-piattaforma-erp","10":"tag-soluzione-erp"},"wppr_data":{"cwp_meta_box_check":"Yes","cwp_rev_product_name":"","cwp_rev_product_image":"","cwp_image_link":"image","cwp_rev_price":"","wppr_rating":"0.00"},"acf":[],"yoast_head":"<!-- This site is optimized with the Yoast SEO plugin v27.4 - https:\/\/yoast.com\/product\/yoast-seo-wordpress\/ -->\n<title>Orax SDI: recensione software ERP - Accurate Reviews<\/title>\n<meta name=\"description\" content=\"Orax SDI: recensione del oftware ERP sviluppato per supportare le piccole e medie imprese nella gestione di tutte le attivit\u00e0 inerenti all&#039;azienda.\" \/>\n<meta name=\"robots\" content=\"index, follow, max-snippet:-1, max-image-preview:large, max-video-preview:-1\" \/>\n<link rel=\"canonical\" href=\"https:\/\/www.accuratereviews.com\/it\/software-erp-lista-software\/orax-sdi-recensione\/\" \/>\n<meta property=\"og:locale\" content=\"it_IT\" \/>\n<meta property=\"og:type\" content=\"article\" \/>\n<meta property=\"og:title\" content=\"Orax SDI: recensione software ERP - Accurate Reviews\" \/>\n<meta property=\"og:description\" content=\"Orax SDI: recensione del oftware ERP sviluppato per supportare le piccole e medie imprese nella gestione di tutte le attivit\u00e0 inerenti all&#039;azienda.\" \/>\n<meta property=\"og:url\" content=\"https:\/\/www.accuratereviews.com\/it\/software-erp-lista-software\/orax-sdi-recensione\/\" \/>\n<meta property=\"og:site_name\" content=\"Accurate Reviews\" \/>\n<meta property=\"og:image\" content=\"https:\/\/www.accuratereviews.com\/wp-content\/uploads\/2020\/01\/Schermata-2020-01-31-alle-12.52.30.png\" \/>\n\t<meta property=\"og:image:width\" content=\"226\" \/>\n\t<meta property=\"og:image:height\" content=\"92\" \/>\n\t<meta property=\"og:image:type\" content=\"image\/png\" \/>\n<meta name=\"twitter:card\" content=\"summary_large_image\" \/>\n<meta name=\"twitter:label1\" content=\"Tempo di lettura stimato\" \/>\n\t<meta name=\"twitter:data1\" content=\"2 minuti\" \/>\n<script type=\"application\/ld+json\" class=\"yoast-schema-graph\">{\"@context\":\"https:\\\/\\\/schema.org\",\"@graph\":[{\"@type\":\"WebPage\",\"@id\":\"https:\\\/\\\/www.accuratereviews.com\\\/it\\\/software-erp-lista-software\\\/orax-sdi-recensione\\\/\",\"url\":\"https:\\\/\\\/www.accuratereviews.com\\\/it\\\/software-erp-lista-software\\\/orax-sdi-recensione\\\/\",\"name\":\"Orax SDI: recensione software ERP - Accurate Reviews\",\"isPartOf\":{\"@id\":\"https:\\\/\\\/www.accuratereviews.com\\\/it\\\/#website\"},\"primaryImageOfPage\":{\"@id\":\"https:\\\/\\\/www.accuratereviews.com\\\/it\\\/software-erp-lista-software\\\/orax-sdi-recensione\\\/#primaryimage\"},\"image\":{\"@id\":\"https:\\\/\\\/www.accuratereviews.com\\\/it\\\/software-erp-lista-software\\\/orax-sdi-recensione\\\/#primaryimage\"},\"thumbnailUrl\":\"https:\\\/\\\/www.accuratereviews.com\\\/wp-content\\\/uploads\\\/2020\\\/01\\\/Schermata-2020-01-31-alle-12.52.30.png\",\"datePublished\":\"2020-01-31T14:26:21+00:00\",\"description\":\"Orax SDI: recensione del oftware ERP sviluppato per supportare le piccole e medie imprese nella gestione di tutte le attivit\u00e0 inerenti all'azienda.\",\"breadcrumb\":{\"@id\":\"https:\\\/\\\/www.accuratereviews.com\\\/it\\\/software-erp-lista-software\\\/orax-sdi-recensione\\\/#breadcrumb\"},\"inLanguage\":\"it-IT\",\"potentialAction\":[{\"@type\":\"ReadAction\",\"target\":[\"https:\\\/\\\/www.accuratereviews.com\\\/it\\\/software-erp-lista-software\\\/orax-sdi-recensione\\\/\"]}]},{\"@type\":\"ImageObject\",\"inLanguage\":\"it-IT\",\"@id\":\"https:\\\/\\\/www.accuratereviews.com\\\/it\\\/software-erp-lista-software\\\/orax-sdi-recensione\\\/#primaryimage\",\"url\":\"https:\\\/\\\/www.accuratereviews.com\\\/wp-content\\\/uploads\\\/2020\\\/01\\\/Schermata-2020-01-31-alle-12.52.30.png\",\"contentUrl\":\"https:\\\/\\\/www.accuratereviews.com\\\/wp-content\\\/uploads\\\/2020\\\/01\\\/Schermata-2020-01-31-alle-12.52.30.png\",\"width\":226,\"height\":92},{\"@type\":\"BreadcrumbList\",\"@id\":\"https:\\\/\\\/www.accuratereviews.com\\\/it\\\/software-erp-lista-software\\\/orax-sdi-recensione\\\/#breadcrumb\",\"itemListElement\":[{\"@type\":\"ListItem\",\"position\":1,\"name\":\"Home\",\"item\":\"https:\\\/\\\/www.accuratereviews.com\\\/it\\\/\"},{\"@type\":\"ListItem\",\"position\":2,\"name\":\"ERP Software\",\"item\":\"https:\\\/\\\/www.accuratereviews.com\\\/it\\\/software-erp-lista-software\\\/\"},{\"@type\":\"ListItem\",\"position\":3,\"name\":\"Orax SDI\"}]},{\"@type\":\"WebSite\",\"@id\":\"https:\\\/\\\/www.accuratereviews.com\\\/it\\\/#website\",\"url\":\"https:\\\/\\\/www.accuratereviews.com\\\/it\\\/\",\"name\":\"Accurate Reviews\",\"description\":\"\",\"potentialAction\":[{\"@type\":\"SearchAction\",\"target\":{\"@type\":\"EntryPoint\",\"urlTemplate\":\"https:\\\/\\\/www.accuratereviews.com\\\/it\\\/?s={search_term_string}\"},\"query-input\":{\"@type\":\"PropertyValueSpecification\",\"valueRequired\":true,\"valueName\":\"search_term_string\"}}],\"inLanguage\":\"it-IT\"}]}<\/script>\n<!-- \/ Yoast SEO plugin. -->","yoast_head_json":{"title":"Orax SDI: recensione software ERP - Accurate Reviews","description":"Orax SDI: recensione del oftware ERP sviluppato per supportare le piccole e medie imprese nella gestione di tutte le attivit\u00e0 inerenti all'azienda.","robots":{"index":"index","follow":"follow","max-snippet":"max-snippet:-1","max-image-preview":"max-image-preview:large","max-video-preview":"max-video-preview:-1"},"canonical":"https:\/\/www.accuratereviews.com\/it\/software-erp-lista-software\/orax-sdi-recensione\/","og_locale":"it_IT","og_type":"article","og_title":"Orax SDI: recensione software ERP - Accurate Reviews","og_description":"Orax SDI: recensione del oftware ERP sviluppato per supportare le piccole e medie imprese nella gestione di tutte le attivit\u00e0 inerenti all'azienda.","og_url":"https:\/\/www.accuratereviews.com\/it\/software-erp-lista-software\/orax-sdi-recensione\/","og_site_name":"Accurate Reviews","og_image":[{"width":226,"height":92,"url":"https:\/\/www.accuratereviews.com\/wp-content\/uploads\/2020\/01\/Schermata-2020-01-31-alle-12.52.30.png","type":"image\/png"}],"twitter_card":"summary_large_image","twitter_misc":{"Tempo di lettura stimato":"2 minuti"},"schema":{"@context":"https:\/\/schema.org","@graph":[{"@type":"WebPage","@id":"https:\/\/www.accuratereviews.com\/it\/software-erp-lista-software\/orax-sdi-recensione\/","url":"https:\/\/www.accuratereviews.com\/it\/software-erp-lista-software\/orax-sdi-recensione\/","name":"Orax SDI: recensione software ERP - Accurate Reviews","isPartOf":{"@id":"https:\/\/www.accuratereviews.com\/it\/#website"},"primaryImageOfPage":{"@id":"https:\/\/www.accuratereviews.com\/it\/software-erp-lista-software\/orax-sdi-recensione\/#primaryimage"},"image":{"@id":"https:\/\/www.accuratereviews.com\/it\/software-erp-lista-software\/orax-sdi-recensione\/#primaryimage"},"thumbnailUrl":"https:\/\/www.accuratereviews.com\/wp-content\/uploads\/2020\/01\/Schermata-2020-01-31-alle-12.52.30.png","datePublished":"2020-01-31T14:26:21+00:00","description":"Orax SDI: recensione del oftware ERP sviluppato per supportare le piccole e medie imprese nella gestione di tutte le attivit\u00e0 inerenti all'azienda.","breadcrumb":{"@id":"https:\/\/www.accuratereviews.com\/it\/software-erp-lista-software\/orax-sdi-recensione\/#breadcrumb"},"inLanguage":"it-IT","potentialAction":[{"@type":"ReadAction","target":["https:\/\/www.accuratereviews.com\/it\/software-erp-lista-software\/orax-sdi-recensione\/"]}]},{"@type":"ImageObject","inLanguage":"it-IT","@id":"https:\/\/www.accuratereviews.com\/it\/software-erp-lista-software\/orax-sdi-recensione\/#primaryimage","url":"https:\/\/www.accuratereviews.com\/wp-content\/uploads\/2020\/01\/Schermata-2020-01-31-alle-12.52.30.png","contentUrl":"https:\/\/www.accuratereviews.com\/wp-content\/uploads\/2020\/01\/Schermata-2020-01-31-alle-12.52.30.png","width":226,"height":92},{"@type":"BreadcrumbList","@id":"https:\/\/www.accuratereviews.com\/it\/software-erp-lista-software\/orax-sdi-recensione\/#breadcrumb","itemListElement":[{"@type":"ListItem","position":1,"name":"Home","item":"https:\/\/www.accuratereviews.com\/it\/"},{"@type":"ListItem","position":2,"name":"ERP Software","item":"https:\/\/www.accuratereviews.com\/it\/software-erp-lista-software\/"},{"@type":"ListItem","position":3,"name":"Orax SDI"}]},{"@type":"WebSite","@id":"https:\/\/www.accuratereviews.com\/it\/#website","url":"https:\/\/www.accuratereviews.com\/it\/","name":"Accurate Reviews","description":"","potentialAction":[{"@type":"SearchAction","target":{"@type":"EntryPoint","urlTemplate":"https:\/\/www.accuratereviews.com\/it\/?s={search_term_string}"},"query-input":{"@type":"PropertyValueSpecification","valueRequired":true,"valueName":"search_term_string"}}],"inLanguage":"it-IT"}]}},"_links":{"self":[{"href":"https:\/\/www.accuratereviews.com\/it\/wp-json\/wp\/v2\/pages\/22719","targetHints":{"allow":["GET"]}}],"collection":[{"href":"https:\/\/www.accuratereviews.com\/it\/wp-json\/wp\/v2\/pages"}],"about":[{"href":"https:\/\/www.accuratereviews.com\/it\/wp-json\/wp\/v2\/types\/page"}],"author":[{"embeddable":true,"href":"https:\/\/www.accuratereviews.com\/it\/wp-json\/wp\/v2\/users\/17"}],"replies":[{"embeddable":true,"href":"https:\/\/www.accuratereviews.com\/it\/wp-json\/wp\/v2\/comments?post=22719"}],"version-history":[{"count":3,"href":"https:\/\/www.accuratereviews.com\/it\/wp-json\/wp\/v2\/pages\/22719\/revisions"}],"predecessor-version":[{"id":22740,"href":"https:\/\/www.accuratereviews.com\/it\/wp-json\/wp\/v2\/pages\/22719\/revisions\/22740"}],"up":[{"embeddable":true,"href":"https:\/\/www.accuratereviews.com\/it\/wp-json\/wp\/v2\/pages\/22029"}],"wp:featuredmedia":[{"embeddable":true,"href":"https:\/\/www.accuratereviews.com\/it\/wp-json\/wp\/v2\/media\/22720"}],"wp:attachment":[{"href":"https:\/\/www.accuratereviews.com\/it\/wp-json\/wp\/v2\/media?parent=22719"}],"wp:term":[{"taxonomy":"category","embeddable":true,"href":"https:\/\/www.accuratereviews.com\/it\/wp-json\/wp\/v2\/categories?post=22719"},{"taxonomy":"post_tag","embeddable":true,"href":"https:\/\/www.accuratereviews.com\/it\/wp-json\/wp\/v2\/tags?post=22719"},{"taxonomy":"features","embeddable":true,"href":"https:\/\/www.accuratereviews.com\/it\/wp-json\/wp\/v2\/features?post=22719"}],"curies":[{"name":"wp","href":"https:\/\/api.w.org\/{rel}","templated":true}]}}