{"id":22734,"date":"2020-01-31T14:25:55","date_gmt":"2020-01-31T14:25:55","guid":{"rendered":"https:\/\/www.accuratereviews.com\/?page_id=22734"},"modified":"2023-02-10T08:50:24","modified_gmt":"2023-02-10T08:50:24","slug":"apparelmagic-recensione","status":"publish","type":"page","link":"https:\/\/www.accuratereviews.com\/it\/software-erp-lista-software\/apparelmagic-recensione\/","title":{"rendered":"ApparelMagic"},"content":{"rendered":"<p><strong>ApparelMagic<\/strong> \u00e8 una<strong> soluzione \u00a0ERP<\/strong> appositamente sviluppata per le aziende del settore moda. Ha una funzionalit\u00e0 multicanale di vendita e gestione dell&#8217;inventario che consente di supervisionare le informazioni su pi\u00f9 percorsi di vendita. Il software ti aiuta anche a supervisionare attentamente la progettazione, lo sviluppo e i costi del prodotto. In questo modo, puoi assicurarti di avere sempre scorte di materie prime per gli articoli richiesti. Inoltre, la soluzione ti aiuta a migliorare i tuoi margini di profitto con costi migliori. In pi\u00f9, per aiutarti con la tua impresa internazionale, <strong>ApparelMagic<\/strong> supporta la <strong>contabilit\u00e0 multi-valuta<\/strong>. Con questo, non \u00e8 pi\u00f9 necessario convertire cifre e rischiare errori numerici.<\/p>\n<h2>APPARELMAGIC &#8211; TUTORIAL<\/h2>\n<p>Guardiamo questo tutorial per imparare a sfruttare al meglio questo<strong> software ERP<\/strong>:<\/p>\n<div id=\"fluid-wrapper-counter-1\" class=\"g1-fluid-wrapper \" style=\"width:686px;\">\n<div style=\"padding-bottom:56.268221574344%;\"><iframe loading=\"lazy\" title=\"ApparelMagic Cloud: Total Control\" width=\"686\" height=\"386\" src=\"https:\/\/www.youtube.com\/embed\/Y7l7LJ0U9yg?feature=oembed&amp;wmode=transparent&amp;autohide=1&amp;autoplay=0&amp;disablekb=0&amp;fs=1&amp;loop=0&amp;enablejsapi=1&amp;rel=0&amp;controls=2&amp;showinfo=0&amp;wmode=transparent&amp;autohide=2&amp;autoplay=0&amp;disablekb=0&amp;fs=1&amp;loop=0&amp;enablejsapi=1&amp;rel=0&amp;controls=2&amp;showinfo=1\" frameborder=\"0\" allow=\"accelerometer; autoplay; clipboard-write; encrypted-media; gyroscope; picture-in-picture; web-share\" allowfullscreen><\/iframe><\/div>\n<\/div>\n<h3>APPARELMAGIC &#8211; CARATTERISTICHE<\/h3>\n<ul>\n<li><strong>Prodotti e inventario<\/strong>: i tuoi prodotti sono la linfa vitale della tua attivit\u00e0. Il PLM della moda di questo programma gestisce design, materiali, specifiche, costi e fornitori in modo da poter massimizzare precisione e redditivit\u00e0<\/li>\n<li><strong>Inventario multicanale in tempo reale<\/strong>: aumenta il volume delle vendite con un controllo delle scorte pi\u00f9 intelligente. Gli strumenti di inventario ad alta visibilit\u00e0 gestiscono pi\u00f9 canali di vendita, divisioni, magazzini e fornitori<\/li>\n<li><strong>Dettagli:<\/strong> tieni traccia dei dettagli essenziali dei tuoi stili in modo facile e preciso. Dal primo concept fino all&#8217;approvazione finale, l&#8217;approvvigionamento e la produzione, il software controlla immagini, specifiche, fabbricazioni e istruzioni di montaggio<\/li>\n<li><strong>Gestione delle materie prime<\/strong>: la soluzione fornisce una gestione completa delle materie prime, domanda in tempo reale, acquisti automatizzati, tracciamento WIP, pull sheet e attualizzazione dei costi del progetto<\/li>\n<li><strong>Visualizza i costi:<\/strong> aumenta\u00a0i tuoi margini con una migliore pianificazione. Comprendere i costi di spedizione e fornitore, le spese di manodopera, i doveri, le commissioni e altro il programma monitora automaticamente i costi correnti.<\/li>\n<li><strong>Rapporti<\/strong>: visiona\u00a0rapporti di analisi e classifica i clienti e di prodotti direttamente dal tuo dispositivo mobile<\/li>\n<\/ul>\n<h4>LE RECENSIONI DEGLI UTENTI<\/h4>\n<h4>Jim Z. &#8220;Eccezionale sistema Cloud ERP&#8221;<\/h4>\n<p><strong>Commenti<\/strong>: Nel complesso la nostra esperienza \u00e8 stata fantastica. Con l&#8217;eccezione dei limiti di personalizzazione, siamo generalmente soddisfatti del software. Il supporto \u00e8 stato fantastico nel risponderci tempestivamente. La migrazione dal nostro vecchio sistema (Apparel Magic Desktop) \u00e8 stata regolare e con solo un paio di problemi.<\/p>\n<p><strong>Vantaggi<\/strong>: facilit\u00e0 d&#8217;uso.\u00a0Design molto intuitivo<\/p>\n<p><strong>Inconvenienti<\/strong>: nessuna possibilit\u00e0 di personalizzazione dei moduli. I report sono personalizzabili ma solo fino a un certo punto. Non \u00e8 possibile creare nuovi layout di report.<\/p>\n<h4>Robin F. &#8220;ERP quasi perfetto&#8221;<\/h4>\n<p><strong>Commenti<\/strong>: Esperienza eccellente, curva di apprendimento rapida rispetto ad altri software ERP. Supporto tecnico molto reattivo. Opzioni di abbonamento molto flessibili e struttura dei prezzi semplice.<\/p>\n<p><strong>Vantaggi<\/strong>: rapporto prezzo \/ caratteristiche.\u00a0Interfaccia utente molto semplice.\u00a0Filtri dati potenti e facili da usare.\u00a0Facilit\u00e0 di importazione-esportazione.\u00a0Flusso di lavoro logico<\/p>\n<p><strong>Inconvenienti<\/strong>: il modulo di spedizione \u00e8 troppo semplice, ha bisogno di pi\u00f9 funzionalit\u00e0 e auto-pack per gli ordini di pi\u00f9 negozi<br \/>\nNessuna integrazione UPS e FedEx senza Shipstation.<\/p>\n<h4>Christian S. &#8220;Rapporto qualit\u00e0-prezzo&#8221;<\/h4>\n<p><strong>Commenti<\/strong>: Eseguiamo la nostra piena operativit\u00e0 con AM e siamo pi\u00f9 che felici.<\/p>\n<p><strong>Vantaggi<\/strong>: un costante sviluppo di un sistema che non \u00e8 mai inattivo. Compreso un grande supporto.<\/p>\n<p><strong>Inconvenienti<\/strong>: il collegamento finanziario con un &#8220;Kontenrahem&#8221; tedesco \u00e8 un po &#8216;complicato. Ma ci stiamo arrivando.<\/p>\n","protected":false},"excerpt":{"rendered":"<p>ApparelMagic \u00e8 una soluzione \u00a0ERP\u00a0appositamente sviluppata per le aziende della moda. Ha una funzionalit\u00e0 multicanale di vendita e gestione dell&#8217;inventario che consente di supervisionare le informazioni su pi\u00f9 percorsi di vendita.\u00a0Il software ti aiuta anche a supervisionare attentamente la progettazione, lo sviluppo e i costi del prodotto<\/p>\n","protected":false},"author":19,"featured_media":22735,"parent":22029,"menu_order":0,"comment_status":"open","ping_status":"closed","template":"g1_template_page_review_new.php","meta":{"_acf_changed":false,"cwp_meta_box_check":"Yes","cwp_rev_product_name":"","cwp_rev_product_image":"","wppr_links":[],"cwp_rev_price":"","wppr_options":[{"name":"Usability","value":"0"},{"name":"Speed","value":"0"},{"name":"Features","value":"0"},{"name":"Support","value":"0"},{"name":"Pricing","value":"0"}],"wppr_pros":["","","","",""],"wppr_cons":["","","","",""],"_monsterinsights_skip_tracking":false,"_monsterinsights_sitenote_active":false,"_monsterinsights_sitenote_note":"","_monsterinsights_sitenote_category":0,"footnotes":""},"categories":[120,1654],"tags":[1719,1664,1663,1701,1669,1671,923,1667],"features":[],"class_list":{"0":"post-22734","1":"page","2":"type-page","3":"status-publish","4":"has-post-thumbnail","6":"category-crm-it","7":"category-enterprise-resource-planning-software-erp","8":"tag-apparelmagic","9":"tag-enterprise-resource-planning","10":"tag-erp","11":"tag-gestione-delle-risorse-aziendali","12":"tag-piattaforma-erp","13":"tag-programma-erp","14":"tag-software-erp","15":"tag-soluzione-erp"},"wppr_data":{"cwp_meta_box_check":"Yes","cwp_rev_product_name":"","_wppr_review_template":"default","cwp_rev_product_image":"","cwp_image_link":"image","wppr_links":[],"cwp_rev_price":"","wppr_pros":["","","","",""],"wppr_cons":["","","","",""],"wppr_rating":"0.00","wppr_options":{"1":{"name":"Usability","value":"0"},"2":{"name":"Speed","value":"0"},"3":{"name":"Features","value":"0"},"4":{"name":"Support","value":"0"},"5":{"name":"Pricing","value":"0"}},"wppr_review_type":"Product","wppr_review_custom_fields":{"additionalProperty":"","additionalType":"","aggregateRating":"","alternateName":"","audience":"","award":"","awards":"","brand":"","color":"","depth":"","description":"","disambiguatingDescription":"","gtin12":"","gtin13":"","gtin14":"","gtin8":"","height":"","identifier":"","image":"","isAccessoryOrSparePartFor":"","isConsumableFor":"","isRelatedTo":"","isSimilarTo":"","itemCondition":"","logo":"","mainEntityOfPage":"","manufacturer":"","material":"","model":"","mpn":"","name":"","offers":"","potentialAction":"","productID":"","productionDate":"","purchaseDate":"","releaseDate":"","review":"","reviews":"","sameAs":"","sku":"","slogan":"","subjectOf":"","url":"","weight":"","width":""}},"acf":[],"yoast_head":"<!-- This site is optimized with the Yoast SEO plugin v27.4 - https:\/\/yoast.com\/product\/yoast-seo-wordpress\/ -->\n<title>ApparelMagic: recensione software ERP - Accurate Reviews<\/title>\n<meta name=\"description\" content=\"ApparelMagic: soluzione ERP sviluppata per le aziende della moda. Ti aiuta a supervisionare la progettazione, lo sviluppo e i costi del prodotto.\" \/>\n<meta name=\"robots\" content=\"index, follow, max-snippet:-1, max-image-preview:large, max-video-preview:-1\" \/>\n<link rel=\"canonical\" href=\"https:\/\/www.accuratereviews.com\/it\/software-erp-lista-software\/apparelmagic-recensione\/\" \/>\n<meta property=\"og:locale\" content=\"it_IT\" \/>\n<meta property=\"og:type\" content=\"article\" \/>\n<meta property=\"og:title\" content=\"ApparelMagic: recensione software ERP - Accurate Reviews\" \/>\n<meta property=\"og:description\" content=\"ApparelMagic: soluzione ERP sviluppata per le aziende della moda. Ti aiuta a supervisionare la progettazione, lo sviluppo e i costi del prodotto.\" \/>\n<meta property=\"og:url\" content=\"https:\/\/www.accuratereviews.com\/it\/software-erp-lista-software\/apparelmagic-recensione\/\" \/>\n<meta property=\"og:site_name\" content=\"Accurate Reviews\" \/>\n<meta property=\"article:modified_time\" content=\"2023-02-10T08:50:24+00:00\" \/>\n<meta property=\"og:image\" content=\"https:\/\/www.accuratereviews.com\/wp-content\/uploads\/2020\/01\/ApparelMagic.jpg\" \/>\n\t<meta property=\"og:image:width\" content=\"200\" \/>\n\t<meta property=\"og:image:height\" content=\"200\" \/>\n\t<meta property=\"og:image:type\" content=\"image\/jpeg\" \/>\n<meta name=\"twitter:card\" content=\"summary_large_image\" \/>\n<meta name=\"twitter:label1\" content=\"Tempo di lettura stimato\" \/>\n\t<meta name=\"twitter:data1\" content=\"3 minuti\" \/>\n<script type=\"application\/ld+json\" class=\"yoast-schema-graph\">{\"@context\":\"https:\\\/\\\/schema.org\",\"@graph\":[{\"@type\":\"WebPage\",\"@id\":\"https:\\\/\\\/www.accuratereviews.com\\\/it\\\/software-erp-lista-software\\\/apparelmagic-recensione\\\/\",\"url\":\"https:\\\/\\\/www.accuratereviews.com\\\/it\\\/software-erp-lista-software\\\/apparelmagic-recensione\\\/\",\"name\":\"ApparelMagic: recensione software ERP - Accurate Reviews\",\"isPartOf\":{\"@id\":\"https:\\\/\\\/www.accuratereviews.com\\\/it\\\/#website\"},\"primaryImageOfPage\":{\"@id\":\"https:\\\/\\\/www.accuratereviews.com\\\/it\\\/software-erp-lista-software\\\/apparelmagic-recensione\\\/#primaryimage\"},\"image\":{\"@id\":\"https:\\\/\\\/www.accuratereviews.com\\\/it\\\/software-erp-lista-software\\\/apparelmagic-recensione\\\/#primaryimage\"},\"thumbnailUrl\":\"https:\\\/\\\/www.accuratereviews.com\\\/wp-content\\\/uploads\\\/2020\\\/01\\\/ApparelMagic.jpg\",\"datePublished\":\"2020-01-31T14:25:55+00:00\",\"dateModified\":\"2023-02-10T08:50:24+00:00\",\"description\":\"ApparelMagic: soluzione ERP sviluppata per le aziende della moda. Ti aiuta a supervisionare la progettazione, lo sviluppo e i costi del prodotto.\",\"breadcrumb\":{\"@id\":\"https:\\\/\\\/www.accuratereviews.com\\\/it\\\/software-erp-lista-software\\\/apparelmagic-recensione\\\/#breadcrumb\"},\"inLanguage\":\"it-IT\",\"potentialAction\":[{\"@type\":\"ReadAction\",\"target\":[\"https:\\\/\\\/www.accuratereviews.com\\\/it\\\/software-erp-lista-software\\\/apparelmagic-recensione\\\/\"]}]},{\"@type\":\"ImageObject\",\"inLanguage\":\"it-IT\",\"@id\":\"https:\\\/\\\/www.accuratereviews.com\\\/it\\\/software-erp-lista-software\\\/apparelmagic-recensione\\\/#primaryimage\",\"url\":\"https:\\\/\\\/www.accuratereviews.com\\\/wp-content\\\/uploads\\\/2020\\\/01\\\/ApparelMagic.jpg\",\"contentUrl\":\"https:\\\/\\\/www.accuratereviews.com\\\/wp-content\\\/uploads\\\/2020\\\/01\\\/ApparelMagic.jpg\",\"width\":200,\"height\":200},{\"@type\":\"BreadcrumbList\",\"@id\":\"https:\\\/\\\/www.accuratereviews.com\\\/it\\\/software-erp-lista-software\\\/apparelmagic-recensione\\\/#breadcrumb\",\"itemListElement\":[{\"@type\":\"ListItem\",\"position\":1,\"name\":\"Home\",\"item\":\"https:\\\/\\\/www.accuratereviews.com\\\/it\\\/\"},{\"@type\":\"ListItem\",\"position\":2,\"name\":\"ERP Software\",\"item\":\"https:\\\/\\\/www.accuratereviews.com\\\/it\\\/software-erp-lista-software\\\/\"},{\"@type\":\"ListItem\",\"position\":3,\"name\":\"ApparelMagic\"}]},{\"@type\":\"WebSite\",\"@id\":\"https:\\\/\\\/www.accuratereviews.com\\\/it\\\/#website\",\"url\":\"https:\\\/\\\/www.accuratereviews.com\\\/it\\\/\",\"name\":\"Accurate Reviews\",\"description\":\"\",\"potentialAction\":[{\"@type\":\"SearchAction\",\"target\":{\"@type\":\"EntryPoint\",\"urlTemplate\":\"https:\\\/\\\/www.accuratereviews.com\\\/it\\\/?s={search_term_string}\"},\"query-input\":{\"@type\":\"PropertyValueSpecification\",\"valueRequired\":true,\"valueName\":\"search_term_string\"}}],\"inLanguage\":\"it-IT\"}]}<\/script>\n<!-- \/ Yoast SEO plugin. -->","yoast_head_json":{"title":"ApparelMagic: recensione software ERP - Accurate Reviews","description":"ApparelMagic: soluzione ERP sviluppata per le aziende della moda. Ti aiuta a supervisionare la progettazione, lo sviluppo e i costi del prodotto.","robots":{"index":"index","follow":"follow","max-snippet":"max-snippet:-1","max-image-preview":"max-image-preview:large","max-video-preview":"max-video-preview:-1"},"canonical":"https:\/\/www.accuratereviews.com\/it\/software-erp-lista-software\/apparelmagic-recensione\/","og_locale":"it_IT","og_type":"article","og_title":"ApparelMagic: recensione software ERP - Accurate Reviews","og_description":"ApparelMagic: soluzione ERP sviluppata per le aziende della moda. Ti aiuta a supervisionare la progettazione, lo sviluppo e i costi del prodotto.","og_url":"https:\/\/www.accuratereviews.com\/it\/software-erp-lista-software\/apparelmagic-recensione\/","og_site_name":"Accurate Reviews","article_modified_time":"2023-02-10T08:50:24+00:00","og_image":[{"width":200,"height":200,"url":"https:\/\/www.accuratereviews.com\/wp-content\/uploads\/2020\/01\/ApparelMagic.jpg","type":"image\/jpeg"}],"twitter_card":"summary_large_image","twitter_misc":{"Tempo di lettura stimato":"3 minuti"},"schema":{"@context":"https:\/\/schema.org","@graph":[{"@type":"WebPage","@id":"https:\/\/www.accuratereviews.com\/it\/software-erp-lista-software\/apparelmagic-recensione\/","url":"https:\/\/www.accuratereviews.com\/it\/software-erp-lista-software\/apparelmagic-recensione\/","name":"ApparelMagic: recensione software ERP - Accurate Reviews","isPartOf":{"@id":"https:\/\/www.accuratereviews.com\/it\/#website"},"primaryImageOfPage":{"@id":"https:\/\/www.accuratereviews.com\/it\/software-erp-lista-software\/apparelmagic-recensione\/#primaryimage"},"image":{"@id":"https:\/\/www.accuratereviews.com\/it\/software-erp-lista-software\/apparelmagic-recensione\/#primaryimage"},"thumbnailUrl":"https:\/\/www.accuratereviews.com\/wp-content\/uploads\/2020\/01\/ApparelMagic.jpg","datePublished":"2020-01-31T14:25:55+00:00","dateModified":"2023-02-10T08:50:24+00:00","description":"ApparelMagic: soluzione ERP sviluppata per le aziende della moda. Ti aiuta a supervisionare la progettazione, lo sviluppo e i costi del prodotto.","breadcrumb":{"@id":"https:\/\/www.accuratereviews.com\/it\/software-erp-lista-software\/apparelmagic-recensione\/#breadcrumb"},"inLanguage":"it-IT","potentialAction":[{"@type":"ReadAction","target":["https:\/\/www.accuratereviews.com\/it\/software-erp-lista-software\/apparelmagic-recensione\/"]}]},{"@type":"ImageObject","inLanguage":"it-IT","@id":"https:\/\/www.accuratereviews.com\/it\/software-erp-lista-software\/apparelmagic-recensione\/#primaryimage","url":"https:\/\/www.accuratereviews.com\/wp-content\/uploads\/2020\/01\/ApparelMagic.jpg","contentUrl":"https:\/\/www.accuratereviews.com\/wp-content\/uploads\/2020\/01\/ApparelMagic.jpg","width":200,"height":200},{"@type":"BreadcrumbList","@id":"https:\/\/www.accuratereviews.com\/it\/software-erp-lista-software\/apparelmagic-recensione\/#breadcrumb","itemListElement":[{"@type":"ListItem","position":1,"name":"Home","item":"https:\/\/www.accuratereviews.com\/it\/"},{"@type":"ListItem","position":2,"name":"ERP Software","item":"https:\/\/www.accuratereviews.com\/it\/software-erp-lista-software\/"},{"@type":"ListItem","position":3,"name":"ApparelMagic"}]},{"@type":"WebSite","@id":"https:\/\/www.accuratereviews.com\/it\/#website","url":"https:\/\/www.accuratereviews.com\/it\/","name":"Accurate Reviews","description":"","potentialAction":[{"@type":"SearchAction","target":{"@type":"EntryPoint","urlTemplate":"https:\/\/www.accuratereviews.com\/it\/?s={search_term_string}"},"query-input":{"@type":"PropertyValueSpecification","valueRequired":true,"valueName":"search_term_string"}}],"inLanguage":"it-IT"}]}},"_links":{"self":[{"href":"https:\/\/www.accuratereviews.com\/it\/wp-json\/wp\/v2\/pages\/22734","targetHints":{"allow":["GET"]}}],"collection":[{"href":"https:\/\/www.accuratereviews.com\/it\/wp-json\/wp\/v2\/pages"}],"about":[{"href":"https:\/\/www.accuratereviews.com\/it\/wp-json\/wp\/v2\/types\/page"}],"author":[{"embeddable":true,"href":"https:\/\/www.accuratereviews.com\/it\/wp-json\/wp\/v2\/users\/19"}],"replies":[{"embeddable":true,"href":"https:\/\/www.accuratereviews.com\/it\/wp-json\/wp\/v2\/comments?post=22734"}],"version-history":[{"count":11,"href":"https:\/\/www.accuratereviews.com\/it\/wp-json\/wp\/v2\/pages\/22734\/revisions"}],"predecessor-version":[{"id":67113,"href":"https:\/\/www.accuratereviews.com\/it\/wp-json\/wp\/v2\/pages\/22734\/revisions\/67113"}],"up":[{"embeddable":true,"href":"https:\/\/www.accuratereviews.com\/it\/wp-json\/wp\/v2\/pages\/22029"}],"wp:featuredmedia":[{"embeddable":true,"href":"https:\/\/www.accuratereviews.com\/it\/wp-json\/wp\/v2\/media\/22735"}],"wp:attachment":[{"href":"https:\/\/www.accuratereviews.com\/it\/wp-json\/wp\/v2\/media?parent=22734"}],"wp:term":[{"taxonomy":"category","embeddable":true,"href":"https:\/\/www.accuratereviews.com\/it\/wp-json\/wp\/v2\/categories?post=22734"},{"taxonomy":"post_tag","embeddable":true,"href":"https:\/\/www.accuratereviews.com\/it\/wp-json\/wp\/v2\/tags?post=22734"},{"taxonomy":"features","embeddable":true,"href":"https:\/\/www.accuratereviews.com\/it\/wp-json\/wp\/v2\/features?post=22734"}],"curies":[{"name":"wp","href":"https:\/\/api.w.org\/{rel}","templated":true}]}}