{"id":22761,"date":"2020-02-03T14:35:20","date_gmt":"2020-02-03T14:35:20","guid":{"rendered":"https:\/\/www.accuratereviews.com\/?page_id=22761"},"modified":"2023-03-13T09:08:23","modified_gmt":"2023-03-13T09:08:23","slug":"hotelfriend-recensione","status":"publish","type":"page","link":"https:\/\/www.accuratereviews.com\/it\/gestionali-hotel-lista\/hotelfriend-recensione\/","title":{"rendered":"HotelFriend"},"content":{"rendered":"<p><strong>HotelFriend<\/strong> \u00e8 un piattaforma online progettata principalmente per <strong>strutture alberghiere di piccole e medie dimensioni<\/strong> che vogliono migliorare la gestione dei loro servizi, offrendo ai loro ospiti un&#8217;esperienza migliore. Dispone di ottimi strumenti che velocizzano e semplificano tutti i processi quotidiani relativi alla prenotazione e alla gestione di tutto il lavoro. Si tratta di un <strong>software di gestione alberghiera<\/strong> dal quale \u00e8 possibile prenotare una camera e anche qualsiasi altro servizio aggiuntivo che si desideri. Sia l&#8217;ospite che l&#8217;albergatore potranno usufruire dell&#8217;applicazione mobile, disponibile per <strong>dispositivi iOS e Android<\/strong>, che permetter\u00e0 loro di prenotare direttamente dal proprio smartphone e poter gestire le stesse prenotazioni da qui. In questo modo, entrambi avranno accesso ai loro dati che verranno trasferiti nel cloud.<\/p>\n<div class=\"card island-light\">\n<div class=\"card-body media-viewer px-0 pt-0\">\n<div class=\"container\">\n<div class=\"row\">\n<div class=\"col-12 media-viewer-screen-container\">\n<div class=\"media-viewer-screen m-4 d-flex\" data-position=\"0\">\n<div id=\"video_frame_0\" class=\"media-viewer-video-container w-100 h-100\">\n<h2>COME FUNZIONA HOTELFRIEND &#8211; TUTORIAL<\/h2>\n<p>Ecco un video che ci mostra qualcosa di pi\u00f9:<\/p>\n<div id=\"fluid-wrapper-counter-1\" class=\"g1-fluid-wrapper \" style=\"width:686px;\">\n<div style=\"padding-bottom:56.268221574344%;\"><iframe loading=\"lazy\" title=\"HotelFriend Software\" width=\"686\" height=\"386\" src=\"https:\/\/www.youtube.com\/embed\/-_4-Fbw7HWg?feature=oembed&amp;wmode=transparent&amp;autohide=1&amp;autoplay=0&amp;disablekb=0&amp;fs=1&amp;loop=0&amp;enablejsapi=1&amp;rel=0&amp;controls=2&amp;showinfo=0&amp;wmode=transparent&amp;autohide=2&amp;autoplay=0&amp;disablekb=0&amp;fs=1&amp;loop=0&amp;enablejsapi=1&amp;rel=0&amp;controls=2&amp;showinfo=1\" frameborder=\"0\" allow=\"accelerometer; autoplay; clipboard-write; encrypted-media; gyroscope; picture-in-picture; web-share\" allowfullscreen><\/iframe><\/div>\n<\/div>\n<h3>HOTELFRIEND &#8211; CARATTERISTICHE<\/h3>\n<p>Di seguito le sue principali caratteristiche:<\/p>\n<ul>\n<li><strong>Gestione delle propriet\u00e0 (PMS)<\/strong>: automatizza i processi interni e aumenta le vendite online ovunque tu sia e in qualsiasi momento<\/li>\n<li><strong>Gestione delle prenotazioni<\/strong>: gestisci facilmente check-in e check-out, quote, tariffe dei servizi, imposte, rendiconti ecc.<\/li>\n<li><strong>Pannello informativo<\/strong>: consente di valutare rapidamente il carico, confrontare i dati, fare l\u2019analisi rapida o formare la previsione aziendale<\/li>\n<li><strong>Sistema di pulizia<\/strong>: il vostro personale imposta lo stato delle camere, e i dipendenti responsabili potranno vedere quali camere devono ancora essere pulite<\/li>\n<li><strong>Direzione dei dipartimenti<\/strong>: ottieni un controllo centralizzato e il tracciamento del carico di lavoro dei reparti in tempo reale<\/li>\n<li><strong>Chat online<\/strong>: comunica direttamente con gli ospiti del tuo hotel senza farli aspettare. In questo modo riuscirai a costruire un rapporto di fiducia che consentir\u00e0 anche un amento delle vendite<\/li>\n<li><strong>Transazioni finanziarie<\/strong>: ricevete i pagamenti istantaneamente, elaborateli ed effettuate le restituzioni di essi in pochi clic<\/li>\n<li><strong>Sistema di analisi<\/strong>: tieni sotto controllo tutti i documenti riguardanti la rendicontazione consolidata (bilancio giornaliero, rapporto sulle vendite, referto delle operazioni di cassa, elenco di check-in\/check-out, saldo del conto, ecc.).<\/li>\n<\/ul>\n<h3>LE RECENSIONI DEGLI UTENTI<\/h3>\n<p><strong>&#8220;Uno strumento pratico e gestibile Pms&#8221;<\/strong><br \/>\nIN GENERALE: ho incontrato il proprietario del programma all&#8217;ITB (fiera del turismo a Berlino, marzo 2019). Cercavo un nuovo software per hotel per il mio piccolo hotel.<br \/>\nIl mio vecchio pms non funzionava. Odiavo usare cos\u00ec tanti programmi diversi che dovevano essere gestiti fianco a fianco, che non ho esaminato. Almeno stanno cercando una soluzione semplice e intuitiva per gestire il mio hotel. Abbiamo visto una breve demo di Bad con il rappresentante, durante la quale \u00e8 stato presentato il programma. Successivamente \u00e8 stata effettuata una fase di test (14 giorni) in cui \u00e8 stato possibile testare il programma.<br \/>\nPRO: Vedo i pagamenti degli ospiti, la gestione delle attivit\u00e0 quotidiane<br \/>\nMi rendo conto di quali ospiti hanno prenotato la colazione.<br \/>\nLe analisi per le finanze dell&#8217;hotel sono in diretta online e come liste da stampare<br \/>\nCONTRO: Mi piace il servizio<\/p>\n<p><strong>&#8220;Software aziendale perfetto&#8221;<\/strong><br \/>\nPRO: la piattaforma di apprendimento \u00e8 molto adatta per le aziende che vogliono formare i propri dipendenti. La piattaforma \u00e8 semplice e c&#8217;\u00e8 un&#8217;ampia variet\u00e0 di corsi di formazione che possono essere facilmente condotti online.<br \/>\nCONTRO: Come utente attivo del software, non ho punti negativi sulla piattaforma di apprendimento.<\/p>\n<p><strong>&#8220;Buon PMS basato su cloud&#8221;<\/strong><br \/>\nIN GENERALE: abbiamo ricevuto molti feedback positivi dai nostri ospiti, poich\u00e9 ora sono in grado di effettuare il check-in tramite l&#8217;app e contattarci senza chiamare la reception. Un altro punto importante \u00e8 la possibilit\u00e0 di noleggiare le nostre biciclette tramite l&#8217;app e offrire prenotazioni per la nostra area spa.<br \/>\nPRO: Ci \u00e8 piaciuto che tutti i dati siano basati su cloud e siano accessibili tramite un browser web da qualsiasi dispositivo. Il software \u00e8 facile da usare e ci sono molte istruzioni su come usare il programma. Anche il rappresentante dell&#8217;assistenza clienti ci ha aiutato con un malinteso su un sistema. C&#8217;\u00e8 anche un&#8217;app, attraverso la quale gli ospiti possono contattarci.<br \/>\nCONTRO: il programma dovrebbe essere accessibile anche senza connessione a Internet. Forse questa funzione pu\u00f2 essere aggiunta nelle versioni future.<\/p>\n<\/div>\n<\/div>\n<\/div>\n<\/div>\n<\/div>\n<\/div>\n<\/div>\n","protected":false},"excerpt":{"rendered":"<p>HotelFriend \u00e8 un piattaforma online progettata principalmente per strutture alberghiere di piccole e medie dimensioni che vogliono migliorare la gestione dei loro servizi, offrendo ai loro ospiti un&#8217;esperienza migliore. Dispone di ottimi strumenti che velocizzano e semplificano tutti i processi quotidiani relativi alla prenotazione e alla gestione di tutto il lavoro.<\/p>\n","protected":false},"author":17,"featured_media":22762,"parent":29585,"menu_order":0,"comment_status":"open","ping_status":"closed","template":"g1_template_page_review_new.php","meta":{"_acf_changed":false,"cwp_meta_box_check":"Yes","cwp_rev_product_name":"","cwp_rev_product_image":"","wppr_links":[],"cwp_rev_price":"","wppr_options":[{"name":"Usability","value":"0"},{"name":"Speed","value":"0"},{"name":"Features","value":"0"},{"name":"Support","value":"0"},{"name":"Pricing","value":"0"}],"wppr_pros":["","","","",""],"wppr_cons":["","","","",""],"_monsterinsights_skip_tracking":false,"_monsterinsights_sitenote_active":false,"_monsterinsights_sitenote_note":"","_monsterinsights_sitenote_category":0,"footnotes":""},"categories":[1720],"tags":[1723,1721,1173,1722],"features":[],"class_list":{"0":"post-22761","1":"page","2":"type-page","3":"status-publish","4":"has-post-thumbnail","6":"category-gestionali-hotel-categoria","7":"tag-alberghi","8":"tag-gestionale-hotel","9":"tag-hotel","10":"tag-software-di-gestione-alberghiera"},"wppr_data":{"cwp_meta_box_check":"Yes","cwp_rev_product_name":"","_wppr_review_template":"default","cwp_rev_product_image":"","cwp_image_link":"image","wppr_links":[],"cwp_rev_price":"","wppr_pros":["","","","",""],"wppr_cons":["","","","",""],"wppr_rating":"0.00","wppr_options":{"1":{"name":"Usability","value":"0"},"2":{"name":"Speed","value":"0"},"3":{"name":"Features","value":"0"},"4":{"name":"Support","value":"0"},"5":{"name":"Pricing","value":"0"}},"wppr_review_type":"Product","wppr_review_custom_fields":{"additionalProperty":"","additionalType":"","aggregateRating":"","alternateName":"","audience":"","award":"","awards":"","brand":"","color":"","depth":"","description":"","disambiguatingDescription":"","gtin12":"","gtin13":"","gtin14":"","gtin8":"","height":"","identifier":"","image":"","isAccessoryOrSparePartFor":"","isConsumableFor":"","isRelatedTo":"","isSimilarTo":"","itemCondition":"","logo":"","mainEntityOfPage":"","manufacturer":"","material":"","model":"","mpn":"","name":"","offers":"","potentialAction":"","productID":"","productionDate":"","purchaseDate":"","releaseDate":"","review":"","reviews":"","sameAs":"","sku":"","slogan":"","subjectOf":"","url":"","weight":"","width":""}},"acf":[],"yoast_head":"<!-- This site is optimized with the Yoast SEO plugin v27.4 - https:\/\/yoast.com\/product\/yoast-seo-wordpress\/ -->\n<title>HotelFriend: recensione software gestione hotel - Accurate Reviews<\/title>\n<meta name=\"description\" content=\"HotelFriend \u00e8 un software di gestione degli hotel, progettato principalmente per strutture alberghiere di piccole e medie dimensioni.\" \/>\n<meta name=\"robots\" content=\"index, follow, max-snippet:-1, max-image-preview:large, max-video-preview:-1\" \/>\n<link rel=\"canonical\" href=\"https:\/\/www.accuratereviews.com\/it\/gestionali-hotel-lista\/hotelfriend-recensione\/\" \/>\n<meta property=\"og:locale\" content=\"it_IT\" \/>\n<meta property=\"og:type\" content=\"article\" \/>\n<meta property=\"og:title\" content=\"HotelFriend: recensione software gestione hotel - Accurate Reviews\" \/>\n<meta property=\"og:description\" content=\"HotelFriend \u00e8 un software di gestione degli hotel, progettato principalmente per strutture alberghiere di piccole e medie dimensioni.\" \/>\n<meta property=\"og:url\" content=\"https:\/\/www.accuratereviews.com\/it\/gestionali-hotel-lista\/hotelfriend-recensione\/\" \/>\n<meta property=\"og:site_name\" content=\"Accurate Reviews\" \/>\n<meta property=\"article:modified_time\" content=\"2023-03-13T09:08:23+00:00\" \/>\n<meta property=\"og:image\" content=\"https:\/\/www.accuratereviews.com\/wp-content\/uploads\/2020\/02\/unnamed.png\" \/>\n\t<meta property=\"og:image:width\" content=\"512\" \/>\n\t<meta property=\"og:image:height\" content=\"250\" \/>\n\t<meta property=\"og:image:type\" content=\"image\/png\" \/>\n<meta name=\"twitter:card\" content=\"summary_large_image\" \/>\n<meta name=\"twitter:label1\" content=\"Tempo di lettura stimato\" \/>\n\t<meta name=\"twitter:data1\" content=\"4 minuti\" \/>\n<script type=\"application\/ld+json\" class=\"yoast-schema-graph\">{\"@context\":\"https:\\\/\\\/schema.org\",\"@graph\":[{\"@type\":\"WebPage\",\"@id\":\"https:\\\/\\\/www.accuratereviews.com\\\/it\\\/gestionali-hotel-lista\\\/hotelfriend-recensione\\\/\",\"url\":\"https:\\\/\\\/www.accuratereviews.com\\\/it\\\/gestionali-hotel-lista\\\/hotelfriend-recensione\\\/\",\"name\":\"HotelFriend: recensione software gestione hotel - Accurate Reviews\",\"isPartOf\":{\"@id\":\"https:\\\/\\\/www.accuratereviews.com\\\/it\\\/#website\"},\"primaryImageOfPage\":{\"@id\":\"https:\\\/\\\/www.accuratereviews.com\\\/it\\\/gestionali-hotel-lista\\\/hotelfriend-recensione\\\/#primaryimage\"},\"image\":{\"@id\":\"https:\\\/\\\/www.accuratereviews.com\\\/it\\\/gestionali-hotel-lista\\\/hotelfriend-recensione\\\/#primaryimage\"},\"thumbnailUrl\":\"https:\\\/\\\/www.accuratereviews.com\\\/wp-content\\\/uploads\\\/2020\\\/02\\\/unnamed.png\",\"datePublished\":\"2020-02-03T14:35:20+00:00\",\"dateModified\":\"2023-03-13T09:08:23+00:00\",\"description\":\"HotelFriend \u00e8 un software di gestione degli hotel, progettato principalmente per strutture alberghiere di piccole e medie dimensioni.\",\"breadcrumb\":{\"@id\":\"https:\\\/\\\/www.accuratereviews.com\\\/it\\\/gestionali-hotel-lista\\\/hotelfriend-recensione\\\/#breadcrumb\"},\"inLanguage\":\"it-IT\",\"potentialAction\":[{\"@type\":\"ReadAction\",\"target\":[\"https:\\\/\\\/www.accuratereviews.com\\\/it\\\/gestionali-hotel-lista\\\/hotelfriend-recensione\\\/\"]}]},{\"@type\":\"ImageObject\",\"inLanguage\":\"it-IT\",\"@id\":\"https:\\\/\\\/www.accuratereviews.com\\\/it\\\/gestionali-hotel-lista\\\/hotelfriend-recensione\\\/#primaryimage\",\"url\":\"https:\\\/\\\/www.accuratereviews.com\\\/wp-content\\\/uploads\\\/2020\\\/02\\\/unnamed.png\",\"contentUrl\":\"https:\\\/\\\/www.accuratereviews.com\\\/wp-content\\\/uploads\\\/2020\\\/02\\\/unnamed.png\",\"width\":512,\"height\":250},{\"@type\":\"BreadcrumbList\",\"@id\":\"https:\\\/\\\/www.accuratereviews.com\\\/it\\\/gestionali-hotel-lista\\\/hotelfriend-recensione\\\/#breadcrumb\",\"itemListElement\":[{\"@type\":\"ListItem\",\"position\":1,\"name\":\"Home\",\"item\":\"https:\\\/\\\/www.accuratereviews.com\\\/it\\\/\"},{\"@type\":\"ListItem\",\"position\":2,\"name\":\"Gestionali per hotel\",\"item\":\"https:\\\/\\\/www.accuratereviews.com\\\/it\\\/gestionali-hotel-lista\\\/\"},{\"@type\":\"ListItem\",\"position\":3,\"name\":\"HotelFriend\"}]},{\"@type\":\"WebSite\",\"@id\":\"https:\\\/\\\/www.accuratereviews.com\\\/it\\\/#website\",\"url\":\"https:\\\/\\\/www.accuratereviews.com\\\/it\\\/\",\"name\":\"Accurate Reviews\",\"description\":\"\",\"potentialAction\":[{\"@type\":\"SearchAction\",\"target\":{\"@type\":\"EntryPoint\",\"urlTemplate\":\"https:\\\/\\\/www.accuratereviews.com\\\/it\\\/?s={search_term_string}\"},\"query-input\":{\"@type\":\"PropertyValueSpecification\",\"valueRequired\":true,\"valueName\":\"search_term_string\"}}],\"inLanguage\":\"it-IT\"}]}<\/script>\n<!-- \/ Yoast SEO plugin. -->","yoast_head_json":{"title":"HotelFriend: recensione software gestione hotel - Accurate Reviews","description":"HotelFriend \u00e8 un software di gestione degli hotel, progettato principalmente per strutture alberghiere di piccole e medie dimensioni.","robots":{"index":"index","follow":"follow","max-snippet":"max-snippet:-1","max-image-preview":"max-image-preview:large","max-video-preview":"max-video-preview:-1"},"canonical":"https:\/\/www.accuratereviews.com\/it\/gestionali-hotel-lista\/hotelfriend-recensione\/","og_locale":"it_IT","og_type":"article","og_title":"HotelFriend: recensione software gestione hotel - Accurate Reviews","og_description":"HotelFriend \u00e8 un software di gestione degli hotel, progettato principalmente per strutture alberghiere di piccole e medie dimensioni.","og_url":"https:\/\/www.accuratereviews.com\/it\/gestionali-hotel-lista\/hotelfriend-recensione\/","og_site_name":"Accurate Reviews","article_modified_time":"2023-03-13T09:08:23+00:00","og_image":[{"width":512,"height":250,"url":"https:\/\/www.accuratereviews.com\/wp-content\/uploads\/2020\/02\/unnamed.png","type":"image\/png"}],"twitter_card":"summary_large_image","twitter_misc":{"Tempo di lettura stimato":"4 minuti"},"schema":{"@context":"https:\/\/schema.org","@graph":[{"@type":"WebPage","@id":"https:\/\/www.accuratereviews.com\/it\/gestionali-hotel-lista\/hotelfriend-recensione\/","url":"https:\/\/www.accuratereviews.com\/it\/gestionali-hotel-lista\/hotelfriend-recensione\/","name":"HotelFriend: recensione software gestione hotel - Accurate Reviews","isPartOf":{"@id":"https:\/\/www.accuratereviews.com\/it\/#website"},"primaryImageOfPage":{"@id":"https:\/\/www.accuratereviews.com\/it\/gestionali-hotel-lista\/hotelfriend-recensione\/#primaryimage"},"image":{"@id":"https:\/\/www.accuratereviews.com\/it\/gestionali-hotel-lista\/hotelfriend-recensione\/#primaryimage"},"thumbnailUrl":"https:\/\/www.accuratereviews.com\/wp-content\/uploads\/2020\/02\/unnamed.png","datePublished":"2020-02-03T14:35:20+00:00","dateModified":"2023-03-13T09:08:23+00:00","description":"HotelFriend \u00e8 un software di gestione degli hotel, progettato principalmente per strutture alberghiere di piccole e medie dimensioni.","breadcrumb":{"@id":"https:\/\/www.accuratereviews.com\/it\/gestionali-hotel-lista\/hotelfriend-recensione\/#breadcrumb"},"inLanguage":"it-IT","potentialAction":[{"@type":"ReadAction","target":["https:\/\/www.accuratereviews.com\/it\/gestionali-hotel-lista\/hotelfriend-recensione\/"]}]},{"@type":"ImageObject","inLanguage":"it-IT","@id":"https:\/\/www.accuratereviews.com\/it\/gestionali-hotel-lista\/hotelfriend-recensione\/#primaryimage","url":"https:\/\/www.accuratereviews.com\/wp-content\/uploads\/2020\/02\/unnamed.png","contentUrl":"https:\/\/www.accuratereviews.com\/wp-content\/uploads\/2020\/02\/unnamed.png","width":512,"height":250},{"@type":"BreadcrumbList","@id":"https:\/\/www.accuratereviews.com\/it\/gestionali-hotel-lista\/hotelfriend-recensione\/#breadcrumb","itemListElement":[{"@type":"ListItem","position":1,"name":"Home","item":"https:\/\/www.accuratereviews.com\/it\/"},{"@type":"ListItem","position":2,"name":"Gestionali per hotel","item":"https:\/\/www.accuratereviews.com\/it\/gestionali-hotel-lista\/"},{"@type":"ListItem","position":3,"name":"HotelFriend"}]},{"@type":"WebSite","@id":"https:\/\/www.accuratereviews.com\/it\/#website","url":"https:\/\/www.accuratereviews.com\/it\/","name":"Accurate Reviews","description":"","potentialAction":[{"@type":"SearchAction","target":{"@type":"EntryPoint","urlTemplate":"https:\/\/www.accuratereviews.com\/it\/?s={search_term_string}"},"query-input":{"@type":"PropertyValueSpecification","valueRequired":true,"valueName":"search_term_string"}}],"inLanguage":"it-IT"}]}},"_links":{"self":[{"href":"https:\/\/www.accuratereviews.com\/it\/wp-json\/wp\/v2\/pages\/22761","targetHints":{"allow":["GET"]}}],"collection":[{"href":"https:\/\/www.accuratereviews.com\/it\/wp-json\/wp\/v2\/pages"}],"about":[{"href":"https:\/\/www.accuratereviews.com\/it\/wp-json\/wp\/v2\/types\/page"}],"author":[{"embeddable":true,"href":"https:\/\/www.accuratereviews.com\/it\/wp-json\/wp\/v2\/users\/17"}],"replies":[{"embeddable":true,"href":"https:\/\/www.accuratereviews.com\/it\/wp-json\/wp\/v2\/comments?post=22761"}],"version-history":[{"count":2,"href":"https:\/\/www.accuratereviews.com\/it\/wp-json\/wp\/v2\/pages\/22761\/revisions"}],"predecessor-version":[{"id":22777,"href":"https:\/\/www.accuratereviews.com\/it\/wp-json\/wp\/v2\/pages\/22761\/revisions\/22777"}],"up":[{"embeddable":true,"href":"https:\/\/www.accuratereviews.com\/it\/wp-json\/wp\/v2\/pages\/29585"}],"wp:featuredmedia":[{"embeddable":true,"href":"https:\/\/www.accuratereviews.com\/it\/wp-json\/wp\/v2\/media\/22762"}],"wp:attachment":[{"href":"https:\/\/www.accuratereviews.com\/it\/wp-json\/wp\/v2\/media?parent=22761"}],"wp:term":[{"taxonomy":"category","embeddable":true,"href":"https:\/\/www.accuratereviews.com\/it\/wp-json\/wp\/v2\/categories?post=22761"},{"taxonomy":"post_tag","embeddable":true,"href":"https:\/\/www.accuratereviews.com\/it\/wp-json\/wp\/v2\/tags?post=22761"},{"taxonomy":"features","embeddable":true,"href":"https:\/\/www.accuratereviews.com\/it\/wp-json\/wp\/v2\/features?post=22761"}],"curies":[{"name":"wp","href":"https:\/\/api.w.org\/{rel}","templated":true}]}}