{"id":22767,"date":"2020-02-03T16:53:50","date_gmt":"2020-02-03T16:53:50","guid":{"rendered":"https:\/\/www.accuratereviews.com\/?page_id=22767"},"modified":"2020-02-03T16:53:50","modified_gmt":"2020-02-03T16:53:50","slug":"rms-motel-recensione","status":"publish","type":"page","link":"https:\/\/www.accuratereviews.com\/it\/rms-motel-recensione\/","title":{"rendered":"RMS Motel"},"content":{"rendered":"<p><strong>RMS Motel<\/strong> \u00e8 un <strong>software di gestione alberghiera<\/strong>, basato su cloud, che ti permette di gestire al meglio ogni aspetto del tuo motel da qualsiasi dispositivo. Ti baster\u00e0 infatti avere una connessione internet per accedervi anche dallo smartphone e poter cos\u00ec <strong>ottimizzare i tempi<\/strong> visualizzando i dettagli del cliente, della prenotazione e le informazioni relative a un determinato account. \u00c8 un programma semplice da usare che ti consente di automatizzare tutte quelle procedure che normalmente ti richiedono tempo e fatica. Grazie agli strumenti che mette a disposizione come quello del <strong>Channel Manager<\/strong>, sarai in grado di migliorare l&#8217;efficienza di questo processo di gestione dei canali con la distribuzione in tempo reale, collegando la tua attivit\u00e0 a tutti i principali canali di prenotazione del mondo.<\/p>\n<h2>COME FUNZIONA RMS MOTEL &#8211; TUTORIAL<\/h2>\n<p>Diamo un&#8217;occhiata a questo video tutorial per capire come utilizzare questo programma:<\/p>\n<div id=\"fluid-wrapper-counter-1\" class=\"g1-fluid-wrapper \" style=\"width:686px;\">\n<div style=\"padding-bottom:56.268221574344%;\"><iframe loading=\"lazy\" title=\"MAKE A BOOKING IN RMS\" width=\"686\" height=\"386\" src=\"https:\/\/www.youtube.com\/embed\/AA15gM0mXlA?feature=oembed&amp;wmode=transparent&amp;autohide=1&amp;autoplay=0&amp;disablekb=0&amp;fs=1&amp;loop=0&amp;enablejsapi=1&amp;rel=0&amp;controls=2&amp;showinfo=0&amp;wmode=transparent&amp;autohide=2&amp;autoplay=0&amp;disablekb=0&amp;fs=1&amp;loop=0&amp;enablejsapi=1&amp;rel=0&amp;controls=2&amp;showinfo=1\" frameborder=\"0\" allow=\"accelerometer; autoplay; encrypted-media; gyroscope; picture-in-picture\" allowfullscreen><\/iframe><\/div>\n<\/div>\n<h3>RMS MOTEL &#8211; CARATTERISTICHE<\/h3>\n<p>Ecco le sue principali caratteristiche:<\/p>\n<ul>\n<li><strong>Dashboard personalizzabile<\/strong>: personalizza le dashboard per ciascun utente, manager e dipartimento, con la possibilit\u00e0 di visualizzare istantanee in tempo reale di informazioni pertinenti<\/li>\n<li><strong>Cloud<\/strong>: lavora online, ovunque con la nostra compatibilit\u00e0 mobile e tablet<\/li>\n<li><strong>ManageMultipleProperties RMS<\/strong>: ideale per gruppi e catene che necessitano gestire pi\u00f9 propriet\u00e0<\/li>\n<li><strong>SeamlessIntegrations RMS<\/strong>: l&#8217;integrazione in tempo reale fornisce una soluzione di distribuzione completa (applicazioni di gestione di entrate, rendimento e reputazione)<\/li>\n<li><strong>Sistema di prenotazione all-in-one<\/strong>: ottimizza i tempi visualizzando i dettagli del cliente, i dettagli della prenotazione e le informazioni sull&#8217;account da una schermata per migliorare l&#8217;efficienza di tutte le operazioni<\/li>\n<li><strong>Sistema di reportistica<\/strong>: ottieni un&#8217;istantanea della redditivit\u00e0 effettiva dalle vendite.<\/li>\n<\/ul>\n<h3>LE RECENSIONI DEGLI UTENTI<\/h3>\n<p><strong>&#8220;Adoriamo RMS e vorremmo essere passati prima a questo software!&#8221;<\/strong><br \/>\nIN GENERALE: Nel complesso la nostra esperienza \u00e8 stata fantastica! Tutta l&#8217;automazione ci fa risparmiare un sacco di tempo e ci rende anche pi\u00f9 professionali.<br \/>\nPRO: Ci piace che sia basato su cloud, quindi possiamo accedervi da qualsiasi luogo su qualsiasi dispositivo in qualsiasi momento scegliamo. \u00c8 anche molto user-friendly per coloro che accettano prenotazioni e la possibilit\u00e0 di effettuare facilmente prenotazioni online \u00e8 eccezionale.<br \/>\nCONTRO: Pu\u00f2 essere un po&#8217; difficile quando si apportano modifiche al back-end, ma in caso di problemi il supporto tecnico ci guida attraverso di esso.<\/p>\n<p><strong>&#8220;Ottimo software e servizio clienti&#8221;<\/strong><br \/>\nIN GENERALE: la gestione complessiva di RMS in termini di sistema \u00e8 stata eccezionale e il servizio clienti \u00e8 disponibile, amichevole, spiega le cose con facilit\u00e0 senza fretta. Il team conosce il sistema e sa come spiegare :-)<br \/>\nPRO: la facilit\u00e0 d&#8217;uso del software e la quantit\u00e0 di lavoro che pu\u00f2 essere eseguita con un prodotto.<br \/>\nCONTRO: Finora niente, sto imparando le cose ogni giorno e finora mi piace tutto<\/p>\n<p><strong>&#8220;Usato per gli ospiti&#8221;<\/strong><br \/>\nIN GENERALE: Nel complesso \u00e8 buono, non lo usiamo pi\u00f9 ma \u00e8 facile usarlo.<br \/>\nPRO: Inizialmente \u00e8 stato un po&#8217; difficile usare questo software, ma dopo \u00e8 andato tutto bene. Lo abbiamo usato per la nostra reception per controllare le persone dentro e fuori<br \/>\nCONTRO: Non c&#8217;erano sezioni note o avvisi per mettere cose importanti sull&#8217;ospite in modo che gli altri potessero leggerlo<\/p>\n","protected":false},"excerpt":{"rendered":"<p>RMS Motel \u00e8 un software di gestione alberghiera, basato su cloud, che ti permette di gestire al meglio ogni aspetto del tuo motel da qualsiasi dispositivo. Ti baster\u00e0 infatti avere una connessione internet per accedervi anche dallo smartphone e poter cos\u00ec ottimizzare i tempi visualizzando i dettagli del cliente, della prenotazione e le informazioni relative a un determinato account.\u00a0<\/p>\n","protected":false},"author":17,"featured_media":22770,"parent":0,"menu_order":0,"comment_status":"open","ping_status":"closed","template":"g1_template_page_review_new.php","meta":{"_acf_changed":false,"cwp_meta_box_check":"Yes","cwp_rev_product_name":"","cwp_rev_product_image":"","wppr_links":[],"cwp_rev_price":"","wppr_options":[],"wppr_pros":[],"wppr_cons":[],"_monsterinsights_skip_tracking":false,"_monsterinsights_sitenote_active":false,"_monsterinsights_sitenote_note":"","_monsterinsights_sitenote_category":0,"footnotes":""},"categories":[1720],"tags":[1723,1721,1173,1722],"features":[],"class_list":{"0":"post-22767","1":"page","2":"type-page","3":"status-publish","4":"has-post-thumbnail","6":"category-gestionali-hotel-categoria","7":"tag-alberghi","8":"tag-gestionale-hotel","9":"tag-hotel","10":"tag-software-di-gestione-alberghiera"},"wppr_data":{"cwp_meta_box_check":"Yes","cwp_rev_product_name":"","cwp_rev_product_image":"","cwp_image_link":"image","cwp_rev_price":"","wppr_rating":"0.00"},"acf":[],"yoast_head":"<!-- This site is optimized with the Yoast SEO plugin v27.4 - https:\/\/yoast.com\/product\/yoast-seo-wordpress\/ -->\n<title>RMS Motel: recensione software gestione alberghiera - Accurate Reviews<\/title>\n<meta name=\"description\" content=\"RMS Motel: recensione del software di gestione alberghiera, basato su cloud, che ti permette di gestire ogni aspetto del tuo motel da qualsiasi dispositivo.\" \/>\n<meta name=\"robots\" content=\"index, follow, max-snippet:-1, max-image-preview:large, max-video-preview:-1\" \/>\n<link rel=\"canonical\" href=\"https:\/\/www.accuratereviews.com\/it\/rms-motel-recensione\/\" \/>\n<meta property=\"og:locale\" content=\"it_IT\" \/>\n<meta property=\"og:type\" content=\"article\" \/>\n<meta property=\"og:title\" content=\"RMS Motel: recensione software gestione alberghiera - Accurate Reviews\" \/>\n<meta property=\"og:description\" content=\"RMS Motel: recensione del software di gestione alberghiera, basato su cloud, che ti permette di gestire ogni aspetto del tuo motel da qualsiasi dispositivo.\" \/>\n<meta property=\"og:url\" content=\"https:\/\/www.accuratereviews.com\/it\/rms-motel-recensione\/\" \/>\n<meta property=\"og:site_name\" content=\"Accurate Reviews\" \/>\n<meta property=\"og:image\" content=\"https:\/\/www.accuratereviews.com\/wp-content\/uploads\/2020\/02\/download.jpg\" \/>\n\t<meta property=\"og:image:width\" content=\"225\" \/>\n\t<meta property=\"og:image:height\" content=\"225\" \/>\n\t<meta property=\"og:image:type\" content=\"image\/jpeg\" \/>\n<meta name=\"twitter:card\" content=\"summary_large_image\" \/>\n<meta name=\"twitter:label1\" content=\"Tempo di lettura stimato\" \/>\n\t<meta name=\"twitter:data1\" content=\"3 minuti\" \/>\n<script type=\"application\/ld+json\" class=\"yoast-schema-graph\">{\"@context\":\"https:\\\/\\\/schema.org\",\"@graph\":[{\"@type\":\"WebPage\",\"@id\":\"https:\\\/\\\/www.accuratereviews.com\\\/it\\\/rms-motel-recensione\\\/\",\"url\":\"https:\\\/\\\/www.accuratereviews.com\\\/it\\\/rms-motel-recensione\\\/\",\"name\":\"RMS Motel: recensione software gestione alberghiera - Accurate Reviews\",\"isPartOf\":{\"@id\":\"https:\\\/\\\/www.accuratereviews.com\\\/it\\\/#website\"},\"primaryImageOfPage\":{\"@id\":\"https:\\\/\\\/www.accuratereviews.com\\\/it\\\/rms-motel-recensione\\\/#primaryimage\"},\"image\":{\"@id\":\"https:\\\/\\\/www.accuratereviews.com\\\/it\\\/rms-motel-recensione\\\/#primaryimage\"},\"thumbnailUrl\":\"https:\\\/\\\/www.accuratereviews.com\\\/wp-content\\\/uploads\\\/2020\\\/02\\\/download.jpg\",\"datePublished\":\"2020-02-03T16:53:50+00:00\",\"description\":\"RMS Motel: recensione del software di gestione alberghiera, basato su cloud, che ti permette di gestire ogni aspetto del tuo motel da qualsiasi dispositivo.\",\"breadcrumb\":{\"@id\":\"https:\\\/\\\/www.accuratereviews.com\\\/it\\\/rms-motel-recensione\\\/#breadcrumb\"},\"inLanguage\":\"it-IT\",\"potentialAction\":[{\"@type\":\"ReadAction\",\"target\":[\"https:\\\/\\\/www.accuratereviews.com\\\/it\\\/rms-motel-recensione\\\/\"]}]},{\"@type\":\"ImageObject\",\"inLanguage\":\"it-IT\",\"@id\":\"https:\\\/\\\/www.accuratereviews.com\\\/it\\\/rms-motel-recensione\\\/#primaryimage\",\"url\":\"https:\\\/\\\/www.accuratereviews.com\\\/wp-content\\\/uploads\\\/2020\\\/02\\\/download.jpg\",\"contentUrl\":\"https:\\\/\\\/www.accuratereviews.com\\\/wp-content\\\/uploads\\\/2020\\\/02\\\/download.jpg\",\"width\":225,\"height\":225},{\"@type\":\"BreadcrumbList\",\"@id\":\"https:\\\/\\\/www.accuratereviews.com\\\/it\\\/rms-motel-recensione\\\/#breadcrumb\",\"itemListElement\":[{\"@type\":\"ListItem\",\"position\":1,\"name\":\"Home\",\"item\":\"https:\\\/\\\/www.accuratereviews.com\\\/it\\\/\"},{\"@type\":\"ListItem\",\"position\":2,\"name\":\"RMS Motel\"}]},{\"@type\":\"WebSite\",\"@id\":\"https:\\\/\\\/www.accuratereviews.com\\\/it\\\/#website\",\"url\":\"https:\\\/\\\/www.accuratereviews.com\\\/it\\\/\",\"name\":\"Accurate Reviews\",\"description\":\"\",\"potentialAction\":[{\"@type\":\"SearchAction\",\"target\":{\"@type\":\"EntryPoint\",\"urlTemplate\":\"https:\\\/\\\/www.accuratereviews.com\\\/it\\\/?s={search_term_string}\"},\"query-input\":{\"@type\":\"PropertyValueSpecification\",\"valueRequired\":true,\"valueName\":\"search_term_string\"}}],\"inLanguage\":\"it-IT\"}]}<\/script>\n<!-- \/ Yoast SEO plugin. -->","yoast_head_json":{"title":"RMS Motel: recensione software gestione alberghiera - Accurate Reviews","description":"RMS Motel: recensione del software di gestione alberghiera, basato su cloud, che ti permette di gestire ogni aspetto del tuo motel da qualsiasi dispositivo.","robots":{"index":"index","follow":"follow","max-snippet":"max-snippet:-1","max-image-preview":"max-image-preview:large","max-video-preview":"max-video-preview:-1"},"canonical":"https:\/\/www.accuratereviews.com\/it\/rms-motel-recensione\/","og_locale":"it_IT","og_type":"article","og_title":"RMS Motel: recensione software gestione alberghiera - Accurate Reviews","og_description":"RMS Motel: recensione del software di gestione alberghiera, basato su cloud, che ti permette di gestire ogni aspetto del tuo motel da qualsiasi dispositivo.","og_url":"https:\/\/www.accuratereviews.com\/it\/rms-motel-recensione\/","og_site_name":"Accurate Reviews","og_image":[{"width":225,"height":225,"url":"https:\/\/www.accuratereviews.com\/wp-content\/uploads\/2020\/02\/download.jpg","type":"image\/jpeg"}],"twitter_card":"summary_large_image","twitter_misc":{"Tempo di lettura stimato":"3 minuti"},"schema":{"@context":"https:\/\/schema.org","@graph":[{"@type":"WebPage","@id":"https:\/\/www.accuratereviews.com\/it\/rms-motel-recensione\/","url":"https:\/\/www.accuratereviews.com\/it\/rms-motel-recensione\/","name":"RMS Motel: recensione software gestione alberghiera - Accurate Reviews","isPartOf":{"@id":"https:\/\/www.accuratereviews.com\/it\/#website"},"primaryImageOfPage":{"@id":"https:\/\/www.accuratereviews.com\/it\/rms-motel-recensione\/#primaryimage"},"image":{"@id":"https:\/\/www.accuratereviews.com\/it\/rms-motel-recensione\/#primaryimage"},"thumbnailUrl":"https:\/\/www.accuratereviews.com\/wp-content\/uploads\/2020\/02\/download.jpg","datePublished":"2020-02-03T16:53:50+00:00","description":"RMS Motel: recensione del software di gestione alberghiera, basato su cloud, che ti permette di gestire ogni aspetto del tuo motel da qualsiasi dispositivo.","breadcrumb":{"@id":"https:\/\/www.accuratereviews.com\/it\/rms-motel-recensione\/#breadcrumb"},"inLanguage":"it-IT","potentialAction":[{"@type":"ReadAction","target":["https:\/\/www.accuratereviews.com\/it\/rms-motel-recensione\/"]}]},{"@type":"ImageObject","inLanguage":"it-IT","@id":"https:\/\/www.accuratereviews.com\/it\/rms-motel-recensione\/#primaryimage","url":"https:\/\/www.accuratereviews.com\/wp-content\/uploads\/2020\/02\/download.jpg","contentUrl":"https:\/\/www.accuratereviews.com\/wp-content\/uploads\/2020\/02\/download.jpg","width":225,"height":225},{"@type":"BreadcrumbList","@id":"https:\/\/www.accuratereviews.com\/it\/rms-motel-recensione\/#breadcrumb","itemListElement":[{"@type":"ListItem","position":1,"name":"Home","item":"https:\/\/www.accuratereviews.com\/it\/"},{"@type":"ListItem","position":2,"name":"RMS Motel"}]},{"@type":"WebSite","@id":"https:\/\/www.accuratereviews.com\/it\/#website","url":"https:\/\/www.accuratereviews.com\/it\/","name":"Accurate Reviews","description":"","potentialAction":[{"@type":"SearchAction","target":{"@type":"EntryPoint","urlTemplate":"https:\/\/www.accuratereviews.com\/it\/?s={search_term_string}"},"query-input":{"@type":"PropertyValueSpecification","valueRequired":true,"valueName":"search_term_string"}}],"inLanguage":"it-IT"}]}},"_links":{"self":[{"href":"https:\/\/www.accuratereviews.com\/it\/wp-json\/wp\/v2\/pages\/22767","targetHints":{"allow":["GET"]}}],"collection":[{"href":"https:\/\/www.accuratereviews.com\/it\/wp-json\/wp\/v2\/pages"}],"about":[{"href":"https:\/\/www.accuratereviews.com\/it\/wp-json\/wp\/v2\/types\/page"}],"author":[{"embeddable":true,"href":"https:\/\/www.accuratereviews.com\/it\/wp-json\/wp\/v2\/users\/17"}],"replies":[{"embeddable":true,"href":"https:\/\/www.accuratereviews.com\/it\/wp-json\/wp\/v2\/comments?post=22767"}],"version-history":[{"count":5,"href":"https:\/\/www.accuratereviews.com\/it\/wp-json\/wp\/v2\/pages\/22767\/revisions"}],"predecessor-version":[{"id":22776,"href":"https:\/\/www.accuratereviews.com\/it\/wp-json\/wp\/v2\/pages\/22767\/revisions\/22776"}],"wp:featuredmedia":[{"embeddable":true,"href":"https:\/\/www.accuratereviews.com\/it\/wp-json\/wp\/v2\/media\/22770"}],"wp:attachment":[{"href":"https:\/\/www.accuratereviews.com\/it\/wp-json\/wp\/v2\/media?parent=22767"}],"wp:term":[{"taxonomy":"category","embeddable":true,"href":"https:\/\/www.accuratereviews.com\/it\/wp-json\/wp\/v2\/categories?post=22767"},{"taxonomy":"post_tag","embeddable":true,"href":"https:\/\/www.accuratereviews.com\/it\/wp-json\/wp\/v2\/tags?post=22767"},{"taxonomy":"features","embeddable":true,"href":"https:\/\/www.accuratereviews.com\/it\/wp-json\/wp\/v2\/features?post=22767"}],"curies":[{"name":"wp","href":"https:\/\/api.w.org\/{rel}","templated":true}]}}