{"id":22778,"date":"2020-02-04T16:25:32","date_gmt":"2020-02-04T16:25:32","guid":{"rendered":"https:\/\/www.accuratereviews.com\/?page_id=22778"},"modified":"2020-04-27T10:05:55","modified_gmt":"2020-04-27T10:05:55","slug":"cloudbeds-recensione","status":"publish","type":"page","link":"https:\/\/www.accuratereviews.com\/it\/cloudbeds-recensione\/","title":{"rendered":"Cloudbeds"},"content":{"rendered":"<p>Con <strong>Cloudbeds<\/strong>, gli utenti hanno accesso ai principali canali di viaggio e ai marchi tecnologici che consentono ai gestori alberghieri di ottimizzare i flussi di lavoro, ridurre i costi operativi e risparmiare tempo prezioso, consentendo loro di migliorare la qualit\u00e0 del servizio, ottenere pi\u00f9 prenotazioni e aumentare le entrate.\u00a0La piattaforma semplifica efficacemente attivit\u00e0 come ad esempio la gestione delle prenotazioni, l&#8217;assegnazione delle camere e la contabilit\u00e0. Si integra perfettamente con oltre 500 applicazioni di terze parti come strumenti di contabilit\u00e0, CRM ed email marketing. La soluzione ha la capacit\u00e0 di gestire la reception e il back office degli hotel, portando le loro attivit\u00e0 al livello successivo. La dashboard di <strong>Cloudbeds<\/strong> \u00e8 intuitiva, progettata per ridurre il tempo necessario per completare le attivit\u00e0 quotidiane. Le prenotazioni sono facili da organizzare, con il <strong>calendario drag-and-drop<\/strong> della piattaforma. Con questa funzione, puoi avere una nuova visione delle tue prenotazioni, che pu\u00f2 massimizzare l&#8217;occupazione e, successivamente, le entrate.<\/p>\n<h2>CLOUDBEDS &#8211; TUTORIAL<\/h2>\n<p>Guardando questo video imperiamo a creare una dashboard per il personale della reception con questo <strong>software gestionale per hotel:<\/strong><\/p>\n<div id=\"fluid-wrapper-counter-1\" class=\"g1-fluid-wrapper \" style=\"width:686px;\">\n<div style=\"padding-bottom:56.268221574344%;\"><iframe loading=\"lazy\" title=\"\ud83d\udd35 Cloudbeds training videos, part 1 (The Dashboard) - for front desk staff\" width=\"686\" height=\"386\" src=\"https:\/\/www.youtube.com\/embed\/GojZkzhyIRM?feature=oembed&amp;wmode=transparent&amp;autohide=1&amp;autoplay=0&amp;disablekb=0&amp;fs=1&amp;loop=0&amp;enablejsapi=1&amp;rel=0&amp;controls=2&amp;showinfo=0&amp;wmode=transparent&amp;autohide=2&amp;autoplay=0&amp;disablekb=0&amp;fs=1&amp;loop=0&amp;enablejsapi=1&amp;rel=0&amp;controls=2&amp;showinfo=1\" frameborder=\"0\" allow=\"accelerometer; autoplay; encrypted-media; gyroscope; picture-in-picture\" allowfullscreen><\/iframe><\/div>\n<\/div>\n<h3>CLOUDBEDS &#8211; CARATTERISTICHE<\/h3>\n<ul>\n<li><strong>Pannello di controllo<\/strong>: Vedi esattamente cosa sta succedendo e cosa deve essere fatto nella tua propriet\u00e0 oggi, domani e per il resto della settimana<\/li>\n<li><strong>Calendario<\/strong>: goditi un calendario visivo con trascinamento della selezione di tutte le camere e le prenotazioni. Gestisci la tua propriet\u00e0 direttamente dal calendario<\/li>\n<li><strong>Assegnazioni camera \/ letto:<\/strong> destinare\u00a0le prenotazioni al volo per massimizzare l&#8217;occupazione<\/li>\n<li><strong>Tasse, commissioni e politiche personalizzate<\/strong>: imposta tasse, commissioni e polizze esattamente come ti servono, per stanza, per articolo o in qualsiasi combinazione adatta alla tua attivit\u00e0<\/li>\n<li><strong>Fonti di prenotazione:<\/strong> tieni traccia della provenienza delle tue prenotazioni, da OTA come Booking.com e Expedia, dal tuo motore di prenotazione online o dai clienti walk-in<\/li>\n<li><strong>Suite di report completi<\/strong>: genera, stampa, scarica e condividi rapporti di produzione, giornalieri e finanziari, e altro ancora<\/li>\n<li><strong>Campi personalizzati<\/strong>: crea campi personalizzati che compaiono all&#8217;interno di PMS, motore di prenotazione o scheda di registrazione. Questi possono includere numeri di passaporto, date di nascita e cos\u00ec via<\/li>\n<li><strong>Back-end finanziario<\/strong>: ti consente di vedere le entrate fiscali e le transazioni da ogni prenotazione e organizzarle per fonte<\/li>\n<li><strong>Conti interni:\u00a0<\/strong>registrare transazioni su conti che non hanno una prenotazione. Gli esempi includono gruppi e account amministrativi<\/li>\n<li><strong>Registratore di cassa<\/strong>: tieni traccia dei contanti che entrano e escono in ogni turno.<\/li>\n<li><strong>API Cloudbeds<\/strong>: con l&#8217;API sicura e flessibile, puoi connettere myfrontdesk a sistemi e strumenti di reporting di terze parti<\/li>\n<li><strong>Faccende domestiche<\/strong>: guarda lo stato di ogni stanza \u2014 pulita o sporca, vuota o occupata \u2014 e assegna le donne delle pulizie alle stanze se necessario<\/li>\n<li><strong>Registri attivit\u00e0:<\/strong> scopri chi ha modificato, cancellato, creato, spostato o modificato una prenotazione<\/li>\n<li><strong>Riconoscimento ospite precedente<\/strong>: estrarre rapidamente i dati degli ospiti precedenti per creare rapidamente una nuova prenotazione<\/li>\n<li><strong>Schede di registrazione<\/strong>: prepara automaticamente una scheda di registrazione per un check-in facile e veloce<\/li>\n<li><strong>Stato ospite<\/strong>: controlla lo stato degli ospiti imminenti, attuali e precedenti. Scopri quando effettueranno il check-out, quali sono i costi della loro camera, eventuali richieste speciali che hanno fatto e altro ancora<\/li>\n<li><strong>Motore di Facebook<\/strong>: installa mybookings sulla tua pagina Facebook per ricevere prenotazioni dirette e senza commissioni sul social network pi\u00f9 famoso del mondo<\/li>\n<li><strong>Blocco di disponibilit\u00e0:<\/strong> blocca le date sul tuo calendario per rendere le camere non disponibili sul tuo motore di prenotazione per l&#8217;intervallo di tempo desiderato<\/li>\n<li><strong>Codici promozionali:<\/strong> crea promozioni con codici promozionali univoci e accetta codici sul tuo motore di prenotazione<\/li>\n<li><strong>Modelli email personalizzati<\/strong>: crea bellissime email personalizzate che il tuo motore di prenotazione genera e invia per ogni prenotazione<\/li>\n<li><strong>Convertitore di valuta<\/strong>: crea un tasso, quindi convertilo nella valuta desiderata per i visitatori che lo utilizzano<\/li>\n<li><strong>Marchio personalizzato<\/strong>: rendi il tuo motore di prenotazione adatto al marchio del tuo sito web. Goditi il \u200b\u200bpieno supporto per loghi, colori, caratteri e CSS personalizzati<\/li>\n<li><strong>Monitoraggio di Google Analytics:<\/strong> integra il tuo motore di prenotazione con Google Analytics per tracciare e generare report su ogni transazione<\/li>\n<\/ul>\n<h4>LE RECENSIONI DEGLI UTENTI<\/h4>\n<h4>Laura S. &#8220;Ottime funzionalit\u00e0 e prezzi, ma necessita di un supporto migliore.&#8221;<\/h4>\n<p><strong>Commenti<\/strong>: Alcuni aspetti sono davvero belli. La gestione delle prenotazioni dei canali \u00e8 diventata molto pi\u00f9 semplice e la gestione delle prenotazioni dal nostro sito Web \u00e8 diventata facile. Cloudbeds sta lavorando per migliorare i tempi di risposta per le richieste di supporto. Se la tua azienda \u00e8 gi\u00e0 a conoscenza di un sistema di prenotazione e gestione della propriet\u00e0 basato su cloud, vale la pena prendere in considerazione Cloudbeds. Se stai effettuando la modifica da un vecchio sistema di prenotazione basato su server, trova un partner software che fornisca una formazione completa e fornisca supporto dal vivo accessibile telefonicamente. Vale la pena pagare i soldi extra.<\/p>\n<p><strong>Vantaggi<\/strong>: Ai nostri clienti piace il motore di prenotazione e ci piace l&#8217;integrazione con siti come Booking.com e Expedia. Ci piace anche la variet\u00e0 di rapporti finanziari.<\/p>\n<p><strong>Inconvenienti<\/strong>: non ci piace molto la disposizione per il supporto tecnico. Non esiste alcuna opzione per un supporto immediato e in tempo reale. Non possiamo ottenere immediatamente una persona dal vivo per qualsiasi problema di supporto. Dobbiamo sempre inviare una richiesta via email. Possiamo richiedere una richiamata urgente e talvolta succede entro poche ore, altre volte dopo alcune ore. Spesso dobbiamo andare avanti e indietro con pi\u00f9 email solo per far capire al responsabile del supporto o al &#8220;coach&#8221; di cosa stiamo parlando. Siamo preoccupati per questo accordo, ma abbiamo colto l&#8217;occasione.<\/p>\n<h4>Jessica L. &#8220;Ottima soluzione tutto in uno &#8211; PMS + Channel Manager + Booking Engine&#8221;<\/h4>\n<p><strong>Commenti<\/strong>: Nel complesso siamo molto contenti di Cloudbeds. \u00c8 un software di cui ti puoi fidare. All&#8217;inizio eravamo preoccupati perch\u00e9 eravamo abituati a lavorare con i server locali, ma siamo molto contenti della decisione che abbiamo preso per passare a un sistema basato su cloud.<\/p>\n<p><strong>Vantaggi<\/strong>: Uno dei pi\u00f9 grandi Pro \u00e8 che non dobbiamo pi\u00f9 utilizzare alcun software di terze parti. Funziona perfettamente insieme e siamo felici di non dover passare da una soluzione all&#8217;altra per il nostro flusso di lavoro quotidiano.<br \/>\nCi d\u00e0 il pieno controllo del business e una grande panoramica delle nostre operazioni quotidiane. Da quando abbiamo iniziato con Cloudbeds abbiamo aumentato le nostre prenotazioni dirette e le nostre entrate. Ottimo software che raccomandiamo totalmente agli altri.<\/p>\n<p><strong>Inconvenienti<\/strong>: non disponibile in lingua tedesca.\u00a0Ci piacerebbe lavorare con un&#8217;app mobile.\u00a0Nessuna integrazione contabile: dobbiamo esportare tutti i dati e caricarli nel nostro software di contabilit\u00e0.<\/p>\n<h4>Magaly G. &#8220;Software di gestione delle propriet\u00e0 tutto in uno facile da usare&#8221;<\/h4>\n<p><strong>Commenti<\/strong>: Siamo molto soddisfatti del software: ci fornisce esattamente ci\u00f2 di cui abbiamo bisogno e i risultati sono eccellenti.<br \/>\nOttimo supporto e molto utile quando si tratta di problemi.<\/p>\n<p><strong>Vantaggi<\/strong>: eccellente gestione dei canali: poich\u00e9 stiamo lavorando con Cloudbeds non abbiamo mai avuto un overbooking. \u00c8 veloce e affidabile. Calendario facile da usare: puoi spostare le prenotazioni con un clic. L&#8217;elaborazione dei pagamenti \u00e8 automatizzata e collegata a Stripe. Abbiamo anche automatizzato le e-mail di benvenuto e di addio con i cloudbeds, migliorando la nostra esperienza con gli ospiti.<\/p>\n<p><strong>Inconvenienti<\/strong>: la fatturazione potrebbe essere pi\u00f9 personalizzabile: attualmente utilizziamo un altro software per la contabilit\u00e0 e la fatturazione. Un&#8217;app mobile sarebbe di grande aiuto per averla sul nostro telefono: \u00e8 sensibile ai dispositivi mobili ma non \u00e8 molto user-friendly.<\/p>\n","protected":false},"excerpt":{"rendered":"<p>Con Cloudbeds, gli utenti hanno accesso ai principali canali di viaggio e ai marchi tecnologici che consentono ai gestori alberghieri di ottimizzare i flussi di lavoro, ridurre i costi operativi e risparmiare tempo prezioso, consentendo loro di migliorare la qualit\u00e0 del servizio, ottenere pi\u00f9 prenotazioni e aumentare le entrate.<\/p>\n","protected":false},"author":19,"featured_media":22781,"parent":0,"menu_order":0,"comment_status":"open","ping_status":"closed","template":"g1_template_page_review_new.php","meta":{"_acf_changed":false,"cwp_meta_box_check":"Yes","cwp_rev_product_name":"","cwp_rev_product_image":"","wppr_links":[],"cwp_rev_price":"","wppr_options":[],"wppr_pros":[],"wppr_cons":[],"_monsterinsights_skip_tracking":false,"_monsterinsights_sitenote_active":false,"_monsterinsights_sitenote_note":"","_monsterinsights_sitenote_category":0,"footnotes":""},"categories":[1720],"tags":[1724,1721,1742,1727,1728,1725,1726,1730,1729],"features":[],"class_list":{"0":"post-22778","1":"page","2":"type-page","3":"status-publish","4":"has-post-thumbnail","6":"category-gestionali-hotel-categoria","7":"tag-cloudbeds","8":"tag-gestionale-hotel","9":"tag-hotel-management-software","10":"tag-programma-per-albeghi","11":"tag-programma-per-hotel","12":"tag-software-per-alberghi","13":"tag-software-per-hotel","14":"tag-soluzione-gestionale-albergo","15":"tag-soluzione-gestionale-hotel"},"wppr_data":{"cwp_meta_box_check":"Yes","cwp_rev_product_name":"","cwp_rev_product_image":"","cwp_image_link":"image","cwp_rev_price":"","wppr_rating":"0.00"},"acf":[],"yoast_head":"<!-- This site is optimized with the Yoast SEO plugin v27.4 - https:\/\/yoast.com\/product\/yoast-seo-wordpress\/ -->\n<title>Cloudbeds: recensione software gestionale hotel - Accurate Reviews<\/title>\n<meta name=\"description\" content=\"Cloudbeds: recensione software gestionale hotel adatto ai gestori alberghieri per ottimizzare i flussi di lavoro e risparmiare tempo prezioso.\" \/>\n<meta name=\"robots\" content=\"index, follow, max-snippet:-1, max-image-preview:large, max-video-preview:-1\" \/>\n<link rel=\"canonical\" href=\"https:\/\/www.accuratereviews.com\/it\/cloudbeds-recensione\/\" \/>\n<meta property=\"og:locale\" content=\"it_IT\" \/>\n<meta property=\"og:type\" content=\"article\" \/>\n<meta property=\"og:title\" content=\"Cloudbeds: recensione software gestionale hotel - Accurate Reviews\" \/>\n<meta property=\"og:description\" content=\"Cloudbeds: recensione software gestionale hotel adatto ai gestori alberghieri per ottimizzare i flussi di lavoro e risparmiare tempo prezioso.\" \/>\n<meta property=\"og:url\" content=\"https:\/\/www.accuratereviews.com\/it\/cloudbeds-recensione\/\" \/>\n<meta property=\"og:site_name\" content=\"Accurate Reviews\" \/>\n<meta property=\"article:modified_time\" content=\"2020-04-27T10:05:55+00:00\" \/>\n<meta property=\"og:image\" content=\"https:\/\/www.accuratereviews.com\/wp-content\/uploads\/2020\/02\/cloudbeds.jpg\" \/>\n\t<meta property=\"og:image:width\" content=\"800\" \/>\n\t<meta property=\"og:image:height\" content=\"474\" \/>\n\t<meta property=\"og:image:type\" content=\"image\/jpeg\" \/>\n<meta name=\"twitter:card\" content=\"summary_large_image\" \/>\n<meta name=\"twitter:label1\" content=\"Tempo di lettura stimato\" \/>\n\t<meta name=\"twitter:data1\" content=\"6 minuti\" \/>\n<script type=\"application\/ld+json\" class=\"yoast-schema-graph\">{\"@context\":\"https:\\\/\\\/schema.org\",\"@graph\":[{\"@type\":\"WebPage\",\"@id\":\"https:\\\/\\\/www.accuratereviews.com\\\/it\\\/cloudbeds-recensione\\\/\",\"url\":\"https:\\\/\\\/www.accuratereviews.com\\\/it\\\/cloudbeds-recensione\\\/\",\"name\":\"Cloudbeds: recensione software gestionale hotel - Accurate Reviews\",\"isPartOf\":{\"@id\":\"https:\\\/\\\/www.accuratereviews.com\\\/it\\\/#website\"},\"primaryImageOfPage\":{\"@id\":\"https:\\\/\\\/www.accuratereviews.com\\\/it\\\/cloudbeds-recensione\\\/#primaryimage\"},\"image\":{\"@id\":\"https:\\\/\\\/www.accuratereviews.com\\\/it\\\/cloudbeds-recensione\\\/#primaryimage\"},\"thumbnailUrl\":\"https:\\\/\\\/www.accuratereviews.com\\\/wp-content\\\/uploads\\\/2020\\\/02\\\/cloudbeds.jpg\",\"datePublished\":\"2020-02-04T16:25:32+00:00\",\"dateModified\":\"2020-04-27T10:05:55+00:00\",\"description\":\"Cloudbeds: recensione software gestionale hotel adatto ai gestori alberghieri per ottimizzare i flussi di lavoro e risparmiare tempo prezioso.\",\"breadcrumb\":{\"@id\":\"https:\\\/\\\/www.accuratereviews.com\\\/it\\\/cloudbeds-recensione\\\/#breadcrumb\"},\"inLanguage\":\"it-IT\",\"potentialAction\":[{\"@type\":\"ReadAction\",\"target\":[\"https:\\\/\\\/www.accuratereviews.com\\\/it\\\/cloudbeds-recensione\\\/\"]}]},{\"@type\":\"ImageObject\",\"inLanguage\":\"it-IT\",\"@id\":\"https:\\\/\\\/www.accuratereviews.com\\\/it\\\/cloudbeds-recensione\\\/#primaryimage\",\"url\":\"https:\\\/\\\/www.accuratereviews.com\\\/wp-content\\\/uploads\\\/2020\\\/02\\\/cloudbeds.jpg\",\"contentUrl\":\"https:\\\/\\\/www.accuratereviews.com\\\/wp-content\\\/uploads\\\/2020\\\/02\\\/cloudbeds.jpg\",\"width\":800,\"height\":474},{\"@type\":\"BreadcrumbList\",\"@id\":\"https:\\\/\\\/www.accuratereviews.com\\\/it\\\/cloudbeds-recensione\\\/#breadcrumb\",\"itemListElement\":[{\"@type\":\"ListItem\",\"position\":1,\"name\":\"Home\",\"item\":\"https:\\\/\\\/www.accuratereviews.com\\\/it\\\/\"},{\"@type\":\"ListItem\",\"position\":2,\"name\":\"Cloudbeds\"}]},{\"@type\":\"WebSite\",\"@id\":\"https:\\\/\\\/www.accuratereviews.com\\\/it\\\/#website\",\"url\":\"https:\\\/\\\/www.accuratereviews.com\\\/it\\\/\",\"name\":\"Accurate Reviews\",\"description\":\"\",\"potentialAction\":[{\"@type\":\"SearchAction\",\"target\":{\"@type\":\"EntryPoint\",\"urlTemplate\":\"https:\\\/\\\/www.accuratereviews.com\\\/it\\\/?s={search_term_string}\"},\"query-input\":{\"@type\":\"PropertyValueSpecification\",\"valueRequired\":true,\"valueName\":\"search_term_string\"}}],\"inLanguage\":\"it-IT\"}]}<\/script>\n<!-- \/ Yoast SEO plugin. -->","yoast_head_json":{"title":"Cloudbeds: recensione software gestionale hotel - Accurate Reviews","description":"Cloudbeds: recensione software gestionale hotel adatto ai gestori alberghieri per ottimizzare i flussi di lavoro e risparmiare tempo prezioso.","robots":{"index":"index","follow":"follow","max-snippet":"max-snippet:-1","max-image-preview":"max-image-preview:large","max-video-preview":"max-video-preview:-1"},"canonical":"https:\/\/www.accuratereviews.com\/it\/cloudbeds-recensione\/","og_locale":"it_IT","og_type":"article","og_title":"Cloudbeds: recensione software gestionale hotel - Accurate Reviews","og_description":"Cloudbeds: recensione software gestionale hotel adatto ai gestori alberghieri per ottimizzare i flussi di lavoro e risparmiare tempo prezioso.","og_url":"https:\/\/www.accuratereviews.com\/it\/cloudbeds-recensione\/","og_site_name":"Accurate Reviews","article_modified_time":"2020-04-27T10:05:55+00:00","og_image":[{"width":800,"height":474,"url":"https:\/\/www.accuratereviews.com\/wp-content\/uploads\/2020\/02\/cloudbeds.jpg","type":"image\/jpeg"}],"twitter_card":"summary_large_image","twitter_misc":{"Tempo di lettura stimato":"6 minuti"},"schema":{"@context":"https:\/\/schema.org","@graph":[{"@type":"WebPage","@id":"https:\/\/www.accuratereviews.com\/it\/cloudbeds-recensione\/","url":"https:\/\/www.accuratereviews.com\/it\/cloudbeds-recensione\/","name":"Cloudbeds: recensione software gestionale hotel - Accurate Reviews","isPartOf":{"@id":"https:\/\/www.accuratereviews.com\/it\/#website"},"primaryImageOfPage":{"@id":"https:\/\/www.accuratereviews.com\/it\/cloudbeds-recensione\/#primaryimage"},"image":{"@id":"https:\/\/www.accuratereviews.com\/it\/cloudbeds-recensione\/#primaryimage"},"thumbnailUrl":"https:\/\/www.accuratereviews.com\/wp-content\/uploads\/2020\/02\/cloudbeds.jpg","datePublished":"2020-02-04T16:25:32+00:00","dateModified":"2020-04-27T10:05:55+00:00","description":"Cloudbeds: recensione software gestionale hotel adatto ai gestori alberghieri per ottimizzare i flussi di lavoro e risparmiare tempo prezioso.","breadcrumb":{"@id":"https:\/\/www.accuratereviews.com\/it\/cloudbeds-recensione\/#breadcrumb"},"inLanguage":"it-IT","potentialAction":[{"@type":"ReadAction","target":["https:\/\/www.accuratereviews.com\/it\/cloudbeds-recensione\/"]}]},{"@type":"ImageObject","inLanguage":"it-IT","@id":"https:\/\/www.accuratereviews.com\/it\/cloudbeds-recensione\/#primaryimage","url":"https:\/\/www.accuratereviews.com\/wp-content\/uploads\/2020\/02\/cloudbeds.jpg","contentUrl":"https:\/\/www.accuratereviews.com\/wp-content\/uploads\/2020\/02\/cloudbeds.jpg","width":800,"height":474},{"@type":"BreadcrumbList","@id":"https:\/\/www.accuratereviews.com\/it\/cloudbeds-recensione\/#breadcrumb","itemListElement":[{"@type":"ListItem","position":1,"name":"Home","item":"https:\/\/www.accuratereviews.com\/it\/"},{"@type":"ListItem","position":2,"name":"Cloudbeds"}]},{"@type":"WebSite","@id":"https:\/\/www.accuratereviews.com\/it\/#website","url":"https:\/\/www.accuratereviews.com\/it\/","name":"Accurate Reviews","description":"","potentialAction":[{"@type":"SearchAction","target":{"@type":"EntryPoint","urlTemplate":"https:\/\/www.accuratereviews.com\/it\/?s={search_term_string}"},"query-input":{"@type":"PropertyValueSpecification","valueRequired":true,"valueName":"search_term_string"}}],"inLanguage":"it-IT"}]}},"_links":{"self":[{"href":"https:\/\/www.accuratereviews.com\/it\/wp-json\/wp\/v2\/pages\/22778","targetHints":{"allow":["GET"]}}],"collection":[{"href":"https:\/\/www.accuratereviews.com\/it\/wp-json\/wp\/v2\/pages"}],"about":[{"href":"https:\/\/www.accuratereviews.com\/it\/wp-json\/wp\/v2\/types\/page"}],"author":[{"embeddable":true,"href":"https:\/\/www.accuratereviews.com\/it\/wp-json\/wp\/v2\/users\/19"}],"replies":[{"embeddable":true,"href":"https:\/\/www.accuratereviews.com\/it\/wp-json\/wp\/v2\/comments?post=22778"}],"version-history":[{"count":6,"href":"https:\/\/www.accuratereviews.com\/it\/wp-json\/wp\/v2\/pages\/22778\/revisions"}],"predecessor-version":[{"id":25819,"href":"https:\/\/www.accuratereviews.com\/it\/wp-json\/wp\/v2\/pages\/22778\/revisions\/25819"}],"wp:featuredmedia":[{"embeddable":true,"href":"https:\/\/www.accuratereviews.com\/it\/wp-json\/wp\/v2\/media\/22781"}],"wp:attachment":[{"href":"https:\/\/www.accuratereviews.com\/it\/wp-json\/wp\/v2\/media?parent=22778"}],"wp:term":[{"taxonomy":"category","embeddable":true,"href":"https:\/\/www.accuratereviews.com\/it\/wp-json\/wp\/v2\/categories?post=22778"},{"taxonomy":"post_tag","embeddable":true,"href":"https:\/\/www.accuratereviews.com\/it\/wp-json\/wp\/v2\/tags?post=22778"},{"taxonomy":"features","embeddable":true,"href":"https:\/\/www.accuratereviews.com\/it\/wp-json\/wp\/v2\/features?post=22778"}],"curies":[{"name":"wp","href":"https:\/\/api.w.org\/{rel}","templated":true}]}}