{"id":22786,"date":"2020-02-04T16:24:45","date_gmt":"2020-02-04T16:24:45","guid":{"rendered":"https:\/\/www.accuratereviews.com\/?page_id=22786"},"modified":"2020-04-27T16:05:21","modified_gmt":"2020-04-27T16:05:21","slug":"siteminder-recensione","status":"publish","type":"page","link":"https:\/\/www.accuratereviews.com\/it\/siteminder-recensione\/","title":{"rendered":"SiteMinder"},"content":{"rendered":"<p><strong>SiteMinder<\/strong> \u00e8 una piattaforma di<strong> acquisizione ospiti online<\/strong> completa per hotel indipendenti, catene alberghiere ecc. La tecnologia basata su <strong>cloud<\/strong> aiuta gli hotel ad aumentare la loro portata e riempire le loro stanze tramite canali diretti (sito web di propriet\u00e0 e pagine di social media) e canali di terze parti (noti come agenzie di viaggio online o OTA). La piattaforma \u00e8 composta da cinque soluzioni che aiutano gli hotel a trovare e acquisire clienti online: un gestore di canali, un motore di prenotazione online, un creatore siti web, uno strumento di intelligence dei prezzi e un sistema di distribuzione globale. Gli utenti possono scegliere di utilizzare tutte o una di queste soluzioni, a seconda delle loro esigenze e obiettivi. <strong>SiteMinder<\/strong> offre anche servizi di integrazione con il sistema di gestione della propriet\u00e0 (PMS) o il sistema di prenotazione centrale (CRS) per facilitare la comunicazione bidirezionale tra le piattaforme.<\/p>\n<h2>SITEMINDER &#8211; TUTORIAL<\/h2>\n<p>Guardiamo un tutorial in cui spiega come prendere decisioni migliori sui prezzi delle camere in base a dati di mercato reali usando questo <strong>software gestionale per hotel<\/strong>:<\/p>\n<div id=\"fluid-wrapper-counter-1\" class=\"g1-fluid-wrapper \" style=\"width:686px;\">\n<div style=\"padding-bottom:56.268221574344%;\"><iframe loading=\"lazy\" title=\"Hotel Pricing Intelligence: Prophet by SiteMinder Demo Video\" width=\"686\" height=\"386\" src=\"https:\/\/www.youtube.com\/embed\/jvuadXcz55M?feature=oembed&amp;wmode=transparent&amp;autohide=1&amp;autoplay=0&amp;disablekb=0&amp;fs=1&amp;loop=0&amp;enablejsapi=1&amp;rel=0&amp;controls=2&amp;showinfo=0&amp;wmode=transparent&amp;autohide=2&amp;autoplay=0&amp;disablekb=0&amp;fs=1&amp;loop=0&amp;enablejsapi=1&amp;rel=0&amp;controls=2&amp;showinfo=1\" frameborder=\"0\" allow=\"accelerometer; autoplay; encrypted-media; gyroscope; picture-in-picture\" allowfullscreen><\/iframe><\/div>\n<\/div>\n<h2>SITEMINDER &#8211; CARATTERISTICHE<\/h2>\n<div class=\"grid-item \">\n<div class=\"card is-flat is-paddingless is-borderless\">\n<div class=\"card-content \">\n<div class=\"card-body \">\n<ul>\n<li class=\"lead\">Aumenta la visibilit\u00e0 del tuo hotel sui siti di prenotazione pi\u00f9 popolari al mondo e raggiungi i viaggiatori ovunque si trovino<\/li>\n<li class=\"lead\">Attira le prenotazioni dirette tramite il sito del tuo albergo per appropriarti della relazione con il cliente e non dover pagare nessuna commissione<\/li>\n<li class=\"lead\">Sfrutta un ampio ventaglio di applicazioni di terze parti per migliorare i tuoi ricavi e l\u2019esperienza di prenotazione dei clienti<\/li>\n<li class=\"lead\">Utilizzai dati del mercato per comprendere la domanda locale e proporre prezzi che siano sia competitivi che ottimali per i tuoi margini di profitto<\/li>\n<li class=\"lead\">Dimentica il tedioso inserimento manuale dei dati gestendo il tuo hotel con sistemi che lavorano in perfetta autonomia.<\/li>\n<li class=\"lead\">Monitora tutti i tuoi canali da un unico pannello di controllo<\/li>\n<li class=\"lead\">Crea report dettagliati per comprendere il rendimento e la performance dei tuoi canali e identificare le tendenze di prenotazione<\/li>\n<li class=\"lead\">Esegui report di riepilogo sulle prenotazioni e sul check in dei tuoi clienti<\/li>\n<\/ul>\n<h4>LE RECENSIONI DEGLI UTENTI<\/h4>\n<h4>Javier V. &#8220;Il miglior channel manager l\u00e0 fuori&#8221;<\/h4>\n<p><strong>Commenti<\/strong>: La gestione individuale di pi\u00f9 canali di distribuzione potrebbe essere un compito molto scoraggiante. questo aiuta a semplificare questo processo<\/p>\n<p><strong>Vantaggi<\/strong>: amo la versatilit\u00e0 del Channel Manager. Molto facile impostare nuovi tipi di camere, connettersi a nuovi canali e creare tariffe tra le altre cose. Adoro usare Siteminder<\/p>\n<p><strong>Inconvenienti<\/strong>: La mia caratteristica meno apprezzata di questa piattaforma \u00e8 probabilmente il loro motore di prenotazione. \u00c8 molto arcaico e non molto facile da usare. Vorrei che migliorassero presto questa parte.<\/p>\n<h4>Marlon N. &#8220;Ottimo channel manager e user-friendly&#8221;<\/h4>\n<p><strong>Commenti<\/strong>: La propriet\u00e0 che gestisco online mostra la disponibilit\u00e0 live 24\/7 su molti canali, incluso Airbnb che sta diventando un OTA popolare. Le tariffe delle camere possono essere facilmente regolate per periodi specifici. Nel complesso questo \u00e8 uno dei migliori sistemi di sempre e molto facile da usare, il che \u00e8 molto importante.<\/p>\n<p><strong>Vantaggi<\/strong>: \u00e8 cos\u00ec facile da configurare; dall&#8217;aggiunta di un nuovo canale al processo di mappatura. Le tariffe possono essere facilmente configurate per specifici tipi di camera e canali, a differenza di altri che non sono cos\u00ec flessibili.<\/p>\n<p><strong>Inconvenienti<\/strong>: non ha connettivit\u00e0 HBSi. Alcuni canali come Flight Center, Apple Leisure Group \/ Mark Travel Corporation si collegano tramite HBSi e per questo sto utilizzando Synxis.<\/p>\n<h4>Don B. &#8220;SiteMinder Proper \u00e8 ottimo, GDS &#8230; non cos\u00ec tanto&#8221;<\/h4>\n<p><strong>Commenti<\/strong>: SiteMinder \u00e8 un&#8217;esperienza positiva.<\/p>\n<p><strong>Vantaggi<\/strong>: la tariffa forfettaria semplifica il budget e non \u00e8 necessario analizzare \/ verificare \/ riconciliare ogni mese.<\/p>\n<p><strong>Inconvenienti<\/strong>: il programma SiteMinder funziona bene. Le mie lodi per GDS di SiteMinder sono minori, poich\u00e9 il suo principale difetto di funzionalit\u00e0 per me \u00e8 che le informazioni dell&#8217;agente di viaggio non si caricano nelle mie prenotazioni, creando un incubo per mantenere il personale addestrato e aggiornato su come aggirare questa grave carenza.<\/p>\n<div class=\"card card--horizontal is-flat border--primary\">\n<div class=\"card-content \">\n<div class=\"card-body mt-auto mb-auto pb-0\"><\/div>\n<\/div>\n<\/div>\n<\/div>\n<\/div>\n<\/div>\n<\/div>\n<p>&nbsp;<\/p>\n<p>&nbsp;<\/p>\n","protected":false},"excerpt":{"rendered":"<p>SiteMinder \u00e8 una piattaforma di acquisizione ospiti online completa per hotel indipendenti, catene albarghiere ecc. La tecnologia basata su cloud aiuta gli hotel ad aumentare la loro portata e riempire le loro stanze tramite canali diretti (sito Web di propriet\u00e0 e pagine di social media) e canali di terze parti (noti come agenzie di viaggio online o OTA).\u00a0<\/p>\n","protected":false},"author":19,"featured_media":22787,"parent":0,"menu_order":0,"comment_status":"open","ping_status":"closed","template":"g1_template_page_review_new.php","meta":{"_acf_changed":false,"cwp_meta_box_check":"Yes","cwp_rev_product_name":"","cwp_rev_product_image":"","wppr_links":[],"cwp_rev_price":"","wppr_options":[],"wppr_pros":[],"wppr_cons":[],"_monsterinsights_skip_tracking":false,"_monsterinsights_sitenote_active":false,"_monsterinsights_sitenote_note":"","_monsterinsights_sitenote_category":0,"footnotes":""},"categories":[1720],"tags":[396,1742,1736,1735,1731,1732],"features":[],"class_list":{"0":"post-22786","1":"page","2":"type-page","3":"status-publish","4":"has-post-thumbnail","6":"category-gestionali-hotel-categoria","7":"tag-cloud","8":"tag-hotel-management-software","9":"tag-siteminder","10":"tag-software-gestionale-per-hotel","11":"tag-soluzione-gestione-albergo","12":"tag-soluzione-gestione-hotel"},"wppr_data":{"cwp_meta_box_check":"Yes","cwp_rev_product_name":"","cwp_rev_product_image":"","cwp_image_link":"image","cwp_rev_price":"","wppr_rating":"0.00"},"acf":[],"yoast_head":"<!-- This site is optimized with the Yoast SEO plugin v27.4 - https:\/\/yoast.com\/product\/yoast-seo-wordpress\/ -->\n<title>SiteMinder: recensione software gestionale hotel - Accurate Reviews<\/title>\n<meta name=\"description\" content=\"SiteMinder: recensione piattaforma di acquisizione ospiti online completa per hotel indipendenti, catene albarghiere ecc.\" \/>\n<meta name=\"robots\" content=\"index, follow, max-snippet:-1, max-image-preview:large, max-video-preview:-1\" \/>\n<link rel=\"canonical\" href=\"https:\/\/www.accuratereviews.com\/it\/siteminder-recensione\/\" \/>\n<meta property=\"og:locale\" content=\"it_IT\" \/>\n<meta property=\"og:type\" content=\"article\" \/>\n<meta property=\"og:title\" content=\"SiteMinder: recensione software gestionale hotel - Accurate Reviews\" \/>\n<meta property=\"og:description\" content=\"SiteMinder: recensione piattaforma di acquisizione ospiti online completa per hotel indipendenti, catene albarghiere ecc.\" \/>\n<meta property=\"og:url\" content=\"https:\/\/www.accuratereviews.com\/it\/siteminder-recensione\/\" \/>\n<meta property=\"og:site_name\" content=\"Accurate Reviews\" \/>\n<meta property=\"article:modified_time\" content=\"2020-04-27T16:05:21+00:00\" \/>\n<meta property=\"og:image\" content=\"https:\/\/www.accuratereviews.com\/wp-content\/uploads\/2020\/02\/site.jpg\" \/>\n\t<meta property=\"og:image:width\" content=\"885\" \/>\n\t<meta property=\"og:image:height\" content=\"340\" \/>\n\t<meta property=\"og:image:type\" content=\"image\/jpeg\" \/>\n<meta name=\"twitter:card\" content=\"summary_large_image\" \/>\n<meta name=\"twitter:label1\" content=\"Tempo di lettura stimato\" \/>\n\t<meta name=\"twitter:data1\" content=\"3 minuti\" \/>\n<script type=\"application\/ld+json\" class=\"yoast-schema-graph\">{\"@context\":\"https:\\\/\\\/schema.org\",\"@graph\":[{\"@type\":\"WebPage\",\"@id\":\"https:\\\/\\\/www.accuratereviews.com\\\/it\\\/siteminder-recensione\\\/\",\"url\":\"https:\\\/\\\/www.accuratereviews.com\\\/it\\\/siteminder-recensione\\\/\",\"name\":\"SiteMinder: recensione software gestionale hotel - Accurate Reviews\",\"isPartOf\":{\"@id\":\"https:\\\/\\\/www.accuratereviews.com\\\/it\\\/#website\"},\"primaryImageOfPage\":{\"@id\":\"https:\\\/\\\/www.accuratereviews.com\\\/it\\\/siteminder-recensione\\\/#primaryimage\"},\"image\":{\"@id\":\"https:\\\/\\\/www.accuratereviews.com\\\/it\\\/siteminder-recensione\\\/#primaryimage\"},\"thumbnailUrl\":\"https:\\\/\\\/www.accuratereviews.com\\\/wp-content\\\/uploads\\\/2020\\\/02\\\/site.jpg\",\"datePublished\":\"2020-02-04T16:24:45+00:00\",\"dateModified\":\"2020-04-27T16:05:21+00:00\",\"description\":\"SiteMinder: recensione piattaforma di acquisizione ospiti online completa per hotel indipendenti, catene albarghiere ecc.\",\"breadcrumb\":{\"@id\":\"https:\\\/\\\/www.accuratereviews.com\\\/it\\\/siteminder-recensione\\\/#breadcrumb\"},\"inLanguage\":\"it-IT\",\"potentialAction\":[{\"@type\":\"ReadAction\",\"target\":[\"https:\\\/\\\/www.accuratereviews.com\\\/it\\\/siteminder-recensione\\\/\"]}]},{\"@type\":\"ImageObject\",\"inLanguage\":\"it-IT\",\"@id\":\"https:\\\/\\\/www.accuratereviews.com\\\/it\\\/siteminder-recensione\\\/#primaryimage\",\"url\":\"https:\\\/\\\/www.accuratereviews.com\\\/wp-content\\\/uploads\\\/2020\\\/02\\\/site.jpg\",\"contentUrl\":\"https:\\\/\\\/www.accuratereviews.com\\\/wp-content\\\/uploads\\\/2020\\\/02\\\/site.jpg\",\"width\":885,\"height\":340},{\"@type\":\"BreadcrumbList\",\"@id\":\"https:\\\/\\\/www.accuratereviews.com\\\/it\\\/siteminder-recensione\\\/#breadcrumb\",\"itemListElement\":[{\"@type\":\"ListItem\",\"position\":1,\"name\":\"Home\",\"item\":\"https:\\\/\\\/www.accuratereviews.com\\\/it\\\/\"},{\"@type\":\"ListItem\",\"position\":2,\"name\":\"SiteMinder\"}]},{\"@type\":\"WebSite\",\"@id\":\"https:\\\/\\\/www.accuratereviews.com\\\/it\\\/#website\",\"url\":\"https:\\\/\\\/www.accuratereviews.com\\\/it\\\/\",\"name\":\"Accurate Reviews\",\"description\":\"\",\"potentialAction\":[{\"@type\":\"SearchAction\",\"target\":{\"@type\":\"EntryPoint\",\"urlTemplate\":\"https:\\\/\\\/www.accuratereviews.com\\\/it\\\/?s={search_term_string}\"},\"query-input\":{\"@type\":\"PropertyValueSpecification\",\"valueRequired\":true,\"valueName\":\"search_term_string\"}}],\"inLanguage\":\"it-IT\"}]}<\/script>\n<!-- \/ Yoast SEO plugin. -->","yoast_head_json":{"title":"SiteMinder: recensione software gestionale hotel - Accurate Reviews","description":"SiteMinder: recensione piattaforma di acquisizione ospiti online completa per hotel indipendenti, catene albarghiere ecc.","robots":{"index":"index","follow":"follow","max-snippet":"max-snippet:-1","max-image-preview":"max-image-preview:large","max-video-preview":"max-video-preview:-1"},"canonical":"https:\/\/www.accuratereviews.com\/it\/siteminder-recensione\/","og_locale":"it_IT","og_type":"article","og_title":"SiteMinder: recensione software gestionale hotel - Accurate Reviews","og_description":"SiteMinder: recensione piattaforma di acquisizione ospiti online completa per hotel indipendenti, catene albarghiere ecc.","og_url":"https:\/\/www.accuratereviews.com\/it\/siteminder-recensione\/","og_site_name":"Accurate Reviews","article_modified_time":"2020-04-27T16:05:21+00:00","og_image":[{"width":885,"height":340,"url":"https:\/\/www.accuratereviews.com\/wp-content\/uploads\/2020\/02\/site.jpg","type":"image\/jpeg"}],"twitter_card":"summary_large_image","twitter_misc":{"Tempo di lettura stimato":"3 minuti"},"schema":{"@context":"https:\/\/schema.org","@graph":[{"@type":"WebPage","@id":"https:\/\/www.accuratereviews.com\/it\/siteminder-recensione\/","url":"https:\/\/www.accuratereviews.com\/it\/siteminder-recensione\/","name":"SiteMinder: recensione software gestionale hotel - Accurate Reviews","isPartOf":{"@id":"https:\/\/www.accuratereviews.com\/it\/#website"},"primaryImageOfPage":{"@id":"https:\/\/www.accuratereviews.com\/it\/siteminder-recensione\/#primaryimage"},"image":{"@id":"https:\/\/www.accuratereviews.com\/it\/siteminder-recensione\/#primaryimage"},"thumbnailUrl":"https:\/\/www.accuratereviews.com\/wp-content\/uploads\/2020\/02\/site.jpg","datePublished":"2020-02-04T16:24:45+00:00","dateModified":"2020-04-27T16:05:21+00:00","description":"SiteMinder: recensione piattaforma di acquisizione ospiti online completa per hotel indipendenti, catene albarghiere ecc.","breadcrumb":{"@id":"https:\/\/www.accuratereviews.com\/it\/siteminder-recensione\/#breadcrumb"},"inLanguage":"it-IT","potentialAction":[{"@type":"ReadAction","target":["https:\/\/www.accuratereviews.com\/it\/siteminder-recensione\/"]}]},{"@type":"ImageObject","inLanguage":"it-IT","@id":"https:\/\/www.accuratereviews.com\/it\/siteminder-recensione\/#primaryimage","url":"https:\/\/www.accuratereviews.com\/wp-content\/uploads\/2020\/02\/site.jpg","contentUrl":"https:\/\/www.accuratereviews.com\/wp-content\/uploads\/2020\/02\/site.jpg","width":885,"height":340},{"@type":"BreadcrumbList","@id":"https:\/\/www.accuratereviews.com\/it\/siteminder-recensione\/#breadcrumb","itemListElement":[{"@type":"ListItem","position":1,"name":"Home","item":"https:\/\/www.accuratereviews.com\/it\/"},{"@type":"ListItem","position":2,"name":"SiteMinder"}]},{"@type":"WebSite","@id":"https:\/\/www.accuratereviews.com\/it\/#website","url":"https:\/\/www.accuratereviews.com\/it\/","name":"Accurate Reviews","description":"","potentialAction":[{"@type":"SearchAction","target":{"@type":"EntryPoint","urlTemplate":"https:\/\/www.accuratereviews.com\/it\/?s={search_term_string}"},"query-input":{"@type":"PropertyValueSpecification","valueRequired":true,"valueName":"search_term_string"}}],"inLanguage":"it-IT"}]}},"_links":{"self":[{"href":"https:\/\/www.accuratereviews.com\/it\/wp-json\/wp\/v2\/pages\/22786","targetHints":{"allow":["GET"]}}],"collection":[{"href":"https:\/\/www.accuratereviews.com\/it\/wp-json\/wp\/v2\/pages"}],"about":[{"href":"https:\/\/www.accuratereviews.com\/it\/wp-json\/wp\/v2\/types\/page"}],"author":[{"embeddable":true,"href":"https:\/\/www.accuratereviews.com\/it\/wp-json\/wp\/v2\/users\/19"}],"replies":[{"embeddable":true,"href":"https:\/\/www.accuratereviews.com\/it\/wp-json\/wp\/v2\/comments?post=22786"}],"version-history":[{"count":11,"href":"https:\/\/www.accuratereviews.com\/it\/wp-json\/wp\/v2\/pages\/22786\/revisions"}],"predecessor-version":[{"id":25845,"href":"https:\/\/www.accuratereviews.com\/it\/wp-json\/wp\/v2\/pages\/22786\/revisions\/25845"}],"wp:featuredmedia":[{"embeddable":true,"href":"https:\/\/www.accuratereviews.com\/it\/wp-json\/wp\/v2\/media\/22787"}],"wp:attachment":[{"href":"https:\/\/www.accuratereviews.com\/it\/wp-json\/wp\/v2\/media?parent=22786"}],"wp:term":[{"taxonomy":"category","embeddable":true,"href":"https:\/\/www.accuratereviews.com\/it\/wp-json\/wp\/v2\/categories?post=22786"},{"taxonomy":"post_tag","embeddable":true,"href":"https:\/\/www.accuratereviews.com\/it\/wp-json\/wp\/v2\/tags?post=22786"},{"taxonomy":"features","embeddable":true,"href":"https:\/\/www.accuratereviews.com\/it\/wp-json\/wp\/v2\/features?post=22786"}],"curies":[{"name":"wp","href":"https:\/\/api.w.org\/{rel}","templated":true}]}}