{"id":22799,"date":"2020-02-04T16:48:44","date_gmt":"2020-02-04T16:48:44","guid":{"rendered":"https:\/\/www.accuratereviews.com\/?page_id=22799"},"modified":"2020-04-28T14:00:32","modified_gmt":"2020-04-28T14:00:32","slug":"rentlio-recensione","status":"publish","type":"page","link":"https:\/\/www.accuratereviews.com\/it\/rentlio-recensione\/","title":{"rendered":"Rentlio"},"content":{"rendered":"<p><strong>Rentlio<\/strong> \u00e8 un <strong>software gestionale<\/strong> creato su misura per<strong> hotel, case vacanze, ostelli e strutture alberghiere<\/strong> che vogliono migliorare la gestione dei loro servizi. Si tratta di un&#8217;applicazione, basata sul <strong>Cloud<\/strong>, che offre strumenti fondamentali per la gestione dei canali, delle propriet\u00e0, delle prenotazioni in modo tale che l&#8217;ospite e la sua esperienza vengano messi prima di tutto. Grazie a questa piattaforma, potrai sincronizzare i canali pi\u00f9 famosi come <strong>Booking.com, Airbnb, Expedia<\/strong> e altri ancora cos\u00ec da avere tutto a portata di mano e in tempo reale. Potrai risparmiare molto tempo con tutte le pratiche amministrative, velocizzando i check-in e utilizzando funzionalit\u00e0 legate alla fatturazione, alle statistiche e ai profili degli ospiti.<\/p>\n<div class=\"row\">\n<h2>COME INSTALLARE RENTLIO &#8211; TUTORIAL<\/h2>\n<p>Ecco il video che ci mostra come installare questo programma:<\/p>\n<div id=\"fluid-wrapper-counter-1\" class=\"g1-fluid-wrapper \" style=\"width:686px;\">\n<div style=\"padding-bottom:56.268221574344%;\"><iframe loading=\"lazy\" title=\"Initial property setup in Rentlio\" width=\"686\" height=\"386\" src=\"https:\/\/www.youtube.com\/embed\/W3-X8oYB4i0?feature=oembed&amp;wmode=transparent&amp;autohide=1&amp;autoplay=0&amp;disablekb=0&amp;fs=1&amp;loop=0&amp;enablejsapi=1&amp;rel=0&amp;controls=2&amp;showinfo=0&amp;wmode=transparent&amp;autohide=2&amp;autoplay=0&amp;disablekb=0&amp;fs=1&amp;loop=0&amp;enablejsapi=1&amp;rel=0&amp;controls=2&amp;showinfo=1\" frameborder=\"0\" allow=\"accelerometer; autoplay; encrypted-media; gyroscope; picture-in-picture\" allowfullscreen><\/iframe><\/div>\n<\/div>\n<h3>RENTLIO &#8211; CARATTERISTICHE<\/h3>\n<p>Di seguito le sue caratteristiche:<\/p>\n<ul>\n<li><strong>Channel Manager<\/strong>: gestisci tutti i siti di prenotazione da un posto solo e tieni sempre in sincronia la disponibilit\u00e0 e le tariffe con tutti i canali online<\/li>\n<li><strong>Email templates<\/strong>: crea e invia modelli di posta elettronica automatizzati e personalizzati agli ospiti in base alle regole predefinite<\/li>\n<li><strong>Scansione dei documenti degli ospiti<\/strong>: apri l&#8217;app e fai lo scan al documento con la fotocamera per procedere pi\u00f9 velocemente con il check-in<\/li>\n<li><strong>Calendario<\/strong>: ottieni una panoramica semplice e intuitiva di tutte le prenotazioni e tutte le informazioni pi\u00f9 rilevanti su un unico schermo<\/li>\n<li><strong>Profili ospiti<\/strong>: prepara velocemente le liste degli ospiti per scopi commerciali e invia loro offerte speciali in base alle informazioni e preferenze personali<\/li>\n<li><strong>Statistiche<\/strong>: traccia i pernottamenti, le entrate, i prezzi medi per notte e prepara i report cos\u00ec da pianificare meglio ogni attivit\u00e0<\/li>\n<li><strong>Dashboard<\/strong>: tieni tutto sotto controllo avendo una pianificazione giornaliera\/settimanale (lista arrivi e partenza ospiti,\u00a0 unit\u00e0 assegnata, osservazione degli ospiti ecc.)<\/li>\n<li><strong>Fatturazione<\/strong>: utilizza un sistema di fatturazione automatizzato e personalizzabile, crea offerte e fatture per i pagamenti dei depositi<\/li>\n<li><strong>Integrazioni<\/strong>: utilizza l&#8217;API di Rentlio per connetterti ad altri servizi o applicazioni.<\/li>\n<\/ul>\n<h3>LE RECENSIONI DEGLI UTENTI<\/h3>\n<p><strong>&#8220;Strumento molto funzionale&#8221;<\/strong><br \/>\nIN GENERALE: nel mondo dei canali online come booking.com, expedia e airbnb Rentlio aiuta a vivere su tutti insieme. \u00c8 molto facile da usare, il calendario \u00e8 fantastico. Ci aiuta a ridurre lo stress e a gestire pi\u00f9 propriet\u00e0 rispetto al solito.<br \/>\nPRO: \u00c8 molto semplice da usare, il supporto spiega l&#8217;efficienza del fast-end. Il calendario \u00e8 fantastico! Cos\u00ec semplice da usare. Non abbiamo notato alcun errore in connessione con OTA-s.<br \/>\nCONTRO: A volte non \u00e8 facile trovare alcune cose. Ad esempio, cambiare il listino prezzi per la stagione dovrebbe essere pi\u00f9 facile da trovare &#8211; dovrebbe essere forse nello stesso menu a discesa in cui \u00e8 il calendario.<\/p>\n<p><strong>&#8220;Ottimo prodotto ad un ottimo prezzo!&#8221;<\/strong><br \/>\nIN GENERALE: Ottimo finora!<br \/>\nPRO: facilit\u00e0 d&#8217;uso<br \/>\nLavori<br \/>\nPlugin di prenotazione<br \/>\nStatistiche<br \/>\nCONTRO: il plugin di prenotazione \u00e8 limitato<br \/>\nL&#8217;app per Android richiede pi\u00f9 lavoro<br \/>\nSono necessarie statistiche pi\u00f9 dettagliate<br \/>\nLa creazione di fatture \u00e8 limitata.<\/p>\n<p><strong>&#8220;App eccellente!&#8221;<\/strong><br \/>\nIN GENERALE: Sono un utente da diversi anni e posso consigliarlo a qualsiasi altro host, desiderando rendere il noleggio regolare il pi\u00f9 semplice possibile.<br \/>\nPRO: Rende il noleggio su base giornaliera molto pi\u00f9 semplice di prima!<\/p>\n<\/div>\n","protected":false},"excerpt":{"rendered":"<p>Rentlio \u00e8 un software gestionale creato su misura per hotel, case vacanze, ostelli e strutture alberghiere che vogliono migliorare la gestione dei loro servizi. Si tratta di un&#8217;applicazione, basata sul Cloud, che offre strumenti fondamentali per la gestione dei canali, delle propriet\u00e0, delle prenotazioni in modo tale che l&#8217;ospite e la sua esperienza vengano messi prima di tutto.\u00a0<\/p>\n","protected":false},"author":17,"featured_media":22802,"parent":0,"menu_order":0,"comment_status":"open","ping_status":"closed","template":"g1_template_page_review_new.php","meta":{"_acf_changed":false,"cwp_meta_box_check":"Yes","cwp_rev_product_name":"","cwp_rev_product_image":"","wppr_links":[],"cwp_rev_price":"","wppr_options":[],"wppr_pros":[],"wppr_cons":[],"_monsterinsights_skip_tracking":false,"_monsterinsights_sitenote_active":false,"_monsterinsights_sitenote_note":"","_monsterinsights_sitenote_category":0,"footnotes":""},"categories":[1720],"tags":[1723,1721,1173,1722,1725],"features":[],"class_list":{"0":"post-22799","1":"page","2":"type-page","3":"status-publish","4":"has-post-thumbnail","6":"category-gestionali-hotel-categoria","7":"tag-alberghi","8":"tag-gestionale-hotel","9":"tag-hotel","10":"tag-software-di-gestione-alberghiera","11":"tag-software-per-alberghi"},"wppr_data":{"cwp_meta_box_check":"Yes","cwp_rev_product_name":"","cwp_rev_product_image":"","cwp_image_link":"image","cwp_rev_price":"","wppr_rating":"0.00"},"acf":[],"yoast_head":"<!-- This site is optimized with the Yoast SEO plugin v27.4 - https:\/\/yoast.com\/product\/yoast-seo-wordpress\/ -->\n<title>Rentlio: recensione software gestionale per hotel - Accurate Reviews<\/title>\n<meta name=\"description\" content=\"Rentlio: recension del software gestionale creato su misura per hotel, ostelli e strutture alberghiere che vogliono migliorare la gestione dei loro servizi.\" \/>\n<meta name=\"robots\" content=\"index, follow, max-snippet:-1, max-image-preview:large, max-video-preview:-1\" \/>\n<link rel=\"canonical\" href=\"https:\/\/www.accuratereviews.com\/it\/rentlio-recensione\/\" \/>\n<meta property=\"og:locale\" content=\"it_IT\" \/>\n<meta property=\"og:type\" content=\"article\" \/>\n<meta property=\"og:title\" content=\"Rentlio: recensione software gestionale per hotel - Accurate Reviews\" \/>\n<meta property=\"og:description\" content=\"Rentlio: recension del software gestionale creato su misura per hotel, ostelli e strutture alberghiere che vogliono migliorare la gestione dei loro servizi.\" \/>\n<meta property=\"og:url\" content=\"https:\/\/www.accuratereviews.com\/it\/rentlio-recensione\/\" \/>\n<meta property=\"og:site_name\" content=\"Accurate Reviews\" \/>\n<meta property=\"article:modified_time\" content=\"2020-04-28T14:00:32+00:00\" \/>\n<meta property=\"og:image\" content=\"https:\/\/www.accuratereviews.com\/wp-content\/uploads\/2020\/02\/Rentlio.png\" \/>\n\t<meta property=\"og:image:width\" content=\"400\" \/>\n\t<meta property=\"og:image:height\" content=\"400\" \/>\n\t<meta property=\"og:image:type\" content=\"image\/png\" \/>\n<meta name=\"twitter:card\" content=\"summary_large_image\" \/>\n<meta name=\"twitter:label1\" content=\"Tempo di lettura stimato\" \/>\n\t<meta name=\"twitter:data1\" content=\"3 minuti\" \/>\n<script type=\"application\/ld+json\" class=\"yoast-schema-graph\">{\"@context\":\"https:\\\/\\\/schema.org\",\"@graph\":[{\"@type\":\"WebPage\",\"@id\":\"https:\\\/\\\/www.accuratereviews.com\\\/it\\\/rentlio-recensione\\\/\",\"url\":\"https:\\\/\\\/www.accuratereviews.com\\\/it\\\/rentlio-recensione\\\/\",\"name\":\"Rentlio: recensione software gestionale per hotel - Accurate Reviews\",\"isPartOf\":{\"@id\":\"https:\\\/\\\/www.accuratereviews.com\\\/it\\\/#website\"},\"primaryImageOfPage\":{\"@id\":\"https:\\\/\\\/www.accuratereviews.com\\\/it\\\/rentlio-recensione\\\/#primaryimage\"},\"image\":{\"@id\":\"https:\\\/\\\/www.accuratereviews.com\\\/it\\\/rentlio-recensione\\\/#primaryimage\"},\"thumbnailUrl\":\"https:\\\/\\\/www.accuratereviews.com\\\/wp-content\\\/uploads\\\/2020\\\/02\\\/Rentlio.png\",\"datePublished\":\"2020-02-04T16:48:44+00:00\",\"dateModified\":\"2020-04-28T14:00:32+00:00\",\"description\":\"Rentlio: recension del software gestionale creato su misura per hotel, ostelli e strutture alberghiere che vogliono migliorare la gestione dei loro servizi.\",\"breadcrumb\":{\"@id\":\"https:\\\/\\\/www.accuratereviews.com\\\/it\\\/rentlio-recensione\\\/#breadcrumb\"},\"inLanguage\":\"it-IT\",\"potentialAction\":[{\"@type\":\"ReadAction\",\"target\":[\"https:\\\/\\\/www.accuratereviews.com\\\/it\\\/rentlio-recensione\\\/\"]}]},{\"@type\":\"ImageObject\",\"inLanguage\":\"it-IT\",\"@id\":\"https:\\\/\\\/www.accuratereviews.com\\\/it\\\/rentlio-recensione\\\/#primaryimage\",\"url\":\"https:\\\/\\\/www.accuratereviews.com\\\/wp-content\\\/uploads\\\/2020\\\/02\\\/Rentlio.png\",\"contentUrl\":\"https:\\\/\\\/www.accuratereviews.com\\\/wp-content\\\/uploads\\\/2020\\\/02\\\/Rentlio.png\",\"width\":400,\"height\":400},{\"@type\":\"BreadcrumbList\",\"@id\":\"https:\\\/\\\/www.accuratereviews.com\\\/it\\\/rentlio-recensione\\\/#breadcrumb\",\"itemListElement\":[{\"@type\":\"ListItem\",\"position\":1,\"name\":\"Home\",\"item\":\"https:\\\/\\\/www.accuratereviews.com\\\/it\\\/\"},{\"@type\":\"ListItem\",\"position\":2,\"name\":\"Rentlio\"}]},{\"@type\":\"WebSite\",\"@id\":\"https:\\\/\\\/www.accuratereviews.com\\\/it\\\/#website\",\"url\":\"https:\\\/\\\/www.accuratereviews.com\\\/it\\\/\",\"name\":\"Accurate Reviews\",\"description\":\"\",\"potentialAction\":[{\"@type\":\"SearchAction\",\"target\":{\"@type\":\"EntryPoint\",\"urlTemplate\":\"https:\\\/\\\/www.accuratereviews.com\\\/it\\\/?s={search_term_string}\"},\"query-input\":{\"@type\":\"PropertyValueSpecification\",\"valueRequired\":true,\"valueName\":\"search_term_string\"}}],\"inLanguage\":\"it-IT\"}]}<\/script>\n<!-- \/ Yoast SEO plugin. -->","yoast_head_json":{"title":"Rentlio: recensione software gestionale per hotel - Accurate Reviews","description":"Rentlio: recension del software gestionale creato su misura per hotel, ostelli e strutture alberghiere che vogliono migliorare la gestione dei loro servizi.","robots":{"index":"index","follow":"follow","max-snippet":"max-snippet:-1","max-image-preview":"max-image-preview:large","max-video-preview":"max-video-preview:-1"},"canonical":"https:\/\/www.accuratereviews.com\/it\/rentlio-recensione\/","og_locale":"it_IT","og_type":"article","og_title":"Rentlio: recensione software gestionale per hotel - Accurate Reviews","og_description":"Rentlio: recension del software gestionale creato su misura per hotel, ostelli e strutture alberghiere che vogliono migliorare la gestione dei loro servizi.","og_url":"https:\/\/www.accuratereviews.com\/it\/rentlio-recensione\/","og_site_name":"Accurate Reviews","article_modified_time":"2020-04-28T14:00:32+00:00","og_image":[{"width":400,"height":400,"url":"https:\/\/www.accuratereviews.com\/wp-content\/uploads\/2020\/02\/Rentlio.png","type":"image\/png"}],"twitter_card":"summary_large_image","twitter_misc":{"Tempo di lettura stimato":"3 minuti"},"schema":{"@context":"https:\/\/schema.org","@graph":[{"@type":"WebPage","@id":"https:\/\/www.accuratereviews.com\/it\/rentlio-recensione\/","url":"https:\/\/www.accuratereviews.com\/it\/rentlio-recensione\/","name":"Rentlio: recensione software gestionale per hotel - Accurate Reviews","isPartOf":{"@id":"https:\/\/www.accuratereviews.com\/it\/#website"},"primaryImageOfPage":{"@id":"https:\/\/www.accuratereviews.com\/it\/rentlio-recensione\/#primaryimage"},"image":{"@id":"https:\/\/www.accuratereviews.com\/it\/rentlio-recensione\/#primaryimage"},"thumbnailUrl":"https:\/\/www.accuratereviews.com\/wp-content\/uploads\/2020\/02\/Rentlio.png","datePublished":"2020-02-04T16:48:44+00:00","dateModified":"2020-04-28T14:00:32+00:00","description":"Rentlio: recension del software gestionale creato su misura per hotel, ostelli e strutture alberghiere che vogliono migliorare la gestione dei loro servizi.","breadcrumb":{"@id":"https:\/\/www.accuratereviews.com\/it\/rentlio-recensione\/#breadcrumb"},"inLanguage":"it-IT","potentialAction":[{"@type":"ReadAction","target":["https:\/\/www.accuratereviews.com\/it\/rentlio-recensione\/"]}]},{"@type":"ImageObject","inLanguage":"it-IT","@id":"https:\/\/www.accuratereviews.com\/it\/rentlio-recensione\/#primaryimage","url":"https:\/\/www.accuratereviews.com\/wp-content\/uploads\/2020\/02\/Rentlio.png","contentUrl":"https:\/\/www.accuratereviews.com\/wp-content\/uploads\/2020\/02\/Rentlio.png","width":400,"height":400},{"@type":"BreadcrumbList","@id":"https:\/\/www.accuratereviews.com\/it\/rentlio-recensione\/#breadcrumb","itemListElement":[{"@type":"ListItem","position":1,"name":"Home","item":"https:\/\/www.accuratereviews.com\/it\/"},{"@type":"ListItem","position":2,"name":"Rentlio"}]},{"@type":"WebSite","@id":"https:\/\/www.accuratereviews.com\/it\/#website","url":"https:\/\/www.accuratereviews.com\/it\/","name":"Accurate Reviews","description":"","potentialAction":[{"@type":"SearchAction","target":{"@type":"EntryPoint","urlTemplate":"https:\/\/www.accuratereviews.com\/it\/?s={search_term_string}"},"query-input":{"@type":"PropertyValueSpecification","valueRequired":true,"valueName":"search_term_string"}}],"inLanguage":"it-IT"}]}},"_links":{"self":[{"href":"https:\/\/www.accuratereviews.com\/it\/wp-json\/wp\/v2\/pages\/22799","targetHints":{"allow":["GET"]}}],"collection":[{"href":"https:\/\/www.accuratereviews.com\/it\/wp-json\/wp\/v2\/pages"}],"about":[{"href":"https:\/\/www.accuratereviews.com\/it\/wp-json\/wp\/v2\/types\/page"}],"author":[{"embeddable":true,"href":"https:\/\/www.accuratereviews.com\/it\/wp-json\/wp\/v2\/users\/17"}],"replies":[{"embeddable":true,"href":"https:\/\/www.accuratereviews.com\/it\/wp-json\/wp\/v2\/comments?post=22799"}],"version-history":[{"count":7,"href":"https:\/\/www.accuratereviews.com\/it\/wp-json\/wp\/v2\/pages\/22799\/revisions"}],"predecessor-version":[{"id":25901,"href":"https:\/\/www.accuratereviews.com\/it\/wp-json\/wp\/v2\/pages\/22799\/revisions\/25901"}],"wp:featuredmedia":[{"embeddable":true,"href":"https:\/\/www.accuratereviews.com\/it\/wp-json\/wp\/v2\/media\/22802"}],"wp:attachment":[{"href":"https:\/\/www.accuratereviews.com\/it\/wp-json\/wp\/v2\/media?parent=22799"}],"wp:term":[{"taxonomy":"category","embeddable":true,"href":"https:\/\/www.accuratereviews.com\/it\/wp-json\/wp\/v2\/categories?post=22799"},{"taxonomy":"post_tag","embeddable":true,"href":"https:\/\/www.accuratereviews.com\/it\/wp-json\/wp\/v2\/tags?post=22799"},{"taxonomy":"features","embeddable":true,"href":"https:\/\/www.accuratereviews.com\/it\/wp-json\/wp\/v2\/features?post=22799"}],"curies":[{"name":"wp","href":"https:\/\/api.w.org\/{rel}","templated":true}]}}