{"id":22815,"date":"2020-02-04T16:28:34","date_gmt":"2020-02-04T16:28:34","guid":{"rendered":"https:\/\/www.accuratereviews.com\/?page_id=22815"},"modified":"2020-02-04T16:28:34","modified_gmt":"2020-02-04T16:28:34","slug":"openhotel-recensione","status":"publish","type":"page","link":"https:\/\/www.accuratereviews.com\/it\/openhotel-recensione\/","title":{"rendered":"OpenHotel"},"content":{"rendered":"<p><strong>OpenHotel<\/strong> \u00e8 una soluzione<strong> basata su cloud<\/strong> intuitiva, che ha una curva di apprendimento poco ripida. Il sistema \u00e8 adatto a alloggi di piccole e medie dimensioni che necessitano di un&#8217;applicazione robusta ma economica.\u00a0Con <strong>OpenHotel<\/strong>, tali alberghi ottengono l&#8217;accesso a un sistema completo che li assiste nella loro gestione quotidiana delle camere. Queste funzionalit\u00e0 includono prenotazioni dinamiche di gruppo, impostazione di tariffe flessibili e altro ancora.\u00a0Inoltre, la piattaforma consente ai responsabili di gestire canali diversi da un&#8217;unica schermata. In pi\u00f9, \u00e8 anche collegato a un <strong>sistema di distribuzione globale<\/strong> che amplia la portata e consente di comunicare tariffe interessanti e disponibilit\u00e0 di camere agli agenti di viaggio e alle aziende di tutto il mondo. L&#8217;applicazione ha implementato un <strong>sistema di sicurezza<\/strong> basato sui ruoli che gli albergatori possono personalizzare. Ci\u00f2 consente loro di definire l&#8217;accesso degli utenti a determinati dati e funzioni PMS per garantire che solo quelli con il giusto set di autorizzazioni siano in grado di visualizzare informazioni riservate ed eseguire determinate attivit\u00e0.<\/p>\n<h2>OPENHOTEL &#8211; TUTORIAL<\/h2>\n<p>Ecco un tutorial dettagliato sulle principali funzioni di questo <strong>software gestionale di hotel<\/strong>:<\/p>\n<div id=\"fluid-wrapper-counter-1\" class=\"g1-fluid-wrapper \" style=\"width:686px;\">\n<div style=\"padding-bottom:56.268221574344%;\"><iframe loading=\"lazy\" title=\"OpenHotel PMS Video Demo\" width=\"686\" height=\"386\" src=\"https:\/\/www.youtube.com\/embed\/KEkyoKEqZJE?feature=oembed&amp;wmode=transparent&amp;autohide=1&amp;autoplay=0&amp;disablekb=0&amp;fs=1&amp;loop=0&amp;enablejsapi=1&amp;rel=0&amp;controls=2&amp;showinfo=0&amp;wmode=transparent&amp;autohide=2&amp;autoplay=0&amp;disablekb=0&amp;fs=1&amp;loop=0&amp;enablejsapi=1&amp;rel=0&amp;controls=2&amp;showinfo=1\" frameborder=\"0\" allow=\"accelerometer; autoplay; encrypted-media; gyroscope; picture-in-picture\" allowfullscreen><\/iframe><\/div>\n<\/div>\n<h3>OPENHOTEL &#8211; CARATTERISTICHE<\/h3>\n<ul>\n<li>Apri e chiudi automaticamente OTA come Booking.com e Expedia in base ai tuoi criteri. Risparmia sulle commissioni quando non ti servono<\/li>\n<li>Aumenta o abbassa le tue tariffe in base al periodo e all&#8217;occupazione al fine di massimizzare le entrate<\/li>\n<li>Automatizza le decisioni sui tassi complessi in modo preciso e immediato<\/li>\n<li>La gestione del rendimento implementer\u00e0 il prezzo giusto al momento giusto in base alla tua strategia<\/li>\n<li>Invia offerte email e newsletter direttamente ai tuoi ospiti. Visualizza dati importanti come il numero di aperture e gestisci automaticamente l&#8217;annullamento dell&#8217;iscrizione<\/li>\n<li>Rapporti stampabili ed esportabili. Confronta e proietta utilizzando rapporti personalizzabili. Ottieni una visione di tutte le tue metriche importanti in un&#8217;unica comoda posizione<\/li>\n<li>Sfrutta i numerosi modi per personalizzare l&#8217;accesso del personale e controllare quali funzioni sono autorizzate a svolgere. Inoltre, utilizziamo l&#8217;autenticazione a due fattori per proteggere ciascun account<\/li>\n<li>La griglia interattiva consente il click-to-book, lo spostamento, l&#8217;assegnazione, l&#8217;aggiornamento delle prenotazioni e altro ancora<\/li>\n<\/ul>\n<h4>LE RECENSIONI DEGLI UTENTI<\/h4>\n<h4>Salmon C. &#8220;Servizi buoni e affidabili qui!&#8221;<\/h4>\n<p><strong>Commenti<\/strong>: Mi d\u00e0 la sicurezza di non avere prenotazioni doppie, cosa che accade molto al documento della vecchia scuola su un foglio di carta. Mi permette anche di commercializzare senza problemi una dozzina di venditori!<\/p>\n<p><strong>Vantaggi<\/strong>: a mia moglie piace lavorare con questo programma! Ho imparato le basi in mezz&#8217;ora.<\/p>\n<p><strong>Inconvenienti<\/strong>: Mi piacerebbe che avessero un programma collegato che posso fare lo stesso per la mia altra attivit\u00e0 di pesca.<\/p>\n<h4>John O. &#8220;OpenHotel \u00e8 stato fantastico per la nostra locanda&#8221;<\/h4>\n<p><strong>Commenti<\/strong>: Principalmente, un&#8217;ottima esperienza con OpenHotel. Ti trattano in modo molto equo e vengono coinvolti personalmente per assicurarti di ricevere indicazioni e risposte. Inoltre, credo sinceramente che ascoltino e si prendano cura dei loro clienti! Siamo un&#8217;azienda molto piccola, ma ci trattano come se fossimo molto pi\u00f9 grandi. Questo ci rende molto felici!<\/p>\n<p><strong>Vantaggi<\/strong>: la facilit\u00e0 d&#8217;uso del programma \u00e8 eccezionale. Tuttavia, le persone con cui abbiamo a che fare con OpenHotel rendono il programma migliore!<\/p>\n<p><strong>Inconvenienti<\/strong>: Proprio come qualsiasi altro POS ha \u00e8 non ha trovato la luna. Tuttavia, stanno sempre lavorando per arrivarci. \u00c8 abbastanza buono per noi.<\/p>\n<h4>Cherryl F. &#8220;Senza stress !!!&#8221;<\/h4>\n<p><strong>Commenti<\/strong>: Ho partecipato a sette webinar con cinque diverse societ\u00e0 per selezionare un motore di prenotazione in sostituzione di Webervations. Ho una piccola locanda con solo quattro camere e il prezzo era una delle maggiori preoccupazioni. La maggior parte dei programmi erano semplicemente troppo robusti, complicati e costosi per essere pratici per la mia operazione. Openhotel mi ha permesso di selezionare solo le funzionalit\u00e0 di cui avevo bisogno, a costi contenuti. Ancora pi\u00f9 importante, il team di supporto ha fattoil possibile durante l&#8217;installazione, e quando ho preso il comando, erano l\u00ec ad ogni passo. Il rappresentante delle vendite mi ha guidato attraverso l&#8217;intero software per essere sicuro che fosse quello di cui avevo bisogno. Il supporto \u00e8 stato sempre immediato nella loro risposta e ha fornito ottimi consigli. Erano professionisti, competenti e, soprattutto, adorabili con cui lavorare. Non hanno mai avuto fretta e mi hanno dato la loro totale attenzione ogni volta che ho chiamato. Complimenti a tutta la squadra. Il software \u00e8 estremamente intuitivo e so che se avr\u00f2 mai bisogno di ulteriore aiuto, \u00e8 solo a un minuto di distanza! Proprietario Sycamore Farms Country Inn, Oxford, OH<\/p>\n<p><strong>Vantaggi<\/strong>: ho apprezzato il software che mi ha permesso di conservare la sensazione unica del mio sito web esistente.<\/p>\n<p><strong>Inconvenienti<\/strong>: Vorrei che ci fosse un posto che notasse rapidamente eventuali allergie alimentari o bisogni speciali quando arriva la prenotazione. Attualmente quel materiale sotto Notes \u00e8 piuttosto sepolto.<\/p>\n<p>&nbsp;<\/p>\n<p>&nbsp;<\/p>\n","protected":false},"excerpt":{"rendered":"<p>OpenHotel \u00e8 una soluzione basata su cloud intuitiva, che ha una curva di apprendimento poco ripida. Il sistema \u00e8 adatto a alloggi di piccole e medie dimensioni che necessitano di un&#8217;applicazione robusta ma economica.\u00a0Con OpenHotel, tali alberghi ottengono l&#8217;accesso a un sistema completo che li assiste nella loro gestione quotidiana delle camere.<\/p>\n","protected":false},"author":19,"featured_media":22817,"parent":0,"menu_order":0,"comment_status":"open","ping_status":"closed","template":"g1_template_page_review_new.php","meta":{"_acf_changed":false,"cwp_meta_box_check":"Yes","cwp_rev_product_name":"","cwp_rev_product_image":"","wppr_links":[],"cwp_rev_price":"","wppr_options":[],"wppr_pros":[],"wppr_cons":[],"_monsterinsights_skip_tracking":false,"_monsterinsights_sitenote_active":false,"_monsterinsights_sitenote_note":"","_monsterinsights_sitenote_category":0,"footnotes":""},"categories":[1720],"tags":[1742,1746,1743,1747,1744,1729,1731],"features":[],"class_list":{"0":"post-22815","1":"page","2":"type-page","3":"status-publish","4":"has-post-thumbnail","6":"category-gestionali-hotel-categoria","7":"tag-hotel-management-software","8":"tag-openhotel","9":"tag-piattaforma-gestionale-hotel","10":"tag-programma-gestionale-hotel","11":"tag-software-gestionale-hotel","12":"tag-soluzione-gestionale-hotel","13":"tag-soluzione-gestione-albergo"},"wppr_data":{"cwp_meta_box_check":"Yes","cwp_rev_product_name":"","cwp_rev_product_image":"","cwp_image_link":"image","cwp_rev_price":"","wppr_rating":"0.00"},"acf":[],"yoast_head":"<!-- This site is optimized with the Yoast SEO plugin v27.4 - https:\/\/yoast.com\/product\/yoast-seo-wordpress\/ -->\n<title>OpenHotel: recensione software gestinale hotel - Accurate Reviews<\/title>\n<meta name=\"description\" content=\"OpenHotel: recensione soluzione basata su cloud intuitiva, con curva di apprendimento poco ripida. Sistema adatto ad alberghi di piccole e medie dimensioni.\" \/>\n<meta name=\"robots\" content=\"index, follow, max-snippet:-1, max-image-preview:large, max-video-preview:-1\" \/>\n<link rel=\"canonical\" href=\"https:\/\/www.accuratereviews.com\/it\/openhotel-recensione\/\" \/>\n<meta property=\"og:locale\" content=\"it_IT\" \/>\n<meta property=\"og:type\" content=\"article\" \/>\n<meta property=\"og:title\" content=\"OpenHotel: recensione software gestinale hotel - Accurate Reviews\" \/>\n<meta property=\"og:description\" content=\"OpenHotel: recensione soluzione basata su cloud intuitiva, con curva di apprendimento poco ripida. Sistema adatto ad alberghi di piccole e medie dimensioni.\" \/>\n<meta property=\"og:url\" content=\"https:\/\/www.accuratereviews.com\/it\/openhotel-recensione\/\" \/>\n<meta property=\"og:site_name\" content=\"Accurate Reviews\" \/>\n<meta property=\"og:image\" content=\"https:\/\/www.accuratereviews.com\/wp-content\/uploads\/2020\/02\/OPEN.jpg\" \/>\n\t<meta property=\"og:image:width\" content=\"1280\" \/>\n\t<meta property=\"og:image:height\" content=\"720\" \/>\n\t<meta property=\"og:image:type\" content=\"image\/jpeg\" \/>\n<meta name=\"twitter:card\" content=\"summary_large_image\" \/>\n<meta name=\"twitter:label1\" content=\"Tempo di lettura stimato\" \/>\n\t<meta name=\"twitter:data1\" content=\"4 minuti\" \/>\n<script type=\"application\/ld+json\" class=\"yoast-schema-graph\">{\"@context\":\"https:\\\/\\\/schema.org\",\"@graph\":[{\"@type\":\"WebPage\",\"@id\":\"https:\\\/\\\/www.accuratereviews.com\\\/it\\\/openhotel-recensione\\\/\",\"url\":\"https:\\\/\\\/www.accuratereviews.com\\\/it\\\/openhotel-recensione\\\/\",\"name\":\"OpenHotel: recensione software gestinale hotel - Accurate Reviews\",\"isPartOf\":{\"@id\":\"https:\\\/\\\/www.accuratereviews.com\\\/it\\\/#website\"},\"primaryImageOfPage\":{\"@id\":\"https:\\\/\\\/www.accuratereviews.com\\\/it\\\/openhotel-recensione\\\/#primaryimage\"},\"image\":{\"@id\":\"https:\\\/\\\/www.accuratereviews.com\\\/it\\\/openhotel-recensione\\\/#primaryimage\"},\"thumbnailUrl\":\"https:\\\/\\\/www.accuratereviews.com\\\/wp-content\\\/uploads\\\/2020\\\/02\\\/OPEN.jpg\",\"datePublished\":\"2020-02-04T16:28:34+00:00\",\"description\":\"OpenHotel: recensione soluzione basata su cloud intuitiva, con curva di apprendimento poco ripida. Sistema adatto ad alberghi di piccole e medie dimensioni.\",\"breadcrumb\":{\"@id\":\"https:\\\/\\\/www.accuratereviews.com\\\/it\\\/openhotel-recensione\\\/#breadcrumb\"},\"inLanguage\":\"it-IT\",\"potentialAction\":[{\"@type\":\"ReadAction\",\"target\":[\"https:\\\/\\\/www.accuratereviews.com\\\/it\\\/openhotel-recensione\\\/\"]}]},{\"@type\":\"ImageObject\",\"inLanguage\":\"it-IT\",\"@id\":\"https:\\\/\\\/www.accuratereviews.com\\\/it\\\/openhotel-recensione\\\/#primaryimage\",\"url\":\"https:\\\/\\\/www.accuratereviews.com\\\/wp-content\\\/uploads\\\/2020\\\/02\\\/OPEN.jpg\",\"contentUrl\":\"https:\\\/\\\/www.accuratereviews.com\\\/wp-content\\\/uploads\\\/2020\\\/02\\\/OPEN.jpg\",\"width\":1280,\"height\":720},{\"@type\":\"BreadcrumbList\",\"@id\":\"https:\\\/\\\/www.accuratereviews.com\\\/it\\\/openhotel-recensione\\\/#breadcrumb\",\"itemListElement\":[{\"@type\":\"ListItem\",\"position\":1,\"name\":\"Home\",\"item\":\"https:\\\/\\\/www.accuratereviews.com\\\/it\\\/\"},{\"@type\":\"ListItem\",\"position\":2,\"name\":\"OpenHotel\"}]},{\"@type\":\"WebSite\",\"@id\":\"https:\\\/\\\/www.accuratereviews.com\\\/it\\\/#website\",\"url\":\"https:\\\/\\\/www.accuratereviews.com\\\/it\\\/\",\"name\":\"Accurate Reviews\",\"description\":\"\",\"potentialAction\":[{\"@type\":\"SearchAction\",\"target\":{\"@type\":\"EntryPoint\",\"urlTemplate\":\"https:\\\/\\\/www.accuratereviews.com\\\/it\\\/?s={search_term_string}\"},\"query-input\":{\"@type\":\"PropertyValueSpecification\",\"valueRequired\":true,\"valueName\":\"search_term_string\"}}],\"inLanguage\":\"it-IT\"}]}<\/script>\n<!-- \/ Yoast SEO plugin. -->","yoast_head_json":{"title":"OpenHotel: recensione software gestinale hotel - Accurate Reviews","description":"OpenHotel: recensione soluzione basata su cloud intuitiva, con curva di apprendimento poco ripida. Sistema adatto ad alberghi di piccole e medie dimensioni.","robots":{"index":"index","follow":"follow","max-snippet":"max-snippet:-1","max-image-preview":"max-image-preview:large","max-video-preview":"max-video-preview:-1"},"canonical":"https:\/\/www.accuratereviews.com\/it\/openhotel-recensione\/","og_locale":"it_IT","og_type":"article","og_title":"OpenHotel: recensione software gestinale hotel - Accurate Reviews","og_description":"OpenHotel: recensione soluzione basata su cloud intuitiva, con curva di apprendimento poco ripida. Sistema adatto ad alberghi di piccole e medie dimensioni.","og_url":"https:\/\/www.accuratereviews.com\/it\/openhotel-recensione\/","og_site_name":"Accurate Reviews","og_image":[{"width":1280,"height":720,"url":"https:\/\/www.accuratereviews.com\/wp-content\/uploads\/2020\/02\/OPEN.jpg","type":"image\/jpeg"}],"twitter_card":"summary_large_image","twitter_misc":{"Tempo di lettura stimato":"4 minuti"},"schema":{"@context":"https:\/\/schema.org","@graph":[{"@type":"WebPage","@id":"https:\/\/www.accuratereviews.com\/it\/openhotel-recensione\/","url":"https:\/\/www.accuratereviews.com\/it\/openhotel-recensione\/","name":"OpenHotel: recensione software gestinale hotel - Accurate Reviews","isPartOf":{"@id":"https:\/\/www.accuratereviews.com\/it\/#website"},"primaryImageOfPage":{"@id":"https:\/\/www.accuratereviews.com\/it\/openhotel-recensione\/#primaryimage"},"image":{"@id":"https:\/\/www.accuratereviews.com\/it\/openhotel-recensione\/#primaryimage"},"thumbnailUrl":"https:\/\/www.accuratereviews.com\/wp-content\/uploads\/2020\/02\/OPEN.jpg","datePublished":"2020-02-04T16:28:34+00:00","description":"OpenHotel: recensione soluzione basata su cloud intuitiva, con curva di apprendimento poco ripida. Sistema adatto ad alberghi di piccole e medie dimensioni.","breadcrumb":{"@id":"https:\/\/www.accuratereviews.com\/it\/openhotel-recensione\/#breadcrumb"},"inLanguage":"it-IT","potentialAction":[{"@type":"ReadAction","target":["https:\/\/www.accuratereviews.com\/it\/openhotel-recensione\/"]}]},{"@type":"ImageObject","inLanguage":"it-IT","@id":"https:\/\/www.accuratereviews.com\/it\/openhotel-recensione\/#primaryimage","url":"https:\/\/www.accuratereviews.com\/wp-content\/uploads\/2020\/02\/OPEN.jpg","contentUrl":"https:\/\/www.accuratereviews.com\/wp-content\/uploads\/2020\/02\/OPEN.jpg","width":1280,"height":720},{"@type":"BreadcrumbList","@id":"https:\/\/www.accuratereviews.com\/it\/openhotel-recensione\/#breadcrumb","itemListElement":[{"@type":"ListItem","position":1,"name":"Home","item":"https:\/\/www.accuratereviews.com\/it\/"},{"@type":"ListItem","position":2,"name":"OpenHotel"}]},{"@type":"WebSite","@id":"https:\/\/www.accuratereviews.com\/it\/#website","url":"https:\/\/www.accuratereviews.com\/it\/","name":"Accurate Reviews","description":"","potentialAction":[{"@type":"SearchAction","target":{"@type":"EntryPoint","urlTemplate":"https:\/\/www.accuratereviews.com\/it\/?s={search_term_string}"},"query-input":{"@type":"PropertyValueSpecification","valueRequired":true,"valueName":"search_term_string"}}],"inLanguage":"it-IT"}]}},"_links":{"self":[{"href":"https:\/\/www.accuratereviews.com\/it\/wp-json\/wp\/v2\/pages\/22815","targetHints":{"allow":["GET"]}}],"collection":[{"href":"https:\/\/www.accuratereviews.com\/it\/wp-json\/wp\/v2\/pages"}],"about":[{"href":"https:\/\/www.accuratereviews.com\/it\/wp-json\/wp\/v2\/types\/page"}],"author":[{"embeddable":true,"href":"https:\/\/www.accuratereviews.com\/it\/wp-json\/wp\/v2\/users\/19"}],"replies":[{"embeddable":true,"href":"https:\/\/www.accuratereviews.com\/it\/wp-json\/wp\/v2\/comments?post=22815"}],"version-history":[{"count":5,"href":"https:\/\/www.accuratereviews.com\/it\/wp-json\/wp\/v2\/pages\/22815\/revisions"}],"predecessor-version":[{"id":22839,"href":"https:\/\/www.accuratereviews.com\/it\/wp-json\/wp\/v2\/pages\/22815\/revisions\/22839"}],"wp:featuredmedia":[{"embeddable":true,"href":"https:\/\/www.accuratereviews.com\/it\/wp-json\/wp\/v2\/media\/22817"}],"wp:attachment":[{"href":"https:\/\/www.accuratereviews.com\/it\/wp-json\/wp\/v2\/media?parent=22815"}],"wp:term":[{"taxonomy":"category","embeddable":true,"href":"https:\/\/www.accuratereviews.com\/it\/wp-json\/wp\/v2\/categories?post=22815"},{"taxonomy":"post_tag","embeddable":true,"href":"https:\/\/www.accuratereviews.com\/it\/wp-json\/wp\/v2\/tags?post=22815"},{"taxonomy":"features","embeddable":true,"href":"https:\/\/www.accuratereviews.com\/it\/wp-json\/wp\/v2\/features?post=22815"}],"curies":[{"name":"wp","href":"https:\/\/api.w.org\/{rel}","templated":true}]}}