{"id":22826,"date":"2020-02-04T16:49:05","date_gmt":"2020-02-04T16:49:05","guid":{"rendered":"https:\/\/www.accuratereviews.com\/?page_id=22826"},"modified":"2020-02-04T16:49:05","modified_gmt":"2020-02-04T16:49:05","slug":"inngenius-pms-recensione","status":"publish","type":"page","link":"https:\/\/www.accuratereviews.com\/it\/inngenius-pms-recensione\/","title":{"rendered":"Inngenius PMS"},"content":{"rendered":"<p class=\"h2 mb-1\"><strong>Inngenius PMS<\/strong> \u00e8 il <strong>software Property Management System di gestione alberghiera<\/strong> che semplifica la vita a hotel, resort, B&amp;B, campeggi, case vacanze, ostelli e chiunque abbia un&#8217;attivit\u00e0 alberghiera. Dispone di una serie di moduli aggiuntivi che vanno a coprire ogni aspetto e servizio offerto dalla struttura stessa in modo tale che si punti tutto sulla <strong>soddisfazione dell&#8217;ospite<\/strong>. Si tratta di un<strong> programma gestionale per hotel<\/strong> che ti permette di prenotare, eseguire check-in e check-out, contattare gli ospiti, generare report per avere un&#8217;idea pi\u00f9 approfondita delle attivit\u00e0 legate al tuo albergo. L&#8217;obiettivo \u00e8 quello di aumentare la produttivit\u00e0 senza fare troppa fatica.<\/p>\n<h2>COME UTILIZZARE INNGENIUS PMS &#8211; TUTORIAL<\/h2>\n<p>Diamo un&#8217;occhiata a questo video per comprendere qualcosa di pi\u00f9 al riguardo:<\/p>\n<div id=\"fluid-wrapper-counter-1\" class=\"g1-fluid-wrapper \" style=\"width:686px;\">\n<div style=\"padding-bottom:56.268221574344%;\"><iframe loading=\"lazy\" title=\"Upload your logo onto your guest receipts and create your own logo\" width=\"686\" height=\"386\" src=\"https:\/\/www.youtube.com\/embed\/hnyI0-zdTjM?feature=oembed&amp;wmode=transparent&amp;autohide=1&amp;autoplay=0&amp;disablekb=0&amp;fs=1&amp;loop=0&amp;enablejsapi=1&amp;rel=0&amp;controls=2&amp;showinfo=0&amp;wmode=transparent&amp;autohide=2&amp;autoplay=0&amp;disablekb=0&amp;fs=1&amp;loop=0&amp;enablejsapi=1&amp;rel=0&amp;controls=2&amp;showinfo=1\" frameborder=\"0\" allow=\"accelerometer; autoplay; encrypted-media; gyroscope; picture-in-picture\" allowfullscreen><\/iframe><\/div>\n<\/div>\n<h3>INNGENIUS PMS &#8211; CARATTERISTICHE<\/h3>\n<p>Ecco le sue principali caratteristiche:<\/p>\n<ul>\n<li>Gestione delle prenotazioni<\/li>\n<li>Calendario<\/li>\n<li>Impostazione delle tariffe<\/li>\n<li>Punto vendita<\/li>\n<li>Gestione e organizzazione delle faccende domestiche<\/li>\n<li>Sistema reportistico<\/li>\n<\/ul>\n<h3>LE RECENSIONI DEGLI UTENTI<\/h3>\n<p><strong>&#8220;Servizio clienti facile da usare, buono e reattivo, rapporto qualit\u00e0-prezzo&#8221;<\/strong><br \/>\nIN GENERALE: Software facile da usare, visivamente simpatico, fa il lavoro, buoni report statistici. Utile per propriet\u00e0 di piccole e medie dimensioni.<br \/>\nServizio clienti: April e Seth sono molto disponibili per qualsiasi domanda tu abbia. Sono molto pazienti e comprensivi anche se alcune domande degli utenti finali sono ritardate :) che \u00e8 un grande vantaggio nell&#8217;era dell&#8217;assistenza clienti di oggi.<br \/>\nRapporto qualit\u00e0-prezzo: molto conveniente. Svolge il lavoro e ti fa risparmiare molte seccature. Complessivamente: lo consiglierei a tutti i miei colleghi e l&#8217;ho fatto finora! A partire da una sola propriet\u00e0 hanno consigliato ad altri 5 colleghi di propriet\u00e0 che ora usano Inngenius<br \/>\nPRO: facile da usare. Ottimo supporto clienti. Migliorano periodicamente il software aggiungendo nuove cose interessanti.<br \/>\nCONTRO: Vorrei che aumentassero il numero di connessioni XML con altri OTA<\/p>\n<p><strong>&#8220;Software eccezionale per piccole propriet\u00e0!&#8221;<\/strong><br \/>\nIN GENERALE: Abbiamo &#8220;ereditato&#8221; Inngenius quando abbiamo acquistato due anni fa. Con una nuova attivit\u00e0 e un nuovo software, avevamo molte domande ed erano incredibilmente utili. Completo e tempestivo. Apprezziamo molto l&#8217;assistenza che abbiamo ricevuto.<br \/>\nPRO: il software \u00e8 facile da usare e il servizio clienti \u00e8 eccezionale. Per un&#8217;azienda delle nostre dimensioni e per il prezzo, abbiamo trovato Inngenius di grande valore.<br \/>\nCONTRO: Ci sono alcune funzionalit\u00e0 in alcuni dei report e la ricerca degli ospiti che vorrei siano stati impostati in modo leggermente diverso. Essere in grado di ordinare o cercare determinati campi sarebbe bello (senza dover scaricare per eccellere). Ma, onestamente, questo non \u00e8 un grosso problema.<\/p>\n<p><strong>&#8220;Facile, economico e ottimo servizio!&#8221;<\/strong><br \/>\nIN GENERALE: fantastico! Consiglio vivamente questo programma e i suoi sviluppatori!<br \/>\nPRO: quanto \u00e8 facile da configurare e quanto funziona con siti di terze parti, come Expedia e Booking.com! Non sono molto esperto di computer ed \u00e8 stato fantastico collaborare con i rappresentanti dei clienti (che sono SEMPRE disponibili) in quanto hanno aiutato con l&#8217;installazione di Inngenius PMS. Sono rimasto sorpreso da quanto sia stato facile e quanto mi abbia aiutato a mantenere organizzata la mia attivit\u00e0.<br \/>\nCONTRO: C&#8217;\u00e8 solo 1 piccolo problema nel programma. Vorrei che mi facesse sempre sapere quando il cliente \u00e8 un cliente abituale. A volte trovo difficile cercare un cliente passato. Forse questa \u00e8 una richiesta impossibile.<\/p>\n","protected":false},"excerpt":{"rendered":"<p>Inngenius PMS \u00e8 il software Property Management System di gestione alberghiera che semplifica la vita a hotel, resort, B&#038;B, campeggi, case vacanze, ostelli e chiunque abbia un&#8217;attivit\u00e0 alberghiera. Dispone di una serie di moduli aggiuntivi che vanno a coprire ogni aspetto e servizio offerto dalla struttura stessa in modo tale che si punti tutto sulla soddisfazione dell&#8217;ospite.<\/p>\n","protected":false},"author":17,"featured_media":22827,"parent":0,"menu_order":0,"comment_status":"open","ping_status":"closed","template":"g1_template_page_review_new.php","meta":{"_acf_changed":false,"cwp_meta_box_check":"Yes","cwp_rev_product_name":"","cwp_rev_product_image":"","wppr_links":[],"cwp_rev_price":"","wppr_options":[],"wppr_pros":[],"wppr_cons":[],"_monsterinsights_skip_tracking":false,"_monsterinsights_sitenote_active":false,"_monsterinsights_sitenote_note":"","_monsterinsights_sitenote_category":0,"footnotes":""},"categories":[1720],"tags":[1723,1721,1173,1748,1722],"features":[],"class_list":{"0":"post-22826","1":"page","2":"type-page","3":"status-publish","4":"has-post-thumbnail","6":"category-gestionali-hotel-categoria","7":"tag-alberghi","8":"tag-gestionale-hotel","9":"tag-hotel","10":"tag-pms","11":"tag-software-di-gestione-alberghiera"},"wppr_data":{"cwp_meta_box_check":"Yes","cwp_rev_product_name":"","cwp_rev_product_image":"","cwp_image_link":"image","cwp_rev_price":"","wppr_rating":"0.00"},"acf":[],"yoast_head":"<!-- This site is optimized with the Yoast SEO plugin v27.4 - https:\/\/yoast.com\/product\/yoast-seo-wordpress\/ -->\n<title>Inngenius PMS: recensione gestionale hotel - Accurate Reviews<\/title>\n<meta name=\"description\" content=\"Inngenius PMS: recensione del software di gestione alberghiera che semplifica la vita a hotel, resort, B&amp;B, campeggi, case vacanze, ostelli ecc.\" \/>\n<meta name=\"robots\" content=\"index, follow, max-snippet:-1, max-image-preview:large, max-video-preview:-1\" \/>\n<link rel=\"canonical\" href=\"https:\/\/www.accuratereviews.com\/it\/inngenius-pms-recensione\/\" \/>\n<meta property=\"og:locale\" content=\"it_IT\" \/>\n<meta property=\"og:type\" content=\"article\" \/>\n<meta property=\"og:title\" content=\"Inngenius PMS: recensione gestionale hotel - Accurate Reviews\" \/>\n<meta property=\"og:description\" content=\"Inngenius PMS: recensione del software di gestione alberghiera che semplifica la vita a hotel, resort, B&amp;B, campeggi, case vacanze, ostelli ecc.\" \/>\n<meta property=\"og:url\" content=\"https:\/\/www.accuratereviews.com\/it\/inngenius-pms-recensione\/\" \/>\n<meta property=\"og:site_name\" content=\"Accurate Reviews\" \/>\n<meta property=\"og:image\" content=\"https:\/\/www.accuratereviews.com\/wp-content\/uploads\/2020\/02\/df519a8a7ac28cdc00a344a9d0850f478cc71b1b.png\" \/>\n\t<meta property=\"og:image:width\" content=\"3000\" \/>\n\t<meta property=\"og:image:height\" content=\"1182\" \/>\n\t<meta property=\"og:image:type\" content=\"image\/png\" \/>\n<meta name=\"twitter:card\" content=\"summary_large_image\" \/>\n<meta name=\"twitter:label1\" content=\"Tempo di lettura stimato\" \/>\n\t<meta name=\"twitter:data1\" content=\"3 minuti\" \/>\n<script type=\"application\/ld+json\" class=\"yoast-schema-graph\">{\"@context\":\"https:\\\/\\\/schema.org\",\"@graph\":[{\"@type\":\"WebPage\",\"@id\":\"https:\\\/\\\/www.accuratereviews.com\\\/it\\\/inngenius-pms-recensione\\\/\",\"url\":\"https:\\\/\\\/www.accuratereviews.com\\\/it\\\/inngenius-pms-recensione\\\/\",\"name\":\"Inngenius PMS: recensione gestionale hotel - Accurate Reviews\",\"isPartOf\":{\"@id\":\"https:\\\/\\\/www.accuratereviews.com\\\/it\\\/#website\"},\"primaryImageOfPage\":{\"@id\":\"https:\\\/\\\/www.accuratereviews.com\\\/it\\\/inngenius-pms-recensione\\\/#primaryimage\"},\"image\":{\"@id\":\"https:\\\/\\\/www.accuratereviews.com\\\/it\\\/inngenius-pms-recensione\\\/#primaryimage\"},\"thumbnailUrl\":\"https:\\\/\\\/www.accuratereviews.com\\\/wp-content\\\/uploads\\\/2020\\\/02\\\/df519a8a7ac28cdc00a344a9d0850f478cc71b1b.png\",\"datePublished\":\"2020-02-04T16:49:05+00:00\",\"description\":\"Inngenius PMS: recensione del software di gestione alberghiera che semplifica la vita a hotel, resort, B&B, campeggi, case vacanze, ostelli ecc.\",\"breadcrumb\":{\"@id\":\"https:\\\/\\\/www.accuratereviews.com\\\/it\\\/inngenius-pms-recensione\\\/#breadcrumb\"},\"inLanguage\":\"it-IT\",\"potentialAction\":[{\"@type\":\"ReadAction\",\"target\":[\"https:\\\/\\\/www.accuratereviews.com\\\/it\\\/inngenius-pms-recensione\\\/\"]}]},{\"@type\":\"ImageObject\",\"inLanguage\":\"it-IT\",\"@id\":\"https:\\\/\\\/www.accuratereviews.com\\\/it\\\/inngenius-pms-recensione\\\/#primaryimage\",\"url\":\"https:\\\/\\\/www.accuratereviews.com\\\/wp-content\\\/uploads\\\/2020\\\/02\\\/df519a8a7ac28cdc00a344a9d0850f478cc71b1b.png\",\"contentUrl\":\"https:\\\/\\\/www.accuratereviews.com\\\/wp-content\\\/uploads\\\/2020\\\/02\\\/df519a8a7ac28cdc00a344a9d0850f478cc71b1b.png\",\"width\":3000,\"height\":1182},{\"@type\":\"BreadcrumbList\",\"@id\":\"https:\\\/\\\/www.accuratereviews.com\\\/it\\\/inngenius-pms-recensione\\\/#breadcrumb\",\"itemListElement\":[{\"@type\":\"ListItem\",\"position\":1,\"name\":\"Home\",\"item\":\"https:\\\/\\\/www.accuratereviews.com\\\/it\\\/\"},{\"@type\":\"ListItem\",\"position\":2,\"name\":\"Inngenius PMS\"}]},{\"@type\":\"WebSite\",\"@id\":\"https:\\\/\\\/www.accuratereviews.com\\\/it\\\/#website\",\"url\":\"https:\\\/\\\/www.accuratereviews.com\\\/it\\\/\",\"name\":\"Accurate Reviews\",\"description\":\"\",\"potentialAction\":[{\"@type\":\"SearchAction\",\"target\":{\"@type\":\"EntryPoint\",\"urlTemplate\":\"https:\\\/\\\/www.accuratereviews.com\\\/it\\\/?s={search_term_string}\"},\"query-input\":{\"@type\":\"PropertyValueSpecification\",\"valueRequired\":true,\"valueName\":\"search_term_string\"}}],\"inLanguage\":\"it-IT\"}]}<\/script>\n<!-- \/ Yoast SEO plugin. -->","yoast_head_json":{"title":"Inngenius PMS: recensione gestionale hotel - Accurate Reviews","description":"Inngenius PMS: recensione del software di gestione alberghiera che semplifica la vita a hotel, resort, B&B, campeggi, case vacanze, ostelli ecc.","robots":{"index":"index","follow":"follow","max-snippet":"max-snippet:-1","max-image-preview":"max-image-preview:large","max-video-preview":"max-video-preview:-1"},"canonical":"https:\/\/www.accuratereviews.com\/it\/inngenius-pms-recensione\/","og_locale":"it_IT","og_type":"article","og_title":"Inngenius PMS: recensione gestionale hotel - Accurate Reviews","og_description":"Inngenius PMS: recensione del software di gestione alberghiera che semplifica la vita a hotel, resort, B&B, campeggi, case vacanze, ostelli ecc.","og_url":"https:\/\/www.accuratereviews.com\/it\/inngenius-pms-recensione\/","og_site_name":"Accurate Reviews","og_image":[{"width":3000,"height":1182,"url":"https:\/\/www.accuratereviews.com\/wp-content\/uploads\/2020\/02\/df519a8a7ac28cdc00a344a9d0850f478cc71b1b.png","type":"image\/png"}],"twitter_card":"summary_large_image","twitter_misc":{"Tempo di lettura stimato":"3 minuti"},"schema":{"@context":"https:\/\/schema.org","@graph":[{"@type":"WebPage","@id":"https:\/\/www.accuratereviews.com\/it\/inngenius-pms-recensione\/","url":"https:\/\/www.accuratereviews.com\/it\/inngenius-pms-recensione\/","name":"Inngenius PMS: recensione gestionale hotel - Accurate Reviews","isPartOf":{"@id":"https:\/\/www.accuratereviews.com\/it\/#website"},"primaryImageOfPage":{"@id":"https:\/\/www.accuratereviews.com\/it\/inngenius-pms-recensione\/#primaryimage"},"image":{"@id":"https:\/\/www.accuratereviews.com\/it\/inngenius-pms-recensione\/#primaryimage"},"thumbnailUrl":"https:\/\/www.accuratereviews.com\/wp-content\/uploads\/2020\/02\/df519a8a7ac28cdc00a344a9d0850f478cc71b1b.png","datePublished":"2020-02-04T16:49:05+00:00","description":"Inngenius PMS: recensione del software di gestione alberghiera che semplifica la vita a hotel, resort, B&B, campeggi, case vacanze, ostelli ecc.","breadcrumb":{"@id":"https:\/\/www.accuratereviews.com\/it\/inngenius-pms-recensione\/#breadcrumb"},"inLanguage":"it-IT","potentialAction":[{"@type":"ReadAction","target":["https:\/\/www.accuratereviews.com\/it\/inngenius-pms-recensione\/"]}]},{"@type":"ImageObject","inLanguage":"it-IT","@id":"https:\/\/www.accuratereviews.com\/it\/inngenius-pms-recensione\/#primaryimage","url":"https:\/\/www.accuratereviews.com\/wp-content\/uploads\/2020\/02\/df519a8a7ac28cdc00a344a9d0850f478cc71b1b.png","contentUrl":"https:\/\/www.accuratereviews.com\/wp-content\/uploads\/2020\/02\/df519a8a7ac28cdc00a344a9d0850f478cc71b1b.png","width":3000,"height":1182},{"@type":"BreadcrumbList","@id":"https:\/\/www.accuratereviews.com\/it\/inngenius-pms-recensione\/#breadcrumb","itemListElement":[{"@type":"ListItem","position":1,"name":"Home","item":"https:\/\/www.accuratereviews.com\/it\/"},{"@type":"ListItem","position":2,"name":"Inngenius PMS"}]},{"@type":"WebSite","@id":"https:\/\/www.accuratereviews.com\/it\/#website","url":"https:\/\/www.accuratereviews.com\/it\/","name":"Accurate Reviews","description":"","potentialAction":[{"@type":"SearchAction","target":{"@type":"EntryPoint","urlTemplate":"https:\/\/www.accuratereviews.com\/it\/?s={search_term_string}"},"query-input":{"@type":"PropertyValueSpecification","valueRequired":true,"valueName":"search_term_string"}}],"inLanguage":"it-IT"}]}},"_links":{"self":[{"href":"https:\/\/www.accuratereviews.com\/it\/wp-json\/wp\/v2\/pages\/22826","targetHints":{"allow":["GET"]}}],"collection":[{"href":"https:\/\/www.accuratereviews.com\/it\/wp-json\/wp\/v2\/pages"}],"about":[{"href":"https:\/\/www.accuratereviews.com\/it\/wp-json\/wp\/v2\/types\/page"}],"author":[{"embeddable":true,"href":"https:\/\/www.accuratereviews.com\/it\/wp-json\/wp\/v2\/users\/17"}],"replies":[{"embeddable":true,"href":"https:\/\/www.accuratereviews.com\/it\/wp-json\/wp\/v2\/comments?post=22826"}],"version-history":[{"count":4,"href":"https:\/\/www.accuratereviews.com\/it\/wp-json\/wp\/v2\/pages\/22826\/revisions"}],"predecessor-version":[{"id":22842,"href":"https:\/\/www.accuratereviews.com\/it\/wp-json\/wp\/v2\/pages\/22826\/revisions\/22842"}],"wp:featuredmedia":[{"embeddable":true,"href":"https:\/\/www.accuratereviews.com\/it\/wp-json\/wp\/v2\/media\/22827"}],"wp:attachment":[{"href":"https:\/\/www.accuratereviews.com\/it\/wp-json\/wp\/v2\/media?parent=22826"}],"wp:term":[{"taxonomy":"category","embeddable":true,"href":"https:\/\/www.accuratereviews.com\/it\/wp-json\/wp\/v2\/categories?post=22826"},{"taxonomy":"post_tag","embeddable":true,"href":"https:\/\/www.accuratereviews.com\/it\/wp-json\/wp\/v2\/tags?post=22826"},{"taxonomy":"features","embeddable":true,"href":"https:\/\/www.accuratereviews.com\/it\/wp-json\/wp\/v2\/features?post=22826"}],"curies":[{"name":"wp","href":"https:\/\/api.w.org\/{rel}","templated":true}]}}