{"id":22854,"date":"2020-02-05T16:47:01","date_gmt":"2020-02-05T16:47:01","guid":{"rendered":"https:\/\/www.accuratereviews.com\/?page_id=22854"},"modified":"2020-02-05T16:47:01","modified_gmt":"2020-02-05T16:47:01","slug":"convertdirect-recensione","status":"publish","type":"page","link":"https:\/\/www.accuratereviews.com\/it\/convertdirect-recensione\/","title":{"rendered":"ConvertDirect"},"content":{"rendered":"<p><strong>ConvertDirect di STAAH<\/strong> \u00e8 una <strong>soluzione di prenotazione<\/strong> basata su <strong>cloud<\/strong> per hotel, bed &amp; breakfast, motel, campeggi e resort di tutte le dimensioni. Offre il monitoraggio delle conversioni, un&#8217;interfaccia mobile-responsive e uno strumento di monitoraggio delle tariffe.\u00a0<strong>ConvertDirect<\/strong> pu\u00f2 essere personalizzato con loghi e colori aziendali e gli utenti possono configurare pacchetti di prenotazione, codici promozionali, sconti e offerte per i clienti. Gli sconti automatici possono essere impostati per apparire in orari specifici. I clienti possono creare itinerari di viaggio e prenotare pi\u00f9 hotel e gli utenti possono anche evidenziare le offerte nella pagina di prenotazione.\u00a0Gli strumenti di reporting e analisi possono aiutare gli utenti a tracciare le conversioni dei clienti e sono disponibili anche altri report. <strong>ConvertDirect<\/strong> si integra con le app di Google, Stripe, Expedia, Booking.com, PayPal, Clarity e altre. \u00c8 accessibile in pi\u00f9 lingue e pu\u00f2 gestire diverse valute.<\/p>\n<h2>CONVERTDIRECT &#8211; TUTORIAL<\/h2>\n<p>Guardiamo insieme questo tutorial per imparare ad utilizzare questo<strong> software gestionale per hotel:<\/strong><\/p>\n<div id=\"fluid-wrapper-counter-1\" class=\"g1-fluid-wrapper \" style=\"width:686px;\">\n<div style=\"padding-bottom:56.268221574344%;\"><iframe loading=\"lazy\" title=\"How To Setup Your WatchMyRate Widget - STAAH\" width=\"686\" height=\"386\" src=\"https:\/\/www.youtube.com\/embed\/vi-2eFEXkqo?feature=oembed&amp;wmode=transparent&amp;autohide=1&amp;autoplay=0&amp;disablekb=0&amp;fs=1&amp;loop=0&amp;enablejsapi=1&amp;rel=0&amp;controls=2&amp;showinfo=0&amp;wmode=transparent&amp;autohide=2&amp;autoplay=0&amp;disablekb=0&amp;fs=1&amp;loop=0&amp;enablejsapi=1&amp;rel=0&amp;controls=2&amp;showinfo=1\" frameborder=\"0\" allow=\"accelerometer; autoplay; encrypted-media; gyroscope; picture-in-picture\" allowfullscreen><\/iframe><\/div>\n<\/div>\n<h3>CONVERTDIRECT &#8211; CARATTERISTICHE<\/h3>\n<ul>\n<li>Note di prenotazione<\/li>\n<li>Codici promozionali<\/li>\n<li>Processo di prenotazione in 3 fasi<\/li>\n<li>Multi lingua<\/li>\n<li>Prenotazioni individuali e di gruppo<\/li>\n<li>Statistica<\/li>\n<li>Motore di prenotazione per dispositivi mobili e desktop<\/li>\n<li>Piani a tariffa multipla<\/li>\n<li>Personalizzazione completa<\/li>\n<li>Promozioni speciali<\/li>\n<li>Prenotazione senza commissioni<\/li>\n<li>Monitoraggio delle conversioni<\/li>\n<li>Creazione dell&#8217;itinerario di viaggio<\/li>\n<li>Visualizzazione della frequenza live multicanale<\/li>\n<li>Integrazioni di terze parti<\/li>\n<li>Certificato PCI<\/li>\n<li>Pacchetti e vendite aggiuntive<\/li>\n<li>Evidenziazione delle offerte<\/li>\n<li>Multi-valuta<\/li>\n<li>Elaborazione di pagamenti online<\/li>\n<\/ul>\n<h4>LE RECENSIONI DEGLI UTENTI<\/h4>\n<h4>Stela S. &#8220;Incredibile team di supporto&#8221;<\/h4>\n<p><strong>Commenti<\/strong>: Prima di Staah avevamo molti overbooking e contattare il precedente channel manager era davvero difficile.<\/p>\n<p><strong>Vantaggi<\/strong>: Utilizziamo il software di gestione dei canali Staah per gestire le nostre case vacanze con pi\u00f9 elenchi. Facile, semplice e molto efficiente da usare, non pi\u00f9 problemi con overbooking. Come bonus hanno un fantastico servizio clienti sempre pronto ad aiutarti per qualsiasi cosa tu abbia bisogno. Per non parlare del fatto che sono molto gentili e pazienti quando abbiamo bisogno di contattarli per un problema che \u00e8 totalmente tecnico e non siamo molto ben informati. Prima di utilizzare un altro channel manager, il team di supporto era solito rispondere giorni dopo la nostra richiesta. Con Staah tutto viene risolto nello stesso giorno. Inoltre abbiamo un account manager che chiama di tanto in tanto per sapere se il loro servizio \u00e8 ok o se abbiamo bisogno di aiuto. Non potremmo essere pi\u00f9 felici con l&#8217;intero servizio che offrono e li consigliamo vivamente a tutti coloro che cercano un eccellente channel manager!<\/p>\n<p><strong>Inconvenienti<\/strong>: All&#8217;inizio, trattare con il software sembrava essere difficile perch\u00e9 non siamo tecnici ma in poco tempo ci siamo abituati perch\u00e9 \u00e8 molto semplice da usare.<\/p>\n<h4>Boban B. &#8220;Stabile e affidabile&#8221;<\/h4>\n<p><strong>Commenti<\/strong>: Sono molto contento e soddisfatto delle caratteristiche di Stahh.<\/p>\n<p><strong>Vantaggi<\/strong>: la facilit\u00e0 d&#8217;uso. Essere user friendly \u00e8 la migliore caratteristica di Stahh. Essere in grado di effettuare le prenotazioni richieste senza problemi \u00e8 fondamentale per qualsiasi gestore di canale e Stahh \u00e8 perfetto essendo proprio questo con il vantaggio di essere facile da lavorare.<\/p>\n<p><strong>Inconvenienti<\/strong>: Nessuno a cui riesco a pensare. Tutto sommato un solido channel manager. Un buon compagno in questo mercato turistico competitivo.<\/p>\n<h4>Arsalan R. &#8220;Ottimo software&#8221;<\/h4>\n<p><strong>Commenti<\/strong>: ho gestito facilmente tutti i siti web in cui ho bisogno di caricare i prezzi e l&#8217;inventario<\/p>\n<p><strong>Vantaggi<\/strong>: Staah \u00e8 stato il software pi\u00f9 economico sul mercato per gestire l&#8217;inventario e i prezzi. Ha ridotto un&#8217;enorme quantit\u00e0 di carico di lavoro dei miei dipendenti.<\/p>\n<p><strong>Inconvenienti<\/strong>: l&#8217;aspetto del software avrebbe potuto essere migliore nel nostro ultimo mondo tecnologico, cosa che non consiglierei di dare un&#8217;occhiata ai software recenti.<\/p>\n","protected":false},"excerpt":{"rendered":"<p>ConvertDirect di STAAH \u00e8 una soluzione di prenotazione basata su cloud per hotel, bed &#038; breakfast, motel, campeggi e resort di tutte le dimensioni. Offre il monitoraggio delle conversioni, un&#8217;interfaccia mobile-responsive e uno strumento di monitoraggio delle tariffe.\u00a0ConvertDirect pu\u00f2 essere personalizzato con loghi e colori aziendali e gli utenti possono configurare pacchetti di prenotazione, codici promozionali, sconti e offerte per i clienti.<\/p>\n","protected":false},"author":19,"featured_media":22856,"parent":0,"menu_order":0,"comment_status":"open","ping_status":"closed","template":"g1_template_page_review_new.php","meta":{"_acf_changed":false,"cwp_meta_box_check":"Yes","cwp_rev_product_name":"","cwp_rev_product_image":"","wppr_links":[],"cwp_rev_price":"","wppr_options":[],"wppr_pros":[],"wppr_cons":[],"_monsterinsights_skip_tracking":false,"_monsterinsights_sitenote_active":false,"_monsterinsights_sitenote_note":"","_monsterinsights_sitenote_category":0,"footnotes":""},"categories":[1720],"tags":[396,1750,1742,1751,1735,1730,1729],"features":[],"class_list":{"0":"post-22854","1":"page","2":"type-page","3":"status-publish","4":"has-post-thumbnail","6":"category-gestionali-hotel-categoria","7":"tag-cloud","8":"tag-convertdirect","9":"tag-hotel-management-software","10":"tag-programma-gestionale-albergo","11":"tag-software-gestionale-per-hotel","12":"tag-soluzione-gestionale-albergo","13":"tag-soluzione-gestionale-hotel"},"wppr_data":{"cwp_meta_box_check":"Yes","cwp_rev_product_name":"","cwp_rev_product_image":"","cwp_image_link":"image","cwp_rev_price":"","wppr_rating":"0.00"},"acf":[],"yoast_head":"<!-- This site is optimized with the Yoast SEO plugin v27.4 - https:\/\/yoast.com\/product\/yoast-seo-wordpress\/ -->\n<title>ConvertDirect: recensione software gestionale hotel - Accurate Reviews<\/title>\n<meta name=\"description\" content=\"ConvertDirect: recensione soluzione di prenotazione basata su cloud per hotel, bed &amp; breakfast, motel, campeggi e resort di tutte le dimensioni.\" \/>\n<meta name=\"robots\" content=\"index, follow, max-snippet:-1, max-image-preview:large, max-video-preview:-1\" \/>\n<link rel=\"canonical\" href=\"https:\/\/www.accuratereviews.com\/it\/convertdirect-recensione\/\" \/>\n<meta property=\"og:locale\" content=\"it_IT\" \/>\n<meta property=\"og:type\" content=\"article\" \/>\n<meta property=\"og:title\" content=\"ConvertDirect: recensione software gestionale hotel - Accurate Reviews\" \/>\n<meta property=\"og:description\" content=\"ConvertDirect: recensione soluzione di prenotazione basata su cloud per hotel, bed &amp; breakfast, motel, campeggi e resort di tutte le dimensioni.\" \/>\n<meta property=\"og:url\" content=\"https:\/\/www.accuratereviews.com\/it\/convertdirect-recensione\/\" \/>\n<meta property=\"og:site_name\" content=\"Accurate Reviews\" \/>\n<meta property=\"og:image\" content=\"https:\/\/www.accuratereviews.com\/wp-content\/uploads\/2020\/02\/STAAH-logo.png\" \/>\n\t<meta property=\"og:image:width\" content=\"600\" \/>\n\t<meta property=\"og:image:height\" content=\"202\" \/>\n\t<meta property=\"og:image:type\" content=\"image\/png\" \/>\n<meta name=\"twitter:card\" content=\"summary_large_image\" \/>\n<meta name=\"twitter:label1\" content=\"Tempo di lettura stimato\" \/>\n\t<meta name=\"twitter:data1\" content=\"3 minuti\" \/>\n<script type=\"application\/ld+json\" class=\"yoast-schema-graph\">{\"@context\":\"https:\\\/\\\/schema.org\",\"@graph\":[{\"@type\":\"WebPage\",\"@id\":\"https:\\\/\\\/www.accuratereviews.com\\\/it\\\/convertdirect-recensione\\\/\",\"url\":\"https:\\\/\\\/www.accuratereviews.com\\\/it\\\/convertdirect-recensione\\\/\",\"name\":\"ConvertDirect: recensione software gestionale hotel - Accurate Reviews\",\"isPartOf\":{\"@id\":\"https:\\\/\\\/www.accuratereviews.com\\\/it\\\/#website\"},\"primaryImageOfPage\":{\"@id\":\"https:\\\/\\\/www.accuratereviews.com\\\/it\\\/convertdirect-recensione\\\/#primaryimage\"},\"image\":{\"@id\":\"https:\\\/\\\/www.accuratereviews.com\\\/it\\\/convertdirect-recensione\\\/#primaryimage\"},\"thumbnailUrl\":\"https:\\\/\\\/www.accuratereviews.com\\\/wp-content\\\/uploads\\\/2020\\\/02\\\/STAAH-logo.png\",\"datePublished\":\"2020-02-05T16:47:01+00:00\",\"description\":\"ConvertDirect: recensione soluzione di prenotazione basata su cloud per hotel, bed & breakfast, motel, campeggi e resort di tutte le dimensioni.\",\"breadcrumb\":{\"@id\":\"https:\\\/\\\/www.accuratereviews.com\\\/it\\\/convertdirect-recensione\\\/#breadcrumb\"},\"inLanguage\":\"it-IT\",\"potentialAction\":[{\"@type\":\"ReadAction\",\"target\":[\"https:\\\/\\\/www.accuratereviews.com\\\/it\\\/convertdirect-recensione\\\/\"]}]},{\"@type\":\"ImageObject\",\"inLanguage\":\"it-IT\",\"@id\":\"https:\\\/\\\/www.accuratereviews.com\\\/it\\\/convertdirect-recensione\\\/#primaryimage\",\"url\":\"https:\\\/\\\/www.accuratereviews.com\\\/wp-content\\\/uploads\\\/2020\\\/02\\\/STAAH-logo.png\",\"contentUrl\":\"https:\\\/\\\/www.accuratereviews.com\\\/wp-content\\\/uploads\\\/2020\\\/02\\\/STAAH-logo.png\",\"width\":600,\"height\":202},{\"@type\":\"BreadcrumbList\",\"@id\":\"https:\\\/\\\/www.accuratereviews.com\\\/it\\\/convertdirect-recensione\\\/#breadcrumb\",\"itemListElement\":[{\"@type\":\"ListItem\",\"position\":1,\"name\":\"Home\",\"item\":\"https:\\\/\\\/www.accuratereviews.com\\\/it\\\/\"},{\"@type\":\"ListItem\",\"position\":2,\"name\":\"ConvertDirect\"}]},{\"@type\":\"WebSite\",\"@id\":\"https:\\\/\\\/www.accuratereviews.com\\\/it\\\/#website\",\"url\":\"https:\\\/\\\/www.accuratereviews.com\\\/it\\\/\",\"name\":\"Accurate Reviews\",\"description\":\"\",\"potentialAction\":[{\"@type\":\"SearchAction\",\"target\":{\"@type\":\"EntryPoint\",\"urlTemplate\":\"https:\\\/\\\/www.accuratereviews.com\\\/it\\\/?s={search_term_string}\"},\"query-input\":{\"@type\":\"PropertyValueSpecification\",\"valueRequired\":true,\"valueName\":\"search_term_string\"}}],\"inLanguage\":\"it-IT\"}]}<\/script>\n<!-- \/ Yoast SEO plugin. -->","yoast_head_json":{"title":"ConvertDirect: recensione software gestionale hotel - Accurate Reviews","description":"ConvertDirect: recensione soluzione di prenotazione basata su cloud per hotel, bed & breakfast, motel, campeggi e resort di tutte le dimensioni.","robots":{"index":"index","follow":"follow","max-snippet":"max-snippet:-1","max-image-preview":"max-image-preview:large","max-video-preview":"max-video-preview:-1"},"canonical":"https:\/\/www.accuratereviews.com\/it\/convertdirect-recensione\/","og_locale":"it_IT","og_type":"article","og_title":"ConvertDirect: recensione software gestionale hotel - Accurate Reviews","og_description":"ConvertDirect: recensione soluzione di prenotazione basata su cloud per hotel, bed & breakfast, motel, campeggi e resort di tutte le dimensioni.","og_url":"https:\/\/www.accuratereviews.com\/it\/convertdirect-recensione\/","og_site_name":"Accurate Reviews","og_image":[{"width":600,"height":202,"url":"https:\/\/www.accuratereviews.com\/wp-content\/uploads\/2020\/02\/STAAH-logo.png","type":"image\/png"}],"twitter_card":"summary_large_image","twitter_misc":{"Tempo di lettura stimato":"3 minuti"},"schema":{"@context":"https:\/\/schema.org","@graph":[{"@type":"WebPage","@id":"https:\/\/www.accuratereviews.com\/it\/convertdirect-recensione\/","url":"https:\/\/www.accuratereviews.com\/it\/convertdirect-recensione\/","name":"ConvertDirect: recensione software gestionale hotel - Accurate Reviews","isPartOf":{"@id":"https:\/\/www.accuratereviews.com\/it\/#website"},"primaryImageOfPage":{"@id":"https:\/\/www.accuratereviews.com\/it\/convertdirect-recensione\/#primaryimage"},"image":{"@id":"https:\/\/www.accuratereviews.com\/it\/convertdirect-recensione\/#primaryimage"},"thumbnailUrl":"https:\/\/www.accuratereviews.com\/wp-content\/uploads\/2020\/02\/STAAH-logo.png","datePublished":"2020-02-05T16:47:01+00:00","description":"ConvertDirect: recensione soluzione di prenotazione basata su cloud per hotel, bed & breakfast, motel, campeggi e resort di tutte le dimensioni.","breadcrumb":{"@id":"https:\/\/www.accuratereviews.com\/it\/convertdirect-recensione\/#breadcrumb"},"inLanguage":"it-IT","potentialAction":[{"@type":"ReadAction","target":["https:\/\/www.accuratereviews.com\/it\/convertdirect-recensione\/"]}]},{"@type":"ImageObject","inLanguage":"it-IT","@id":"https:\/\/www.accuratereviews.com\/it\/convertdirect-recensione\/#primaryimage","url":"https:\/\/www.accuratereviews.com\/wp-content\/uploads\/2020\/02\/STAAH-logo.png","contentUrl":"https:\/\/www.accuratereviews.com\/wp-content\/uploads\/2020\/02\/STAAH-logo.png","width":600,"height":202},{"@type":"BreadcrumbList","@id":"https:\/\/www.accuratereviews.com\/it\/convertdirect-recensione\/#breadcrumb","itemListElement":[{"@type":"ListItem","position":1,"name":"Home","item":"https:\/\/www.accuratereviews.com\/it\/"},{"@type":"ListItem","position":2,"name":"ConvertDirect"}]},{"@type":"WebSite","@id":"https:\/\/www.accuratereviews.com\/it\/#website","url":"https:\/\/www.accuratereviews.com\/it\/","name":"Accurate Reviews","description":"","potentialAction":[{"@type":"SearchAction","target":{"@type":"EntryPoint","urlTemplate":"https:\/\/www.accuratereviews.com\/it\/?s={search_term_string}"},"query-input":{"@type":"PropertyValueSpecification","valueRequired":true,"valueName":"search_term_string"}}],"inLanguage":"it-IT"}]}},"_links":{"self":[{"href":"https:\/\/www.accuratereviews.com\/it\/wp-json\/wp\/v2\/pages\/22854","targetHints":{"allow":["GET"]}}],"collection":[{"href":"https:\/\/www.accuratereviews.com\/it\/wp-json\/wp\/v2\/pages"}],"about":[{"href":"https:\/\/www.accuratereviews.com\/it\/wp-json\/wp\/v2\/types\/page"}],"author":[{"embeddable":true,"href":"https:\/\/www.accuratereviews.com\/it\/wp-json\/wp\/v2\/users\/19"}],"replies":[{"embeddable":true,"href":"https:\/\/www.accuratereviews.com\/it\/wp-json\/wp\/v2\/comments?post=22854"}],"version-history":[{"count":9,"href":"https:\/\/www.accuratereviews.com\/it\/wp-json\/wp\/v2\/pages\/22854\/revisions"}],"predecessor-version":[{"id":22886,"href":"https:\/\/www.accuratereviews.com\/it\/wp-json\/wp\/v2\/pages\/22854\/revisions\/22886"}],"wp:featuredmedia":[{"embeddable":true,"href":"https:\/\/www.accuratereviews.com\/it\/wp-json\/wp\/v2\/media\/22856"}],"wp:attachment":[{"href":"https:\/\/www.accuratereviews.com\/it\/wp-json\/wp\/v2\/media?parent=22854"}],"wp:term":[{"taxonomy":"category","embeddable":true,"href":"https:\/\/www.accuratereviews.com\/it\/wp-json\/wp\/v2\/categories?post=22854"},{"taxonomy":"post_tag","embeddable":true,"href":"https:\/\/www.accuratereviews.com\/it\/wp-json\/wp\/v2\/tags?post=22854"},{"taxonomy":"features","embeddable":true,"href":"https:\/\/www.accuratereviews.com\/it\/wp-json\/wp\/v2\/features?post=22854"}],"curies":[{"name":"wp","href":"https:\/\/api.w.org\/{rel}","templated":true}]}}