{"id":22860,"date":"2020-02-05T16:46:15","date_gmt":"2020-02-05T16:46:15","guid":{"rendered":"https:\/\/www.accuratereviews.com\/?page_id=22860"},"modified":"2020-02-05T16:46:15","modified_gmt":"2020-02-05T16:46:15","slug":"update-247-channel-manager-recensione","status":"publish","type":"page","link":"https:\/\/www.accuratereviews.com\/it\/update-247-channel-manager-recensione\/","title":{"rendered":"Update 247 Channel Manager"},"content":{"rendered":"<p><strong>Update 247 Channel Manager<\/strong> \u00e8 una <strong>soluzione di gestione alberghiera<\/strong> che ti permette di ottimizzare i processi, i tempi e i costi della tua attivit\u00e0. Si tratta di un<strong> software gestionale<\/strong> ideale per hotel, residence, motel, bed &amp; breakfast, ostelli, case vacanze, pensioni e qualsiasi altra struttura alberghiera che necessiti un supporto nella gestione del flusso di lavoro. \u00c8 un sistema di <strong>gestione dei canali di distribuzione alberghiera<\/strong> online che lavora con i maggiori siti di prenotazione come ad esempio Booking ed Expedia. Ti consente di effettuare aggiornamenti 24 ore al giorno, 7 giorni alla settimana, sempre e ovunque, ti baster\u00e0 avere solamente l&#8217;accesso a una rete internet.<\/p>\n<h2>COME CONNETTERE EXPEDIA A UPDATE 247 CHANNEL MANAGER &#8211; TUTORIAL<\/h2>\n<p>Guardiamo questo video tutorial per capire come collegare Expedia a questo programma:<\/p>\n<div id=\"fluid-wrapper-counter-1\" class=\"g1-fluid-wrapper \" style=\"width:686px;\">\n<div style=\"padding-bottom:56.268221574344%;\"><iframe loading=\"lazy\" title=\"Connect Expedia with channel manager Update247\" width=\"686\" height=\"386\" src=\"https:\/\/www.youtube.com\/embed\/CqzZJAPsPoM?feature=oembed&amp;wmode=transparent&amp;autohide=1&amp;autoplay=0&amp;disablekb=0&amp;fs=1&amp;loop=0&amp;enablejsapi=1&amp;rel=0&amp;controls=2&amp;showinfo=0&amp;wmode=transparent&amp;autohide=2&amp;autoplay=0&amp;disablekb=0&amp;fs=1&amp;loop=0&amp;enablejsapi=1&amp;rel=0&amp;controls=2&amp;showinfo=1\" frameborder=\"0\" allow=\"accelerometer; autoplay; encrypted-media; gyroscope; picture-in-picture\" allowfullscreen><\/iframe><\/div>\n<\/div>\n<h3>UPDATE 247 CHANNEL MANAGER &#8211; CARATTERISTICHE<\/h3>\n<p>Di seguito le sue caratteristiche principali:<\/p>\n<ul>\n<li><strong>Aggiornamenti<\/strong>: sono illimitati 24 ore per 7 giorni, 365 giorni all&#8217;anno<\/li>\n<li><strong>Cloud<\/strong>: non \u00e8 necessario essere in ufficio per lavorare, puoi accedervi ovunque e da qualsiasi dispositivo<\/li>\n<li><strong>Strumento per le tariffe degli hotel in tempo reale<\/strong>: interrompi l&#8217;overbooking e la visualizzazione di tariffe obsolete<\/li>\n<li><strong>Gestione delle tariffe di prenotazione <\/strong><\/li>\n<li><strong>Gestione di tutti i siti dei sistemi di prenotazione <\/strong>di hotel da un unico sito.<\/li>\n<\/ul>\n<h3>LE RECENSIONI DEGLI UTENTI<\/h3>\n<p><strong>&#8220;Una boccata d&#8217;aria fresca&#8230;&#8221;<\/strong><br \/>\nIN GENERALE: siamo stati con un&#8217;altra societ\u00e0 per quasi 10 anni e non eravamo contenti di aver avuto continui problemi e problemi all&#8217;interno del sistema, quindi un cambiamento ci voleva. Finora il sistema Update247 ha superato il vecchio sistema sia in termini di funzionalit\u00e0 che soprattutto di prezzo, il personale \u00e8 stato molto utile per spiegare eventuali domande e per farci configurare come ci piace sul nuovo sistema. Come afferma la mia recensione una boccata d&#8217;aria fresca che \u00e8 molto bella in questo ambito stimolante che \u00e8 l&#8217;ospitalit\u00e0.<br \/>\nPRO: il portale clienti\/lato prenotazione del sistema \u00e8 molto ben progettato e facile da usare per il pubblico dominio. Anche molto gradevole alla vista per quanto riguarda il design.<br \/>\nCONTRO: Al momento non ho alcun feedback negativo.<\/p>\n<p><strong>&#8220;Aggiornamento 247 per parcheggi per roulotte&#8221;<\/strong><br \/>\nIN GENERALE: con questo canale di prenotazione, raccolgono molti pi\u00f9 dati inseriti automaticamente nella prenotazione nel calendario.<br \/>\nPRO: facile da usare e facile da insegnare.<br \/>\nCONTRO: Vorrei ulteriori opzioni nelle caselle a discesa. Vorrei pi\u00f9 canali di prenotazione del sistema operativo disponibili per il collegamento al calendario<\/p>\n<p><strong>&#8220;Esperienza eccellente&#8221;<\/strong><br \/>\nIN GENERALE: ottimo software, facile da usare, abbiamo un sacco di supporto dal team, quindi siamo molto felici<br \/>\nPRO: \u00e8 facile da usare, intuitivo, pu\u00f2 cambiare prenotazione, modificare prenotazioni.<br \/>\nCONTRO: alcune funzionalit\u00e0 necessitano di aggiornamento come la prenotazione di gruppo con pi\u00f9 ospiti e il loro indirizzo e-mail e i dettagli della carta di credito non sono disponibili, devono essere aggiornati in modo da poter salvare la compagnia, le pulizie possono essere fatte il giorno prima.. Per il resto tutto bene.<\/p>\n","protected":false},"excerpt":{"rendered":"<p>Update 247 Channel Manager \u00e8 una soluzione di gestione alberghiera che ti permette di ottimizzare i processi, i tempi e i costi della tua attivit\u00e0. Si tratta di un software gestionale ideale per hotel, residence, motel, bed &#038; breakfast, ostelli, case vacanze, pensioni e qualsiasi altra struttura alberghiera che necessiti un supporto nella gestione del flusso di lavoro.<\/p>\n","protected":false},"author":17,"featured_media":22862,"parent":0,"menu_order":0,"comment_status":"open","ping_status":"closed","template":"g1_template_page_review_new.php","meta":{"_acf_changed":false,"cwp_meta_box_check":"Yes","cwp_rev_product_name":"","cwp_rev_product_image":"","wppr_links":[],"cwp_rev_price":"","wppr_options":[],"wppr_pros":[],"wppr_cons":[],"_monsterinsights_skip_tracking":false,"_monsterinsights_sitenote_active":false,"_monsterinsights_sitenote_note":"","_monsterinsights_sitenote_category":0,"footnotes":""},"categories":[1720],"tags":[1723,1721,1173,1722,1731],"features":[],"class_list":{"0":"post-22860","1":"page","2":"type-page","3":"status-publish","4":"has-post-thumbnail","6":"category-gestionali-hotel-categoria","7":"tag-alberghi","8":"tag-gestionale-hotel","9":"tag-hotel","10":"tag-software-di-gestione-alberghiera","11":"tag-soluzione-gestione-albergo"},"wppr_data":{"cwp_meta_box_check":"Yes","cwp_rev_product_name":"","cwp_rev_product_image":"","cwp_image_link":"image","cwp_rev_price":"","wppr_rating":"0.00"},"acf":[],"yoast_head":"<!-- This site is optimized with the Yoast SEO plugin v27.4 - https:\/\/yoast.com\/product\/yoast-seo-wordpress\/ -->\n<title>Update 247 Channel Manager - Accurate Reviews<\/title>\n<meta name=\"description\" content=\"Update 247 Channel Manager: recensione della soluzione di gestione alberghiera che permette di ottimizzare i processi, i tempi e i costi della tua attivit\u00e0.\" \/>\n<meta name=\"robots\" content=\"index, follow, max-snippet:-1, max-image-preview:large, max-video-preview:-1\" \/>\n<link rel=\"canonical\" href=\"https:\/\/www.accuratereviews.com\/it\/update-247-channel-manager-recensione\/\" \/>\n<meta property=\"og:locale\" content=\"it_IT\" \/>\n<meta property=\"og:type\" content=\"article\" \/>\n<meta property=\"og:title\" content=\"Update 247 Channel Manager - Accurate Reviews\" \/>\n<meta property=\"og:description\" content=\"Update 247 Channel Manager: recensione della soluzione di gestione alberghiera che permette di ottimizzare i processi, i tempi e i costi della tua attivit\u00e0.\" \/>\n<meta property=\"og:url\" content=\"https:\/\/www.accuratereviews.com\/it\/update-247-channel-manager-recensione\/\" \/>\n<meta property=\"og:site_name\" content=\"Accurate Reviews\" \/>\n<meta property=\"og:image\" content=\"https:\/\/www.accuratereviews.com\/wp-content\/uploads\/2020\/02\/download-1.jpg\" \/>\n\t<meta property=\"og:image:width\" content=\"318\" \/>\n\t<meta property=\"og:image:height\" content=\"159\" \/>\n\t<meta property=\"og:image:type\" content=\"image\/jpeg\" \/>\n<meta name=\"twitter:card\" content=\"summary_large_image\" \/>\n<meta name=\"twitter:label1\" content=\"Tempo di lettura stimato\" \/>\n\t<meta name=\"twitter:data1\" content=\"2 minuti\" \/>\n<script type=\"application\/ld+json\" class=\"yoast-schema-graph\">{\"@context\":\"https:\\\/\\\/schema.org\",\"@graph\":[{\"@type\":\"WebPage\",\"@id\":\"https:\\\/\\\/www.accuratereviews.com\\\/it\\\/update-247-channel-manager-recensione\\\/\",\"url\":\"https:\\\/\\\/www.accuratereviews.com\\\/it\\\/update-247-channel-manager-recensione\\\/\",\"name\":\"Update 247 Channel Manager - Accurate Reviews\",\"isPartOf\":{\"@id\":\"https:\\\/\\\/www.accuratereviews.com\\\/it\\\/#website\"},\"primaryImageOfPage\":{\"@id\":\"https:\\\/\\\/www.accuratereviews.com\\\/it\\\/update-247-channel-manager-recensione\\\/#primaryimage\"},\"image\":{\"@id\":\"https:\\\/\\\/www.accuratereviews.com\\\/it\\\/update-247-channel-manager-recensione\\\/#primaryimage\"},\"thumbnailUrl\":\"https:\\\/\\\/www.accuratereviews.com\\\/wp-content\\\/uploads\\\/2020\\\/02\\\/download-1.jpg\",\"datePublished\":\"2020-02-05T16:46:15+00:00\",\"description\":\"Update 247 Channel Manager: recensione della soluzione di gestione alberghiera che permette di ottimizzare i processi, i tempi e i costi della tua attivit\u00e0.\",\"breadcrumb\":{\"@id\":\"https:\\\/\\\/www.accuratereviews.com\\\/it\\\/update-247-channel-manager-recensione\\\/#breadcrumb\"},\"inLanguage\":\"it-IT\",\"potentialAction\":[{\"@type\":\"ReadAction\",\"target\":[\"https:\\\/\\\/www.accuratereviews.com\\\/it\\\/update-247-channel-manager-recensione\\\/\"]}]},{\"@type\":\"ImageObject\",\"inLanguage\":\"it-IT\",\"@id\":\"https:\\\/\\\/www.accuratereviews.com\\\/it\\\/update-247-channel-manager-recensione\\\/#primaryimage\",\"url\":\"https:\\\/\\\/www.accuratereviews.com\\\/wp-content\\\/uploads\\\/2020\\\/02\\\/download-1.jpg\",\"contentUrl\":\"https:\\\/\\\/www.accuratereviews.com\\\/wp-content\\\/uploads\\\/2020\\\/02\\\/download-1.jpg\",\"width\":318,\"height\":159},{\"@type\":\"BreadcrumbList\",\"@id\":\"https:\\\/\\\/www.accuratereviews.com\\\/it\\\/update-247-channel-manager-recensione\\\/#breadcrumb\",\"itemListElement\":[{\"@type\":\"ListItem\",\"position\":1,\"name\":\"Home\",\"item\":\"https:\\\/\\\/www.accuratereviews.com\\\/it\\\/\"},{\"@type\":\"ListItem\",\"position\":2,\"name\":\"Update 247 Channel Manager\"}]},{\"@type\":\"WebSite\",\"@id\":\"https:\\\/\\\/www.accuratereviews.com\\\/it\\\/#website\",\"url\":\"https:\\\/\\\/www.accuratereviews.com\\\/it\\\/\",\"name\":\"Accurate Reviews\",\"description\":\"\",\"potentialAction\":[{\"@type\":\"SearchAction\",\"target\":{\"@type\":\"EntryPoint\",\"urlTemplate\":\"https:\\\/\\\/www.accuratereviews.com\\\/it\\\/?s={search_term_string}\"},\"query-input\":{\"@type\":\"PropertyValueSpecification\",\"valueRequired\":true,\"valueName\":\"search_term_string\"}}],\"inLanguage\":\"it-IT\"}]}<\/script>\n<!-- \/ Yoast SEO plugin. -->","yoast_head_json":{"title":"Update 247 Channel Manager - Accurate Reviews","description":"Update 247 Channel Manager: recensione della soluzione di gestione alberghiera che permette di ottimizzare i processi, i tempi e i costi della tua attivit\u00e0.","robots":{"index":"index","follow":"follow","max-snippet":"max-snippet:-1","max-image-preview":"max-image-preview:large","max-video-preview":"max-video-preview:-1"},"canonical":"https:\/\/www.accuratereviews.com\/it\/update-247-channel-manager-recensione\/","og_locale":"it_IT","og_type":"article","og_title":"Update 247 Channel Manager - Accurate Reviews","og_description":"Update 247 Channel Manager: recensione della soluzione di gestione alberghiera che permette di ottimizzare i processi, i tempi e i costi della tua attivit\u00e0.","og_url":"https:\/\/www.accuratereviews.com\/it\/update-247-channel-manager-recensione\/","og_site_name":"Accurate Reviews","og_image":[{"width":318,"height":159,"url":"https:\/\/www.accuratereviews.com\/wp-content\/uploads\/2020\/02\/download-1.jpg","type":"image\/jpeg"}],"twitter_card":"summary_large_image","twitter_misc":{"Tempo di lettura stimato":"2 minuti"},"schema":{"@context":"https:\/\/schema.org","@graph":[{"@type":"WebPage","@id":"https:\/\/www.accuratereviews.com\/it\/update-247-channel-manager-recensione\/","url":"https:\/\/www.accuratereviews.com\/it\/update-247-channel-manager-recensione\/","name":"Update 247 Channel Manager - Accurate Reviews","isPartOf":{"@id":"https:\/\/www.accuratereviews.com\/it\/#website"},"primaryImageOfPage":{"@id":"https:\/\/www.accuratereviews.com\/it\/update-247-channel-manager-recensione\/#primaryimage"},"image":{"@id":"https:\/\/www.accuratereviews.com\/it\/update-247-channel-manager-recensione\/#primaryimage"},"thumbnailUrl":"https:\/\/www.accuratereviews.com\/wp-content\/uploads\/2020\/02\/download-1.jpg","datePublished":"2020-02-05T16:46:15+00:00","description":"Update 247 Channel Manager: recensione della soluzione di gestione alberghiera che permette di ottimizzare i processi, i tempi e i costi della tua attivit\u00e0.","breadcrumb":{"@id":"https:\/\/www.accuratereviews.com\/it\/update-247-channel-manager-recensione\/#breadcrumb"},"inLanguage":"it-IT","potentialAction":[{"@type":"ReadAction","target":["https:\/\/www.accuratereviews.com\/it\/update-247-channel-manager-recensione\/"]}]},{"@type":"ImageObject","inLanguage":"it-IT","@id":"https:\/\/www.accuratereviews.com\/it\/update-247-channel-manager-recensione\/#primaryimage","url":"https:\/\/www.accuratereviews.com\/wp-content\/uploads\/2020\/02\/download-1.jpg","contentUrl":"https:\/\/www.accuratereviews.com\/wp-content\/uploads\/2020\/02\/download-1.jpg","width":318,"height":159},{"@type":"BreadcrumbList","@id":"https:\/\/www.accuratereviews.com\/it\/update-247-channel-manager-recensione\/#breadcrumb","itemListElement":[{"@type":"ListItem","position":1,"name":"Home","item":"https:\/\/www.accuratereviews.com\/it\/"},{"@type":"ListItem","position":2,"name":"Update 247 Channel Manager"}]},{"@type":"WebSite","@id":"https:\/\/www.accuratereviews.com\/it\/#website","url":"https:\/\/www.accuratereviews.com\/it\/","name":"Accurate Reviews","description":"","potentialAction":[{"@type":"SearchAction","target":{"@type":"EntryPoint","urlTemplate":"https:\/\/www.accuratereviews.com\/it\/?s={search_term_string}"},"query-input":{"@type":"PropertyValueSpecification","valueRequired":true,"valueName":"search_term_string"}}],"inLanguage":"it-IT"}]}},"_links":{"self":[{"href":"https:\/\/www.accuratereviews.com\/it\/wp-json\/wp\/v2\/pages\/22860","targetHints":{"allow":["GET"]}}],"collection":[{"href":"https:\/\/www.accuratereviews.com\/it\/wp-json\/wp\/v2\/pages"}],"about":[{"href":"https:\/\/www.accuratereviews.com\/it\/wp-json\/wp\/v2\/types\/page"}],"author":[{"embeddable":true,"href":"https:\/\/www.accuratereviews.com\/it\/wp-json\/wp\/v2\/users\/17"}],"replies":[{"embeddable":true,"href":"https:\/\/www.accuratereviews.com\/it\/wp-json\/wp\/v2\/comments?post=22860"}],"version-history":[{"count":4,"href":"https:\/\/www.accuratereviews.com\/it\/wp-json\/wp\/v2\/pages\/22860\/revisions"}],"predecessor-version":[{"id":22884,"href":"https:\/\/www.accuratereviews.com\/it\/wp-json\/wp\/v2\/pages\/22860\/revisions\/22884"}],"wp:featuredmedia":[{"embeddable":true,"href":"https:\/\/www.accuratereviews.com\/it\/wp-json\/wp\/v2\/media\/22862"}],"wp:attachment":[{"href":"https:\/\/www.accuratereviews.com\/it\/wp-json\/wp\/v2\/media?parent=22860"}],"wp:term":[{"taxonomy":"category","embeddable":true,"href":"https:\/\/www.accuratereviews.com\/it\/wp-json\/wp\/v2\/categories?post=22860"},{"taxonomy":"post_tag","embeddable":true,"href":"https:\/\/www.accuratereviews.com\/it\/wp-json\/wp\/v2\/tags?post=22860"},{"taxonomy":"features","embeddable":true,"href":"https:\/\/www.accuratereviews.com\/it\/wp-json\/wp\/v2\/features?post=22860"}],"curies":[{"name":"wp","href":"https:\/\/api.w.org\/{rel}","templated":true}]}}