{"id":22871,"date":"2020-02-05T16:46:47","date_gmt":"2020-02-05T16:46:47","guid":{"rendered":"https:\/\/www.accuratereviews.com\/?page_id=22871"},"modified":"2020-02-05T16:46:47","modified_gmt":"2020-02-05T16:46:47","slug":"roomsy-recensione","status":"publish","type":"page","link":"https:\/\/www.accuratereviews.com\/it\/roomsy-recensione\/","title":{"rendered":"Roomsy"},"content":{"rendered":"<p><strong>Roomsy<\/strong> \u00e8 un <strong>programma gestionale<\/strong> di alberghi, hotel, appartamenti, campeggi, resort, motel, ritiri, residenze per studenti che hanno bisogno di monitorare e visualizzare i clienti esistenti, le prenotazioni, i clienti che hanno appena effettuato il check-out e gli highlights giornalieri. Ha l&#8217;obiettivo di fornire un <strong>calendario di prenotazione<\/strong> semplice, intuitivo e pulito che permetta di avere una visione panoramica su tutte le attivit\u00e0 riguardanti il tuo business. In questo modo potrai avere tutte le informazioni riguardanti la prenotazione (nome cliente, data check-in e check-out, numero e tariffa della camera) ordinate in un&#8217;unica <strong>piattaforma online basata su cloud<\/strong>, a cui puoi accedere ovunque e in qualsiasi momento.<\/p>\n<h2>COME FUNZIONA ROOMSY &#8211; TUTORIAL<\/h2>\n<p>Diamo un&#8217;occhiata a questo video per comprendere come utilizzare Roomsy:<\/p>\n<div id=\"fluid-wrapper-counter-1\" class=\"g1-fluid-wrapper \" style=\"width:686px;\">\n<div style=\"padding-bottom:56.268221574344%;\"><iframe loading=\"lazy\" title=\"Roomsy Tutorial - Main\" width=\"515\" height=\"386\" src=\"https:\/\/www.youtube.com\/embed\/i5z89PlYkyI?feature=oembed&amp;wmode=transparent&amp;autohide=1&amp;autoplay=0&amp;disablekb=0&amp;fs=1&amp;loop=0&amp;enablejsapi=1&amp;rel=0&amp;controls=2&amp;showinfo=0&amp;wmode=transparent&amp;autohide=2&amp;autoplay=0&amp;disablekb=0&amp;fs=1&amp;loop=0&amp;enablejsapi=1&amp;rel=0&amp;controls=2&amp;showinfo=1\" frameborder=\"0\" allow=\"accelerometer; autoplay; encrypted-media; gyroscope; picture-in-picture\" allowfullscreen><\/iframe><\/div>\n<\/div>\n<h3>ROOMSY &#8211; CARATTERISTICHE<\/h3>\n<p>Ecco le sue caratteristiche principali:<\/p>\n<ul>\n<li>Calendario di prenotazione pulito e semplice<\/li>\n<li>Gestione delle stanze<\/li>\n<li>Fatture personalizzabili<\/li>\n<li>Motore di prenotazione online<\/li>\n<li>Report affidabili<\/li>\n<li>Gestione dei dipendenti<\/li>\n<li>Strumenti di pulizia<\/li>\n<li>Elaborazione del pagamento Scure<\/li>\n<\/ul>\n<h3>LE RECENSIONI DEGLI UTENTI<\/h3>\n<p><strong>&#8220;Ottimo prodotto&#8221;<\/strong><br \/>\nIN GENERALE: Nel complesso, \u00e8 necessario un software che semplifichi la tua vita personale e aziendale e non aggiunga ulteriori complicazioni oltre a quelle che di solito hai. Il software \u00e8 ottimo per la formazione di nuovi dipendenti e fornire a ciascuno un account. \u00c8 affidabile e, soprattutto, il supporto \u00e8 effettivamente l\u00ec.<br \/>\nPRO: Molto facile da usare soprattutto se ci sono vari membri dello staff che ci lavorano. Addestrare un nuovo arrivato con non pi\u00f9 di un diploma di scuola superiore \u00e8 molto semplice e diretto. I nuovi dipendenti possono impararlo letteralmente in pochi giorni. Quindi non devi preoccuparti di sostituire un receptionist con il software. Puoi anche effettuare la prenotazione da solo in remoto, quindi a volte non ho nemmeno bisogno di un receptionist per farlo.<br \/>\nCONTRO: Beh, ogni sistema ha piccoli difetti ma il supporto tecnico \u00e8 eccezionale. Posso citare, ad esempio, il team di supporto che risponde tempestivamente alle nostre preoccupazioni aziendali e pu\u00f2 correggere o apportare modifiche quasi immediatamente.<\/p>\n<p><strong>&#8220;Sistema di gestione alberghiera migliore ed economico.&#8221;<\/strong><br \/>\nIN GENERALE: facilit\u00e0 d&#8217;uso e poco costoso.<br \/>\nPRO: l&#8217;integrazione tra roomy e OTA (agenzia di viaggi online) \u00e8 in tempo reale per evitare errori. Il motore di prenotazione \u00e8 molto facile da usare e utile per gestire le nostre camere disponibili. Il prezzo \u00e8 molto conveniente.<br \/>\nCONTRO: Quello che mi piace di meno di questo software \u00e8 il tempo di supporto che \u00e8 di 15 ore diverso dalla nostra posizione. Oltre a ci\u00f2, \u00e8 molto difficile trovare un difetto di questo software. Mi piace davvero tanto.<\/p>\n<p><strong>&#8220;Molto soddisfatto del buon rapporto qualit\u00e0-prezzo del prodotto.&#8221;<\/strong><br \/>\nPRO: Roomsy \u00e8 stato molto semplice da configurare. \u00c8 stato molto facile da usare e comprendere tutte le funzionalit\u00e0. Formare gli altri sul programma \u00e8 stato semplice.<br \/>\nCOBTRO: Mi \u00e8 piaciuto poter inviare per email le fatture dal programma direttamente ai clienti. Una buona caratteristica da aggiungere sarebbe un elenco che mostra quali fatture sono state inviate in quel giorno o mese ecC. Dovrei tornare su ogni conto se non fossi sicuro di aver gi\u00e0 inviato la fattura.<\/p>\n","protected":false},"excerpt":{"rendered":"<p>Roomsy \u00e8 un programma gestionale di alberghi, hotel, appartamenti, campeggi, resort, motel, ritiri, residenze per studenti che hanno bisogno di monitorare e visualizzare i clienti esistenti, le prenotazioni, i clienti che hanno appena effettuato il check-out e gli highlights giornalieri.<\/p>\n","protected":false},"author":17,"featured_media":22872,"parent":0,"menu_order":0,"comment_status":"open","ping_status":"closed","template":"g1_template_page_review_new.php","meta":{"_acf_changed":false,"cwp_meta_box_check":"Yes","cwp_rev_product_name":"","cwp_rev_product_image":"","wppr_links":[],"cwp_rev_price":"","wppr_options":[],"wppr_pros":[],"wppr_cons":[],"_monsterinsights_skip_tracking":false,"_monsterinsights_sitenote_active":false,"_monsterinsights_sitenote_note":"","_monsterinsights_sitenote_category":0,"footnotes":""},"categories":[1720],"tags":[1723,1721,1173,1752,1731],"features":[],"class_list":{"0":"post-22871","1":"page","2":"type-page","3":"status-publish","4":"has-post-thumbnail","6":"category-gestionali-hotel-categoria","7":"tag-alberghi","8":"tag-gestionale-hotel","9":"tag-hotel","10":"tag-software-gestione-alberghiera","11":"tag-soluzione-gestione-albergo"},"wppr_data":{"cwp_meta_box_check":"Yes","cwp_rev_product_name":"","cwp_rev_product_image":"","cwp_image_link":"image","cwp_rev_price":"","wppr_rating":"0.00"},"acf":[],"yoast_head":"<!-- This site is optimized with the Yoast SEO plugin v27.4 - https:\/\/yoast.com\/product\/yoast-seo-wordpress\/ -->\n<title>Roomsy: recensione programma gestionale di hotel - Accurate Reviews<\/title>\n<meta name=\"description\" content=\"Roomsy: recensione del programma gestionale di alberghi, hotel, appartamenti, campeggi, resort, motel, ritiri, residenze per studenti.\" \/>\n<meta name=\"robots\" content=\"index, follow, max-snippet:-1, max-image-preview:large, max-video-preview:-1\" \/>\n<link rel=\"canonical\" href=\"https:\/\/www.accuratereviews.com\/it\/roomsy-recensione\/\" \/>\n<meta property=\"og:locale\" content=\"it_IT\" \/>\n<meta property=\"og:type\" content=\"article\" \/>\n<meta property=\"og:title\" content=\"Roomsy: recensione programma gestionale di hotel - Accurate Reviews\" \/>\n<meta property=\"og:description\" content=\"Roomsy: recensione del programma gestionale di alberghi, hotel, appartamenti, campeggi, resort, motel, ritiri, residenze per studenti.\" \/>\n<meta property=\"og:url\" content=\"https:\/\/www.accuratereviews.com\/it\/roomsy-recensione\/\" \/>\n<meta property=\"og:site_name\" content=\"Accurate Reviews\" \/>\n<meta property=\"og:image\" content=\"https:\/\/www.accuratereviews.com\/wp-content\/uploads\/2020\/02\/download.png\" \/>\n\t<meta property=\"og:image:width\" content=\"429\" \/>\n\t<meta property=\"og:image:height\" content=\"117\" \/>\n\t<meta property=\"og:image:type\" content=\"image\/png\" \/>\n<meta name=\"twitter:card\" content=\"summary_large_image\" \/>\n<meta name=\"twitter:label1\" content=\"Tempo di lettura stimato\" \/>\n\t<meta name=\"twitter:data1\" content=\"2 minuti\" \/>\n<script type=\"application\/ld+json\" class=\"yoast-schema-graph\">{\"@context\":\"https:\\\/\\\/schema.org\",\"@graph\":[{\"@type\":\"WebPage\",\"@id\":\"https:\\\/\\\/www.accuratereviews.com\\\/it\\\/roomsy-recensione\\\/\",\"url\":\"https:\\\/\\\/www.accuratereviews.com\\\/it\\\/roomsy-recensione\\\/\",\"name\":\"Roomsy: recensione programma gestionale di hotel - Accurate Reviews\",\"isPartOf\":{\"@id\":\"https:\\\/\\\/www.accuratereviews.com\\\/it\\\/#website\"},\"primaryImageOfPage\":{\"@id\":\"https:\\\/\\\/www.accuratereviews.com\\\/it\\\/roomsy-recensione\\\/#primaryimage\"},\"image\":{\"@id\":\"https:\\\/\\\/www.accuratereviews.com\\\/it\\\/roomsy-recensione\\\/#primaryimage\"},\"thumbnailUrl\":\"https:\\\/\\\/www.accuratereviews.com\\\/wp-content\\\/uploads\\\/2020\\\/02\\\/download.png\",\"datePublished\":\"2020-02-05T16:46:47+00:00\",\"description\":\"Roomsy: recensione del programma gestionale di alberghi, hotel, appartamenti, campeggi, resort, motel, ritiri, residenze per studenti.\",\"breadcrumb\":{\"@id\":\"https:\\\/\\\/www.accuratereviews.com\\\/it\\\/roomsy-recensione\\\/#breadcrumb\"},\"inLanguage\":\"it-IT\",\"potentialAction\":[{\"@type\":\"ReadAction\",\"target\":[\"https:\\\/\\\/www.accuratereviews.com\\\/it\\\/roomsy-recensione\\\/\"]}]},{\"@type\":\"ImageObject\",\"inLanguage\":\"it-IT\",\"@id\":\"https:\\\/\\\/www.accuratereviews.com\\\/it\\\/roomsy-recensione\\\/#primaryimage\",\"url\":\"https:\\\/\\\/www.accuratereviews.com\\\/wp-content\\\/uploads\\\/2020\\\/02\\\/download.png\",\"contentUrl\":\"https:\\\/\\\/www.accuratereviews.com\\\/wp-content\\\/uploads\\\/2020\\\/02\\\/download.png\",\"width\":429,\"height\":117},{\"@type\":\"BreadcrumbList\",\"@id\":\"https:\\\/\\\/www.accuratereviews.com\\\/it\\\/roomsy-recensione\\\/#breadcrumb\",\"itemListElement\":[{\"@type\":\"ListItem\",\"position\":1,\"name\":\"Home\",\"item\":\"https:\\\/\\\/www.accuratereviews.com\\\/it\\\/\"},{\"@type\":\"ListItem\",\"position\":2,\"name\":\"Roomsy\"}]},{\"@type\":\"WebSite\",\"@id\":\"https:\\\/\\\/www.accuratereviews.com\\\/it\\\/#website\",\"url\":\"https:\\\/\\\/www.accuratereviews.com\\\/it\\\/\",\"name\":\"Accurate Reviews\",\"description\":\"\",\"potentialAction\":[{\"@type\":\"SearchAction\",\"target\":{\"@type\":\"EntryPoint\",\"urlTemplate\":\"https:\\\/\\\/www.accuratereviews.com\\\/it\\\/?s={search_term_string}\"},\"query-input\":{\"@type\":\"PropertyValueSpecification\",\"valueRequired\":true,\"valueName\":\"search_term_string\"}}],\"inLanguage\":\"it-IT\"}]}<\/script>\n<!-- \/ Yoast SEO plugin. -->","yoast_head_json":{"title":"Roomsy: recensione programma gestionale di hotel - Accurate Reviews","description":"Roomsy: recensione del programma gestionale di alberghi, hotel, appartamenti, campeggi, resort, motel, ritiri, residenze per studenti.","robots":{"index":"index","follow":"follow","max-snippet":"max-snippet:-1","max-image-preview":"max-image-preview:large","max-video-preview":"max-video-preview:-1"},"canonical":"https:\/\/www.accuratereviews.com\/it\/roomsy-recensione\/","og_locale":"it_IT","og_type":"article","og_title":"Roomsy: recensione programma gestionale di hotel - Accurate Reviews","og_description":"Roomsy: recensione del programma gestionale di alberghi, hotel, appartamenti, campeggi, resort, motel, ritiri, residenze per studenti.","og_url":"https:\/\/www.accuratereviews.com\/it\/roomsy-recensione\/","og_site_name":"Accurate Reviews","og_image":[{"width":429,"height":117,"url":"https:\/\/www.accuratereviews.com\/wp-content\/uploads\/2020\/02\/download.png","type":"image\/png"}],"twitter_card":"summary_large_image","twitter_misc":{"Tempo di lettura stimato":"2 minuti"},"schema":{"@context":"https:\/\/schema.org","@graph":[{"@type":"WebPage","@id":"https:\/\/www.accuratereviews.com\/it\/roomsy-recensione\/","url":"https:\/\/www.accuratereviews.com\/it\/roomsy-recensione\/","name":"Roomsy: recensione programma gestionale di hotel - Accurate Reviews","isPartOf":{"@id":"https:\/\/www.accuratereviews.com\/it\/#website"},"primaryImageOfPage":{"@id":"https:\/\/www.accuratereviews.com\/it\/roomsy-recensione\/#primaryimage"},"image":{"@id":"https:\/\/www.accuratereviews.com\/it\/roomsy-recensione\/#primaryimage"},"thumbnailUrl":"https:\/\/www.accuratereviews.com\/wp-content\/uploads\/2020\/02\/download.png","datePublished":"2020-02-05T16:46:47+00:00","description":"Roomsy: recensione del programma gestionale di alberghi, hotel, appartamenti, campeggi, resort, motel, ritiri, residenze per studenti.","breadcrumb":{"@id":"https:\/\/www.accuratereviews.com\/it\/roomsy-recensione\/#breadcrumb"},"inLanguage":"it-IT","potentialAction":[{"@type":"ReadAction","target":["https:\/\/www.accuratereviews.com\/it\/roomsy-recensione\/"]}]},{"@type":"ImageObject","inLanguage":"it-IT","@id":"https:\/\/www.accuratereviews.com\/it\/roomsy-recensione\/#primaryimage","url":"https:\/\/www.accuratereviews.com\/wp-content\/uploads\/2020\/02\/download.png","contentUrl":"https:\/\/www.accuratereviews.com\/wp-content\/uploads\/2020\/02\/download.png","width":429,"height":117},{"@type":"BreadcrumbList","@id":"https:\/\/www.accuratereviews.com\/it\/roomsy-recensione\/#breadcrumb","itemListElement":[{"@type":"ListItem","position":1,"name":"Home","item":"https:\/\/www.accuratereviews.com\/it\/"},{"@type":"ListItem","position":2,"name":"Roomsy"}]},{"@type":"WebSite","@id":"https:\/\/www.accuratereviews.com\/it\/#website","url":"https:\/\/www.accuratereviews.com\/it\/","name":"Accurate Reviews","description":"","potentialAction":[{"@type":"SearchAction","target":{"@type":"EntryPoint","urlTemplate":"https:\/\/www.accuratereviews.com\/it\/?s={search_term_string}"},"query-input":{"@type":"PropertyValueSpecification","valueRequired":true,"valueName":"search_term_string"}}],"inLanguage":"it-IT"}]}},"_links":{"self":[{"href":"https:\/\/www.accuratereviews.com\/it\/wp-json\/wp\/v2\/pages\/22871","targetHints":{"allow":["GET"]}}],"collection":[{"href":"https:\/\/www.accuratereviews.com\/it\/wp-json\/wp\/v2\/pages"}],"about":[{"href":"https:\/\/www.accuratereviews.com\/it\/wp-json\/wp\/v2\/types\/page"}],"author":[{"embeddable":true,"href":"https:\/\/www.accuratereviews.com\/it\/wp-json\/wp\/v2\/users\/17"}],"replies":[{"embeddable":true,"href":"https:\/\/www.accuratereviews.com\/it\/wp-json\/wp\/v2\/comments?post=22871"}],"version-history":[{"count":2,"href":"https:\/\/www.accuratereviews.com\/it\/wp-json\/wp\/v2\/pages\/22871\/revisions"}],"predecessor-version":[{"id":22883,"href":"https:\/\/www.accuratereviews.com\/it\/wp-json\/wp\/v2\/pages\/22871\/revisions\/22883"}],"wp:featuredmedia":[{"embeddable":true,"href":"https:\/\/www.accuratereviews.com\/it\/wp-json\/wp\/v2\/media\/22872"}],"wp:attachment":[{"href":"https:\/\/www.accuratereviews.com\/it\/wp-json\/wp\/v2\/media?parent=22871"}],"wp:term":[{"taxonomy":"category","embeddable":true,"href":"https:\/\/www.accuratereviews.com\/it\/wp-json\/wp\/v2\/categories?post=22871"},{"taxonomy":"post_tag","embeddable":true,"href":"https:\/\/www.accuratereviews.com\/it\/wp-json\/wp\/v2\/tags?post=22871"},{"taxonomy":"features","embeddable":true,"href":"https:\/\/www.accuratereviews.com\/it\/wp-json\/wp\/v2\/features?post=22871"}],"curies":[{"name":"wp","href":"https:\/\/api.w.org\/{rel}","templated":true}]}}