{"id":22888,"date":"2020-02-06T15:41:20","date_gmt":"2020-02-06T15:41:20","guid":{"rendered":"https:\/\/www.accuratereviews.com\/?page_id=22888"},"modified":"2020-02-06T15:41:20","modified_gmt":"2020-02-06T15:41:20","slug":"skytouch-hotel-os-recensione","status":"publish","type":"page","link":"https:\/\/www.accuratereviews.com\/it\/skytouch-hotel-os-recensione\/","title":{"rendered":"SkyTouch Hotel OS"},"content":{"rendered":"<p class=\"h2 mb-1\"><strong>SkyTouch Hotel OS<\/strong> \u00e8 un <strong>software gestionale progettato per hotel e strutture alberghiere<\/strong> di qualsiasi dimensione che vogliono migliorare la gestione del loro flusso di lavoro, ottimizzando tutti quei processi che quotidianamente richiedono tempi lunghi e fatica. Grazie a questo<strong> sistema di gestione delle propriet\u00e0 alberghiere (PMS)<\/strong>, potrai far crescere il tuo business in modo semplice e veloce. La piattaforma \u00e8 online, basata sul Cloud e disponibile anche per i <strong>dispositivi mobile iOS e Android<\/strong> cos\u00ec che tu possa organizzare e gestire le prenotazioni direttamente dal tuo smartphone o tablet.<\/p>\n<h2>COME FUNZIONA SKYTOUCH HOTEL OS &#8211; TUTORIAL<\/h2>\n<p>Ecco un video che ci mostra qualcosa di pi\u00f9:<\/p>\n<div id=\"fluid-wrapper-counter-1\" class=\"g1-fluid-wrapper \" style=\"width:686px;\">\n<div style=\"padding-bottom:56.268221574344%;\"><iframe loading=\"lazy\" title=\"SkyTouch Hotel OS\" src=\"https:\/\/player.vimeo.com\/video\/79755773?dnt=1&amp;app_id=122963?title=0&amp;byline=0&amp;portrait=0\" width=\"640\" height=\"358\" frameborder=\"0\" allow=\"autoplay; fullscreen\" allowfullscreen><\/iframe><\/div>\n<\/div>\n<h3>SKYTOUCH HOTEL OS &#8211; CARATTERISTICHE<\/h3>\n<p>Di seguito le sue principali caratteristiche:<\/p>\n<ul>\n<li><strong>Interfaccia utente<\/strong>: utilizza una dashboard semplice e pulita, progettata in modo intuitivo per farti risparmiare tempo nella formazione e ridurre il numero di risorse necessarie per operare con successo ed efficienza<\/li>\n<li><strong>Esperienza dell&#8217;ospite<\/strong>: con questo strumento, i tuoi ospiti riceveranno un&#8217;esperienza straordinaria che render\u00e0 il loro soggiorno memorabile<\/li>\n<li><strong>Grafico a nastro<\/strong>: offre uno spazio intuitivo per le prenotazioni di servizio. Visualizza la disponibilit\u00e0 delle camere, ottimizza l&#8217;utilizzo delle camere ed effettua, modifica o cancella le prenotazioni da un&#8217;unica schermata<\/li>\n<li><strong>Servizio di pulizia e manutenzione della camera<\/strong>: aggiorna lo stato della stanza istantaneamente e ovunque sulla propriet\u00e0 con il tuo tablet o dispositivo mobile in modo che il tuo personale sia costantemente aggiornato<\/li>\n<li><strong>Gestione dei gruppi<\/strong>: gestisci rapidamente diversi tipi di gruppi e prenotazioni di gruppi da un&#8217;unica posizione<\/li>\n<li><strong>Integrazioni<\/strong>: accedi alle numerose integrazioni cos\u00ec da poter avere tutto ci\u00f2 di cui hai bisogno.<\/li>\n<\/ul>\n<h3>LE RECENSIONI DEGLI UTENTI<\/h3>\n<p><strong>&#8220;Hanno capito bene le basi del PMS&#8221;<\/strong><br \/>\nIN GENERALE: l&#8217;esperienza complessiva \u00e8 molto positiva dal nostro team operativo. Come DOS non vedo l&#8217;ora che la Skytouch pubblicizzi le funzioni di vendita in modo da poter avere un componente di vendita di gruppo integrato e interfacciato!<br \/>\nPRO: questo software di gestione alberghiera di base \u00e8 facile da usare e affidabile.<br \/>\nCONTRO: Skytouch non ha funzioni di supporto alle vendite di gruppo sulle quali sono diventato dipendente da altri sistemi in altre propriet\u00e0.<\/p>\n<p><strong>&#8220;SkyTouch Ease&#8221;<\/strong><br \/>\nIN GENERALE: cos\u00ec facile da usare. Consiglio questo prodotto a tutti i proprietari di hotel con oltre 40 camere.<br \/>\nPRO: molto semplice e facile da usare. Facile da formare dipendenti. L&#8217;assistenza clienti \u00e8 diventata pi\u00f9 veloce nell&#8217;ultimo anno.<br \/>\nCONTRO: i corsi di formazione sono troppo semplificati. Ancora un prodotto in evoluzione. Alcune categorie sono inutili e altre possono essere espanse.<\/p>\n<p><strong>&#8220;Ottimo sistema operativo&#8221;<\/strong><br \/>\nIN GENERALE: grande esperienza principalmente dovuta alla progettazione del software. Si \u00e8 integrato bene e, soprattutto, fornisce aggiornamenti e formazione che consentono a tutti di accelerare e ottenere un&#8217;implementazione rapida e senza soluzione di continuit\u00e0.<br \/>\nPRO: il sistema \u00e8 stato creato per essere facile da usare e formare rapidamente nuovi dipendenti. Permette di rendere facilmente conto degli scenari flessibili attraverso un ottimo design del flusso di prodotto.<br \/>\nCONTRO: A volte l&#8217;assistenza clienti \u00e8 stata difficile e il tempo necessario per la risoluzione \u00e8 stato pi\u00f9 lungo del previsto. Anche se lo ammetto, era raro che avessimo problemi di sistema o tempi di inattivit\u00e0.<\/p>\n","protected":false},"excerpt":{"rendered":"<p>SkyTouch Hotel OS \u00e8 un software gestionale progettato per hotel e strutture alberghiere di qualsiasi dimensione che vogliono migliorare la gestione del loro flusso di lavoro, ottimizzando tutti quei processi che quotidianamente richiedono tempi lunghi e fatica. Grazie a questo sistema di gestione delle propriet\u00e0 alberghiere (PMS), potrai far crescere il tuo business in modo semplice e veloce.<\/p>\n","protected":false},"author":17,"featured_media":22900,"parent":0,"menu_order":0,"comment_status":"open","ping_status":"closed","template":"g1_template_page_review_new.php","meta":{"_acf_changed":false,"cwp_meta_box_check":"Yes","cwp_rev_product_name":"","cwp_rev_product_image":"","wppr_links":[],"cwp_rev_price":"","wppr_options":[],"wppr_pros":[],"wppr_cons":[],"_monsterinsights_skip_tracking":false,"_monsterinsights_sitenote_active":false,"_monsterinsights_sitenote_note":"","_monsterinsights_sitenote_category":0,"footnotes":""},"categories":[1720],"tags":[1723,1721,1173,1722,1731],"features":[],"class_list":{"0":"post-22888","1":"page","2":"type-page","3":"status-publish","4":"has-post-thumbnail","6":"category-gestionali-hotel-categoria","7":"tag-alberghi","8":"tag-gestionale-hotel","9":"tag-hotel","10":"tag-software-di-gestione-alberghiera","11":"tag-soluzione-gestione-albergo"},"wppr_data":{"cwp_meta_box_check":"Yes","cwp_rev_product_name":"","cwp_rev_product_image":"","cwp_image_link":"image","cwp_rev_price":"","wppr_rating":"0.00"},"acf":[],"yoast_head":"<!-- This site is optimized with the Yoast SEO plugin v27.4 - https:\/\/yoast.com\/product\/yoast-seo-wordpress\/ -->\n<title>SkyTouch Hotel OS: recensione gestionale hotel - Accurate Reviews<\/title>\n<meta name=\"description\" content=\"SkyTouch Hotel OS: recensione del software gestionale progettato per hotel e strutture alberghiere di qualsiasi dimensione.\" \/>\n<meta name=\"robots\" content=\"index, follow, max-snippet:-1, max-image-preview:large, max-video-preview:-1\" \/>\n<link rel=\"canonical\" href=\"https:\/\/www.accuratereviews.com\/it\/skytouch-hotel-os-recensione\/\" \/>\n<meta property=\"og:locale\" content=\"it_IT\" \/>\n<meta property=\"og:type\" content=\"article\" \/>\n<meta property=\"og:title\" content=\"SkyTouch Hotel OS: recensione gestionale hotel - Accurate Reviews\" \/>\n<meta property=\"og:description\" content=\"SkyTouch Hotel OS: recensione del software gestionale progettato per hotel e strutture alberghiere di qualsiasi dimensione.\" \/>\n<meta property=\"og:url\" content=\"https:\/\/www.accuratereviews.com\/it\/skytouch-hotel-os-recensione\/\" \/>\n<meta property=\"og:site_name\" content=\"Accurate Reviews\" \/>\n<meta property=\"og:image\" content=\"https:\/\/www.accuratereviews.com\/wp-content\/uploads\/2020\/02\/2bc48957-bb6f-47df-8c88-6ebad47e3384skytouch_technology_logo.jpg\" \/>\n\t<meta property=\"og:image:width\" content=\"375\" \/>\n\t<meta property=\"og:image:height\" content=\"250\" \/>\n\t<meta property=\"og:image:type\" content=\"image\/jpeg\" \/>\n<meta name=\"twitter:card\" content=\"summary_large_image\" \/>\n<meta name=\"twitter:label1\" content=\"Tempo di lettura stimato\" \/>\n\t<meta name=\"twitter:data1\" content=\"3 minuti\" \/>\n<script type=\"application\/ld+json\" class=\"yoast-schema-graph\">{\"@context\":\"https:\\\/\\\/schema.org\",\"@graph\":[{\"@type\":\"WebPage\",\"@id\":\"https:\\\/\\\/www.accuratereviews.com\\\/it\\\/skytouch-hotel-os-recensione\\\/\",\"url\":\"https:\\\/\\\/www.accuratereviews.com\\\/it\\\/skytouch-hotel-os-recensione\\\/\",\"name\":\"SkyTouch Hotel OS: recensione gestionale hotel - Accurate Reviews\",\"isPartOf\":{\"@id\":\"https:\\\/\\\/www.accuratereviews.com\\\/it\\\/#website\"},\"primaryImageOfPage\":{\"@id\":\"https:\\\/\\\/www.accuratereviews.com\\\/it\\\/skytouch-hotel-os-recensione\\\/#primaryimage\"},\"image\":{\"@id\":\"https:\\\/\\\/www.accuratereviews.com\\\/it\\\/skytouch-hotel-os-recensione\\\/#primaryimage\"},\"thumbnailUrl\":\"https:\\\/\\\/www.accuratereviews.com\\\/wp-content\\\/uploads\\\/2020\\\/02\\\/2bc48957-bb6f-47df-8c88-6ebad47e3384skytouch_technology_logo.jpg\",\"datePublished\":\"2020-02-06T15:41:20+00:00\",\"description\":\"SkyTouch Hotel OS: recensione del software gestionale progettato per hotel e strutture alberghiere di qualsiasi dimensione.\",\"breadcrumb\":{\"@id\":\"https:\\\/\\\/www.accuratereviews.com\\\/it\\\/skytouch-hotel-os-recensione\\\/#breadcrumb\"},\"inLanguage\":\"it-IT\",\"potentialAction\":[{\"@type\":\"ReadAction\",\"target\":[\"https:\\\/\\\/www.accuratereviews.com\\\/it\\\/skytouch-hotel-os-recensione\\\/\"]}]},{\"@type\":\"ImageObject\",\"inLanguage\":\"it-IT\",\"@id\":\"https:\\\/\\\/www.accuratereviews.com\\\/it\\\/skytouch-hotel-os-recensione\\\/#primaryimage\",\"url\":\"https:\\\/\\\/www.accuratereviews.com\\\/wp-content\\\/uploads\\\/2020\\\/02\\\/2bc48957-bb6f-47df-8c88-6ebad47e3384skytouch_technology_logo.jpg\",\"contentUrl\":\"https:\\\/\\\/www.accuratereviews.com\\\/wp-content\\\/uploads\\\/2020\\\/02\\\/2bc48957-bb6f-47df-8c88-6ebad47e3384skytouch_technology_logo.jpg\",\"width\":375,\"height\":250},{\"@type\":\"BreadcrumbList\",\"@id\":\"https:\\\/\\\/www.accuratereviews.com\\\/it\\\/skytouch-hotel-os-recensione\\\/#breadcrumb\",\"itemListElement\":[{\"@type\":\"ListItem\",\"position\":1,\"name\":\"Home\",\"item\":\"https:\\\/\\\/www.accuratereviews.com\\\/it\\\/\"},{\"@type\":\"ListItem\",\"position\":2,\"name\":\"SkyTouch Hotel OS\"}]},{\"@type\":\"WebSite\",\"@id\":\"https:\\\/\\\/www.accuratereviews.com\\\/it\\\/#website\",\"url\":\"https:\\\/\\\/www.accuratereviews.com\\\/it\\\/\",\"name\":\"Accurate Reviews\",\"description\":\"\",\"potentialAction\":[{\"@type\":\"SearchAction\",\"target\":{\"@type\":\"EntryPoint\",\"urlTemplate\":\"https:\\\/\\\/www.accuratereviews.com\\\/it\\\/?s={search_term_string}\"},\"query-input\":{\"@type\":\"PropertyValueSpecification\",\"valueRequired\":true,\"valueName\":\"search_term_string\"}}],\"inLanguage\":\"it-IT\"}]}<\/script>\n<!-- \/ Yoast SEO plugin. -->","yoast_head_json":{"title":"SkyTouch Hotel OS: recensione gestionale hotel - Accurate Reviews","description":"SkyTouch Hotel OS: recensione del software gestionale progettato per hotel e strutture alberghiere di qualsiasi dimensione.","robots":{"index":"index","follow":"follow","max-snippet":"max-snippet:-1","max-image-preview":"max-image-preview:large","max-video-preview":"max-video-preview:-1"},"canonical":"https:\/\/www.accuratereviews.com\/it\/skytouch-hotel-os-recensione\/","og_locale":"it_IT","og_type":"article","og_title":"SkyTouch Hotel OS: recensione gestionale hotel - Accurate Reviews","og_description":"SkyTouch Hotel OS: recensione del software gestionale progettato per hotel e strutture alberghiere di qualsiasi dimensione.","og_url":"https:\/\/www.accuratereviews.com\/it\/skytouch-hotel-os-recensione\/","og_site_name":"Accurate Reviews","og_image":[{"width":375,"height":250,"url":"https:\/\/www.accuratereviews.com\/wp-content\/uploads\/2020\/02\/2bc48957-bb6f-47df-8c88-6ebad47e3384skytouch_technology_logo.jpg","type":"image\/jpeg"}],"twitter_card":"summary_large_image","twitter_misc":{"Tempo di lettura stimato":"3 minuti"},"schema":{"@context":"https:\/\/schema.org","@graph":[{"@type":"WebPage","@id":"https:\/\/www.accuratereviews.com\/it\/skytouch-hotel-os-recensione\/","url":"https:\/\/www.accuratereviews.com\/it\/skytouch-hotel-os-recensione\/","name":"SkyTouch Hotel OS: recensione gestionale hotel - Accurate Reviews","isPartOf":{"@id":"https:\/\/www.accuratereviews.com\/it\/#website"},"primaryImageOfPage":{"@id":"https:\/\/www.accuratereviews.com\/it\/skytouch-hotel-os-recensione\/#primaryimage"},"image":{"@id":"https:\/\/www.accuratereviews.com\/it\/skytouch-hotel-os-recensione\/#primaryimage"},"thumbnailUrl":"https:\/\/www.accuratereviews.com\/wp-content\/uploads\/2020\/02\/2bc48957-bb6f-47df-8c88-6ebad47e3384skytouch_technology_logo.jpg","datePublished":"2020-02-06T15:41:20+00:00","description":"SkyTouch Hotel OS: recensione del software gestionale progettato per hotel e strutture alberghiere di qualsiasi dimensione.","breadcrumb":{"@id":"https:\/\/www.accuratereviews.com\/it\/skytouch-hotel-os-recensione\/#breadcrumb"},"inLanguage":"it-IT","potentialAction":[{"@type":"ReadAction","target":["https:\/\/www.accuratereviews.com\/it\/skytouch-hotel-os-recensione\/"]}]},{"@type":"ImageObject","inLanguage":"it-IT","@id":"https:\/\/www.accuratereviews.com\/it\/skytouch-hotel-os-recensione\/#primaryimage","url":"https:\/\/www.accuratereviews.com\/wp-content\/uploads\/2020\/02\/2bc48957-bb6f-47df-8c88-6ebad47e3384skytouch_technology_logo.jpg","contentUrl":"https:\/\/www.accuratereviews.com\/wp-content\/uploads\/2020\/02\/2bc48957-bb6f-47df-8c88-6ebad47e3384skytouch_technology_logo.jpg","width":375,"height":250},{"@type":"BreadcrumbList","@id":"https:\/\/www.accuratereviews.com\/it\/skytouch-hotel-os-recensione\/#breadcrumb","itemListElement":[{"@type":"ListItem","position":1,"name":"Home","item":"https:\/\/www.accuratereviews.com\/it\/"},{"@type":"ListItem","position":2,"name":"SkyTouch Hotel OS"}]},{"@type":"WebSite","@id":"https:\/\/www.accuratereviews.com\/it\/#website","url":"https:\/\/www.accuratereviews.com\/it\/","name":"Accurate Reviews","description":"","potentialAction":[{"@type":"SearchAction","target":{"@type":"EntryPoint","urlTemplate":"https:\/\/www.accuratereviews.com\/it\/?s={search_term_string}"},"query-input":{"@type":"PropertyValueSpecification","valueRequired":true,"valueName":"search_term_string"}}],"inLanguage":"it-IT"}]}},"_links":{"self":[{"href":"https:\/\/www.accuratereviews.com\/it\/wp-json\/wp\/v2\/pages\/22888","targetHints":{"allow":["GET"]}}],"collection":[{"href":"https:\/\/www.accuratereviews.com\/it\/wp-json\/wp\/v2\/pages"}],"about":[{"href":"https:\/\/www.accuratereviews.com\/it\/wp-json\/wp\/v2\/types\/page"}],"author":[{"embeddable":true,"href":"https:\/\/www.accuratereviews.com\/it\/wp-json\/wp\/v2\/users\/17"}],"replies":[{"embeddable":true,"href":"https:\/\/www.accuratereviews.com\/it\/wp-json\/wp\/v2\/comments?post=22888"}],"version-history":[{"count":5,"href":"https:\/\/www.accuratereviews.com\/it\/wp-json\/wp\/v2\/pages\/22888\/revisions"}],"predecessor-version":[{"id":25864,"href":"https:\/\/www.accuratereviews.com\/it\/wp-json\/wp\/v2\/pages\/22888\/revisions\/25864"}],"wp:featuredmedia":[{"embeddable":true,"href":"https:\/\/www.accuratereviews.com\/it\/wp-json\/wp\/v2\/media\/22900"}],"wp:attachment":[{"href":"https:\/\/www.accuratereviews.com\/it\/wp-json\/wp\/v2\/media?parent=22888"}],"wp:term":[{"taxonomy":"category","embeddable":true,"href":"https:\/\/www.accuratereviews.com\/it\/wp-json\/wp\/v2\/categories?post=22888"},{"taxonomy":"post_tag","embeddable":true,"href":"https:\/\/www.accuratereviews.com\/it\/wp-json\/wp\/v2\/tags?post=22888"},{"taxonomy":"features","embeddable":true,"href":"https:\/\/www.accuratereviews.com\/it\/wp-json\/wp\/v2\/features?post=22888"}],"curies":[{"name":"wp","href":"https:\/\/api.w.org\/{rel}","templated":true}]}}