{"id":22918,"date":"2020-02-06T15:43:18","date_gmt":"2020-02-06T15:43:18","guid":{"rendered":"https:\/\/www.accuratereviews.com\/?page_id=22918"},"modified":"2020-12-19T10:39:57","modified_gmt":"2020-12-19T10:39:57","slug":"nightsbridge-recensione","status":"publish","type":"page","link":"https:\/\/www.accuratereviews.com\/it\/nightsbridge-recensione\/","title":{"rendered":"NightsBridge"},"content":{"rendered":"<p><strong>NightsBridge<\/strong> \u00e8 un <strong>gestionale per hotel<\/strong> specializzato per le prenotazioni online. Consenti agli ospiti di effettuare prenotazioni confermate direttamente dal tuo sito senza commissioni.\u00a0La soluzione fornir\u00e0 un pulsante o un widget &#8220;Verifica disponibilit\u00e0 e prenota online&#8221; personalizzabili e facili da usare per il tuo sito web, abbinando l&#8217;aspetto e i colori del tuo logo. Evita le doppie prenotazioni e i clienti insoddisfatti lavorando da un calendario aggiornato.\u00a0Accedi al tuo sistema di prenotazione front-office dal tuo smartphone usando la pratica app <strong>MobiBridge,<\/strong> disponibile sia per <strong>iPhone o Android<\/strong>. Puoi tenere traccia delle tue prenotazioni e aggiungerle da qualsiasi luogo. Visualizza l&#8217;intero sistema sul web da qualsiasi computer o tablet. Puoi anche controllare <a href=\"https:\/\/wcitv.com\/\" target=\"_blank\" rel=\"noopener noreferrer\">wcitv<\/a> che fornisce agli hotel intrattenimento e software a livello mondiale.<\/p>\n<h2>NIGHTSBRIDGE &#8211; TUTORIAL<\/h2>\n<p>Guardiamo questo tutorial per scoprire come sincronizzare il calendario con questo <strong>software gestionale hotel:<\/strong><\/p>\n<div id=\"fluid-wrapper-counter-1\" class=\"g1-fluid-wrapper \" style=\"width:686px;\">\n<div style=\"padding-bottom:56.268221574344%;\"><iframe loading=\"lazy\" title=\"How to Fetch iCal link in Nightsbridge\" width=\"515\" height=\"386\" src=\"https:\/\/www.youtube.com\/embed\/1eH5fz61w38?feature=oembed&amp;wmode=transparent&amp;autohide=1&amp;autoplay=0&amp;disablekb=0&amp;fs=1&amp;loop=0&amp;enablejsapi=1&amp;rel=0&amp;controls=2&amp;showinfo=0&amp;wmode=transparent&amp;autohide=2&amp;autoplay=0&amp;disablekb=0&amp;fs=1&amp;loop=0&amp;enablejsapi=1&amp;rel=0&amp;controls=2&amp;showinfo=1\" frameborder=\"0\" allow=\"accelerometer; autoplay; clipboard-write; encrypted-media; gyroscope; picture-in-picture\" allowfullscreen><\/iframe><\/div>\n<\/div>\n<h3>NIGHTSBRIDGE &#8211; CARATTERISTICHE<\/h3>\n<ul>\n<li><strong>Login agente<\/strong>: se vuoi risparmiare tempo imposta le tariffe contrattate per i tuoi agenti e collegale a una password specifica sul sistema. Gli agenti accedono al modulo di prenotazione e visualizzano le loro tariffeche nessun altro pu\u00f2 vedere<\/li>\n<li><strong>Aggiorna AirBnB e altri calendari<\/strong>: sincronizza il tuo calendario delle prenotazioni con portali e agenzie di prenotazione popolari solo con calendario come Airbnb, FlipKey e Wimdu. Fa risparmiare un sacco di tempo e ti assicura di non perdere una vendita (o overbook)<\/li>\n<li><strong>Concierge<\/strong>: i tuoi ospiti hanno mai chiesto consigli su come viaggiare in altre citt\u00e0 o cose da fare? Utilizza il servizio di prenotazione Concierge per assistere i tuoi clienti e guadagnare commissioni prenotando attivit\u00e0, noleggio auto e alloggio per le prenotazioni di viaggio successive o di overflow<\/li>\n<li><strong>Facebook BookNow<\/strong>: collega il pulsante NightsBridge BookNow alla tua pagina Facebook e offri ai tuoi visitatori la possibilit\u00e0 di prenotare direttamente dal questo popolare social<\/li>\n<li><strong>Collegamento a un PMS esistente:<\/strong> se stai gi\u00e0 utilizzando un sistema di gestione della propriet\u00e0 (PMS), NightsBridge si integra con la maggior parte dei principali sistemi di prenotazione front-office e mantiene automaticamente aggiornata la tua disponibilit\u00e0 online. Hai sempre il pieno controllo del tuo inventario<\/li>\n<li><strong>Supporto e tutorial gratuiti:<\/strong> servizi clienti gratuito, professionale e locale via telefono ed email<\/li>\n<\/ul>\n<h4>LE RECENSIONI DELGI UTENTI<\/h4>\n<h4>Kim B. &#8220;Recensione di Nightsbridge&#8221;<\/h4>\n<p><strong>Commenti<\/strong>: molto bene<\/p>\n<p><strong>Vantaggi<\/strong>: il software \u00e8 facile da usare, tutto lo staff di nightsbridge \u00e8 molto disponibile<\/p>\n<p><strong>Inconvenienti<\/strong>: il sistema di contabilit\u00e0 deve essere migliorato, abbiamo preso in considerazione la possibilit\u00e0 di passare da nightsbridge a una contabilit\u00e0 migliore che il sistema non segue con un riferimento che ne utilizza alcuni diversi su rapporti diversi, provo a utilizzare l&#8217;ID di prenotazione ma su alcuni rapporti \u00e8 necessario utilizzare l&#8217;ID account, quindi \u00e8 un numero eccessivo di riferimenti durante il controllo incrociato dei pagamenti, il rapporto di pagamento sarebbe ottimo anche se mostrasse i nomi della prenotazione e delle date ecc. quindi se c&#8217;\u00e8 confusione non dobbiamo aprire l&#8217;intera prenotazione .<\/p>\n<h4>Eugene C. &#8220;Prodotto a valore aggiunto&#8221;<\/h4>\n<p><strong>Commenti<\/strong>: Che gruppo di persone professionale, molto utile, molto amichevole e molto paziente! Eravamo nuovi in \u200b\u200bquesto settore quando abbiamo iniziato e con l&#8217;aiuto di Nightsbridge e del loro staff, siamo riusciti facilmente a gestire le cose e ora abbiamo un grande controllo delle cose. Semplicemente non possiamo andare avanti senza Nightsbridge. Prodotto fantastico!<\/p>\n<p><strong>Vantaggi<\/strong>: molto user friendly e aiuta davvero a gestire la nostra attivit\u00e0 al T. Semplicemente non possiamo provare a gestire manualmente la nostra attivit\u00e0 e questo software ci aiuta enormemente.<\/p>\n<p><strong>Inconvenienti<\/strong>: Vorrei solo avere la sincronizzazione sui nostri cellulari, poich\u00e9 devo portare il mio laptop con me ovunque io vada, per sincronizzare.<\/p>\n<h4>Richard B. &#8220;Senza Nightsbridge farei davvero fatica&#8221;<\/h4>\n<p><strong>Commenti<\/strong>: elimina le doppie prenotazioni.\u00a0Aiuta a controllare i miei calendari.\u00a0Nota che scrivo per il mio staff quando effettuano il check-in degli ospiti.<\/p>\n<p><strong>Vantaggi<\/strong>: Nightsbridge ha reso molto pi\u00f9 semplice la gestione delle mie pensioni. La funzionalit\u00e0 \u00e8 sorprendente e il supporto \u00e8 perfetto.<\/p>\n<p><strong>Inconvenienti<\/strong>: Non c&#8217;\u00e8 niente che non mi piace di Nightsbridge.<\/p>\n","protected":false},"excerpt":{"rendered":"<p>NightsBridge \u00e8 un gestionale per hotel specializzato per le prenotazioni online. Consenti agli ospiti di effettuare prenotazioni confermate direttamente dal tuo sito senza commissioni.\u00a0La soluzione fornir\u00e0 un pulsante o un widget &#8220;Verifica disponibilit\u00e0 e prenota online&#8221; personalizzabili e facili da usare per il tuo sito web, abbinando l&#8217;aspetto e i colori del tuo logo.<\/p>\n","protected":false},"author":19,"featured_media":22919,"parent":0,"menu_order":0,"comment_status":"open","ping_status":"closed","template":"g1_template_page_review_new.php","meta":{"_acf_changed":false,"cwp_meta_box_check":"Yes","cwp_rev_product_name":"","cwp_rev_product_image":"","wppr_links":[],"cwp_rev_price":"","wppr_options":[],"wppr_pros":[],"wppr_cons":[],"_monsterinsights_skip_tracking":false,"_monsterinsights_sitenote_active":false,"_monsterinsights_sitenote_note":"","_monsterinsights_sitenote_category":0,"footnotes":""},"categories":[1720],"tags":[396,1742,1756,1747,1744,1755,1729],"features":[],"class_list":{"0":"post-22918","1":"page","2":"type-page","3":"status-publish","4":"has-post-thumbnail","6":"category-gestionali-hotel-categoria","7":"tag-cloud","8":"tag-hotel-management-software","9":"tag-nightsbridge","10":"tag-programma-gestionale-hotel","11":"tag-software-gestionale-hotel","12":"tag-software-gestionale-per-albergo","13":"tag-soluzione-gestionale-hotel"},"wppr_data":{"cwp_meta_box_check":"Yes","cwp_rev_product_name":"","cwp_rev_product_image":"","cwp_image_link":"image","cwp_rev_price":"","wppr_rating":"0.00"},"acf":[],"yoast_head":"<!-- This site is optimized with the Yoast SEO plugin v27.4 - https:\/\/yoast.com\/product\/yoast-seo-wordpress\/ -->\n<title>Nightsbridge: recensione software gestionale hotel- Accurate Reviews<\/title>\n<meta name=\"description\" content=\"NightsBridge: recensione software gestionale per hotel che \u00a0fornisce strumenti di business di facile utilizzo che migliorano le prenotazioni dirette.\" \/>\n<meta name=\"robots\" content=\"index, follow, max-snippet:-1, max-image-preview:large, max-video-preview:-1\" \/>\n<link rel=\"canonical\" href=\"https:\/\/www.accuratereviews.com\/it\/nightsbridge-recensione\/\" \/>\n<meta property=\"og:locale\" content=\"it_IT\" \/>\n<meta property=\"og:type\" content=\"article\" \/>\n<meta property=\"og:title\" content=\"Nightsbridge: recensione software gestionale hotel- Accurate Reviews\" \/>\n<meta property=\"og:description\" content=\"NightsBridge: recensione software gestionale per hotel che \u00a0fornisce strumenti di business di facile utilizzo che migliorano le prenotazioni dirette.\" \/>\n<meta property=\"og:url\" content=\"https:\/\/www.accuratereviews.com\/it\/nightsbridge-recensione\/\" \/>\n<meta property=\"og:site_name\" content=\"Accurate Reviews\" \/>\n<meta property=\"article:modified_time\" content=\"2020-12-19T10:39:57+00:00\" \/>\n<meta property=\"og:image\" content=\"https:\/\/www.accuratereviews.com\/wp-content\/uploads\/2020\/02\/night.png\" \/>\n\t<meta property=\"og:image:width\" content=\"512\" \/>\n\t<meta property=\"og:image:height\" content=\"250\" \/>\n\t<meta property=\"og:image:type\" content=\"image\/png\" \/>\n<meta name=\"twitter:card\" content=\"summary_large_image\" \/>\n<meta name=\"twitter:label1\" content=\"Tempo di lettura stimato\" \/>\n\t<meta name=\"twitter:data1\" content=\"3 minuti\" \/>\n<script type=\"application\/ld+json\" class=\"yoast-schema-graph\">{\"@context\":\"https:\\\/\\\/schema.org\",\"@graph\":[{\"@type\":\"WebPage\",\"@id\":\"https:\\\/\\\/www.accuratereviews.com\\\/it\\\/nightsbridge-recensione\\\/\",\"url\":\"https:\\\/\\\/www.accuratereviews.com\\\/it\\\/nightsbridge-recensione\\\/\",\"name\":\"Nightsbridge: recensione software gestionale hotel- Accurate Reviews\",\"isPartOf\":{\"@id\":\"https:\\\/\\\/www.accuratereviews.com\\\/it\\\/#website\"},\"primaryImageOfPage\":{\"@id\":\"https:\\\/\\\/www.accuratereviews.com\\\/it\\\/nightsbridge-recensione\\\/#primaryimage\"},\"image\":{\"@id\":\"https:\\\/\\\/www.accuratereviews.com\\\/it\\\/nightsbridge-recensione\\\/#primaryimage\"},\"thumbnailUrl\":\"https:\\\/\\\/www.accuratereviews.com\\\/wp-content\\\/uploads\\\/2020\\\/02\\\/night.png\",\"datePublished\":\"2020-02-06T15:43:18+00:00\",\"dateModified\":\"2020-12-19T10:39:57+00:00\",\"description\":\"NightsBridge: recensione software gestionale per hotel che \u00a0fornisce strumenti di business di facile utilizzo che migliorano le prenotazioni dirette.\",\"breadcrumb\":{\"@id\":\"https:\\\/\\\/www.accuratereviews.com\\\/it\\\/nightsbridge-recensione\\\/#breadcrumb\"},\"inLanguage\":\"it-IT\",\"potentialAction\":[{\"@type\":\"ReadAction\",\"target\":[\"https:\\\/\\\/www.accuratereviews.com\\\/it\\\/nightsbridge-recensione\\\/\"]}]},{\"@type\":\"ImageObject\",\"inLanguage\":\"it-IT\",\"@id\":\"https:\\\/\\\/www.accuratereviews.com\\\/it\\\/nightsbridge-recensione\\\/#primaryimage\",\"url\":\"https:\\\/\\\/www.accuratereviews.com\\\/wp-content\\\/uploads\\\/2020\\\/02\\\/night.png\",\"contentUrl\":\"https:\\\/\\\/www.accuratereviews.com\\\/wp-content\\\/uploads\\\/2020\\\/02\\\/night.png\",\"width\":512,\"height\":250},{\"@type\":\"BreadcrumbList\",\"@id\":\"https:\\\/\\\/www.accuratereviews.com\\\/it\\\/nightsbridge-recensione\\\/#breadcrumb\",\"itemListElement\":[{\"@type\":\"ListItem\",\"position\":1,\"name\":\"Home\",\"item\":\"https:\\\/\\\/www.accuratereviews.com\\\/it\\\/\"},{\"@type\":\"ListItem\",\"position\":2,\"name\":\"NightsBridge\"}]},{\"@type\":\"WebSite\",\"@id\":\"https:\\\/\\\/www.accuratereviews.com\\\/it\\\/#website\",\"url\":\"https:\\\/\\\/www.accuratereviews.com\\\/it\\\/\",\"name\":\"Accurate Reviews\",\"description\":\"\",\"potentialAction\":[{\"@type\":\"SearchAction\",\"target\":{\"@type\":\"EntryPoint\",\"urlTemplate\":\"https:\\\/\\\/www.accuratereviews.com\\\/it\\\/?s={search_term_string}\"},\"query-input\":{\"@type\":\"PropertyValueSpecification\",\"valueRequired\":true,\"valueName\":\"search_term_string\"}}],\"inLanguage\":\"it-IT\"}]}<\/script>\n<!-- \/ Yoast SEO plugin. -->","yoast_head_json":{"title":"Nightsbridge: recensione software gestionale hotel- Accurate Reviews","description":"NightsBridge: recensione software gestionale per hotel che \u00a0fornisce strumenti di business di facile utilizzo che migliorano le prenotazioni dirette.","robots":{"index":"index","follow":"follow","max-snippet":"max-snippet:-1","max-image-preview":"max-image-preview:large","max-video-preview":"max-video-preview:-1"},"canonical":"https:\/\/www.accuratereviews.com\/it\/nightsbridge-recensione\/","og_locale":"it_IT","og_type":"article","og_title":"Nightsbridge: recensione software gestionale hotel- Accurate Reviews","og_description":"NightsBridge: recensione software gestionale per hotel che \u00a0fornisce strumenti di business di facile utilizzo che migliorano le prenotazioni dirette.","og_url":"https:\/\/www.accuratereviews.com\/it\/nightsbridge-recensione\/","og_site_name":"Accurate Reviews","article_modified_time":"2020-12-19T10:39:57+00:00","og_image":[{"width":512,"height":250,"url":"https:\/\/www.accuratereviews.com\/wp-content\/uploads\/2020\/02\/night.png","type":"image\/png"}],"twitter_card":"summary_large_image","twitter_misc":{"Tempo di lettura stimato":"3 minuti"},"schema":{"@context":"https:\/\/schema.org","@graph":[{"@type":"WebPage","@id":"https:\/\/www.accuratereviews.com\/it\/nightsbridge-recensione\/","url":"https:\/\/www.accuratereviews.com\/it\/nightsbridge-recensione\/","name":"Nightsbridge: recensione software gestionale hotel- Accurate Reviews","isPartOf":{"@id":"https:\/\/www.accuratereviews.com\/it\/#website"},"primaryImageOfPage":{"@id":"https:\/\/www.accuratereviews.com\/it\/nightsbridge-recensione\/#primaryimage"},"image":{"@id":"https:\/\/www.accuratereviews.com\/it\/nightsbridge-recensione\/#primaryimage"},"thumbnailUrl":"https:\/\/www.accuratereviews.com\/wp-content\/uploads\/2020\/02\/night.png","datePublished":"2020-02-06T15:43:18+00:00","dateModified":"2020-12-19T10:39:57+00:00","description":"NightsBridge: recensione software gestionale per hotel che \u00a0fornisce strumenti di business di facile utilizzo che migliorano le prenotazioni dirette.","breadcrumb":{"@id":"https:\/\/www.accuratereviews.com\/it\/nightsbridge-recensione\/#breadcrumb"},"inLanguage":"it-IT","potentialAction":[{"@type":"ReadAction","target":["https:\/\/www.accuratereviews.com\/it\/nightsbridge-recensione\/"]}]},{"@type":"ImageObject","inLanguage":"it-IT","@id":"https:\/\/www.accuratereviews.com\/it\/nightsbridge-recensione\/#primaryimage","url":"https:\/\/www.accuratereviews.com\/wp-content\/uploads\/2020\/02\/night.png","contentUrl":"https:\/\/www.accuratereviews.com\/wp-content\/uploads\/2020\/02\/night.png","width":512,"height":250},{"@type":"BreadcrumbList","@id":"https:\/\/www.accuratereviews.com\/it\/nightsbridge-recensione\/#breadcrumb","itemListElement":[{"@type":"ListItem","position":1,"name":"Home","item":"https:\/\/www.accuratereviews.com\/it\/"},{"@type":"ListItem","position":2,"name":"NightsBridge"}]},{"@type":"WebSite","@id":"https:\/\/www.accuratereviews.com\/it\/#website","url":"https:\/\/www.accuratereviews.com\/it\/","name":"Accurate Reviews","description":"","potentialAction":[{"@type":"SearchAction","target":{"@type":"EntryPoint","urlTemplate":"https:\/\/www.accuratereviews.com\/it\/?s={search_term_string}"},"query-input":{"@type":"PropertyValueSpecification","valueRequired":true,"valueName":"search_term_string"}}],"inLanguage":"it-IT"}]}},"_links":{"self":[{"href":"https:\/\/www.accuratereviews.com\/it\/wp-json\/wp\/v2\/pages\/22918","targetHints":{"allow":["GET"]}}],"collection":[{"href":"https:\/\/www.accuratereviews.com\/it\/wp-json\/wp\/v2\/pages"}],"about":[{"href":"https:\/\/www.accuratereviews.com\/it\/wp-json\/wp\/v2\/types\/page"}],"author":[{"embeddable":true,"href":"https:\/\/www.accuratereviews.com\/it\/wp-json\/wp\/v2\/users\/19"}],"replies":[{"embeddable":true,"href":"https:\/\/www.accuratereviews.com\/it\/wp-json\/wp\/v2\/comments?post=22918"}],"version-history":[{"count":7,"href":"https:\/\/www.accuratereviews.com\/it\/wp-json\/wp\/v2\/pages\/22918\/revisions"}],"predecessor-version":[{"id":34013,"href":"https:\/\/www.accuratereviews.com\/it\/wp-json\/wp\/v2\/pages\/22918\/revisions\/34013"}],"wp:featuredmedia":[{"embeddable":true,"href":"https:\/\/www.accuratereviews.com\/it\/wp-json\/wp\/v2\/media\/22919"}],"wp:attachment":[{"href":"https:\/\/www.accuratereviews.com\/it\/wp-json\/wp\/v2\/media?parent=22918"}],"wp:term":[{"taxonomy":"category","embeddable":true,"href":"https:\/\/www.accuratereviews.com\/it\/wp-json\/wp\/v2\/categories?post=22918"},{"taxonomy":"post_tag","embeddable":true,"href":"https:\/\/www.accuratereviews.com\/it\/wp-json\/wp\/v2\/tags?post=22918"},{"taxonomy":"features","embeddable":true,"href":"https:\/\/www.accuratereviews.com\/it\/wp-json\/wp\/v2\/features?post=22918"}],"curies":[{"name":"wp","href":"https:\/\/api.w.org\/{rel}","templated":true}]}}