{"id":22935,"date":"2020-02-07T15:02:32","date_gmt":"2020-02-07T15:02:32","guid":{"rendered":"https:\/\/www.accuratereviews.com\/?page_id=22935"},"modified":"2020-02-07T15:02:32","modified_gmt":"2020-02-07T15:02:32","slug":"clerk-recensione","status":"publish","type":"page","link":"https:\/\/www.accuratereviews.com\/it\/clerk-recensione\/","title":{"rendered":"Clerk"},"content":{"rendered":"<p>AyerViernes \u00e8 una societ\u00e0 di software cilena fondata nel 2010 e offre un software chiamato<strong> Clerk<\/strong>,<strong> Hotel Management<\/strong>. Impiegato, per <strong>l&#8217;organizzazione alberghiera<\/strong> \u00e8 un software di amministrazione delle camere e dell&#8217;ospitalit\u00e0. Include funzionalit\u00e0 come la gestione di prenotazioni di gruppo o singoli online, l&#8217;esperienza degli ospiti (GEM), la coordinazione delle prenotazioni, CRM integrato, il programma di fidelizzazione, il soggiorno prolungato, la contabilit\u00e0 integrata e automazione del marketing. Per quanto riguarda i requisiti di sistema, Clerk, Hotel Management \u00e8 disponibile come software SaaS. Il supporto live \u00e8 disponibile 24\/7.<\/p>\n<h2>CLERK &#8211; TUTORIAL<\/h2>\n<p>Questo tutorial ci insegna ad\u00a0accedere alle schede di prenotazione dei clienti tramite questo <strong>software gestionale di hotel<\/strong>:<\/p>\n<div id=\"fluid-wrapper-counter-1\" class=\"g1-fluid-wrapper \" style=\"width:686px;\">\n<div style=\"padding-bottom:56.268221574344%;\"><iframe loading=\"lazy\" title=\"Channel Manager - Tarjetas de clientes\" width=\"686\" height=\"386\" src=\"https:\/\/www.youtube.com\/embed\/Uz5yb2_P-eo?feature=oembed&amp;wmode=transparent&amp;autohide=1&amp;autoplay=0&amp;disablekb=0&amp;fs=1&amp;loop=0&amp;enablejsapi=1&amp;rel=0&amp;controls=2&amp;showinfo=0&amp;wmode=transparent&amp;autohide=2&amp;autoplay=0&amp;disablekb=0&amp;fs=1&amp;loop=0&amp;enablejsapi=1&amp;rel=0&amp;controls=2&amp;showinfo=1\" frameborder=\"0\" allow=\"accelerometer; autoplay; encrypted-media; gyroscope; picture-in-picture\" allowfullscreen><\/iframe><\/div>\n<\/div>\n<h3>CLERK &#8211; CARATTERISTICHE<\/h3>\n<ul>\n<li>La soluzione ti consente di gestire prenotazioni, soggiorni, arrivi, partenze, vendite finali e tutte le operazioni importanti del tuo hotel, in modo rapido ed efficiente, in modo da poter dedicare meno tempo all&#8217;amministrazione ma prestare pi\u00f9 attenzione ai tuoi clienti<\/li>\n<li>Imposta il tuo schema tariffario in base alle stagioni<\/li>\n<li>Offri un servizio migliore tenendo traccia degli acquisti, dettagli di soggiorno e preferenze dei tuoi clienti<\/li>\n<li>Aggiungi utenti al sistema con diverse autorizzazioni di lavoro, consentendo al tuo personale di accedere al software in qualsiasi momento e tramite qualsiasi dispositivo<\/li>\n<li>Creare report di vendita per diversi periodi di tempo e visualizzarli in modo chiaro e conciso, al fine di analizzare in dettaglio operazioni e profitti<\/li>\n<li>Collega tutte le tue agenzie di viaggio online al tuo software di gestione (PMS) e gestisci tariffe, offerte e disponibilit\u00e0 del tuo hotel, tutto da un&#8217;unica posizione<\/li>\n<li>Le variazioni di tariffe o disponibilit\u00e0 del tuo hotel verranno comunicate in tempo reale a tutte le agenzie di viaggio (OTA), evitando di prenotare in eccesso le camere<\/li>\n<li>Scopri le tariffe aggiornate (fino a 4 falene) dei tuoi concorrenti, anticipa la domanda e massimizza le entrate<\/li>\n<li>Utilizza la fan page di Facebook del tuo hotel come un nuovo e interessante canale di vendita per entrare in contatto con potenziali clienti<\/li>\n<li>Attiva TripConnect sul tuo account Clerk e pubblicizza le tue tariffe, in questo modo i viaggiatori saranno in grado di effettuare prenotazioni dirette da TripAdvisor<\/li>\n<\/ul>\n","protected":false},"excerpt":{"rendered":"<p>AyerViernes \u00e8 una societ\u00e0 di software cilena fondata nel 2010 e offre un software chiamato Clerk, Hotel Management. Impiegato, per l&#8217;organizzazione alberghiera \u00e8 un software di amministrazione delle camere e dell&#8217;ospitalit\u00e0. Include funzionalit\u00e0 come la gestione di prenotazioni di gruppo o singoli online, l&#8217;esperienza degli ospiti (GEM), la coordinazione delle prenotazioni e molto altro.<\/p>\n","protected":false},"author":19,"featured_media":22936,"parent":0,"menu_order":0,"comment_status":"open","ping_status":"closed","template":"g1_template_page_review_new.php","meta":{"_acf_changed":false,"cwp_meta_box_check":"Yes","cwp_rev_product_name":"","cwp_rev_product_image":"","wppr_links":[],"cwp_rev_price":"","wppr_options":[],"wppr_pros":[],"wppr_cons":[],"_monsterinsights_skip_tracking":false,"_monsterinsights_sitenote_active":false,"_monsterinsights_sitenote_note":"","_monsterinsights_sitenote_category":0,"footnotes":""},"categories":[1720],"tags":[1759,1742,1758,1757,1761,1760,1731,1732],"features":[],"class_list":{"0":"post-22935","1":"page","2":"type-page","3":"status-publish","4":"has-post-thumbnail","6":"category-gestionali-hotel-categoria","7":"tag-clerk","8":"tag-hotel-management-software","9":"tag-programma-gestione-albergo","10":"tag-programma-gestione-hotel","11":"tag-software-gestione-albergo","12":"tag-software-gestione-hotel","13":"tag-soluzione-gestione-albergo","14":"tag-soluzione-gestione-hotel"},"wppr_data":{"cwp_meta_box_check":"Yes","cwp_rev_product_name":"","cwp_rev_product_image":"","cwp_image_link":"image","cwp_rev_price":"","wppr_rating":"0.00"},"acf":[],"yoast_head":"<!-- This site is optimized with the Yoast SEO plugin v27.4 - https:\/\/yoast.com\/product\/yoast-seo-wordpress\/ -->\n<title>Clerk: recensione software gestionale hotel - Accurate Reviews<\/title>\n<meta name=\"description\" content=\"Clerk: recensione sistema gestionale per hotel progettato per l&#039;amministrazione alberghiera nel cloud. Tieni traccia del tuo hotel da qualsiasi luogo.\" \/>\n<meta name=\"robots\" content=\"index, follow, max-snippet:-1, max-image-preview:large, max-video-preview:-1\" \/>\n<link rel=\"canonical\" href=\"https:\/\/www.accuratereviews.com\/it\/clerk-recensione\/\" \/>\n<meta property=\"og:locale\" content=\"it_IT\" \/>\n<meta property=\"og:type\" content=\"article\" \/>\n<meta property=\"og:title\" content=\"Clerk: recensione software gestionale hotel - Accurate Reviews\" \/>\n<meta property=\"og:description\" content=\"Clerk: recensione sistema gestionale per hotel progettato per l&#039;amministrazione alberghiera nel cloud. Tieni traccia del tuo hotel da qualsiasi luogo.\" \/>\n<meta property=\"og:url\" content=\"https:\/\/www.accuratereviews.com\/it\/clerk-recensione\/\" \/>\n<meta property=\"og:site_name\" content=\"Accurate Reviews\" \/>\n<meta property=\"og:image\" content=\"https:\/\/www.accuratereviews.com\/wp-content\/uploads\/2020\/02\/CLERK-LOGO.jpg\" \/>\n\t<meta property=\"og:image:width\" content=\"300\" \/>\n\t<meta property=\"og:image:height\" content=\"300\" \/>\n\t<meta property=\"og:image:type\" content=\"image\/jpeg\" \/>\n<meta name=\"twitter:card\" content=\"summary_large_image\" \/>\n<meta name=\"twitter:label1\" content=\"Tempo di lettura stimato\" \/>\n\t<meta name=\"twitter:data1\" content=\"2 minuti\" \/>\n<script type=\"application\/ld+json\" class=\"yoast-schema-graph\">{\"@context\":\"https:\\\/\\\/schema.org\",\"@graph\":[{\"@type\":\"WebPage\",\"@id\":\"https:\\\/\\\/www.accuratereviews.com\\\/it\\\/clerk-recensione\\\/\",\"url\":\"https:\\\/\\\/www.accuratereviews.com\\\/it\\\/clerk-recensione\\\/\",\"name\":\"Clerk: recensione software gestionale hotel - Accurate Reviews\",\"isPartOf\":{\"@id\":\"https:\\\/\\\/www.accuratereviews.com\\\/it\\\/#website\"},\"primaryImageOfPage\":{\"@id\":\"https:\\\/\\\/www.accuratereviews.com\\\/it\\\/clerk-recensione\\\/#primaryimage\"},\"image\":{\"@id\":\"https:\\\/\\\/www.accuratereviews.com\\\/it\\\/clerk-recensione\\\/#primaryimage\"},\"thumbnailUrl\":\"https:\\\/\\\/www.accuratereviews.com\\\/wp-content\\\/uploads\\\/2020\\\/02\\\/CLERK-LOGO.jpg\",\"datePublished\":\"2020-02-07T15:02:32+00:00\",\"description\":\"Clerk: recensione sistema gestionale per hotel progettato per l'amministrazione alberghiera nel cloud. Tieni traccia del tuo hotel da qualsiasi luogo.\",\"breadcrumb\":{\"@id\":\"https:\\\/\\\/www.accuratereviews.com\\\/it\\\/clerk-recensione\\\/#breadcrumb\"},\"inLanguage\":\"it-IT\",\"potentialAction\":[{\"@type\":\"ReadAction\",\"target\":[\"https:\\\/\\\/www.accuratereviews.com\\\/it\\\/clerk-recensione\\\/\"]}]},{\"@type\":\"ImageObject\",\"inLanguage\":\"it-IT\",\"@id\":\"https:\\\/\\\/www.accuratereviews.com\\\/it\\\/clerk-recensione\\\/#primaryimage\",\"url\":\"https:\\\/\\\/www.accuratereviews.com\\\/wp-content\\\/uploads\\\/2020\\\/02\\\/CLERK-LOGO.jpg\",\"contentUrl\":\"https:\\\/\\\/www.accuratereviews.com\\\/wp-content\\\/uploads\\\/2020\\\/02\\\/CLERK-LOGO.jpg\",\"width\":300,\"height\":300},{\"@type\":\"BreadcrumbList\",\"@id\":\"https:\\\/\\\/www.accuratereviews.com\\\/it\\\/clerk-recensione\\\/#breadcrumb\",\"itemListElement\":[{\"@type\":\"ListItem\",\"position\":1,\"name\":\"Home\",\"item\":\"https:\\\/\\\/www.accuratereviews.com\\\/it\\\/\"},{\"@type\":\"ListItem\",\"position\":2,\"name\":\"Clerk\"}]},{\"@type\":\"WebSite\",\"@id\":\"https:\\\/\\\/www.accuratereviews.com\\\/it\\\/#website\",\"url\":\"https:\\\/\\\/www.accuratereviews.com\\\/it\\\/\",\"name\":\"Accurate Reviews\",\"description\":\"\",\"potentialAction\":[{\"@type\":\"SearchAction\",\"target\":{\"@type\":\"EntryPoint\",\"urlTemplate\":\"https:\\\/\\\/www.accuratereviews.com\\\/it\\\/?s={search_term_string}\"},\"query-input\":{\"@type\":\"PropertyValueSpecification\",\"valueRequired\":true,\"valueName\":\"search_term_string\"}}],\"inLanguage\":\"it-IT\"}]}<\/script>\n<!-- \/ Yoast SEO plugin. -->","yoast_head_json":{"title":"Clerk: recensione software gestionale hotel - Accurate Reviews","description":"Clerk: recensione sistema gestionale per hotel progettato per l'amministrazione alberghiera nel cloud. Tieni traccia del tuo hotel da qualsiasi luogo.","robots":{"index":"index","follow":"follow","max-snippet":"max-snippet:-1","max-image-preview":"max-image-preview:large","max-video-preview":"max-video-preview:-1"},"canonical":"https:\/\/www.accuratereviews.com\/it\/clerk-recensione\/","og_locale":"it_IT","og_type":"article","og_title":"Clerk: recensione software gestionale hotel - Accurate Reviews","og_description":"Clerk: recensione sistema gestionale per hotel progettato per l'amministrazione alberghiera nel cloud. Tieni traccia del tuo hotel da qualsiasi luogo.","og_url":"https:\/\/www.accuratereviews.com\/it\/clerk-recensione\/","og_site_name":"Accurate Reviews","og_image":[{"width":300,"height":300,"url":"https:\/\/www.accuratereviews.com\/wp-content\/uploads\/2020\/02\/CLERK-LOGO.jpg","type":"image\/jpeg"}],"twitter_card":"summary_large_image","twitter_misc":{"Tempo di lettura stimato":"2 minuti"},"schema":{"@context":"https:\/\/schema.org","@graph":[{"@type":"WebPage","@id":"https:\/\/www.accuratereviews.com\/it\/clerk-recensione\/","url":"https:\/\/www.accuratereviews.com\/it\/clerk-recensione\/","name":"Clerk: recensione software gestionale hotel - Accurate Reviews","isPartOf":{"@id":"https:\/\/www.accuratereviews.com\/it\/#website"},"primaryImageOfPage":{"@id":"https:\/\/www.accuratereviews.com\/it\/clerk-recensione\/#primaryimage"},"image":{"@id":"https:\/\/www.accuratereviews.com\/it\/clerk-recensione\/#primaryimage"},"thumbnailUrl":"https:\/\/www.accuratereviews.com\/wp-content\/uploads\/2020\/02\/CLERK-LOGO.jpg","datePublished":"2020-02-07T15:02:32+00:00","description":"Clerk: recensione sistema gestionale per hotel progettato per l'amministrazione alberghiera nel cloud. Tieni traccia del tuo hotel da qualsiasi luogo.","breadcrumb":{"@id":"https:\/\/www.accuratereviews.com\/it\/clerk-recensione\/#breadcrumb"},"inLanguage":"it-IT","potentialAction":[{"@type":"ReadAction","target":["https:\/\/www.accuratereviews.com\/it\/clerk-recensione\/"]}]},{"@type":"ImageObject","inLanguage":"it-IT","@id":"https:\/\/www.accuratereviews.com\/it\/clerk-recensione\/#primaryimage","url":"https:\/\/www.accuratereviews.com\/wp-content\/uploads\/2020\/02\/CLERK-LOGO.jpg","contentUrl":"https:\/\/www.accuratereviews.com\/wp-content\/uploads\/2020\/02\/CLERK-LOGO.jpg","width":300,"height":300},{"@type":"BreadcrumbList","@id":"https:\/\/www.accuratereviews.com\/it\/clerk-recensione\/#breadcrumb","itemListElement":[{"@type":"ListItem","position":1,"name":"Home","item":"https:\/\/www.accuratereviews.com\/it\/"},{"@type":"ListItem","position":2,"name":"Clerk"}]},{"@type":"WebSite","@id":"https:\/\/www.accuratereviews.com\/it\/#website","url":"https:\/\/www.accuratereviews.com\/it\/","name":"Accurate Reviews","description":"","potentialAction":[{"@type":"SearchAction","target":{"@type":"EntryPoint","urlTemplate":"https:\/\/www.accuratereviews.com\/it\/?s={search_term_string}"},"query-input":{"@type":"PropertyValueSpecification","valueRequired":true,"valueName":"search_term_string"}}],"inLanguage":"it-IT"}]}},"_links":{"self":[{"href":"https:\/\/www.accuratereviews.com\/it\/wp-json\/wp\/v2\/pages\/22935","targetHints":{"allow":["GET"]}}],"collection":[{"href":"https:\/\/www.accuratereviews.com\/it\/wp-json\/wp\/v2\/pages"}],"about":[{"href":"https:\/\/www.accuratereviews.com\/it\/wp-json\/wp\/v2\/types\/page"}],"author":[{"embeddable":true,"href":"https:\/\/www.accuratereviews.com\/it\/wp-json\/wp\/v2\/users\/19"}],"replies":[{"embeddable":true,"href":"https:\/\/www.accuratereviews.com\/it\/wp-json\/wp\/v2\/comments?post=22935"}],"version-history":[{"count":7,"href":"https:\/\/www.accuratereviews.com\/it\/wp-json\/wp\/v2\/pages\/22935\/revisions"}],"predecessor-version":[{"id":22974,"href":"https:\/\/www.accuratereviews.com\/it\/wp-json\/wp\/v2\/pages\/22935\/revisions\/22974"}],"wp:featuredmedia":[{"embeddable":true,"href":"https:\/\/www.accuratereviews.com\/it\/wp-json\/wp\/v2\/media\/22936"}],"wp:attachment":[{"href":"https:\/\/www.accuratereviews.com\/it\/wp-json\/wp\/v2\/media?parent=22935"}],"wp:term":[{"taxonomy":"category","embeddable":true,"href":"https:\/\/www.accuratereviews.com\/it\/wp-json\/wp\/v2\/categories?post=22935"},{"taxonomy":"post_tag","embeddable":true,"href":"https:\/\/www.accuratereviews.com\/it\/wp-json\/wp\/v2\/tags?post=22935"},{"taxonomy":"features","embeddable":true,"href":"https:\/\/www.accuratereviews.com\/it\/wp-json\/wp\/v2\/features?post=22935"}],"curies":[{"name":"wp","href":"https:\/\/api.w.org\/{rel}","templated":true}]}}