{"id":22959,"date":"2020-02-07T15:03:28","date_gmt":"2020-02-07T15:03:28","guid":{"rendered":"https:\/\/www.accuratereviews.com\/?page_id=22959"},"modified":"2020-02-07T15:03:28","modified_gmt":"2020-02-07T15:03:28","slug":"effective-tours-recensione","status":"publish","type":"page","link":"https:\/\/www.accuratereviews.com\/it\/effective-tours-recensione\/","title":{"rendered":"Effective Tours"},"content":{"rendered":"<p><strong>Effective Tours<\/strong> \u00e8 un <strong>software di gestione alberghiera<\/strong> di HARIZMA Studio che si basa sull&#8217;esperienza pluriennale nel funzionamento di un portale turistico online. \u00c8 ideale per chi gestisce hotel, motel, ostelli, alberghi, strutture che sono coinvolte nel <strong>settore dei viaggi<\/strong> in tutto il mondo e che vogliono migliorare i loro servizi, garantendo un&#8217;esperienza unica ai propri clienti. Questo <strong>gestionale di hotel<\/strong> ha l&#8217;obiettivo di far crescere il business offrendo un prodotto di qualit\u00e0 ottimizzando i processi che quotidianamente ti richiedono tempo ed energie. Finalmente potrai gestire le prenotazioni, le tariffe, le promozioni e il tuo inventario da un&#8217;unica dashboard, pulita ed intuitiva. Costruisci un <strong>sistema ad hoc<\/strong> che ti permetta di essere pi\u00f9 vicino ai tuoi clienti, andando in contro alle loro esigenze.<\/p>\n<h2>COME FUNZIONA EFFECTIVE TOURS &#8211; SCHERMATA HOME<\/h2>\n<p>Di seguito la schermata principale di Effective Tours che ci mostra una visuale completa delle nostre attivit\u00e0:<\/p>\n<p><a href=\"https:\/\/www.accuratereviews.com\/wp-content\/uploads\/2020\/02\/Schermata-2020-02-07-alle-14.35.34.png\"><img loading=\"lazy\" decoding=\"async\" class=\"aligncenter wp-image-22963 size-full\" src=\"https:\/\/www.accuratereviews.com\/wp-content\/uploads\/2020\/02\/Schermata-2020-02-07-alle-14.35.34.png\" alt=\"\" width=\"2834\" height=\"1414\" srcset=\"https:\/\/www.accuratereviews.com\/wp-content\/uploads\/2020\/02\/Schermata-2020-02-07-alle-14.35.34.png 2834w, https:\/\/www.accuratereviews.com\/wp-content\/uploads\/2020\/02\/Schermata-2020-02-07-alle-14.35.34-300x150.png 300w, https:\/\/www.accuratereviews.com\/wp-content\/uploads\/2020\/02\/Schermata-2020-02-07-alle-14.35.34-1024x511.png 1024w, https:\/\/www.accuratereviews.com\/wp-content\/uploads\/2020\/02\/Schermata-2020-02-07-alle-14.35.34-768x383.png 768w, https:\/\/www.accuratereviews.com\/wp-content\/uploads\/2020\/02\/Schermata-2020-02-07-alle-14.35.34-1536x766.png 1536w, https:\/\/www.accuratereviews.com\/wp-content\/uploads\/2020\/02\/Schermata-2020-02-07-alle-14.35.34-2048x1022.png 2048w, https:\/\/www.accuratereviews.com\/wp-content\/uploads\/2020\/02\/Schermata-2020-02-07-alle-14.35.34-251x125.png 251w, https:\/\/www.accuratereviews.com\/wp-content\/uploads\/2020\/02\/Schermata-2020-02-07-alle-14.35.34-50x25.png 50w, https:\/\/www.accuratereviews.com\/wp-content\/uploads\/2020\/02\/Schermata-2020-02-07-alle-14.35.34-968x483.png 968w, https:\/\/www.accuratereviews.com\/wp-content\/uploads\/2020\/02\/Schermata-2020-02-07-alle-14.35.34-636x317.png 636w, https:\/\/www.accuratereviews.com\/wp-content\/uploads\/2020\/02\/Schermata-2020-02-07-alle-14.35.34-320x160.png 320w, https:\/\/www.accuratereviews.com\/wp-content\/uploads\/2020\/02\/Schermata-2020-02-07-alle-14.35.34-239x119.png 239w\" sizes=\"auto, (max-width: 2834px) 100vw, 2834px\" \/><\/a><\/p>\n<h3>EFFECTIVE TOURS &#8211; CARATTERISTICHE<\/h3>\n<p>Diamo ora un&#8217;occhiata alle sue caratteristiche principali:<\/p>\n<ul>\n<li><strong>Gestore di canali e sistema di gestione della propriet\u00e0<\/strong>: gestisci la tua lista di propriet\u00e0 in varie agenzie di viaggio online (OTA) da un&#8217;unica dashboard grazie a ET Channel manager e PMS<\/li>\n<li><strong>Servizi ET di assistenza<\/strong>: il team \u00e8 sempre disponibile ad aiutarti per qualsiasi dubbio o esigenza. Ti supporta nell\u2019incrementare le vendite della vostra camera attraverso canali differenti e con la configurazione su su Booking, Agoda, Expedia, Airbnb ecc.<\/li>\n<li><strong>Soluzione di pagamento (Payment Gateway)<\/strong>: crea una soluzione che ti permetta di non perdere se li tuo ospite non si presenta, chiedendo un deposito per il servizio prima del suo arrivo<\/li>\n<li><strong>Prenotazioni dirette<\/strong>: prediligi le prenotazioni dirette poich\u00e9 andranno a vantaggio tuo (risparmiando il 20% che ti chiederebbe l\u2019agenzia di viaggio) e anche dei tuoi ospiti che si interfacceranno direttamente con voi<\/li>\n<li><strong>Sito web gratuito<\/strong>: crea il tuo sito web cos\u00ec da raggiungere pi\u00f9 visibilit\u00e0 anche online (servizio incluso e gratuito)<\/li>\n<\/ul>\n<h3>LE RECENSIONI DEGLI UTENTI<\/h3>\n<p><strong>&#8220;Software utile&#8221;<\/strong><br \/>\nPRO: notifiche istantanee tramite applicazione mobile\/desktop che ci aiuta a contattare l&#8217;ospite dal primo momento della prenotazione.<br \/>\nAggiorna tariffe e disponibilit\u00e0 per i canali con un clic &#8211; per ottenere le stesse tariffe su Booking, Agoda, Expedia.<br \/>\nDiversi tipi di sconti (con spiegazione e manuale), facili da impostare da soli.<br \/>\nPayment Gateway per ottenere il pagamento anticipato per prenotazioni dirette e prenotazioni tramite Booking.com.<br \/>\nStampa la scheda di prenotazione per gli ospiti.<br \/>\nOttieni prenotazioni dirette con un mini sito gratuito.<br \/>\nCONTRO: Assolutamente nulla da menzionare. Facile da capire e lavorare<\/p>\n<p><strong>&#8220;\u00c8 diventato cos\u00ec facile.&#8221;<\/strong><br \/>\nPRO: il tuo servizio ci ha aiutato ad aumentare l&#8217;occupazione e, di conseguenza, ad aumentare le vendite. Sono stati risolti molti problemi con la prenotazione online da canali diversi. Ragazzi, siete davvero professionisti e il vostro aiuto \u00e8 prezioso.<br \/>\nCONTRO: Sarebbe bello aggiungere la lingua russa, forse :)<\/p>\n<p><strong>&#8220;Uno dei migliori CM che ho usato&#8221;<\/strong><br \/>\nPRO: molto intuitivo ed economico. Buon servizio fornito.<br \/>\nCONTRO: Niente che mi venga in mente, finora abbiamo usato questo prodotto con facilit\u00e0.<\/p>\n","protected":false},"excerpt":{"rendered":"<p>Effective Tours \u00e8 un software di gestione alberghiera di HARIZMA Studio che si basa sull&#8217;esperienza pluriennale nel funzionamento di un portale turistico online. \u00c8 ideale per chi gestisce hotel, motel, ostelli, alberghi, strutture che sono coinvolte nel settore dei viaggi in tutto il mondo e che vogliono migliorare i loro servizi, garantendo un&#8217;esperienza unica ai propri clienti.<\/p>\n","protected":false},"author":17,"featured_media":22960,"parent":0,"menu_order":0,"comment_status":"open","ping_status":"closed","template":"g1_template_page_review_new.php","meta":{"_acf_changed":false,"cwp_meta_box_check":"Yes","cwp_rev_product_name":"","cwp_rev_product_image":"","wppr_links":[],"cwp_rev_price":"","wppr_options":[],"wppr_pros":[],"wppr_cons":[],"_monsterinsights_skip_tracking":false,"_monsterinsights_sitenote_active":false,"_monsterinsights_sitenote_note":"","_monsterinsights_sitenote_category":0,"footnotes":""},"categories":[1720],"tags":[1723,1762,1721,1173,1722],"features":[],"class_list":{"0":"post-22959","1":"page","2":"type-page","3":"status-publish","4":"has-post-thumbnail","6":"category-gestionali-hotel-categoria","7":"tag-alberghi","8":"tag-channel-manager","9":"tag-gestionale-hotel","10":"tag-hotel","11":"tag-software-di-gestione-alberghiera"},"wppr_data":{"cwp_meta_box_check":"Yes","cwp_rev_product_name":"","cwp_rev_product_image":"","cwp_image_link":"image","cwp_rev_price":"","wppr_rating":"0.00"},"acf":[],"yoast_head":"<!-- This site is optimized with the Yoast SEO plugin v27.4 - https:\/\/yoast.com\/product\/yoast-seo-wordpress\/ -->\n<title>Effective Tours: recensione software gestionale di hotel - Accurate Reviews<\/title>\n<meta name=\"description\" content=\"Effective Tours: recensione del software gestionale di hotel che si basa sull&#039;esperienza pluriennale nel funzionamento di un portale turistico online.\" \/>\n<meta name=\"robots\" content=\"index, follow, max-snippet:-1, max-image-preview:large, max-video-preview:-1\" \/>\n<link rel=\"canonical\" href=\"https:\/\/www.accuratereviews.com\/it\/effective-tours-recensione\/\" \/>\n<meta property=\"og:locale\" content=\"it_IT\" \/>\n<meta property=\"og:type\" content=\"article\" \/>\n<meta property=\"og:title\" content=\"Effective Tours: recensione software gestionale di hotel - Accurate Reviews\" \/>\n<meta property=\"og:description\" content=\"Effective Tours: recensione del software gestionale di hotel che si basa sull&#039;esperienza pluriennale nel funzionamento di un portale turistico online.\" \/>\n<meta property=\"og:url\" content=\"https:\/\/www.accuratereviews.com\/it\/effective-tours-recensione\/\" \/>\n<meta property=\"og:site_name\" content=\"Accurate Reviews\" \/>\n<meta property=\"og:image\" content=\"https:\/\/www.accuratereviews.com\/wp-content\/uploads\/2020\/02\/4b7dICZ3_400x400.jpg\" \/>\n\t<meta property=\"og:image:width\" content=\"256\" \/>\n\t<meta property=\"og:image:height\" content=\"256\" \/>\n\t<meta property=\"og:image:type\" content=\"image\/jpeg\" \/>\n<meta name=\"twitter:card\" content=\"summary_large_image\" \/>\n<meta name=\"twitter:label1\" content=\"Tempo di lettura stimato\" \/>\n\t<meta name=\"twitter:data1\" content=\"2 minuti\" \/>\n<script type=\"application\/ld+json\" class=\"yoast-schema-graph\">{\"@context\":\"https:\\\/\\\/schema.org\",\"@graph\":[{\"@type\":\"WebPage\",\"@id\":\"https:\\\/\\\/www.accuratereviews.com\\\/it\\\/effective-tours-recensione\\\/\",\"url\":\"https:\\\/\\\/www.accuratereviews.com\\\/it\\\/effective-tours-recensione\\\/\",\"name\":\"Effective Tours: recensione software gestionale di hotel - Accurate Reviews\",\"isPartOf\":{\"@id\":\"https:\\\/\\\/www.accuratereviews.com\\\/it\\\/#website\"},\"primaryImageOfPage\":{\"@id\":\"https:\\\/\\\/www.accuratereviews.com\\\/it\\\/effective-tours-recensione\\\/#primaryimage\"},\"image\":{\"@id\":\"https:\\\/\\\/www.accuratereviews.com\\\/it\\\/effective-tours-recensione\\\/#primaryimage\"},\"thumbnailUrl\":\"https:\\\/\\\/www.accuratereviews.com\\\/wp-content\\\/uploads\\\/2020\\\/02\\\/4b7dICZ3_400x400.jpg\",\"datePublished\":\"2020-02-07T15:03:28+00:00\",\"description\":\"Effective Tours: recensione del software gestionale di hotel che si basa sull'esperienza pluriennale nel funzionamento di un portale turistico online.\",\"breadcrumb\":{\"@id\":\"https:\\\/\\\/www.accuratereviews.com\\\/it\\\/effective-tours-recensione\\\/#breadcrumb\"},\"inLanguage\":\"it-IT\",\"potentialAction\":[{\"@type\":\"ReadAction\",\"target\":[\"https:\\\/\\\/www.accuratereviews.com\\\/it\\\/effective-tours-recensione\\\/\"]}]},{\"@type\":\"ImageObject\",\"inLanguage\":\"it-IT\",\"@id\":\"https:\\\/\\\/www.accuratereviews.com\\\/it\\\/effective-tours-recensione\\\/#primaryimage\",\"url\":\"https:\\\/\\\/www.accuratereviews.com\\\/wp-content\\\/uploads\\\/2020\\\/02\\\/4b7dICZ3_400x400.jpg\",\"contentUrl\":\"https:\\\/\\\/www.accuratereviews.com\\\/wp-content\\\/uploads\\\/2020\\\/02\\\/4b7dICZ3_400x400.jpg\",\"width\":256,\"height\":256},{\"@type\":\"BreadcrumbList\",\"@id\":\"https:\\\/\\\/www.accuratereviews.com\\\/it\\\/effective-tours-recensione\\\/#breadcrumb\",\"itemListElement\":[{\"@type\":\"ListItem\",\"position\":1,\"name\":\"Home\",\"item\":\"https:\\\/\\\/www.accuratereviews.com\\\/it\\\/\"},{\"@type\":\"ListItem\",\"position\":2,\"name\":\"Effective Tours\"}]},{\"@type\":\"WebSite\",\"@id\":\"https:\\\/\\\/www.accuratereviews.com\\\/it\\\/#website\",\"url\":\"https:\\\/\\\/www.accuratereviews.com\\\/it\\\/\",\"name\":\"Accurate Reviews\",\"description\":\"\",\"potentialAction\":[{\"@type\":\"SearchAction\",\"target\":{\"@type\":\"EntryPoint\",\"urlTemplate\":\"https:\\\/\\\/www.accuratereviews.com\\\/it\\\/?s={search_term_string}\"},\"query-input\":{\"@type\":\"PropertyValueSpecification\",\"valueRequired\":true,\"valueName\":\"search_term_string\"}}],\"inLanguage\":\"it-IT\"}]}<\/script>\n<!-- \/ Yoast SEO plugin. -->","yoast_head_json":{"title":"Effective Tours: recensione software gestionale di hotel - Accurate Reviews","description":"Effective Tours: recensione del software gestionale di hotel che si basa sull'esperienza pluriennale nel funzionamento di un portale turistico online.","robots":{"index":"index","follow":"follow","max-snippet":"max-snippet:-1","max-image-preview":"max-image-preview:large","max-video-preview":"max-video-preview:-1"},"canonical":"https:\/\/www.accuratereviews.com\/it\/effective-tours-recensione\/","og_locale":"it_IT","og_type":"article","og_title":"Effective Tours: recensione software gestionale di hotel - Accurate Reviews","og_description":"Effective Tours: recensione del software gestionale di hotel che si basa sull'esperienza pluriennale nel funzionamento di un portale turistico online.","og_url":"https:\/\/www.accuratereviews.com\/it\/effective-tours-recensione\/","og_site_name":"Accurate Reviews","og_image":[{"width":256,"height":256,"url":"https:\/\/www.accuratereviews.com\/wp-content\/uploads\/2020\/02\/4b7dICZ3_400x400.jpg","type":"image\/jpeg"}],"twitter_card":"summary_large_image","twitter_misc":{"Tempo di lettura stimato":"2 minuti"},"schema":{"@context":"https:\/\/schema.org","@graph":[{"@type":"WebPage","@id":"https:\/\/www.accuratereviews.com\/it\/effective-tours-recensione\/","url":"https:\/\/www.accuratereviews.com\/it\/effective-tours-recensione\/","name":"Effective Tours: recensione software gestionale di hotel - Accurate Reviews","isPartOf":{"@id":"https:\/\/www.accuratereviews.com\/it\/#website"},"primaryImageOfPage":{"@id":"https:\/\/www.accuratereviews.com\/it\/effective-tours-recensione\/#primaryimage"},"image":{"@id":"https:\/\/www.accuratereviews.com\/it\/effective-tours-recensione\/#primaryimage"},"thumbnailUrl":"https:\/\/www.accuratereviews.com\/wp-content\/uploads\/2020\/02\/4b7dICZ3_400x400.jpg","datePublished":"2020-02-07T15:03:28+00:00","description":"Effective Tours: recensione del software gestionale di hotel che si basa sull'esperienza pluriennale nel funzionamento di un portale turistico online.","breadcrumb":{"@id":"https:\/\/www.accuratereviews.com\/it\/effective-tours-recensione\/#breadcrumb"},"inLanguage":"it-IT","potentialAction":[{"@type":"ReadAction","target":["https:\/\/www.accuratereviews.com\/it\/effective-tours-recensione\/"]}]},{"@type":"ImageObject","inLanguage":"it-IT","@id":"https:\/\/www.accuratereviews.com\/it\/effective-tours-recensione\/#primaryimage","url":"https:\/\/www.accuratereviews.com\/wp-content\/uploads\/2020\/02\/4b7dICZ3_400x400.jpg","contentUrl":"https:\/\/www.accuratereviews.com\/wp-content\/uploads\/2020\/02\/4b7dICZ3_400x400.jpg","width":256,"height":256},{"@type":"BreadcrumbList","@id":"https:\/\/www.accuratereviews.com\/it\/effective-tours-recensione\/#breadcrumb","itemListElement":[{"@type":"ListItem","position":1,"name":"Home","item":"https:\/\/www.accuratereviews.com\/it\/"},{"@type":"ListItem","position":2,"name":"Effective Tours"}]},{"@type":"WebSite","@id":"https:\/\/www.accuratereviews.com\/it\/#website","url":"https:\/\/www.accuratereviews.com\/it\/","name":"Accurate Reviews","description":"","potentialAction":[{"@type":"SearchAction","target":{"@type":"EntryPoint","urlTemplate":"https:\/\/www.accuratereviews.com\/it\/?s={search_term_string}"},"query-input":{"@type":"PropertyValueSpecification","valueRequired":true,"valueName":"search_term_string"}}],"inLanguage":"it-IT"}]}},"_links":{"self":[{"href":"https:\/\/www.accuratereviews.com\/it\/wp-json\/wp\/v2\/pages\/22959","targetHints":{"allow":["GET"]}}],"collection":[{"href":"https:\/\/www.accuratereviews.com\/it\/wp-json\/wp\/v2\/pages"}],"about":[{"href":"https:\/\/www.accuratereviews.com\/it\/wp-json\/wp\/v2\/types\/page"}],"author":[{"embeddable":true,"href":"https:\/\/www.accuratereviews.com\/it\/wp-json\/wp\/v2\/users\/17"}],"replies":[{"embeddable":true,"href":"https:\/\/www.accuratereviews.com\/it\/wp-json\/wp\/v2\/comments?post=22959"}],"version-history":[{"count":4,"href":"https:\/\/www.accuratereviews.com\/it\/wp-json\/wp\/v2\/pages\/22959\/revisions"}],"predecessor-version":[{"id":22978,"href":"https:\/\/www.accuratereviews.com\/it\/wp-json\/wp\/v2\/pages\/22959\/revisions\/22978"}],"wp:featuredmedia":[{"embeddable":true,"href":"https:\/\/www.accuratereviews.com\/it\/wp-json\/wp\/v2\/media\/22960"}],"wp:attachment":[{"href":"https:\/\/www.accuratereviews.com\/it\/wp-json\/wp\/v2\/media?parent=22959"}],"wp:term":[{"taxonomy":"category","embeddable":true,"href":"https:\/\/www.accuratereviews.com\/it\/wp-json\/wp\/v2\/categories?post=22959"},{"taxonomy":"post_tag","embeddable":true,"href":"https:\/\/www.accuratereviews.com\/it\/wp-json\/wp\/v2\/tags?post=22959"},{"taxonomy":"features","embeddable":true,"href":"https:\/\/www.accuratereviews.com\/it\/wp-json\/wp\/v2\/features?post=22959"}],"curies":[{"name":"wp","href":"https:\/\/api.w.org\/{rel}","templated":true}]}}