{"id":23067,"date":"2020-02-11T16:03:29","date_gmt":"2020-02-11T16:03:29","guid":{"rendered":"https:\/\/www.accuratereviews.com\/?page_id=23067"},"modified":"2020-02-12T10:36:09","modified_gmt":"2020-02-12T10:36:09","slug":"rpm-hotel-recensione","status":"publish","type":"page","link":"https:\/\/www.accuratereviews.com\/it\/rpm-hotel-recensione\/","title":{"rendered":"RPM Hotel"},"content":{"rendered":"<p><strong>RPM Hotel<\/strong> \u00e8 un <strong>software basato su cloud<\/strong> per la gestione della propriet\u00e0 progettato per gestori di alberghi. \u00c8 un sistema di prenotazione all-in-one dotato di elaborazione dei pagamenti integrata e prenotazione online. La soluzione dispone di solidi strumenti di gestione dei canali e di amministrazione delle richieste per aiutare i manager impegnati a gestire facilmente i propri ospiti. In pi\u00f9 offre analisi e rapporti approfonditi per la contabilit\u00e0, le prenotazioni, le pulizie e la manutenzione degli alloggi. Inoltre, le funzionalit\u00e0 di gestione delle entrate ti consentono di avere la situazione contabile sotto. Elenca e gestisci il tuo inventario su OTA con facilit\u00e0. Con l&#8217;integrazione bidirezionale di <strong>RPM Hotel<\/strong> con i gestori dei canali, puoi supervisionare le prenotazioni da ogni canale in una schermata. Pertanto, \u00e8 possibile evitare l&#8217;overbooking a causa di ritardi negli aggiornamenti delle prenotazioni o dell&#8217;inventario.<\/p>\n<p><a href=\"https:\/\/www.accuratereviews.com\/wp-content\/uploads\/2020\/02\/rpm2.jpg\"><img loading=\"lazy\" decoding=\"async\" class=\"size-full wp-image-23076 aligncenter\" src=\"https:\/\/www.accuratereviews.com\/wp-content\/uploads\/2020\/02\/rpm2.jpg\" alt=\"\" width=\"1310\" height=\"587\" srcset=\"https:\/\/www.accuratereviews.com\/wp-content\/uploads\/2020\/02\/rpm2.jpg 1310w, https:\/\/www.accuratereviews.com\/wp-content\/uploads\/2020\/02\/rpm2-300x134.jpg 300w, https:\/\/www.accuratereviews.com\/wp-content\/uploads\/2020\/02\/rpm2-1024x459.jpg 1024w, https:\/\/www.accuratereviews.com\/wp-content\/uploads\/2020\/02\/rpm2-768x344.jpg 768w, https:\/\/www.accuratereviews.com\/wp-content\/uploads\/2020\/02\/rpm2-260x117.jpg 260w, https:\/\/www.accuratereviews.com\/wp-content\/uploads\/2020\/02\/rpm2-50x22.jpg 50w, https:\/\/www.accuratereviews.com\/wp-content\/uploads\/2020\/02\/rpm2-968x434.jpg 968w, https:\/\/www.accuratereviews.com\/wp-content\/uploads\/2020\/02\/rpm2-636x285.jpg 636w, https:\/\/www.accuratereviews.com\/wp-content\/uploads\/2020\/02\/rpm2-320x143.jpg 320w, https:\/\/www.accuratereviews.com\/wp-content\/uploads\/2020\/02\/rpm2-239x107.jpg 239w\" sizes=\"auto, (max-width: 1310px) 100vw, 1310px\" \/><br \/>\n<\/a><\/p>\n<h2>RPM HOTEL &#8211; CARATTERISTICHE<\/h2>\n<ul>\n<li>Motore di prenotazione online<\/li>\n<li>Integrazione di Channel Manager<\/li>\n<li>Contabilit\u00e0<\/li>\n<li>Gestione delle prenotazioni<\/li>\n<li>Integrazione CRM<\/li>\n<li>Elaborazione della carta di credito<\/li>\n<li>Gestione delle pulizie e manutenzione<\/li>\n<li>Integrazione POS<\/li>\n<li>Supporto per il programma fedelt\u00e0<\/li>\n<li>Elaborazione dei pagamenti EMV2<\/li>\n<li>Completa conformit\u00e0 PCI<\/li>\n<li>Prezzi dinamici<\/li>\n<li>Suite di reporting<\/li>\n<li>Prenotazioni online<\/li>\n<li>Integrazione GDS<\/li>\n<\/ul>\n","protected":false},"excerpt":{"rendered":"<p>RPM Hotel \u00e8 un software basato su cloud per la gestione della propriet\u00e0 progettato per gestori di alberghi. \u00c8 un sistema di prenotazione all-in-one dotato di elaborazione dei pagamenti integrata e prenotazione online. La soluzione\u00a0dispone di solidi strumenti di gestione dei canali e di amministrazione delle prenotazioni per aiutare i manager impegnati a gestire facilmente i propri ospiti.<\/p>\n","protected":false},"author":19,"featured_media":23073,"parent":0,"menu_order":0,"comment_status":"open","ping_status":"closed","template":"g1_template_page_review_new.php","meta":{"_acf_changed":false,"cwp_meta_box_check":"Yes","cwp_rev_product_name":"","cwp_rev_product_image":"","wppr_links":[],"cwp_rev_price":"","wppr_options":[],"wppr_pros":[],"wppr_cons":[],"_monsterinsights_skip_tracking":false,"_monsterinsights_sitenote_active":false,"_monsterinsights_sitenote_note":"","_monsterinsights_sitenote_category":0,"footnotes":""},"categories":[1720],"tags":[396,1742,1778,1765,1744,1729,1731],"features":[],"class_list":{"0":"post-23067","1":"page","2":"type-page","3":"status-publish","4":"has-post-thumbnail","6":"category-gestionali-hotel-categoria","7":"tag-cloud","8":"tag-hotel-management-software","9":"tag-rpm-hotel","10":"tag-software-gestionale-albergo","11":"tag-software-gestionale-hotel","12":"tag-soluzione-gestionale-hotel","13":"tag-soluzione-gestione-albergo"},"wppr_data":{"cwp_meta_box_check":"Yes","cwp_rev_product_name":"","cwp_rev_product_image":"","cwp_image_link":"image","cwp_rev_price":"","wppr_rating":"0.00"},"acf":[],"yoast_head":"<!-- This site is optimized with the Yoast SEO plugin v27.4 - https:\/\/yoast.com\/product\/yoast-seo-wordpress\/ -->\n<title>RPM Hotel: recensione software gestionale hotel - Accurate Reviews<\/title>\n<meta name=\"description\" content=\"RPM Hotel: recensione software gestionale hotel che rende l&#039;organizzazione della tua propriet\u00e0 semplice, diretta e efficente.\" \/>\n<meta name=\"robots\" content=\"index, follow, max-snippet:-1, max-image-preview:large, max-video-preview:-1\" \/>\n<link rel=\"canonical\" href=\"https:\/\/www.accuratereviews.com\/it\/rpm-hotel-recensione\/\" \/>\n<meta property=\"og:locale\" content=\"it_IT\" \/>\n<meta property=\"og:type\" content=\"article\" \/>\n<meta property=\"og:title\" content=\"RPM Hotel: recensione software gestionale hotel - Accurate Reviews\" \/>\n<meta property=\"og:description\" content=\"RPM Hotel: recensione software gestionale hotel che rende l&#039;organizzazione della tua propriet\u00e0 semplice, diretta e efficente.\" \/>\n<meta property=\"og:url\" content=\"https:\/\/www.accuratereviews.com\/it\/rpm-hotel-recensione\/\" \/>\n<meta property=\"og:site_name\" content=\"Accurate Reviews\" \/>\n<meta property=\"article:modified_time\" content=\"2020-02-12T10:36:09+00:00\" \/>\n<meta property=\"og:image\" content=\"https:\/\/www.accuratereviews.com\/wp-content\/uploads\/2020\/02\/rpm-logo.jpg\" \/>\n\t<meta property=\"og:image:width\" content=\"383\" \/>\n\t<meta property=\"og:image:height\" content=\"221\" \/>\n\t<meta property=\"og:image:type\" content=\"image\/jpeg\" \/>\n<meta name=\"twitter:card\" content=\"summary_large_image\" \/>\n<meta name=\"twitter:label1\" content=\"Tempo di lettura stimato\" \/>\n\t<meta name=\"twitter:data1\" content=\"1 minuto\" \/>\n<script type=\"application\/ld+json\" class=\"yoast-schema-graph\">{\"@context\":\"https:\\\/\\\/schema.org\",\"@graph\":[{\"@type\":\"WebPage\",\"@id\":\"https:\\\/\\\/www.accuratereviews.com\\\/it\\\/rpm-hotel-recensione\\\/\",\"url\":\"https:\\\/\\\/www.accuratereviews.com\\\/it\\\/rpm-hotel-recensione\\\/\",\"name\":\"RPM Hotel: recensione software gestionale hotel - Accurate Reviews\",\"isPartOf\":{\"@id\":\"https:\\\/\\\/www.accuratereviews.com\\\/it\\\/#website\"},\"primaryImageOfPage\":{\"@id\":\"https:\\\/\\\/www.accuratereviews.com\\\/it\\\/rpm-hotel-recensione\\\/#primaryimage\"},\"image\":{\"@id\":\"https:\\\/\\\/www.accuratereviews.com\\\/it\\\/rpm-hotel-recensione\\\/#primaryimage\"},\"thumbnailUrl\":\"https:\\\/\\\/www.accuratereviews.com\\\/wp-content\\\/uploads\\\/2020\\\/02\\\/rpm-logo.jpg\",\"datePublished\":\"2020-02-11T16:03:29+00:00\",\"dateModified\":\"2020-02-12T10:36:09+00:00\",\"description\":\"RPM Hotel: recensione software gestionale hotel che rende l'organizzazione della tua propriet\u00e0 semplice, diretta e efficente.\",\"breadcrumb\":{\"@id\":\"https:\\\/\\\/www.accuratereviews.com\\\/it\\\/rpm-hotel-recensione\\\/#breadcrumb\"},\"inLanguage\":\"it-IT\",\"potentialAction\":[{\"@type\":\"ReadAction\",\"target\":[\"https:\\\/\\\/www.accuratereviews.com\\\/it\\\/rpm-hotel-recensione\\\/\"]}]},{\"@type\":\"ImageObject\",\"inLanguage\":\"it-IT\",\"@id\":\"https:\\\/\\\/www.accuratereviews.com\\\/it\\\/rpm-hotel-recensione\\\/#primaryimage\",\"url\":\"https:\\\/\\\/www.accuratereviews.com\\\/wp-content\\\/uploads\\\/2020\\\/02\\\/rpm-logo.jpg\",\"contentUrl\":\"https:\\\/\\\/www.accuratereviews.com\\\/wp-content\\\/uploads\\\/2020\\\/02\\\/rpm-logo.jpg\",\"width\":383,\"height\":221},{\"@type\":\"BreadcrumbList\",\"@id\":\"https:\\\/\\\/www.accuratereviews.com\\\/it\\\/rpm-hotel-recensione\\\/#breadcrumb\",\"itemListElement\":[{\"@type\":\"ListItem\",\"position\":1,\"name\":\"Home\",\"item\":\"https:\\\/\\\/www.accuratereviews.com\\\/it\\\/\"},{\"@type\":\"ListItem\",\"position\":2,\"name\":\"RPM Hotel\"}]},{\"@type\":\"WebSite\",\"@id\":\"https:\\\/\\\/www.accuratereviews.com\\\/it\\\/#website\",\"url\":\"https:\\\/\\\/www.accuratereviews.com\\\/it\\\/\",\"name\":\"Accurate Reviews\",\"description\":\"\",\"potentialAction\":[{\"@type\":\"SearchAction\",\"target\":{\"@type\":\"EntryPoint\",\"urlTemplate\":\"https:\\\/\\\/www.accuratereviews.com\\\/it\\\/?s={search_term_string}\"},\"query-input\":{\"@type\":\"PropertyValueSpecification\",\"valueRequired\":true,\"valueName\":\"search_term_string\"}}],\"inLanguage\":\"it-IT\"}]}<\/script>\n<!-- \/ Yoast SEO plugin. -->","yoast_head_json":{"title":"RPM Hotel: recensione software gestionale hotel - Accurate Reviews","description":"RPM Hotel: recensione software gestionale hotel che rende l'organizzazione della tua propriet\u00e0 semplice, diretta e efficente.","robots":{"index":"index","follow":"follow","max-snippet":"max-snippet:-1","max-image-preview":"max-image-preview:large","max-video-preview":"max-video-preview:-1"},"canonical":"https:\/\/www.accuratereviews.com\/it\/rpm-hotel-recensione\/","og_locale":"it_IT","og_type":"article","og_title":"RPM Hotel: recensione software gestionale hotel - Accurate Reviews","og_description":"RPM Hotel: recensione software gestionale hotel che rende l'organizzazione della tua propriet\u00e0 semplice, diretta e efficente.","og_url":"https:\/\/www.accuratereviews.com\/it\/rpm-hotel-recensione\/","og_site_name":"Accurate Reviews","article_modified_time":"2020-02-12T10:36:09+00:00","og_image":[{"width":383,"height":221,"url":"https:\/\/www.accuratereviews.com\/wp-content\/uploads\/2020\/02\/rpm-logo.jpg","type":"image\/jpeg"}],"twitter_card":"summary_large_image","twitter_misc":{"Tempo di lettura stimato":"1 minuto"},"schema":{"@context":"https:\/\/schema.org","@graph":[{"@type":"WebPage","@id":"https:\/\/www.accuratereviews.com\/it\/rpm-hotel-recensione\/","url":"https:\/\/www.accuratereviews.com\/it\/rpm-hotel-recensione\/","name":"RPM Hotel: recensione software gestionale hotel - Accurate Reviews","isPartOf":{"@id":"https:\/\/www.accuratereviews.com\/it\/#website"},"primaryImageOfPage":{"@id":"https:\/\/www.accuratereviews.com\/it\/rpm-hotel-recensione\/#primaryimage"},"image":{"@id":"https:\/\/www.accuratereviews.com\/it\/rpm-hotel-recensione\/#primaryimage"},"thumbnailUrl":"https:\/\/www.accuratereviews.com\/wp-content\/uploads\/2020\/02\/rpm-logo.jpg","datePublished":"2020-02-11T16:03:29+00:00","dateModified":"2020-02-12T10:36:09+00:00","description":"RPM Hotel: recensione software gestionale hotel che rende l'organizzazione della tua propriet\u00e0 semplice, diretta e efficente.","breadcrumb":{"@id":"https:\/\/www.accuratereviews.com\/it\/rpm-hotel-recensione\/#breadcrumb"},"inLanguage":"it-IT","potentialAction":[{"@type":"ReadAction","target":["https:\/\/www.accuratereviews.com\/it\/rpm-hotel-recensione\/"]}]},{"@type":"ImageObject","inLanguage":"it-IT","@id":"https:\/\/www.accuratereviews.com\/it\/rpm-hotel-recensione\/#primaryimage","url":"https:\/\/www.accuratereviews.com\/wp-content\/uploads\/2020\/02\/rpm-logo.jpg","contentUrl":"https:\/\/www.accuratereviews.com\/wp-content\/uploads\/2020\/02\/rpm-logo.jpg","width":383,"height":221},{"@type":"BreadcrumbList","@id":"https:\/\/www.accuratereviews.com\/it\/rpm-hotel-recensione\/#breadcrumb","itemListElement":[{"@type":"ListItem","position":1,"name":"Home","item":"https:\/\/www.accuratereviews.com\/it\/"},{"@type":"ListItem","position":2,"name":"RPM Hotel"}]},{"@type":"WebSite","@id":"https:\/\/www.accuratereviews.com\/it\/#website","url":"https:\/\/www.accuratereviews.com\/it\/","name":"Accurate Reviews","description":"","potentialAction":[{"@type":"SearchAction","target":{"@type":"EntryPoint","urlTemplate":"https:\/\/www.accuratereviews.com\/it\/?s={search_term_string}"},"query-input":{"@type":"PropertyValueSpecification","valueRequired":true,"valueName":"search_term_string"}}],"inLanguage":"it-IT"}]}},"_links":{"self":[{"href":"https:\/\/www.accuratereviews.com\/it\/wp-json\/wp\/v2\/pages\/23067","targetHints":{"allow":["GET"]}}],"collection":[{"href":"https:\/\/www.accuratereviews.com\/it\/wp-json\/wp\/v2\/pages"}],"about":[{"href":"https:\/\/www.accuratereviews.com\/it\/wp-json\/wp\/v2\/types\/page"}],"author":[{"embeddable":true,"href":"https:\/\/www.accuratereviews.com\/it\/wp-json\/wp\/v2\/users\/19"}],"replies":[{"embeddable":true,"href":"https:\/\/www.accuratereviews.com\/it\/wp-json\/wp\/v2\/comments?post=23067"}],"version-history":[{"count":6,"href":"https:\/\/www.accuratereviews.com\/it\/wp-json\/wp\/v2\/pages\/23067\/revisions"}],"predecessor-version":[{"id":23105,"href":"https:\/\/www.accuratereviews.com\/it\/wp-json\/wp\/v2\/pages\/23067\/revisions\/23105"}],"wp:featuredmedia":[{"embeddable":true,"href":"https:\/\/www.accuratereviews.com\/it\/wp-json\/wp\/v2\/media\/23073"}],"wp:attachment":[{"href":"https:\/\/www.accuratereviews.com\/it\/wp-json\/wp\/v2\/media?parent=23067"}],"wp:term":[{"taxonomy":"category","embeddable":true,"href":"https:\/\/www.accuratereviews.com\/it\/wp-json\/wp\/v2\/categories?post=23067"},{"taxonomy":"post_tag","embeddable":true,"href":"https:\/\/www.accuratereviews.com\/it\/wp-json\/wp\/v2\/tags?post=23067"},{"taxonomy":"features","embeddable":true,"href":"https:\/\/www.accuratereviews.com\/it\/wp-json\/wp\/v2\/features?post=23067"}],"curies":[{"name":"wp","href":"https:\/\/api.w.org\/{rel}","templated":true}]}}