{"id":23095,"date":"2020-02-12T15:26:04","date_gmt":"2020-02-12T15:26:04","guid":{"rendered":"https:\/\/www.accuratereviews.com\/?page_id=23095"},"modified":"2020-02-12T15:26:04","modified_gmt":"2020-02-12T15:26:04","slug":"clock-pms-recensione","status":"publish","type":"page","link":"https:\/\/www.accuratereviews.com\/it\/clock-pms-recensione\/","title":{"rendered":"Clock PMS"},"content":{"rendered":"<p><strong>Clock PMS<\/strong> \u00e8 una <strong>soluzione di gestione alberghiera<\/strong> che aiuta gli utenti a gestire le prenotazioni, la reception e le operazioni nei punti vendita. \u00c8 progettato per aziende di tutte le dimensioni.\u00a0La soluzione fornisce un database centralizzato al fine di gestire profili di utenti e societ\u00e0, elenchi di ospiti e altre informazioni correlate. <strong>Clock PMS<\/strong> coopera con gli utenti a ottenere una stima di camere e tariffe e ottenere le informazioni aggiornata sulla disponibilit\u00e0 delle camere e sullo stato delle pulizie. Include inoltre l&#8217;elaborazione dei pagamenti, gestione dei canali integrato e organizzazione degli eventi. Il personale dell&#8217;hotel pu\u00f2 condividere un collegamento al portale self-service con i propri ospiti anche prima del check-in. Questo permette all&#8217;ospite di scegliere le stanze, apportare eventuali modifiche, fornire dettagli completi e altro.<\/p>\n<h2>CLOCK PMS &#8211; TUTORIAL<\/h2>\n<p>Ecco un tutorial per scoprire la facilit\u00e0 d&#8217;uso di questo <strong>software gestionale per hotel:<\/strong><\/p>\n<div id=\"fluid-wrapper-counter-1\" class=\"g1-fluid-wrapper \" style=\"width:686px;\">\n<div style=\"padding-bottom:56.268221574344%;\"><iframe loading=\"lazy\" title=\"Clock PMS, il Gestionale per Alberghi piu\u0300 Completo\" width=\"686\" height=\"386\" src=\"https:\/\/www.youtube.com\/embed\/ESq9XJ7efEg?feature=oembed&amp;wmode=transparent&amp;autohide=1&amp;autoplay=0&amp;disablekb=0&amp;fs=1&amp;loop=0&amp;enablejsapi=1&amp;rel=0&amp;controls=2&amp;showinfo=0&amp;wmode=transparent&amp;autohide=2&amp;autoplay=0&amp;disablekb=0&amp;fs=1&amp;loop=0&amp;enablejsapi=1&amp;rel=0&amp;controls=2&amp;showinfo=1\" frameborder=\"0\" allow=\"accelerometer; autoplay; encrypted-media; gyroscope; picture-in-picture\" allowfullscreen><\/iframe><\/div>\n<\/div>\n<h3>CLOCK PMS &#8211; CARATTERISTICHE<\/h3>\n<ul>\n<li><strong>Singolo o multi-propriet\u00e0<\/strong>: Il sistema \u00e8 progettato per servire gruppi e catene multi-propriet\u00e0 nonch\u00e9 hotel indipendenti. Accesso a tutti gli hotel, un database per tutti per accedere ai profili della societ\u00e0 e degli ospiti, impostazioni generali condivise per rapporti consolidati precisi, desk di prenotazione centrale, gestione centralizzata degli utenti, portale di prenotazione online centrale integrato nel sito web del gruppo<\/li>\n<li><strong>Processo di prenotazione delle vendite:<\/strong> un chiaro monitoraggio di tariffe e disponibilit\u00e0 per trovare rapidamente le migliori offerte per ogni cliente. Una funzione di richiesta di prenotazione per salvare queste offerte e consente di inviarle via email al cliente<\/li>\n<li><strong>Meccanismi interni automatizzati: <\/strong>tariffe intelligenti con prezzi stagionali, giorni speciali e tariffe adattabili a seconda del cliente. Depositi e crediti gestiti senza sforzo per i rapporti commerciali senza pressione<\/li>\n<li><strong>Mailer ospite: <\/strong>ideale per inviare messaggi automatici personalizzati in punti specifici per tutta la durata della prenotazione e mantenere la comunicazione con i clienti<\/li>\n<li><strong>Compiti e collaborazione del personale:<\/strong> note sul desktop per ogni nuovo evento, ad esempio le prenotazioni OTA, le richieste di modifica della prenotazione effettuate tramite l&#8217;app per hotel mobile, ecc., In modo da essere sempre informato e nessuna attivit\u00e0 viene lasciata indietro.<\/li>\n<li><strong>Controllo pulizie<\/strong>: monitoraggio delle pulizie che mostra lo stato della stanza in tempo reale, quindi la comunicazione tra i reparti \u00e8 sempre attiva e ottieni ancora pi\u00f9 opportunit\u00e0 di guadagno extra come il check-in anticipato<\/li>\n<\/ul>\n","protected":false},"excerpt":{"rendered":"<p>Clock PMS \u00e8 una soluzione di gestione alberghiera che aiuta gli utenti a gestire le prenotazioni, la reception e le operazioni nei punti vendita. \u00c8 progettato per aziende di tutte le dimensioni.\u00a0La soluzione fornisce un database centralizzato al fine di gestire profili di utenti e societ\u00e0, elenchi di ospiti e altre informazioni correlate.<\/p>\n","protected":false},"author":19,"featured_media":23097,"parent":0,"menu_order":0,"comment_status":"open","ping_status":"closed","template":"g1_template_page_review_new.php","meta":{"_acf_changed":false,"cwp_meta_box_check":"Yes","cwp_rev_product_name":"","cwp_rev_product_image":"","wppr_links":[],"cwp_rev_price":"","wppr_options":[],"wppr_pros":[],"wppr_cons":[],"_monsterinsights_skip_tracking":false,"_monsterinsights_sitenote_active":false,"_monsterinsights_sitenote_note":"","_monsterinsights_sitenote_category":0,"footnotes":""},"categories":[1720],"tags":[1779,396,1742,1765,1744,1730,1729],"features":[],"class_list":{"0":"post-23095","1":"page","2":"type-page","3":"status-publish","4":"has-post-thumbnail","6":"category-gestionali-hotel-categoria","7":"tag-clock-pms","8":"tag-cloud","9":"tag-hotel-management-software","10":"tag-software-gestionale-albergo","11":"tag-software-gestionale-hotel","12":"tag-soluzione-gestionale-albergo","13":"tag-soluzione-gestionale-hotel"},"wppr_data":{"cwp_meta_box_check":"Yes","cwp_rev_product_name":"","cwp_rev_product_image":"","cwp_image_link":"image","cwp_rev_price":"","wppr_rating":"0.00"},"acf":[],"yoast_head":"<!-- This site is optimized with the Yoast SEO plugin v27.4 - https:\/\/yoast.com\/product\/yoast-seo-wordpress\/ -->\n<title>Clock PMS: recensione software gestionale hotel - Accurate Reviews<\/title>\n<meta name=\"description\" content=\"Clock PMS: recensione popolare software di gestione alberghiera basato su cloud progettato per gli hotel e strutture analoghe.\" \/>\n<meta name=\"robots\" content=\"index, follow, max-snippet:-1, max-image-preview:large, max-video-preview:-1\" \/>\n<link rel=\"canonical\" href=\"https:\/\/www.accuratereviews.com\/it\/clock-pms-recensione\/\" \/>\n<meta property=\"og:locale\" content=\"it_IT\" \/>\n<meta property=\"og:type\" content=\"article\" \/>\n<meta property=\"og:title\" content=\"Clock PMS: recensione software gestionale hotel - Accurate Reviews\" \/>\n<meta property=\"og:description\" content=\"Clock PMS: recensione popolare software di gestione alberghiera basato su cloud progettato per gli hotel e strutture analoghe.\" \/>\n<meta property=\"og:url\" content=\"https:\/\/www.accuratereviews.com\/it\/clock-pms-recensione\/\" \/>\n<meta property=\"og:site_name\" content=\"Accurate Reviews\" \/>\n<meta property=\"og:image\" content=\"https:\/\/www.accuratereviews.com\/wp-content\/uploads\/2020\/02\/clock-logo.jpg\" \/>\n\t<meta property=\"og:image:width\" content=\"300\" \/>\n\t<meta property=\"og:image:height\" content=\"300\" \/>\n\t<meta property=\"og:image:type\" content=\"image\/jpeg\" \/>\n<meta name=\"twitter:card\" content=\"summary_large_image\" \/>\n<meta name=\"twitter:label1\" content=\"Tempo di lettura stimato\" \/>\n\t<meta name=\"twitter:data1\" content=\"2 minuti\" \/>\n<script type=\"application\/ld+json\" class=\"yoast-schema-graph\">{\"@context\":\"https:\\\/\\\/schema.org\",\"@graph\":[{\"@type\":\"WebPage\",\"@id\":\"https:\\\/\\\/www.accuratereviews.com\\\/it\\\/clock-pms-recensione\\\/\",\"url\":\"https:\\\/\\\/www.accuratereviews.com\\\/it\\\/clock-pms-recensione\\\/\",\"name\":\"Clock PMS: recensione software gestionale hotel - Accurate Reviews\",\"isPartOf\":{\"@id\":\"https:\\\/\\\/www.accuratereviews.com\\\/it\\\/#website\"},\"primaryImageOfPage\":{\"@id\":\"https:\\\/\\\/www.accuratereviews.com\\\/it\\\/clock-pms-recensione\\\/#primaryimage\"},\"image\":{\"@id\":\"https:\\\/\\\/www.accuratereviews.com\\\/it\\\/clock-pms-recensione\\\/#primaryimage\"},\"thumbnailUrl\":\"https:\\\/\\\/www.accuratereviews.com\\\/wp-content\\\/uploads\\\/2020\\\/02\\\/clock-logo.jpg\",\"datePublished\":\"2020-02-12T15:26:04+00:00\",\"description\":\"Clock PMS: recensione popolare software di gestione alberghiera basato su cloud progettato per gli hotel e strutture analoghe.\",\"breadcrumb\":{\"@id\":\"https:\\\/\\\/www.accuratereviews.com\\\/it\\\/clock-pms-recensione\\\/#breadcrumb\"},\"inLanguage\":\"it-IT\",\"potentialAction\":[{\"@type\":\"ReadAction\",\"target\":[\"https:\\\/\\\/www.accuratereviews.com\\\/it\\\/clock-pms-recensione\\\/\"]}]},{\"@type\":\"ImageObject\",\"inLanguage\":\"it-IT\",\"@id\":\"https:\\\/\\\/www.accuratereviews.com\\\/it\\\/clock-pms-recensione\\\/#primaryimage\",\"url\":\"https:\\\/\\\/www.accuratereviews.com\\\/wp-content\\\/uploads\\\/2020\\\/02\\\/clock-logo.jpg\",\"contentUrl\":\"https:\\\/\\\/www.accuratereviews.com\\\/wp-content\\\/uploads\\\/2020\\\/02\\\/clock-logo.jpg\",\"width\":300,\"height\":300},{\"@type\":\"BreadcrumbList\",\"@id\":\"https:\\\/\\\/www.accuratereviews.com\\\/it\\\/clock-pms-recensione\\\/#breadcrumb\",\"itemListElement\":[{\"@type\":\"ListItem\",\"position\":1,\"name\":\"Home\",\"item\":\"https:\\\/\\\/www.accuratereviews.com\\\/it\\\/\"},{\"@type\":\"ListItem\",\"position\":2,\"name\":\"Clock PMS\"}]},{\"@type\":\"WebSite\",\"@id\":\"https:\\\/\\\/www.accuratereviews.com\\\/it\\\/#website\",\"url\":\"https:\\\/\\\/www.accuratereviews.com\\\/it\\\/\",\"name\":\"Accurate Reviews\",\"description\":\"\",\"potentialAction\":[{\"@type\":\"SearchAction\",\"target\":{\"@type\":\"EntryPoint\",\"urlTemplate\":\"https:\\\/\\\/www.accuratereviews.com\\\/it\\\/?s={search_term_string}\"},\"query-input\":{\"@type\":\"PropertyValueSpecification\",\"valueRequired\":true,\"valueName\":\"search_term_string\"}}],\"inLanguage\":\"it-IT\"}]}<\/script>\n<!-- \/ Yoast SEO plugin. -->","yoast_head_json":{"title":"Clock PMS: recensione software gestionale hotel - Accurate Reviews","description":"Clock PMS: recensione popolare software di gestione alberghiera basato su cloud progettato per gli hotel e strutture analoghe.","robots":{"index":"index","follow":"follow","max-snippet":"max-snippet:-1","max-image-preview":"max-image-preview:large","max-video-preview":"max-video-preview:-1"},"canonical":"https:\/\/www.accuratereviews.com\/it\/clock-pms-recensione\/","og_locale":"it_IT","og_type":"article","og_title":"Clock PMS: recensione software gestionale hotel - Accurate Reviews","og_description":"Clock PMS: recensione popolare software di gestione alberghiera basato su cloud progettato per gli hotel e strutture analoghe.","og_url":"https:\/\/www.accuratereviews.com\/it\/clock-pms-recensione\/","og_site_name":"Accurate Reviews","og_image":[{"width":300,"height":300,"url":"https:\/\/www.accuratereviews.com\/wp-content\/uploads\/2020\/02\/clock-logo.jpg","type":"image\/jpeg"}],"twitter_card":"summary_large_image","twitter_misc":{"Tempo di lettura stimato":"2 minuti"},"schema":{"@context":"https:\/\/schema.org","@graph":[{"@type":"WebPage","@id":"https:\/\/www.accuratereviews.com\/it\/clock-pms-recensione\/","url":"https:\/\/www.accuratereviews.com\/it\/clock-pms-recensione\/","name":"Clock PMS: recensione software gestionale hotel - Accurate Reviews","isPartOf":{"@id":"https:\/\/www.accuratereviews.com\/it\/#website"},"primaryImageOfPage":{"@id":"https:\/\/www.accuratereviews.com\/it\/clock-pms-recensione\/#primaryimage"},"image":{"@id":"https:\/\/www.accuratereviews.com\/it\/clock-pms-recensione\/#primaryimage"},"thumbnailUrl":"https:\/\/www.accuratereviews.com\/wp-content\/uploads\/2020\/02\/clock-logo.jpg","datePublished":"2020-02-12T15:26:04+00:00","description":"Clock PMS: recensione popolare software di gestione alberghiera basato su cloud progettato per gli hotel e strutture analoghe.","breadcrumb":{"@id":"https:\/\/www.accuratereviews.com\/it\/clock-pms-recensione\/#breadcrumb"},"inLanguage":"it-IT","potentialAction":[{"@type":"ReadAction","target":["https:\/\/www.accuratereviews.com\/it\/clock-pms-recensione\/"]}]},{"@type":"ImageObject","inLanguage":"it-IT","@id":"https:\/\/www.accuratereviews.com\/it\/clock-pms-recensione\/#primaryimage","url":"https:\/\/www.accuratereviews.com\/wp-content\/uploads\/2020\/02\/clock-logo.jpg","contentUrl":"https:\/\/www.accuratereviews.com\/wp-content\/uploads\/2020\/02\/clock-logo.jpg","width":300,"height":300},{"@type":"BreadcrumbList","@id":"https:\/\/www.accuratereviews.com\/it\/clock-pms-recensione\/#breadcrumb","itemListElement":[{"@type":"ListItem","position":1,"name":"Home","item":"https:\/\/www.accuratereviews.com\/it\/"},{"@type":"ListItem","position":2,"name":"Clock PMS"}]},{"@type":"WebSite","@id":"https:\/\/www.accuratereviews.com\/it\/#website","url":"https:\/\/www.accuratereviews.com\/it\/","name":"Accurate Reviews","description":"","potentialAction":[{"@type":"SearchAction","target":{"@type":"EntryPoint","urlTemplate":"https:\/\/www.accuratereviews.com\/it\/?s={search_term_string}"},"query-input":{"@type":"PropertyValueSpecification","valueRequired":true,"valueName":"search_term_string"}}],"inLanguage":"it-IT"}]}},"_links":{"self":[{"href":"https:\/\/www.accuratereviews.com\/it\/wp-json\/wp\/v2\/pages\/23095","targetHints":{"allow":["GET"]}}],"collection":[{"href":"https:\/\/www.accuratereviews.com\/it\/wp-json\/wp\/v2\/pages"}],"about":[{"href":"https:\/\/www.accuratereviews.com\/it\/wp-json\/wp\/v2\/types\/page"}],"author":[{"embeddable":true,"href":"https:\/\/www.accuratereviews.com\/it\/wp-json\/wp\/v2\/users\/19"}],"replies":[{"embeddable":true,"href":"https:\/\/www.accuratereviews.com\/it\/wp-json\/wp\/v2\/comments?post=23095"}],"version-history":[{"count":7,"href":"https:\/\/www.accuratereviews.com\/it\/wp-json\/wp\/v2\/pages\/23095\/revisions"}],"predecessor-version":[{"id":23154,"href":"https:\/\/www.accuratereviews.com\/it\/wp-json\/wp\/v2\/pages\/23095\/revisions\/23154"}],"wp:featuredmedia":[{"embeddable":true,"href":"https:\/\/www.accuratereviews.com\/it\/wp-json\/wp\/v2\/media\/23097"}],"wp:attachment":[{"href":"https:\/\/www.accuratereviews.com\/it\/wp-json\/wp\/v2\/media?parent=23095"}],"wp:term":[{"taxonomy":"category","embeddable":true,"href":"https:\/\/www.accuratereviews.com\/it\/wp-json\/wp\/v2\/categories?post=23095"},{"taxonomy":"post_tag","embeddable":true,"href":"https:\/\/www.accuratereviews.com\/it\/wp-json\/wp\/v2\/tags?post=23095"},{"taxonomy":"features","embeddable":true,"href":"https:\/\/www.accuratereviews.com\/it\/wp-json\/wp\/v2\/features?post=23095"}],"curies":[{"name":"wp","href":"https:\/\/api.w.org\/{rel}","templated":true}]}}