{"id":23108,"date":"2020-02-12T15:24:50","date_gmt":"2020-02-12T15:24:50","guid":{"rendered":"https:\/\/www.accuratereviews.com\/?page_id=23108"},"modified":"2020-05-05T08:53:55","modified_gmt":"2020-05-05T08:53:55","slug":"lodgify-recensione","status":"publish","type":"page","link":"https:\/\/www.accuratereviews.com\/it\/lodgify-recensione\/","title":{"rendered":"Lodgify"},"content":{"rendered":"<p><strong>Lodgify<\/strong> \u00e8 un <strong>sistema di gestione alberghiera<\/strong> che consente agli utenti di creare siti web personalizzati per le vacanze. Gli utenti possono scegliere tra una variet\u00e0 di modelli di siti web ottimizzati per i dispositivi mobili e personalizzabili. La funzione &#8220;Prenota ora&#8221; consente ai proprietari di accettare prenotazioni online e pagamento con carta di credito da un&#8217;unica dashboard. Il channel manager consente di mantenere sincronizzati la disponibilit\u00e0 del calendario, le foto e le informazioni con altri siti di elenchi tra cui <strong>AirBnB, Booking.com e Homeaway.<\/strong> Il sistema di prenotazione riceve tutte le richieste in un&#8217;unica casella di posta, consentendo di gestire le richieste e le prenotazioni da un unico posto. I singoli siti si collegano alle pagine dei social media e dispongono di pulsanti &#8220;Mi piace&#8221; e &#8220;Condividi&#8221;. I temi di progettazione sono disponibili in 22 lingue tramite uno strumento di traduzione.<\/p>\n<h2>LODGIFY &#8211; TUTORIAL<\/h2>\n<p>Guardiamo questo tutorial per comprendere come integrare il tuo calendario con la questo <strong>software gestionale per hotel<\/strong>:<\/p>\n<div id=\"fluid-wrapper-counter-1\" class=\"g1-fluid-wrapper \" style=\"width:686px;\">\n<div style=\"padding-bottom:56.268221574344%;\"><iframe loading=\"lazy\" title=\"Lodgify Vacation Rental Software Walkthrough\" width=\"686\" height=\"386\" src=\"https:\/\/www.youtube.com\/embed\/78TvaQdTEGo?feature=oembed&amp;wmode=transparent&amp;autohide=1&amp;autoplay=0&amp;disablekb=0&amp;fs=1&amp;loop=0&amp;enablejsapi=1&amp;rel=0&amp;controls=2&amp;showinfo=0&amp;wmode=transparent&amp;autohide=2&amp;autoplay=0&amp;disablekb=0&amp;fs=1&amp;loop=0&amp;enablejsapi=1&amp;rel=0&amp;controls=2&amp;showinfo=1\" frameborder=\"0\" allow=\"accelerometer; autoplay; encrypted-media; gyroscope; picture-in-picture\" allowfullscreen><\/iframe><\/div>\n<\/div>\n<h3>LODGIFY &#8211; CARATTERISTICHE<\/h3>\n<ul>\n<li>Importa automaticamente tutte le prenotazioni che ricevi dai tuoi canali esterni nel sistema di prenotazione. Usa il channel manager per monitorare tutte le tue prenotazioni da un unico posto<\/li>\n<li>Sincronizza automaticamente disponibilit\u00e0 e prezzi di tutti i siti a cui sei connesso, evitandoti lo stress di controllare manualmente<\/li>\n<li>Perfettamente integrato con vari strumenti di business management come Zapier, Mailchimp, Google Analytics e Facebook Messenger<\/li>\n<li>Raccogli tutte le prenotazioni dal tuo sito web, telefono e qualsiasi altro canale esterno in un unico calendario centralizzato<\/li>\n<li>Comunica con i tuoi ospiti usando il CRM integrato. Visualizza i dettagli dei clienti e i riferimenti di prenotazione da un unico posto<\/li>\n<li>Minimizza lo sforzo e migliora l&#8217;esperienza degli ospiti implementando email di risposta automatica (es. conferma del check-in)<\/li>\n<li>Personalizza pagine, contenuti e interfaccia del tuo sito in maniera facile e veloce<\/li>\n<li>Accetta pagamenti con carta di credito grazie al booking engine integrato<\/li>\n<li>Aumenta la tua visibilit\u00e0 e genera pi\u00f9 conversioni dal tuo sito. Connettiti con pi\u00f9 potenziali ospiti e invogliali a prenotare<\/li>\n<li>Costruisci la tua credibilit\u00e0 online e migliora la tua reputazione mostrando le testimonianze dei tuoi ospiti<\/li>\n<li>Crea facilmente codici sconto, offerte last-minute, sconti per prenotazioni anticipate<\/li>\n<\/ul>\n","protected":false},"excerpt":{"rendered":"<p>Lodgify \u00e8 un sistema di gestione alberghiera che consente agli utenti di creare web design personalizzati per le vacanze. Gli utenti possono scegliere tra una variet\u00e0 di modelli di siti web ottimizzati per i dispositivi mobili e personalizzabili. La funzione &#8220;Prenota ora&#8221; consente ai proprietari di accettare prenotazioni online e pagamento con carta di credito da un&#8217;unica dashboard.<\/p>\n","protected":false},"author":19,"featured_media":23110,"parent":0,"menu_order":0,"comment_status":"open","ping_status":"closed","template":"g1_template_page_review_new.php","meta":{"_acf_changed":false,"cwp_meta_box_check":"Yes","cwp_rev_product_name":"","cwp_rev_product_image":"","wppr_links":[],"cwp_rev_price":"","wppr_options":[],"wppr_pros":[],"wppr_cons":[],"_monsterinsights_skip_tracking":false,"_monsterinsights_sitenote_active":false,"_monsterinsights_sitenote_note":"","_monsterinsights_sitenote_category":0,"footnotes":""},"categories":[1720],"tags":[1742,1751,1757,1765,1744,1730,1774],"features":[],"class_list":{"0":"post-23108","1":"page","2":"type-page","3":"status-publish","4":"has-post-thumbnail","6":"category-gestionali-hotel-categoria","7":"tag-hotel-management-software","8":"tag-programma-gestionale-albergo","9":"tag-programma-gestione-hotel","10":"tag-software-gestionale-albergo","11":"tag-software-gestionale-hotel","12":"tag-soluzione-gestionale-albergo","13":"tag-soluzione-gestionale-hote"},"wppr_data":{"cwp_meta_box_check":"Yes","cwp_rev_product_name":"","cwp_rev_product_image":"","cwp_image_link":"image","cwp_rev_price":"","wppr_rating":"0.00"},"acf":[],"yoast_head":"<!-- This site is optimized with the Yoast SEO plugin v27.4 - https:\/\/yoast.com\/product\/yoast-seo-wordpress\/ -->\n<title>Lodgify: recensione software gestionale hotel - Accurate Reviews<\/title>\n<meta name=\"description\" content=\"Lodgify: recensione software per la gestione di alberghi che rende pi\u00f9 semplice per gli hotel e i proprietari di alloggi soddisfare le esigenze dei clienti.\" \/>\n<meta name=\"robots\" content=\"index, follow, max-snippet:-1, max-image-preview:large, max-video-preview:-1\" \/>\n<link rel=\"canonical\" href=\"https:\/\/www.accuratereviews.com\/it\/lodgify-recensione\/\" \/>\n<meta property=\"og:locale\" content=\"it_IT\" \/>\n<meta property=\"og:type\" content=\"article\" \/>\n<meta property=\"og:title\" content=\"Lodgify: recensione software gestionale hotel - Accurate Reviews\" \/>\n<meta property=\"og:description\" content=\"Lodgify: recensione software per la gestione di alberghi che rende pi\u00f9 semplice per gli hotel e i proprietari di alloggi soddisfare le esigenze dei clienti.\" \/>\n<meta property=\"og:url\" content=\"https:\/\/www.accuratereviews.com\/it\/lodgify-recensione\/\" \/>\n<meta property=\"og:site_name\" content=\"Accurate Reviews\" \/>\n<meta property=\"article:modified_time\" content=\"2020-05-05T08:53:55+00:00\" \/>\n<meta property=\"og:image\" content=\"https:\/\/www.accuratereviews.com\/wp-content\/uploads\/2020\/02\/lodgify.jpg\" \/>\n\t<meta property=\"og:image:width\" content=\"700\" \/>\n\t<meta property=\"og:image:height\" content=\"400\" \/>\n\t<meta property=\"og:image:type\" content=\"image\/jpeg\" \/>\n<meta name=\"twitter:card\" content=\"summary_large_image\" \/>\n<meta name=\"twitter:label1\" content=\"Tempo di lettura stimato\" \/>\n\t<meta name=\"twitter:data1\" content=\"2 minuti\" \/>\n<script type=\"application\/ld+json\" class=\"yoast-schema-graph\">{\"@context\":\"https:\\\/\\\/schema.org\",\"@graph\":[{\"@type\":\"WebPage\",\"@id\":\"https:\\\/\\\/www.accuratereviews.com\\\/it\\\/lodgify-recensione\\\/\",\"url\":\"https:\\\/\\\/www.accuratereviews.com\\\/it\\\/lodgify-recensione\\\/\",\"name\":\"Lodgify: recensione software gestionale hotel - Accurate Reviews\",\"isPartOf\":{\"@id\":\"https:\\\/\\\/www.accuratereviews.com\\\/it\\\/#website\"},\"primaryImageOfPage\":{\"@id\":\"https:\\\/\\\/www.accuratereviews.com\\\/it\\\/lodgify-recensione\\\/#primaryimage\"},\"image\":{\"@id\":\"https:\\\/\\\/www.accuratereviews.com\\\/it\\\/lodgify-recensione\\\/#primaryimage\"},\"thumbnailUrl\":\"https:\\\/\\\/www.accuratereviews.com\\\/wp-content\\\/uploads\\\/2020\\\/02\\\/lodgify.jpg\",\"datePublished\":\"2020-02-12T15:24:50+00:00\",\"dateModified\":\"2020-05-05T08:53:55+00:00\",\"description\":\"Lodgify: recensione software per la gestione di alberghi che rende pi\u00f9 semplice per gli hotel e i proprietari di alloggi soddisfare le esigenze dei clienti.\",\"breadcrumb\":{\"@id\":\"https:\\\/\\\/www.accuratereviews.com\\\/it\\\/lodgify-recensione\\\/#breadcrumb\"},\"inLanguage\":\"it-IT\",\"potentialAction\":[{\"@type\":\"ReadAction\",\"target\":[\"https:\\\/\\\/www.accuratereviews.com\\\/it\\\/lodgify-recensione\\\/\"]}]},{\"@type\":\"ImageObject\",\"inLanguage\":\"it-IT\",\"@id\":\"https:\\\/\\\/www.accuratereviews.com\\\/it\\\/lodgify-recensione\\\/#primaryimage\",\"url\":\"https:\\\/\\\/www.accuratereviews.com\\\/wp-content\\\/uploads\\\/2020\\\/02\\\/lodgify.jpg\",\"contentUrl\":\"https:\\\/\\\/www.accuratereviews.com\\\/wp-content\\\/uploads\\\/2020\\\/02\\\/lodgify.jpg\",\"width\":700,\"height\":400},{\"@type\":\"BreadcrumbList\",\"@id\":\"https:\\\/\\\/www.accuratereviews.com\\\/it\\\/lodgify-recensione\\\/#breadcrumb\",\"itemListElement\":[{\"@type\":\"ListItem\",\"position\":1,\"name\":\"Home\",\"item\":\"https:\\\/\\\/www.accuratereviews.com\\\/it\\\/\"},{\"@type\":\"ListItem\",\"position\":2,\"name\":\"Lodgify\"}]},{\"@type\":\"WebSite\",\"@id\":\"https:\\\/\\\/www.accuratereviews.com\\\/it\\\/#website\",\"url\":\"https:\\\/\\\/www.accuratereviews.com\\\/it\\\/\",\"name\":\"Accurate Reviews\",\"description\":\"\",\"potentialAction\":[{\"@type\":\"SearchAction\",\"target\":{\"@type\":\"EntryPoint\",\"urlTemplate\":\"https:\\\/\\\/www.accuratereviews.com\\\/it\\\/?s={search_term_string}\"},\"query-input\":{\"@type\":\"PropertyValueSpecification\",\"valueRequired\":true,\"valueName\":\"search_term_string\"}}],\"inLanguage\":\"it-IT\"}]}<\/script>\n<!-- \/ Yoast SEO plugin. -->","yoast_head_json":{"title":"Lodgify: recensione software gestionale hotel - Accurate Reviews","description":"Lodgify: recensione software per la gestione di alberghi che rende pi\u00f9 semplice per gli hotel e i proprietari di alloggi soddisfare le esigenze dei clienti.","robots":{"index":"index","follow":"follow","max-snippet":"max-snippet:-1","max-image-preview":"max-image-preview:large","max-video-preview":"max-video-preview:-1"},"canonical":"https:\/\/www.accuratereviews.com\/it\/lodgify-recensione\/","og_locale":"it_IT","og_type":"article","og_title":"Lodgify: recensione software gestionale hotel - Accurate Reviews","og_description":"Lodgify: recensione software per la gestione di alberghi che rende pi\u00f9 semplice per gli hotel e i proprietari di alloggi soddisfare le esigenze dei clienti.","og_url":"https:\/\/www.accuratereviews.com\/it\/lodgify-recensione\/","og_site_name":"Accurate Reviews","article_modified_time":"2020-05-05T08:53:55+00:00","og_image":[{"width":700,"height":400,"url":"https:\/\/www.accuratereviews.com\/wp-content\/uploads\/2020\/02\/lodgify.jpg","type":"image\/jpeg"}],"twitter_card":"summary_large_image","twitter_misc":{"Tempo di lettura stimato":"2 minuti"},"schema":{"@context":"https:\/\/schema.org","@graph":[{"@type":"WebPage","@id":"https:\/\/www.accuratereviews.com\/it\/lodgify-recensione\/","url":"https:\/\/www.accuratereviews.com\/it\/lodgify-recensione\/","name":"Lodgify: recensione software gestionale hotel - Accurate Reviews","isPartOf":{"@id":"https:\/\/www.accuratereviews.com\/it\/#website"},"primaryImageOfPage":{"@id":"https:\/\/www.accuratereviews.com\/it\/lodgify-recensione\/#primaryimage"},"image":{"@id":"https:\/\/www.accuratereviews.com\/it\/lodgify-recensione\/#primaryimage"},"thumbnailUrl":"https:\/\/www.accuratereviews.com\/wp-content\/uploads\/2020\/02\/lodgify.jpg","datePublished":"2020-02-12T15:24:50+00:00","dateModified":"2020-05-05T08:53:55+00:00","description":"Lodgify: recensione software per la gestione di alberghi che rende pi\u00f9 semplice per gli hotel e i proprietari di alloggi soddisfare le esigenze dei clienti.","breadcrumb":{"@id":"https:\/\/www.accuratereviews.com\/it\/lodgify-recensione\/#breadcrumb"},"inLanguage":"it-IT","potentialAction":[{"@type":"ReadAction","target":["https:\/\/www.accuratereviews.com\/it\/lodgify-recensione\/"]}]},{"@type":"ImageObject","inLanguage":"it-IT","@id":"https:\/\/www.accuratereviews.com\/it\/lodgify-recensione\/#primaryimage","url":"https:\/\/www.accuratereviews.com\/wp-content\/uploads\/2020\/02\/lodgify.jpg","contentUrl":"https:\/\/www.accuratereviews.com\/wp-content\/uploads\/2020\/02\/lodgify.jpg","width":700,"height":400},{"@type":"BreadcrumbList","@id":"https:\/\/www.accuratereviews.com\/it\/lodgify-recensione\/#breadcrumb","itemListElement":[{"@type":"ListItem","position":1,"name":"Home","item":"https:\/\/www.accuratereviews.com\/it\/"},{"@type":"ListItem","position":2,"name":"Lodgify"}]},{"@type":"WebSite","@id":"https:\/\/www.accuratereviews.com\/it\/#website","url":"https:\/\/www.accuratereviews.com\/it\/","name":"Accurate Reviews","description":"","potentialAction":[{"@type":"SearchAction","target":{"@type":"EntryPoint","urlTemplate":"https:\/\/www.accuratereviews.com\/it\/?s={search_term_string}"},"query-input":{"@type":"PropertyValueSpecification","valueRequired":true,"valueName":"search_term_string"}}],"inLanguage":"it-IT"}]}},"_links":{"self":[{"href":"https:\/\/www.accuratereviews.com\/it\/wp-json\/wp\/v2\/pages\/23108","targetHints":{"allow":["GET"]}}],"collection":[{"href":"https:\/\/www.accuratereviews.com\/it\/wp-json\/wp\/v2\/pages"}],"about":[{"href":"https:\/\/www.accuratereviews.com\/it\/wp-json\/wp\/v2\/types\/page"}],"author":[{"embeddable":true,"href":"https:\/\/www.accuratereviews.com\/it\/wp-json\/wp\/v2\/users\/19"}],"replies":[{"embeddable":true,"href":"https:\/\/www.accuratereviews.com\/it\/wp-json\/wp\/v2\/comments?post=23108"}],"version-history":[{"count":8,"href":"https:\/\/www.accuratereviews.com\/it\/wp-json\/wp\/v2\/pages\/23108\/revisions"}],"predecessor-version":[{"id":26078,"href":"https:\/\/www.accuratereviews.com\/it\/wp-json\/wp\/v2\/pages\/23108\/revisions\/26078"}],"wp:featuredmedia":[{"embeddable":true,"href":"https:\/\/www.accuratereviews.com\/it\/wp-json\/wp\/v2\/media\/23110"}],"wp:attachment":[{"href":"https:\/\/www.accuratereviews.com\/it\/wp-json\/wp\/v2\/media?parent=23108"}],"wp:term":[{"taxonomy":"category","embeddable":true,"href":"https:\/\/www.accuratereviews.com\/it\/wp-json\/wp\/v2\/categories?post=23108"},{"taxonomy":"post_tag","embeddable":true,"href":"https:\/\/www.accuratereviews.com\/it\/wp-json\/wp\/v2\/tags?post=23108"},{"taxonomy":"features","embeddable":true,"href":"https:\/\/www.accuratereviews.com\/it\/wp-json\/wp\/v2\/features?post=23108"}],"curies":[{"name":"wp","href":"https:\/\/api.w.org\/{rel}","templated":true}]}}