{"id":23204,"date":"2020-02-13T13:50:30","date_gmt":"2020-02-13T13:50:30","guid":{"rendered":"https:\/\/www.accuratereviews.com\/?page_id=23204"},"modified":"2020-02-14T13:20:48","modified_gmt":"2020-02-14T13:20:48","slug":"bookinglayer-recensione","status":"publish","type":"page","link":"https:\/\/www.accuratereviews.com\/it\/bookinglayer-recensione\/","title":{"rendered":"Bookinglayer"},"content":{"rendered":"<p><strong>Bookinglayer<\/strong> \u00e8 una <strong>soluzione di gestione di prenotazioni e hotel<\/strong> basata su <strong>cloud<\/strong>. \u00c8 progettato per le piccole e medie imprese del settore turistico che offrono alloggi e attivit\u00e0.\u00a0La piattaforma offre un calendario interattivo in tempo reale con funzionalit\u00e0 di drag-and-drop che pu\u00f2 essere utilizzato per pianificare alloggi, attivit\u00e0, affitti e servizi. I clienti possono utilizzare il portale web per compilare un modulo di prenotazione online e aggiungere dettagli \u00a0come informazioni personali, dettagli di volo e informazioni di pagamento.\u00a0<strong>Bookinglayer <\/strong>inoltre include un generatore di pacchetti che pu\u00f2 essere utilizzato per creare una soluzione su misura per i clienti con diversi servizi, attivit\u00e0 e opzioni di alloggio personalizzati per singoli giorni. Il software offre l&#8217;integrazione con gateway di pagamento tra cui <strong>PayPal, Stripe, Braintree e 2Checkout.<\/strong><\/p>\n<h2><a href=\"https:\/\/www.accuratereviews.com\/wp-content\/uploads\/2020\/02\/Schermata-2020-02-13-alle-14.01.34.png\"><img loading=\"lazy\" decoding=\"async\" class=\"alignnone size-full wp-image-23208\" src=\"https:\/\/www.accuratereviews.com\/wp-content\/uploads\/2020\/02\/Schermata-2020-02-13-alle-14.01.34.png\" alt=\"\" width=\"2458\" height=\"1100\" srcset=\"https:\/\/www.accuratereviews.com\/wp-content\/uploads\/2020\/02\/Schermata-2020-02-13-alle-14.01.34.png 2458w, https:\/\/www.accuratereviews.com\/wp-content\/uploads\/2020\/02\/Schermata-2020-02-13-alle-14.01.34-300x134.png 300w, https:\/\/www.accuratereviews.com\/wp-content\/uploads\/2020\/02\/Schermata-2020-02-13-alle-14.01.34-1024x458.png 1024w, https:\/\/www.accuratereviews.com\/wp-content\/uploads\/2020\/02\/Schermata-2020-02-13-alle-14.01.34-768x344.png 768w, https:\/\/www.accuratereviews.com\/wp-content\/uploads\/2020\/02\/Schermata-2020-02-13-alle-14.01.34-1536x687.png 1536w, https:\/\/www.accuratereviews.com\/wp-content\/uploads\/2020\/02\/Schermata-2020-02-13-alle-14.01.34-2048x917.png 2048w, https:\/\/www.accuratereviews.com\/wp-content\/uploads\/2020\/02\/Schermata-2020-02-13-alle-14.01.34-260x116.png 260w, https:\/\/www.accuratereviews.com\/wp-content\/uploads\/2020\/02\/Schermata-2020-02-13-alle-14.01.34-50x22.png 50w, https:\/\/www.accuratereviews.com\/wp-content\/uploads\/2020\/02\/Schermata-2020-02-13-alle-14.01.34-968x433.png 968w, https:\/\/www.accuratereviews.com\/wp-content\/uploads\/2020\/02\/Schermata-2020-02-13-alle-14.01.34-636x285.png 636w, https:\/\/www.accuratereviews.com\/wp-content\/uploads\/2020\/02\/Schermata-2020-02-13-alle-14.01.34-320x143.png 320w, https:\/\/www.accuratereviews.com\/wp-content\/uploads\/2020\/02\/Schermata-2020-02-13-alle-14.01.34-239x107.png 239w\" sizes=\"auto, (max-width: 2458px) 100vw, 2458px\" \/><\/a><\/h2>\n<h2>BOOKINGLAYER &#8211; CARATTERISTICHE<\/h2>\n<ul>\n<li><strong>Pacchetti<\/strong>: raggruppa qualsiasi cosa dal tuo inventario in un pacchetto. Le possibilit\u00e0 di vendere alloggi e servizi aumenter\u00e0<\/li>\n<li><strong>Alloggio<\/strong>: riserva notti per stanze condivise o private, barche, tende, case o appartamenti. Opzionalmente sincronizzato con canali esterni come Airbnb<\/li>\n<li><strong>Noleggi e articoli<\/strong>: gestisci le vendite dei tuoi articoli, come parte di un pacchetto o insieme a un&#8217;attivit\u00e0<\/li>\n<li><strong>Prenotazioni online:<\/strong> aggiungi il nostro motore di prenotazione e ricevi prenotazioni web 24\/7 tramite il tuo sito web<\/li>\n<li><strong>CRM integrato<\/strong>: la soluzione ti consente di archiviare tutte le informazioni dei tuoi clienti in un unico posto. Cerca facilmente i clienti attuali e passati<\/li>\n<li><strong> Prenotazioni offline<\/strong>: riservare un alloggio, un&#8217;attivit\u00e0 o un pacchetto personalizzato tramite il calendario della soluzione richiede solo pochi clic<\/li>\n<li><strong>Multi-lingue<\/strong>: imposta il tuo motore di prenotazione e i modelli di email in pi\u00f9 lingue e lascia che il programma scelga quello giusto per ogni cliente<\/li>\n<li><strong>Prenotazioni di canali<\/strong>: con l&#8217; integrazione Channel Manager puoi sincronizzare la soluzione con centinaia di canali come Booking.com e Airbnb<\/li>\n<li><strong>Dettagli ospite<\/strong>: mantieni il processo di prenotazione veloce e richiedi ulteriori informazioni in una fase successiva. Acquisisci facilmente dettagli personali, informazioni o elabora persino un sondaggio tramite il Portale clienti<\/li>\n<li><strong>Informazioni sul trasferimento<\/strong>: memorizza le informazioni di arrivo e partenza per i tuoi clienti<\/li>\n<li><strong>Calendario:<\/strong> Avere una panoramica centrale di ogni alloggio, attivit\u00e0 e servizio prenotati. Consulta facilmente la disponibilit\u00e0, modifica le prenotazioni o blocca le date<\/li>\n<li><strong>Manifestazioni e relazioni degli ospiti<\/strong>: gli elenchi per le pulizie, gli arrivi o le partenze vengono generati automaticamente<\/li>\n<li><strong>Email automatizzate<\/strong>: consenti al tuo staff di risparmiare ore \u00a0scrivendo email. Utilizza i nostri modelli di email integrati come promemoria di viaggio, benvenuto o richiesta di informazioni di trasferimento<\/li>\n<li><strong>Pagamenti diretti<\/strong>: utilizza il nostro modulo di pagamento per acquisire pagamenti diretti e \/ o pagamenti tramite bonifico bancario<\/li>\n<li><strong>Valuta multipla<\/strong>: imposta i tassi in diverse valute o usa la conversione di valuta<\/li>\n<li><strong>Fatture<\/strong>: genera fatture e note di credito automaticamente con il tuo logo e i dettagli della tua attivit\u00e0<\/li>\n<li><strong>Pannello di controllo<\/strong>: tieni d&#8217;occhio i tuoi KPI con la nostra dashboard in tempo reale, raccogliendo dati da tutte le fasi del flusso di prenotazione<\/li>\n<li><strong>Resoconti finanziari:<\/strong> esporta rapporti su prenotazioni, entrate e pagamenti in base alla data di prenotazione, alla data di arrivo o alla data di pagamento<\/li>\n<li><strong>Rapporti personalizzati<\/strong>: crea un rapporto personalizzato se per la tua azienda \u00e8 richiesto un set di dati specifico<\/li>\n<li><strong>Facilmente esportabile<\/strong>: ogni elenco pu\u00f2 essere esportato in PDF, CSV o Excel<\/li>\n<\/ul>\n","protected":false},"excerpt":{"rendered":"<p>Bookinglayer \u00e8 una soluzione di gestione di prenotazioni e hotel basata su cloud. \u00c8 progettato per le piccole e medie imprese del settore turistico che offrono alloggi e attivit\u00e0.\u00a0La piattaforma offre un calendario interattivo in tempo reale con funzionalit\u00e0 di drag-and-drop che pu\u00f2 essere utilizzato per pianificare alloggi, attivit\u00e0, affitti e servizi.<\/p>\n","protected":false},"author":19,"featured_media":23205,"parent":0,"menu_order":0,"comment_status":"open","ping_status":"closed","template":"g1_template_page_review_new.php","meta":{"_acf_changed":false,"cwp_meta_box_check":"No","cwp_rev_product_name":"","cwp_rev_product_image":"","wppr_links":[],"cwp_rev_price":"","wppr_options":[],"wppr_pros":[],"wppr_cons":[],"_monsterinsights_skip_tracking":false,"_monsterinsights_sitenote_active":false,"_monsterinsights_sitenote_note":"","_monsterinsights_sitenote_category":0,"footnotes":""},"categories":[1720],"tags":[1797,396,1742,1798,1743,1765,1744,1730,1729],"features":[],"class_list":{"0":"post-23204","1":"page","2":"type-page","3":"status-publish","4":"has-post-thumbnail","6":"category-gestionali-hotel-categoria","7":"tag-bookinglayer","8":"tag-cloud","9":"tag-hotel-management-software","10":"tag-piattaforma-gestionale-albergo","11":"tag-piattaforma-gestionale-hotel","12":"tag-software-gestionale-albergo","13":"tag-software-gestionale-hotel","14":"tag-soluzione-gestionale-albergo","15":"tag-soluzione-gestionale-hotel"},"wppr_data":{"cwp_meta_box_check":"No"},"acf":[],"yoast_head":"<!-- This site is optimized with the Yoast SEO plugin v27.4 - https:\/\/yoast.com\/product\/yoast-seo-wordpress\/ -->\n<title>Bookinglayer: recensione software gestionale hotel- Accurate Reviews<\/title>\n<meta name=\"description\" content=\"Bookinglayer: soluzione di gestione di prenotazioni e hotel basata su cloud, progettato per le piccole e medie imprese del settore turistico.\" \/>\n<meta name=\"robots\" content=\"index, follow, max-snippet:-1, max-image-preview:large, max-video-preview:-1\" \/>\n<link rel=\"canonical\" href=\"https:\/\/www.accuratereviews.com\/it\/bookinglayer-recensione\/\" \/>\n<meta property=\"og:locale\" content=\"it_IT\" \/>\n<meta property=\"og:type\" content=\"article\" \/>\n<meta property=\"og:title\" content=\"Bookinglayer: recensione software gestionale hotel- Accurate Reviews\" \/>\n<meta property=\"og:description\" content=\"Bookinglayer: soluzione di gestione di prenotazioni e hotel basata su cloud, progettato per le piccole e medie imprese del settore turistico.\" \/>\n<meta property=\"og:url\" content=\"https:\/\/www.accuratereviews.com\/it\/bookinglayer-recensione\/\" \/>\n<meta property=\"og:site_name\" content=\"Accurate Reviews\" \/>\n<meta property=\"article:modified_time\" content=\"2020-02-14T13:20:48+00:00\" \/>\n<meta property=\"og:image\" content=\"https:\/\/www.accuratereviews.com\/wp-content\/uploads\/2020\/02\/BOOKINGLAYER.png\" \/>\n\t<meta property=\"og:image:width\" content=\"225\" \/>\n\t<meta property=\"og:image:height\" content=\"225\" \/>\n\t<meta property=\"og:image:type\" content=\"image\/png\" \/>\n<meta name=\"twitter:card\" content=\"summary_large_image\" \/>\n<meta name=\"twitter:label1\" content=\"Tempo di lettura stimato\" \/>\n\t<meta name=\"twitter:data1\" content=\"3 minuti\" \/>\n<script type=\"application\/ld+json\" class=\"yoast-schema-graph\">{\"@context\":\"https:\\\/\\\/schema.org\",\"@graph\":[{\"@type\":\"WebPage\",\"@id\":\"https:\\\/\\\/www.accuratereviews.com\\\/it\\\/bookinglayer-recensione\\\/\",\"url\":\"https:\\\/\\\/www.accuratereviews.com\\\/it\\\/bookinglayer-recensione\\\/\",\"name\":\"Bookinglayer: recensione software gestionale hotel- Accurate Reviews\",\"isPartOf\":{\"@id\":\"https:\\\/\\\/www.accuratereviews.com\\\/it\\\/#website\"},\"primaryImageOfPage\":{\"@id\":\"https:\\\/\\\/www.accuratereviews.com\\\/it\\\/bookinglayer-recensione\\\/#primaryimage\"},\"image\":{\"@id\":\"https:\\\/\\\/www.accuratereviews.com\\\/it\\\/bookinglayer-recensione\\\/#primaryimage\"},\"thumbnailUrl\":\"https:\\\/\\\/www.accuratereviews.com\\\/wp-content\\\/uploads\\\/2020\\\/02\\\/BOOKINGLAYER.png\",\"datePublished\":\"2020-02-13T13:50:30+00:00\",\"dateModified\":\"2020-02-14T13:20:48+00:00\",\"description\":\"Bookinglayer: soluzione di gestione di prenotazioni e hotel basata su cloud, progettato per le piccole e medie imprese del settore turistico.\",\"breadcrumb\":{\"@id\":\"https:\\\/\\\/www.accuratereviews.com\\\/it\\\/bookinglayer-recensione\\\/#breadcrumb\"},\"inLanguage\":\"it-IT\",\"potentialAction\":[{\"@type\":\"ReadAction\",\"target\":[\"https:\\\/\\\/www.accuratereviews.com\\\/it\\\/bookinglayer-recensione\\\/\"]}]},{\"@type\":\"ImageObject\",\"inLanguage\":\"it-IT\",\"@id\":\"https:\\\/\\\/www.accuratereviews.com\\\/it\\\/bookinglayer-recensione\\\/#primaryimage\",\"url\":\"https:\\\/\\\/www.accuratereviews.com\\\/wp-content\\\/uploads\\\/2020\\\/02\\\/BOOKINGLAYER.png\",\"contentUrl\":\"https:\\\/\\\/www.accuratereviews.com\\\/wp-content\\\/uploads\\\/2020\\\/02\\\/BOOKINGLAYER.png\",\"width\":225,\"height\":225},{\"@type\":\"BreadcrumbList\",\"@id\":\"https:\\\/\\\/www.accuratereviews.com\\\/it\\\/bookinglayer-recensione\\\/#breadcrumb\",\"itemListElement\":[{\"@type\":\"ListItem\",\"position\":1,\"name\":\"Home\",\"item\":\"https:\\\/\\\/www.accuratereviews.com\\\/it\\\/\"},{\"@type\":\"ListItem\",\"position\":2,\"name\":\"Bookinglayer\"}]},{\"@type\":\"WebSite\",\"@id\":\"https:\\\/\\\/www.accuratereviews.com\\\/it\\\/#website\",\"url\":\"https:\\\/\\\/www.accuratereviews.com\\\/it\\\/\",\"name\":\"Accurate Reviews\",\"description\":\"\",\"potentialAction\":[{\"@type\":\"SearchAction\",\"target\":{\"@type\":\"EntryPoint\",\"urlTemplate\":\"https:\\\/\\\/www.accuratereviews.com\\\/it\\\/?s={search_term_string}\"},\"query-input\":{\"@type\":\"PropertyValueSpecification\",\"valueRequired\":true,\"valueName\":\"search_term_string\"}}],\"inLanguage\":\"it-IT\"}]}<\/script>\n<!-- \/ Yoast SEO plugin. -->","yoast_head_json":{"title":"Bookinglayer: recensione software gestionale hotel- Accurate Reviews","description":"Bookinglayer: soluzione di gestione di prenotazioni e hotel basata su cloud, progettato per le piccole e medie imprese del settore turistico.","robots":{"index":"index","follow":"follow","max-snippet":"max-snippet:-1","max-image-preview":"max-image-preview:large","max-video-preview":"max-video-preview:-1"},"canonical":"https:\/\/www.accuratereviews.com\/it\/bookinglayer-recensione\/","og_locale":"it_IT","og_type":"article","og_title":"Bookinglayer: recensione software gestionale hotel- Accurate Reviews","og_description":"Bookinglayer: soluzione di gestione di prenotazioni e hotel basata su cloud, progettato per le piccole e medie imprese del settore turistico.","og_url":"https:\/\/www.accuratereviews.com\/it\/bookinglayer-recensione\/","og_site_name":"Accurate Reviews","article_modified_time":"2020-02-14T13:20:48+00:00","og_image":[{"width":225,"height":225,"url":"https:\/\/www.accuratereviews.com\/wp-content\/uploads\/2020\/02\/BOOKINGLAYER.png","type":"image\/png"}],"twitter_card":"summary_large_image","twitter_misc":{"Tempo di lettura stimato":"3 minuti"},"schema":{"@context":"https:\/\/schema.org","@graph":[{"@type":"WebPage","@id":"https:\/\/www.accuratereviews.com\/it\/bookinglayer-recensione\/","url":"https:\/\/www.accuratereviews.com\/it\/bookinglayer-recensione\/","name":"Bookinglayer: recensione software gestionale hotel- Accurate Reviews","isPartOf":{"@id":"https:\/\/www.accuratereviews.com\/it\/#website"},"primaryImageOfPage":{"@id":"https:\/\/www.accuratereviews.com\/it\/bookinglayer-recensione\/#primaryimage"},"image":{"@id":"https:\/\/www.accuratereviews.com\/it\/bookinglayer-recensione\/#primaryimage"},"thumbnailUrl":"https:\/\/www.accuratereviews.com\/wp-content\/uploads\/2020\/02\/BOOKINGLAYER.png","datePublished":"2020-02-13T13:50:30+00:00","dateModified":"2020-02-14T13:20:48+00:00","description":"Bookinglayer: soluzione di gestione di prenotazioni e hotel basata su cloud, progettato per le piccole e medie imprese del settore turistico.","breadcrumb":{"@id":"https:\/\/www.accuratereviews.com\/it\/bookinglayer-recensione\/#breadcrumb"},"inLanguage":"it-IT","potentialAction":[{"@type":"ReadAction","target":["https:\/\/www.accuratereviews.com\/it\/bookinglayer-recensione\/"]}]},{"@type":"ImageObject","inLanguage":"it-IT","@id":"https:\/\/www.accuratereviews.com\/it\/bookinglayer-recensione\/#primaryimage","url":"https:\/\/www.accuratereviews.com\/wp-content\/uploads\/2020\/02\/BOOKINGLAYER.png","contentUrl":"https:\/\/www.accuratereviews.com\/wp-content\/uploads\/2020\/02\/BOOKINGLAYER.png","width":225,"height":225},{"@type":"BreadcrumbList","@id":"https:\/\/www.accuratereviews.com\/it\/bookinglayer-recensione\/#breadcrumb","itemListElement":[{"@type":"ListItem","position":1,"name":"Home","item":"https:\/\/www.accuratereviews.com\/it\/"},{"@type":"ListItem","position":2,"name":"Bookinglayer"}]},{"@type":"WebSite","@id":"https:\/\/www.accuratereviews.com\/it\/#website","url":"https:\/\/www.accuratereviews.com\/it\/","name":"Accurate Reviews","description":"","potentialAction":[{"@type":"SearchAction","target":{"@type":"EntryPoint","urlTemplate":"https:\/\/www.accuratereviews.com\/it\/?s={search_term_string}"},"query-input":{"@type":"PropertyValueSpecification","valueRequired":true,"valueName":"search_term_string"}}],"inLanguage":"it-IT"}]}},"_links":{"self":[{"href":"https:\/\/www.accuratereviews.com\/it\/wp-json\/wp\/v2\/pages\/23204","targetHints":{"allow":["GET"]}}],"collection":[{"href":"https:\/\/www.accuratereviews.com\/it\/wp-json\/wp\/v2\/pages"}],"about":[{"href":"https:\/\/www.accuratereviews.com\/it\/wp-json\/wp\/v2\/types\/page"}],"author":[{"embeddable":true,"href":"https:\/\/www.accuratereviews.com\/it\/wp-json\/wp\/v2\/users\/19"}],"replies":[{"embeddable":true,"href":"https:\/\/www.accuratereviews.com\/it\/wp-json\/wp\/v2\/comments?post=23204"}],"version-history":[{"count":5,"href":"https:\/\/www.accuratereviews.com\/it\/wp-json\/wp\/v2\/pages\/23204\/revisions"}],"predecessor-version":[{"id":23277,"href":"https:\/\/www.accuratereviews.com\/it\/wp-json\/wp\/v2\/pages\/23204\/revisions\/23277"}],"wp:featuredmedia":[{"embeddable":true,"href":"https:\/\/www.accuratereviews.com\/it\/wp-json\/wp\/v2\/media\/23205"}],"wp:attachment":[{"href":"https:\/\/www.accuratereviews.com\/it\/wp-json\/wp\/v2\/media?parent=23204"}],"wp:term":[{"taxonomy":"category","embeddable":true,"href":"https:\/\/www.accuratereviews.com\/it\/wp-json\/wp\/v2\/categories?post=23204"},{"taxonomy":"post_tag","embeddable":true,"href":"https:\/\/www.accuratereviews.com\/it\/wp-json\/wp\/v2\/tags?post=23204"},{"taxonomy":"features","embeddable":true,"href":"https:\/\/www.accuratereviews.com\/it\/wp-json\/wp\/v2\/features?post=23204"}],"curies":[{"name":"wp","href":"https:\/\/api.w.org\/{rel}","templated":true}]}}