{"id":23330,"date":"2020-02-17T13:30:28","date_gmt":"2020-02-17T13:30:28","guid":{"rendered":"https:\/\/www.accuratereviews.com\/?page_id=23330"},"modified":"2020-02-18T10:31:38","modified_gmt":"2020-02-18T10:31:38","slug":"maestro-pms-recensione","status":"publish","type":"page","link":"https:\/\/www.accuratereviews.com\/it\/maestro-pms-recensione\/","title":{"rendered":"Maestro PMS"},"content":{"rendered":"<p><strong>Maestro PMS<\/strong> \u00e8 una <strong>soluzione di gestione della propriet\u00e0<\/strong>\u00a0 ibrida di <strong>NORTHWIND<\/strong> che offre agli utenti pi\u00f9 moduli che li aiutano a gestire il servizio degli ospiti e le attivit\u00e0 operative. La soluzione pu\u00f2 essere implementata <strong>on-premise o ospitata nel cloud<\/strong> e si rivolge ad aziende di tutte le dimensioni. Il modulo ResWave di <strong>Maestro PMS<\/strong> offre ai clienti una piattaforma centralizzata in tempo reale per le prenotazioni. Consente prenotazioni dirette di camere sul sito web, servizi aggiuntivi, pacchetti e attivit\u00e0. Gli ospiti possono effettuare le prenotazioni dai propri dispositivi mobili, landing page, email e Facebook.\u00a0Inoltre, <strong>Maestro PMS<\/strong> offre una gestione dinamica del rendimento, l&#8217;integrazione con agenzie di viaggio online, POS per punti vendita al dettaglio e gestione degli ordini di lavoro.<\/p>\n<h2>MAESTRO PMS &#8211; TUTORIAL<\/h2>\n<p>Il video illustra le principali funzioni di questo <strong>software gestionale per hotel<\/strong>:<\/p>\n<div id=\"fluid-wrapper-counter-1\" class=\"g1-fluid-wrapper \" style=\"width:686px;\">\n<div style=\"padding-bottom:56.268221574344%;\"><iframe loading=\"lazy\" title=\"Maestro PMS\" width=\"686\" height=\"386\" src=\"https:\/\/www.youtube.com\/embed\/VVVMR93VGAE?feature=oembed&amp;wmode=transparent&amp;autohide=1&amp;autoplay=0&amp;disablekb=0&amp;fs=1&amp;loop=0&amp;enablejsapi=1&amp;rel=0&amp;controls=2&amp;showinfo=0&amp;wmode=transparent&amp;autohide=2&amp;autoplay=0&amp;disablekb=0&amp;fs=1&amp;loop=0&amp;enablejsapi=1&amp;rel=0&amp;controls=2&amp;showinfo=1\" frameborder=\"0\" allow=\"accelerometer; autoplay; encrypted-media; gyroscope; picture-in-picture\" allowfullscreen><\/iframe><\/div>\n<\/div>\n<h3>MAESTRO PMS &#8211; CARATTERISTICHE<\/h3>\n<ul>\n<li>Database centralizzato su tutta la catena che consente una facile vendita incrociata di propriet\u00e0 e servizi e un unico profilo cliente per un maggiore riconoscimento degli ospiti<\/li>\n<li>Metriche sulle prestazioni delle singole collezioni e delle propriet\u00e0 aziendali e report sul comportamento degli ospiti da un singolo repository di dati centrale<\/li>\n<li>Maggiore efficienza e produttivit\u00e0 con procedure operative centralizzate e standardizzate in tutte le propriet\u00e0.<\/li>\n<li>Dashboard personalizzati per modulo Maestro<\/li>\n<li>Web, Windows o entrambi accessibili<\/li>\n<li>Accesso utente controllato dalla sicurezza<\/li>\n<li>Stampa o esporta i dati in Excel<\/li>\n<li>Dashboard metriche prestazionali predefinite<\/li>\n<li>Dati in tempo reale per decisioni in tempo reale<\/li>\n<li>Profilo singolo multi-propriet\u00e0 con cronologia<\/li>\n<li>Messaggi elettronici e dichiarazioni elettroniche dei membri<\/li>\n<li>EFT &#8211; trasferimento elettronico di fondi<\/li>\n<li>Controlli delle relazioni tra membri primari e secondari<\/li>\n<li>Fatturazione a intervalli e ricorrenti<\/li>\n<li>Portale dei membri online<\/li>\n<li>Integrazione con Spa, Retail e F&amp;B per sconti e fatturazione<\/li>\n<li>Gestione delle tessere membro<\/li>\n<li>Tracciabilit\u00e0 articolo con avvisi di garanzia e avvertenze<\/li>\n<li>Tracciamento di costi e materiali<\/li>\n<\/ul>\n","protected":false},"excerpt":{"rendered":"<p>Maestro PMS \u00e8 una soluzione di gestione della propriet\u00e0\u00a0 ibrida di NORTHWIND che offre agli utenti pi\u00f9 moduli che li aiutano a gestire il servizio degli ospiti e le attivit\u00e0 operative. La soluzione pu\u00f2 essere implementata on-premise o ospitata nel cloud e si rivolge ad aziende di tutte le dimensioni.<\/p>\n","protected":false},"author":19,"featured_media":23333,"parent":0,"menu_order":0,"comment_status":"open","ping_status":"closed","template":"g1_template_page_review_new.php","meta":{"_acf_changed":false,"cwp_meta_box_check":"Yes","cwp_rev_product_name":"","cwp_rev_product_image":"","wppr_links":[],"cwp_rev_price":"","wppr_options":[],"wppr_pros":[],"wppr_cons":[],"_monsterinsights_skip_tracking":false,"_monsterinsights_sitenote_active":false,"_monsterinsights_sitenote_note":"","_monsterinsights_sitenote_category":0,"footnotes":""},"categories":[1720],"tags":[1742,1840,1761,1760,1731,1732],"features":[],"class_list":{"0":"post-23330","1":"page","2":"type-page","3":"status-publish","4":"has-post-thumbnail","6":"category-gestionali-hotel-categoria","7":"tag-hotel-management-software","8":"tag-maestro-pms","9":"tag-software-gestione-albergo","10":"tag-software-gestione-hotel","11":"tag-soluzione-gestione-albergo","12":"tag-soluzione-gestione-hotel"},"wppr_data":{"cwp_meta_box_check":"Yes","cwp_rev_product_name":"","cwp_rev_product_image":"","cwp_image_link":"image","cwp_rev_price":"","wppr_rating":"0.00"},"acf":[],"yoast_head":"<!-- This site is optimized with the Yoast SEO plugin v27.4 - https:\/\/yoast.com\/product\/yoast-seo-wordpress\/ -->\n<title>Maestro PMS: recensione software gestionale hotel - Accurate Reviews<\/title>\n<meta name=\"description\" content=\"Maestro PMS: recensione soluzione di gestione della propriet\u00e0 che offre moduli per l&#039;amministrazione delle attivit\u00e0 operative e per i servizi.\" \/>\n<meta name=\"robots\" content=\"index, follow, max-snippet:-1, max-image-preview:large, max-video-preview:-1\" \/>\n<link rel=\"canonical\" href=\"https:\/\/www.accuratereviews.com\/it\/maestro-pms-recensione\/\" \/>\n<meta property=\"og:locale\" content=\"it_IT\" \/>\n<meta property=\"og:type\" content=\"article\" \/>\n<meta property=\"og:title\" content=\"Maestro PMS: recensione software gestionale hotel - Accurate Reviews\" \/>\n<meta property=\"og:description\" content=\"Maestro PMS: recensione soluzione di gestione della propriet\u00e0 che offre moduli per l&#039;amministrazione delle attivit\u00e0 operative e per i servizi.\" \/>\n<meta property=\"og:url\" content=\"https:\/\/www.accuratereviews.com\/it\/maestro-pms-recensione\/\" \/>\n<meta property=\"og:site_name\" content=\"Accurate Reviews\" \/>\n<meta property=\"article:modified_time\" content=\"2020-02-18T10:31:38+00:00\" \/>\n<meta property=\"og:image\" content=\"https:\/\/www.accuratereviews.com\/wp-content\/uploads\/2020\/02\/maestro.jpg.png\" \/>\n\t<meta property=\"og:image:width\" content=\"200\" \/>\n\t<meta property=\"og:image:height\" content=\"200\" \/>\n\t<meta property=\"og:image:type\" content=\"image\/png\" \/>\n<meta name=\"twitter:card\" content=\"summary_large_image\" \/>\n<meta name=\"twitter:label1\" content=\"Tempo di lettura stimato\" \/>\n\t<meta name=\"twitter:data1\" content=\"2 minuti\" \/>\n<script type=\"application\/ld+json\" class=\"yoast-schema-graph\">{\"@context\":\"https:\\\/\\\/schema.org\",\"@graph\":[{\"@type\":\"WebPage\",\"@id\":\"https:\\\/\\\/www.accuratereviews.com\\\/it\\\/maestro-pms-recensione\\\/\",\"url\":\"https:\\\/\\\/www.accuratereviews.com\\\/it\\\/maestro-pms-recensione\\\/\",\"name\":\"Maestro PMS: recensione software gestionale hotel - Accurate Reviews\",\"isPartOf\":{\"@id\":\"https:\\\/\\\/www.accuratereviews.com\\\/it\\\/#website\"},\"primaryImageOfPage\":{\"@id\":\"https:\\\/\\\/www.accuratereviews.com\\\/it\\\/maestro-pms-recensione\\\/#primaryimage\"},\"image\":{\"@id\":\"https:\\\/\\\/www.accuratereviews.com\\\/it\\\/maestro-pms-recensione\\\/#primaryimage\"},\"thumbnailUrl\":\"https:\\\/\\\/www.accuratereviews.com\\\/wp-content\\\/uploads\\\/2020\\\/02\\\/maestro.jpg.png\",\"datePublished\":\"2020-02-17T13:30:28+00:00\",\"dateModified\":\"2020-02-18T10:31:38+00:00\",\"description\":\"Maestro PMS: recensione soluzione di gestione della propriet\u00e0 che offre moduli per l'amministrazione delle attivit\u00e0 operative e per i servizi.\",\"breadcrumb\":{\"@id\":\"https:\\\/\\\/www.accuratereviews.com\\\/it\\\/maestro-pms-recensione\\\/#breadcrumb\"},\"inLanguage\":\"it-IT\",\"potentialAction\":[{\"@type\":\"ReadAction\",\"target\":[\"https:\\\/\\\/www.accuratereviews.com\\\/it\\\/maestro-pms-recensione\\\/\"]}]},{\"@type\":\"ImageObject\",\"inLanguage\":\"it-IT\",\"@id\":\"https:\\\/\\\/www.accuratereviews.com\\\/it\\\/maestro-pms-recensione\\\/#primaryimage\",\"url\":\"https:\\\/\\\/www.accuratereviews.com\\\/wp-content\\\/uploads\\\/2020\\\/02\\\/maestro.jpg.png\",\"contentUrl\":\"https:\\\/\\\/www.accuratereviews.com\\\/wp-content\\\/uploads\\\/2020\\\/02\\\/maestro.jpg.png\",\"width\":200,\"height\":200},{\"@type\":\"BreadcrumbList\",\"@id\":\"https:\\\/\\\/www.accuratereviews.com\\\/it\\\/maestro-pms-recensione\\\/#breadcrumb\",\"itemListElement\":[{\"@type\":\"ListItem\",\"position\":1,\"name\":\"Home\",\"item\":\"https:\\\/\\\/www.accuratereviews.com\\\/it\\\/\"},{\"@type\":\"ListItem\",\"position\":2,\"name\":\"Maestro PMS\"}]},{\"@type\":\"WebSite\",\"@id\":\"https:\\\/\\\/www.accuratereviews.com\\\/it\\\/#website\",\"url\":\"https:\\\/\\\/www.accuratereviews.com\\\/it\\\/\",\"name\":\"Accurate Reviews\",\"description\":\"\",\"potentialAction\":[{\"@type\":\"SearchAction\",\"target\":{\"@type\":\"EntryPoint\",\"urlTemplate\":\"https:\\\/\\\/www.accuratereviews.com\\\/it\\\/?s={search_term_string}\"},\"query-input\":{\"@type\":\"PropertyValueSpecification\",\"valueRequired\":true,\"valueName\":\"search_term_string\"}}],\"inLanguage\":\"it-IT\"}]}<\/script>\n<!-- \/ Yoast SEO plugin. -->","yoast_head_json":{"title":"Maestro PMS: recensione software gestionale hotel - Accurate Reviews","description":"Maestro PMS: recensione soluzione di gestione della propriet\u00e0 che offre moduli per l'amministrazione delle attivit\u00e0 operative e per i servizi.","robots":{"index":"index","follow":"follow","max-snippet":"max-snippet:-1","max-image-preview":"max-image-preview:large","max-video-preview":"max-video-preview:-1"},"canonical":"https:\/\/www.accuratereviews.com\/it\/maestro-pms-recensione\/","og_locale":"it_IT","og_type":"article","og_title":"Maestro PMS: recensione software gestionale hotel - Accurate Reviews","og_description":"Maestro PMS: recensione soluzione di gestione della propriet\u00e0 che offre moduli per l'amministrazione delle attivit\u00e0 operative e per i servizi.","og_url":"https:\/\/www.accuratereviews.com\/it\/maestro-pms-recensione\/","og_site_name":"Accurate Reviews","article_modified_time":"2020-02-18T10:31:38+00:00","og_image":[{"width":200,"height":200,"url":"https:\/\/www.accuratereviews.com\/wp-content\/uploads\/2020\/02\/maestro.jpg.png","type":"image\/png"}],"twitter_card":"summary_large_image","twitter_misc":{"Tempo di lettura stimato":"2 minuti"},"schema":{"@context":"https:\/\/schema.org","@graph":[{"@type":"WebPage","@id":"https:\/\/www.accuratereviews.com\/it\/maestro-pms-recensione\/","url":"https:\/\/www.accuratereviews.com\/it\/maestro-pms-recensione\/","name":"Maestro PMS: recensione software gestionale hotel - Accurate Reviews","isPartOf":{"@id":"https:\/\/www.accuratereviews.com\/it\/#website"},"primaryImageOfPage":{"@id":"https:\/\/www.accuratereviews.com\/it\/maestro-pms-recensione\/#primaryimage"},"image":{"@id":"https:\/\/www.accuratereviews.com\/it\/maestro-pms-recensione\/#primaryimage"},"thumbnailUrl":"https:\/\/www.accuratereviews.com\/wp-content\/uploads\/2020\/02\/maestro.jpg.png","datePublished":"2020-02-17T13:30:28+00:00","dateModified":"2020-02-18T10:31:38+00:00","description":"Maestro PMS: recensione soluzione di gestione della propriet\u00e0 che offre moduli per l'amministrazione delle attivit\u00e0 operative e per i servizi.","breadcrumb":{"@id":"https:\/\/www.accuratereviews.com\/it\/maestro-pms-recensione\/#breadcrumb"},"inLanguage":"it-IT","potentialAction":[{"@type":"ReadAction","target":["https:\/\/www.accuratereviews.com\/it\/maestro-pms-recensione\/"]}]},{"@type":"ImageObject","inLanguage":"it-IT","@id":"https:\/\/www.accuratereviews.com\/it\/maestro-pms-recensione\/#primaryimage","url":"https:\/\/www.accuratereviews.com\/wp-content\/uploads\/2020\/02\/maestro.jpg.png","contentUrl":"https:\/\/www.accuratereviews.com\/wp-content\/uploads\/2020\/02\/maestro.jpg.png","width":200,"height":200},{"@type":"BreadcrumbList","@id":"https:\/\/www.accuratereviews.com\/it\/maestro-pms-recensione\/#breadcrumb","itemListElement":[{"@type":"ListItem","position":1,"name":"Home","item":"https:\/\/www.accuratereviews.com\/it\/"},{"@type":"ListItem","position":2,"name":"Maestro PMS"}]},{"@type":"WebSite","@id":"https:\/\/www.accuratereviews.com\/it\/#website","url":"https:\/\/www.accuratereviews.com\/it\/","name":"Accurate Reviews","description":"","potentialAction":[{"@type":"SearchAction","target":{"@type":"EntryPoint","urlTemplate":"https:\/\/www.accuratereviews.com\/it\/?s={search_term_string}"},"query-input":{"@type":"PropertyValueSpecification","valueRequired":true,"valueName":"search_term_string"}}],"inLanguage":"it-IT"}]}},"_links":{"self":[{"href":"https:\/\/www.accuratereviews.com\/it\/wp-json\/wp\/v2\/pages\/23330","targetHints":{"allow":["GET"]}}],"collection":[{"href":"https:\/\/www.accuratereviews.com\/it\/wp-json\/wp\/v2\/pages"}],"about":[{"href":"https:\/\/www.accuratereviews.com\/it\/wp-json\/wp\/v2\/types\/page"}],"author":[{"embeddable":true,"href":"https:\/\/www.accuratereviews.com\/it\/wp-json\/wp\/v2\/users\/19"}],"replies":[{"embeddable":true,"href":"https:\/\/www.accuratereviews.com\/it\/wp-json\/wp\/v2\/comments?post=23330"}],"version-history":[{"count":5,"href":"https:\/\/www.accuratereviews.com\/it\/wp-json\/wp\/v2\/pages\/23330\/revisions"}],"predecessor-version":[{"id":23375,"href":"https:\/\/www.accuratereviews.com\/it\/wp-json\/wp\/v2\/pages\/23330\/revisions\/23375"}],"wp:featuredmedia":[{"embeddable":true,"href":"https:\/\/www.accuratereviews.com\/it\/wp-json\/wp\/v2\/media\/23333"}],"wp:attachment":[{"href":"https:\/\/www.accuratereviews.com\/it\/wp-json\/wp\/v2\/media?parent=23330"}],"wp:term":[{"taxonomy":"category","embeddable":true,"href":"https:\/\/www.accuratereviews.com\/it\/wp-json\/wp\/v2\/categories?post=23330"},{"taxonomy":"post_tag","embeddable":true,"href":"https:\/\/www.accuratereviews.com\/it\/wp-json\/wp\/v2\/tags?post=23330"},{"taxonomy":"features","embeddable":true,"href":"https:\/\/www.accuratereviews.com\/it\/wp-json\/wp\/v2\/features?post=23330"}],"curies":[{"name":"wp","href":"https:\/\/api.w.org\/{rel}","templated":true}]}}