{"id":23366,"date":"2020-02-18T13:21:22","date_gmt":"2020-02-18T13:21:22","guid":{"rendered":"https:\/\/www.accuratereviews.com\/?page_id=23366"},"modified":"2020-02-18T13:21:22","modified_gmt":"2020-02-18T13:21:22","slug":"roommaster-recensione","status":"publish","type":"page","link":"https:\/\/www.accuratereviews.com\/it\/roommaster-recensione\/","title":{"rendered":"RoomMaster"},"content":{"rendered":"<div class=\"product-description u-mb-16 collapsed\">\n<p><strong>RoomMaster,<\/strong> creato dalla societ\u00e0 InnQuest, \u00e8 una <strong>soluzione di gestione delle propriet\u00e0<\/strong> basata su <strong>cloud<\/strong>. Il software include un modulo di gestione della propriet\u00e0 alberghiera (PMS), elaborazione dei pagamenti con carta di credito EMV, una variet\u00e0 di report configurabili e giornalieri, esportazioni contabili e un motore di prenotazione.\u00a0Altre caratteristiche includono la gestione dei canali, un modulo punto vendita (POS), la gestione di eventi e catering, l&#8217;amministrazione delle pulizie, la gestione delle entrate, l&#8217;oganizzazione delle relazioni con i clienti, gli strumenti di automazione e varie API e integrazioni. La soluzione \u00e8 inoltre ottimizzata per le prenotazioni mobili.<\/p>\n<h2>ROOMMASTER &#8211; TUTORIAL<\/h2>\n<p>&nbsp;<\/p>\n<div id=\"fluid-wrapper-counter-1\" class=\"g1-fluid-wrapper \" style=\"width:686px;\">\n<div style=\"padding-bottom:56.268221574344%;\"><iframe loading=\"lazy\" title=\"roomMaster property management software\" width=\"686\" height=\"386\" src=\"https:\/\/www.youtube.com\/embed\/c2vCNf11L18?feature=oembed&amp;wmode=transparent&amp;autohide=1&amp;autoplay=0&amp;disablekb=0&amp;fs=1&amp;loop=0&amp;enablejsapi=1&amp;rel=0&amp;controls=2&amp;showinfo=0&amp;wmode=transparent&amp;autohide=2&amp;autoplay=0&amp;disablekb=0&amp;fs=1&amp;loop=0&amp;enablejsapi=1&amp;rel=0&amp;controls=2&amp;showinfo=1\" frameborder=\"0\" allow=\"accelerometer; autoplay; encrypted-media; gyroscope; picture-in-picture\" allowfullscreen><\/iframe><\/div>\n<\/div>\n<h3>ROOMMASTER &#8211; CARATTERISTICHE<\/h3>\n<ul>\n<li><strong>Robusto<\/strong>: Resta al passo con il ritmo della tua attivit\u00e0 e sfrutta dati avanzati per produrre approfondimenti che promuovono esperienze e margini di profitto migliori per gli ospiti<\/li>\n<li><strong>Massima sicurezza<\/strong>: La conformit\u00e0 PCI DSS al 100% protegge le informazioni sensibili sui pagamenti dei tuoi ospiti e la tua reputazione<\/li>\n<li><strong>Flessibilit\u00e0 senza pari<\/strong>: Che tu abbia un piccolo bed and breakfast o un resort di mille camere, la soluzione si adatta alle esigenze e al budget unici della tua struttura<\/li>\n<li><strong>Supporto affidabile<\/strong>: puoi sempre contare sul supporto tecnico del software con i piani di manutenzione convenienti<\/li>\n<li><strong>Ricche funzionalit\u00e0<\/strong>: ogni propriet\u00e0 \u00e8 diversa. Con oltre 100 integrazioni e ancora pi\u00f9 funzionalit\u00e0, roomMaster soddisfer\u00e0 tutte le esigenze uniche della tua azienda e ti aiuter\u00e0 a raggiungere i tuoi obiettivi<\/li>\n<li><strong>Implementazione veloce<\/strong>: il programma pu\u00f2 essere installato e configurato in poche ore. Tu e i tuoi team potete imparare il software in pochissimo tempo<\/li>\n<li><strong>Contabilit\u00e0:<\/strong> gestisci flussi di entrate, pagamenti, tasse e conti multipli con contabilit\u00e0 e grafici potenti<\/li>\n<li><strong>Pulizie e manutenzione<\/strong>: tieni sotto controllo la pulizia delle stanze e le richieste di manutenzione con potenti strumenti desktop e mobili<\/li>\n<li><strong>Profili e cronologia degli ospiti<\/strong>: soddisfa i tuoi clienti durante ogni visita con storie dettagliate sui soggiorni e preferenze degli ospiti<\/li>\n<\/ul>\n<\/div>\n","protected":false},"excerpt":{"rendered":"<p>RoomMaster creato dalla societ\u00e0 InnQuest \u00e8 una soluzione di gestione delle propriet\u00e0 basata su cloud. Il software include un modulo di gestione della propriet\u00e0 alberghiera (PMS), elaborazione dei pagamenti con carta di credito EMV, una variet\u00e0 di report configurabili e giornalieri, esportazioni contabili e un motore di prenotazione.\u00a0<\/p>\n","protected":false},"author":19,"featured_media":23368,"parent":0,"menu_order":0,"comment_status":"open","ping_status":"closed","template":"g1_template_page_review_new.php","meta":{"_acf_changed":false,"cwp_meta_box_check":"No","cwp_rev_product_name":"","cwp_rev_product_image":"","wppr_links":[],"cwp_rev_price":"","wppr_options":[],"wppr_pros":[],"wppr_cons":[],"_monsterinsights_skip_tracking":false,"_monsterinsights_sitenote_active":false,"_monsterinsights_sitenote_note":"","_monsterinsights_sitenote_category":0,"footnotes":""},"categories":[1720],"tags":[396,1742,1856,1855,1765,1744,1730,1729],"features":[],"class_list":{"0":"post-23366","1":"page","2":"type-page","3":"status-publish","4":"has-post-thumbnail","6":"category-gestionali-hotel-categoria","7":"tag-cloud","8":"tag-hotel-management-software","9":"tag-innquest","10":"tag-roommaster","11":"tag-software-gestionale-albergo","12":"tag-software-gestionale-hotel","13":"tag-soluzione-gestionale-albergo","14":"tag-soluzione-gestionale-hotel"},"wppr_data":{"cwp_meta_box_check":"No"},"acf":[],"yoast_head":"<!-- This site is optimized with the Yoast SEO plugin v27.4 - https:\/\/yoast.com\/product\/yoast-seo-wordpress\/ -->\n<title>RoomMaster: recensione software gestionale hotel - Accurate Reviews<\/title>\n<meta name=\"description\" content=\"RoomMaster: recensione software gestionale per hotel progettato con strumenti per amministrare le attivit\u00e0 quotidiane del vostro albergo.\" \/>\n<meta name=\"robots\" content=\"index, follow, max-snippet:-1, max-image-preview:large, max-video-preview:-1\" \/>\n<link rel=\"canonical\" href=\"https:\/\/www.accuratereviews.com\/it\/roommaster-recensione\/\" \/>\n<meta property=\"og:locale\" content=\"it_IT\" \/>\n<meta property=\"og:type\" content=\"article\" \/>\n<meta property=\"og:title\" content=\"RoomMaster: recensione software gestionale hotel - Accurate Reviews\" \/>\n<meta property=\"og:description\" content=\"RoomMaster: recensione software gestionale per hotel progettato con strumenti per amministrare le attivit\u00e0 quotidiane del vostro albergo.\" \/>\n<meta property=\"og:url\" content=\"https:\/\/www.accuratereviews.com\/it\/roommaster-recensione\/\" \/>\n<meta property=\"og:site_name\" content=\"Accurate Reviews\" \/>\n<meta property=\"og:image\" content=\"https:\/\/www.accuratereviews.com\/wp-content\/uploads\/2020\/02\/INNQUEST.png\" \/>\n\t<meta property=\"og:image:width\" content=\"400\" \/>\n\t<meta property=\"og:image:height\" content=\"400\" \/>\n\t<meta property=\"og:image:type\" content=\"image\/png\" \/>\n<meta name=\"twitter:card\" content=\"summary_large_image\" \/>\n<meta name=\"twitter:label1\" content=\"Tempo di lettura stimato\" \/>\n\t<meta name=\"twitter:data1\" content=\"2 minuti\" \/>\n<script type=\"application\/ld+json\" class=\"yoast-schema-graph\">{\"@context\":\"https:\\\/\\\/schema.org\",\"@graph\":[{\"@type\":\"WebPage\",\"@id\":\"https:\\\/\\\/www.accuratereviews.com\\\/it\\\/roommaster-recensione\\\/\",\"url\":\"https:\\\/\\\/www.accuratereviews.com\\\/it\\\/roommaster-recensione\\\/\",\"name\":\"RoomMaster: recensione software gestionale hotel - Accurate Reviews\",\"isPartOf\":{\"@id\":\"https:\\\/\\\/www.accuratereviews.com\\\/it\\\/#website\"},\"primaryImageOfPage\":{\"@id\":\"https:\\\/\\\/www.accuratereviews.com\\\/it\\\/roommaster-recensione\\\/#primaryimage\"},\"image\":{\"@id\":\"https:\\\/\\\/www.accuratereviews.com\\\/it\\\/roommaster-recensione\\\/#primaryimage\"},\"thumbnailUrl\":\"https:\\\/\\\/www.accuratereviews.com\\\/wp-content\\\/uploads\\\/2020\\\/02\\\/INNQUEST.png\",\"datePublished\":\"2020-02-18T13:21:22+00:00\",\"description\":\"RoomMaster: recensione software gestionale per hotel progettato con strumenti per amministrare le attivit\u00e0 quotidiane del vostro albergo.\",\"breadcrumb\":{\"@id\":\"https:\\\/\\\/www.accuratereviews.com\\\/it\\\/roommaster-recensione\\\/#breadcrumb\"},\"inLanguage\":\"it-IT\",\"potentialAction\":[{\"@type\":\"ReadAction\",\"target\":[\"https:\\\/\\\/www.accuratereviews.com\\\/it\\\/roommaster-recensione\\\/\"]}]},{\"@type\":\"ImageObject\",\"inLanguage\":\"it-IT\",\"@id\":\"https:\\\/\\\/www.accuratereviews.com\\\/it\\\/roommaster-recensione\\\/#primaryimage\",\"url\":\"https:\\\/\\\/www.accuratereviews.com\\\/wp-content\\\/uploads\\\/2020\\\/02\\\/INNQUEST.png\",\"contentUrl\":\"https:\\\/\\\/www.accuratereviews.com\\\/wp-content\\\/uploads\\\/2020\\\/02\\\/INNQUEST.png\",\"width\":400,\"height\":400},{\"@type\":\"BreadcrumbList\",\"@id\":\"https:\\\/\\\/www.accuratereviews.com\\\/it\\\/roommaster-recensione\\\/#breadcrumb\",\"itemListElement\":[{\"@type\":\"ListItem\",\"position\":1,\"name\":\"Home\",\"item\":\"https:\\\/\\\/www.accuratereviews.com\\\/it\\\/\"},{\"@type\":\"ListItem\",\"position\":2,\"name\":\"RoomMaster\"}]},{\"@type\":\"WebSite\",\"@id\":\"https:\\\/\\\/www.accuratereviews.com\\\/it\\\/#website\",\"url\":\"https:\\\/\\\/www.accuratereviews.com\\\/it\\\/\",\"name\":\"Accurate Reviews\",\"description\":\"\",\"potentialAction\":[{\"@type\":\"SearchAction\",\"target\":{\"@type\":\"EntryPoint\",\"urlTemplate\":\"https:\\\/\\\/www.accuratereviews.com\\\/it\\\/?s={search_term_string}\"},\"query-input\":{\"@type\":\"PropertyValueSpecification\",\"valueRequired\":true,\"valueName\":\"search_term_string\"}}],\"inLanguage\":\"it-IT\"}]}<\/script>\n<!-- \/ Yoast SEO plugin. -->","yoast_head_json":{"title":"RoomMaster: recensione software gestionale hotel - Accurate Reviews","description":"RoomMaster: recensione software gestionale per hotel progettato con strumenti per amministrare le attivit\u00e0 quotidiane del vostro albergo.","robots":{"index":"index","follow":"follow","max-snippet":"max-snippet:-1","max-image-preview":"max-image-preview:large","max-video-preview":"max-video-preview:-1"},"canonical":"https:\/\/www.accuratereviews.com\/it\/roommaster-recensione\/","og_locale":"it_IT","og_type":"article","og_title":"RoomMaster: recensione software gestionale hotel - Accurate Reviews","og_description":"RoomMaster: recensione software gestionale per hotel progettato con strumenti per amministrare le attivit\u00e0 quotidiane del vostro albergo.","og_url":"https:\/\/www.accuratereviews.com\/it\/roommaster-recensione\/","og_site_name":"Accurate Reviews","og_image":[{"width":400,"height":400,"url":"https:\/\/www.accuratereviews.com\/wp-content\/uploads\/2020\/02\/INNQUEST.png","type":"image\/png"}],"twitter_card":"summary_large_image","twitter_misc":{"Tempo di lettura stimato":"2 minuti"},"schema":{"@context":"https:\/\/schema.org","@graph":[{"@type":"WebPage","@id":"https:\/\/www.accuratereviews.com\/it\/roommaster-recensione\/","url":"https:\/\/www.accuratereviews.com\/it\/roommaster-recensione\/","name":"RoomMaster: recensione software gestionale hotel - Accurate Reviews","isPartOf":{"@id":"https:\/\/www.accuratereviews.com\/it\/#website"},"primaryImageOfPage":{"@id":"https:\/\/www.accuratereviews.com\/it\/roommaster-recensione\/#primaryimage"},"image":{"@id":"https:\/\/www.accuratereviews.com\/it\/roommaster-recensione\/#primaryimage"},"thumbnailUrl":"https:\/\/www.accuratereviews.com\/wp-content\/uploads\/2020\/02\/INNQUEST.png","datePublished":"2020-02-18T13:21:22+00:00","description":"RoomMaster: recensione software gestionale per hotel progettato con strumenti per amministrare le attivit\u00e0 quotidiane del vostro albergo.","breadcrumb":{"@id":"https:\/\/www.accuratereviews.com\/it\/roommaster-recensione\/#breadcrumb"},"inLanguage":"it-IT","potentialAction":[{"@type":"ReadAction","target":["https:\/\/www.accuratereviews.com\/it\/roommaster-recensione\/"]}]},{"@type":"ImageObject","inLanguage":"it-IT","@id":"https:\/\/www.accuratereviews.com\/it\/roommaster-recensione\/#primaryimage","url":"https:\/\/www.accuratereviews.com\/wp-content\/uploads\/2020\/02\/INNQUEST.png","contentUrl":"https:\/\/www.accuratereviews.com\/wp-content\/uploads\/2020\/02\/INNQUEST.png","width":400,"height":400},{"@type":"BreadcrumbList","@id":"https:\/\/www.accuratereviews.com\/it\/roommaster-recensione\/#breadcrumb","itemListElement":[{"@type":"ListItem","position":1,"name":"Home","item":"https:\/\/www.accuratereviews.com\/it\/"},{"@type":"ListItem","position":2,"name":"RoomMaster"}]},{"@type":"WebSite","@id":"https:\/\/www.accuratereviews.com\/it\/#website","url":"https:\/\/www.accuratereviews.com\/it\/","name":"Accurate Reviews","description":"","potentialAction":[{"@type":"SearchAction","target":{"@type":"EntryPoint","urlTemplate":"https:\/\/www.accuratereviews.com\/it\/?s={search_term_string}"},"query-input":{"@type":"PropertyValueSpecification","valueRequired":true,"valueName":"search_term_string"}}],"inLanguage":"it-IT"}]}},"_links":{"self":[{"href":"https:\/\/www.accuratereviews.com\/it\/wp-json\/wp\/v2\/pages\/23366","targetHints":{"allow":["GET"]}}],"collection":[{"href":"https:\/\/www.accuratereviews.com\/it\/wp-json\/wp\/v2\/pages"}],"about":[{"href":"https:\/\/www.accuratereviews.com\/it\/wp-json\/wp\/v2\/types\/page"}],"author":[{"embeddable":true,"href":"https:\/\/www.accuratereviews.com\/it\/wp-json\/wp\/v2\/users\/19"}],"replies":[{"embeddable":true,"href":"https:\/\/www.accuratereviews.com\/it\/wp-json\/wp\/v2\/comments?post=23366"}],"version-history":[{"count":6,"href":"https:\/\/www.accuratereviews.com\/it\/wp-json\/wp\/v2\/pages\/23366\/revisions"}],"predecessor-version":[{"id":23386,"href":"https:\/\/www.accuratereviews.com\/it\/wp-json\/wp\/v2\/pages\/23366\/revisions\/23386"}],"wp:featuredmedia":[{"embeddable":true,"href":"https:\/\/www.accuratereviews.com\/it\/wp-json\/wp\/v2\/media\/23368"}],"wp:attachment":[{"href":"https:\/\/www.accuratereviews.com\/it\/wp-json\/wp\/v2\/media?parent=23366"}],"wp:term":[{"taxonomy":"category","embeddable":true,"href":"https:\/\/www.accuratereviews.com\/it\/wp-json\/wp\/v2\/categories?post=23366"},{"taxonomy":"post_tag","embeddable":true,"href":"https:\/\/www.accuratereviews.com\/it\/wp-json\/wp\/v2\/tags?post=23366"},{"taxonomy":"features","embeddable":true,"href":"https:\/\/www.accuratereviews.com\/it\/wp-json\/wp\/v2\/features?post=23366"}],"curies":[{"name":"wp","href":"https:\/\/api.w.org\/{rel}","templated":true}]}}