{"id":23513,"date":"2020-02-20T14:33:35","date_gmt":"2020-02-20T14:33:35","guid":{"rendered":"https:\/\/www.accuratereviews.com\/?page_id=23513"},"modified":"2020-02-21T11:16:27","modified_gmt":"2020-02-21T11:16:27","slug":"preno-recensione","status":"publish","type":"page","link":"https:\/\/www.accuratereviews.com\/it\/preno-recensione\/","title":{"rendered":"Preno"},"content":{"rendered":"<p><strong>Preno<\/strong> \u00e8 una <strong>soluzione di gestione alberghiera<\/strong> basata su <strong>cloud<\/strong> che offre funzionalit\u00e0 di gestione delle prenotazioni e dei canali, contabilit\u00e0 e reportistica all&#8217;interno di una unica suite. La soluzione\u00a0dispone della gestione della reception, che consente agli utenti di organizzare le prenotazioni di hotel, check-in, check-out, pagamenti e fatture. Le funzionalit\u00e0 di gestione del back office includono le tariffe, le commissioni degli agenti, le pulizie e la gestione dei canali. Gli utenti possono gestire le prenotazioni da siti web di prenotazioni di hotel di terze parti come<strong> Expedia, Booking.com e Agoda.\u00a0Preno<\/strong> offre l&#8217;integrazione Xero che consente agli utenti di emettere fatture, calcolare commissioni e effettuare i pagamenti agli agenti, depositi e riconciliazioni bancarie. Il prodotto si integra anche con il POS Kounta, che estrae automaticamente i dati di pagamento dal sistema del punto vendita. Gli utenti possono anche preparare rapporti contabili.<\/p>\n<h2>PRENO &#8211; TUTORIAL<\/h2>\n<p>Guardiamo il video che segue in cui illustra le principali funzioni di questo<strong> software gestionale per hotel<\/strong>:<\/p>\n<div id=\"fluid-wrapper-counter-1\" class=\"g1-fluid-wrapper \" style=\"width:686px;\">\n<div style=\"padding-bottom:56.268221574344%;\"><iframe loading=\"lazy\" title=\"Introducing Preno&#039;s Simple Hotel Management System\" width=\"686\" height=\"386\" src=\"https:\/\/www.youtube.com\/embed\/lYJNtS7mON8?feature=oembed&amp;wmode=transparent&amp;autohide=1&amp;autoplay=0&amp;disablekb=0&amp;fs=1&amp;loop=0&amp;enablejsapi=1&amp;rel=0&amp;controls=2&amp;showinfo=0&amp;wmode=transparent&amp;autohide=2&amp;autoplay=0&amp;disablekb=0&amp;fs=1&amp;loop=0&amp;enablejsapi=1&amp;rel=0&amp;controls=2&amp;showinfo=1\" frameborder=\"0\" allow=\"accelerometer; autoplay; encrypted-media; gyroscope; picture-in-picture\" allowfullscreen><\/iframe><\/div>\n<\/div>\n<h3>PRENO &#8211; CARATTERISTICHE<\/h3>\n<ul>\n<li><strong>Visualizza le tue prenotazioni:<\/strong> gestisci tutte le tue prenotazioni in un unico posto utilizza la dashboard visiva con drop-and-drag quando la stanza \u00e8 occupata<\/li>\n<li><strong>Informazioni sulle prenotazioni:<\/strong> crea rapidamente nuove prenotazioni, acquisisci richieste degli ospiti e altre informazioni importanti<\/li>\n<li><strong>Faccende domestiche<\/strong>: pianifica la manutenzione e la pulizia delle stanze con un semplice rapporto sulle pulizie<\/li>\n<li><strong>Gestione delle tariffe<\/strong>: amministra tutte le tariffe delle camere nella soluzione e sincronizza con il gestore del canale per massimizzare le opportunit\u00e0 di guadagno<\/li>\n<li><strong>Integrazione di Channel Manager<\/strong>: pienamente integrato con i principali channel manager per la gestione di prenotazioni online e potenti aggiornamenti in tempo reale<\/li>\n<li><strong>Rapporti approfonditi<\/strong>: report visivi e semplici dashboard semplificano l&#8217;analisi delle prestazioni in tutta l&#8217;azienda<\/li>\n<li><strong>Commissioni agente<\/strong>: le commissioni degli agenti vengono calcolate automaticamente per te utilizzando tariffe e tipi di commissioni diversi<\/li>\n<li><strong>Integrazione Xero<\/strong>: collega la tua reception alla contabilit\u00e0 del back office e semplifica la gestione della fatturazione e dei pagamenti<\/li>\n<li><strong>Profili degli ospiti:<\/strong> registra le informazioni e le preferenze dei clienti in modo da poter creare esperienze personalizzate per i clienti<\/li>\n<\/ul>\n","protected":false},"excerpt":{"rendered":"<p>Preno \u00e8 una soluzione di gestione alberghiera basata su cloud che offre funzionalit\u00e0 di gestione delle prenotazioni e dei canali, contabilit\u00e0 e reportistica all&#8217;interno di una unica suite. La soluzione\u00a0dispone della gestione della reception, che consente agli utenti di organizzare le prenotazioni di hotel, check-in, check-out, pagamenti e fatture.<\/p>\n","protected":false},"author":19,"featured_media":23514,"parent":0,"menu_order":0,"comment_status":"open","ping_status":"closed","template":"g1_template_page_review_new.php","meta":{"_acf_changed":false,"cwp_meta_box_check":"Yes","cwp_rev_product_name":"","cwp_rev_product_image":"","wppr_links":[],"cwp_rev_price":"","wppr_options":[],"wppr_pros":[],"wppr_cons":[],"_monsterinsights_skip_tracking":false,"_monsterinsights_sitenote_active":false,"_monsterinsights_sitenote_note":"","_monsterinsights_sitenote_category":0,"footnotes":""},"categories":[1720],"tags":[396,1742,1900,1765,1744,1730,1729],"features":[],"class_list":{"0":"post-23513","1":"page","2":"type-page","3":"status-publish","4":"has-post-thumbnail","6":"category-gestionali-hotel-categoria","7":"tag-cloud","8":"tag-hotel-management-software","9":"tag-preno","10":"tag-software-gestionale-albergo","11":"tag-software-gestionale-hotel","12":"tag-soluzione-gestionale-albergo","13":"tag-soluzione-gestionale-hotel"},"wppr_data":{"cwp_meta_box_check":"Yes","cwp_rev_product_name":"","cwp_rev_product_image":"","cwp_image_link":"image","cwp_rev_price":"","wppr_rating":"0.00"},"acf":[],"yoast_head":"<!-- This site is optimized with the Yoast SEO plugin v27.4 - https:\/\/yoast.com\/product\/yoast-seo-wordpress\/ -->\n<title>Preno: recensione software gestionale hotel- Accurate Reviews<\/title>\n<meta name=\"description\" content=\"Preno: recensione soluzione di gestione alberghiera basata su cloud che offre le principali funzionalit\u00e0 per organizzare il tuo hotel.\" \/>\n<meta name=\"robots\" content=\"index, follow, max-snippet:-1, max-image-preview:large, max-video-preview:-1\" \/>\n<link rel=\"canonical\" href=\"https:\/\/www.accuratereviews.com\/it\/preno-recensione\/\" \/>\n<meta property=\"og:locale\" content=\"it_IT\" \/>\n<meta property=\"og:type\" content=\"article\" \/>\n<meta property=\"og:title\" content=\"Preno: recensione software gestionale hotel- Accurate Reviews\" \/>\n<meta property=\"og:description\" content=\"Preno: recensione soluzione di gestione alberghiera basata su cloud che offre le principali funzionalit\u00e0 per organizzare il tuo hotel.\" \/>\n<meta property=\"og:url\" content=\"https:\/\/www.accuratereviews.com\/it\/preno-recensione\/\" \/>\n<meta property=\"og:site_name\" content=\"Accurate Reviews\" \/>\n<meta property=\"article:modified_time\" content=\"2020-02-21T11:16:27+00:00\" \/>\n<meta property=\"og:image\" content=\"https:\/\/www.accuratereviews.com\/wp-content\/uploads\/2020\/02\/preno.png\" \/>\n\t<meta property=\"og:image:width\" content=\"1256\" \/>\n\t<meta property=\"og:image:height\" content=\"922\" \/>\n\t<meta property=\"og:image:type\" content=\"image\/png\" \/>\n<meta name=\"twitter:card\" content=\"summary_large_image\" \/>\n<meta name=\"twitter:label1\" content=\"Tempo di lettura stimato\" \/>\n\t<meta name=\"twitter:data1\" content=\"2 minuti\" \/>\n<script type=\"application\/ld+json\" class=\"yoast-schema-graph\">{\"@context\":\"https:\\\/\\\/schema.org\",\"@graph\":[{\"@type\":\"WebPage\",\"@id\":\"https:\\\/\\\/www.accuratereviews.com\\\/it\\\/preno-recensione\\\/\",\"url\":\"https:\\\/\\\/www.accuratereviews.com\\\/it\\\/preno-recensione\\\/\",\"name\":\"Preno: recensione software gestionale hotel- Accurate Reviews\",\"isPartOf\":{\"@id\":\"https:\\\/\\\/www.accuratereviews.com\\\/it\\\/#website\"},\"primaryImageOfPage\":{\"@id\":\"https:\\\/\\\/www.accuratereviews.com\\\/it\\\/preno-recensione\\\/#primaryimage\"},\"image\":{\"@id\":\"https:\\\/\\\/www.accuratereviews.com\\\/it\\\/preno-recensione\\\/#primaryimage\"},\"thumbnailUrl\":\"https:\\\/\\\/www.accuratereviews.com\\\/wp-content\\\/uploads\\\/2020\\\/02\\\/preno.png\",\"datePublished\":\"2020-02-20T14:33:35+00:00\",\"dateModified\":\"2020-02-21T11:16:27+00:00\",\"description\":\"Preno: recensione soluzione di gestione alberghiera basata su cloud che offre le principali funzionalit\u00e0 per organizzare il tuo hotel.\",\"breadcrumb\":{\"@id\":\"https:\\\/\\\/www.accuratereviews.com\\\/it\\\/preno-recensione\\\/#breadcrumb\"},\"inLanguage\":\"it-IT\",\"potentialAction\":[{\"@type\":\"ReadAction\",\"target\":[\"https:\\\/\\\/www.accuratereviews.com\\\/it\\\/preno-recensione\\\/\"]}]},{\"@type\":\"ImageObject\",\"inLanguage\":\"it-IT\",\"@id\":\"https:\\\/\\\/www.accuratereviews.com\\\/it\\\/preno-recensione\\\/#primaryimage\",\"url\":\"https:\\\/\\\/www.accuratereviews.com\\\/wp-content\\\/uploads\\\/2020\\\/02\\\/preno.png\",\"contentUrl\":\"https:\\\/\\\/www.accuratereviews.com\\\/wp-content\\\/uploads\\\/2020\\\/02\\\/preno.png\",\"width\":1256,\"height\":922},{\"@type\":\"BreadcrumbList\",\"@id\":\"https:\\\/\\\/www.accuratereviews.com\\\/it\\\/preno-recensione\\\/#breadcrumb\",\"itemListElement\":[{\"@type\":\"ListItem\",\"position\":1,\"name\":\"Home\",\"item\":\"https:\\\/\\\/www.accuratereviews.com\\\/it\\\/\"},{\"@type\":\"ListItem\",\"position\":2,\"name\":\"Preno\"}]},{\"@type\":\"WebSite\",\"@id\":\"https:\\\/\\\/www.accuratereviews.com\\\/it\\\/#website\",\"url\":\"https:\\\/\\\/www.accuratereviews.com\\\/it\\\/\",\"name\":\"Accurate Reviews\",\"description\":\"\",\"potentialAction\":[{\"@type\":\"SearchAction\",\"target\":{\"@type\":\"EntryPoint\",\"urlTemplate\":\"https:\\\/\\\/www.accuratereviews.com\\\/it\\\/?s={search_term_string}\"},\"query-input\":{\"@type\":\"PropertyValueSpecification\",\"valueRequired\":true,\"valueName\":\"search_term_string\"}}],\"inLanguage\":\"it-IT\"}]}<\/script>\n<!-- \/ Yoast SEO plugin. -->","yoast_head_json":{"title":"Preno: recensione software gestionale hotel- Accurate Reviews","description":"Preno: recensione soluzione di gestione alberghiera basata su cloud che offre le principali funzionalit\u00e0 per organizzare il tuo hotel.","robots":{"index":"index","follow":"follow","max-snippet":"max-snippet:-1","max-image-preview":"max-image-preview:large","max-video-preview":"max-video-preview:-1"},"canonical":"https:\/\/www.accuratereviews.com\/it\/preno-recensione\/","og_locale":"it_IT","og_type":"article","og_title":"Preno: recensione software gestionale hotel- Accurate Reviews","og_description":"Preno: recensione soluzione di gestione alberghiera basata su cloud che offre le principali funzionalit\u00e0 per organizzare il tuo hotel.","og_url":"https:\/\/www.accuratereviews.com\/it\/preno-recensione\/","og_site_name":"Accurate Reviews","article_modified_time":"2020-02-21T11:16:27+00:00","og_image":[{"width":1256,"height":922,"url":"https:\/\/www.accuratereviews.com\/wp-content\/uploads\/2020\/02\/preno.png","type":"image\/png"}],"twitter_card":"summary_large_image","twitter_misc":{"Tempo di lettura stimato":"2 minuti"},"schema":{"@context":"https:\/\/schema.org","@graph":[{"@type":"WebPage","@id":"https:\/\/www.accuratereviews.com\/it\/preno-recensione\/","url":"https:\/\/www.accuratereviews.com\/it\/preno-recensione\/","name":"Preno: recensione software gestionale hotel- Accurate Reviews","isPartOf":{"@id":"https:\/\/www.accuratereviews.com\/it\/#website"},"primaryImageOfPage":{"@id":"https:\/\/www.accuratereviews.com\/it\/preno-recensione\/#primaryimage"},"image":{"@id":"https:\/\/www.accuratereviews.com\/it\/preno-recensione\/#primaryimage"},"thumbnailUrl":"https:\/\/www.accuratereviews.com\/wp-content\/uploads\/2020\/02\/preno.png","datePublished":"2020-02-20T14:33:35+00:00","dateModified":"2020-02-21T11:16:27+00:00","description":"Preno: recensione soluzione di gestione alberghiera basata su cloud che offre le principali funzionalit\u00e0 per organizzare il tuo hotel.","breadcrumb":{"@id":"https:\/\/www.accuratereviews.com\/it\/preno-recensione\/#breadcrumb"},"inLanguage":"it-IT","potentialAction":[{"@type":"ReadAction","target":["https:\/\/www.accuratereviews.com\/it\/preno-recensione\/"]}]},{"@type":"ImageObject","inLanguage":"it-IT","@id":"https:\/\/www.accuratereviews.com\/it\/preno-recensione\/#primaryimage","url":"https:\/\/www.accuratereviews.com\/wp-content\/uploads\/2020\/02\/preno.png","contentUrl":"https:\/\/www.accuratereviews.com\/wp-content\/uploads\/2020\/02\/preno.png","width":1256,"height":922},{"@type":"BreadcrumbList","@id":"https:\/\/www.accuratereviews.com\/it\/preno-recensione\/#breadcrumb","itemListElement":[{"@type":"ListItem","position":1,"name":"Home","item":"https:\/\/www.accuratereviews.com\/it\/"},{"@type":"ListItem","position":2,"name":"Preno"}]},{"@type":"WebSite","@id":"https:\/\/www.accuratereviews.com\/it\/#website","url":"https:\/\/www.accuratereviews.com\/it\/","name":"Accurate Reviews","description":"","potentialAction":[{"@type":"SearchAction","target":{"@type":"EntryPoint","urlTemplate":"https:\/\/www.accuratereviews.com\/it\/?s={search_term_string}"},"query-input":{"@type":"PropertyValueSpecification","valueRequired":true,"valueName":"search_term_string"}}],"inLanguage":"it-IT"}]}},"_links":{"self":[{"href":"https:\/\/www.accuratereviews.com\/it\/wp-json\/wp\/v2\/pages\/23513","targetHints":{"allow":["GET"]}}],"collection":[{"href":"https:\/\/www.accuratereviews.com\/it\/wp-json\/wp\/v2\/pages"}],"about":[{"href":"https:\/\/www.accuratereviews.com\/it\/wp-json\/wp\/v2\/types\/page"}],"author":[{"embeddable":true,"href":"https:\/\/www.accuratereviews.com\/it\/wp-json\/wp\/v2\/users\/19"}],"replies":[{"embeddable":true,"href":"https:\/\/www.accuratereviews.com\/it\/wp-json\/wp\/v2\/comments?post=23513"}],"version-history":[{"count":5,"href":"https:\/\/www.accuratereviews.com\/it\/wp-json\/wp\/v2\/pages\/23513\/revisions"}],"predecessor-version":[{"id":23582,"href":"https:\/\/www.accuratereviews.com\/it\/wp-json\/wp\/v2\/pages\/23513\/revisions\/23582"}],"wp:featuredmedia":[{"embeddable":true,"href":"https:\/\/www.accuratereviews.com\/it\/wp-json\/wp\/v2\/media\/23514"}],"wp:attachment":[{"href":"https:\/\/www.accuratereviews.com\/it\/wp-json\/wp\/v2\/media?parent=23513"}],"wp:term":[{"taxonomy":"category","embeddable":true,"href":"https:\/\/www.accuratereviews.com\/it\/wp-json\/wp\/v2\/categories?post=23513"},{"taxonomy":"post_tag","embeddable":true,"href":"https:\/\/www.accuratereviews.com\/it\/wp-json\/wp\/v2\/tags?post=23513"},{"taxonomy":"features","embeddable":true,"href":"https:\/\/www.accuratereviews.com\/it\/wp-json\/wp\/v2\/features?post=23513"}],"curies":[{"name":"wp","href":"https:\/\/api.w.org\/{rel}","templated":true}]}}