{"id":23604,"date":"2020-02-24T09:55:30","date_gmt":"2020-02-24T09:55:30","guid":{"rendered":"https:\/\/www.accuratereviews.com\/?page_id=23604"},"modified":"2021-02-15T11:11:21","modified_gmt":"2021-02-15T11:11:21","slug":"appfolio-recensione","status":"publish","type":"page","link":"https:\/\/www.accuratereviews.com\/it\/gestionali-immobiliare-lista-software\/appfolio-recensione\/","title":{"rendered":"AppFolio"},"content":{"rendered":"<p><strong>AppFolio<\/strong> \u00e8 un&#8217;<strong>applicazione di gestione delle propriet\u00e0<\/strong> basata sul web che viene fornita con strumenti e funzionalit\u00e0 di contabilit\u00e0 e gestione. Il sistema offre una soluzione solida progettata per una moltitudine di tipi di utenti, che consente loro di centralizzare tutti i processi come contabilit\u00e0, marketing, pagamenti di affitti online, contratti di locazione e altro ancora.\u00a0Con un&#8217;interfaccia utente pulita e intuitiva, <strong>AppFolio<\/strong> semplifica tutti i flussi di lavoro. Il programma semplifica il filtraggio di possibili tenant con le sue funzionalit\u00e0 di screening integrate oltre alle sue applicazioni online e funzionalit\u00e0 di leasing online.<\/p>\n<h2>APPFOLIO &#8211; TUTORIAL<\/h2>\n<p>Guardando il tutorial impariamo a controllare la contabilit\u00e0 utilizzando questo <strong>software di gestione per associazioni<\/strong>:<\/p>\n<div id=\"fluid-wrapper-counter-1\" class=\"g1-fluid-wrapper \" style=\"width:686px;\">\n<div style=\"padding-bottom:56.268221574344%;\"><iframe loading=\"lazy\" title=\"Appfolio Tutorial  (Tenant account management part 1 of 8)\" width=\"515\" height=\"386\" src=\"https:\/\/www.youtube.com\/embed\/h9L5ivlKpQw?feature=oembed&amp;wmode=transparent&amp;autohide=1&amp;autoplay=0&amp;disablekb=0&amp;fs=1&amp;loop=0&amp;enablejsapi=1&amp;rel=0&amp;controls=2&amp;showinfo=0&amp;wmode=transparent&amp;autohide=2&amp;autoplay=0&amp;disablekb=0&amp;fs=1&amp;loop=0&amp;enablejsapi=1&amp;rel=0&amp;controls=2&amp;showinfo=1\" frameborder=\"0\" allow=\"accelerometer; autoplay; clipboard-write; encrypted-media; gyroscope; picture-in-picture\" allowfullscreen><\/iframe><\/div>\n<\/div>\n<h3>APPFOLIO &#8211; CARATTERISTICHE<\/h3>\n<ul>\n<li>Pagamenti eCheck con un clic a proprietari e fornitori<\/li>\n<li>Altamente sicuro con autenticazione a pi\u00f9 fattori per approvare i pagamenti in uscita<\/li>\n<li>Tempi di insediamento rapidi<\/li>\n<li>Nessuna spesa di elaborazione bancaria aggiuntiva<\/li>\n<li>Risparmia tempo e fatica nelle comunicazioni<\/li>\n<li>Migliorare la trasparenza<\/li>\n<li>Aggiorna rapidamente proprietari e venditori<\/li>\n<li>Gli affittuari possono inviare richieste di riparazioni di manutenzione.<\/li>\n<li>I gestori di propriet\u00e0 possono ridurre il numero di telefonate fuori orario.<\/li>\n<li>Gli inquilini possono verificare lo stato delle loro richieste online.<\/li>\n<li>Risposta rapida, indipendentemente dal livello di emergenza<\/li>\n<li>Servizio di risposta 24\/7<\/li>\n<li>Tieni traccia delle tue spese di marketing e del ROI.<\/li>\n<li>Dashboard di analisi integrata per il monitoraggio delle prestazioni<\/li>\n<li>Sito ottimizzato per dispositivi mobili con un design moderno e reattivo<\/li>\n<\/ul>\n<h4>LE RECENSIONI DEGLI UTENTI<\/h4>\n<h4>Drew S. &#8220;Amazing Property Manager for Small to Medium Companies&#8221;<\/h4>\n<p><strong>Commenti<\/strong>: Il problema pi\u00f9 grande che la mia azienda ha avuto \u00e8 stata la pubblicit\u00e0 dei posti vacanti. Facevamo affidamento sugli inquilini walk-in, che non \u00e8 stata una buona fonte per 5-10 anni. AppFolio \u00e8 un clic per pubblicare su pi\u00f9 siti web gratuiti e si sincronizza con Apartments.com se la tua azienda segue tale percorso. Facilit\u00e0 d&#8217;uso e ottimi file di formazione \/ aiuto ci terranno con loro per gli anni a venire.<\/p>\n<p><strong>Vantaggi<\/strong>: innanzitutto il valore del prodotto. Ottieni tutto ci\u00f2 di cui hai bisogno per un costo inferiore rispetto alla maggior parte degli altri prodotti. Per la mia azienda, siamo passati da Buildium ad AppFolio e abbiamo immediatamente raccolto i frutti. AppFolio ci ha fornito un sito Web aziendale economico, uno strumento rapido e semplice per pubblicare i nostri posti vacanti su pi\u00f9 siti web e un&#8217;ottima assistenza durante l&#8217;installazione.<\/p>\n<p><strong>Inconvenienti<\/strong>: so che alcune delle opzioni pi\u00f9 costose offrono strumenti di prezzo pi\u00f9 competitivi e un po &#8216;pi\u00f9 di automazione. Inoltre, AppFolio presentava alcuni problemi (come il personale addetto alla manutenzione che non era in grado di vedere le foto sugli ordini di lavoro utilizzando i propri dispositivi mobili) che impiegavano un po &#8216;di tempo per iniziare ad indirizzare.<\/p>\n<h4>Sarah D. &#8220;Il nostro portfolio fa funzionare le nostre attivit\u00e0 senza intoppi!&#8221;<\/h4>\n<p><strong>Commenti<\/strong>: Appfolio aggiunge cos\u00ec tanto valore ai servizi che offriamo ai nostri clienti HOA. Non vorremmo fare affari senza di essa.<\/p>\n<p><strong>Vantaggi<\/strong>: Appfolio \u00e8 cos\u00ec facile da usare, sia per noi come manager che per i proprietari di case che utilizzano il portale. Appfolio ha trascorso molto tempo a capire quali funzionalit\u00e0 sono le pi\u00f9 vantaggiose e a perfezionarle.<\/p>\n<p><strong>Inconvenienti<\/strong>: ci sono alcune cose che non vanno ma sono sicuro che verranno riparate poich\u00e9 Appfolio migliora costantemente.<\/p>\n<h4>Cj A. &#8220;Very Nice Property Management Solution&#8221;<\/h4>\n<p><strong>Commenti<\/strong>: Ho usato Appfolio come manutentore, gestore della propriet\u00e0 e ora contabile per l&#8217;intero portafoglio e mi sono divertito abbastanza con esso in ogni fase del processo. Consiglierei di provarlo almeno prima di selezionare un altro software.<\/p>\n<p><strong>Vantaggi<\/strong>: facile da usare per utenti di ogni livello di abilit\u00e0 e lavoro. Semplifica il tracciamento di crediti e debiti. In costante aggiornamento e potenziamento con nuove funzionalit\u00e0 senza costi nuovi (alcuni costano ma la maggior parte sono aggiornamenti gratuiti) L&#8217;assistenza clienti \u00e8 sempre pronta ad aiutare e rispondere. Mi sento come se avessi lo stesso agente di supporto il 95% delle volte, il che lo fa sentire a mio agio e come una relazione di lavoro piuttosto che una persona di assistenza clienti casuale ogni volta.<\/p>\n<p><strong>Inconvenienti<\/strong>: mancano alcune delle opzioni di modifica e ottimizzazione. (Esempio: non essere in grado di riorganizzare gli elementi pubblicitari di una fattura o di una registrazione prima nota. Puoi solo eliminare o aggiungere nuovi elementi in fondo, nessuna modifica tra senza dover ripetere manualmente tutto dalla modifica in gi\u00f9.)<\/p>\n","protected":false},"excerpt":{"rendered":"<p>AppFolio \u00e8 un&#8217;applicazione di gestione delle propriet\u00e0 basata sul web che viene fornita con strumenti e funzionalit\u00e0 di contabilit\u00e0 e gestione. Il sistema offre una soluzione solida progettata per una moltitudine di tipi di utenti, che consente loro di centralizzare tutti i processi come contabilit\u00e0, marketing, pagamenti di affitti online, contratti di locazione e altro ancora.<\/p>\n","protected":false},"author":16,"featured_media":23608,"parent":31329,"menu_order":0,"comment_status":"open","ping_status":"closed","template":"g1_template_page_review_new.php","meta":{"_acf_changed":false,"cwp_meta_box_check":"Yes","cwp_rev_product_name":"","cwp_rev_product_image":"","wppr_links":[],"cwp_rev_price":"","wppr_options":[],"wppr_pros":[],"wppr_cons":[],"_monsterinsights_skip_tracking":false,"_monsterinsights_sitenote_active":false,"_monsterinsights_sitenote_note":"","_monsterinsights_sitenote_category":0,"footnotes":""},"categories":[3950],"tags":[1945,1944,1949,1947,1948],"features":[],"class_list":{"0":"post-23604","1":"page","2":"type-page","3":"status-publish","4":"has-post-thumbnail","6":"category-gestionale-immobiliare-categoria","7":"tag-appfolio","8":"tag-association-management-software","9":"tag-programma-gestionale-associazioni","10":"tag-software-gestionale-associazioni","11":"tag-soluzione-gestionale-associazioni"},"wppr_data":{"cwp_meta_box_check":"Yes","cwp_rev_product_name":"","cwp_rev_product_image":"","cwp_image_link":"image","cwp_rev_price":"","wppr_rating":"0.00"},"acf":[],"yoast_head":"<!-- This site is optimized with the Yoast SEO plugin v27.4 - https:\/\/yoast.com\/product\/yoast-seo-wordpress\/ -->\n<title>AppFolio: recensione software gestionale associazioni - Accurate Reviews<\/title>\n<meta name=\"description\" content=\"AppFolio: recensione applicazione di gestione delle propriet\u00e0 basata sul web che viene fornita con strumenti e funzionalit\u00e0 di contabilit\u00e0 e amministrazione\" \/>\n<meta name=\"robots\" content=\"index, follow, max-snippet:-1, max-image-preview:large, max-video-preview:-1\" \/>\n<link rel=\"canonical\" href=\"https:\/\/www.accuratereviews.com\/it\/gestionali-immobiliare-lista-software\/appfolio-recensione\/\" \/>\n<meta property=\"og:locale\" content=\"it_IT\" \/>\n<meta property=\"og:type\" content=\"article\" \/>\n<meta property=\"og:title\" content=\"AppFolio: recensione software gestionale associazioni - Accurate Reviews\" \/>\n<meta property=\"og:description\" content=\"AppFolio: recensione applicazione di gestione delle propriet\u00e0 basata sul web che viene fornita con strumenti e funzionalit\u00e0 di contabilit\u00e0 e amministrazione\" \/>\n<meta property=\"og:url\" content=\"https:\/\/www.accuratereviews.com\/it\/gestionali-immobiliare-lista-software\/appfolio-recensione\/\" \/>\n<meta property=\"og:site_name\" content=\"Accurate Reviews\" \/>\n<meta property=\"article:modified_time\" content=\"2021-02-15T11:11:21+00:00\" \/>\n<meta property=\"og:image\" content=\"https:\/\/www.accuratereviews.com\/wp-content\/uploads\/2020\/02\/appfolio.png\" \/>\n\t<meta property=\"og:image:width\" content=\"1100\" \/>\n\t<meta property=\"og:image:height\" content=\"400\" \/>\n\t<meta property=\"og:image:type\" content=\"image\/png\" \/>\n<meta name=\"twitter:card\" content=\"summary_large_image\" \/>\n<meta name=\"twitter:label1\" content=\"Tempo di lettura stimato\" \/>\n\t<meta name=\"twitter:data1\" content=\"4 minuti\" \/>\n<script type=\"application\/ld+json\" class=\"yoast-schema-graph\">{\"@context\":\"https:\\\/\\\/schema.org\",\"@graph\":[{\"@type\":\"WebPage\",\"@id\":\"https:\\\/\\\/www.accuratereviews.com\\\/it\\\/gestionali-immobiliare-lista-software\\\/appfolio-recensione\\\/\",\"url\":\"https:\\\/\\\/www.accuratereviews.com\\\/it\\\/gestionali-immobiliare-lista-software\\\/appfolio-recensione\\\/\",\"name\":\"AppFolio: recensione software gestionale associazioni - Accurate Reviews\",\"isPartOf\":{\"@id\":\"https:\\\/\\\/www.accuratereviews.com\\\/it\\\/#website\"},\"primaryImageOfPage\":{\"@id\":\"https:\\\/\\\/www.accuratereviews.com\\\/it\\\/gestionali-immobiliare-lista-software\\\/appfolio-recensione\\\/#primaryimage\"},\"image\":{\"@id\":\"https:\\\/\\\/www.accuratereviews.com\\\/it\\\/gestionali-immobiliare-lista-software\\\/appfolio-recensione\\\/#primaryimage\"},\"thumbnailUrl\":\"https:\\\/\\\/www.accuratereviews.com\\\/wp-content\\\/uploads\\\/2020\\\/02\\\/appfolio.png\",\"datePublished\":\"2020-02-24T09:55:30+00:00\",\"dateModified\":\"2021-02-15T11:11:21+00:00\",\"description\":\"AppFolio: recensione applicazione di gestione delle propriet\u00e0 basata sul web che viene fornita con strumenti e funzionalit\u00e0 di contabilit\u00e0 e amministrazione\",\"breadcrumb\":{\"@id\":\"https:\\\/\\\/www.accuratereviews.com\\\/it\\\/gestionali-immobiliare-lista-software\\\/appfolio-recensione\\\/#breadcrumb\"},\"inLanguage\":\"it-IT\",\"potentialAction\":[{\"@type\":\"ReadAction\",\"target\":[\"https:\\\/\\\/www.accuratereviews.com\\\/it\\\/gestionali-immobiliare-lista-software\\\/appfolio-recensione\\\/\"]}]},{\"@type\":\"ImageObject\",\"inLanguage\":\"it-IT\",\"@id\":\"https:\\\/\\\/www.accuratereviews.com\\\/it\\\/gestionali-immobiliare-lista-software\\\/appfolio-recensione\\\/#primaryimage\",\"url\":\"https:\\\/\\\/www.accuratereviews.com\\\/wp-content\\\/uploads\\\/2020\\\/02\\\/appfolio.png\",\"contentUrl\":\"https:\\\/\\\/www.accuratereviews.com\\\/wp-content\\\/uploads\\\/2020\\\/02\\\/appfolio.png\",\"width\":1100,\"height\":400},{\"@type\":\"BreadcrumbList\",\"@id\":\"https:\\\/\\\/www.accuratereviews.com\\\/it\\\/gestionali-immobiliare-lista-software\\\/appfolio-recensione\\\/#breadcrumb\",\"itemListElement\":[{\"@type\":\"ListItem\",\"position\":1,\"name\":\"Home\",\"item\":\"https:\\\/\\\/www.accuratereviews.com\\\/it\\\/\"},{\"@type\":\"ListItem\",\"position\":2,\"name\":\"Gestionali immobiliari\",\"item\":\"https:\\\/\\\/www.accuratereviews.com\\\/it\\\/gestionali-immobiliare-lista-software\\\/\"},{\"@type\":\"ListItem\",\"position\":3,\"name\":\"AppFolio\"}]},{\"@type\":\"WebSite\",\"@id\":\"https:\\\/\\\/www.accuratereviews.com\\\/it\\\/#website\",\"url\":\"https:\\\/\\\/www.accuratereviews.com\\\/it\\\/\",\"name\":\"Accurate Reviews\",\"description\":\"\",\"potentialAction\":[{\"@type\":\"SearchAction\",\"target\":{\"@type\":\"EntryPoint\",\"urlTemplate\":\"https:\\\/\\\/www.accuratereviews.com\\\/it\\\/?s={search_term_string}\"},\"query-input\":{\"@type\":\"PropertyValueSpecification\",\"valueRequired\":true,\"valueName\":\"search_term_string\"}}],\"inLanguage\":\"it-IT\"}]}<\/script>\n<!-- \/ Yoast SEO plugin. -->","yoast_head_json":{"title":"AppFolio: recensione software gestionale associazioni - Accurate Reviews","description":"AppFolio: recensione applicazione di gestione delle propriet\u00e0 basata sul web che viene fornita con strumenti e funzionalit\u00e0 di contabilit\u00e0 e amministrazione","robots":{"index":"index","follow":"follow","max-snippet":"max-snippet:-1","max-image-preview":"max-image-preview:large","max-video-preview":"max-video-preview:-1"},"canonical":"https:\/\/www.accuratereviews.com\/it\/gestionali-immobiliare-lista-software\/appfolio-recensione\/","og_locale":"it_IT","og_type":"article","og_title":"AppFolio: recensione software gestionale associazioni - Accurate Reviews","og_description":"AppFolio: recensione applicazione di gestione delle propriet\u00e0 basata sul web che viene fornita con strumenti e funzionalit\u00e0 di contabilit\u00e0 e amministrazione","og_url":"https:\/\/www.accuratereviews.com\/it\/gestionali-immobiliare-lista-software\/appfolio-recensione\/","og_site_name":"Accurate Reviews","article_modified_time":"2021-02-15T11:11:21+00:00","og_image":[{"width":1100,"height":400,"url":"https:\/\/www.accuratereviews.com\/wp-content\/uploads\/2020\/02\/appfolio.png","type":"image\/png"}],"twitter_card":"summary_large_image","twitter_misc":{"Tempo di lettura stimato":"4 minuti"},"schema":{"@context":"https:\/\/schema.org","@graph":[{"@type":"WebPage","@id":"https:\/\/www.accuratereviews.com\/it\/gestionali-immobiliare-lista-software\/appfolio-recensione\/","url":"https:\/\/www.accuratereviews.com\/it\/gestionali-immobiliare-lista-software\/appfolio-recensione\/","name":"AppFolio: recensione software gestionale associazioni - Accurate Reviews","isPartOf":{"@id":"https:\/\/www.accuratereviews.com\/it\/#website"},"primaryImageOfPage":{"@id":"https:\/\/www.accuratereviews.com\/it\/gestionali-immobiliare-lista-software\/appfolio-recensione\/#primaryimage"},"image":{"@id":"https:\/\/www.accuratereviews.com\/it\/gestionali-immobiliare-lista-software\/appfolio-recensione\/#primaryimage"},"thumbnailUrl":"https:\/\/www.accuratereviews.com\/wp-content\/uploads\/2020\/02\/appfolio.png","datePublished":"2020-02-24T09:55:30+00:00","dateModified":"2021-02-15T11:11:21+00:00","description":"AppFolio: recensione applicazione di gestione delle propriet\u00e0 basata sul web che viene fornita con strumenti e funzionalit\u00e0 di contabilit\u00e0 e amministrazione","breadcrumb":{"@id":"https:\/\/www.accuratereviews.com\/it\/gestionali-immobiliare-lista-software\/appfolio-recensione\/#breadcrumb"},"inLanguage":"it-IT","potentialAction":[{"@type":"ReadAction","target":["https:\/\/www.accuratereviews.com\/it\/gestionali-immobiliare-lista-software\/appfolio-recensione\/"]}]},{"@type":"ImageObject","inLanguage":"it-IT","@id":"https:\/\/www.accuratereviews.com\/it\/gestionali-immobiliare-lista-software\/appfolio-recensione\/#primaryimage","url":"https:\/\/www.accuratereviews.com\/wp-content\/uploads\/2020\/02\/appfolio.png","contentUrl":"https:\/\/www.accuratereviews.com\/wp-content\/uploads\/2020\/02\/appfolio.png","width":1100,"height":400},{"@type":"BreadcrumbList","@id":"https:\/\/www.accuratereviews.com\/it\/gestionali-immobiliare-lista-software\/appfolio-recensione\/#breadcrumb","itemListElement":[{"@type":"ListItem","position":1,"name":"Home","item":"https:\/\/www.accuratereviews.com\/it\/"},{"@type":"ListItem","position":2,"name":"Gestionali immobiliari","item":"https:\/\/www.accuratereviews.com\/it\/gestionali-immobiliare-lista-software\/"},{"@type":"ListItem","position":3,"name":"AppFolio"}]},{"@type":"WebSite","@id":"https:\/\/www.accuratereviews.com\/it\/#website","url":"https:\/\/www.accuratereviews.com\/it\/","name":"Accurate Reviews","description":"","potentialAction":[{"@type":"SearchAction","target":{"@type":"EntryPoint","urlTemplate":"https:\/\/www.accuratereviews.com\/it\/?s={search_term_string}"},"query-input":{"@type":"PropertyValueSpecification","valueRequired":true,"valueName":"search_term_string"}}],"inLanguage":"it-IT"}]}},"_links":{"self":[{"href":"https:\/\/www.accuratereviews.com\/it\/wp-json\/wp\/v2\/pages\/23604","targetHints":{"allow":["GET"]}}],"collection":[{"href":"https:\/\/www.accuratereviews.com\/it\/wp-json\/wp\/v2\/pages"}],"about":[{"href":"https:\/\/www.accuratereviews.com\/it\/wp-json\/wp\/v2\/types\/page"}],"author":[{"embeddable":true,"href":"https:\/\/www.accuratereviews.com\/it\/wp-json\/wp\/v2\/users\/16"}],"replies":[{"embeddable":true,"href":"https:\/\/www.accuratereviews.com\/it\/wp-json\/wp\/v2\/comments?post=23604"}],"version-history":[{"count":11,"href":"https:\/\/www.accuratereviews.com\/it\/wp-json\/wp\/v2\/pages\/23604\/revisions"}],"predecessor-version":[{"id":28697,"href":"https:\/\/www.accuratereviews.com\/it\/wp-json\/wp\/v2\/pages\/23604\/revisions\/28697"}],"up":[{"embeddable":true,"href":"https:\/\/www.accuratereviews.com\/it\/wp-json\/wp\/v2\/pages\/31329"}],"wp:featuredmedia":[{"embeddable":true,"href":"https:\/\/www.accuratereviews.com\/it\/wp-json\/wp\/v2\/media\/23608"}],"wp:attachment":[{"href":"https:\/\/www.accuratereviews.com\/it\/wp-json\/wp\/v2\/media?parent=23604"}],"wp:term":[{"taxonomy":"category","embeddable":true,"href":"https:\/\/www.accuratereviews.com\/it\/wp-json\/wp\/v2\/categories?post=23604"},{"taxonomy":"post_tag","embeddable":true,"href":"https:\/\/www.accuratereviews.com\/it\/wp-json\/wp\/v2\/tags?post=23604"},{"taxonomy":"features","embeddable":true,"href":"https:\/\/www.accuratereviews.com\/it\/wp-json\/wp\/v2\/features?post=23604"}],"curies":[{"name":"wp","href":"https:\/\/api.w.org\/{rel}","templated":true}]}}