{"id":23619,"date":"2020-02-24T09:55:15","date_gmt":"2020-02-24T09:55:15","guid":{"rendered":"https:\/\/www.accuratereviews.com\/?page_id=23619"},"modified":"2021-02-04T10:46:10","modified_gmt":"2021-02-04T10:46:10","slug":"buildium-recensione","status":"publish","type":"page","link":"https:\/\/www.accuratereviews.com\/it\/gestionale-per-associazioni\/buildium-recensione\/","title":{"rendered":"Buildium"},"content":{"rendered":"<p>La <strong>piattaforma di gestione della propriet\u00e0<\/strong> distribuita su <strong>cloud<\/strong> <strong>Buildium<\/strong> \u00e8 progettata per offrire il controllo assoluto sulle proprie attivit\u00e0 e operazioni. I dirigenti delle associazioni possono utilizzare il software per migliorare i cicli di camere sfitte, di noleggio e di manutenzione. Inoltre, la soluzione semplifica la ricezione degli affitti e avvisa automaticamente quando i pagamenti sono dovuti o in ritardo.\u00a0Trattandosi di un sistema basato su <strong>cloud<\/strong>, non richiede alcuna installazione hardware o software aggiuntiva e pu\u00f2 essere facilmente accessibile da qualsiasi luogo tramite un browser. Gli strumenti di reporting offrono una panoramica a 360 gradi di tutte le propriet\u00e0 e aiutano a monitorare efficacemente lo stato dei pagamenti. Inoltre la dashboard online fornisce tutte le informazioni necessarie ai gestori e offre una rapida panoramica dei contratti di locazione che stanno per scadere. I promemoria automatici vengono inviati prima della scadenza del contratto, il che aiuta nel follow-up tempestivo.<\/p>\n<h2>BUILDIUM &#8211; TUTORIAL<\/h2>\n<p>Guardando il tutorial scopriamo come impostare i parametri di una \u00a0propriet\u00e0 utilizzando questo <strong>software gestionale per associazioni<\/strong>:<\/p>\n<div id=\"fluid-wrapper-counter-1\" class=\"g1-fluid-wrapper \" style=\"width:686px;\">\n<div style=\"padding-bottom:56.268221574344%;\"><iframe loading=\"lazy\" title=\"Buildium- How to set up a Property!\" width=\"686\" height=\"386\" src=\"https:\/\/www.youtube.com\/embed\/I7cdTB5Jj7Y?feature=oembed&amp;wmode=transparent&amp;autohide=1&amp;autoplay=0&amp;disablekb=0&amp;fs=1&amp;loop=0&amp;enablejsapi=1&amp;rel=0&amp;controls=2&amp;showinfo=0&amp;wmode=transparent&amp;autohide=2&amp;autoplay=0&amp;disablekb=0&amp;fs=1&amp;loop=0&amp;enablejsapi=1&amp;rel=0&amp;controls=2&amp;showinfo=1\" frameborder=\"0\" allow=\"accelerometer; autoplay; clipboard-write; encrypted-media; gyroscope; picture-in-picture\" allowfullscreen><\/iframe><\/div>\n<\/div>\n<h3>BUILDIUM &#8211; CARATTERISTICHE<\/h3>\n<ul>\n<li><strong>Tieni traccia di ogni pagamento:<\/strong> registra e visualizza ogni commissione, pagamento, deposito e rimborso. Prendi appunti sulla transazione in modo da sapere chi paga abitualmente in ritardo. I residenti possono pagare la loro giusta quota di spazzatura e manutenzione delle aree comuni con la funzione di allocazione comune<\/li>\n<li><strong>Gestire i conti da pagare<\/strong>: calcolatrici integrate mostrano ci\u00f2 che devi alla tua azienda e ai tuoi fornitori. Converti gli ordini di lavoro in fatture, quindi pagali online e imposta pagamenti automatici per gli articoli ricorrenti<\/li>\n<li><strong>Riconcilia automaticamente i conti bancari:<\/strong> le riconciliazioni automatiche degli estratti conto bancari del mondo reale e di tutti gli assegni e depositi registrati faranno risparmiare tempo e garantiranno l&#8217;accuratezza<\/li>\n<li><strong>Genera report completi:<\/strong> una suite completa di rapporti finanziari \u00e8 disponibile per te. Ad esempio: bilanci, conto economico, rendiconto finanziario, libro mastro ecc<\/li>\n<li><strong>Inserisci i dati senza problemi<\/strong>: aggiungi le transazioni finanziarie della tua azienda con semplici moduli forniti dalla soluzione. Le spese che si ripetono ogni mese, come l&#8217;affitto del tuo ufficio, una polizza assicurativa o trattenute legali, verranno incluse automaticamente<\/li>\n<li><strong>Visualizza e segnala le principali metriche finanziarie<\/strong>: in pochi clic, visualizza i profitti mensili, le bollette imminenti e i contanti in banca. Inoltre, bilanci, conti economici, flussi di cassa, riconciliazioni bancarie e rapporti sulle transazioni sono a portata di mano<\/li>\n<li><strong>Raccogli canoni di affitto e di associazione<\/strong>: riduci i tempi di elaborazione dei pagamenti fino al 70%! I residenti possono autorizzare i loro conti bancari o carte di credito nel sito residente e quindi impostare un piano di pagamento ricorrente. L&#8217;affitto non verra mai versato in ritardo, perch\u00e9 \u00e8 depositato automaticamente sul tuo conto bancario<\/li>\n<\/ul>\n<h4>LE RECENSIONI DEGLI UTENTI<\/h4>\n<h4>Emmett K. &#8220;Ottimo software !!!&#8221;<\/h4>\n<p><strong>Commenti<\/strong>: Siamo in grado di organizzarci molto meglio, \u00e8 il top.<\/p>\n<p><strong>Vantaggi<\/strong>: \u00e8 un software di gestione della propriet\u00e0 pura. Ha una cosa in mente &#8230; gestire gli immobili.<\/p>\n<p><strong>Inconvenienti<\/strong>: l&#8217;angolo finanziario non \u00e8 eccezionale. Se conosci il problema, va bene. Inoltre non ha una componente di imposta sulle vendite come HST o GST in Canada.<\/p>\n<h4>Chuck P. &#8220;Il supporto clienti usato da migliorare&#8221;<\/h4>\n<p><strong>Commenti<\/strong>: Finora \u00e8 andato tutto bene, ma onestamente ho iniziato a cercare soluzioni alternative mentre continuo a far crescere la mia attivit\u00e0.<\/p>\n<p><strong>Vantaggi<\/strong>: \u00e8 un software adeguato per il denaro; soprattutto quando guardi a cosa dovresti pagare per la competizione. Relativamente facile da usare.<\/p>\n<p><strong>Inconvenienti<\/strong>: come ho letto in almeno una recensione, l&#8217;assistenza clienti era di prim&#8217;ordine. Oggi \u00e8 triste. Non farti ingannare dall&#8217;opzione di richiamata! Sostengono che non perderai il tuo posto in fila. Lo trovo difficile da credere dato che sono passati 5 giorni e non ho ancora ricevuto una chiamata. Sto ancora tenendo il mio posto in linea?\u00a0Per quanto riguarda il settore finanziario \/ bancario, se stai usando pi\u00f9 di un conto bancario per la tua azienda, dovrai fare molta attenzione per far s\u00ec che il software faccia quello che vuoi.<br \/>\nLa documentazione di supporto \u00e8 obsoleta e fastidiosa. Fastidioso nel senso che quando trovi l&#8217;argomento di cui hai bisogno e inizi a leggere, ci sono collegamenti che ti allontanano dalla pagina corrente per spiegare altri concetti che ti servono per risolvere il tuo problema. In sostanza, inizi a rimbalzare intorno alla documentazione e tendi a perdere il tuo posto e la continuit\u00e0 di ci\u00f2 che stavi cercando di realizzare. \u00c8 un po&#8217; frustrante.<\/p>\n<h4>Gary H. &#8220;Ottima scelta per i professionisti del PM&#8221;<\/h4>\n<p><strong>Commenti<\/strong>: Nel complesso, non \u00e8 una cattiva scelta, tuttavia mi trovo a chiedermi se esiste un servizio migliore.<\/p>\n<p><strong>Vantaggi<\/strong>: Dal punto di vista degli inquilini questo ci d\u00e0 la possibilit\u00e0 di connetterci e garantire che ci prendiamo cura delle loro esigenze su tutte le piattaforme.<\/p>\n<p><strong>Inconvenienti<\/strong>: ci sono cambiamenti nell&#8217;eLeasing che hanno reso il processo pi\u00f9 difficile da tracciare rispetto a 8 mesi fa.<\/p>\n","protected":false},"excerpt":{"rendered":"<p>La piattaforma di gestione della propriet\u00e0 distribuita su cloud Buildium \u00e8 progettata per offrire il controllo assoluto sulle proprie attivit\u00e0 e operazioni. I dirigenti delle associazioni possono utilizzare il software per migliorare i cicli di camere sfitte, di noleggio e di manutenzione. Inoltre, la soluzione semplifica la ricezione degli affitti e avvisa automaticamente quando i pagamenti sono dovuti o in ritardo.<\/p>\n","protected":false},"author":19,"featured_media":23624,"parent":35837,"menu_order":0,"comment_status":"open","ping_status":"closed","template":"g1_template_page_review_new.php","meta":{"_acf_changed":false,"cwp_meta_box_check":"Yes","cwp_rev_product_name":"","cwp_rev_product_image":"","wppr_links":[],"cwp_rev_price":"","wppr_options":[],"wppr_pros":[],"wppr_cons":[],"_monsterinsights_skip_tracking":false,"_monsterinsights_sitenote_active":false,"_monsterinsights_sitenote_note":"","_monsterinsights_sitenote_category":0,"footnotes":""},"categories":[1943],"tags":[1944,1950,396,1949,1947,1948],"features":[],"class_list":{"0":"post-23619","1":"page","2":"type-page","3":"status-publish","4":"has-post-thumbnail","6":"category-gestionale-per-associazioni-categoria","7":"tag-association-management-software","8":"tag-buildium","9":"tag-cloud","10":"tag-programma-gestionale-associazioni","11":"tag-software-gestionale-associazioni","12":"tag-soluzione-gestionale-associazioni"},"wppr_data":{"cwp_meta_box_check":"Yes","cwp_rev_product_name":"","cwp_rev_product_image":"","cwp_image_link":"image","cwp_rev_price":"","wppr_rating":"0.00"},"acf":[],"yoast_head":"<!-- This site is optimized with the Yoast SEO plugin v27.4 - https:\/\/yoast.com\/product\/yoast-seo-wordpress\/ -->\n<title>Buildium: recensione software gestionale associazioni - Accurate Reviews<\/title>\n<meta name=\"description\" content=\"Buildium: recensione piattaforma di gestione della propriet\u00e0 distribuita su cloud progettata per offrire il controllo sulle proprie attivit\u00e0 e operazioni.\" \/>\n<meta name=\"robots\" content=\"index, follow, max-snippet:-1, max-image-preview:large, max-video-preview:-1\" \/>\n<link rel=\"canonical\" href=\"https:\/\/www.accuratereviews.com\/it\/gestionale-per-associazioni\/buildium-recensione\/\" \/>\n<meta property=\"og:locale\" content=\"it_IT\" \/>\n<meta property=\"og:type\" content=\"article\" \/>\n<meta property=\"og:title\" content=\"Buildium: recensione software gestionale associazioni - Accurate Reviews\" \/>\n<meta property=\"og:description\" content=\"Buildium: recensione piattaforma di gestione della propriet\u00e0 distribuita su cloud progettata per offrire il controllo sulle proprie attivit\u00e0 e operazioni.\" \/>\n<meta property=\"og:url\" content=\"https:\/\/www.accuratereviews.com\/it\/gestionale-per-associazioni\/buildium-recensione\/\" \/>\n<meta property=\"og:site_name\" content=\"Accurate Reviews\" \/>\n<meta property=\"article:modified_time\" content=\"2021-02-04T10:46:10+00:00\" \/>\n<meta property=\"og:image\" content=\"https:\/\/www.accuratereviews.com\/wp-content\/uploads\/2020\/02\/buildiumlogo.png\" \/>\n\t<meta property=\"og:image:width\" content=\"280\" \/>\n\t<meta property=\"og:image:height\" content=\"280\" \/>\n\t<meta property=\"og:image:type\" content=\"image\/png\" \/>\n<meta name=\"twitter:card\" content=\"summary_large_image\" \/>\n<meta name=\"twitter:label1\" content=\"Tempo di lettura stimato\" \/>\n\t<meta name=\"twitter:data1\" content=\"4 minuti\" \/>\n<script type=\"application\/ld+json\" class=\"yoast-schema-graph\">{\"@context\":\"https:\\\/\\\/schema.org\",\"@graph\":[{\"@type\":\"WebPage\",\"@id\":\"https:\\\/\\\/www.accuratereviews.com\\\/it\\\/gestionale-per-associazioni\\\/buildium-recensione\\\/\",\"url\":\"https:\\\/\\\/www.accuratereviews.com\\\/it\\\/gestionale-per-associazioni\\\/buildium-recensione\\\/\",\"name\":\"Buildium: recensione software gestionale associazioni - Accurate Reviews\",\"isPartOf\":{\"@id\":\"https:\\\/\\\/www.accuratereviews.com\\\/it\\\/#website\"},\"primaryImageOfPage\":{\"@id\":\"https:\\\/\\\/www.accuratereviews.com\\\/it\\\/gestionale-per-associazioni\\\/buildium-recensione\\\/#primaryimage\"},\"image\":{\"@id\":\"https:\\\/\\\/www.accuratereviews.com\\\/it\\\/gestionale-per-associazioni\\\/buildium-recensione\\\/#primaryimage\"},\"thumbnailUrl\":\"https:\\\/\\\/www.accuratereviews.com\\\/wp-content\\\/uploads\\\/2020\\\/02\\\/buildiumlogo.png\",\"datePublished\":\"2020-02-24T09:55:15+00:00\",\"dateModified\":\"2021-02-04T10:46:10+00:00\",\"description\":\"Buildium: recensione piattaforma di gestione della propriet\u00e0 distribuita su cloud progettata per offrire il controllo sulle proprie attivit\u00e0 e operazioni.\",\"breadcrumb\":{\"@id\":\"https:\\\/\\\/www.accuratereviews.com\\\/it\\\/gestionale-per-associazioni\\\/buildium-recensione\\\/#breadcrumb\"},\"inLanguage\":\"it-IT\",\"potentialAction\":[{\"@type\":\"ReadAction\",\"target\":[\"https:\\\/\\\/www.accuratereviews.com\\\/it\\\/gestionale-per-associazioni\\\/buildium-recensione\\\/\"]}]},{\"@type\":\"ImageObject\",\"inLanguage\":\"it-IT\",\"@id\":\"https:\\\/\\\/www.accuratereviews.com\\\/it\\\/gestionale-per-associazioni\\\/buildium-recensione\\\/#primaryimage\",\"url\":\"https:\\\/\\\/www.accuratereviews.com\\\/wp-content\\\/uploads\\\/2020\\\/02\\\/buildiumlogo.png\",\"contentUrl\":\"https:\\\/\\\/www.accuratereviews.com\\\/wp-content\\\/uploads\\\/2020\\\/02\\\/buildiumlogo.png\",\"width\":280,\"height\":280},{\"@type\":\"BreadcrumbList\",\"@id\":\"https:\\\/\\\/www.accuratereviews.com\\\/it\\\/gestionale-per-associazioni\\\/buildium-recensione\\\/#breadcrumb\",\"itemListElement\":[{\"@type\":\"ListItem\",\"position\":1,\"name\":\"Home\",\"item\":\"https:\\\/\\\/www.accuratereviews.com\\\/it\\\/\"},{\"@type\":\"ListItem\",\"position\":2,\"name\":\"Gestionale per associazioni\",\"item\":\"https:\\\/\\\/www.accuratereviews.com\\\/it\\\/gestionale-per-associazioni\\\/\"},{\"@type\":\"ListItem\",\"position\":3,\"name\":\"Buildium\"}]},{\"@type\":\"WebSite\",\"@id\":\"https:\\\/\\\/www.accuratereviews.com\\\/it\\\/#website\",\"url\":\"https:\\\/\\\/www.accuratereviews.com\\\/it\\\/\",\"name\":\"Accurate Reviews\",\"description\":\"\",\"potentialAction\":[{\"@type\":\"SearchAction\",\"target\":{\"@type\":\"EntryPoint\",\"urlTemplate\":\"https:\\\/\\\/www.accuratereviews.com\\\/it\\\/?s={search_term_string}\"},\"query-input\":{\"@type\":\"PropertyValueSpecification\",\"valueRequired\":true,\"valueName\":\"search_term_string\"}}],\"inLanguage\":\"it-IT\"}]}<\/script>\n<!-- \/ Yoast SEO plugin. -->","yoast_head_json":{"title":"Buildium: recensione software gestionale associazioni - Accurate Reviews","description":"Buildium: recensione piattaforma di gestione della propriet\u00e0 distribuita su cloud progettata per offrire il controllo sulle proprie attivit\u00e0 e operazioni.","robots":{"index":"index","follow":"follow","max-snippet":"max-snippet:-1","max-image-preview":"max-image-preview:large","max-video-preview":"max-video-preview:-1"},"canonical":"https:\/\/www.accuratereviews.com\/it\/gestionale-per-associazioni\/buildium-recensione\/","og_locale":"it_IT","og_type":"article","og_title":"Buildium: recensione software gestionale associazioni - Accurate Reviews","og_description":"Buildium: recensione piattaforma di gestione della propriet\u00e0 distribuita su cloud progettata per offrire il controllo sulle proprie attivit\u00e0 e operazioni.","og_url":"https:\/\/www.accuratereviews.com\/it\/gestionale-per-associazioni\/buildium-recensione\/","og_site_name":"Accurate Reviews","article_modified_time":"2021-02-04T10:46:10+00:00","og_image":[{"width":280,"height":280,"url":"https:\/\/www.accuratereviews.com\/wp-content\/uploads\/2020\/02\/buildiumlogo.png","type":"image\/png"}],"twitter_card":"summary_large_image","twitter_misc":{"Tempo di lettura stimato":"4 minuti"},"schema":{"@context":"https:\/\/schema.org","@graph":[{"@type":"WebPage","@id":"https:\/\/www.accuratereviews.com\/it\/gestionale-per-associazioni\/buildium-recensione\/","url":"https:\/\/www.accuratereviews.com\/it\/gestionale-per-associazioni\/buildium-recensione\/","name":"Buildium: recensione software gestionale associazioni - Accurate Reviews","isPartOf":{"@id":"https:\/\/www.accuratereviews.com\/it\/#website"},"primaryImageOfPage":{"@id":"https:\/\/www.accuratereviews.com\/it\/gestionale-per-associazioni\/buildium-recensione\/#primaryimage"},"image":{"@id":"https:\/\/www.accuratereviews.com\/it\/gestionale-per-associazioni\/buildium-recensione\/#primaryimage"},"thumbnailUrl":"https:\/\/www.accuratereviews.com\/wp-content\/uploads\/2020\/02\/buildiumlogo.png","datePublished":"2020-02-24T09:55:15+00:00","dateModified":"2021-02-04T10:46:10+00:00","description":"Buildium: recensione piattaforma di gestione della propriet\u00e0 distribuita su cloud progettata per offrire il controllo sulle proprie attivit\u00e0 e operazioni.","breadcrumb":{"@id":"https:\/\/www.accuratereviews.com\/it\/gestionale-per-associazioni\/buildium-recensione\/#breadcrumb"},"inLanguage":"it-IT","potentialAction":[{"@type":"ReadAction","target":["https:\/\/www.accuratereviews.com\/it\/gestionale-per-associazioni\/buildium-recensione\/"]}]},{"@type":"ImageObject","inLanguage":"it-IT","@id":"https:\/\/www.accuratereviews.com\/it\/gestionale-per-associazioni\/buildium-recensione\/#primaryimage","url":"https:\/\/www.accuratereviews.com\/wp-content\/uploads\/2020\/02\/buildiumlogo.png","contentUrl":"https:\/\/www.accuratereviews.com\/wp-content\/uploads\/2020\/02\/buildiumlogo.png","width":280,"height":280},{"@type":"BreadcrumbList","@id":"https:\/\/www.accuratereviews.com\/it\/gestionale-per-associazioni\/buildium-recensione\/#breadcrumb","itemListElement":[{"@type":"ListItem","position":1,"name":"Home","item":"https:\/\/www.accuratereviews.com\/it\/"},{"@type":"ListItem","position":2,"name":"Gestionale per associazioni","item":"https:\/\/www.accuratereviews.com\/it\/gestionale-per-associazioni\/"},{"@type":"ListItem","position":3,"name":"Buildium"}]},{"@type":"WebSite","@id":"https:\/\/www.accuratereviews.com\/it\/#website","url":"https:\/\/www.accuratereviews.com\/it\/","name":"Accurate Reviews","description":"","potentialAction":[{"@type":"SearchAction","target":{"@type":"EntryPoint","urlTemplate":"https:\/\/www.accuratereviews.com\/it\/?s={search_term_string}"},"query-input":{"@type":"PropertyValueSpecification","valueRequired":true,"valueName":"search_term_string"}}],"inLanguage":"it-IT"}]}},"_links":{"self":[{"href":"https:\/\/www.accuratereviews.com\/it\/wp-json\/wp\/v2\/pages\/23619","targetHints":{"allow":["GET"]}}],"collection":[{"href":"https:\/\/www.accuratereviews.com\/it\/wp-json\/wp\/v2\/pages"}],"about":[{"href":"https:\/\/www.accuratereviews.com\/it\/wp-json\/wp\/v2\/types\/page"}],"author":[{"embeddable":true,"href":"https:\/\/www.accuratereviews.com\/it\/wp-json\/wp\/v2\/users\/19"}],"replies":[{"embeddable":true,"href":"https:\/\/www.accuratereviews.com\/it\/wp-json\/wp\/v2\/comments?post=23619"}],"version-history":[{"count":6,"href":"https:\/\/www.accuratereviews.com\/it\/wp-json\/wp\/v2\/pages\/23619\/revisions"}],"predecessor-version":[{"id":36187,"href":"https:\/\/www.accuratereviews.com\/it\/wp-json\/wp\/v2\/pages\/23619\/revisions\/36187"}],"up":[{"embeddable":true,"href":"https:\/\/www.accuratereviews.com\/it\/wp-json\/wp\/v2\/pages\/35837"}],"wp:featuredmedia":[{"embeddable":true,"href":"https:\/\/www.accuratereviews.com\/it\/wp-json\/wp\/v2\/media\/23624"}],"wp:attachment":[{"href":"https:\/\/www.accuratereviews.com\/it\/wp-json\/wp\/v2\/media?parent=23619"}],"wp:term":[{"taxonomy":"category","embeddable":true,"href":"https:\/\/www.accuratereviews.com\/it\/wp-json\/wp\/v2\/categories?post=23619"},{"taxonomy":"post_tag","embeddable":true,"href":"https:\/\/www.accuratereviews.com\/it\/wp-json\/wp\/v2\/tags?post=23619"},{"taxonomy":"features","embeddable":true,"href":"https:\/\/www.accuratereviews.com\/it\/wp-json\/wp\/v2\/features?post=23619"}],"curies":[{"name":"wp","href":"https:\/\/api.w.org\/{rel}","templated":true}]}}