{"id":23672,"date":"2020-02-25T15:33:54","date_gmt":"2020-02-25T15:33:54","guid":{"rendered":"https:\/\/www.accuratereviews.com\/?page_id=23672"},"modified":"2021-02-05T09:27:34","modified_gmt":"2021-02-05T09:27:34","slug":"wild-apricot-recensione","status":"publish","type":"page","link":"https:\/\/www.accuratereviews.com\/it\/gestionale-per-associazioni\/wild-apricot-recensione\/","title":{"rendered":"Wild Apricot"},"content":{"rendered":"<p><strong>Wild Apricot<\/strong> \u00e8 una <strong>soluzione di gestione delle associazioni<\/strong>\u00a0basata su <strong>cloud<\/strong> per organizzazioni, associazioni professionali e no profit, club e comunit\u00e0. Fornisce un programma completo per la coordinazione del database, dei fondi e degli eventi dei membri. \u00c8 utile per le organizzazioni creare e gestire un database di appartenenza. Migliora la comunicazione e la registrazione degli eventi online. \u00c8 eccellente sia per mantenere una vasta base di contatti, sia per attirarne di nuovi. I progetti di siti web sono basati su modelli, il che significa che gli amministratori non richiedono alcuna conoscenza di programmazione per creare o modificare i propri portali.<\/p>\n<h2>WILD APRICOT &#8211; TUTORIAL<\/h2>\n<p>Il tutorial che segue spiega le principali funzioni di questo <strong>software per la gestione delle associazioni<\/strong>:<\/p>\n<div id=\"fluid-wrapper-counter-1\" class=\"g1-fluid-wrapper \" style=\"width:686px;\">\n<div style=\"padding-bottom:56.268221574344%;\"><iframe loading=\"lazy\" title=\"Wild Apricot Demo\" width=\"686\" height=\"386\" src=\"https:\/\/www.youtube.com\/embed\/vio0drJhQ-A?feature=oembed&amp;wmode=transparent&amp;autohide=1&amp;autoplay=0&amp;disablekb=0&amp;fs=1&amp;loop=0&amp;enablejsapi=1&amp;rel=0&amp;controls=2&amp;showinfo=0&amp;wmode=transparent&amp;autohide=2&amp;autoplay=0&amp;disablekb=0&amp;fs=1&amp;loop=0&amp;enablejsapi=1&amp;rel=0&amp;controls=2&amp;showinfo=1\" frameborder=\"0\" allow=\"accelerometer; autoplay; clipboard-write; encrypted-media; gyroscope; picture-in-picture\" allowfullscreen><\/iframe><\/div>\n<\/div>\n<h3>WILD APRICOT &#8211; CARATTERISTICHE<\/h3>\n<ul>\n<li>Cerca e condividi facilmente il tuo database<\/li>\n<li>Personalizza i livelli di abbonamento e automatizza i rinnovi<\/li>\n<li>Aggiornamenti del database in tempo reale quando un nuovo membro si unisce online<\/li>\n<li>I membri possono aggiornare le proprie informazioni tramite un&#8217;area di accesso dei membri<\/li>\n<li>I tuoi dati sono al sicuro, protetti e sottoposti a backup automatico in modo da non doverti preoccupare<\/li>\n<li>Configurare una directory dei membri online<\/li>\n<li>Accesso gratuito a temi progettati professionalmente<\/li>\n<li>Facile da personalizzare e aggiornare con un builder drag-and-drop<\/li>\n<li>Mobile friendly<\/li>\n<li>Traccia e gestisci i tuoi contatti con ricerche salvate<\/li>\n<li>Caricare automaticamente le carte di credito dei membri per i rinnovi<\/li>\n<li>Il sistema aggiorna automaticamente i profili dei membri e invia le fatture<\/li>\n<li>Generare facilmente una variet\u00e0 di rapporti finanziari<\/li>\n<li>Accetta donazioni online<\/li>\n<li>Invia automaticamente promemoria per aumentare la presenza<\/li>\n<li>Pubblica un calendario di eventi sul tuo sito web<\/li>\n<li>Registra automaticamente i pagamenti<\/li>\n<li>Tieni traccia delle presenze con la nostra app mobile (niente pi\u00f9 documenti extra)<\/li>\n<li>Automatizza le conferme e i promemoria via email<\/li>\n<li>Personalizza automaticamente ogni email<\/li>\n<li>Scegli tra decine di modelli di e-mail e newsletter<\/li>\n<li>Tieni traccia di chi sta aprendo e cliccando sulle tue email<\/li>\n<li>Sito web ottimizzato per dispositivi mobili<\/li>\n<li>I membri possono aderire e pagare tramite i loro dispositivi mobili<\/li>\n<li>Accedi e aggiorna i dati dei tuoi membri sul tuo smartphone<\/li>\n<li>Effettua il check-in e registra i partecipanti all&#8217;evento direttamente dal tuo smartphone<\/li>\n<\/ul>\n<h4>LE RECENSIONI DEGLI UTENTI<\/h4>\n<h4>Kimberly K. &#8220;Eccellente sistema di gestione per tutte le mie esigenze&#8221;<\/h4>\n<p><strong>Commenti<\/strong>: Ho iniziato a utilizzare WA nel 2011 per gestire senza scopo di lucro 90 volontari e vari eventi e raccolte di fondi. Da allora, ho creato account WA per altre 3 organizzazioni senza scopo di lucro di dimensioni simili E, a partire dal 2017, ho anche creato un account software WA per gestire la mia associazione professionale di 1.000 membri con grande successo. Sono un grande sostenitore del software Wild Apricot e come \u00e8 possibile gestire in modo efficace membri \/ volontari e gestire eventi \/ raccolte fondi \/ conferenze pur essendo una piattaforma professionale e user-friendly per commercializzare le mie organizzazioni.<\/p>\n<p><strong>Vantaggi<\/strong>: la semplicit\u00e0 e la robustezza di questo software \u00e8 eccezionale. Le impostazioni intuitive e la facilit\u00e0 d&#8217;uso lo rendono uno strumento efficace per aiutare a gestire vari aspetti dell&#8217;organizzazione. Molti schermi sono panoramiche a colpo d&#8217;occhio, mentre altri forniscono dettagli sufficienti per soddisfare una variet\u00e0 di esigenze. Molti dei miei volontari sono anziani e possono navigare nel sistema con la stessa facilit\u00e0 di un adolescente. Il sistema \u00e8 abbastanza facile da usare che, se ci sei dentro ogni giorno, non \u00e8 ingombrante e, se sei un utente poco frequente, \u00e8 abbastanza intuitivo.<\/p>\n<p><strong>Inconvenienti<\/strong>: anche se mi piacciono molte cose sul software, vorrei solo che ci fosse un modo per (1) tenere traccia delle ore di volontariato all&#8217;interno dei profili dei membri e (2) avere la possibilit\u00e0 di utilizzare pi\u00f9 di un sistema di pagamento (ho un&#8217;organizzazione 501c3 e 501c4 con esigenze finanziarie diverse) quindi vorrei poterli gestire entrambi all&#8217;interno dello stesso sistema software. Quindi, quelle sono grandi voci della lista dei desideri che spero vengano in futuro, ma finora sono gestibili con altri mezzi non ideali. Altrimenti, su base giornaliera, c&#8217;\u00e8 ben poco problema con il software.<\/p>\n<h4>Andrea K. &#8220;Wild Apricot: un software per eventi rapido ed efficiente&#8221;<\/h4>\n<p><strong>Commenti<\/strong>: I membri del nostro personale del distretto scolastico e i membri del pubblico che si registrano per i programmi comprendono intuitivamente come registrarsi per i nostri programmi. La funzione pi\u00f9 utilizzata dallo staff \u00e8 il download di Excel. Il personale \u00e8 in grado di ordinare e filtrare facilmente i dati per fatturare scuole e altre agenzie per pi\u00f9 registranti attraverso il nostro sistema finanziario di agenzia come richiesto dalla legge piuttosto che attraverso il sistema di fatturazione di Wild Apricot. Il nostro sito Web Wild Apricot era un tempo molto robusto. Siamo stati in grado di semplificarlo utilizzando lo stesso modello in modo che il sito sia pi\u00f9 facile da usare e assomigli molto di pi\u00f9 al nostro sito di agenzia rendendo il flusso da un sito all&#8217;altro quasi senza soluzione di continuit\u00e0.<\/p>\n<p><strong>Vantaggi<\/strong>: La nostra agenzia ospita numerosi eventi ripetuti non solo pi\u00f9 volte durante l&#8217;anno scolastico, ma che si ripetono anche anno dopo anno. La facilit\u00e0 con cui gli eventi possono essere duplicati e modificati per date specifiche consente al personale di creare eventi per un anno in poche ore.<\/p>\n<p><strong>Inconvenienti<\/strong>: abbiamo molti utenti che creano eventi e Wild Apricot ha un solo gestore eventi. Abbiamo un gruppo di grande talento, ma c&#8217;\u00e8 ancora un po &#8216;di nervosismo poich\u00e9 gli eventi non possono essere suddivisi in compartimenti da un utente o un dipartimento. I pagamenti PayPal vengono raccolti in un conto bancario e devono essere analizzati dopo il ricevimento da parte del registrante su quale conto devono essere depositati i fondi. Vorremmo avere pagamenti legati ai conti del dipartimento per ogni evento e trasmettere tali informazioni tramite PayPal al nostro dipartimento fiscale.<\/p>\n<h4>Ines A. &#8220;Software di iscrizione&#8221;<\/h4>\n<p><strong>Commenti<\/strong>: Ogni richiesta di supporto \u00e8 stata gestita in modo super rapido. \u00c8 stato un piacere lavorare con il team WA dal 2015.<\/p>\n<p><strong>Vantaggi<\/strong>: copre tutte le esigenze: database di appartenenza mgmt, evento mgmt, comunicazioni. Tutto in un unico posto<\/p>\n<p><strong>Inconvenienti<\/strong>: un po &#8216;limitato quando si tratta di progettazione di pagine Web, ma ha tutte le funzionalit\u00e0 (database, calendario, ecc.), Va bene, \u00e8 sicuramente peggio aggirarlo.<\/p>\n","protected":false},"excerpt":{"rendered":"<p>Wild Apricot \u00e8 una soluzione di gestione delle associazioni\u00a0basata su cloud\u00a0per organizzazioni, associazioni professionali e no profit, club e comunit\u00e0. Fornisce un programma completo per la coordinazione del database, dei fondi e degli eventi dei membri.<\/p>\n","protected":false},"author":19,"featured_media":23673,"parent":35837,"menu_order":0,"comment_status":"open","ping_status":"closed","template":"g1_template_page_review_new.php","meta":{"_acf_changed":false,"cwp_meta_box_check":"Yes","cwp_rev_product_name":"","cwp_rev_product_image":"","wppr_links":[],"cwp_rev_price":"","wppr_options":[],"wppr_pros":[],"wppr_cons":[],"_monsterinsights_skip_tracking":false,"_monsterinsights_sitenote_active":false,"_monsterinsights_sitenote_note":"","_monsterinsights_sitenote_category":0,"footnotes":""},"categories":[1943],"tags":[1944,396,2008,1949,1947,1948,2009],"features":[],"class_list":{"0":"post-23672","1":"page","2":"type-page","3":"status-publish","4":"has-post-thumbnail","6":"category-gestionale-per-associazioni-categoria","7":"tag-association-management-software","8":"tag-cloud","9":"tag-piattaforma-gestionale-associazioni","10":"tag-programma-gestionale-associazioni","11":"tag-software-gestionale-associazioni","12":"tag-soluzione-gestionale-associazioni","13":"tag-wild-apricot"},"wppr_data":{"cwp_meta_box_check":"Yes","cwp_rev_product_name":"","cwp_rev_product_image":"","cwp_image_link":"image","cwp_rev_price":"","wppr_rating":"0.00"},"acf":[],"yoast_head":"<!-- This site is optimized with the Yoast SEO plugin v27.4 - https:\/\/yoast.com\/product\/yoast-seo-wordpress\/ -->\n<title>Wild Apricot: recensione gestionale associazioni - Accurate Reviews<\/title>\n<meta name=\"description\" content=\"Wild Apricot: recensione soluzione gestione delle associazioni\u00a0basata su cloud\u00a0per organizzazioni, associazioni professionali e no profit, club e comunit\u00e0.\" \/>\n<meta name=\"robots\" content=\"index, follow, max-snippet:-1, max-image-preview:large, max-video-preview:-1\" \/>\n<link rel=\"canonical\" href=\"https:\/\/www.accuratereviews.com\/it\/gestionale-per-associazioni\/wild-apricot-recensione\/\" \/>\n<meta property=\"og:locale\" content=\"it_IT\" \/>\n<meta property=\"og:type\" content=\"article\" \/>\n<meta property=\"og:title\" content=\"Wild Apricot: recensione gestionale associazioni - Accurate Reviews\" \/>\n<meta property=\"og:description\" content=\"Wild Apricot: recensione soluzione gestione delle associazioni\u00a0basata su cloud\u00a0per organizzazioni, associazioni professionali e no profit, club e comunit\u00e0.\" \/>\n<meta property=\"og:url\" content=\"https:\/\/www.accuratereviews.com\/it\/gestionale-per-associazioni\/wild-apricot-recensione\/\" \/>\n<meta property=\"og:site_name\" content=\"Accurate Reviews\" \/>\n<meta property=\"article:modified_time\" content=\"2021-02-05T09:27:34+00:00\" \/>\n<meta property=\"og:image\" content=\"https:\/\/www.accuratereviews.com\/wp-content\/uploads\/2020\/02\/WILD-APRICOT.jpg\" \/>\n\t<meta property=\"og:image:width\" content=\"810\" \/>\n\t<meta property=\"og:image:height\" content=\"456\" \/>\n\t<meta property=\"og:image:type\" content=\"image\/jpeg\" \/>\n<meta name=\"twitter:card\" content=\"summary_large_image\" \/>\n<meta name=\"twitter:label1\" content=\"Tempo di lettura stimato\" \/>\n\t<meta name=\"twitter:data1\" content=\"5 minuti\" \/>\n<script type=\"application\/ld+json\" class=\"yoast-schema-graph\">{\"@context\":\"https:\\\/\\\/schema.org\",\"@graph\":[{\"@type\":\"WebPage\",\"@id\":\"https:\\\/\\\/www.accuratereviews.com\\\/it\\\/gestionale-per-associazioni\\\/wild-apricot-recensione\\\/\",\"url\":\"https:\\\/\\\/www.accuratereviews.com\\\/it\\\/gestionale-per-associazioni\\\/wild-apricot-recensione\\\/\",\"name\":\"Wild Apricot: recensione gestionale associazioni - Accurate Reviews\",\"isPartOf\":{\"@id\":\"https:\\\/\\\/www.accuratereviews.com\\\/it\\\/#website\"},\"primaryImageOfPage\":{\"@id\":\"https:\\\/\\\/www.accuratereviews.com\\\/it\\\/gestionale-per-associazioni\\\/wild-apricot-recensione\\\/#primaryimage\"},\"image\":{\"@id\":\"https:\\\/\\\/www.accuratereviews.com\\\/it\\\/gestionale-per-associazioni\\\/wild-apricot-recensione\\\/#primaryimage\"},\"thumbnailUrl\":\"https:\\\/\\\/www.accuratereviews.com\\\/wp-content\\\/uploads\\\/2020\\\/02\\\/WILD-APRICOT.jpg\",\"datePublished\":\"2020-02-25T15:33:54+00:00\",\"dateModified\":\"2021-02-05T09:27:34+00:00\",\"description\":\"Wild Apricot: recensione soluzione gestione delle associazioni\u00a0basata su cloud\u00a0per organizzazioni, associazioni professionali e no profit, club e comunit\u00e0.\",\"breadcrumb\":{\"@id\":\"https:\\\/\\\/www.accuratereviews.com\\\/it\\\/gestionale-per-associazioni\\\/wild-apricot-recensione\\\/#breadcrumb\"},\"inLanguage\":\"it-IT\",\"potentialAction\":[{\"@type\":\"ReadAction\",\"target\":[\"https:\\\/\\\/www.accuratereviews.com\\\/it\\\/gestionale-per-associazioni\\\/wild-apricot-recensione\\\/\"]}]},{\"@type\":\"ImageObject\",\"inLanguage\":\"it-IT\",\"@id\":\"https:\\\/\\\/www.accuratereviews.com\\\/it\\\/gestionale-per-associazioni\\\/wild-apricot-recensione\\\/#primaryimage\",\"url\":\"https:\\\/\\\/www.accuratereviews.com\\\/wp-content\\\/uploads\\\/2020\\\/02\\\/WILD-APRICOT.jpg\",\"contentUrl\":\"https:\\\/\\\/www.accuratereviews.com\\\/wp-content\\\/uploads\\\/2020\\\/02\\\/WILD-APRICOT.jpg\",\"width\":810,\"height\":456},{\"@type\":\"BreadcrumbList\",\"@id\":\"https:\\\/\\\/www.accuratereviews.com\\\/it\\\/gestionale-per-associazioni\\\/wild-apricot-recensione\\\/#breadcrumb\",\"itemListElement\":[{\"@type\":\"ListItem\",\"position\":1,\"name\":\"Home\",\"item\":\"https:\\\/\\\/www.accuratereviews.com\\\/it\\\/\"},{\"@type\":\"ListItem\",\"position\":2,\"name\":\"Gestionale per associazioni\",\"item\":\"https:\\\/\\\/www.accuratereviews.com\\\/it\\\/gestionale-per-associazioni\\\/\"},{\"@type\":\"ListItem\",\"position\":3,\"name\":\"Wild Apricot\"}]},{\"@type\":\"WebSite\",\"@id\":\"https:\\\/\\\/www.accuratereviews.com\\\/it\\\/#website\",\"url\":\"https:\\\/\\\/www.accuratereviews.com\\\/it\\\/\",\"name\":\"Accurate Reviews\",\"description\":\"\",\"potentialAction\":[{\"@type\":\"SearchAction\",\"target\":{\"@type\":\"EntryPoint\",\"urlTemplate\":\"https:\\\/\\\/www.accuratereviews.com\\\/it\\\/?s={search_term_string}\"},\"query-input\":{\"@type\":\"PropertyValueSpecification\",\"valueRequired\":true,\"valueName\":\"search_term_string\"}}],\"inLanguage\":\"it-IT\"}]}<\/script>\n<!-- \/ Yoast SEO plugin. -->","yoast_head_json":{"title":"Wild Apricot: recensione gestionale associazioni - Accurate Reviews","description":"Wild Apricot: recensione soluzione gestione delle associazioni\u00a0basata su cloud\u00a0per organizzazioni, associazioni professionali e no profit, club e comunit\u00e0.","robots":{"index":"index","follow":"follow","max-snippet":"max-snippet:-1","max-image-preview":"max-image-preview:large","max-video-preview":"max-video-preview:-1"},"canonical":"https:\/\/www.accuratereviews.com\/it\/gestionale-per-associazioni\/wild-apricot-recensione\/","og_locale":"it_IT","og_type":"article","og_title":"Wild Apricot: recensione gestionale associazioni - Accurate Reviews","og_description":"Wild Apricot: recensione soluzione gestione delle associazioni\u00a0basata su cloud\u00a0per organizzazioni, associazioni professionali e no profit, club e comunit\u00e0.","og_url":"https:\/\/www.accuratereviews.com\/it\/gestionale-per-associazioni\/wild-apricot-recensione\/","og_site_name":"Accurate Reviews","article_modified_time":"2021-02-05T09:27:34+00:00","og_image":[{"width":810,"height":456,"url":"https:\/\/www.accuratereviews.com\/wp-content\/uploads\/2020\/02\/WILD-APRICOT.jpg","type":"image\/jpeg"}],"twitter_card":"summary_large_image","twitter_misc":{"Tempo di lettura stimato":"5 minuti"},"schema":{"@context":"https:\/\/schema.org","@graph":[{"@type":"WebPage","@id":"https:\/\/www.accuratereviews.com\/it\/gestionale-per-associazioni\/wild-apricot-recensione\/","url":"https:\/\/www.accuratereviews.com\/it\/gestionale-per-associazioni\/wild-apricot-recensione\/","name":"Wild Apricot: recensione gestionale associazioni - Accurate Reviews","isPartOf":{"@id":"https:\/\/www.accuratereviews.com\/it\/#website"},"primaryImageOfPage":{"@id":"https:\/\/www.accuratereviews.com\/it\/gestionale-per-associazioni\/wild-apricot-recensione\/#primaryimage"},"image":{"@id":"https:\/\/www.accuratereviews.com\/it\/gestionale-per-associazioni\/wild-apricot-recensione\/#primaryimage"},"thumbnailUrl":"https:\/\/www.accuratereviews.com\/wp-content\/uploads\/2020\/02\/WILD-APRICOT.jpg","datePublished":"2020-02-25T15:33:54+00:00","dateModified":"2021-02-05T09:27:34+00:00","description":"Wild Apricot: recensione soluzione gestione delle associazioni\u00a0basata su cloud\u00a0per organizzazioni, associazioni professionali e no profit, club e comunit\u00e0.","breadcrumb":{"@id":"https:\/\/www.accuratereviews.com\/it\/gestionale-per-associazioni\/wild-apricot-recensione\/#breadcrumb"},"inLanguage":"it-IT","potentialAction":[{"@type":"ReadAction","target":["https:\/\/www.accuratereviews.com\/it\/gestionale-per-associazioni\/wild-apricot-recensione\/"]}]},{"@type":"ImageObject","inLanguage":"it-IT","@id":"https:\/\/www.accuratereviews.com\/it\/gestionale-per-associazioni\/wild-apricot-recensione\/#primaryimage","url":"https:\/\/www.accuratereviews.com\/wp-content\/uploads\/2020\/02\/WILD-APRICOT.jpg","contentUrl":"https:\/\/www.accuratereviews.com\/wp-content\/uploads\/2020\/02\/WILD-APRICOT.jpg","width":810,"height":456},{"@type":"BreadcrumbList","@id":"https:\/\/www.accuratereviews.com\/it\/gestionale-per-associazioni\/wild-apricot-recensione\/#breadcrumb","itemListElement":[{"@type":"ListItem","position":1,"name":"Home","item":"https:\/\/www.accuratereviews.com\/it\/"},{"@type":"ListItem","position":2,"name":"Gestionale per associazioni","item":"https:\/\/www.accuratereviews.com\/it\/gestionale-per-associazioni\/"},{"@type":"ListItem","position":3,"name":"Wild Apricot"}]},{"@type":"WebSite","@id":"https:\/\/www.accuratereviews.com\/it\/#website","url":"https:\/\/www.accuratereviews.com\/it\/","name":"Accurate Reviews","description":"","potentialAction":[{"@type":"SearchAction","target":{"@type":"EntryPoint","urlTemplate":"https:\/\/www.accuratereviews.com\/it\/?s={search_term_string}"},"query-input":{"@type":"PropertyValueSpecification","valueRequired":true,"valueName":"search_term_string"}}],"inLanguage":"it-IT"}]}},"_links":{"self":[{"href":"https:\/\/www.accuratereviews.com\/it\/wp-json\/wp\/v2\/pages\/23672","targetHints":{"allow":["GET"]}}],"collection":[{"href":"https:\/\/www.accuratereviews.com\/it\/wp-json\/wp\/v2\/pages"}],"about":[{"href":"https:\/\/www.accuratereviews.com\/it\/wp-json\/wp\/v2\/types\/page"}],"author":[{"embeddable":true,"href":"https:\/\/www.accuratereviews.com\/it\/wp-json\/wp\/v2\/users\/19"}],"replies":[{"embeddable":true,"href":"https:\/\/www.accuratereviews.com\/it\/wp-json\/wp\/v2\/comments?post=23672"}],"version-history":[{"count":7,"href":"https:\/\/www.accuratereviews.com\/it\/wp-json\/wp\/v2\/pages\/23672\/revisions"}],"predecessor-version":[{"id":36838,"href":"https:\/\/www.accuratereviews.com\/it\/wp-json\/wp\/v2\/pages\/23672\/revisions\/36838"}],"up":[{"embeddable":true,"href":"https:\/\/www.accuratereviews.com\/it\/wp-json\/wp\/v2\/pages\/35837"}],"wp:featuredmedia":[{"embeddable":true,"href":"https:\/\/www.accuratereviews.com\/it\/wp-json\/wp\/v2\/media\/23673"}],"wp:attachment":[{"href":"https:\/\/www.accuratereviews.com\/it\/wp-json\/wp\/v2\/media?parent=23672"}],"wp:term":[{"taxonomy":"category","embeddable":true,"href":"https:\/\/www.accuratereviews.com\/it\/wp-json\/wp\/v2\/categories?post=23672"},{"taxonomy":"post_tag","embeddable":true,"href":"https:\/\/www.accuratereviews.com\/it\/wp-json\/wp\/v2\/tags?post=23672"},{"taxonomy":"features","embeddable":true,"href":"https:\/\/www.accuratereviews.com\/it\/wp-json\/wp\/v2\/features?post=23672"}],"curies":[{"name":"wp","href":"https:\/\/api.w.org\/{rel}","templated":true}]}}