{"id":23693,"date":"2020-02-25T15:35:49","date_gmt":"2020-02-25T15:35:49","guid":{"rendered":"https:\/\/www.accuratereviews.com\/?page_id=23693"},"modified":"2021-02-04T14:36:44","modified_gmt":"2021-02-04T14:36:44","slug":"clubexpress-recensione","status":"publish","type":"page","link":"https:\/\/www.accuratereviews.com\/it\/gestionale-per-associazioni\/clubexpress-recensione\/","title":{"rendered":"ClubExpress"},"content":{"rendered":"<p><strong>ClubExpress<\/strong> \u00e8 una <strong>piattaforma digitale<\/strong> per lo svolgimento di <strong>compiti di gestione e operativi<\/strong> di club e associazioni.\u00a0I moduli integrati nel sistema ti consentono di ampliare i tuoi orizzonti di marketing e comunicazione come email marketing, forum di discussione, blog e sondaggi online. Questa soluzione ti consente di rafforzare la connettivit\u00e0 con il tuo pubblico a tutti i livelli. Supporta liste di distribuzione e formati email da semplici a complessi. Puoi personalizzare le campagne pubblicitarie con collegamenti, CTA e immagini e spostarle facilmente tra i \u00a0membri e non. Inoltre, puoi creare forum di discussione tra i componenti del tuo gruppo.\u00a0La gestione degli eventi un gioco da ragazzi basta aggiornare il calendario degli eventi e dei moduli di registrazione dell&#8217;iscrizione online.<\/p>\n<h2>CLUBEXPRESS &#8211; TUTORIAL<\/h2>\n<p>Il tutorial descrivi le nuove funzioni di questo software\u00a0<strong>gestionele per le associazioni:<\/strong><\/p>\n<div id=\"fluid-wrapper-counter-1\" class=\"g1-fluid-wrapper \" style=\"width:686px;\">\n<div style=\"padding-bottom:56.268221574344%;\"><iframe loading=\"lazy\" title=\"ClubExpress - Webinar - Version 9.0 - New Features\" width=\"686\" height=\"386\" src=\"https:\/\/www.youtube.com\/embed\/l-OzVLOLx_c?feature=oembed&amp;wmode=transparent&amp;autohide=1&amp;autoplay=0&amp;disablekb=0&amp;fs=1&amp;loop=0&amp;enablejsapi=1&amp;rel=0&amp;controls=2&amp;showinfo=0&amp;wmode=transparent&amp;autohide=2&amp;autoplay=0&amp;disablekb=0&amp;fs=1&amp;loop=0&amp;enablejsapi=1&amp;rel=0&amp;controls=2&amp;showinfo=1\" frameborder=\"0\" allow=\"accelerometer; autoplay; clipboard-write; encrypted-media; gyroscope; picture-in-picture\" allowfullscreen><\/iframe><\/div>\n<\/div>\n<h3>CLUBEXPRESS &#8211; CARATTERISTICHE<\/h3>\n<ul>\n<li><strong>Funzioni del club<\/strong>: il programma include funzioni speciali per visualizzare contatti, commissioni e sottocomitati di club, notizie e comunicati stampa, vantaggi, calendario degli eventi, donazioni, vetrina di ecommerce e sondaggi. Ognuna di queste funzioni supporta dozzine di opzioni basate sui diversi modi in cui i club operano<\/li>\n<li><strong>Accordo di adesione<\/strong>: molte associazioni richiedono ai membri di firmare un accordo di adesione. Il software supporta pienamente questa opzione<\/li>\n<li><strong>Livelli di sicurezza multipli<\/strong>: la soluzione supporta sette livelli separati di sicurezza<\/li>\n<li><strong>Eventi:<\/strong> un calendario specifico per il canale che permette ai membri di creare i propri QuickEvent da condividere con altri<\/li>\n<li><strong>Sondaggi:<\/strong> si tratta di una funzione di sondaggio rapido che consente di votare questioni importanti per i membri, che possono creare anche i propri sondaggi da condividere con altri<\/li>\n<li><strong>Chat:<\/strong> questa \u00e8 una funzione di chat live simile a quella fornita da Facebook, WhatsApp, Slack e altre piattaforme popolari, ma limitata ai membri di un canale specifico<\/li>\n<li><strong>Emailings<\/strong>: invia email mirate ai partecipanti ad une evento. Ricorda ai tuoi iscritti il prossimo incontro e invia gli aggiornamenti dell&#8217;evento.<\/li>\n<\/ul>\n<h4>LE RECENSIONI DEGLI UTENTI<\/h4>\n<h4>Neal B. &#8220;Riduce il lavoro degli officer di club e migliora il coinvolgimento dei soci&#8221;<\/h4>\n<p><strong>Commenti<\/strong>: La decisione di spostare la nostra presenza sul web su ClubExpress \u00e8 stata buona. Il nostro gruppo \u00e8 piccolo, quindi il costo era un problema, ma la facilit\u00e0 generale di rinnovo dell&#8217;iscrizione e la facilit\u00e0 di aggiornamento dei contenuti lo compensano. Inoltre, la possibilit\u00e0 di avere eventi che possono essere pagati e registrati in tutto il nostro sito web \u00e8 stata un enorme miglioramento e ha permesso di raccogliere abbastanza nuovi fondi da aver sostituito i costi.<\/p>\n<p><strong>Vantaggi<\/strong>: il software \u00e8 stabile, relativamente facile da usare e ha le funzionalit\u00e0 necessarie per un&#8217;organizzazione o un club senza scopo di lucro. Nel complesso, lo strumento \u00e8 un&#8217;ottima soluzione. Non devo passare ore ad aggiornare un sistema CMS e non devo pi\u00f9 preoccuparmi che gli hacker attaccino il mio sito e debbano ripararlo \/ ricostruirlo. Il personale di supporto \u00e8 eccellente e conosce molto bene il loro prodotto e le sue capacit\u00e0.<\/p>\n<p><strong>Inconvenienti<\/strong>: alcune interfacce sono un po &#8216;klugey da usare. Tuttavia, li migliorano costantemente. Vi sono alcune limitazioni a ci\u00f2 che pu\u00f2 essere fatto in termini di personalizzazione e adattamento del flusso di lavoro e dell&#8217;aspetto generale del sito. Niente che sia uno spettacolo, ma ci ha rallentato un paio di volte. Vorrei che aggiornassero alcuni modelli e avessero opzioni pi\u00f9 reattive.<\/p>\n<h4>Jonathan R. &#8220;Una buona soluzione per il capitolo ICF di Cleveland&#8221;<\/h4>\n<p><strong>Commenti<\/strong>: ClubExpress \u00e8 stata un&#8217;ottima soluzione per il capitolo. Abbiamo un bell&#8217;aspetto sul sito e siamo in grado di fare tutto ci\u00f2 che vogliamo. Il nostro team \u00e8 entusiasta di implementare pi\u00f9 opzioni disponibili e aumentare ulteriormente il nostro gioco. Come opzione software all-in-one, ClubExpress ci aiuta a rimanere al passo con le esigenze dei nostri membri.<\/p>\n<p><strong>Vantaggi<\/strong>: il pacchetto ClubExpress ha tutti i pezzi di cui abbiamo bisogno nel capitolo ICF Cleveland. Coordiniamo eventi mensili, gestiamo l&#8217;appartenenza al capitolo e comunichiamo di cosa tratta. Il software \u00e8 facile da usare e ha pi\u00f9 opzioni di quelle di cui abbiamo persino bisogno. ClubExpress \u00e8 progettato per usi come questo e siamo entusiasti di sfruttare ancora di pi\u00f9 le funzionalit\u00e0. Gestiamo anche la nostra mailing list con il software e abbiamo avuto un buon successo con questa opzione.<\/p>\n<p><strong>Inconvenienti<\/strong>: la curva di apprendimento \u00e8 piuttosto ripida e non trovo il software intuitivo. Tuttavia, il sistema di supporto \u00e8 una risorsa sottoutilizzata per me. Ho il sospetto che una volta che avr\u00f2 un senso migliore della strategia di quadro generale dietro il software, trover\u00f2 la curva di apprendimento meno ripida.<\/p>\n<h4>Kyle M. &#8220;Ottimo supporto e prodotto&#8221;<\/h4>\n<p><strong>Commenti<\/strong>: Abbiamo un club express da circa 8 anni, \u00e8 molto facile da usare e quando aggiungiamo eventi ti guida passo dopo passo. C&#8217;\u00e8 stato un aggiornamento del backend un paio di anni fa che ha reso pi\u00f9 facile per le persone impostare tutto e un enorme miglioramento! Unica pecca che ho elencato \u00e8 la configurare di email di gruppo da un dispositivo mobile in quanto lo strumento di editor ha un generatore mobile che non puoi chiudere, sul mio telefono occupa l&#8217;intera area del corpo della posta elettronica quindi non riesco a creare un&#8217;email in movimento, ma per il resto \u00e8 un ottimo prodotto da utilizzare soprattutto da una vista del desktop<\/p>\n<p><strong>Vantaggi<\/strong>: facilit\u00e0 di creazione di eventi e gestione del sito web<\/p>\n<p><strong>Inconvenienti<\/strong>: la sezione email aggiornata ha solo un paio di piccole stranezze che potrebbero essere facilmente migliorate ma per nulla importanti<\/p>\n","protected":false},"excerpt":{"rendered":"<p>ClubExpress \u00e8 una piattaforma digitale per lo svolgimento di compiti di gestione e operativi di club e associazioni.\u00a0I moduli integrati nel sistema ti consentono di ampliare i tuoi orizzonti di marketing e comunicazione come email marketing, forum di discussione, blog e sondaggi online. Questa soluzione ti consente di rafforzare la connettivit\u00e0 con il tuo pubblico a tutti i livelli.<\/p>\n","protected":false},"author":19,"featured_media":23710,"parent":35837,"menu_order":0,"comment_status":"open","ping_status":"closed","template":"g1_template_page_review_new.php","meta":{"_acf_changed":false,"cwp_meta_box_check":"Yes","cwp_rev_product_name":"","cwp_rev_product_image":"","wppr_links":[],"cwp_rev_price":"","wppr_options":[],"wppr_pros":[],"wppr_cons":[],"_monsterinsights_skip_tracking":false,"_monsterinsights_sitenote_active":false,"_monsterinsights_sitenote_note":"","_monsterinsights_sitenote_category":0,"footnotes":""},"categories":[1943],"tags":[1944,2033,2008,1949,1947,1948],"features":[],"class_list":{"0":"post-23693","1":"page","2":"type-page","3":"status-publish","4":"has-post-thumbnail","6":"category-gestionale-per-associazioni-categoria","7":"tag-association-management-software","8":"tag-clubexpress","9":"tag-piattaforma-gestionale-associazioni","10":"tag-programma-gestionale-associazioni","11":"tag-software-gestionale-associazioni","12":"tag-soluzione-gestionale-associazioni"},"wppr_data":{"cwp_meta_box_check":"Yes","cwp_rev_product_name":"","cwp_rev_product_image":"","cwp_image_link":"image","cwp_rev_price":"","wppr_rating":"0.00"},"acf":[],"yoast_head":"<!-- This site is optimized with the Yoast SEO plugin v27.4 - https:\/\/yoast.com\/product\/yoast-seo-wordpress\/ -->\n<title>ClubExpress: recensione gestionale per associazioni - Accurate Reviews<\/title>\n<meta name=\"description\" content=\"ClubExpress: recensione piattaforma digitale per lo svolgimento di compiti di gestione e operativi per club e associazioni.\" \/>\n<meta name=\"robots\" content=\"index, follow, max-snippet:-1, max-image-preview:large, max-video-preview:-1\" \/>\n<link rel=\"canonical\" href=\"https:\/\/www.accuratereviews.com\/it\/gestionale-per-associazioni\/clubexpress-recensione\/\" \/>\n<meta property=\"og:locale\" content=\"it_IT\" \/>\n<meta property=\"og:type\" content=\"article\" \/>\n<meta property=\"og:title\" content=\"ClubExpress: recensione gestionale per associazioni - Accurate Reviews\" \/>\n<meta property=\"og:description\" content=\"ClubExpress: recensione piattaforma digitale per lo svolgimento di compiti di gestione e operativi per club e associazioni.\" \/>\n<meta property=\"og:url\" content=\"https:\/\/www.accuratereviews.com\/it\/gestionale-per-associazioni\/clubexpress-recensione\/\" \/>\n<meta property=\"og:site_name\" content=\"Accurate Reviews\" \/>\n<meta property=\"article:modified_time\" content=\"2021-02-04T14:36:44+00:00\" \/>\n<meta property=\"og:image\" content=\"https:\/\/www.accuratereviews.com\/wp-content\/uploads\/2020\/02\/clubexpress.jpg\" \/>\n\t<meta property=\"og:image:width\" content=\"1280\" \/>\n\t<meta property=\"og:image:height\" content=\"720\" \/>\n\t<meta property=\"og:image:type\" content=\"image\/jpeg\" \/>\n<meta name=\"twitter:card\" content=\"summary_large_image\" \/>\n<meta name=\"twitter:label1\" content=\"Tempo di lettura stimato\" \/>\n\t<meta name=\"twitter:data1\" content=\"4 minuti\" \/>\n<script type=\"application\/ld+json\" class=\"yoast-schema-graph\">{\"@context\":\"https:\\\/\\\/schema.org\",\"@graph\":[{\"@type\":\"WebPage\",\"@id\":\"https:\\\/\\\/www.accuratereviews.com\\\/it\\\/gestionale-per-associazioni\\\/clubexpress-recensione\\\/\",\"url\":\"https:\\\/\\\/www.accuratereviews.com\\\/it\\\/gestionale-per-associazioni\\\/clubexpress-recensione\\\/\",\"name\":\"ClubExpress: recensione gestionale per associazioni - Accurate Reviews\",\"isPartOf\":{\"@id\":\"https:\\\/\\\/www.accuratereviews.com\\\/it\\\/#website\"},\"primaryImageOfPage\":{\"@id\":\"https:\\\/\\\/www.accuratereviews.com\\\/it\\\/gestionale-per-associazioni\\\/clubexpress-recensione\\\/#primaryimage\"},\"image\":{\"@id\":\"https:\\\/\\\/www.accuratereviews.com\\\/it\\\/gestionale-per-associazioni\\\/clubexpress-recensione\\\/#primaryimage\"},\"thumbnailUrl\":\"https:\\\/\\\/www.accuratereviews.com\\\/wp-content\\\/uploads\\\/2020\\\/02\\\/clubexpress.jpg\",\"datePublished\":\"2020-02-25T15:35:49+00:00\",\"dateModified\":\"2021-02-04T14:36:44+00:00\",\"description\":\"ClubExpress: recensione piattaforma digitale per lo svolgimento di compiti di gestione e operativi per club e associazioni.\",\"breadcrumb\":{\"@id\":\"https:\\\/\\\/www.accuratereviews.com\\\/it\\\/gestionale-per-associazioni\\\/clubexpress-recensione\\\/#breadcrumb\"},\"inLanguage\":\"it-IT\",\"potentialAction\":[{\"@type\":\"ReadAction\",\"target\":[\"https:\\\/\\\/www.accuratereviews.com\\\/it\\\/gestionale-per-associazioni\\\/clubexpress-recensione\\\/\"]}]},{\"@type\":\"ImageObject\",\"inLanguage\":\"it-IT\",\"@id\":\"https:\\\/\\\/www.accuratereviews.com\\\/it\\\/gestionale-per-associazioni\\\/clubexpress-recensione\\\/#primaryimage\",\"url\":\"https:\\\/\\\/www.accuratereviews.com\\\/wp-content\\\/uploads\\\/2020\\\/02\\\/clubexpress.jpg\",\"contentUrl\":\"https:\\\/\\\/www.accuratereviews.com\\\/wp-content\\\/uploads\\\/2020\\\/02\\\/clubexpress.jpg\",\"width\":1280,\"height\":720},{\"@type\":\"BreadcrumbList\",\"@id\":\"https:\\\/\\\/www.accuratereviews.com\\\/it\\\/gestionale-per-associazioni\\\/clubexpress-recensione\\\/#breadcrumb\",\"itemListElement\":[{\"@type\":\"ListItem\",\"position\":1,\"name\":\"Home\",\"item\":\"https:\\\/\\\/www.accuratereviews.com\\\/it\\\/\"},{\"@type\":\"ListItem\",\"position\":2,\"name\":\"Gestionale per associazioni\",\"item\":\"https:\\\/\\\/www.accuratereviews.com\\\/it\\\/gestionale-per-associazioni\\\/\"},{\"@type\":\"ListItem\",\"position\":3,\"name\":\"ClubExpress\"}]},{\"@type\":\"WebSite\",\"@id\":\"https:\\\/\\\/www.accuratereviews.com\\\/it\\\/#website\",\"url\":\"https:\\\/\\\/www.accuratereviews.com\\\/it\\\/\",\"name\":\"Accurate Reviews\",\"description\":\"\",\"potentialAction\":[{\"@type\":\"SearchAction\",\"target\":{\"@type\":\"EntryPoint\",\"urlTemplate\":\"https:\\\/\\\/www.accuratereviews.com\\\/it\\\/?s={search_term_string}\"},\"query-input\":{\"@type\":\"PropertyValueSpecification\",\"valueRequired\":true,\"valueName\":\"search_term_string\"}}],\"inLanguage\":\"it-IT\"}]}<\/script>\n<!-- \/ Yoast SEO plugin. -->","yoast_head_json":{"title":"ClubExpress: recensione gestionale per associazioni - Accurate Reviews","description":"ClubExpress: recensione piattaforma digitale per lo svolgimento di compiti di gestione e operativi per club e associazioni.","robots":{"index":"index","follow":"follow","max-snippet":"max-snippet:-1","max-image-preview":"max-image-preview:large","max-video-preview":"max-video-preview:-1"},"canonical":"https:\/\/www.accuratereviews.com\/it\/gestionale-per-associazioni\/clubexpress-recensione\/","og_locale":"it_IT","og_type":"article","og_title":"ClubExpress: recensione gestionale per associazioni - Accurate Reviews","og_description":"ClubExpress: recensione piattaforma digitale per lo svolgimento di compiti di gestione e operativi per club e associazioni.","og_url":"https:\/\/www.accuratereviews.com\/it\/gestionale-per-associazioni\/clubexpress-recensione\/","og_site_name":"Accurate Reviews","article_modified_time":"2021-02-04T14:36:44+00:00","og_image":[{"width":1280,"height":720,"url":"https:\/\/www.accuratereviews.com\/wp-content\/uploads\/2020\/02\/clubexpress.jpg","type":"image\/jpeg"}],"twitter_card":"summary_large_image","twitter_misc":{"Tempo di lettura stimato":"4 minuti"},"schema":{"@context":"https:\/\/schema.org","@graph":[{"@type":"WebPage","@id":"https:\/\/www.accuratereviews.com\/it\/gestionale-per-associazioni\/clubexpress-recensione\/","url":"https:\/\/www.accuratereviews.com\/it\/gestionale-per-associazioni\/clubexpress-recensione\/","name":"ClubExpress: recensione gestionale per associazioni - Accurate Reviews","isPartOf":{"@id":"https:\/\/www.accuratereviews.com\/it\/#website"},"primaryImageOfPage":{"@id":"https:\/\/www.accuratereviews.com\/it\/gestionale-per-associazioni\/clubexpress-recensione\/#primaryimage"},"image":{"@id":"https:\/\/www.accuratereviews.com\/it\/gestionale-per-associazioni\/clubexpress-recensione\/#primaryimage"},"thumbnailUrl":"https:\/\/www.accuratereviews.com\/wp-content\/uploads\/2020\/02\/clubexpress.jpg","datePublished":"2020-02-25T15:35:49+00:00","dateModified":"2021-02-04T14:36:44+00:00","description":"ClubExpress: recensione piattaforma digitale per lo svolgimento di compiti di gestione e operativi per club e associazioni.","breadcrumb":{"@id":"https:\/\/www.accuratereviews.com\/it\/gestionale-per-associazioni\/clubexpress-recensione\/#breadcrumb"},"inLanguage":"it-IT","potentialAction":[{"@type":"ReadAction","target":["https:\/\/www.accuratereviews.com\/it\/gestionale-per-associazioni\/clubexpress-recensione\/"]}]},{"@type":"ImageObject","inLanguage":"it-IT","@id":"https:\/\/www.accuratereviews.com\/it\/gestionale-per-associazioni\/clubexpress-recensione\/#primaryimage","url":"https:\/\/www.accuratereviews.com\/wp-content\/uploads\/2020\/02\/clubexpress.jpg","contentUrl":"https:\/\/www.accuratereviews.com\/wp-content\/uploads\/2020\/02\/clubexpress.jpg","width":1280,"height":720},{"@type":"BreadcrumbList","@id":"https:\/\/www.accuratereviews.com\/it\/gestionale-per-associazioni\/clubexpress-recensione\/#breadcrumb","itemListElement":[{"@type":"ListItem","position":1,"name":"Home","item":"https:\/\/www.accuratereviews.com\/it\/"},{"@type":"ListItem","position":2,"name":"Gestionale per associazioni","item":"https:\/\/www.accuratereviews.com\/it\/gestionale-per-associazioni\/"},{"@type":"ListItem","position":3,"name":"ClubExpress"}]},{"@type":"WebSite","@id":"https:\/\/www.accuratereviews.com\/it\/#website","url":"https:\/\/www.accuratereviews.com\/it\/","name":"Accurate Reviews","description":"","potentialAction":[{"@type":"SearchAction","target":{"@type":"EntryPoint","urlTemplate":"https:\/\/www.accuratereviews.com\/it\/?s={search_term_string}"},"query-input":{"@type":"PropertyValueSpecification","valueRequired":true,"valueName":"search_term_string"}}],"inLanguage":"it-IT"}]}},"_links":{"self":[{"href":"https:\/\/www.accuratereviews.com\/it\/wp-json\/wp\/v2\/pages\/23693","targetHints":{"allow":["GET"]}}],"collection":[{"href":"https:\/\/www.accuratereviews.com\/it\/wp-json\/wp\/v2\/pages"}],"about":[{"href":"https:\/\/www.accuratereviews.com\/it\/wp-json\/wp\/v2\/types\/page"}],"author":[{"embeddable":true,"href":"https:\/\/www.accuratereviews.com\/it\/wp-json\/wp\/v2\/users\/19"}],"replies":[{"embeddable":true,"href":"https:\/\/www.accuratereviews.com\/it\/wp-json\/wp\/v2\/comments?post=23693"}],"version-history":[{"count":10,"href":"https:\/\/www.accuratereviews.com\/it\/wp-json\/wp\/v2\/pages\/23693\/revisions"}],"predecessor-version":[{"id":36798,"href":"https:\/\/www.accuratereviews.com\/it\/wp-json\/wp\/v2\/pages\/23693\/revisions\/36798"}],"up":[{"embeddable":true,"href":"https:\/\/www.accuratereviews.com\/it\/wp-json\/wp\/v2\/pages\/35837"}],"wp:featuredmedia":[{"embeddable":true,"href":"https:\/\/www.accuratereviews.com\/it\/wp-json\/wp\/v2\/media\/23710"}],"wp:attachment":[{"href":"https:\/\/www.accuratereviews.com\/it\/wp-json\/wp\/v2\/media?parent=23693"}],"wp:term":[{"taxonomy":"category","embeddable":true,"href":"https:\/\/www.accuratereviews.com\/it\/wp-json\/wp\/v2\/categories?post=23693"},{"taxonomy":"post_tag","embeddable":true,"href":"https:\/\/www.accuratereviews.com\/it\/wp-json\/wp\/v2\/tags?post=23693"},{"taxonomy":"features","embeddable":true,"href":"https:\/\/www.accuratereviews.com\/it\/wp-json\/wp\/v2\/features?post=23693"}],"curies":[{"name":"wp","href":"https:\/\/api.w.org\/{rel}","templated":true}]}}