{"id":23729,"date":"2020-02-26T16:31:20","date_gmt":"2020-02-26T16:31:20","guid":{"rendered":"https:\/\/www.accuratereviews.com\/?page_id=23729"},"modified":"2021-02-05T09:13:30","modified_gmt":"2021-02-05T09:13:30","slug":"starchapter-recensione","status":"publish","type":"page","link":"https:\/\/www.accuratereviews.com\/it\/gestionale-per-associazioni\/starchapter-recensione\/","title":{"rendered":"StarChapter"},"content":{"rendered":"<p><strong>StarChapter<\/strong> \u00e8 un <strong>servizio di gestione delle associazioni<\/strong> progettato per fornire un set di funzionalit\u00e0 completo, un buon supporto e un&#8217;esperienza utente positiva per amministratori e membri di club.\u00a0Il set di funzionalit\u00e0 del programma \u00e8 composto da una dashboard di amministrazione molto intuitiva. Include strumenti che semplificano le attivit\u00e0 di gestione dell&#8217;organizzazione su appartenenza, eventi, sito web e contenuti, email, newsletter, sondaggi e gerarchia organizzativa senza scopo di lucro.\u00a0<strong>StarChapter<\/strong> rende la pianificazione degli eventi, la gestione delle appartenenze e altri processi facili e veloci. Gli amministratori possono facilmente e rapidamente convocare riunioni, inviare informazioni sugli eventi e pubblicare annunci.<\/p>\n<h2>STARCHAPTER &#8211; TUTORIAL<\/h2>\n<p>Il tutorial ci far\u00e0 scoprire come creare un sito internet utilizzando questa soluzione di<strong> gestione per associazioni<\/strong>:<\/p>\n<div id=\"fluid-wrapper-counter-1\" class=\"g1-fluid-wrapper \" style=\"width:686px;\">\n<div style=\"padding-bottom:56.268221574344%;\"><iframe loading=\"lazy\" title=\"Easily create a website for your association with StarChapter | association management\" width=\"686\" height=\"386\" src=\"https:\/\/www.youtube.com\/embed\/fbti1CIVWok?list=PLQdp0FpIhN1Bwi01bTdzAHCuA482Kkl_y\" frameborder=\"0\" allow=\"accelerometer; autoplay; clipboard-write; encrypted-media; gyroscope; picture-in-picture\" allowfullscreen><\/iframe><\/div>\n<\/div>\n<h3>STARCHAPTER &#8211; CARATTERISTICHE<\/h3>\n<ul>\n<li><strong>Registrazione dell&#8217;evento<\/strong>: utilizza il software per gestire l&#8217;intero ciclo di registrazione dell&#8217;evento in un&#8217;unica posizione. Imposta le informazioni sull&#8217;evento da visualizzare sul sito, gli inviti via email e i prezzi dei biglietti. I moduli di registrazione semplici ma dall&#8217;aspetto professionale integrati nel tuo sito web rendono l&#8217;intero processo un gioco da ragazzi. Puoi anche tenere traccia di registrazioni, mancate presentazioni, cancellazioni, entrate, conteggi di membri e ospiti, stampare badge, inviare fatture e ricevute e persino gestire walk-in<\/li>\n<li><strong>Soci:<\/strong> mantieni i dati membri aggiornati e precisi. \u00c8 possibile tenere traccia e inviare dichiarazioni per ricevute o commissioni dovute per quote o riunioni precedenti. Inoltre, puoi persino raggruppare o segmentare i record di membri e non membri in tipo di attivit\u00e0, tipo di comitato e altro ancora, tutto con il sistema di gestione delle iscrizioni<\/li>\n<li><strong>Comunicazione:<\/strong> invia newsletter, inviti a eventi, sondaggi, promemoria di quote o benvenuto a nuovi membri in pochi minuti utilizzando la gestione dei contenuti della newsletter dell&#8217;associazione<\/li>\n<li>\u00a0<strong>Gestione di siti web e contenuti<\/strong>: padroneggia il tuo nuovo sito web. Personalizza il sito per adattarlo ai tuoi associati. Includi diversi tipi di strumenti di gestione dei contenuti come blog, forum, moduli, video \/ foto e molto altro<\/li>\n<li><strong>eCommerce:<\/strong> crea un negozio online per vendere articoli o addebitare commissioni sulle riunioni per aumentare le entrate dell&#8217;associazione. Puoi gestire in modo sicuro l&#8217;elaborazione dei pagamenti, completamente integrata nel tuo sito web<\/li>\n<li><strong>Amministrazione<\/strong>: Consentire a diversi utenti di utilizzare il software in base ai loro ruoli, compiti e responsabilit\u00e0. Che tu sia un presidente o un tesoriere, un AMC o un amministratore, troverai gli strumenti e i rapporti giusti per rendere il tuo lavoro molto pi\u00f9 semplice e ottenere risultati duraturi<\/li>\n<\/ul>\n<h4>LE RECENSIONI DEGLI UTENTI<\/h4>\n<h4>Debbie R. &#8220;Grande valore e facile da usare per le associazioni di capitoli&#8221;<\/h4>\n<p><strong>Commenti<\/strong>: Uso Star Chapter da 10 anni. In questo periodo le cose sono migliorate e pi\u00f9 facili da usare. \u00c8 importante che le associazioni di piccoli capitoli con pi\u00f9 volontari rendano qualcosa di semplice che possano usare e quindi lo utilizzino effettivamente per fare le cose. Sono l&#8217;unica persona del personale retribuito per le mie associazioni, quindi \u00e8 fantastico avere il supporto e l&#8217;aiuto con i miei comitati.<\/p>\n<p><strong>Vantaggi<\/strong>: \u00e8 semplice e hai il sito web \/ database \/ dati finanziari \/ sondaggi \/ email tutto in uno.<\/p>\n<p><strong>Inconvenienti<\/strong>: il sistema di posta elettronica non \u00e8 carino e ha troppi modelli nascosti \/ sepolti per l&#8217;aggiornamento. Renderlo pi\u00f9 simile a un contatto costante e non ho pi\u00f9 lamentele. Lo adoro<\/p>\n<h4>Francesca R. &#8220;La mia recensione&#8221;<\/h4>\n<p><strong>Commenti<\/strong>: Come notato nei miei precedenti commenti, nel complesso c&#8217;\u00e8 un grande valore per il software, ma sono preoccupato che io e i miei clienti dovremo iniziare a cercare altri prodotti per soddisfare le nostre necessit\u00e0 se alcuni miglioramenti delle funzionalit\u00e0 non iniziano a essere creati. Sembra che il prodotto sia stagnante.<\/p>\n<p><strong>Vantaggi<\/strong>: mi piace la facilit\u00e0 d&#8217;uso e la connessione di tutti i segmenti del software. Il prodotto offre anche molte funzioni per il prezzo che lo rende una vendita facile ai nostri clienti dal punto di vista del valore.<\/p>\n<p><strong>Inconvenienti<\/strong>: alcuni oggetti sono poco agili come potrebbero essere. Sento anche che starchapter ha smesso di sviluppare miglioramenti o miglioramenti al di fuori dei modelli di siti web che vendono a pagamento. Mi piacerebbe vedere rapporti pi\u00f9 solidi o la capacit\u00e0 di creare rapporti ad hoc, funzionalit\u00e0 migliorate sugli eventi per quanto riguarda codici promozionali \/ sconti, regolazione delle informazioni \/ sostituzioni dei registranti e funzionalit\u00e0 pi\u00f9 robuste con il sistema di eblasting.<\/p>\n<h4>Lillian C. &#8220;Miglior aggiornamento per il nostro capitolo&#8221;<\/h4>\n<p><strong>Commenti<\/strong>: La mia esperienza \u00e8 stata fantastica! Dalla prima chiamata a cui sono state fornite risposte alle mie domande, impostazione di tutto, base di conoscenza e assistenza quando non riesco a trovare le risposte alle mie domande, \u00e8 stato un processo molto semplice. Sono molto contento della nostra selezione e non ci vedono passare da questa piattaforma.<\/p>\n<p><strong>Vantaggi<\/strong>: essere in grado di avere una pagina Member Manager, una configurazione pi\u00f9 semplice per eventi, sistema di fatturazione e piattaforma di comunicazione. Questi erano tutti pezzi mancanti in precedenza. StarChapter ha contribuito a rendere quasi tutto pi\u00f9 semplice.<\/p>\n<p><strong>Inconvenienti<\/strong>: pu\u00f2 essere difficile aggiornare alcune cose. Ad esempio: ottenere l&#8217;indirizzo corretto da visualizzare nelle fatture (o ottenerlo nelle fatture). Deve essere aggiornato in tre luoghi diversi. Sarebbe bello se tu potessi cambiarlo in un punto (ad esempio nelle impostazioni) e farlo alimentare agli altri. Inoltre, sembra esserci una disconnessione sul lato di accesso del membro. Quando un contatto principale rinnova l&#8217;iscrizione, non rinnova nessun altro con loro. Non sono sicuro di come risolverlo, ma non \u00e8 stato ancora un grosso problema che deve essere risolto. Solo una cosa di convenienza.<\/p>\n","protected":false},"excerpt":{"rendered":"<p>StarChapter \u00e8 un servizio di gestione delle associazioni progettato per fornire un set di funzionalit\u00e0 completo, un buon supporto e un&#8217;esperienza utente positiva per amministratori e membri di club.\u00a0Il set di funzionalit\u00e0 del programma \u00e8 composto da una dashboard di amministrazione molto intuitiva.<\/p>\n","protected":false},"author":19,"featured_media":23733,"parent":35837,"menu_order":0,"comment_status":"open","ping_status":"closed","template":"g1_template_page_review_new.php","meta":{"_acf_changed":false,"cwp_meta_box_check":"Yes","cwp_rev_product_name":"","cwp_rev_product_image":"","wppr_links":[],"cwp_rev_price":"","wppr_options":[],"wppr_pros":[],"wppr_cons":[],"_monsterinsights_skip_tracking":false,"_monsterinsights_sitenote_active":false,"_monsterinsights_sitenote_note":"","_monsterinsights_sitenote_category":0,"footnotes":""},"categories":[1943],"tags":[1944,396,1423,2008,1947,1948,2053],"features":[],"class_list":{"0":"post-23729","1":"page","2":"type-page","3":"status-publish","4":"has-post-thumbnail","6":"category-gestionale-per-associazioni-categoria","7":"tag-association-management-software","8":"tag-cloud","9":"tag-creazione-siti","10":"tag-piattaforma-gestionale-associazioni","11":"tag-software-gestionale-associazioni","12":"tag-soluzione-gestionale-associazioni","13":"tag-starchapter"},"wppr_data":{"cwp_meta_box_check":"Yes","cwp_rev_product_name":"","cwp_rev_product_image":"","cwp_image_link":"image","cwp_rev_price":"","wppr_rating":"0.00"},"acf":[],"yoast_head":"<!-- This site is optimized with the Yoast SEO plugin v27.4 - https:\/\/yoast.com\/product\/yoast-seo-wordpress\/ -->\n<title>StarChapter: recensione gestionale per associazioni - Accurate Reviews<\/title>\n<meta name=\"description\" content=\"StarChapter: recensione servizio di gestione associazioni progettato per fornire un set di funzionalit\u00e0 complete e semplici da usare.\" \/>\n<meta name=\"robots\" content=\"index, follow, max-snippet:-1, max-image-preview:large, max-video-preview:-1\" \/>\n<link rel=\"canonical\" href=\"https:\/\/www.accuratereviews.com\/it\/gestionale-per-associazioni\/starchapter-recensione\/\" \/>\n<meta property=\"og:locale\" content=\"it_IT\" \/>\n<meta property=\"og:type\" content=\"article\" \/>\n<meta property=\"og:title\" content=\"StarChapter: recensione gestionale per associazioni - Accurate Reviews\" \/>\n<meta property=\"og:description\" content=\"StarChapter: recensione servizio di gestione associazioni progettato per fornire un set di funzionalit\u00e0 complete e semplici da usare.\" \/>\n<meta property=\"og:url\" content=\"https:\/\/www.accuratereviews.com\/it\/gestionale-per-associazioni\/starchapter-recensione\/\" \/>\n<meta property=\"og:site_name\" content=\"Accurate Reviews\" \/>\n<meta property=\"article:modified_time\" content=\"2021-02-05T09:13:30+00:00\" \/>\n<meta property=\"og:image\" content=\"https:\/\/www.accuratereviews.com\/wp-content\/uploads\/2020\/02\/STAR2.png\" \/>\n\t<meta property=\"og:image:width\" content=\"960\" \/>\n\t<meta property=\"og:image:height\" content=\"336\" \/>\n\t<meta property=\"og:image:type\" content=\"image\/png\" \/>\n<meta name=\"twitter:card\" content=\"summary_large_image\" \/>\n<meta name=\"twitter:label1\" content=\"Tempo di lettura stimato\" \/>\n\t<meta name=\"twitter:data1\" content=\"5 minuti\" \/>\n<script type=\"application\/ld+json\" class=\"yoast-schema-graph\">{\"@context\":\"https:\\\/\\\/schema.org\",\"@graph\":[{\"@type\":\"WebPage\",\"@id\":\"https:\\\/\\\/www.accuratereviews.com\\\/it\\\/gestionale-per-associazioni\\\/starchapter-recensione\\\/\",\"url\":\"https:\\\/\\\/www.accuratereviews.com\\\/it\\\/gestionale-per-associazioni\\\/starchapter-recensione\\\/\",\"name\":\"StarChapter: recensione gestionale per associazioni - Accurate Reviews\",\"isPartOf\":{\"@id\":\"https:\\\/\\\/www.accuratereviews.com\\\/it\\\/#website\"},\"primaryImageOfPage\":{\"@id\":\"https:\\\/\\\/www.accuratereviews.com\\\/it\\\/gestionale-per-associazioni\\\/starchapter-recensione\\\/#primaryimage\"},\"image\":{\"@id\":\"https:\\\/\\\/www.accuratereviews.com\\\/it\\\/gestionale-per-associazioni\\\/starchapter-recensione\\\/#primaryimage\"},\"thumbnailUrl\":\"https:\\\/\\\/www.accuratereviews.com\\\/wp-content\\\/uploads\\\/2020\\\/02\\\/STAR2.png\",\"datePublished\":\"2020-02-26T16:31:20+00:00\",\"dateModified\":\"2021-02-05T09:13:30+00:00\",\"description\":\"StarChapter: recensione servizio di gestione associazioni progettato per fornire un set di funzionalit\u00e0 complete e semplici da usare.\",\"breadcrumb\":{\"@id\":\"https:\\\/\\\/www.accuratereviews.com\\\/it\\\/gestionale-per-associazioni\\\/starchapter-recensione\\\/#breadcrumb\"},\"inLanguage\":\"it-IT\",\"potentialAction\":[{\"@type\":\"ReadAction\",\"target\":[\"https:\\\/\\\/www.accuratereviews.com\\\/it\\\/gestionale-per-associazioni\\\/starchapter-recensione\\\/\"]}]},{\"@type\":\"ImageObject\",\"inLanguage\":\"it-IT\",\"@id\":\"https:\\\/\\\/www.accuratereviews.com\\\/it\\\/gestionale-per-associazioni\\\/starchapter-recensione\\\/#primaryimage\",\"url\":\"https:\\\/\\\/www.accuratereviews.com\\\/wp-content\\\/uploads\\\/2020\\\/02\\\/STAR2.png\",\"contentUrl\":\"https:\\\/\\\/www.accuratereviews.com\\\/wp-content\\\/uploads\\\/2020\\\/02\\\/STAR2.png\",\"width\":960,\"height\":336},{\"@type\":\"BreadcrumbList\",\"@id\":\"https:\\\/\\\/www.accuratereviews.com\\\/it\\\/gestionale-per-associazioni\\\/starchapter-recensione\\\/#breadcrumb\",\"itemListElement\":[{\"@type\":\"ListItem\",\"position\":1,\"name\":\"Home\",\"item\":\"https:\\\/\\\/www.accuratereviews.com\\\/it\\\/\"},{\"@type\":\"ListItem\",\"position\":2,\"name\":\"Gestionale per associazioni\",\"item\":\"https:\\\/\\\/www.accuratereviews.com\\\/it\\\/gestionale-per-associazioni\\\/\"},{\"@type\":\"ListItem\",\"position\":3,\"name\":\"StarChapter\"}]},{\"@type\":\"WebSite\",\"@id\":\"https:\\\/\\\/www.accuratereviews.com\\\/it\\\/#website\",\"url\":\"https:\\\/\\\/www.accuratereviews.com\\\/it\\\/\",\"name\":\"Accurate Reviews\",\"description\":\"\",\"potentialAction\":[{\"@type\":\"SearchAction\",\"target\":{\"@type\":\"EntryPoint\",\"urlTemplate\":\"https:\\\/\\\/www.accuratereviews.com\\\/it\\\/?s={search_term_string}\"},\"query-input\":{\"@type\":\"PropertyValueSpecification\",\"valueRequired\":true,\"valueName\":\"search_term_string\"}}],\"inLanguage\":\"it-IT\"}]}<\/script>\n<!-- \/ Yoast SEO plugin. -->","yoast_head_json":{"title":"StarChapter: recensione gestionale per associazioni - Accurate Reviews","description":"StarChapter: recensione servizio di gestione associazioni progettato per fornire un set di funzionalit\u00e0 complete e semplici da usare.","robots":{"index":"index","follow":"follow","max-snippet":"max-snippet:-1","max-image-preview":"max-image-preview:large","max-video-preview":"max-video-preview:-1"},"canonical":"https:\/\/www.accuratereviews.com\/it\/gestionale-per-associazioni\/starchapter-recensione\/","og_locale":"it_IT","og_type":"article","og_title":"StarChapter: recensione gestionale per associazioni - Accurate Reviews","og_description":"StarChapter: recensione servizio di gestione associazioni progettato per fornire un set di funzionalit\u00e0 complete e semplici da usare.","og_url":"https:\/\/www.accuratereviews.com\/it\/gestionale-per-associazioni\/starchapter-recensione\/","og_site_name":"Accurate Reviews","article_modified_time":"2021-02-05T09:13:30+00:00","og_image":[{"width":960,"height":336,"url":"https:\/\/www.accuratereviews.com\/wp-content\/uploads\/2020\/02\/STAR2.png","type":"image\/png"}],"twitter_card":"summary_large_image","twitter_misc":{"Tempo di lettura stimato":"5 minuti"},"schema":{"@context":"https:\/\/schema.org","@graph":[{"@type":"WebPage","@id":"https:\/\/www.accuratereviews.com\/it\/gestionale-per-associazioni\/starchapter-recensione\/","url":"https:\/\/www.accuratereviews.com\/it\/gestionale-per-associazioni\/starchapter-recensione\/","name":"StarChapter: recensione gestionale per associazioni - Accurate Reviews","isPartOf":{"@id":"https:\/\/www.accuratereviews.com\/it\/#website"},"primaryImageOfPage":{"@id":"https:\/\/www.accuratereviews.com\/it\/gestionale-per-associazioni\/starchapter-recensione\/#primaryimage"},"image":{"@id":"https:\/\/www.accuratereviews.com\/it\/gestionale-per-associazioni\/starchapter-recensione\/#primaryimage"},"thumbnailUrl":"https:\/\/www.accuratereviews.com\/wp-content\/uploads\/2020\/02\/STAR2.png","datePublished":"2020-02-26T16:31:20+00:00","dateModified":"2021-02-05T09:13:30+00:00","description":"StarChapter: recensione servizio di gestione associazioni progettato per fornire un set di funzionalit\u00e0 complete e semplici da usare.","breadcrumb":{"@id":"https:\/\/www.accuratereviews.com\/it\/gestionale-per-associazioni\/starchapter-recensione\/#breadcrumb"},"inLanguage":"it-IT","potentialAction":[{"@type":"ReadAction","target":["https:\/\/www.accuratereviews.com\/it\/gestionale-per-associazioni\/starchapter-recensione\/"]}]},{"@type":"ImageObject","inLanguage":"it-IT","@id":"https:\/\/www.accuratereviews.com\/it\/gestionale-per-associazioni\/starchapter-recensione\/#primaryimage","url":"https:\/\/www.accuratereviews.com\/wp-content\/uploads\/2020\/02\/STAR2.png","contentUrl":"https:\/\/www.accuratereviews.com\/wp-content\/uploads\/2020\/02\/STAR2.png","width":960,"height":336},{"@type":"BreadcrumbList","@id":"https:\/\/www.accuratereviews.com\/it\/gestionale-per-associazioni\/starchapter-recensione\/#breadcrumb","itemListElement":[{"@type":"ListItem","position":1,"name":"Home","item":"https:\/\/www.accuratereviews.com\/it\/"},{"@type":"ListItem","position":2,"name":"Gestionale per associazioni","item":"https:\/\/www.accuratereviews.com\/it\/gestionale-per-associazioni\/"},{"@type":"ListItem","position":3,"name":"StarChapter"}]},{"@type":"WebSite","@id":"https:\/\/www.accuratereviews.com\/it\/#website","url":"https:\/\/www.accuratereviews.com\/it\/","name":"Accurate Reviews","description":"","potentialAction":[{"@type":"SearchAction","target":{"@type":"EntryPoint","urlTemplate":"https:\/\/www.accuratereviews.com\/it\/?s={search_term_string}"},"query-input":{"@type":"PropertyValueSpecification","valueRequired":true,"valueName":"search_term_string"}}],"inLanguage":"it-IT"}]}},"_links":{"self":[{"href":"https:\/\/www.accuratereviews.com\/it\/wp-json\/wp\/v2\/pages\/23729","targetHints":{"allow":["GET"]}}],"collection":[{"href":"https:\/\/www.accuratereviews.com\/it\/wp-json\/wp\/v2\/pages"}],"about":[{"href":"https:\/\/www.accuratereviews.com\/it\/wp-json\/wp\/v2\/types\/page"}],"author":[{"embeddable":true,"href":"https:\/\/www.accuratereviews.com\/it\/wp-json\/wp\/v2\/users\/19"}],"replies":[{"embeddable":true,"href":"https:\/\/www.accuratereviews.com\/it\/wp-json\/wp\/v2\/comments?post=23729"}],"version-history":[{"count":8,"href":"https:\/\/www.accuratereviews.com\/it\/wp-json\/wp\/v2\/pages\/23729\/revisions"}],"predecessor-version":[{"id":36830,"href":"https:\/\/www.accuratereviews.com\/it\/wp-json\/wp\/v2\/pages\/23729\/revisions\/36830"}],"up":[{"embeddable":true,"href":"https:\/\/www.accuratereviews.com\/it\/wp-json\/wp\/v2\/pages\/35837"}],"wp:featuredmedia":[{"embeddable":true,"href":"https:\/\/www.accuratereviews.com\/it\/wp-json\/wp\/v2\/media\/23733"}],"wp:attachment":[{"href":"https:\/\/www.accuratereviews.com\/it\/wp-json\/wp\/v2\/media?parent=23729"}],"wp:term":[{"taxonomy":"category","embeddable":true,"href":"https:\/\/www.accuratereviews.com\/it\/wp-json\/wp\/v2\/categories?post=23729"},{"taxonomy":"post_tag","embeddable":true,"href":"https:\/\/www.accuratereviews.com\/it\/wp-json\/wp\/v2\/tags?post=23729"},{"taxonomy":"features","embeddable":true,"href":"https:\/\/www.accuratereviews.com\/it\/wp-json\/wp\/v2\/features?post=23729"}],"curies":[{"name":"wp","href":"https:\/\/api.w.org\/{rel}","templated":true}]}}