{"id":23754,"date":"2020-02-26T16:30:12","date_gmt":"2020-02-26T16:30:12","guid":{"rendered":"https:\/\/www.accuratereviews.com\/?page_id=23754"},"modified":"2021-02-05T09:30:49","modified_gmt":"2021-02-05T09:30:49","slug":"memberclicks-recensione","status":"publish","type":"page","link":"https:\/\/www.accuratereviews.com\/it\/gestionale-per-associazioni\/memberclicks-recensione\/","title":{"rendered":"MemberClicks"},"content":{"rendered":"<p><strong>MemberClicks<\/strong> \u00e8 un software di<strong> gestione all-in-one online<\/strong> destinato ad associazioni e organizzazioni no profit. Fornisce strumenti e funzioni per amministrare e semplificare i processi relativi al database dei membri, alle domande e ai rinnovi delle quote, alla registrazione degli eventi. Inoltre organizza la gestione del sito web e dei contenuti degli associati, il coinvolgimento e al networking dei membri, all&#8217;elaborazione della contabilit\u00e0 e dei pagamenti, nonch\u00e9 al marketing e alla reportistica.\u00a0La soluzione pu\u00f2 essere personalizzata per soddisfare esigenze particolari di piccole organizzazioni. Il networking privato con i membri consente loro di stabilire connessioni <strong>peer-to-peer,<\/strong> condividere rapidamente informazioni e foto con gruppi di interesse tramite cerchie create dall&#8217;utente attraverso gallerie fotografiche di profilo complete. Con <strong>MemberClicks <\/strong>puoi ospitare il tuo blog di associazione, integrato con il tuo sito e database per consentire vari livelli di accesso e opzioni per commentare, moderare e taggare i post.<\/p>\n<h2>MEMBERCLICKS &#8211; TUTORIAL<\/h2>\n<p>Ecco un tutorial in cui si illustrano i principali funzioni come creare\u00a0il profilo del tuo membro, la sezione dei comitati, le informazioni sugli eventi e molto altro:<\/p>\n<div id=\"fluid-wrapper-counter-1\" class=\"g1-fluid-wrapper \" style=\"width:686px;\">\n<div style=\"padding-bottom:56.268221574344%;\"><iframe loading=\"lazy\" title=\"Introduction to MemberClicks\" width=\"686\" height=\"386\" src=\"https:\/\/www.youtube.com\/embed\/TrdNqNjmL3E?feature=oembed&amp;wmode=transparent&amp;autohide=1&amp;autoplay=0&amp;disablekb=0&amp;fs=1&amp;loop=0&amp;enablejsapi=1&amp;rel=0&amp;controls=2&amp;showinfo=0&amp;wmode=transparent&amp;autohide=2&amp;autoplay=0&amp;disablekb=0&amp;fs=1&amp;loop=0&amp;enablejsapi=1&amp;rel=0&amp;controls=2&amp;showinfo=1\" frameborder=\"0\" allow=\"accelerometer; autoplay; clipboard-write; encrypted-media; gyroscope; picture-in-picture\" allowfullscreen><\/iframe><\/div>\n<\/div>\n<h3>MEMBERCLICKS &#8211; CARATTERISTICHE<\/h3>\n<ul>\n<li>Amministra le iscrizioni, eventi, sito web, email e molto altro in un unico sistema su misura per le associazioni<\/li>\n<li>Visualizza rapidamente l&#8217;avanzamento del rinnovo delle quote<\/li>\n<li>Ottimizza gli eventi raccogliendo le registrazioni, accettando gli invii, offrendo un&#8217;app per conferenze ai tuoi partecipanti e altro ancora<\/li>\n<li>Configura, automatizza e traccia le finanze con molteplici integrazioni contabili. (QuickBooks e Intaact, ad esempio)<\/li>\n<li>Gestisci un numero illimitato di profili in una o pi\u00f9 gerarchie o entit\u00e0<\/li>\n<li>Generare e condividere report completi su membri, eventi, entrate e altro<\/li>\n<li>Crea moduli illimitati con campi personalizzati<\/li>\n<li>Gli utenti hanno la possibilit\u00e0 di registrarsi, effettuare pagamenti online e ricevere notifiche di conferma automatizzate e personalizzate<\/li>\n<li>Abilita la registrazione per sessioni di approfondimento su un unico modulo<\/li>\n<li>Consenti registrazioni di gruppo da un singolo registrante<\/li>\n<li>Archivia tutti i tuoi dati in un database online sicuro<\/li>\n<li>Visualizza i dashboard degli eventi che forniscono informazioni rapide su registrazioni, entrate e riepiloghi di selezione dei moduli o genera rapporti personalizzati sugli eventi<\/li>\n<li>Accedere e gestire le ricevute e la registrazione per le informazioni di pagamento, nonch\u00e9 avere la possibilit\u00e0 di rivedere le informazioni sulle transazioni nel nostro database<\/li>\n<li>Consentire agli amministratori la possibilit\u00e0 di visualizzare il numero di invii di moduli in corso e il potere di contattare direttamente tali utenti per incoraggiare il completamento del modulo<\/li>\n<li>Abilita early bird e altri livelli tariffari basati sulla data che si applicano automaticamente quando la data passa<\/li>\n<\/ul>\n<h4>LE RECENSIONI DEGLI UTENTI<\/h4>\n<h4>Sarah B. &#8220;Database di appartenenza &#8211; Non eCommerce&#8221;<\/h4>\n<p><strong>Commenti<\/strong>: Stiamo risolvendo una variet\u00e0 di problemi con MemberClicks, principalmente monitorando le iscrizioni e ci\u00f2 a cui possono accedere attraverso il nostro sito web \u00e8 ci\u00f2 che funziona meglio. Il tempo di aggiornamento (per quando qualcuno si rinnova e il suo accesso viene ridistribuito solo ai contenuti dei membri) \u00e8 abbastanza veloce, rendendo facile per qualcuno rinnovare e accedere rapidamente a tutti i contenuti dei membri.<\/p>\n<p><strong>Vantaggi<\/strong>: MemberClicks funziona molto bene come database di appartenenza. \u00c8 facile rintracciare i nostri membri, quando scadono, se hanno pagato le quote, ecc. \u00c8 anche facile vedere quanti soldi hai guadagnato dalle quote associative. Inoltre, il loro strumento di forma \u00e8 abbastanza semplice da usare e potente se sai cosa stai facendo.<\/p>\n<p><strong>Inconvenienti<\/strong>: MemberClicks ha molte funzionalit\u00e0 che non funzionano come potrebbero. Non lo userei per nient&#8217;altro che appartenenza e tracciamento dei dati generali.<\/p>\n<h4>Mande A. &#8220;MemberClicks ha funzionato bene&#8221;<\/h4>\n<p><strong>Commenti<\/strong>: Overall MemberClicks \u00e8 stato un ottimo software. Sappiamo che tutti i programmi software hanno le loro stranezze, pro e contro, quindi non \u00e8 stato un grosso problema poich\u00e9 abbiamo imparato a risolvere ci\u00f2 di cui abbiamo bisogno.<\/p>\n<p><strong>Vantaggi<\/strong>: All&#8217;epoca in cui avevamo acquistato MemberClicks era una delle tecnologie all&#8217;avanguardia per Chambers. Ci \u00e8 servito bene negli ultimi 9 anni.<\/p>\n<p><strong>Inconvenienti<\/strong>: la parte del sito web \u00e8 diventata obsoleta abbastanza rapidamente e non possiamo fare alcun aggiornamento reale senza pagare una somma significativamente grande per ottenere il software pi\u00f9 recente. Il lato del software di gestione non fa sempre quello che voglio.<\/p>\n<h4>Lashea C. &#8220;Software straordinario e servizio clienti&#8221;<\/h4>\n<p><strong>Commenti<\/strong>: L&#8217;esperienza complessiva di My MemberClicks \u00e8 stata eccezionale! Tutto \u00e8 facile da usare dalla stampa delle nostre fatture alla creazione di elenchi di attivit\u00e0 commerciali! Il servizio clienti \u00e8 fantastico. Uso la funzione di chat e non ho dovuto aspettare molto per il servizio. Tutti sono gentili e gestiscono i miei problemi prontamente. [SENSITIVE CONTENT HIDDEN] mi ha aiutato con l&#8217;emissione della fatturazione l&#8217;altro giorno. Era cos\u00ec paziente nell&#8217;aiutarmi a risolvere il problema! Conosceva la risposta a tutte le mie domande e mi ha accompagnato nel processo! Grazie MemberClicks per avermi semplificato il lavoro! =)<\/p>\n<p><strong>Vantaggi<\/strong>: \u00e8 facile da usare! Adoro la scheda Rapporti! Mi piace poter chiedere report specifici! \u00c8 bello avere accesso anche ai video.<\/p>\n<p><strong>Inconvenienti<\/strong>: Non ho trovato nulla che non mi piaccia.<\/p>\n","protected":false},"excerpt":{"rendered":"<p>MemberClicks \u00e8 un software di gestione all-in-one online destinato ad associazioni e organizzazioni no profit. Fornisce strumenti e funzioni per amministrare e semplificare i processi relativi al database dei membri, alle domande e ai rinnovi delle quote, alla registrazione degli eventi. Inoltre organizza la gestione del sito web e dei contenuti degli associati, il coinvolgimento e al networking dei membri, all&#8217;elaborazione della contabilit\u00e0 e dei pagamenti, nonch\u00e9 al marketing e alla reportistica<\/p>\n","protected":false},"author":19,"featured_media":23759,"parent":35837,"menu_order":0,"comment_status":"open","ping_status":"closed","template":"g1_template_page_review_new.php","meta":{"_acf_changed":false,"cwp_meta_box_check":"Yes","cwp_rev_product_name":"","cwp_rev_product_image":"","wppr_links":[],"cwp_rev_price":"","wppr_options":[],"wppr_pros":[],"wppr_cons":[],"_monsterinsights_skip_tracking":false,"_monsterinsights_sitenote_active":false,"_monsterinsights_sitenote_note":"","_monsterinsights_sitenote_category":0,"footnotes":""},"categories":[1943],"tags":[1944,396,2061,2008,1947,1948],"features":[],"class_list":{"0":"post-23754","1":"page","2":"type-page","3":"status-publish","4":"has-post-thumbnail","6":"category-gestionale-per-associazioni-categoria","7":"tag-association-management-software","8":"tag-cloud","9":"tag-memberclicks","10":"tag-piattaforma-gestionale-associazioni","11":"tag-software-gestionale-associazioni","12":"tag-soluzione-gestionale-associazioni"},"wppr_data":{"cwp_meta_box_check":"Yes","cwp_rev_product_name":"","cwp_rev_product_image":"","cwp_image_link":"image","cwp_rev_price":"","wppr_rating":"0.00"},"acf":[],"yoast_head":"<!-- This site is optimized with the Yoast SEO plugin v27.4 - https:\/\/yoast.com\/product\/yoast-seo-wordpress\/ -->\n<title>MemberClicks: recensione gestionale per associazioni - Accurate Reviews<\/title>\n<meta name=\"description\" content=\"MemberClicks: recensione di questo software di gestione all-in-one online destinato ad associazioni e organizzazioni no profit.\" \/>\n<meta name=\"robots\" content=\"index, follow, max-snippet:-1, max-image-preview:large, max-video-preview:-1\" \/>\n<link rel=\"canonical\" href=\"https:\/\/www.accuratereviews.com\/it\/gestionale-per-associazioni\/memberclicks-recensione\/\" \/>\n<meta property=\"og:locale\" content=\"it_IT\" \/>\n<meta property=\"og:type\" content=\"article\" \/>\n<meta property=\"og:title\" content=\"MemberClicks: recensione gestionale per associazioni - Accurate Reviews\" \/>\n<meta property=\"og:description\" content=\"MemberClicks: recensione di questo software di gestione all-in-one online destinato ad associazioni e organizzazioni no profit.\" \/>\n<meta property=\"og:url\" content=\"https:\/\/www.accuratereviews.com\/it\/gestionale-per-associazioni\/memberclicks-recensione\/\" \/>\n<meta property=\"og:site_name\" content=\"Accurate Reviews\" \/>\n<meta property=\"article:modified_time\" content=\"2021-02-05T09:30:49+00:00\" \/>\n<meta property=\"og:image\" content=\"https:\/\/www.accuratereviews.com\/wp-content\/uploads\/2020\/02\/MemberClicks.png\" \/>\n\t<meta property=\"og:image:width\" content=\"1471\" \/>\n\t<meta property=\"og:image:height\" content=\"260\" \/>\n\t<meta property=\"og:image:type\" content=\"image\/png\" \/>\n<meta name=\"twitter:card\" content=\"summary_large_image\" \/>\n<meta name=\"twitter:label1\" content=\"Tempo di lettura stimato\" \/>\n\t<meta name=\"twitter:data1\" content=\"4 minuti\" \/>\n<script type=\"application\/ld+json\" class=\"yoast-schema-graph\">{\"@context\":\"https:\\\/\\\/schema.org\",\"@graph\":[{\"@type\":\"WebPage\",\"@id\":\"https:\\\/\\\/www.accuratereviews.com\\\/it\\\/gestionale-per-associazioni\\\/memberclicks-recensione\\\/\",\"url\":\"https:\\\/\\\/www.accuratereviews.com\\\/it\\\/gestionale-per-associazioni\\\/memberclicks-recensione\\\/\",\"name\":\"MemberClicks: recensione gestionale per associazioni - Accurate Reviews\",\"isPartOf\":{\"@id\":\"https:\\\/\\\/www.accuratereviews.com\\\/it\\\/#website\"},\"primaryImageOfPage\":{\"@id\":\"https:\\\/\\\/www.accuratereviews.com\\\/it\\\/gestionale-per-associazioni\\\/memberclicks-recensione\\\/#primaryimage\"},\"image\":{\"@id\":\"https:\\\/\\\/www.accuratereviews.com\\\/it\\\/gestionale-per-associazioni\\\/memberclicks-recensione\\\/#primaryimage\"},\"thumbnailUrl\":\"https:\\\/\\\/www.accuratereviews.com\\\/wp-content\\\/uploads\\\/2020\\\/02\\\/MemberClicks.png\",\"datePublished\":\"2020-02-26T16:30:12+00:00\",\"dateModified\":\"2021-02-05T09:30:49+00:00\",\"description\":\"MemberClicks: recensione di questo software di gestione all-in-one online destinato ad associazioni e organizzazioni no profit.\",\"breadcrumb\":{\"@id\":\"https:\\\/\\\/www.accuratereviews.com\\\/it\\\/gestionale-per-associazioni\\\/memberclicks-recensione\\\/#breadcrumb\"},\"inLanguage\":\"it-IT\",\"potentialAction\":[{\"@type\":\"ReadAction\",\"target\":[\"https:\\\/\\\/www.accuratereviews.com\\\/it\\\/gestionale-per-associazioni\\\/memberclicks-recensione\\\/\"]}]},{\"@type\":\"ImageObject\",\"inLanguage\":\"it-IT\",\"@id\":\"https:\\\/\\\/www.accuratereviews.com\\\/it\\\/gestionale-per-associazioni\\\/memberclicks-recensione\\\/#primaryimage\",\"url\":\"https:\\\/\\\/www.accuratereviews.com\\\/wp-content\\\/uploads\\\/2020\\\/02\\\/MemberClicks.png\",\"contentUrl\":\"https:\\\/\\\/www.accuratereviews.com\\\/wp-content\\\/uploads\\\/2020\\\/02\\\/MemberClicks.png\",\"width\":1471,\"height\":260},{\"@type\":\"BreadcrumbList\",\"@id\":\"https:\\\/\\\/www.accuratereviews.com\\\/it\\\/gestionale-per-associazioni\\\/memberclicks-recensione\\\/#breadcrumb\",\"itemListElement\":[{\"@type\":\"ListItem\",\"position\":1,\"name\":\"Home\",\"item\":\"https:\\\/\\\/www.accuratereviews.com\\\/it\\\/\"},{\"@type\":\"ListItem\",\"position\":2,\"name\":\"Gestionale per associazioni\",\"item\":\"https:\\\/\\\/www.accuratereviews.com\\\/it\\\/gestionale-per-associazioni\\\/\"},{\"@type\":\"ListItem\",\"position\":3,\"name\":\"MemberClicks\"}]},{\"@type\":\"WebSite\",\"@id\":\"https:\\\/\\\/www.accuratereviews.com\\\/it\\\/#website\",\"url\":\"https:\\\/\\\/www.accuratereviews.com\\\/it\\\/\",\"name\":\"Accurate Reviews\",\"description\":\"\",\"potentialAction\":[{\"@type\":\"SearchAction\",\"target\":{\"@type\":\"EntryPoint\",\"urlTemplate\":\"https:\\\/\\\/www.accuratereviews.com\\\/it\\\/?s={search_term_string}\"},\"query-input\":{\"@type\":\"PropertyValueSpecification\",\"valueRequired\":true,\"valueName\":\"search_term_string\"}}],\"inLanguage\":\"it-IT\"}]}<\/script>\n<!-- \/ Yoast SEO plugin. -->","yoast_head_json":{"title":"MemberClicks: recensione gestionale per associazioni - Accurate Reviews","description":"MemberClicks: recensione di questo software di gestione all-in-one online destinato ad associazioni e organizzazioni no profit.","robots":{"index":"index","follow":"follow","max-snippet":"max-snippet:-1","max-image-preview":"max-image-preview:large","max-video-preview":"max-video-preview:-1"},"canonical":"https:\/\/www.accuratereviews.com\/it\/gestionale-per-associazioni\/memberclicks-recensione\/","og_locale":"it_IT","og_type":"article","og_title":"MemberClicks: recensione gestionale per associazioni - Accurate Reviews","og_description":"MemberClicks: recensione di questo software di gestione all-in-one online destinato ad associazioni e organizzazioni no profit.","og_url":"https:\/\/www.accuratereviews.com\/it\/gestionale-per-associazioni\/memberclicks-recensione\/","og_site_name":"Accurate Reviews","article_modified_time":"2021-02-05T09:30:49+00:00","og_image":[{"width":1471,"height":260,"url":"https:\/\/www.accuratereviews.com\/wp-content\/uploads\/2020\/02\/MemberClicks.png","type":"image\/png"}],"twitter_card":"summary_large_image","twitter_misc":{"Tempo di lettura stimato":"4 minuti"},"schema":{"@context":"https:\/\/schema.org","@graph":[{"@type":"WebPage","@id":"https:\/\/www.accuratereviews.com\/it\/gestionale-per-associazioni\/memberclicks-recensione\/","url":"https:\/\/www.accuratereviews.com\/it\/gestionale-per-associazioni\/memberclicks-recensione\/","name":"MemberClicks: recensione gestionale per associazioni - Accurate Reviews","isPartOf":{"@id":"https:\/\/www.accuratereviews.com\/it\/#website"},"primaryImageOfPage":{"@id":"https:\/\/www.accuratereviews.com\/it\/gestionale-per-associazioni\/memberclicks-recensione\/#primaryimage"},"image":{"@id":"https:\/\/www.accuratereviews.com\/it\/gestionale-per-associazioni\/memberclicks-recensione\/#primaryimage"},"thumbnailUrl":"https:\/\/www.accuratereviews.com\/wp-content\/uploads\/2020\/02\/MemberClicks.png","datePublished":"2020-02-26T16:30:12+00:00","dateModified":"2021-02-05T09:30:49+00:00","description":"MemberClicks: recensione di questo software di gestione all-in-one online destinato ad associazioni e organizzazioni no profit.","breadcrumb":{"@id":"https:\/\/www.accuratereviews.com\/it\/gestionale-per-associazioni\/memberclicks-recensione\/#breadcrumb"},"inLanguage":"it-IT","potentialAction":[{"@type":"ReadAction","target":["https:\/\/www.accuratereviews.com\/it\/gestionale-per-associazioni\/memberclicks-recensione\/"]}]},{"@type":"ImageObject","inLanguage":"it-IT","@id":"https:\/\/www.accuratereviews.com\/it\/gestionale-per-associazioni\/memberclicks-recensione\/#primaryimage","url":"https:\/\/www.accuratereviews.com\/wp-content\/uploads\/2020\/02\/MemberClicks.png","contentUrl":"https:\/\/www.accuratereviews.com\/wp-content\/uploads\/2020\/02\/MemberClicks.png","width":1471,"height":260},{"@type":"BreadcrumbList","@id":"https:\/\/www.accuratereviews.com\/it\/gestionale-per-associazioni\/memberclicks-recensione\/#breadcrumb","itemListElement":[{"@type":"ListItem","position":1,"name":"Home","item":"https:\/\/www.accuratereviews.com\/it\/"},{"@type":"ListItem","position":2,"name":"Gestionale per associazioni","item":"https:\/\/www.accuratereviews.com\/it\/gestionale-per-associazioni\/"},{"@type":"ListItem","position":3,"name":"MemberClicks"}]},{"@type":"WebSite","@id":"https:\/\/www.accuratereviews.com\/it\/#website","url":"https:\/\/www.accuratereviews.com\/it\/","name":"Accurate Reviews","description":"","potentialAction":[{"@type":"SearchAction","target":{"@type":"EntryPoint","urlTemplate":"https:\/\/www.accuratereviews.com\/it\/?s={search_term_string}"},"query-input":{"@type":"PropertyValueSpecification","valueRequired":true,"valueName":"search_term_string"}}],"inLanguage":"it-IT"}]}},"_links":{"self":[{"href":"https:\/\/www.accuratereviews.com\/it\/wp-json\/wp\/v2\/pages\/23754","targetHints":{"allow":["GET"]}}],"collection":[{"href":"https:\/\/www.accuratereviews.com\/it\/wp-json\/wp\/v2\/pages"}],"about":[{"href":"https:\/\/www.accuratereviews.com\/it\/wp-json\/wp\/v2\/types\/page"}],"author":[{"embeddable":true,"href":"https:\/\/www.accuratereviews.com\/it\/wp-json\/wp\/v2\/users\/19"}],"replies":[{"embeddable":true,"href":"https:\/\/www.accuratereviews.com\/it\/wp-json\/wp\/v2\/comments?post=23754"}],"version-history":[{"count":7,"href":"https:\/\/www.accuratereviews.com\/it\/wp-json\/wp\/v2\/pages\/23754\/revisions"}],"predecessor-version":[{"id":36841,"href":"https:\/\/www.accuratereviews.com\/it\/wp-json\/wp\/v2\/pages\/23754\/revisions\/36841"}],"up":[{"embeddable":true,"href":"https:\/\/www.accuratereviews.com\/it\/wp-json\/wp\/v2\/pages\/35837"}],"wp:featuredmedia":[{"embeddable":true,"href":"https:\/\/www.accuratereviews.com\/it\/wp-json\/wp\/v2\/media\/23759"}],"wp:attachment":[{"href":"https:\/\/www.accuratereviews.com\/it\/wp-json\/wp\/v2\/media?parent=23754"}],"wp:term":[{"taxonomy":"category","embeddable":true,"href":"https:\/\/www.accuratereviews.com\/it\/wp-json\/wp\/v2\/categories?post=23754"},{"taxonomy":"post_tag","embeddable":true,"href":"https:\/\/www.accuratereviews.com\/it\/wp-json\/wp\/v2\/tags?post=23754"},{"taxonomy":"features","embeddable":true,"href":"https:\/\/www.accuratereviews.com\/it\/wp-json\/wp\/v2\/features?post=23754"}],"curies":[{"name":"wp","href":"https:\/\/api.w.org\/{rel}","templated":true}]}}