{"id":23772,"date":"2020-02-27T12:39:21","date_gmt":"2020-02-27T12:39:21","guid":{"rendered":"https:\/\/www.accuratereviews.com\/?page_id=23772"},"modified":"2021-02-05T09:09:00","modified_gmt":"2021-02-05T09:09:00","slug":"memberplanet-recensione","status":"publish","type":"page","link":"https:\/\/www.accuratereviews.com\/it\/gestionale-per-associazioni\/memberplanet-recensione\/","title":{"rendered":"Memberplanet"},"content":{"rendered":"<p><strong>Memberplanet<\/strong> \u00e8 un<strong>\u00a0software di gestione per associazioni<\/strong>\u00a0usato per elaborare pagamenti, comunicare e gestire i propri membri. L&#8217;obiettivo dell&#8217;azienda \u00e8 semplificare la vita degli utenti. Pertanto, questo sistema \u00e8 progettato per aiutarti a sfruttare al meglio il tuo tempo ed eseguire tutte le tue attivit\u00e0 amministrative su un&#8217;unica piattaforma.\u00a0Con <strong>Memberplanet<\/strong>, i leader possono organizzare e comunicare con i propri membri in modo facile, rapido ed efficiente. Le funzionalit\u00e0 includono un&#8217;app mobile personalizzata per il tuo gruppo. Con questa applicazione, amministratori e membri possono accedere alle e-card di appartenenza, effettuare pagamenti e comunicare con altri membri del gruppo. Altri strumenti utili includono una directory interattiva, livelli di abbonamento personalizzati e raccolta di quote di pagamento online. Un importante punto di forza \u00e8 l&#8217;eccellente supporto offerto tramite telefono, chat ed email.<\/p>\n<h2>MEMBERPLANET &#8211; TUTORIAL<\/h2>\n<p>Un breve tutorial sulla creazione, la personalizzazione e la condivisione di un evento sul propio sito sfruttando le funzioni dei questo s<strong>oftware gestionale per associazioni<\/strong>:<\/p>\n<div id=\"fluid-wrapper-counter-1\" class=\"g1-fluid-wrapper \" style=\"width:686px;\">\n<div style=\"padding-bottom:56.268221574344%;\"><iframe loading=\"lazy\" title=\"How to Create an Event Site\" width=\"686\" height=\"386\" src=\"https:\/\/www.youtube.com\/embed\/PQ_Wh96gdII?feature=oembed&amp;wmode=transparent&amp;autohide=1&amp;autoplay=0&amp;disablekb=0&amp;fs=1&amp;loop=0&amp;enablejsapi=1&amp;rel=0&amp;controls=2&amp;showinfo=0&amp;wmode=transparent&amp;autohide=2&amp;autoplay=0&amp;disablekb=0&amp;fs=1&amp;loop=0&amp;enablejsapi=1&amp;rel=0&amp;controls=2&amp;showinfo=1\" frameborder=\"0\" allow=\"accelerometer; autoplay; clipboard-write; encrypted-media; gyroscope; picture-in-picture\" allowfullscreen><\/iframe><\/div>\n<\/div>\n<h3>MEMBERPLANET &#8211; CARATTERISTICHE<\/h3>\n<ul>\n<li><strong>Gestione soci<\/strong>: automatizza l&#8217;appartenenza, integra facilmente il tuo gruppo e personalizza la tua esperienza con un set integrato di strumenti per aumentare l&#8217;efficienza e semplificare le operazioni quotidiane della tua organizzazione<\/li>\n<li><strong>Eventi<\/strong>: trasforma il tuo evento in un&#8217;esperienza coinvolgente ed espandi la portata della tua causa. Crea eventi su questo software per semplificare la gestione e la registrazione degli eventi<\/li>\n<li><strong>Fundraising:<\/strong> crea la tua pagina di donazione personalizzata, consenti ai tuoi sostenitori e ai loro coetanei di sostenere la tua causa e aumenta le donazioni mentre aumenta la tua base di donatori<\/li>\n<li><strong>Comunicazione:\u00a0<\/strong>costruisci la tua rete utilizzando strumenti di marketing ricchi di funzionalit\u00e0 e raggiungi tutti i tuoi obiettivi<\/li>\n<li><strong>Pagamenti online<\/strong>: crea un&#8217;esperienza utente fluida e accetta pagamenti dai membri come vogliono, dove vogliono e quando vogliono: il tuo marchio rimane sempre in primo piano<\/li>\n<li><strong>Siti web<\/strong>: sviluppa un sito web accattivante basato su integrazioni API, funzionalit\u00e0 di branding e sistema di gestione dei contenuti (CMS)<\/li>\n<li><strong>App mobile<\/strong>: condividi gli aggiornamenti, raccogli i pagamenti e accedi alle tessere associative senza la necessit\u00e0 di hardware aggiuntivo<\/li>\n<\/ul>\n<h4>LE RECENSIONI DEGLI UTENTI<\/h4>\n<h4 class=\"font-weight-bold my-1 d-flex align-items-center\">Lisa R.&#8221;Member Planet \u00e8 un eccellente e personalizzabile sistema di gestione dei contenuti.&#8221;<\/h4>\n<p><strong>Commenti: <\/strong>MemberPlanet lavora per la mia organizzazione perch\u00e9 mantiene aggiornate le informazioni sui membri. Mantiene i membri informati sugli eventi programmati. Posso creare gruppi che comunicano tra loro. Ha opzioni per campagne e-mail, discussioni, un&#8217;app mobile, album fotografici, archiviazione di documenti e la possibilit\u00e0 di effettuare pagamenti. Non c&#8217;\u00e8 molto altro di cui avresti bisogno. E ancora, l&#8217;opzione GRATUITA \u00e8 un grande vantaggio.<\/p>\n<p><strong>Vantaggi: <\/strong>1. Due parole: opzione GRATUITA. La mia organizzazione vorrebbe mantenere i suoi soldi guadagnati molto duramente per aiutare la nostra comunit\u00e0. Quindi, usare un fornitore con un&#8217;opzione gratuita \u00e8 un GRANDE vantaggio per noi. \u00c8 utile anche per le organizzazioni che non conoscono il CMS perch\u00e9 possiamo determinare quanto effettivamente lo utilizziamo.<br \/>\n2. Il sito \u00e8 basato sul web e facile da usare: niente da scaricare. Sono disponibili tutorial video, una libreria di supporto con istruzioni dettagliate e assistenza telefonica. Hanno un tutorial per iniziare e tutte le azioni sono dettagliate con le descrizioni. Ci sono rappresentanti in standby per chattare o parlare al telefono. Sono davvero sorpreso da tutte le cose che posso fare e personalizzare con MemberPlanet. Come ho detto, non siamo una grande organizzazione e sicuramente non possiamo permetterci alcuni degli altri CMS pi\u00f9 costosi disponibili. MemberPlanet capisce cosa voglio per il tipo di organizzazione che ho e mi permettono di personalizzarlo. Il sito \u00e8 inoltre scalabile per la crescita e l&#8217;utilizzo futuri. Li consiglio vivamente.<\/p>\n<p><strong>Inconvenienti: <\/strong>L&#8217;unica cosa che non mi \u00e8 piaciuta molto \u00e8 che ci sono un paio di connessioni di fornitori esterni come Box e PayPal integrate nel sito. Funziona tutto bene per\u00f2. Box e PayPal sono un po &#8216;strani in quanto la sua dashboard viene unita al tuo sito. \u00c8 possibile convincere MembersPlanet a gestire i pagamenti anzich\u00e9 utilizzare PayPal, ma mantengono una piccola percentuale. A parte questo, non ho problemi o reclami.<\/p>\n<h3 class=\"h5 font-weight-bold flex-grow-1 mb-4\">Greg. S.:&#8221;Incredibile servizio clienti e follow-up&#8221;<\/h3>\n<p><strong>Commenti: <\/strong>Sto creando un Premium Membership Club per The Sacramento Bee. S\u00ec, sono un esperto di tecnologia, ma non voglio rendere la gestione della piattaforma web per il club il lavoro della mia vita. Detto questo, ho ancora bisogno di flessibilit\u00e0 e di un solido set di strumenti per transazioni, comunicazioni e promozioni. MemberPlanet \u00e8 tutto questo e molto altro!<\/p>\n<p><strong>Vantaggi: <\/strong>Flessibile, robusto con ogni strumento immaginabile per la corretta cura dell&#8217;alimentazione di un club di appartenenza. Non solo elaborer\u00e0 i pagamenti, ma dispone di funzioni di conservazione \/ promemoria di facile utilizzo per avvisare gli utenti in caso di scadenza dell&#8217;iscrizione. MemberPlanet supporta video, foto, email, bacheche ed eventi imminenti. Il principale \u00e8 stato il supporto clienti. Fino a quando non inizi a percepire il flusso di lavoro, alcune impostazioni iniziali possono essere intimidatorie. Nessun problema, il supporto telefonico con un vero essere umano \u00e8 solo una telefonata. Allo stesso modo con il supporto chat. Non preoccuparti: persone amichevoli e competenti sono l\u00ec per aiutarti!<\/p>\n<p><strong>Inconvenienti: <\/strong>Come accennato, le opzioni e la profondit\u00e0 del programma possono inizialmente essere un po &#8216;schiaccianti. Il back-end \u00e8 veloce e reattivo, ma all&#8217;inizio la sfida iniziale di passare alla schermata corretta era un po &#8216;confusa. Come accennato in precedenza, il supporto tecnico era l\u00ec per salvare la giornata e in un paio d&#8217;ore, mi sono meravigliato della mia padronanza delle schermate di configurazione di MemberPlanet.<\/p>\n<h4>George H:&#8221;Recensione dell&#8217;utente di Member Planet&#8221;<\/h4>\n<p><strong>Commenti: <\/strong>Sono ancora nella curva di apprendimento per quanto riguarda l&#8217;applicazione stessa, ma devo dare osservazioni brillanti per il supporto che ho ricevuto durante l&#8217;installazione. Ogni membro del team Member Planet \u00e8 stato reattivo, proattivo e sensibile alle nostre tempistiche. MP e il suo team hanno un ottimo rapporto qualit\u00e0-prezzo e un valore di gran lunga maggiore rispetto ad altri con cui ho lavorato, che hanno fatto pagare molto di pi\u00f9 ed erano difficili da lavorare.<\/p>\n<p><strong>Vantaggi: <\/strong>Per le associazioni di piccole e medie dimensioni, Member Planet \u00e8 molto conveniente, ha una grande funzionalit\u00e0 di base e i team di vendita e supporto sono stellari con cui lavorare.<\/p>\n<p><strong>Inconvenienti: <\/strong>Sarebbe bello poter cercare diverse risposte nei campi personalizzati che i nuovi membri devono compilare quando si registrano. La mia comprensione \u00e8 che questo sar\u00e0 disponibile nel 2017.<\/p>\n","protected":false},"excerpt":{"rendered":"<p>Memberplanet \u00e8 una soluzione software di gestione per associazioni\u00a0usato per elaborare pagamenti, comunicare e gestire i propri membri. L&#8217;obiettivo dell&#8217;azienda \u00e8 semplificare la vita degli utenti. Pertanto, questo sistema \u00e8 progettato per aiutarti a sfruttare al meglio il tuo tempo ed eseguire tutte le tue attivit\u00e0 amministrative su un&#8217;unica piattaforma.\u00a0<\/p>\n","protected":false},"author":19,"featured_media":23773,"parent":35837,"menu_order":0,"comment_status":"open","ping_status":"closed","template":"g1_template_page_review_new.php","meta":{"_acf_changed":false,"cwp_meta_box_check":"Yes","cwp_rev_product_name":"","cwp_rev_product_image":"","wppr_links":[],"cwp_rev_price":"","wppr_options":[],"wppr_pros":[],"wppr_cons":[],"_monsterinsights_skip_tracking":false,"_monsterinsights_sitenote_active":false,"_monsterinsights_sitenote_note":"","_monsterinsights_sitenote_category":0,"footnotes":""},"categories":[1943],"tags":[1944,396,2062,2008,1949,1947,1948],"features":[],"class_list":{"0":"post-23772","1":"page","2":"type-page","3":"status-publish","4":"has-post-thumbnail","6":"category-gestionale-per-associazioni-categoria","7":"tag-association-management-software","8":"tag-cloud","9":"tag-memberplanet","10":"tag-piattaforma-gestionale-associazioni","11":"tag-programma-gestionale-associazioni","12":"tag-software-gestionale-associazioni","13":"tag-soluzione-gestionale-associazioni"},"wppr_data":{"cwp_meta_box_check":"Yes","cwp_rev_product_name":"","cwp_rev_product_image":"","cwp_image_link":"image","cwp_rev_price":"","wppr_rating":"0.00"},"acf":[],"yoast_head":"<!-- This site is optimized with the Yoast SEO plugin v27.4 - https:\/\/yoast.com\/product\/yoast-seo-wordpress\/ -->\n<title>Memberplanet: recensione gestionale per associazioni - Accurate Reviews<\/title>\n<meta name=\"description\" content=\"Memberplanet: recensione software di gestione per associazioni\u00a0usato per elaborare pagamenti, comunicare e amministrare i propri membri.\" \/>\n<meta name=\"robots\" content=\"index, follow, max-snippet:-1, max-image-preview:large, max-video-preview:-1\" \/>\n<link rel=\"canonical\" href=\"https:\/\/www.accuratereviews.com\/it\/gestionale-per-associazioni\/memberplanet-recensione\/\" \/>\n<meta property=\"og:locale\" content=\"it_IT\" \/>\n<meta property=\"og:type\" content=\"article\" \/>\n<meta property=\"og:title\" content=\"Memberplanet: recensione gestionale per associazioni - Accurate Reviews\" \/>\n<meta property=\"og:description\" content=\"Memberplanet: recensione software di gestione per associazioni\u00a0usato per elaborare pagamenti, comunicare e amministrare i propri membri.\" \/>\n<meta property=\"og:url\" content=\"https:\/\/www.accuratereviews.com\/it\/gestionale-per-associazioni\/memberplanet-recensione\/\" \/>\n<meta property=\"og:site_name\" content=\"Accurate Reviews\" \/>\n<meta property=\"article:modified_time\" content=\"2021-02-05T09:09:00+00:00\" \/>\n<meta property=\"og:image\" content=\"https:\/\/www.accuratereviews.com\/wp-content\/uploads\/2020\/02\/mp.jpg\" \/>\n\t<meta property=\"og:image:width\" content=\"300\" \/>\n\t<meta property=\"og:image:height\" content=\"300\" \/>\n\t<meta property=\"og:image:type\" content=\"image\/jpeg\" \/>\n<meta name=\"twitter:card\" content=\"summary_large_image\" \/>\n<meta name=\"twitter:label1\" content=\"Tempo di lettura stimato\" \/>\n\t<meta name=\"twitter:data1\" content=\"5 minuti\" \/>\n<script type=\"application\/ld+json\" class=\"yoast-schema-graph\">{\"@context\":\"https:\\\/\\\/schema.org\",\"@graph\":[{\"@type\":\"WebPage\",\"@id\":\"https:\\\/\\\/www.accuratereviews.com\\\/it\\\/gestionale-per-associazioni\\\/memberplanet-recensione\\\/\",\"url\":\"https:\\\/\\\/www.accuratereviews.com\\\/it\\\/gestionale-per-associazioni\\\/memberplanet-recensione\\\/\",\"name\":\"Memberplanet: recensione gestionale per associazioni - Accurate Reviews\",\"isPartOf\":{\"@id\":\"https:\\\/\\\/www.accuratereviews.com\\\/it\\\/#website\"},\"primaryImageOfPage\":{\"@id\":\"https:\\\/\\\/www.accuratereviews.com\\\/it\\\/gestionale-per-associazioni\\\/memberplanet-recensione\\\/#primaryimage\"},\"image\":{\"@id\":\"https:\\\/\\\/www.accuratereviews.com\\\/it\\\/gestionale-per-associazioni\\\/memberplanet-recensione\\\/#primaryimage\"},\"thumbnailUrl\":\"https:\\\/\\\/www.accuratereviews.com\\\/wp-content\\\/uploads\\\/2020\\\/02\\\/mp.jpg\",\"datePublished\":\"2020-02-27T12:39:21+00:00\",\"dateModified\":\"2021-02-05T09:09:00+00:00\",\"description\":\"Memberplanet: recensione software di gestione per associazioni\u00a0usato per elaborare pagamenti, comunicare e amministrare i propri membri.\",\"breadcrumb\":{\"@id\":\"https:\\\/\\\/www.accuratereviews.com\\\/it\\\/gestionale-per-associazioni\\\/memberplanet-recensione\\\/#breadcrumb\"},\"inLanguage\":\"it-IT\",\"potentialAction\":[{\"@type\":\"ReadAction\",\"target\":[\"https:\\\/\\\/www.accuratereviews.com\\\/it\\\/gestionale-per-associazioni\\\/memberplanet-recensione\\\/\"]}]},{\"@type\":\"ImageObject\",\"inLanguage\":\"it-IT\",\"@id\":\"https:\\\/\\\/www.accuratereviews.com\\\/it\\\/gestionale-per-associazioni\\\/memberplanet-recensione\\\/#primaryimage\",\"url\":\"https:\\\/\\\/www.accuratereviews.com\\\/wp-content\\\/uploads\\\/2020\\\/02\\\/mp.jpg\",\"contentUrl\":\"https:\\\/\\\/www.accuratereviews.com\\\/wp-content\\\/uploads\\\/2020\\\/02\\\/mp.jpg\",\"width\":300,\"height\":300},{\"@type\":\"BreadcrumbList\",\"@id\":\"https:\\\/\\\/www.accuratereviews.com\\\/it\\\/gestionale-per-associazioni\\\/memberplanet-recensione\\\/#breadcrumb\",\"itemListElement\":[{\"@type\":\"ListItem\",\"position\":1,\"name\":\"Home\",\"item\":\"https:\\\/\\\/www.accuratereviews.com\\\/it\\\/\"},{\"@type\":\"ListItem\",\"position\":2,\"name\":\"Gestionale per associazioni\",\"item\":\"https:\\\/\\\/www.accuratereviews.com\\\/it\\\/gestionale-per-associazioni\\\/\"},{\"@type\":\"ListItem\",\"position\":3,\"name\":\"Memberplanet\"}]},{\"@type\":\"WebSite\",\"@id\":\"https:\\\/\\\/www.accuratereviews.com\\\/it\\\/#website\",\"url\":\"https:\\\/\\\/www.accuratereviews.com\\\/it\\\/\",\"name\":\"Accurate Reviews\",\"description\":\"\",\"potentialAction\":[{\"@type\":\"SearchAction\",\"target\":{\"@type\":\"EntryPoint\",\"urlTemplate\":\"https:\\\/\\\/www.accuratereviews.com\\\/it\\\/?s={search_term_string}\"},\"query-input\":{\"@type\":\"PropertyValueSpecification\",\"valueRequired\":true,\"valueName\":\"search_term_string\"}}],\"inLanguage\":\"it-IT\"}]}<\/script>\n<!-- \/ Yoast SEO plugin. -->","yoast_head_json":{"title":"Memberplanet: recensione gestionale per associazioni - Accurate Reviews","description":"Memberplanet: recensione software di gestione per associazioni\u00a0usato per elaborare pagamenti, comunicare e amministrare i propri membri.","robots":{"index":"index","follow":"follow","max-snippet":"max-snippet:-1","max-image-preview":"max-image-preview:large","max-video-preview":"max-video-preview:-1"},"canonical":"https:\/\/www.accuratereviews.com\/it\/gestionale-per-associazioni\/memberplanet-recensione\/","og_locale":"it_IT","og_type":"article","og_title":"Memberplanet: recensione gestionale per associazioni - Accurate Reviews","og_description":"Memberplanet: recensione software di gestione per associazioni\u00a0usato per elaborare pagamenti, comunicare e amministrare i propri membri.","og_url":"https:\/\/www.accuratereviews.com\/it\/gestionale-per-associazioni\/memberplanet-recensione\/","og_site_name":"Accurate Reviews","article_modified_time":"2021-02-05T09:09:00+00:00","og_image":[{"width":300,"height":300,"url":"https:\/\/www.accuratereviews.com\/wp-content\/uploads\/2020\/02\/mp.jpg","type":"image\/jpeg"}],"twitter_card":"summary_large_image","twitter_misc":{"Tempo di lettura stimato":"5 minuti"},"schema":{"@context":"https:\/\/schema.org","@graph":[{"@type":"WebPage","@id":"https:\/\/www.accuratereviews.com\/it\/gestionale-per-associazioni\/memberplanet-recensione\/","url":"https:\/\/www.accuratereviews.com\/it\/gestionale-per-associazioni\/memberplanet-recensione\/","name":"Memberplanet: recensione gestionale per associazioni - Accurate Reviews","isPartOf":{"@id":"https:\/\/www.accuratereviews.com\/it\/#website"},"primaryImageOfPage":{"@id":"https:\/\/www.accuratereviews.com\/it\/gestionale-per-associazioni\/memberplanet-recensione\/#primaryimage"},"image":{"@id":"https:\/\/www.accuratereviews.com\/it\/gestionale-per-associazioni\/memberplanet-recensione\/#primaryimage"},"thumbnailUrl":"https:\/\/www.accuratereviews.com\/wp-content\/uploads\/2020\/02\/mp.jpg","datePublished":"2020-02-27T12:39:21+00:00","dateModified":"2021-02-05T09:09:00+00:00","description":"Memberplanet: recensione software di gestione per associazioni\u00a0usato per elaborare pagamenti, comunicare e amministrare i propri membri.","breadcrumb":{"@id":"https:\/\/www.accuratereviews.com\/it\/gestionale-per-associazioni\/memberplanet-recensione\/#breadcrumb"},"inLanguage":"it-IT","potentialAction":[{"@type":"ReadAction","target":["https:\/\/www.accuratereviews.com\/it\/gestionale-per-associazioni\/memberplanet-recensione\/"]}]},{"@type":"ImageObject","inLanguage":"it-IT","@id":"https:\/\/www.accuratereviews.com\/it\/gestionale-per-associazioni\/memberplanet-recensione\/#primaryimage","url":"https:\/\/www.accuratereviews.com\/wp-content\/uploads\/2020\/02\/mp.jpg","contentUrl":"https:\/\/www.accuratereviews.com\/wp-content\/uploads\/2020\/02\/mp.jpg","width":300,"height":300},{"@type":"BreadcrumbList","@id":"https:\/\/www.accuratereviews.com\/it\/gestionale-per-associazioni\/memberplanet-recensione\/#breadcrumb","itemListElement":[{"@type":"ListItem","position":1,"name":"Home","item":"https:\/\/www.accuratereviews.com\/it\/"},{"@type":"ListItem","position":2,"name":"Gestionale per associazioni","item":"https:\/\/www.accuratereviews.com\/it\/gestionale-per-associazioni\/"},{"@type":"ListItem","position":3,"name":"Memberplanet"}]},{"@type":"WebSite","@id":"https:\/\/www.accuratereviews.com\/it\/#website","url":"https:\/\/www.accuratereviews.com\/it\/","name":"Accurate Reviews","description":"","potentialAction":[{"@type":"SearchAction","target":{"@type":"EntryPoint","urlTemplate":"https:\/\/www.accuratereviews.com\/it\/?s={search_term_string}"},"query-input":{"@type":"PropertyValueSpecification","valueRequired":true,"valueName":"search_term_string"}}],"inLanguage":"it-IT"}]}},"_links":{"self":[{"href":"https:\/\/www.accuratereviews.com\/it\/wp-json\/wp\/v2\/pages\/23772","targetHints":{"allow":["GET"]}}],"collection":[{"href":"https:\/\/www.accuratereviews.com\/it\/wp-json\/wp\/v2\/pages"}],"about":[{"href":"https:\/\/www.accuratereviews.com\/it\/wp-json\/wp\/v2\/types\/page"}],"author":[{"embeddable":true,"href":"https:\/\/www.accuratereviews.com\/it\/wp-json\/wp\/v2\/users\/19"}],"replies":[{"embeddable":true,"href":"https:\/\/www.accuratereviews.com\/it\/wp-json\/wp\/v2\/comments?post=23772"}],"version-history":[{"count":9,"href":"https:\/\/www.accuratereviews.com\/it\/wp-json\/wp\/v2\/pages\/23772\/revisions"}],"predecessor-version":[{"id":36823,"href":"https:\/\/www.accuratereviews.com\/it\/wp-json\/wp\/v2\/pages\/23772\/revisions\/36823"}],"up":[{"embeddable":true,"href":"https:\/\/www.accuratereviews.com\/it\/wp-json\/wp\/v2\/pages\/35837"}],"wp:featuredmedia":[{"embeddable":true,"href":"https:\/\/www.accuratereviews.com\/it\/wp-json\/wp\/v2\/media\/23773"}],"wp:attachment":[{"href":"https:\/\/www.accuratereviews.com\/it\/wp-json\/wp\/v2\/media?parent=23772"}],"wp:term":[{"taxonomy":"category","embeddable":true,"href":"https:\/\/www.accuratereviews.com\/it\/wp-json\/wp\/v2\/categories?post=23772"},{"taxonomy":"post_tag","embeddable":true,"href":"https:\/\/www.accuratereviews.com\/it\/wp-json\/wp\/v2\/tags?post=23772"},{"taxonomy":"features","embeddable":true,"href":"https:\/\/www.accuratereviews.com\/it\/wp-json\/wp\/v2\/features?post=23772"}],"curies":[{"name":"wp","href":"https:\/\/api.w.org\/{rel}","templated":true}]}}