{"id":23782,"date":"2020-02-27T12:38:01","date_gmt":"2020-02-27T12:38:01","guid":{"rendered":"https:\/\/www.accuratereviews.com\/?page_id=23782"},"modified":"2021-02-05T09:57:20","modified_gmt":"2021-02-05T09:57:20","slug":"tidyhq-recensione","status":"publish","type":"page","link":"https:\/\/www.accuratereviews.com\/it\/gestionale-per-associazioni\/tidyhq-recensione\/","title":{"rendered":"TidyHQ"},"content":{"rendered":"<p><strong>TidyHQ<\/strong> \u00e8 un <strong>software di gestione delle associazioni<\/strong> semplice e facile da usare, grazie al quale gli utenti saranno in grado di raggiungere rapidamente i membri della loro organizzazione e comunit\u00e0. Questo perch\u00e9 il software raccoglie tutti i contatti e le informazioni in un&#8217;unica piattaforma. Sia che stia gestendo una registrazione di appartenenza, organizzando un evento o monitorando e valutando le finanze <strong>TidyHQ<\/strong>\u00a0ti consente di accedere a tutte le informazioni importanti di cui hai bisogno. Poich\u00e9 il software offre la possibilit\u00e0 di elaborare in modo efficiente i pagamenti online, gli utenti possono registrare tutte le loro transazioni e valutare i dati relativi a tali transazioni. Il software di gestione del club offre funzionalit\u00e0 di gestione degli eventi che consentono loro di organizzare eventi, specificarne i dettagli e inviare partecipazioni online. Le riunioni possono anche essere create utilizzando tali funzionalit\u00e0.<\/p>\n<h2>TIDYHQ &#8211; TUTORIAL<\/h2>\n<p>Guardiamo insieme il tutorial per imparare a creare una pagina web utilizzando questo <strong>software gestionale per associazioni<\/strong>:<\/p>\n<div id=\"fluid-wrapper-counter-1\" class=\"g1-fluid-wrapper \" style=\"width:686px;\">\n<div style=\"padding-bottom:56.268221574344%;\"><iframe loading=\"lazy\" title=\"Creating Pages on Your TidyHQ Site\" width=\"686\" height=\"386\" src=\"https:\/\/www.youtube.com\/embed\/PIU19Whb9aE?feature=oembed&amp;wmode=transparent&amp;autohide=1&amp;autoplay=0&amp;disablekb=0&amp;fs=1&amp;loop=0&amp;enablejsapi=1&amp;rel=0&amp;controls=2&amp;showinfo=0&amp;wmode=transparent&amp;autohide=2&amp;autoplay=0&amp;disablekb=0&amp;fs=1&amp;loop=0&amp;enablejsapi=1&amp;rel=0&amp;controls=2&amp;showinfo=1\" frameborder=\"0\" allow=\"accelerometer; autoplay; clipboard-write; encrypted-media; gyroscope; picture-in-picture\" allowfullscreen><\/iframe><\/div>\n<\/div>\n<h3>TIDYHQ &#8211; CARATTERISTICHE<\/h3>\n<ul>\n<li><strong>Invita gli associati<\/strong>: invita i membri del tuo team, del comitato o del consiglio ogni volta che lo desideri e accedi alla stessa pagina<\/li>\n<li><strong>Registrazione finanziaria:<\/strong> tieni sotto controllo le finanze della tua organizzazione con approfondimenti quotidiani e semplici strumenti<\/li>\n<li><strong>Contatti personalizzati:<\/strong> con campi personalizzati illimitati puoi conservare le informazioni giuste di cui hai bisogno per tutti<\/li>\n<li><strong>Dashboard centralizzato<\/strong>: tutti saranno in grado di vedere cosa sta succedendo, non ci sono scuse per non essere al corrente<\/li>\n<li><strong>Attivit\u00e0 illimitate<\/strong>: gruppi ben gestiti, hanno una chiara comprensione di ci\u00f2 che deve essere fatto<\/li>\n<li><strong>Aggiornamenti regolari<\/strong>: aggiornamenti e miglioramenti quasi tutti i giorni<\/li>\n<li><strong>Membri illimitati:<\/strong> rilascia i moduli cartacei dal processo di iscrizione e ricevi pagamenti online<\/li>\n<li><strong>Crittografia SSL sicura:<\/strong> con SSL viene utilizzato un collegamento sicuro e crittografato per tutte le transazioni<\/li>\n<\/ul>\n<h4>LE RECENSIONI DEGLI UTENTI<\/h4>\n<h4 class=\"font-weight-bold my-1 d-flex align-items-center\">Andrew N.&#8221;TidyHQ &#8211; Glen Waverley Hawks&#8221;<\/h4>\n<p><strong>Commenti: <\/strong>TidyHQ \u00e8 stato il back bone stabile del club, dalla vendita dei biglietti per eventi alla gestione delle iscrizioni.<\/p>\n<p><strong>Vantaggi: <\/strong>Adoro la gestione e lo svolgimento degli incontri. Come il segretario, non appena la riunione termina, le copie dei verbali vengono inviate immediatamente via email.<\/p>\n<p><strong>Inconvenienti: <\/strong>Mi piacerebbe avere la possibilit\u00e0 di fatturare articoli del negozio dal back-end. Vorrei anche avere la possibilit\u00e0 di eseguire le notizie dei feed di notizie dalla home page.<\/p>\n<h4>Stuart G.&#8221;Curva di apprendimento dura, ma ne vale la pena.&#8221;<\/h4>\n<p><strong>Vantaggi: <\/strong>La cosa migliore di TidyHQ \u00e8 il livello di professionalit\u00e0 che pu\u00f2 portare a un club che altrimenti non avrebbe potuto avere.<br \/>\nMolti club utilizzano ancora processi amministrativi disgiunti in cui la carta \u00e8 il re e anche la perdita di dati \u00e8 elevata.<br \/>\nLa capacit\u00e0 di TidyHQ di riunire tutto ci\u00f2 in un posto a cui tutto il comitato pu\u00f2 facilmente accedere \u00e8 il suo pi\u00f9 grande vantaggio.<br \/>\nNonostante le commissioni che si sommano su importi in dollari pi\u00f9 grandi, per valori monetari pi\u00f9 piccoli, la capacit\u00e0 di eliminare la gestione fisica del contante e inseguire fatture non pagate far\u00e0 risparmiare un sacco di mal di testa a un club.<\/p>\n<p><strong>Inconvenienti: <\/strong>Probabilmente per TidyHQ \u00e8 davvero boom e dominio, o l&#8217;integrazione con un programma di contabilit\u00e0 \u00e8 importante o la sezione finanze deve davvero intensificare e iniziare a competere con i programmi di contabilit\u00e0. Anche se sar\u00e0 una grande quantit\u00e0 di lavoro, se \u00e8 possibile eliminare le commissioni di transazione per cose come i pagamenti di sponsorizzazione e un club pu\u00f2 fare affidamento esclusivamente sulle finanze TidyHQ per gestire tutto, TidyHQ sar\u00e0 il leader di mercato in questo spazio.<\/p>\n<h4 class=\"font-weight-bold my-1 d-flex align-items-center\">Justin D.&#8221;TidyHQ \u00e8 fantastico!&#8221;<\/h4>\n<p><strong>Commenti: <\/strong>Nel complesso, siamo rimasti estremamente soddisfatti di TidyHQ ed \u00e8 stato un enorme aumento della produttivit\u00e0 per la gestione dei membri della nostra associazione di mountain bike.<\/p>\n<p><strong>Vantaggi:<\/strong>\u00a0prezzo &#8211; molto meglio di altre opzioni che abbiamo visto con funzionalit\u00e0 simili\u00a0&#8211; modello di appartenenza &#8211; flessibile e si adatta molto bene al nostro modello di appartenenza\u00a0&#8211; La funzionalit\u00e0 per le riunioni \u00e8 molto carina<\/p>\n<p><strong>Inconvenienti: <\/strong>&#8211; Mancanza di operazioni batch. Questo \u00e8 fondamentale quando si importano contatti da un altro sistema o un foglio di calcolo. Questo \u00e8 stato un processo manuale con TidyHQ. Questa \u00e8 stata una cosa che mi \u00e8 piaciuta molto di WildApricot.\u00a0&#8211; Mancanza di un codice di sconto! Ho scoperto che altre alternative hanno questa funzione ed \u00e8 una funzionalit\u00e0 molto bella.\u00a0&#8211; La funzione Riunioni non sembra funzionare bene con programmi di grandi dimensioni.<\/p>\n","protected":false},"excerpt":{"rendered":"<p>TidyHQ \u00e8 un software di gestione delle associazioni semplice e facile da usare, gli utenti\u00a0saranno in grado di raggiungere rapidamente i membri della loro organizzazione e comunit\u00e0. Questo perch\u00e9 il software raccoglie tutti i contatti e le informazioni in un&#8217;unica piattaforma.<\/p>\n","protected":false},"author":19,"featured_media":23786,"parent":35837,"menu_order":0,"comment_status":"open","ping_status":"closed","template":"g1_template_page_review_new.php","meta":{"_acf_changed":false,"cwp_meta_box_check":"Yes","cwp_rev_product_name":"","cwp_rev_product_image":"","wppr_links":[],"cwp_rev_price":"","wppr_options":[],"wppr_pros":[],"wppr_cons":[],"_monsterinsights_skip_tracking":false,"_monsterinsights_sitenote_active":false,"_monsterinsights_sitenote_note":"","_monsterinsights_sitenote_category":0,"footnotes":""},"categories":[1943],"tags":[1944,396,2008,1949,1947,1948],"features":[],"class_list":{"0":"post-23782","1":"page","2":"type-page","3":"status-publish","4":"has-post-thumbnail","6":"category-gestionale-per-associazioni-categoria","7":"tag-association-management-software","8":"tag-cloud","9":"tag-piattaforma-gestionale-associazioni","10":"tag-programma-gestionale-associazioni","11":"tag-software-gestionale-associazioni","12":"tag-soluzione-gestionale-associazioni"},"wppr_data":{"cwp_meta_box_check":"Yes","cwp_rev_product_name":"","cwp_rev_product_image":"","cwp_image_link":"image","cwp_rev_price":"","wppr_rating":"0.00"},"acf":[],"yoast_head":"<!-- This site is optimized with the Yoast SEO plugin v27.4 - https:\/\/yoast.com\/product\/yoast-seo-wordpress\/ -->\n<title>TidyHQ: recensione gestionale per associazioni - Accurate Reviews<\/title>\n<meta name=\"description\" content=\"TidyHQ: recensione software di gestione delle associazioni semplice e facile da usare, indispensabile per raggiungere rapidamente tutti i membri del club.\" \/>\n<meta name=\"robots\" content=\"index, follow, max-snippet:-1, max-image-preview:large, max-video-preview:-1\" \/>\n<link rel=\"canonical\" href=\"https:\/\/www.accuratereviews.com\/it\/gestionale-per-associazioni\/tidyhq-recensione\/\" \/>\n<meta property=\"og:locale\" content=\"it_IT\" \/>\n<meta property=\"og:type\" content=\"article\" \/>\n<meta property=\"og:title\" content=\"TidyHQ: recensione gestionale per associazioni - Accurate Reviews\" \/>\n<meta property=\"og:description\" content=\"TidyHQ: recensione software di gestione delle associazioni semplice e facile da usare, indispensabile per raggiungere rapidamente tutti i membri del club.\" \/>\n<meta property=\"og:url\" content=\"https:\/\/www.accuratereviews.com\/it\/gestionale-per-associazioni\/tidyhq-recensione\/\" \/>\n<meta property=\"og:site_name\" content=\"Accurate Reviews\" \/>\n<meta property=\"article:modified_time\" content=\"2021-02-05T09:57:20+00:00\" \/>\n<meta property=\"og:image\" content=\"https:\/\/www.accuratereviews.com\/wp-content\/uploads\/2020\/02\/tidyhq.png\" \/>\n\t<meta property=\"og:image:width\" content=\"5604\" \/>\n\t<meta property=\"og:image:height\" content=\"1320\" \/>\n\t<meta property=\"og:image:type\" content=\"image\/png\" \/>\n<meta name=\"twitter:card\" content=\"summary_large_image\" \/>\n<meta name=\"twitter:label1\" content=\"Tempo di lettura stimato\" \/>\n\t<meta name=\"twitter:data1\" content=\"4 minuti\" \/>\n<script type=\"application\/ld+json\" class=\"yoast-schema-graph\">{\"@context\":\"https:\\\/\\\/schema.org\",\"@graph\":[{\"@type\":\"WebPage\",\"@id\":\"https:\\\/\\\/www.accuratereviews.com\\\/it\\\/gestionale-per-associazioni\\\/tidyhq-recensione\\\/\",\"url\":\"https:\\\/\\\/www.accuratereviews.com\\\/it\\\/gestionale-per-associazioni\\\/tidyhq-recensione\\\/\",\"name\":\"TidyHQ: recensione gestionale per associazioni - Accurate Reviews\",\"isPartOf\":{\"@id\":\"https:\\\/\\\/www.accuratereviews.com\\\/it\\\/#website\"},\"primaryImageOfPage\":{\"@id\":\"https:\\\/\\\/www.accuratereviews.com\\\/it\\\/gestionale-per-associazioni\\\/tidyhq-recensione\\\/#primaryimage\"},\"image\":{\"@id\":\"https:\\\/\\\/www.accuratereviews.com\\\/it\\\/gestionale-per-associazioni\\\/tidyhq-recensione\\\/#primaryimage\"},\"thumbnailUrl\":\"https:\\\/\\\/www.accuratereviews.com\\\/wp-content\\\/uploads\\\/2020\\\/02\\\/tidyhq.png\",\"datePublished\":\"2020-02-27T12:38:01+00:00\",\"dateModified\":\"2021-02-05T09:57:20+00:00\",\"description\":\"TidyHQ: recensione software di gestione delle associazioni semplice e facile da usare, indispensabile per raggiungere rapidamente tutti i membri del club.\",\"breadcrumb\":{\"@id\":\"https:\\\/\\\/www.accuratereviews.com\\\/it\\\/gestionale-per-associazioni\\\/tidyhq-recensione\\\/#breadcrumb\"},\"inLanguage\":\"it-IT\",\"potentialAction\":[{\"@type\":\"ReadAction\",\"target\":[\"https:\\\/\\\/www.accuratereviews.com\\\/it\\\/gestionale-per-associazioni\\\/tidyhq-recensione\\\/\"]}]},{\"@type\":\"ImageObject\",\"inLanguage\":\"it-IT\",\"@id\":\"https:\\\/\\\/www.accuratereviews.com\\\/it\\\/gestionale-per-associazioni\\\/tidyhq-recensione\\\/#primaryimage\",\"url\":\"https:\\\/\\\/www.accuratereviews.com\\\/wp-content\\\/uploads\\\/2020\\\/02\\\/tidyhq.png\",\"contentUrl\":\"https:\\\/\\\/www.accuratereviews.com\\\/wp-content\\\/uploads\\\/2020\\\/02\\\/tidyhq.png\",\"width\":5604,\"height\":1320},{\"@type\":\"BreadcrumbList\",\"@id\":\"https:\\\/\\\/www.accuratereviews.com\\\/it\\\/gestionale-per-associazioni\\\/tidyhq-recensione\\\/#breadcrumb\",\"itemListElement\":[{\"@type\":\"ListItem\",\"position\":1,\"name\":\"Home\",\"item\":\"https:\\\/\\\/www.accuratereviews.com\\\/it\\\/\"},{\"@type\":\"ListItem\",\"position\":2,\"name\":\"Gestionale per associazioni\",\"item\":\"https:\\\/\\\/www.accuratereviews.com\\\/it\\\/gestionale-per-associazioni\\\/\"},{\"@type\":\"ListItem\",\"position\":3,\"name\":\"TidyHQ\"}]},{\"@type\":\"WebSite\",\"@id\":\"https:\\\/\\\/www.accuratereviews.com\\\/it\\\/#website\",\"url\":\"https:\\\/\\\/www.accuratereviews.com\\\/it\\\/\",\"name\":\"Accurate Reviews\",\"description\":\"\",\"potentialAction\":[{\"@type\":\"SearchAction\",\"target\":{\"@type\":\"EntryPoint\",\"urlTemplate\":\"https:\\\/\\\/www.accuratereviews.com\\\/it\\\/?s={search_term_string}\"},\"query-input\":{\"@type\":\"PropertyValueSpecification\",\"valueRequired\":true,\"valueName\":\"search_term_string\"}}],\"inLanguage\":\"it-IT\"}]}<\/script>\n<!-- \/ Yoast SEO plugin. -->","yoast_head_json":{"title":"TidyHQ: recensione gestionale per associazioni - Accurate Reviews","description":"TidyHQ: recensione software di gestione delle associazioni semplice e facile da usare, indispensabile per raggiungere rapidamente tutti i membri del club.","robots":{"index":"index","follow":"follow","max-snippet":"max-snippet:-1","max-image-preview":"max-image-preview:large","max-video-preview":"max-video-preview:-1"},"canonical":"https:\/\/www.accuratereviews.com\/it\/gestionale-per-associazioni\/tidyhq-recensione\/","og_locale":"it_IT","og_type":"article","og_title":"TidyHQ: recensione gestionale per associazioni - Accurate Reviews","og_description":"TidyHQ: recensione software di gestione delle associazioni semplice e facile da usare, indispensabile per raggiungere rapidamente tutti i membri del club.","og_url":"https:\/\/www.accuratereviews.com\/it\/gestionale-per-associazioni\/tidyhq-recensione\/","og_site_name":"Accurate Reviews","article_modified_time":"2021-02-05T09:57:20+00:00","og_image":[{"width":5604,"height":1320,"url":"https:\/\/www.accuratereviews.com\/wp-content\/uploads\/2020\/02\/tidyhq.png","type":"image\/png"}],"twitter_card":"summary_large_image","twitter_misc":{"Tempo di lettura stimato":"4 minuti"},"schema":{"@context":"https:\/\/schema.org","@graph":[{"@type":"WebPage","@id":"https:\/\/www.accuratereviews.com\/it\/gestionale-per-associazioni\/tidyhq-recensione\/","url":"https:\/\/www.accuratereviews.com\/it\/gestionale-per-associazioni\/tidyhq-recensione\/","name":"TidyHQ: recensione gestionale per associazioni - Accurate Reviews","isPartOf":{"@id":"https:\/\/www.accuratereviews.com\/it\/#website"},"primaryImageOfPage":{"@id":"https:\/\/www.accuratereviews.com\/it\/gestionale-per-associazioni\/tidyhq-recensione\/#primaryimage"},"image":{"@id":"https:\/\/www.accuratereviews.com\/it\/gestionale-per-associazioni\/tidyhq-recensione\/#primaryimage"},"thumbnailUrl":"https:\/\/www.accuratereviews.com\/wp-content\/uploads\/2020\/02\/tidyhq.png","datePublished":"2020-02-27T12:38:01+00:00","dateModified":"2021-02-05T09:57:20+00:00","description":"TidyHQ: recensione software di gestione delle associazioni semplice e facile da usare, indispensabile per raggiungere rapidamente tutti i membri del club.","breadcrumb":{"@id":"https:\/\/www.accuratereviews.com\/it\/gestionale-per-associazioni\/tidyhq-recensione\/#breadcrumb"},"inLanguage":"it-IT","potentialAction":[{"@type":"ReadAction","target":["https:\/\/www.accuratereviews.com\/it\/gestionale-per-associazioni\/tidyhq-recensione\/"]}]},{"@type":"ImageObject","inLanguage":"it-IT","@id":"https:\/\/www.accuratereviews.com\/it\/gestionale-per-associazioni\/tidyhq-recensione\/#primaryimage","url":"https:\/\/www.accuratereviews.com\/wp-content\/uploads\/2020\/02\/tidyhq.png","contentUrl":"https:\/\/www.accuratereviews.com\/wp-content\/uploads\/2020\/02\/tidyhq.png","width":5604,"height":1320},{"@type":"BreadcrumbList","@id":"https:\/\/www.accuratereviews.com\/it\/gestionale-per-associazioni\/tidyhq-recensione\/#breadcrumb","itemListElement":[{"@type":"ListItem","position":1,"name":"Home","item":"https:\/\/www.accuratereviews.com\/it\/"},{"@type":"ListItem","position":2,"name":"Gestionale per associazioni","item":"https:\/\/www.accuratereviews.com\/it\/gestionale-per-associazioni\/"},{"@type":"ListItem","position":3,"name":"TidyHQ"}]},{"@type":"WebSite","@id":"https:\/\/www.accuratereviews.com\/it\/#website","url":"https:\/\/www.accuratereviews.com\/it\/","name":"Accurate Reviews","description":"","potentialAction":[{"@type":"SearchAction","target":{"@type":"EntryPoint","urlTemplate":"https:\/\/www.accuratereviews.com\/it\/?s={search_term_string}"},"query-input":{"@type":"PropertyValueSpecification","valueRequired":true,"valueName":"search_term_string"}}],"inLanguage":"it-IT"}]}},"_links":{"self":[{"href":"https:\/\/www.accuratereviews.com\/it\/wp-json\/wp\/v2\/pages\/23782","targetHints":{"allow":["GET"]}}],"collection":[{"href":"https:\/\/www.accuratereviews.com\/it\/wp-json\/wp\/v2\/pages"}],"about":[{"href":"https:\/\/www.accuratereviews.com\/it\/wp-json\/wp\/v2\/types\/page"}],"author":[{"embeddable":true,"href":"https:\/\/www.accuratereviews.com\/it\/wp-json\/wp\/v2\/users\/19"}],"replies":[{"embeddable":true,"href":"https:\/\/www.accuratereviews.com\/it\/wp-json\/wp\/v2\/comments?post=23782"}],"version-history":[{"count":7,"href":"https:\/\/www.accuratereviews.com\/it\/wp-json\/wp\/v2\/pages\/23782\/revisions"}],"predecessor-version":[{"id":36863,"href":"https:\/\/www.accuratereviews.com\/it\/wp-json\/wp\/v2\/pages\/23782\/revisions\/36863"}],"up":[{"embeddable":true,"href":"https:\/\/www.accuratereviews.com\/it\/wp-json\/wp\/v2\/pages\/35837"}],"wp:featuredmedia":[{"embeddable":true,"href":"https:\/\/www.accuratereviews.com\/it\/wp-json\/wp\/v2\/media\/23786"}],"wp:attachment":[{"href":"https:\/\/www.accuratereviews.com\/it\/wp-json\/wp\/v2\/media?parent=23782"}],"wp:term":[{"taxonomy":"category","embeddable":true,"href":"https:\/\/www.accuratereviews.com\/it\/wp-json\/wp\/v2\/categories?post=23782"},{"taxonomy":"post_tag","embeddable":true,"href":"https:\/\/www.accuratereviews.com\/it\/wp-json\/wp\/v2\/tags?post=23782"},{"taxonomy":"features","embeddable":true,"href":"https:\/\/www.accuratereviews.com\/it\/wp-json\/wp\/v2\/features?post=23782"}],"curies":[{"name":"wp","href":"https:\/\/api.w.org\/{rel}","templated":true}]}}