{"id":23805,"date":"2020-02-28T12:36:02","date_gmt":"2020-02-28T12:36:02","guid":{"rendered":"https:\/\/www.accuratereviews.com\/?page_id=23805"},"modified":"2021-02-05T09:25:07","modified_gmt":"2021-02-05T09:25:07","slug":"growthzone-recensione","status":"publish","type":"page","link":"https:\/\/www.accuratereviews.com\/it\/gestionale-per-associazioni\/growthzone-recensione\/","title":{"rendered":"GrowthZone"},"content":{"rendered":"<p><strong>GrowthZone<\/strong> \u00e8 un <strong>software di gestione delle associazioni<\/strong> completo che consente alle aziende di risparmiare molto tempo e le aiuta a fare di pi\u00f9 attraverso una migliore gestione dei contatti, della comunicazione e degli eventi. Viene fornito con la gestione della canalizzazione di vendita integrata che aiuta le aziende a guidare la crescita con una gestione delle associazioni pi\u00f9 efficiente. La soluzione basata su cloud non richiede all&#8217;utente di installare nulla o investire in hardware costoso ed \u00e8 accessibile da qualsiasi luogo, in qualsiasi momento. I moduli online per i membri nuovi ed esistenti possono essere facilmente integrati con i siti web e sincronizzati con i calendari degli eventi e le directory online. Il modulo di gestione dei contatti consente agli utenti di visualizzare e gestire tutti i membri e fornisce un comodo accesso a tutte le informazioni come fatturazione e comunicazioni. Le app mobili per il personale consentono loro di scansionare biglietti da visita, visualizzare note, caricare i dati di contatto, registrare e fare il check-in dei partecipanti a eventi, elaborare pagamenti e altro.<\/p>\n<h2>GROWTHZONE &#8211; TUTORIAL<\/h2>\n<p>Vediamo il tutorial per capire come collegare questo <strong>software gestionale per associazioni<\/strong> con Google Analytics:<\/p>\n<div id=\"fluid-wrapper-counter-1\" class=\"g1-fluid-wrapper \" style=\"width:686px;\">\n<div style=\"padding-bottom:56.268221574344%;\"><iframe loading=\"lazy\" title=\"Getting Started with Google Analytics\" width=\"686\" height=\"386\" src=\"https:\/\/www.youtube.com\/embed\/pLCA5cCbwT0?feature=oembed&amp;wmode=transparent&amp;autohide=1&amp;autoplay=0&amp;disablekb=0&amp;fs=1&amp;loop=0&amp;enablejsapi=1&amp;rel=0&amp;controls=2&amp;showinfo=0&amp;wmode=transparent&amp;autohide=2&amp;autoplay=0&amp;disablekb=0&amp;fs=1&amp;loop=0&amp;enablejsapi=1&amp;rel=0&amp;controls=2&amp;showinfo=1\" frameborder=\"0\" allow=\"accelerometer; autoplay; clipboard-write; encrypted-media; gyroscope; picture-in-picture\" allowfullscreen><\/iframe><\/div>\n<\/div>\n<h3>GROWTHZONE &#8211; CARATTERISTICHE<\/h3>\n<ul>\n<li><strong>Contatti<\/strong>: visualizza e gestisci facilmente tutti i membri, le persone e le organizzazioni nel tuo database, inclusi i dati di fatturazione, le comunicazioni e altro ancora<\/li>\n<li><strong>App mobili per il personale<\/strong>: accedi alla soluzione in ogni luogo; scansiona i biglietti da visita per caricare i dati di contatto, visualizzare le note, registrarti e controllare i partecipanti agli eventi ed elaborare i pagamenti degli eventi, tutto dal tuo dispositivo mobile. C&#8217;\u00e8 anche un&#8217;app per i tuoi membri.<strong>Eventi:<\/strong> crea eventi e gestisci il calendario di eventi<\/li>\n<li><strong>Comunicazione<\/strong>: scrivere, pianificare, inviare e tracciare le email in modo efficiente<\/li>\n<li><strong>Comitati<\/strong>: raggruppa comodamente i tuoi contatti in elenchi o comitati per e-mail di massa<\/li>\n<li><strong>Fatturazione<\/strong>: elaborare pagamenti una tantum e ricorrenti con pagamenti integrati ed elaborazione delle carte di credito<\/li>\n<\/ul>\n<h4>LE RECENSIONI DEGLI UTENTI<\/h4>\n<h4>Jody B: &#8220;Tante funzioni straordinarie, un servizio clienti facile da usare e eccezionale!&#8221;<\/h4>\n<p><strong>Commenti: <\/strong>GrowthZone ci ha permesso di automatizzare la nostra fatturazione e quindi di esportare tutti i dati finanziari in Quick Books. Fornisce un&#8217;area membri molto bella con un forum utenti. Fa anche un ottimo lavoro con l&#8217;organizzazione e l&#8217;esecuzione dei nostri eventi.<\/p>\n<p><strong>Vantaggi: <\/strong>Che fornisce tutti gli strumenti di cui abbiamo bisogno su base giornaliera e tuttavia \u00e8 molto facile da usare.<\/p>\n<p><strong>Inconvenienti: <\/strong>Onestamente, non ho una brutta cosa da dire a questo punto.<\/p>\n<h4 class=\"font-weight-bold my-1 d-flex align-items-center\">Emily H.&#8221;Ottimo software di gestione per organizzazioni basate sui membri&#8221;<\/h4>\n<p><strong>Commenti: <\/strong>Le loro sessioni di formazione online sono molto utili e la wiki contiene informazioni utili e dettagliate per quando voglio una risposta rapida senza chiamare. L&#8217;onboarding di nuovi dipendenti \u00e8 stato semplicissimo con le risorse fornite da GrowthZone.<\/p>\n<p><strong>Vantaggi: <\/strong>Posizione centrale dei dati e collegamenti a transazioni \/ registrazioni finanziarie. Mi piace l&#8217;interfaccia con e-mail come Constant Contact e Outlook e mi piacciono gli elementi di piattaforma intuitivi per mantenere le iscrizioni e visualizzarle online.<\/p>\n<p><strong>Inconvenienti: <\/strong>I modelli sono molto difficili da usare se si desidera modificarli e ci sono molte funzionalit\u00e0 che non sono personalizzabili. Vorrei che ci fossero pi\u00f9 integrazioni con Google e siti web aziendali non forniti \/ ospitati da GrowthZone.<\/p>\n<h4 class=\"font-weight-bold my-1 d-flex align-items-center\">Luanne N.&#8221;Esattamente ci\u00f2 di cui hanno bisogno le associazioni e le camere&#8221;<\/h4>\n<p><strong>Commenti: <\/strong>Eccellente!<\/p>\n<p><strong>Vantaggi: <\/strong>Ho usato questo software per 15 anni e l&#8217;ho trovato fondamentale per il funzionamento della nostra camera. Siamo stati tra i primi ad adottare il numero 95 che si \u00e8 iscritto. (una camera precedente). Apprezzo le continue modifiche e gli aggiornamenti che hanno reso disponibili a tutti perch\u00e9 altre associazioni hanno richiesto ulteriori funzionalit\u00e0. Il loro servizio clienti \u00e8 rapido e completo e rispondono via telefono o e-mail. Lo consiglierei a qualsiasi camera o associazione simile che debba tenere traccia dei propri membri ed eventi con connettivit\u00e0.<\/p>\n<p><strong>Inconvenienti: <\/strong>Niente: \u00e8 un software potente che usiamo tutto il giorno, tutti i giorni<\/p>\n","protected":false},"excerpt":{"rendered":"<p>GrowthZone \u00e8 un software di gestione delle associazioni completo che consente alle aziende di risparmiare molto tempo che viene solitamente impiegato nella gestione delle attivit\u00e0 operative quotidiane e le aiuta a fare di pi\u00f9 attraverso una migliore gestione dei contatti, della comunicazione e degli eventi.<\/p>\n","protected":false},"author":19,"featured_media":23806,"parent":35837,"menu_order":0,"comment_status":"open","ping_status":"closed","template":"g1_template_page_review_new.php","meta":{"_acf_changed":false,"cwp_meta_box_check":"Yes","cwp_rev_product_name":"","cwp_rev_product_image":"","wppr_links":[],"cwp_rev_price":"","wppr_options":[],"wppr_pros":[],"wppr_cons":[],"_monsterinsights_skip_tracking":false,"_monsterinsights_sitenote_active":false,"_monsterinsights_sitenote_note":"","_monsterinsights_sitenote_category":0,"footnotes":""},"categories":[1943],"tags":[2079,1944,396,2080,2008,1947,1948],"features":[],"class_list":{"0":"post-23805","1":"page","2":"type-page","3":"status-publish","4":"has-post-thumbnail","6":"category-gestionale-per-associazioni-categoria","7":"tag-applicazione-mobile","8":"tag-association-management-software","9":"tag-cloud","10":"tag-growthzone","11":"tag-piattaforma-gestionale-associazioni","12":"tag-software-gestionale-associazioni","13":"tag-soluzione-gestionale-associazioni"},"wppr_data":{"cwp_meta_box_check":"Yes","cwp_rev_product_name":"","cwp_rev_product_image":"","cwp_image_link":"image","cwp_rev_price":"","wppr_rating":"0.00"},"acf":[],"yoast_head":"<!-- This site is optimized with the Yoast SEO plugin v27.4 - https:\/\/yoast.com\/product\/yoast-seo-wordpress\/ -->\n<title>GrowthZone: recensione gestionale per associazioni - Accurate Reviews<\/title>\n<meta name=\"description\" content=\"GrowthZone: recensione software di gestione delle associazioni completo che consente alle aziende di risparmiare tempo che viene impiegato nell&#039; attivit\u00e0.\" \/>\n<meta name=\"robots\" content=\"index, follow, max-snippet:-1, max-image-preview:large, max-video-preview:-1\" \/>\n<link rel=\"canonical\" href=\"https:\/\/www.accuratereviews.com\/it\/gestionale-per-associazioni\/growthzone-recensione\/\" \/>\n<meta property=\"og:locale\" content=\"it_IT\" \/>\n<meta property=\"og:type\" content=\"article\" \/>\n<meta property=\"og:title\" content=\"GrowthZone: recensione gestionale per associazioni - Accurate Reviews\" \/>\n<meta property=\"og:description\" content=\"GrowthZone: recensione software di gestione delle associazioni completo che consente alle aziende di risparmiare tempo che viene impiegato nell&#039; attivit\u00e0.\" \/>\n<meta property=\"og:url\" content=\"https:\/\/www.accuratereviews.com\/it\/gestionale-per-associazioni\/growthzone-recensione\/\" \/>\n<meta property=\"og:site_name\" content=\"Accurate Reviews\" \/>\n<meta property=\"article:modified_time\" content=\"2021-02-05T09:25:07+00:00\" \/>\n<meta property=\"og:image\" content=\"https:\/\/www.accuratereviews.com\/wp-content\/uploads\/2020\/02\/growthzone.png\" \/>\n\t<meta property=\"og:image:width\" content=\"900\" \/>\n\t<meta property=\"og:image:height\" content=\"500\" \/>\n\t<meta property=\"og:image:type\" content=\"image\/png\" \/>\n<meta name=\"twitter:card\" content=\"summary_large_image\" \/>\n<meta name=\"twitter:label1\" content=\"Tempo di lettura stimato\" \/>\n\t<meta name=\"twitter:data1\" content=\"3 minuti\" \/>\n<script type=\"application\/ld+json\" class=\"yoast-schema-graph\">{\"@context\":\"https:\\\/\\\/schema.org\",\"@graph\":[{\"@type\":\"WebPage\",\"@id\":\"https:\\\/\\\/www.accuratereviews.com\\\/it\\\/gestionale-per-associazioni\\\/growthzone-recensione\\\/\",\"url\":\"https:\\\/\\\/www.accuratereviews.com\\\/it\\\/gestionale-per-associazioni\\\/growthzone-recensione\\\/\",\"name\":\"GrowthZone: recensione gestionale per associazioni - Accurate Reviews\",\"isPartOf\":{\"@id\":\"https:\\\/\\\/www.accuratereviews.com\\\/it\\\/#website\"},\"primaryImageOfPage\":{\"@id\":\"https:\\\/\\\/www.accuratereviews.com\\\/it\\\/gestionale-per-associazioni\\\/growthzone-recensione\\\/#primaryimage\"},\"image\":{\"@id\":\"https:\\\/\\\/www.accuratereviews.com\\\/it\\\/gestionale-per-associazioni\\\/growthzone-recensione\\\/#primaryimage\"},\"thumbnailUrl\":\"https:\\\/\\\/www.accuratereviews.com\\\/wp-content\\\/uploads\\\/2020\\\/02\\\/growthzone.png\",\"datePublished\":\"2020-02-28T12:36:02+00:00\",\"dateModified\":\"2021-02-05T09:25:07+00:00\",\"description\":\"GrowthZone: recensione software di gestione delle associazioni completo che consente alle aziende di risparmiare tempo che viene impiegato nell' attivit\u00e0.\",\"breadcrumb\":{\"@id\":\"https:\\\/\\\/www.accuratereviews.com\\\/it\\\/gestionale-per-associazioni\\\/growthzone-recensione\\\/#breadcrumb\"},\"inLanguage\":\"it-IT\",\"potentialAction\":[{\"@type\":\"ReadAction\",\"target\":[\"https:\\\/\\\/www.accuratereviews.com\\\/it\\\/gestionale-per-associazioni\\\/growthzone-recensione\\\/\"]}]},{\"@type\":\"ImageObject\",\"inLanguage\":\"it-IT\",\"@id\":\"https:\\\/\\\/www.accuratereviews.com\\\/it\\\/gestionale-per-associazioni\\\/growthzone-recensione\\\/#primaryimage\",\"url\":\"https:\\\/\\\/www.accuratereviews.com\\\/wp-content\\\/uploads\\\/2020\\\/02\\\/growthzone.png\",\"contentUrl\":\"https:\\\/\\\/www.accuratereviews.com\\\/wp-content\\\/uploads\\\/2020\\\/02\\\/growthzone.png\",\"width\":900,\"height\":500},{\"@type\":\"BreadcrumbList\",\"@id\":\"https:\\\/\\\/www.accuratereviews.com\\\/it\\\/gestionale-per-associazioni\\\/growthzone-recensione\\\/#breadcrumb\",\"itemListElement\":[{\"@type\":\"ListItem\",\"position\":1,\"name\":\"Home\",\"item\":\"https:\\\/\\\/www.accuratereviews.com\\\/it\\\/\"},{\"@type\":\"ListItem\",\"position\":2,\"name\":\"Gestionale per associazioni\",\"item\":\"https:\\\/\\\/www.accuratereviews.com\\\/it\\\/gestionale-per-associazioni\\\/\"},{\"@type\":\"ListItem\",\"position\":3,\"name\":\"GrowthZone\"}]},{\"@type\":\"WebSite\",\"@id\":\"https:\\\/\\\/www.accuratereviews.com\\\/it\\\/#website\",\"url\":\"https:\\\/\\\/www.accuratereviews.com\\\/it\\\/\",\"name\":\"Accurate Reviews\",\"description\":\"\",\"potentialAction\":[{\"@type\":\"SearchAction\",\"target\":{\"@type\":\"EntryPoint\",\"urlTemplate\":\"https:\\\/\\\/www.accuratereviews.com\\\/it\\\/?s={search_term_string}\"},\"query-input\":{\"@type\":\"PropertyValueSpecification\",\"valueRequired\":true,\"valueName\":\"search_term_string\"}}],\"inLanguage\":\"it-IT\"}]}<\/script>\n<!-- \/ Yoast SEO plugin. -->","yoast_head_json":{"title":"GrowthZone: recensione gestionale per associazioni - Accurate Reviews","description":"GrowthZone: recensione software di gestione delle associazioni completo che consente alle aziende di risparmiare tempo che viene impiegato nell' attivit\u00e0.","robots":{"index":"index","follow":"follow","max-snippet":"max-snippet:-1","max-image-preview":"max-image-preview:large","max-video-preview":"max-video-preview:-1"},"canonical":"https:\/\/www.accuratereviews.com\/it\/gestionale-per-associazioni\/growthzone-recensione\/","og_locale":"it_IT","og_type":"article","og_title":"GrowthZone: recensione gestionale per associazioni - Accurate Reviews","og_description":"GrowthZone: recensione software di gestione delle associazioni completo che consente alle aziende di risparmiare tempo che viene impiegato nell' attivit\u00e0.","og_url":"https:\/\/www.accuratereviews.com\/it\/gestionale-per-associazioni\/growthzone-recensione\/","og_site_name":"Accurate Reviews","article_modified_time":"2021-02-05T09:25:07+00:00","og_image":[{"width":900,"height":500,"url":"https:\/\/www.accuratereviews.com\/wp-content\/uploads\/2020\/02\/growthzone.png","type":"image\/png"}],"twitter_card":"summary_large_image","twitter_misc":{"Tempo di lettura stimato":"3 minuti"},"schema":{"@context":"https:\/\/schema.org","@graph":[{"@type":"WebPage","@id":"https:\/\/www.accuratereviews.com\/it\/gestionale-per-associazioni\/growthzone-recensione\/","url":"https:\/\/www.accuratereviews.com\/it\/gestionale-per-associazioni\/growthzone-recensione\/","name":"GrowthZone: recensione gestionale per associazioni - Accurate Reviews","isPartOf":{"@id":"https:\/\/www.accuratereviews.com\/it\/#website"},"primaryImageOfPage":{"@id":"https:\/\/www.accuratereviews.com\/it\/gestionale-per-associazioni\/growthzone-recensione\/#primaryimage"},"image":{"@id":"https:\/\/www.accuratereviews.com\/it\/gestionale-per-associazioni\/growthzone-recensione\/#primaryimage"},"thumbnailUrl":"https:\/\/www.accuratereviews.com\/wp-content\/uploads\/2020\/02\/growthzone.png","datePublished":"2020-02-28T12:36:02+00:00","dateModified":"2021-02-05T09:25:07+00:00","description":"GrowthZone: recensione software di gestione delle associazioni completo che consente alle aziende di risparmiare tempo che viene impiegato nell' attivit\u00e0.","breadcrumb":{"@id":"https:\/\/www.accuratereviews.com\/it\/gestionale-per-associazioni\/growthzone-recensione\/#breadcrumb"},"inLanguage":"it-IT","potentialAction":[{"@type":"ReadAction","target":["https:\/\/www.accuratereviews.com\/it\/gestionale-per-associazioni\/growthzone-recensione\/"]}]},{"@type":"ImageObject","inLanguage":"it-IT","@id":"https:\/\/www.accuratereviews.com\/it\/gestionale-per-associazioni\/growthzone-recensione\/#primaryimage","url":"https:\/\/www.accuratereviews.com\/wp-content\/uploads\/2020\/02\/growthzone.png","contentUrl":"https:\/\/www.accuratereviews.com\/wp-content\/uploads\/2020\/02\/growthzone.png","width":900,"height":500},{"@type":"BreadcrumbList","@id":"https:\/\/www.accuratereviews.com\/it\/gestionale-per-associazioni\/growthzone-recensione\/#breadcrumb","itemListElement":[{"@type":"ListItem","position":1,"name":"Home","item":"https:\/\/www.accuratereviews.com\/it\/"},{"@type":"ListItem","position":2,"name":"Gestionale per associazioni","item":"https:\/\/www.accuratereviews.com\/it\/gestionale-per-associazioni\/"},{"@type":"ListItem","position":3,"name":"GrowthZone"}]},{"@type":"WebSite","@id":"https:\/\/www.accuratereviews.com\/it\/#website","url":"https:\/\/www.accuratereviews.com\/it\/","name":"Accurate Reviews","description":"","potentialAction":[{"@type":"SearchAction","target":{"@type":"EntryPoint","urlTemplate":"https:\/\/www.accuratereviews.com\/it\/?s={search_term_string}"},"query-input":{"@type":"PropertyValueSpecification","valueRequired":true,"valueName":"search_term_string"}}],"inLanguage":"it-IT"}]}},"_links":{"self":[{"href":"https:\/\/www.accuratereviews.com\/it\/wp-json\/wp\/v2\/pages\/23805","targetHints":{"allow":["GET"]}}],"collection":[{"href":"https:\/\/www.accuratereviews.com\/it\/wp-json\/wp\/v2\/pages"}],"about":[{"href":"https:\/\/www.accuratereviews.com\/it\/wp-json\/wp\/v2\/types\/page"}],"author":[{"embeddable":true,"href":"https:\/\/www.accuratereviews.com\/it\/wp-json\/wp\/v2\/users\/19"}],"replies":[{"embeddable":true,"href":"https:\/\/www.accuratereviews.com\/it\/wp-json\/wp\/v2\/comments?post=23805"}],"version-history":[{"count":7,"href":"https:\/\/www.accuratereviews.com\/it\/wp-json\/wp\/v2\/pages\/23805\/revisions"}],"predecessor-version":[{"id":36837,"href":"https:\/\/www.accuratereviews.com\/it\/wp-json\/wp\/v2\/pages\/23805\/revisions\/36837"}],"up":[{"embeddable":true,"href":"https:\/\/www.accuratereviews.com\/it\/wp-json\/wp\/v2\/pages\/35837"}],"wp:featuredmedia":[{"embeddable":true,"href":"https:\/\/www.accuratereviews.com\/it\/wp-json\/wp\/v2\/media\/23806"}],"wp:attachment":[{"href":"https:\/\/www.accuratereviews.com\/it\/wp-json\/wp\/v2\/media?parent=23805"}],"wp:term":[{"taxonomy":"category","embeddable":true,"href":"https:\/\/www.accuratereviews.com\/it\/wp-json\/wp\/v2\/categories?post=23805"},{"taxonomy":"post_tag","embeddable":true,"href":"https:\/\/www.accuratereviews.com\/it\/wp-json\/wp\/v2\/tags?post=23805"},{"taxonomy":"features","embeddable":true,"href":"https:\/\/www.accuratereviews.com\/it\/wp-json\/wp\/v2\/features?post=23805"}],"curies":[{"name":"wp","href":"https:\/\/api.w.org\/{rel}","templated":true}]}}